{"id":8830,"date":"2022-10-23T08:18:14","date_gmt":"2022-10-23T12:18:14","guid":{"rendered":"https:\/\/maison4tiers.com\/?post_type=product&#038;p=8830"},"modified":"2024-04-04T13:09:16","modified_gmt":"2024-04-04T17:09:16","slug":"dounia-et-la-princesse-dalep","status":"publish","type":"product","link":"https:\/\/maison4tiers.com\/maisonnette\/product\/dounia-et-la-princesse-dalep\/","title":{"rendered":"DOUNIA et la princesse d&rsquo;Alep"},"excerpt":{"rendered":"<h4><strong>MAINTENANT DISPONIBLE EN VID\u00c9O SUR DEMANDE!<\/strong><\/h4>\n<p>Dounia a six ans lorsqu\u2019elle quitte Alep avec ses grands-parents et quelques graines de nigelle au fond des poches. Avec l\u2019aide de la princesse d\u2019Alep, Dounia fait un voyage marquant vers un tout nouveau monde\u2026 Le chemin est sem\u00e9 d\u2019obstacles, mais Dounia trouvera courage et optimisme dans l\u2019amour de sa famille, les recettes de sa grand-m\u00e8re et les clins d\u2019\u0153il de la princesse\u2009!<\/p>\n<blockquote><p>&nbsp;<\/p>\n<p><em>\u00ab <span style=\"font-weight: 400;\">Brillant de tendresse et de cr\u00e9ativit\u00e9, Dounia et la princesse d\u2019Alep vit et fait vivre l\u2019espoir avec douceur. <\/span>\u00bb<\/em><br \/>\n<a href=\"https:\/\/www.avoir-alire.com\/dounia-et-la-princesse-d-alep-marya-zarif-andre-kadi-critique\" target=\"_blank\" rel=\"noopener\">\u2605\u2605\u2605\u2605<strong> \u2013 \u00c0 VOIR \u00c0 LIRE<\/strong><\/a><\/p>\n<p><em>\u00ab <span style=\"font-weight: 400;\">Un r\u00e9cit po\u00e9tique et malgr\u00e9 le s\u00e9rieux du sujet, trait\u00e9 avec humour et optimisme. Les dessins sont magnifiques et le personnage de Dounia, petite-fille craquante et touchante, est particuli\u00e8rement r\u00e9ussi. <\/span>\u00bb<\/em><br \/>\n<a href=\"https:\/\/www.avoir-alire.com\/dounia-et-la-princesse-d-alep-marya-zarif-andre-kadi-critique\" target=\"_blank\" rel=\"noopener\">\u2605\u2605\u2605\u2605<strong> \u2013 LE PARISIEN<\/strong><\/a><\/p>\n<p><em>\u00ab <span style=\"font-weight: 400;\">Un film d\u2019animation sensible et \u00e9mouvant sur le destin d\u2019une petite migrante syrienne.<\/span><span style=\"font-weight: 400;\">\u00a0<\/span>\u00bb<\/em><br \/>\n<a href=\"https:\/\/ici.radio-canada.ca\/tele\/cinema\/blogue\/1974446\/guerre-enfance-syrie-migration-poesie\" target=\"_blank\" rel=\"noopener\"><strong>\u2013 RADIO-CANADA<\/strong><\/a><\/p>\n<p><em>\u00ab U<span style=\"font-weight: 400;\">n film lumineux et po\u00e9tique, qui parle de r\u00e9silience, de solidarit\u00e9 et de l\u2019importance de nos racines.<\/span>\u00bb<br \/>\n<\/em><a href=\"https:\/\/www.journaldemontreal.com\/2023\/04\/27\/dounia-et-la-princesse-dalep-superbe-conte-sur-la-guerre-et-lexil\" target=\"_blank\" rel=\"noopener\"><strong>\u00a0\u2013 LE JOURNAL DE MONTR\u00c9AL<\/strong><\/a><\/p>\n<p><span style=\"text-decoration: underline;\"><a href=\"https:\/\/maison4tiers.com\/categorie-produit\/film\/animation\/\" target=\"_blank\" rel=\"noopener\">Voir les autres films d&rsquo;animation\u00a0<\/a><\/span><\/p><\/blockquote>\n<p>*Disponible au Canada seulement<\/p>\n<p>&nbsp;<\/p>\n","protected":false},"featured_media":8837,"template":"","meta":{"_acf_changed":false,"_eb_attr":""},"product_brand":[],"product_cat":[113,123,45,119,122,121,138,136,131,142],"product_tag":[515,388,524,525,274,517,518,429,527,513,514,222,206,328,482,282,520,519,516,189,523,522,484,521,526,368],"class_list":{"0":"post-8830","1":"product","2":"type-product","3":"status-publish","4":"has-post-thumbnail","6":"product_cat-animation","7":"product_cat-famille","8":"product_cat-film","9":"product_cat-quebecois","10":"product_cat-reflexion","11":"product_cat-societe","12":"product_cat-bluray","13":"product_cat-dvd","14":"product_cat-touslesfilms","15":"product_cat-numerique","16":"product_tag-alep","17":"product_tag-animation","18":"product_tag-bombardement","19":"product_tag-bombardements","20":"product_tag-canada","21":"product_tag-conte","22":"product_tag-cuisine","23":"product_tag-dessin","24":"product_tag-dessin-anime","25":"product_tag-dounia","26":"product_tag-dounia-et-la-princesse-dalep","27":"product_tag-enfant","28":"product_tag-enfants","29":"product_tag-famille","30":"product_tag-guerre","31":"product_tag-immigration","32":"product_tag-musique","33":"product_tag-nourriture","34":"product_tag-princesse","35":"product_tag-quebec","36":"product_tag-refugie","37":"product_tag-refugies","38":"product_tag-syrie","39":"product_tag-tradition","40":"product_tag-turquie","41":"product_tag-voyage","43":"first","44":"instock","45":"taxable","46":"shipping-taxable","47":"purchasable","48":"product-type-variable","49":"has-default-attributes"},"acf":[],"yoast_head":"<!-- This site is optimized with the Yoast SEO plugin v27.0 - https:\/\/yoast.com\/product\/yoast-seo-wordpress\/ -->\n<title>DOUNIA et la princesse d&#039;Alep - Maisonnette - Regardez le film d\u00e8s maintentant!<\/title>\n<meta name=\"description\" content=\"Dounia et la Princesse d&#039;Alep - Avec l\u2019aide de la princesse d\u2019Alep, Dounia fait un voyage marquant vers un tout nouveau monde\" \/>\n<meta name=\"robots\" content=\"noindex, follow, max-snippet:-1, max-image-preview:large, max-video-preview:-1\" \/>\n<meta property=\"og:locale\" content=\"fr_FR\" \/>\n<meta property=\"og:type\" content=\"article\" \/>\n<meta property=\"og:title\" content=\"Dounia et la princesse d&#039;Alep\" \/>\n<meta property=\"og:description\" content=\"Dounia a 6 ans, avec l\u2019aide de la princesse d\u2019Alep, Dounia fait le voyage vers un nouveau monde...\" \/>\n<meta property=\"og:url\" content=\"https:\/\/maison4tiers.com\/maisonnette\/product\/dounia-et-la-princesse-dalep\/\" \/>\n<meta property=\"og:site_name\" content=\"Maisonnette\" \/>\n<meta property=\"article:modified_time\" content=\"2024-04-04T17:09:16+00:00\" \/>\n<meta property=\"og:image\" content=\"https:\/\/maison4tiers.com\/maisonnette\/wp-content\/uploads\/sites\/77\/2022\/10\/Dounia_affiche_WEB_BIENTOT-scaled.jpg\" \/>\n\t<meta property=\"og:image:width\" content=\"1772\" \/>\n\t<meta property=\"og:image:height\" content=\"2560\" \/>\n\t<meta property=\"og:image:type\" content=\"image\/jpeg\" \/>\n<meta name=\"twitter:card\" content=\"summary_large_image\" \/>\n<meta name=\"twitter:title\" content=\"Dounia et la princesse d&#039;Alep\" \/>\n<meta name=\"twitter:description\" content=\"Dounia a 6 ans, avec l\u2019aide de la princesse d\u2019Alep, Dounia fait le voyage vers un nouveau monde...\" \/>\n<meta name=\"twitter:image\" content=\"https:\/\/maison4tiers.com\/maisonnette\/wp-content\/uploads\/sites\/77\/2022\/10\/Dounia_affiche_WEB_BIENTOT-scaled.jpg\" \/>\n<script type=\"application\/ld+json\" class=\"yoast-schema-graph\">{\"@context\":\"https:\/\/schema.org\",\"@graph\":[{\"@type\":\"WebPage\",\"@id\":\"https:\/\/maison4tiers.com\/maisonnette\/product\/dounia-et-la-princesse-dalep\/\",\"url\":\"https:\/\/maison4tiers.com\/maisonnette\/product\/dounia-et-la-princesse-dalep\/\",\"name\":\"DOUNIA et la princesse d'Alep - Maisonnette - Regardez le film d\u00e8s maintentant!\",\"isPartOf\":{\"@id\":\"https:\/\/maison4tiers.com\/maisonnette\/#website\"},\"primaryImageOfPage\":{\"@id\":\"https:\/\/maison4tiers.com\/maisonnette\/product\/dounia-et-la-princesse-dalep\/#primaryimage\"},\"image\":{\"@id\":\"https:\/\/maison4tiers.com\/maisonnette\/product\/dounia-et-la-princesse-dalep\/#primaryimage\"},\"thumbnailUrl\":\"https:\/\/maison4tiers.com\/maisonnette\/wp-content\/uploads\/sites\/77\/2022\/10\/Dounia_affiche_WEB_BIENTOT-scaled.jpg\",\"datePublished\":\"2022-10-23T12:18:14+00:00\",\"dateModified\":\"2024-04-04T17:09:16+00:00\",\"description\":\"Dounia et la Princesse d'Alep - Avec l\u2019aide de la princesse d\u2019Alep, Dounia fait un voyage marquant vers un tout nouveau monde\",\"breadcrumb\":{\"@id\":\"https:\/\/maison4tiers.com\/maisonnette\/product\/dounia-et-la-princesse-dalep\/#breadcrumb\"},\"inLanguage\":\"fr-FR\",\"potentialAction\":[{\"@type\":\"ReadAction\",\"target\":[\"https:\/\/maison4tiers.com\/maisonnette\/product\/dounia-et-la-princesse-dalep\/\"]}]},{\"@type\":\"ImageObject\",\"inLanguage\":\"fr-FR\",\"@id\":\"https:\/\/maison4tiers.com\/maisonnette\/product\/dounia-et-la-princesse-dalep\/#primaryimage\",\"url\":\"https:\/\/maison4tiers.com\/maisonnette\/wp-content\/uploads\/sites\/77\/2022\/10\/Dounia_affiche_WEB_BIENTOT-scaled.jpg\",\"contentUrl\":\"https:\/\/maison4tiers.com\/maisonnette\/wp-content\/uploads\/sites\/77\/2022\/10\/Dounia_affiche_WEB_BIENTOT-scaled.jpg\",\"width\":1772,\"height\":2560,\"caption\":\"Dounia\"},{\"@type\":\"BreadcrumbList\",\"@id\":\"https:\/\/maison4tiers.com\/maisonnette\/product\/dounia-et-la-princesse-dalep\/#breadcrumb\",\"itemListElement\":[{\"@type\":\"ListItem\",\"position\":1,\"name\":\"Home\",\"item\":\"https:\/\/maison4tiers.com\/maisonnette\/\"},{\"@type\":\"ListItem\",\"position\":2,\"name\":\"Films\",\"item\":\"https:\/\/maison4tiers.com\/maisonnette\/?page_id=35\"},{\"@type\":\"ListItem\",\"position\":3,\"name\":\"DOUNIA et la princesse d&#8217;Alep\"}]},{\"@type\":\"WebSite\",\"@id\":\"https:\/\/maison4tiers.com\/maisonnette\/#website\",\"url\":\"https:\/\/maison4tiers.com\/maisonnette\/\",\"name\":\"Maisonnette\",\"description\":\"Distribution multiplateforme de films qu\u00e9b\u00e9cois et internationaux\",\"publisher\":{\"@id\":\"https:\/\/maison4tiers.com\/maisonnette\/#organization\"},\"potentialAction\":[{\"@type\":\"SearchAction\",\"target\":{\"@type\":\"EntryPoint\",\"urlTemplate\":\"https:\/\/maison4tiers.com\/maisonnette\/?s={search_term_string}\"},\"query-input\":{\"@type\":\"PropertyValueSpecification\",\"valueRequired\":true,\"valueName\":\"search_term_string\"}}],\"inLanguage\":\"fr-FR\"},{\"@type\":\"Organization\",\"@id\":\"https:\/\/maison4tiers.com\/maisonnette\/#organization\",\"name\":\"Maisonnette\",\"url\":\"https:\/\/maison4tiers.com\/maisonnette\/\",\"logo\":{\"@type\":\"ImageObject\",\"inLanguage\":\"fr-FR\",\"@id\":\"https:\/\/maison4tiers.com\/maisonnette\/#\/schema\/logo\/image\/\",\"url\":\"https:\/\/maison4tiers.com\/maisonnette\/wp-content\/uploads\/sites\/77\/2020\/11\/favicon-196.png\",\"contentUrl\":\"https:\/\/maison4tiers.com\/maisonnette\/wp-content\/uploads\/sites\/77\/2020\/11\/favicon-196.png\",\"width\":196,\"height\":196,\"caption\":\"Maisonnette\"},\"image\":{\"@id\":\"https:\/\/maison4tiers.com\/maisonnette\/#\/schema\/logo\/image\/\"}}]}<\/script>\n<!-- \/ Yoast SEO plugin. -->","yoast_head_json":{"title":"DOUNIA et la princesse d'Alep - Maisonnette - Regardez le film d\u00e8s maintentant!","description":"Dounia et la Princesse d'Alep - Avec l\u2019aide de la princesse d\u2019Alep, Dounia fait un voyage marquant vers un tout nouveau monde","robots":{"index":"noindex","follow":"follow","max-snippet":"max-snippet:-1","max-image-preview":"max-image-preview:large","max-video-preview":"max-video-preview:-1"},"og_locale":"fr_FR","og_type":"article","og_title":"Dounia et la princesse d'Alep","og_description":"Dounia a 6 ans, avec l\u2019aide de la princesse d\u2019Alep, Dounia fait le voyage vers un nouveau monde...","og_url":"https:\/\/maison4tiers.com\/maisonnette\/product\/dounia-et-la-princesse-dalep\/","og_site_name":"Maisonnette","article_modified_time":"2024-04-04T17:09:16+00:00","og_image":[{"width":1772,"height":2560,"url":"https:\/\/maison4tiers.com\/maisonnette\/wp-content\/uploads\/sites\/77\/2022\/10\/Dounia_affiche_WEB_BIENTOT-scaled.jpg","type":"image\/jpeg"}],"twitter_card":"summary_large_image","twitter_title":"Dounia et la princesse d'Alep","twitter_description":"Dounia a 6 ans, avec l\u2019aide de la princesse d\u2019Alep, Dounia fait le voyage vers un nouveau monde...","twitter_image":"https:\/\/maison4tiers.com\/maisonnette\/wp-content\/uploads\/sites\/77\/2022\/10\/Dounia_affiche_WEB_BIENTOT-scaled.jpg","schema":{"@context":"https:\/\/schema.org","@graph":[{"@type":"WebPage","@id":"https:\/\/maison4tiers.com\/maisonnette\/product\/dounia-et-la-princesse-dalep\/","url":"https:\/\/maison4tiers.com\/maisonnette\/product\/dounia-et-la-princesse-dalep\/","name":"DOUNIA et la princesse d'Alep - Maisonnette - Regardez le film d\u00e8s maintentant!","isPartOf":{"@id":"https:\/\/maison4tiers.com\/maisonnette\/#website"},"primaryImageOfPage":{"@id":"https:\/\/maison4tiers.com\/maisonnette\/product\/dounia-et-la-princesse-dalep\/#primaryimage"},"image":{"@id":"https:\/\/maison4tiers.com\/maisonnette\/product\/dounia-et-la-princesse-dalep\/#primaryimage"},"thumbnailUrl":"https:\/\/maison4tiers.com\/maisonnette\/wp-content\/uploads\/sites\/77\/2022\/10\/Dounia_affiche_WEB_BIENTOT-scaled.jpg","datePublished":"2022-10-23T12:18:14+00:00","dateModified":"2024-04-04T17:09:16+00:00","description":"Dounia et la Princesse d'Alep - Avec l\u2019aide de la princesse d\u2019Alep, Dounia fait un voyage marquant vers un tout nouveau monde","breadcrumb":{"@id":"https:\/\/maison4tiers.com\/maisonnette\/product\/dounia-et-la-princesse-dalep\/#breadcrumb"},"inLanguage":"fr-FR","potentialAction":[{"@type":"ReadAction","target":["https:\/\/maison4tiers.com\/maisonnette\/product\/dounia-et-la-princesse-dalep\/"]}]},{"@type":"ImageObject","inLanguage":"fr-FR","@id":"https:\/\/maison4tiers.com\/maisonnette\/product\/dounia-et-la-princesse-dalep\/#primaryimage","url":"https:\/\/maison4tiers.com\/maisonnette\/wp-content\/uploads\/sites\/77\/2022\/10\/Dounia_affiche_WEB_BIENTOT-scaled.jpg","contentUrl":"https:\/\/maison4tiers.com\/maisonnette\/wp-content\/uploads\/sites\/77\/2022\/10\/Dounia_affiche_WEB_BIENTOT-scaled.jpg","width":1772,"height":2560,"caption":"Dounia"},{"@type":"BreadcrumbList","@id":"https:\/\/maison4tiers.com\/maisonnette\/product\/dounia-et-la-princesse-dalep\/#breadcrumb","itemListElement":[{"@type":"ListItem","position":1,"name":"Home","item":"https:\/\/maison4tiers.com\/maisonnette\/"},{"@type":"ListItem","position":2,"name":"Films","item":"https:\/\/maison4tiers.com\/maisonnette\/?page_id=35"},{"@type":"ListItem","position":3,"name":"DOUNIA et la princesse d&#8217;Alep"}]},{"@type":"WebSite","@id":"https:\/\/maison4tiers.com\/maisonnette\/#website","url":"https:\/\/maison4tiers.com\/maisonnette\/","name":"Maisonnette","description":"Distribution multiplateforme de films qu\u00e9b\u00e9cois et internationaux","publisher":{"@id":"https:\/\/maison4tiers.com\/maisonnette\/#organization"},"potentialAction":[{"@type":"SearchAction","target":{"@type":"EntryPoint","urlTemplate":"https:\/\/maison4tiers.com\/maisonnette\/?s={search_term_string}"},"query-input":{"@type":"PropertyValueSpecification","valueRequired":true,"valueName":"search_term_string"}}],"inLanguage":"fr-FR"},{"@type":"Organization","@id":"https:\/\/maison4tiers.com\/maisonnette\/#organization","name":"Maisonnette","url":"https:\/\/maison4tiers.com\/maisonnette\/","logo":{"@type":"ImageObject","inLanguage":"fr-FR","@id":"https:\/\/maison4tiers.com\/maisonnette\/#\/schema\/logo\/image\/","url":"https:\/\/maison4tiers.com\/maisonnette\/wp-content\/uploads\/sites\/77\/2020\/11\/favicon-196.png","contentUrl":"https:\/\/maison4tiers.com\/maisonnette\/wp-content\/uploads\/sites\/77\/2020\/11\/favicon-196.png","width":196,"height":196,"caption":"Maisonnette"},"image":{"@id":"https:\/\/maison4tiers.com\/maisonnette\/#\/schema\/logo\/image\/"}}]}},"jetpack_sharing_enabled":true,"_links":{"self":[{"href":"https:\/\/maison4tiers.com\/maisonnette\/wp-json\/wp\/v2\/product\/8830","targetHints":{"allow":["GET"]}}],"collection":[{"href":"https:\/\/maison4tiers.com\/maisonnette\/wp-json\/wp\/v2\/product"}],"about":[{"href":"https:\/\/maison4tiers.com\/maisonnette\/wp-json\/wp\/v2\/types\/product"}],"wp:featuredmedia":[{"embeddable":true,"href":"https:\/\/maison4tiers.com\/maisonnette\/wp-json\/wp\/v2\/media\/8837"}],"wp:attachment":[{"href":"https:\/\/maison4tiers.com\/maisonnette\/wp-json\/wp\/v2\/media?parent=8830"}],"wp:term":[{"taxonomy":"product_brand","embeddable":true,"href":"https:\/\/maison4tiers.com\/maisonnette\/wp-json\/wp\/v2\/product_brand?post=8830"},{"taxonomy":"product_cat","embeddable":true,"href":"https:\/\/maison4tiers.com\/maisonnette\/wp-json\/wp\/v2\/product_cat?post=8830"},{"taxonomy":"product_tag","embeddable":true,"href":"https:\/\/maison4tiers.com\/maisonnette\/wp-json\/wp\/v2\/product_tag?post=8830"}],"curies":[{"name":"wp","href":"https:\/\/api.w.org\/{rel}","templated":true}]}}