{"id":8394,"date":"2022-09-26T12:25:19","date_gmt":"2022-09-26T16:25:19","guid":{"rendered":"https:\/\/maison4tiers.com\/?post_type=product&#038;p=8394"},"modified":"2024-06-25T12:25:06","modified_gmt":"2024-06-25T16:25:06","slug":"tori-et-lokita","status":"publish","type":"product","link":"https:\/\/maison4tiers.com\/maisonnette\/product\/tori-et-lokita\/","title":{"rendered":"Tori et Lokita"},"excerpt":{"rendered":"<section id=\"synopsis-details\" class=\"section ovw ovw-synopsis\">\n<h4>PR\u00c9SENTEMENT DISPONIBLE EN VID\u00c9O SUR DEMANDE !<\/h4>\n<div class=\"content-txt \">Aujourd\u2019hui en Belgique, un jeune gar\u00e7on et une adolescente venus seuls d\u2019Afrique opposent leur invincible amiti\u00e9 aux difficiles conditions de leur exil.<\/div>\n<\/section>\n<div>\n<blockquote><p><span style=\"font-weight: 400;\">\u2605\u2605\u2605\u2605 \u00ab <\/span><span style=\"font-weight: 400;\">Un film d\u2019aventures riche en suspense pour lequel Luc et Jean-Pierre Dardenne ont, pour la premi\u00e8re fois, pris le risque de confier les deux r\u00f4les principaux \u00e0 de jeunes n\u00e9ophytes, les formidables Pablo Schils et Joely Mbundu. \u00bb <\/span><a href=\"https:\/\/www.20minutes.fr\/cinema\/4003320-20221004-tori-lokita-freres-dardenne-assument-risques-pris-jeunes-acteurs-debutants\" target=\"_blank\" rel=\"noopener\"><b>20 MINUTES\u00a0<\/b><\/a><\/p>\n<p><span style=\"font-weight: 400;\">\u2605\u2605\u2605\u2605\u2605 \u00ab <\/span><span style=\"font-weight: 400;\">Une fois de plus, les Dardenne touchent en plein c\u0153ur avec ce long-m\u00e9trage d\u2019une actualit\u00e9 br\u00fblante. \u00bb <\/span><a href=\"https:\/\/www.leparisien.fr\/culture-loisirs\/cinema\/sorties-cinema-du-5-octobre-tori-et-lokita-novembre-etre-prof-les-films-a-voir-04-10-2022-WOJX77NHXBGYHNWVH36EHC3V4I.php?ts=1664886997916\" target=\"_blank\" rel=\"noopener\"><b>L<\/b><b>E PARISIEN<\/b><\/a><\/p>\n<p><span style=\"font-weight: 400;\">\u2605\u2605\u2605\u2605\u2605 \u00ab <\/span><span style=\"font-weight: 400;\">Luc et Jean-Pierre Dardenne retracent le parcours de deux jeunes migrants en Belgique confront\u00e9s aux r\u00e9seaux de l&rsquo;\u00e9conomie souterraine. (&#8230;) Un film \u00e2pre et \u00e9mouvant qui s\u2019impose comme le sommet de leur filmographie. \u00bb <\/span><a href=\"https:\/\/www.lesechos.fr\/weekend\/cinema-series\/tori-et-lokita-le-nouveau-monument-des-dardenne-1866310\" target=\"_blank\" rel=\"noopener\"><b>LES ECHOS\u00a0<\/b><\/a><\/p>\n<p>&nbsp;<\/p><\/blockquote>\n<\/div>\n<div>\n<div class=\"woocommerce-product-details__short-description\">\n<p><a href=\"https:\/\/maison4tiers.com\/categorie-produit\/film\/drame\/\" target=\"_blank\" rel=\"noopener\"><strong>Voir les autres films dramatiques\u00a0<\/strong><\/a><\/p>\n<p><strong>*Disponible au Canada seulement<\/strong><\/p>\n<\/div>\n<\/div>\n","protected":false},"featured_media":8460,"template":"","meta":{"_acf_changed":false,"_eb_attr":""},"product_brand":[],"product_cat":[105,45,122,121,131,142],"product_tag":[284,287,285,276,281,271,283,282,280,279,286,278],"class_list":{"0":"post-8394","1":"product","2":"type-product","3":"status-publish","4":"has-post-thumbnail","6":"product_cat-drame","7":"product_cat-film","8":"product_cat-reflexion","9":"product_cat-societe","10":"product_cat-touslesfilms","11":"product_cat-numerique","12":"product_tag-citoyennete","13":"product_tag-claustrophobie","14":"product_tag-crime","15":"product_tag-drame","16":"product_tag-freres-dardenne","17":"product_tag-fuite","18":"product_tag-immigrants","19":"product_tag-immigration","20":"product_tag-jean-pierre-dardenne","21":"product_tag-luc-dardenne","22":"product_tag-survie","23":"product_tag-tori-et-lokita","25":"first","26":"instock","27":"taxable","28":"shipping-taxable","29":"purchasable","30":"product-type-variable","31":"has-default-attributes"},"acf":[],"yoast_head":"<!-- This site is optimized with the Yoast SEO plugin v27.0 - https:\/\/yoast.com\/product\/yoast-seo-wordpress\/ -->\n<title>Tori et Lokita - Maisonnette - Actuellement en Vid\u00e9o sur demande<\/title>\n<meta name=\"description\" content=\"Tori et Lokita Aujourd\u2019hui en Belgique, un jeune gar\u00e7on et une adolescente venus seuls d\u2019Afrique opposent leur invincible amiti\u00e9 aux difficiles conditions de leur exil.\" \/>\n<meta name=\"robots\" content=\"noindex, follow, max-snippet:-1, max-image-preview:large, max-video-preview:-1\" \/>\n<meta property=\"og:locale\" content=\"fr_FR\" \/>\n<meta property=\"og:type\" content=\"article\" \/>\n<meta property=\"og:title\" content=\"Tori et Lokita\" \/>\n<meta property=\"og:description\" content=\"Tori et Lokita Aujourd\u2019hui en Belgique, un jeune gar\u00e7on et une adolescente venus seuls d\u2019Afrique opposent leur invincible amiti\u00e9 aux difficiles conditions de leur exil.\" \/>\n<meta property=\"og:url\" content=\"https:\/\/maison4tiers.com\/maisonnette\/product\/tori-et-lokita\/\" \/>\n<meta property=\"og:site_name\" content=\"Maisonnette\" \/>\n<meta property=\"article:modified_time\" content=\"2024-06-25T16:25:06+00:00\" \/>\n<meta property=\"og:image\" content=\"https:\/\/maison4tiers.com\/maisonnette\/wp-content\/uploads\/sites\/77\/2022\/09\/ToriLokita_WEB_FR_LR-1-scaled.jpg\" \/>\n\t<meta property=\"og:image:width\" content=\"1772\" \/>\n\t<meta property=\"og:image:height\" content=\"2560\" \/>\n\t<meta property=\"og:image:type\" content=\"image\/jpeg\" \/>\n<meta name=\"twitter:card\" content=\"summary_large_image\" \/>\n<meta name=\"twitter:title\" content=\"Tori et Lokita\" \/>\n<meta name=\"twitter:description\" content=\"Tori et Lokita Aujourd\u2019hui en Belgique, un jeune gar\u00e7on et une adolescente venus seuls d\u2019Afrique opposent leur invincible amiti\u00e9 aux difficiles conditions de leur exil.\" \/>\n<meta name=\"twitter:image\" content=\"https:\/\/maison4tiers.com\/maisonnette\/wp-content\/uploads\/sites\/77\/2022\/09\/ToriLokita_WEB_FR_LR-1-scaled.jpg\" \/>\n<script type=\"application\/ld+json\" class=\"yoast-schema-graph\">{\"@context\":\"https:\/\/schema.org\",\"@graph\":[{\"@type\":\"WebPage\",\"@id\":\"https:\/\/maison4tiers.com\/maisonnette\/product\/tori-et-lokita\/\",\"url\":\"https:\/\/maison4tiers.com\/maisonnette\/product\/tori-et-lokita\/\",\"name\":\"Tori et Lokita - Maisonnette - Actuellement en Vid\u00e9o sur demande\",\"isPartOf\":{\"@id\":\"https:\/\/maison4tiers.com\/maisonnette\/#website\"},\"primaryImageOfPage\":{\"@id\":\"https:\/\/maison4tiers.com\/maisonnette\/product\/tori-et-lokita\/#primaryimage\"},\"image\":{\"@id\":\"https:\/\/maison4tiers.com\/maisonnette\/product\/tori-et-lokita\/#primaryimage\"},\"thumbnailUrl\":\"https:\/\/maison4tiers.com\/maisonnette\/wp-content\/uploads\/sites\/77\/2022\/09\/ToriLokita_WEB_FR_LR-1-scaled.jpg\",\"datePublished\":\"2022-09-26T16:25:19+00:00\",\"dateModified\":\"2024-06-25T16:25:06+00:00\",\"description\":\"Tori et Lokita Aujourd\u2019hui en Belgique, un jeune gar\u00e7on et une adolescente venus seuls d\u2019Afrique opposent leur invincible amiti\u00e9 aux difficiles conditions de leur exil.\",\"breadcrumb\":{\"@id\":\"https:\/\/maison4tiers.com\/maisonnette\/product\/tori-et-lokita\/#breadcrumb\"},\"inLanguage\":\"fr-FR\",\"potentialAction\":[{\"@type\":\"ReadAction\",\"target\":[\"https:\/\/maison4tiers.com\/maisonnette\/product\/tori-et-lokita\/\"]}]},{\"@type\":\"ImageObject\",\"inLanguage\":\"fr-FR\",\"@id\":\"https:\/\/maison4tiers.com\/maisonnette\/product\/tori-et-lokita\/#primaryimage\",\"url\":\"https:\/\/maison4tiers.com\/maisonnette\/wp-content\/uploads\/sites\/77\/2022\/09\/ToriLokita_WEB_FR_LR-1-scaled.jpg\",\"contentUrl\":\"https:\/\/maison4tiers.com\/maisonnette\/wp-content\/uploads\/sites\/77\/2022\/09\/ToriLokita_WEB_FR_LR-1-scaled.jpg\",\"width\":1772,\"height\":2560,\"caption\":\"Tori et Lokita\"},{\"@type\":\"BreadcrumbList\",\"@id\":\"https:\/\/maison4tiers.com\/maisonnette\/product\/tori-et-lokita\/#breadcrumb\",\"itemListElement\":[{\"@type\":\"ListItem\",\"position\":1,\"name\":\"Home\",\"item\":\"https:\/\/maison4tiers.com\/maisonnette\/\"},{\"@type\":\"ListItem\",\"position\":2,\"name\":\"Films\",\"item\":\"https:\/\/maison4tiers.com\/maisonnette\/?page_id=35\"},{\"@type\":\"ListItem\",\"position\":3,\"name\":\"Tori et Lokita\"}]},{\"@type\":\"WebSite\",\"@id\":\"https:\/\/maison4tiers.com\/maisonnette\/#website\",\"url\":\"https:\/\/maison4tiers.com\/maisonnette\/\",\"name\":\"Maisonnette\",\"description\":\"Distribution multiplateforme de films qu\u00e9b\u00e9cois et internationaux\",\"publisher\":{\"@id\":\"https:\/\/maison4tiers.com\/maisonnette\/#organization\"},\"potentialAction\":[{\"@type\":\"SearchAction\",\"target\":{\"@type\":\"EntryPoint\",\"urlTemplate\":\"https:\/\/maison4tiers.com\/maisonnette\/?s={search_term_string}\"},\"query-input\":{\"@type\":\"PropertyValueSpecification\",\"valueRequired\":true,\"valueName\":\"search_term_string\"}}],\"inLanguage\":\"fr-FR\"},{\"@type\":\"Organization\",\"@id\":\"https:\/\/maison4tiers.com\/maisonnette\/#organization\",\"name\":\"Maisonnette\",\"url\":\"https:\/\/maison4tiers.com\/maisonnette\/\",\"logo\":{\"@type\":\"ImageObject\",\"inLanguage\":\"fr-FR\",\"@id\":\"https:\/\/maison4tiers.com\/maisonnette\/#\/schema\/logo\/image\/\",\"url\":\"https:\/\/maison4tiers.com\/maisonnette\/wp-content\/uploads\/sites\/77\/2020\/11\/favicon-196.png\",\"contentUrl\":\"https:\/\/maison4tiers.com\/maisonnette\/wp-content\/uploads\/sites\/77\/2020\/11\/favicon-196.png\",\"width\":196,\"height\":196,\"caption\":\"Maisonnette\"},\"image\":{\"@id\":\"https:\/\/maison4tiers.com\/maisonnette\/#\/schema\/logo\/image\/\"}}]}<\/script>\n<!-- \/ Yoast SEO plugin. -->","yoast_head_json":{"title":"Tori et Lokita - Maisonnette - Actuellement en Vid\u00e9o sur demande","description":"Tori et Lokita Aujourd\u2019hui en Belgique, un jeune gar\u00e7on et une adolescente venus seuls d\u2019Afrique opposent leur invincible amiti\u00e9 aux difficiles conditions de leur exil.","robots":{"index":"noindex","follow":"follow","max-snippet":"max-snippet:-1","max-image-preview":"max-image-preview:large","max-video-preview":"max-video-preview:-1"},"og_locale":"fr_FR","og_type":"article","og_title":"Tori et Lokita","og_description":"Tori et Lokita Aujourd\u2019hui en Belgique, un jeune gar\u00e7on et une adolescente venus seuls d\u2019Afrique opposent leur invincible amiti\u00e9 aux difficiles conditions de leur exil.","og_url":"https:\/\/maison4tiers.com\/maisonnette\/product\/tori-et-lokita\/","og_site_name":"Maisonnette","article_modified_time":"2024-06-25T16:25:06+00:00","og_image":[{"width":1772,"height":2560,"url":"https:\/\/maison4tiers.com\/maisonnette\/wp-content\/uploads\/sites\/77\/2022\/09\/ToriLokita_WEB_FR_LR-1-scaled.jpg","type":"image\/jpeg"}],"twitter_card":"summary_large_image","twitter_title":"Tori et Lokita","twitter_description":"Tori et Lokita Aujourd\u2019hui en Belgique, un jeune gar\u00e7on et une adolescente venus seuls d\u2019Afrique opposent leur invincible amiti\u00e9 aux difficiles conditions de leur exil.","twitter_image":"https:\/\/maison4tiers.com\/maisonnette\/wp-content\/uploads\/sites\/77\/2022\/09\/ToriLokita_WEB_FR_LR-1-scaled.jpg","schema":{"@context":"https:\/\/schema.org","@graph":[{"@type":"WebPage","@id":"https:\/\/maison4tiers.com\/maisonnette\/product\/tori-et-lokita\/","url":"https:\/\/maison4tiers.com\/maisonnette\/product\/tori-et-lokita\/","name":"Tori et Lokita - Maisonnette - Actuellement en Vid\u00e9o sur demande","isPartOf":{"@id":"https:\/\/maison4tiers.com\/maisonnette\/#website"},"primaryImageOfPage":{"@id":"https:\/\/maison4tiers.com\/maisonnette\/product\/tori-et-lokita\/#primaryimage"},"image":{"@id":"https:\/\/maison4tiers.com\/maisonnette\/product\/tori-et-lokita\/#primaryimage"},"thumbnailUrl":"https:\/\/maison4tiers.com\/maisonnette\/wp-content\/uploads\/sites\/77\/2022\/09\/ToriLokita_WEB_FR_LR-1-scaled.jpg","datePublished":"2022-09-26T16:25:19+00:00","dateModified":"2024-06-25T16:25:06+00:00","description":"Tori et Lokita Aujourd\u2019hui en Belgique, un jeune gar\u00e7on et une adolescente venus seuls d\u2019Afrique opposent leur invincible amiti\u00e9 aux difficiles conditions de leur exil.","breadcrumb":{"@id":"https:\/\/maison4tiers.com\/maisonnette\/product\/tori-et-lokita\/#breadcrumb"},"inLanguage":"fr-FR","potentialAction":[{"@type":"ReadAction","target":["https:\/\/maison4tiers.com\/maisonnette\/product\/tori-et-lokita\/"]}]},{"@type":"ImageObject","inLanguage":"fr-FR","@id":"https:\/\/maison4tiers.com\/maisonnette\/product\/tori-et-lokita\/#primaryimage","url":"https:\/\/maison4tiers.com\/maisonnette\/wp-content\/uploads\/sites\/77\/2022\/09\/ToriLokita_WEB_FR_LR-1-scaled.jpg","contentUrl":"https:\/\/maison4tiers.com\/maisonnette\/wp-content\/uploads\/sites\/77\/2022\/09\/ToriLokita_WEB_FR_LR-1-scaled.jpg","width":1772,"height":2560,"caption":"Tori et Lokita"},{"@type":"BreadcrumbList","@id":"https:\/\/maison4tiers.com\/maisonnette\/product\/tori-et-lokita\/#breadcrumb","itemListElement":[{"@type":"ListItem","position":1,"name":"Home","item":"https:\/\/maison4tiers.com\/maisonnette\/"},{"@type":"ListItem","position":2,"name":"Films","item":"https:\/\/maison4tiers.com\/maisonnette\/?page_id=35"},{"@type":"ListItem","position":3,"name":"Tori et Lokita"}]},{"@type":"WebSite","@id":"https:\/\/maison4tiers.com\/maisonnette\/#website","url":"https:\/\/maison4tiers.com\/maisonnette\/","name":"Maisonnette","description":"Distribution multiplateforme de films qu\u00e9b\u00e9cois et internationaux","publisher":{"@id":"https:\/\/maison4tiers.com\/maisonnette\/#organization"},"potentialAction":[{"@type":"SearchAction","target":{"@type":"EntryPoint","urlTemplate":"https:\/\/maison4tiers.com\/maisonnette\/?s={search_term_string}"},"query-input":{"@type":"PropertyValueSpecification","valueRequired":true,"valueName":"search_term_string"}}],"inLanguage":"fr-FR"},{"@type":"Organization","@id":"https:\/\/maison4tiers.com\/maisonnette\/#organization","name":"Maisonnette","url":"https:\/\/maison4tiers.com\/maisonnette\/","logo":{"@type":"ImageObject","inLanguage":"fr-FR","@id":"https:\/\/maison4tiers.com\/maisonnette\/#\/schema\/logo\/image\/","url":"https:\/\/maison4tiers.com\/maisonnette\/wp-content\/uploads\/sites\/77\/2020\/11\/favicon-196.png","contentUrl":"https:\/\/maison4tiers.com\/maisonnette\/wp-content\/uploads\/sites\/77\/2020\/11\/favicon-196.png","width":196,"height":196,"caption":"Maisonnette"},"image":{"@id":"https:\/\/maison4tiers.com\/maisonnette\/#\/schema\/logo\/image\/"}}]}},"jetpack_sharing_enabled":true,"_links":{"self":[{"href":"https:\/\/maison4tiers.com\/maisonnette\/wp-json\/wp\/v2\/product\/8394","targetHints":{"allow":["GET"]}}],"collection":[{"href":"https:\/\/maison4tiers.com\/maisonnette\/wp-json\/wp\/v2\/product"}],"about":[{"href":"https:\/\/maison4tiers.com\/maisonnette\/wp-json\/wp\/v2\/types\/product"}],"wp:featuredmedia":[{"embeddable":true,"href":"https:\/\/maison4tiers.com\/maisonnette\/wp-json\/wp\/v2\/media\/8460"}],"wp:attachment":[{"href":"https:\/\/maison4tiers.com\/maisonnette\/wp-json\/wp\/v2\/media?parent=8394"}],"wp:term":[{"taxonomy":"product_brand","embeddable":true,"href":"https:\/\/maison4tiers.com\/maisonnette\/wp-json\/wp\/v2\/product_brand?post=8394"},{"taxonomy":"product_cat","embeddable":true,"href":"https:\/\/maison4tiers.com\/maisonnette\/wp-json\/wp\/v2\/product_cat?post=8394"},{"taxonomy":"product_tag","embeddable":true,"href":"https:\/\/maison4tiers.com\/maisonnette\/wp-json\/wp\/v2\/product_tag?post=8394"}],"curies":[{"name":"wp","href":"https:\/\/api.w.org\/{rel}","templated":true}]}}