{"id":8287,"date":"2022-08-31T12:31:24","date_gmt":"2022-08-31T16:31:24","guid":{"rendered":"https:\/\/maison4tiers.com\/?post_type=product&#038;p=8287"},"modified":"2024-09-20T10:30:21","modified_gmt":"2024-09-20T14:30:21","slug":"les-12-travaux-dimelda","status":"publish","type":"product","link":"https:\/\/maison4tiers.com\/maisonnette\/product\/les-12-travaux-dimelda\/","title":{"rendered":"Les 12 travaux d&rsquo;Imelda"},"excerpt":{"rendered":"<div class=\"page\" title=\"Page 1\">\n<div class=\"layoutArea\">\n<div class=\"column\">\n<h4><span style=\"text-decoration: underline;\"><strong>PR\u00c9SENTEMENT DISPONIBLE EN DVD ET VID\u00c9O SUR DEMANDE !<\/strong><\/span><\/h4>\n<p><span style=\"font-weight: 400;\">Imelda, un personnage plus grand que nature inspir\u00e9 de la grand-m\u00e8re du r\u00e9alisateur, habite \u00e0 Gentilly o\u00f9 elle s\u2019emploie \u00e0 faire \u00e0 sa t\u00eate et \u00e0 exercer un contr\u00f4le certain sur sa famille. Toutefois, cette veuve de notaire affirme ne pas \u00eatre en paix et avoir des choses \u00e0 r\u00e9gler avant de c\u00e9l\u00e9brer ses 100 ans. \u00c0 travers 12 tableaux marquant ses derni\u00e8res ann\u00e9es, Imelda affronte une s\u00e9rie d\u2019\u00e9preuves o\u00f9 elle explore les liens qui unissent une famille. Lorsque plus rien ne la retiendra et qu\u2019elle sera all\u00e9e au bout de sa vie, Imelda pourra-t-elle enfin partir en paix\u00a0?<\/span><\/p>\n<\/div>\n<\/div>\n<\/div>\n<blockquote><p><em>\u00ab <span style=\"font-weight: 400;\">Aussi \u00e9mouvant que d\u00e9capant ! <\/span>\u00bb<br \/>\n<\/em><strong>\u00a0\u2013 FESTIVAL DE CIN\u00c9MA DE LA VILLE DE QU\u00c9BEC<\/strong><\/p>\n<p><span style=\"font-weight: 400;\">\u00ab Une \u00e9tonnante com\u00e9die. \u00bb <\/span><a href=\"https:\/\/www.lapresse.ca\/cinema\/critiques\/2022-10-28\/les-12-travaux-d-imelda\/etonnante-comedie.php#:~:text=Les%2012%20travaux%20d'Imelda%20fait%20partie%20de%20cette%20cat%C3%A9gorie,derni%C3%A8res%20ann%C3%A9es%20de%20sa%20vie.\" target=\"_blank\" rel=\"noopener\"><b>LA PRESSE\u00a0<\/b><\/a><\/p>\n<p><span style=\"font-weight: 400;\">\u00ab Une charmante mosa\u00efque de personnages color\u00e9s et attachants. \u00bb <b><a href=\"https:\/\/www.ledevoir.com\/culture\/cinema\/768149\/cinema-les-12-travaux-d-imelda-les-souvenirs-de-la-famille-villeneuve\" target=\"_blank\" rel=\"noopener\">LE DEVOIR<\/a><\/b><\/span><\/p><\/blockquote>\n<p><span style=\"text-decoration: underline;\"><strong><a href=\"https:\/\/maison4tiers.com\/categorie-produit\/film\/quebecois\/\" target=\"_blank\" rel=\"noopener\">Voir les autres films qu\u00e9b\u00e9cois\u00a0<\/a><\/strong><\/span><\/p>\n<p>*Disponible au Canada seulement<\/p>\n","protected":false},"featured_media":8613,"template":"","meta":{"_acf_changed":false,"_eb_attr":""},"product_brand":[],"product_cat":[140,107,120,45,119,131,142],"product_tag":[292,297,204,291,289,288,290,294,189,295,293,246,296],"class_list":{"0":"post-8287","1":"product","2":"type-product","3":"status-publish","4":"has-post-thumbnail","6":"product_cat-cinema","7":"product_cat-comedie","8":"product_cat-fiction","9":"product_cat-film","10":"product_cat-quebecois","11":"product_cat-touslesfilms","12":"product_cat-numerique","13":"product_tag-antoine-bertrand","14":"product_tag-autofinance","15":"product_tag-comedie","16":"product_tag-ginette-reno","17":"product_tag-imelda","18":"product_tag-les-12-travaux-dimelda","19":"product_tag-martin-villeneuve","20":"product_tag-michel-barrette","21":"product_tag-quebec","22":"product_tag-quebecois","23":"product_tag-robert-lepage","24":"product_tag-vieillesse","25":"product_tag-vieillir","27":"first","28":"instock","29":"featured","30":"taxable","31":"shipping-taxable","32":"purchasable","33":"product-type-variable","34":"has-default-attributes"},"acf":[],"yoast_head":"<!-- This site is optimized with the Yoast SEO plugin v27.0 - https:\/\/yoast.com\/product\/yoast-seo-wordpress\/ -->\n<title>Les 12 travaux d&#039;Imelda - Maisonnette - VOIR MAINTENANT !<\/title>\n<meta name=\"description\" content=\"Les 12 travaux d&#039;Imelda, personnage plus grand que nature inspir\u00e9 de la grand-m\u00e8re du r\u00e9alisateur, ira jusqu\u2019au bout de sa vie en relevant les d\u00e9fis fous.\" \/>\n<meta name=\"robots\" content=\"noindex, follow, max-snippet:-1, max-image-preview:large, max-video-preview:-1\" \/>\n<meta property=\"og:locale\" content=\"fr_FR\" \/>\n<meta property=\"og:type\" content=\"article\" \/>\n<meta property=\"og:title\" content=\"Les 12 travaux d&#039;Imelda\" \/>\n<meta property=\"og:description\" content=\"Imelda , personnage plus grand que nature inspir\u00e9 de la grand-m\u00e8re du r\u00e9alisateur, ira jusqu\u2019au bout de sa vie en relevant les d\u00e9fis fous.\" \/>\n<meta property=\"og:url\" content=\"https:\/\/maison4tiers.com\/maisonnette\/product\/les-12-travaux-dimelda\/\" \/>\n<meta property=\"og:site_name\" content=\"Maisonnette\" \/>\n<meta property=\"article:modified_time\" content=\"2024-09-20T14:30:21+00:00\" \/>\n<meta property=\"og:image\" content=\"https:\/\/maison4tiers.com\/maisonnette\/wp-content\/uploads\/sites\/77\/2022\/08\/Imelda_FR_WEB_4-logos_LR_28oct-scaled.jpg\" \/>\n\t<meta property=\"og:image:width\" content=\"1772\" \/>\n\t<meta property=\"og:image:height\" content=\"2560\" \/>\n\t<meta property=\"og:image:type\" content=\"image\/jpeg\" \/>\n<meta name=\"twitter:card\" content=\"summary_large_image\" \/>\n<meta name=\"twitter:title\" content=\"Les 12 travaux d&#039;Imelda\" \/>\n<meta name=\"twitter:description\" content=\"Imelda , personnage plus grand que nature inspir\u00e9 de la grand-m\u00e8re du r\u00e9alisateur, ira jusqu\u2019au bout de sa vie en relevant les d\u00e9fis fous.\" \/>\n<meta name=\"twitter:image\" content=\"https:\/\/maison4tiers.com\/maisonnette\/wp-content\/uploads\/sites\/77\/2022\/08\/Imelda_FR_WEB_4-logos_LR_28oct-scaled.jpg\" \/>\n<script type=\"application\/ld+json\" class=\"yoast-schema-graph\">{\"@context\":\"https:\/\/schema.org\",\"@graph\":[{\"@type\":\"WebPage\",\"@id\":\"https:\/\/maison4tiers.com\/maisonnette\/product\/les-12-travaux-dimelda\/\",\"url\":\"https:\/\/maison4tiers.com\/maisonnette\/product\/les-12-travaux-dimelda\/\",\"name\":\"Les 12 travaux d'Imelda - Maisonnette - VOIR MAINTENANT !\",\"isPartOf\":{\"@id\":\"https:\/\/maison4tiers.com\/maisonnette\/#website\"},\"primaryImageOfPage\":{\"@id\":\"https:\/\/maison4tiers.com\/maisonnette\/product\/les-12-travaux-dimelda\/#primaryimage\"},\"image\":{\"@id\":\"https:\/\/maison4tiers.com\/maisonnette\/product\/les-12-travaux-dimelda\/#primaryimage\"},\"thumbnailUrl\":\"https:\/\/maison4tiers.com\/maisonnette\/wp-content\/uploads\/sites\/77\/2022\/08\/Imelda_FR_WEB_4-logos_LR_28oct-scaled.jpg\",\"datePublished\":\"2022-08-31T16:31:24+00:00\",\"dateModified\":\"2024-09-20T14:30:21+00:00\",\"description\":\"Les 12 travaux d'Imelda, personnage plus grand que nature inspir\u00e9 de la grand-m\u00e8re du r\u00e9alisateur, ira jusqu\u2019au bout de sa vie en relevant les d\u00e9fis fous.\",\"breadcrumb\":{\"@id\":\"https:\/\/maison4tiers.com\/maisonnette\/product\/les-12-travaux-dimelda\/#breadcrumb\"},\"inLanguage\":\"fr-FR\",\"potentialAction\":[{\"@type\":\"ReadAction\",\"target\":[\"https:\/\/maison4tiers.com\/maisonnette\/product\/les-12-travaux-dimelda\/\"]}]},{\"@type\":\"ImageObject\",\"inLanguage\":\"fr-FR\",\"@id\":\"https:\/\/maison4tiers.com\/maisonnette\/product\/les-12-travaux-dimelda\/#primaryimage\",\"url\":\"https:\/\/maison4tiers.com\/maisonnette\/wp-content\/uploads\/sites\/77\/2022\/08\/Imelda_FR_WEB_4-logos_LR_28oct-scaled.jpg\",\"contentUrl\":\"https:\/\/maison4tiers.com\/maisonnette\/wp-content\/uploads\/sites\/77\/2022\/08\/Imelda_FR_WEB_4-logos_LR_28oct-scaled.jpg\",\"width\":1772,\"height\":2560,\"caption\":\"Imelda\"},{\"@type\":\"BreadcrumbList\",\"@id\":\"https:\/\/maison4tiers.com\/maisonnette\/product\/les-12-travaux-dimelda\/#breadcrumb\",\"itemListElement\":[{\"@type\":\"ListItem\",\"position\":1,\"name\":\"Home\",\"item\":\"https:\/\/maison4tiers.com\/maisonnette\/\"},{\"@type\":\"ListItem\",\"position\":2,\"name\":\"Films\",\"item\":\"https:\/\/maison4tiers.com\/maisonnette\/?page_id=35\"},{\"@type\":\"ListItem\",\"position\":3,\"name\":\"Les 12 travaux d&#8217;Imelda\"}]},{\"@type\":\"WebSite\",\"@id\":\"https:\/\/maison4tiers.com\/maisonnette\/#website\",\"url\":\"https:\/\/maison4tiers.com\/maisonnette\/\",\"name\":\"Maisonnette\",\"description\":\"Distribution multiplateforme de films qu\u00e9b\u00e9cois et internationaux\",\"publisher\":{\"@id\":\"https:\/\/maison4tiers.com\/maisonnette\/#organization\"},\"potentialAction\":[{\"@type\":\"SearchAction\",\"target\":{\"@type\":\"EntryPoint\",\"urlTemplate\":\"https:\/\/maison4tiers.com\/maisonnette\/?s={search_term_string}\"},\"query-input\":{\"@type\":\"PropertyValueSpecification\",\"valueRequired\":true,\"valueName\":\"search_term_string\"}}],\"inLanguage\":\"fr-FR\"},{\"@type\":\"Organization\",\"@id\":\"https:\/\/maison4tiers.com\/maisonnette\/#organization\",\"name\":\"Maisonnette\",\"url\":\"https:\/\/maison4tiers.com\/maisonnette\/\",\"logo\":{\"@type\":\"ImageObject\",\"inLanguage\":\"fr-FR\",\"@id\":\"https:\/\/maison4tiers.com\/maisonnette\/#\/schema\/logo\/image\/\",\"url\":\"https:\/\/maison4tiers.com\/maisonnette\/wp-content\/uploads\/sites\/77\/2020\/11\/favicon-196.png\",\"contentUrl\":\"https:\/\/maison4tiers.com\/maisonnette\/wp-content\/uploads\/sites\/77\/2020\/11\/favicon-196.png\",\"width\":196,\"height\":196,\"caption\":\"Maisonnette\"},\"image\":{\"@id\":\"https:\/\/maison4tiers.com\/maisonnette\/#\/schema\/logo\/image\/\"}}]}<\/script>\n<!-- \/ Yoast SEO plugin. -->","yoast_head_json":{"title":"Les 12 travaux d'Imelda - Maisonnette - VOIR MAINTENANT !","description":"Les 12 travaux d'Imelda, personnage plus grand que nature inspir\u00e9 de la grand-m\u00e8re du r\u00e9alisateur, ira jusqu\u2019au bout de sa vie en relevant les d\u00e9fis fous.","robots":{"index":"noindex","follow":"follow","max-snippet":"max-snippet:-1","max-image-preview":"max-image-preview:large","max-video-preview":"max-video-preview:-1"},"og_locale":"fr_FR","og_type":"article","og_title":"Les 12 travaux d'Imelda","og_description":"Imelda , personnage plus grand que nature inspir\u00e9 de la grand-m\u00e8re du r\u00e9alisateur, ira jusqu\u2019au bout de sa vie en relevant les d\u00e9fis fous.","og_url":"https:\/\/maison4tiers.com\/maisonnette\/product\/les-12-travaux-dimelda\/","og_site_name":"Maisonnette","article_modified_time":"2024-09-20T14:30:21+00:00","og_image":[{"width":1772,"height":2560,"url":"https:\/\/maison4tiers.com\/maisonnette\/wp-content\/uploads\/sites\/77\/2022\/08\/Imelda_FR_WEB_4-logos_LR_28oct-scaled.jpg","type":"image\/jpeg"}],"twitter_card":"summary_large_image","twitter_title":"Les 12 travaux d'Imelda","twitter_description":"Imelda , personnage plus grand que nature inspir\u00e9 de la grand-m\u00e8re du r\u00e9alisateur, ira jusqu\u2019au bout de sa vie en relevant les d\u00e9fis fous.","twitter_image":"https:\/\/maison4tiers.com\/maisonnette\/wp-content\/uploads\/sites\/77\/2022\/08\/Imelda_FR_WEB_4-logos_LR_28oct-scaled.jpg","schema":{"@context":"https:\/\/schema.org","@graph":[{"@type":"WebPage","@id":"https:\/\/maison4tiers.com\/maisonnette\/product\/les-12-travaux-dimelda\/","url":"https:\/\/maison4tiers.com\/maisonnette\/product\/les-12-travaux-dimelda\/","name":"Les 12 travaux d'Imelda - Maisonnette - VOIR MAINTENANT !","isPartOf":{"@id":"https:\/\/maison4tiers.com\/maisonnette\/#website"},"primaryImageOfPage":{"@id":"https:\/\/maison4tiers.com\/maisonnette\/product\/les-12-travaux-dimelda\/#primaryimage"},"image":{"@id":"https:\/\/maison4tiers.com\/maisonnette\/product\/les-12-travaux-dimelda\/#primaryimage"},"thumbnailUrl":"https:\/\/maison4tiers.com\/maisonnette\/wp-content\/uploads\/sites\/77\/2022\/08\/Imelda_FR_WEB_4-logos_LR_28oct-scaled.jpg","datePublished":"2022-08-31T16:31:24+00:00","dateModified":"2024-09-20T14:30:21+00:00","description":"Les 12 travaux d'Imelda, personnage plus grand que nature inspir\u00e9 de la grand-m\u00e8re du r\u00e9alisateur, ira jusqu\u2019au bout de sa vie en relevant les d\u00e9fis fous.","breadcrumb":{"@id":"https:\/\/maison4tiers.com\/maisonnette\/product\/les-12-travaux-dimelda\/#breadcrumb"},"inLanguage":"fr-FR","potentialAction":[{"@type":"ReadAction","target":["https:\/\/maison4tiers.com\/maisonnette\/product\/les-12-travaux-dimelda\/"]}]},{"@type":"ImageObject","inLanguage":"fr-FR","@id":"https:\/\/maison4tiers.com\/maisonnette\/product\/les-12-travaux-dimelda\/#primaryimage","url":"https:\/\/maison4tiers.com\/maisonnette\/wp-content\/uploads\/sites\/77\/2022\/08\/Imelda_FR_WEB_4-logos_LR_28oct-scaled.jpg","contentUrl":"https:\/\/maison4tiers.com\/maisonnette\/wp-content\/uploads\/sites\/77\/2022\/08\/Imelda_FR_WEB_4-logos_LR_28oct-scaled.jpg","width":1772,"height":2560,"caption":"Imelda"},{"@type":"BreadcrumbList","@id":"https:\/\/maison4tiers.com\/maisonnette\/product\/les-12-travaux-dimelda\/#breadcrumb","itemListElement":[{"@type":"ListItem","position":1,"name":"Home","item":"https:\/\/maison4tiers.com\/maisonnette\/"},{"@type":"ListItem","position":2,"name":"Films","item":"https:\/\/maison4tiers.com\/maisonnette\/?page_id=35"},{"@type":"ListItem","position":3,"name":"Les 12 travaux d&#8217;Imelda"}]},{"@type":"WebSite","@id":"https:\/\/maison4tiers.com\/maisonnette\/#website","url":"https:\/\/maison4tiers.com\/maisonnette\/","name":"Maisonnette","description":"Distribution multiplateforme de films qu\u00e9b\u00e9cois et internationaux","publisher":{"@id":"https:\/\/maison4tiers.com\/maisonnette\/#organization"},"potentialAction":[{"@type":"SearchAction","target":{"@type":"EntryPoint","urlTemplate":"https:\/\/maison4tiers.com\/maisonnette\/?s={search_term_string}"},"query-input":{"@type":"PropertyValueSpecification","valueRequired":true,"valueName":"search_term_string"}}],"inLanguage":"fr-FR"},{"@type":"Organization","@id":"https:\/\/maison4tiers.com\/maisonnette\/#organization","name":"Maisonnette","url":"https:\/\/maison4tiers.com\/maisonnette\/","logo":{"@type":"ImageObject","inLanguage":"fr-FR","@id":"https:\/\/maison4tiers.com\/maisonnette\/#\/schema\/logo\/image\/","url":"https:\/\/maison4tiers.com\/maisonnette\/wp-content\/uploads\/sites\/77\/2020\/11\/favicon-196.png","contentUrl":"https:\/\/maison4tiers.com\/maisonnette\/wp-content\/uploads\/sites\/77\/2020\/11\/favicon-196.png","width":196,"height":196,"caption":"Maisonnette"},"image":{"@id":"https:\/\/maison4tiers.com\/maisonnette\/#\/schema\/logo\/image\/"}}]}},"jetpack_sharing_enabled":true,"_links":{"self":[{"href":"https:\/\/maison4tiers.com\/maisonnette\/wp-json\/wp\/v2\/product\/8287","targetHints":{"allow":["GET"]}}],"collection":[{"href":"https:\/\/maison4tiers.com\/maisonnette\/wp-json\/wp\/v2\/product"}],"about":[{"href":"https:\/\/maison4tiers.com\/maisonnette\/wp-json\/wp\/v2\/types\/product"}],"wp:featuredmedia":[{"embeddable":true,"href":"https:\/\/maison4tiers.com\/maisonnette\/wp-json\/wp\/v2\/media\/8613"}],"wp:attachment":[{"href":"https:\/\/maison4tiers.com\/maisonnette\/wp-json\/wp\/v2\/media?parent=8287"}],"wp:term":[{"taxonomy":"product_brand","embeddable":true,"href":"https:\/\/maison4tiers.com\/maisonnette\/wp-json\/wp\/v2\/product_brand?post=8287"},{"taxonomy":"product_cat","embeddable":true,"href":"https:\/\/maison4tiers.com\/maisonnette\/wp-json\/wp\/v2\/product_cat?post=8287"},{"taxonomy":"product_tag","embeddable":true,"href":"https:\/\/maison4tiers.com\/maisonnette\/wp-json\/wp\/v2\/product_tag?post=8287"}],"curies":[{"name":"wp","href":"https:\/\/api.w.org\/{rel}","templated":true}]}}