{"id":8201,"date":"2022-08-19T12:25:33","date_gmt":"2022-08-19T16:25:33","guid":{"rendered":"https:\/\/maison4tiers.com\/?post_type=product&#038;p=8201"},"modified":"2024-10-12T09:17:15","modified_gmt":"2024-10-12T13:17:15","slug":"le-petit-nicolas","status":"publish","type":"product","link":"https:\/\/maison4tiers.com\/maisonnette\/product\/le-petit-nicolas\/","title":{"rendered":"Le Petit Nicolas &#8211; Qu&rsquo;est-ce qu&rsquo;on attend pour \u00eatre heureux?"},"excerpt":{"rendered":"<div class=\"page\" title=\"Page 3\">\n<div class=\"layoutArea\">\n<h4><strong>PR\u00c9SENTEMENT DISPONIBLE EN DVD et VID\u00c9O SUR DEMANDE !\u00a0<\/strong><\/h4>\n<p>Penche\u0301s sur une large feuille blanche quelque part entre Montmartre et Saint-Germain- des-Pre\u0301s, Jean-Jacques Sempe\u0301 et Rene\u0301 Goscinny donnent vie a\u0300 un petit garc\u0327on rieur et malicieux, le Petit Nicolas. Entre camaraderie, disputes, bagarres, jeux, be\u0302tises, et punitions a\u0300 la pelle, Nicolas vit une enfance faite de joies et d\u2019apprentissages. Au fil du re\u0301cit, le garc\u0327on se glisse dans l\u2019atelier de ses cre\u0301ateurs, et les interpelle avec dro\u0302lerie. Sempe\u0301 et Goscinny lui raconteront leur rencontre, leur amitie\u0301, mais aussi leurs parcours, leurs secrets et leur enfance.<\/p>\n<blockquote><p><span style=\"font-weight: 400;\">\u00ab Un enchantement pour les petits comme pour les grands. \u00bb<\/span><\/p>\n<p><span style=\"font-weight: 400;\"><strong><a href=\"https:\/\/www.20minutes.fr\/cinema\/4003873-20221012-attend-etre-heureux-sempe-goscinny-reprennent-vie-dessines-petit-nicolas\" target=\"_blank\" rel=\"noopener\">20 MINUTES\u00a0<\/a><\/strong><\/span><\/p>\n<p><span style=\"font-weight: 400;\">\u00ab Une bulle de bonheur\u2026Une \u0153uvre po\u00e9tique et dr\u00f4le, visuellement tr\u00e8s riche. \u00bb<\/span><\/p>\n<p><span style=\"font-weight: 400;\"><strong>T\u00c9L\u00c9RAMA<\/strong><\/span><\/p>\n<p><span style=\"font-weight: 400;\">\u00ab Un pur ravissement. \u00bb <\/span><\/p>\n<p><span style=\"font-weight: 400;\"><strong><a href=\"https:\/\/www.nouvelobs.com\/cinema\/20221012.OBS64487\/l-innocent-les-harkis-simone-le-voyage-du-siecle-les-films-a-voir-ou-pas-cette-semaine.html\" target=\"_blank\" rel=\"noopener\">L&rsquo;OBS<\/a><\/strong><\/span><\/p>\n<p>&nbsp;<\/p><\/blockquote>\n<\/div>\n<p><strong><span style=\"text-decoration: underline;\"><a href=\"https:\/\/maison4tiers.com\/categorie-produit\/film\/animation\/\" target=\"_blank\" rel=\"noopener\">Voir les autres films d&rsquo;animation\u00a0<\/a><\/span><\/strong><\/p>\n<p>*Disponible au Canada seulement<\/p>\n<\/div>\n","protected":false},"featured_media":8208,"template":"","meta":{"_acf_changed":false,"_eb_attr":""},"product_brand":[],"product_cat":[113,107,123,120,45,136,131,142],"product_tag":[434,431,388,430,204,429,428,222,206,432,425,426,249,433,427],"class_list":{"0":"post-8201","1":"product","2":"type-product","3":"status-publish","4":"has-post-thumbnail","6":"product_cat-animation","7":"product_cat-comedie","8":"product_cat-famille","9":"product_cat-fiction","10":"product_cat-film","11":"product_cat-dvd","12":"product_cat-touslesfilms","13":"product_cat-numerique","14":"product_tag-1960-2","15":"product_tag-alain-chabat-2","16":"product_tag-animation","17":"product_tag-annees-60","18":"product_tag-comedie","19":"product_tag-dessin","20":"product_tag-ecolier","21":"product_tag-enfant","22":"product_tag-enfants","23":"product_tag-laurent-lafitte-2","24":"product_tag-le-petit-nicolas","25":"product_tag-nicolas","26":"product_tag-nostalgie","27":"product_tag-paris-2","28":"product_tag-quest-ce-quon-attend-pour-etre-heureux","30":"first","31":"instock","32":"featured","33":"taxable","34":"shipping-taxable","35":"purchasable","36":"product-type-variable","37":"has-default-attributes"},"acf":[],"yoast_head":"<!-- This site is optimized with the Yoast SEO plugin v27.0 - https:\/\/yoast.com\/product\/yoast-seo-wordpress\/ -->\n<title>Le Petit Nicolas - Qu&#039;est-ce qu&#039;on attend pour \u00eatre heureux? -<\/title>\n<meta name=\"description\" content=\"Entre camaraderie, disputes, bagarres, jeux, be\u0302tises, et punitions a\u0300 la pelle, Nicolas vit une enfance faite de joies et d\u2019apprentissages.\" \/>\n<meta name=\"robots\" content=\"noindex, follow, max-snippet:-1, max-image-preview:large, max-video-preview:-1\" \/>\n<meta property=\"og:locale\" content=\"fr_FR\" \/>\n<meta property=\"og:type\" content=\"article\" \/>\n<meta property=\"og:title\" content=\"Le petit Nicolas\" \/>\n<meta property=\"og:description\" content=\"Entre camaraderie, disputes, bagarres, jeux, be\u0302tises, et punitions a\u0300 la pelle, Nicolas vit une enfance faite de joies et d\u2019apprentissages.\" \/>\n<meta property=\"og:url\" content=\"https:\/\/maison4tiers.com\/maisonnette\/product\/le-petit-nicolas\/\" \/>\n<meta property=\"og:site_name\" content=\"Maisonnette\" \/>\n<meta property=\"article:modified_time\" content=\"2024-10-12T13:17:15+00:00\" \/>\n<meta property=\"og:image\" content=\"https:\/\/maison4tiers.com\/maisonnette\/wp-content\/uploads\/sites\/77\/2022\/08\/PetitNicolas_WEB_generique-scaled.jpg\" \/>\n\t<meta property=\"og:image:width\" content=\"1772\" \/>\n\t<meta property=\"og:image:height\" content=\"2560\" \/>\n\t<meta property=\"og:image:type\" content=\"image\/jpeg\" \/>\n<meta name=\"twitter:card\" content=\"summary_large_image\" \/>\n<meta name=\"twitter:title\" content=\"Le petit Nicolas\" \/>\n<meta name=\"twitter:description\" content=\"Entre camaraderie, disputes, bagarres, jeux, be\u0302tises, et punitions a\u0300 la pelle, Nicolas vit une enfance faite de joies et d\u2019apprentissages.\" \/>\n<meta name=\"twitter:image\" content=\"https:\/\/maison4tiers.com\/maisonnette\/wp-content\/uploads\/sites\/77\/2022\/08\/PetitNicolas_WEB_generique-scaled.jpg\" \/>\n<script type=\"application\/ld+json\" class=\"yoast-schema-graph\">{\"@context\":\"https:\/\/schema.org\",\"@graph\":[{\"@type\":\"WebPage\",\"@id\":\"https:\/\/maison4tiers.com\/maisonnette\/product\/le-petit-nicolas\/\",\"url\":\"https:\/\/maison4tiers.com\/maisonnette\/product\/le-petit-nicolas\/\",\"name\":\"Le Petit Nicolas - Qu'est-ce qu'on attend pour \u00eatre heureux? -\",\"isPartOf\":{\"@id\":\"https:\/\/maison4tiers.com\/maisonnette\/#website\"},\"primaryImageOfPage\":{\"@id\":\"https:\/\/maison4tiers.com\/maisonnette\/product\/le-petit-nicolas\/#primaryimage\"},\"image\":{\"@id\":\"https:\/\/maison4tiers.com\/maisonnette\/product\/le-petit-nicolas\/#primaryimage\"},\"thumbnailUrl\":\"https:\/\/maison4tiers.com\/maisonnette\/wp-content\/uploads\/sites\/77\/2022\/08\/PetitNicolas_WEB_generique-scaled.jpg\",\"datePublished\":\"2022-08-19T16:25:33+00:00\",\"dateModified\":\"2024-10-12T13:17:15+00:00\",\"description\":\"Entre camaraderie, disputes, bagarres, jeux, be\u0302tises, et punitions a\u0300 la pelle, Nicolas vit une enfance faite de joies et d\u2019apprentissages.\",\"breadcrumb\":{\"@id\":\"https:\/\/maison4tiers.com\/maisonnette\/product\/le-petit-nicolas\/#breadcrumb\"},\"inLanguage\":\"fr-FR\",\"potentialAction\":[{\"@type\":\"ReadAction\",\"target\":[\"https:\/\/maison4tiers.com\/maisonnette\/product\/le-petit-nicolas\/\"]}]},{\"@type\":\"ImageObject\",\"inLanguage\":\"fr-FR\",\"@id\":\"https:\/\/maison4tiers.com\/maisonnette\/product\/le-petit-nicolas\/#primaryimage\",\"url\":\"https:\/\/maison4tiers.com\/maisonnette\/wp-content\/uploads\/sites\/77\/2022\/08\/PetitNicolas_WEB_generique-scaled.jpg\",\"contentUrl\":\"https:\/\/maison4tiers.com\/maisonnette\/wp-content\/uploads\/sites\/77\/2022\/08\/PetitNicolas_WEB_generique-scaled.jpg\",\"width\":1772,\"height\":2560,\"caption\":\"Le Petit Nicolas\"},{\"@type\":\"BreadcrumbList\",\"@id\":\"https:\/\/maison4tiers.com\/maisonnette\/product\/le-petit-nicolas\/#breadcrumb\",\"itemListElement\":[{\"@type\":\"ListItem\",\"position\":1,\"name\":\"Home\",\"item\":\"https:\/\/maison4tiers.com\/maisonnette\/\"},{\"@type\":\"ListItem\",\"position\":2,\"name\":\"Films\",\"item\":\"https:\/\/maison4tiers.com\/maisonnette\/?page_id=35\"},{\"@type\":\"ListItem\",\"position\":3,\"name\":\"Le Petit Nicolas &#8211; Qu&#8217;est-ce qu&#8217;on attend pour \u00eatre heureux?\"}]},{\"@type\":\"WebSite\",\"@id\":\"https:\/\/maison4tiers.com\/maisonnette\/#website\",\"url\":\"https:\/\/maison4tiers.com\/maisonnette\/\",\"name\":\"Maisonnette\",\"description\":\"Distribution multiplateforme de films qu\u00e9b\u00e9cois et internationaux\",\"publisher\":{\"@id\":\"https:\/\/maison4tiers.com\/maisonnette\/#organization\"},\"potentialAction\":[{\"@type\":\"SearchAction\",\"target\":{\"@type\":\"EntryPoint\",\"urlTemplate\":\"https:\/\/maison4tiers.com\/maisonnette\/?s={search_term_string}\"},\"query-input\":{\"@type\":\"PropertyValueSpecification\",\"valueRequired\":true,\"valueName\":\"search_term_string\"}}],\"inLanguage\":\"fr-FR\"},{\"@type\":\"Organization\",\"@id\":\"https:\/\/maison4tiers.com\/maisonnette\/#organization\",\"name\":\"Maisonnette\",\"url\":\"https:\/\/maison4tiers.com\/maisonnette\/\",\"logo\":{\"@type\":\"ImageObject\",\"inLanguage\":\"fr-FR\",\"@id\":\"https:\/\/maison4tiers.com\/maisonnette\/#\/schema\/logo\/image\/\",\"url\":\"https:\/\/maison4tiers.com\/maisonnette\/wp-content\/uploads\/sites\/77\/2020\/11\/favicon-196.png\",\"contentUrl\":\"https:\/\/maison4tiers.com\/maisonnette\/wp-content\/uploads\/sites\/77\/2020\/11\/favicon-196.png\",\"width\":196,\"height\":196,\"caption\":\"Maisonnette\"},\"image\":{\"@id\":\"https:\/\/maison4tiers.com\/maisonnette\/#\/schema\/logo\/image\/\"}}]}<\/script>\n<!-- \/ Yoast SEO plugin. -->","yoast_head_json":{"title":"Le Petit Nicolas - Qu'est-ce qu'on attend pour \u00eatre heureux? -","description":"Entre camaraderie, disputes, bagarres, jeux, be\u0302tises, et punitions a\u0300 la pelle, Nicolas vit une enfance faite de joies et d\u2019apprentissages.","robots":{"index":"noindex","follow":"follow","max-snippet":"max-snippet:-1","max-image-preview":"max-image-preview:large","max-video-preview":"max-video-preview:-1"},"og_locale":"fr_FR","og_type":"article","og_title":"Le petit Nicolas","og_description":"Entre camaraderie, disputes, bagarres, jeux, be\u0302tises, et punitions a\u0300 la pelle, Nicolas vit une enfance faite de joies et d\u2019apprentissages.","og_url":"https:\/\/maison4tiers.com\/maisonnette\/product\/le-petit-nicolas\/","og_site_name":"Maisonnette","article_modified_time":"2024-10-12T13:17:15+00:00","og_image":[{"width":1772,"height":2560,"url":"https:\/\/maison4tiers.com\/maisonnette\/wp-content\/uploads\/sites\/77\/2022\/08\/PetitNicolas_WEB_generique-scaled.jpg","type":"image\/jpeg"}],"twitter_card":"summary_large_image","twitter_title":"Le petit Nicolas","twitter_description":"Entre camaraderie, disputes, bagarres, jeux, be\u0302tises, et punitions a\u0300 la pelle, Nicolas vit une enfance faite de joies et d\u2019apprentissages.","twitter_image":"https:\/\/maison4tiers.com\/maisonnette\/wp-content\/uploads\/sites\/77\/2022\/08\/PetitNicolas_WEB_generique-scaled.jpg","schema":{"@context":"https:\/\/schema.org","@graph":[{"@type":"WebPage","@id":"https:\/\/maison4tiers.com\/maisonnette\/product\/le-petit-nicolas\/","url":"https:\/\/maison4tiers.com\/maisonnette\/product\/le-petit-nicolas\/","name":"Le Petit Nicolas - Qu'est-ce qu'on attend pour \u00eatre heureux? -","isPartOf":{"@id":"https:\/\/maison4tiers.com\/maisonnette\/#website"},"primaryImageOfPage":{"@id":"https:\/\/maison4tiers.com\/maisonnette\/product\/le-petit-nicolas\/#primaryimage"},"image":{"@id":"https:\/\/maison4tiers.com\/maisonnette\/product\/le-petit-nicolas\/#primaryimage"},"thumbnailUrl":"https:\/\/maison4tiers.com\/maisonnette\/wp-content\/uploads\/sites\/77\/2022\/08\/PetitNicolas_WEB_generique-scaled.jpg","datePublished":"2022-08-19T16:25:33+00:00","dateModified":"2024-10-12T13:17:15+00:00","description":"Entre camaraderie, disputes, bagarres, jeux, be\u0302tises, et punitions a\u0300 la pelle, Nicolas vit une enfance faite de joies et d\u2019apprentissages.","breadcrumb":{"@id":"https:\/\/maison4tiers.com\/maisonnette\/product\/le-petit-nicolas\/#breadcrumb"},"inLanguage":"fr-FR","potentialAction":[{"@type":"ReadAction","target":["https:\/\/maison4tiers.com\/maisonnette\/product\/le-petit-nicolas\/"]}]},{"@type":"ImageObject","inLanguage":"fr-FR","@id":"https:\/\/maison4tiers.com\/maisonnette\/product\/le-petit-nicolas\/#primaryimage","url":"https:\/\/maison4tiers.com\/maisonnette\/wp-content\/uploads\/sites\/77\/2022\/08\/PetitNicolas_WEB_generique-scaled.jpg","contentUrl":"https:\/\/maison4tiers.com\/maisonnette\/wp-content\/uploads\/sites\/77\/2022\/08\/PetitNicolas_WEB_generique-scaled.jpg","width":1772,"height":2560,"caption":"Le Petit Nicolas"},{"@type":"BreadcrumbList","@id":"https:\/\/maison4tiers.com\/maisonnette\/product\/le-petit-nicolas\/#breadcrumb","itemListElement":[{"@type":"ListItem","position":1,"name":"Home","item":"https:\/\/maison4tiers.com\/maisonnette\/"},{"@type":"ListItem","position":2,"name":"Films","item":"https:\/\/maison4tiers.com\/maisonnette\/?page_id=35"},{"@type":"ListItem","position":3,"name":"Le Petit Nicolas &#8211; Qu&#8217;est-ce qu&#8217;on attend pour \u00eatre heureux?"}]},{"@type":"WebSite","@id":"https:\/\/maison4tiers.com\/maisonnette\/#website","url":"https:\/\/maison4tiers.com\/maisonnette\/","name":"Maisonnette","description":"Distribution multiplateforme de films qu\u00e9b\u00e9cois et internationaux","publisher":{"@id":"https:\/\/maison4tiers.com\/maisonnette\/#organization"},"potentialAction":[{"@type":"SearchAction","target":{"@type":"EntryPoint","urlTemplate":"https:\/\/maison4tiers.com\/maisonnette\/?s={search_term_string}"},"query-input":{"@type":"PropertyValueSpecification","valueRequired":true,"valueName":"search_term_string"}}],"inLanguage":"fr-FR"},{"@type":"Organization","@id":"https:\/\/maison4tiers.com\/maisonnette\/#organization","name":"Maisonnette","url":"https:\/\/maison4tiers.com\/maisonnette\/","logo":{"@type":"ImageObject","inLanguage":"fr-FR","@id":"https:\/\/maison4tiers.com\/maisonnette\/#\/schema\/logo\/image\/","url":"https:\/\/maison4tiers.com\/maisonnette\/wp-content\/uploads\/sites\/77\/2020\/11\/favicon-196.png","contentUrl":"https:\/\/maison4tiers.com\/maisonnette\/wp-content\/uploads\/sites\/77\/2020\/11\/favicon-196.png","width":196,"height":196,"caption":"Maisonnette"},"image":{"@id":"https:\/\/maison4tiers.com\/maisonnette\/#\/schema\/logo\/image\/"}}]}},"jetpack_sharing_enabled":true,"_links":{"self":[{"href":"https:\/\/maison4tiers.com\/maisonnette\/wp-json\/wp\/v2\/product\/8201","targetHints":{"allow":["GET"]}}],"collection":[{"href":"https:\/\/maison4tiers.com\/maisonnette\/wp-json\/wp\/v2\/product"}],"about":[{"href":"https:\/\/maison4tiers.com\/maisonnette\/wp-json\/wp\/v2\/types\/product"}],"wp:featuredmedia":[{"embeddable":true,"href":"https:\/\/maison4tiers.com\/maisonnette\/wp-json\/wp\/v2\/media\/8208"}],"wp:attachment":[{"href":"https:\/\/maison4tiers.com\/maisonnette\/wp-json\/wp\/v2\/media?parent=8201"}],"wp:term":[{"taxonomy":"product_brand","embeddable":true,"href":"https:\/\/maison4tiers.com\/maisonnette\/wp-json\/wp\/v2\/product_brand?post=8201"},{"taxonomy":"product_cat","embeddable":true,"href":"https:\/\/maison4tiers.com\/maisonnette\/wp-json\/wp\/v2\/product_cat?post=8201"},{"taxonomy":"product_tag","embeddable":true,"href":"https:\/\/maison4tiers.com\/maisonnette\/wp-json\/wp\/v2\/product_tag?post=8201"}],"curies":[{"name":"wp","href":"https:\/\/api.w.org\/{rel}","templated":true}]}}