{"id":7999,"date":"2022-06-22T11:44:06","date_gmt":"2022-06-22T15:44:06","guid":{"rendered":"https:\/\/maison4tiers.com\/?post_type=product&#038;p=7999"},"modified":"2023-12-03T14:47:19","modified_gmt":"2023-12-03T18:47:19","slug":"la-croisade","status":"publish","type":"product","link":"https:\/\/maison4tiers.com\/maisonnette\/product\/la-croisade\/","title":{"rendered":"La croisade"},"excerpt":{"rendered":"<div class=\"page\" title=\"Page 3\">\n<div class=\"section\">\n<div class=\"layoutArea\">\n<div class=\"column\">\n<h4>PR\u00c9SENTEMENT DISPONIBLE EN VID\u00c9O SUR DEMANDE ET EN DVD !<\/h4>\n<p>Abel et Marianne de\u0301couvrent que leur fils Joseph, 13 ans, a vendu en douce leurs objets les plus pre\u0301cieux. Ils comprennent rapidement que Joseph n\u2019est pas le seul, ils sont des centaines d\u2019enfants a\u0300 travers le monde associe\u0301s pour financer un myste\u0301rieux projet. Ils se sont donne\u0301 pour mission de sauver la plane\u0300te.<\/p>\n<\/div>\n<\/div>\n<\/div>\n<\/div>\n<blockquote><p><em>\u00ab Ce pamphlet militant est gorg\u00e9 d\u2019espoir et de bonne humeur.\u00bb<br \/>\n<\/em>\u2605\u2605\u2605\u2605<strong>\u2013 20 MINUTES\u00a0<\/strong><\/p>\n<p><em>\u00ab Louis Garrel propose une repr\u00e9sentation du combat \u00e9cologique \u00e0 hauteur d\u2019enfant, avec \u00e9merveillement, cocasserie, et soif d\u2019aventure. \u00bb<\/em><br \/>\n\u2605\u2605\u2605\u2605<strong>\u00a0\u2013 <a href=\"http:\/\/www.bande-a-part.fr\/\" target=\"_blank\" rel=\"noopener\">BANDE \u00c0 PART\u00a0<\/a><\/strong><\/p>\n<p><em>\u00ab Le film amuse et interroge en soulignant le d\u00e9calage entre des ados ultra-concern\u00e9s par l\u2019effondrement climatique et des adultes beaucoup plus indiff\u00e9rents. Ou comment, au-del\u00e0 de la question de l\u2019environnement, les enfants renvoient leurs parents \u00e0 la perte de leurs id\u00e9aux.\u00bb<\/em><br \/>\n\u2605\u2605\u2605\u2605<strong>\u00a0\u2013 <a href=\"https:\/\/www.leparisien.fr\/culture-loisirs\/cinema\/sorties-cinema-du-22-decembre-matrix-resurrections-tous-en-scene-2-les-films-a-voir-ou-pas-21-12-2021-N5ID2F7WK5EP3JZ654RBVOGCOU.php\" target=\"_blank\" rel=\"noopener\">LE PARISIEN\u00a0<\/a><\/strong><\/p><\/blockquote>\n<p><span style=\"text-decoration: underline;\"><a href=\"https:\/\/maison4tiers.com\/categorie-produit\/film\/comedie\/\" target=\"_blank\" rel=\"noopener\"><strong>Voir les autres com\u00e9dies<\/strong><\/a><\/span><\/p>\n<p><strong>*Disponible au Canada seulement<\/strong><\/p>\n","protected":false},"featured_media":8061,"template":"","meta":{"_acf_changed":false,"_eb_attr":""},"product_brand":[],"product_cat":[107,118,123,45,136,131,142],"product_tag":[205,204,185,206,179,203,209,201,202,208],"class_list":{"0":"post-7999","1":"product","2":"type-product","3":"status-publish","4":"has-post-thumbnail","6":"product_cat-comedie","7":"product_cat-environnement","8":"product_cat-famille","9":"product_cat-film","10":"product_cat-dvd","11":"product_cat-touslesfilms","12":"product_cat-numerique","13":"product_tag-afrique","14":"product_tag-comedie","15":"product_tag-ecologie","16":"product_tag-enfants","17":"product_tag-environnement","18":"product_tag-france","19":"product_tag-humour","20":"product_tag-la-croisade","21":"product_tag-louis-garrel","22":"product_tag-parents","24":"first","25":"instock","26":"taxable","27":"shipping-taxable","28":"purchasable","29":"product-type-variable","30":"has-default-attributes"},"acf":[],"yoast_head":"<!-- This site is optimized with the Yoast SEO plugin v27.0 - https:\/\/yoast.com\/product\/yoast-seo-wordpress\/ -->\n<title>La croisade - Maisonnette - Com\u00e9die - \u00c0 VOIR !<\/title>\n<meta name=\"description\" content=\"La croisade. Ils sont des centaines d\u2019enfants a\u0300 travers le monde associe\u0301s pour financer un myste\u0301rieux projet. Ils se sont donne\u0301 pour mission de sauver la plane\u0300te.\" \/>\n<meta name=\"robots\" content=\"noindex, follow, max-snippet:-1, max-image-preview:large, max-video-preview:-1\" \/>\n<meta property=\"og:locale\" content=\"fr_FR\" \/>\n<meta property=\"og:type\" content=\"article\" \/>\n<meta property=\"og:title\" content=\"La croisade\" \/>\n<meta property=\"og:description\" content=\"Ils sont des centaines d\u2019enfants a\u0300 travers le monde associe\u0301s pour financer un myste\u0301rieux projet. Ils se sont donne\u0301 pour mission de sauver la plane\u0300t\" \/>\n<meta property=\"og:url\" content=\"https:\/\/maison4tiers.com\/maisonnette\/product\/la-croisade\/\" \/>\n<meta property=\"og:site_name\" content=\"Maisonnette\" \/>\n<meta property=\"article:modified_time\" content=\"2023-12-03T18:47:19+00:00\" \/>\n<meta property=\"og:image\" content=\"https:\/\/maison4tiers.com\/maisonnette\/wp-content\/uploads\/sites\/77\/2022\/06\/120x160-CROISADE-HD-scaled.jpg\" \/>\n\t<meta property=\"og:image:width\" content=\"1888\" \/>\n\t<meta property=\"og:image:height\" content=\"2560\" \/>\n\t<meta property=\"og:image:type\" content=\"image\/jpeg\" \/>\n<meta name=\"twitter:card\" content=\"summary_large_image\" \/>\n<meta name=\"twitter:title\" content=\"La croisade\" \/>\n<meta name=\"twitter:description\" content=\"Ils sont des centaines d\u2019enfants a\u0300 travers le monde associe\u0301s pour financer un myste\u0301rieux projet. Ils se sont donne\u0301 pour mission de sauver la plane\u0300te.\" \/>\n<meta name=\"twitter:image\" content=\"https:\/\/maison4tiers.com\/maisonnette\/wp-content\/uploads\/sites\/77\/2022\/06\/120x160-CROISADE-HD-scaled.jpg\" \/>\n<script type=\"application\/ld+json\" class=\"yoast-schema-graph\">{\"@context\":\"https:\/\/schema.org\",\"@graph\":[{\"@type\":\"WebPage\",\"@id\":\"https:\/\/maison4tiers.com\/maisonnette\/product\/la-croisade\/\",\"url\":\"https:\/\/maison4tiers.com\/maisonnette\/product\/la-croisade\/\",\"name\":\"La croisade - Maisonnette - Com\u00e9die - \u00c0 VOIR !\",\"isPartOf\":{\"@id\":\"https:\/\/maison4tiers.com\/maisonnette\/#website\"},\"primaryImageOfPage\":{\"@id\":\"https:\/\/maison4tiers.com\/maisonnette\/product\/la-croisade\/#primaryimage\"},\"image\":{\"@id\":\"https:\/\/maison4tiers.com\/maisonnette\/product\/la-croisade\/#primaryimage\"},\"thumbnailUrl\":\"https:\/\/maison4tiers.com\/maisonnette\/wp-content\/uploads\/sites\/77\/2022\/06\/LaCroisade_affiche_sans-date_WEB-scaled.jpg\",\"datePublished\":\"2022-06-22T15:44:06+00:00\",\"dateModified\":\"2023-12-03T18:47:19+00:00\",\"description\":\"La croisade. Ils sont des centaines d\u2019enfants a\u0300 travers le monde associe\u0301s pour financer un myste\u0301rieux projet. Ils se sont donne\u0301 pour mission de sauver la plane\u0300te.\",\"breadcrumb\":{\"@id\":\"https:\/\/maison4tiers.com\/maisonnette\/product\/la-croisade\/#breadcrumb\"},\"inLanguage\":\"fr-FR\",\"potentialAction\":[{\"@type\":\"ReadAction\",\"target\":[\"https:\/\/maison4tiers.com\/maisonnette\/product\/la-croisade\/\"]}]},{\"@type\":\"ImageObject\",\"inLanguage\":\"fr-FR\",\"@id\":\"https:\/\/maison4tiers.com\/maisonnette\/product\/la-croisade\/#primaryimage\",\"url\":\"https:\/\/maison4tiers.com\/maisonnette\/wp-content\/uploads\/sites\/77\/2022\/06\/LaCroisade_affiche_sans-date_WEB-scaled.jpg\",\"contentUrl\":\"https:\/\/maison4tiers.com\/maisonnette\/wp-content\/uploads\/sites\/77\/2022\/06\/LaCroisade_affiche_sans-date_WEB-scaled.jpg\",\"width\":1772,\"height\":2560,\"caption\":\"La croisade\"},{\"@type\":\"BreadcrumbList\",\"@id\":\"https:\/\/maison4tiers.com\/maisonnette\/product\/la-croisade\/#breadcrumb\",\"itemListElement\":[{\"@type\":\"ListItem\",\"position\":1,\"name\":\"Home\",\"item\":\"https:\/\/maison4tiers.com\/maisonnette\/\"},{\"@type\":\"ListItem\",\"position\":2,\"name\":\"Films\",\"item\":\"https:\/\/maison4tiers.com\/maisonnette\/?page_id=35\"},{\"@type\":\"ListItem\",\"position\":3,\"name\":\"La croisade\"}]},{\"@type\":\"WebSite\",\"@id\":\"https:\/\/maison4tiers.com\/maisonnette\/#website\",\"url\":\"https:\/\/maison4tiers.com\/maisonnette\/\",\"name\":\"Maisonnette\",\"description\":\"Distribution multiplateforme de films qu\u00e9b\u00e9cois et internationaux\",\"publisher\":{\"@id\":\"https:\/\/maison4tiers.com\/maisonnette\/#organization\"},\"potentialAction\":[{\"@type\":\"SearchAction\",\"target\":{\"@type\":\"EntryPoint\",\"urlTemplate\":\"https:\/\/maison4tiers.com\/maisonnette\/?s={search_term_string}\"},\"query-input\":{\"@type\":\"PropertyValueSpecification\",\"valueRequired\":true,\"valueName\":\"search_term_string\"}}],\"inLanguage\":\"fr-FR\"},{\"@type\":\"Organization\",\"@id\":\"https:\/\/maison4tiers.com\/maisonnette\/#organization\",\"name\":\"Maisonnette\",\"url\":\"https:\/\/maison4tiers.com\/maisonnette\/\",\"logo\":{\"@type\":\"ImageObject\",\"inLanguage\":\"fr-FR\",\"@id\":\"https:\/\/maison4tiers.com\/maisonnette\/#\/schema\/logo\/image\/\",\"url\":\"https:\/\/maison4tiers.com\/maisonnette\/wp-content\/uploads\/sites\/77\/2020\/11\/favicon-196.png\",\"contentUrl\":\"https:\/\/maison4tiers.com\/maisonnette\/wp-content\/uploads\/sites\/77\/2020\/11\/favicon-196.png\",\"width\":196,\"height\":196,\"caption\":\"Maisonnette\"},\"image\":{\"@id\":\"https:\/\/maison4tiers.com\/maisonnette\/#\/schema\/logo\/image\/\"}}]}<\/script>\n<!-- \/ Yoast SEO plugin. -->","yoast_head_json":{"title":"La croisade - Maisonnette - Com\u00e9die - \u00c0 VOIR !","description":"La croisade. Ils sont des centaines d\u2019enfants a\u0300 travers le monde associe\u0301s pour financer un myste\u0301rieux projet. Ils se sont donne\u0301 pour mission de sauver la plane\u0300te.","robots":{"index":"noindex","follow":"follow","max-snippet":"max-snippet:-1","max-image-preview":"max-image-preview:large","max-video-preview":"max-video-preview:-1"},"og_locale":"fr_FR","og_type":"article","og_title":"La croisade","og_description":"Ils sont des centaines d\u2019enfants a\u0300 travers le monde associe\u0301s pour financer un myste\u0301rieux projet. Ils se sont donne\u0301 pour mission de sauver la plane\u0300t","og_url":"https:\/\/maison4tiers.com\/maisonnette\/product\/la-croisade\/","og_site_name":"Maisonnette","article_modified_time":"2023-12-03T18:47:19+00:00","og_image":[{"width":1888,"height":2560,"url":"https:\/\/maison4tiers.com\/maisonnette\/wp-content\/uploads\/sites\/77\/2022\/06\/120x160-CROISADE-HD-scaled.jpg","type":"image\/jpeg"}],"twitter_card":"summary_large_image","twitter_title":"La croisade","twitter_description":"Ils sont des centaines d\u2019enfants a\u0300 travers le monde associe\u0301s pour financer un myste\u0301rieux projet. Ils se sont donne\u0301 pour mission de sauver la plane\u0300te.","twitter_image":"https:\/\/maison4tiers.com\/maisonnette\/wp-content\/uploads\/sites\/77\/2022\/06\/120x160-CROISADE-HD-scaled.jpg","schema":{"@context":"https:\/\/schema.org","@graph":[{"@type":"WebPage","@id":"https:\/\/maison4tiers.com\/maisonnette\/product\/la-croisade\/","url":"https:\/\/maison4tiers.com\/maisonnette\/product\/la-croisade\/","name":"La croisade - Maisonnette - Com\u00e9die - \u00c0 VOIR !","isPartOf":{"@id":"https:\/\/maison4tiers.com\/maisonnette\/#website"},"primaryImageOfPage":{"@id":"https:\/\/maison4tiers.com\/maisonnette\/product\/la-croisade\/#primaryimage"},"image":{"@id":"https:\/\/maison4tiers.com\/maisonnette\/product\/la-croisade\/#primaryimage"},"thumbnailUrl":"https:\/\/maison4tiers.com\/maisonnette\/wp-content\/uploads\/sites\/77\/2022\/06\/LaCroisade_affiche_sans-date_WEB-scaled.jpg","datePublished":"2022-06-22T15:44:06+00:00","dateModified":"2023-12-03T18:47:19+00:00","description":"La croisade. Ils sont des centaines d\u2019enfants a\u0300 travers le monde associe\u0301s pour financer un myste\u0301rieux projet. Ils se sont donne\u0301 pour mission de sauver la plane\u0300te.","breadcrumb":{"@id":"https:\/\/maison4tiers.com\/maisonnette\/product\/la-croisade\/#breadcrumb"},"inLanguage":"fr-FR","potentialAction":[{"@type":"ReadAction","target":["https:\/\/maison4tiers.com\/maisonnette\/product\/la-croisade\/"]}]},{"@type":"ImageObject","inLanguage":"fr-FR","@id":"https:\/\/maison4tiers.com\/maisonnette\/product\/la-croisade\/#primaryimage","url":"https:\/\/maison4tiers.com\/maisonnette\/wp-content\/uploads\/sites\/77\/2022\/06\/LaCroisade_affiche_sans-date_WEB-scaled.jpg","contentUrl":"https:\/\/maison4tiers.com\/maisonnette\/wp-content\/uploads\/sites\/77\/2022\/06\/LaCroisade_affiche_sans-date_WEB-scaled.jpg","width":1772,"height":2560,"caption":"La croisade"},{"@type":"BreadcrumbList","@id":"https:\/\/maison4tiers.com\/maisonnette\/product\/la-croisade\/#breadcrumb","itemListElement":[{"@type":"ListItem","position":1,"name":"Home","item":"https:\/\/maison4tiers.com\/maisonnette\/"},{"@type":"ListItem","position":2,"name":"Films","item":"https:\/\/maison4tiers.com\/maisonnette\/?page_id=35"},{"@type":"ListItem","position":3,"name":"La croisade"}]},{"@type":"WebSite","@id":"https:\/\/maison4tiers.com\/maisonnette\/#website","url":"https:\/\/maison4tiers.com\/maisonnette\/","name":"Maisonnette","description":"Distribution multiplateforme de films qu\u00e9b\u00e9cois et internationaux","publisher":{"@id":"https:\/\/maison4tiers.com\/maisonnette\/#organization"},"potentialAction":[{"@type":"SearchAction","target":{"@type":"EntryPoint","urlTemplate":"https:\/\/maison4tiers.com\/maisonnette\/?s={search_term_string}"},"query-input":{"@type":"PropertyValueSpecification","valueRequired":true,"valueName":"search_term_string"}}],"inLanguage":"fr-FR"},{"@type":"Organization","@id":"https:\/\/maison4tiers.com\/maisonnette\/#organization","name":"Maisonnette","url":"https:\/\/maison4tiers.com\/maisonnette\/","logo":{"@type":"ImageObject","inLanguage":"fr-FR","@id":"https:\/\/maison4tiers.com\/maisonnette\/#\/schema\/logo\/image\/","url":"https:\/\/maison4tiers.com\/maisonnette\/wp-content\/uploads\/sites\/77\/2020\/11\/favicon-196.png","contentUrl":"https:\/\/maison4tiers.com\/maisonnette\/wp-content\/uploads\/sites\/77\/2020\/11\/favicon-196.png","width":196,"height":196,"caption":"Maisonnette"},"image":{"@id":"https:\/\/maison4tiers.com\/maisonnette\/#\/schema\/logo\/image\/"}}]}},"jetpack_sharing_enabled":true,"_links":{"self":[{"href":"https:\/\/maison4tiers.com\/maisonnette\/wp-json\/wp\/v2\/product\/7999","targetHints":{"allow":["GET"]}}],"collection":[{"href":"https:\/\/maison4tiers.com\/maisonnette\/wp-json\/wp\/v2\/product"}],"about":[{"href":"https:\/\/maison4tiers.com\/maisonnette\/wp-json\/wp\/v2\/types\/product"}],"wp:featuredmedia":[{"embeddable":true,"href":"https:\/\/maison4tiers.com\/maisonnette\/wp-json\/wp\/v2\/media\/8061"}],"wp:attachment":[{"href":"https:\/\/maison4tiers.com\/maisonnette\/wp-json\/wp\/v2\/media?parent=7999"}],"wp:term":[{"taxonomy":"product_brand","embeddable":true,"href":"https:\/\/maison4tiers.com\/maisonnette\/wp-json\/wp\/v2\/product_brand?post=7999"},{"taxonomy":"product_cat","embeddable":true,"href":"https:\/\/maison4tiers.com\/maisonnette\/wp-json\/wp\/v2\/product_cat?post=7999"},{"taxonomy":"product_tag","embeddable":true,"href":"https:\/\/maison4tiers.com\/maisonnette\/wp-json\/wp\/v2\/product_tag?post=7999"}],"curies":[{"name":"wp","href":"https:\/\/api.w.org\/{rel}","templated":true}]}}