{"id":7638,"date":"2022-06-06T09:00:23","date_gmt":"2022-06-06T13:00:23","guid":{"rendered":"https:\/\/maison4tiers.com\/?post_type=product&#038;p=7638"},"modified":"2022-12-14T15:26:29","modified_gmt":"2022-12-14T19:26:29","slug":"un-ete-comme-ca","status":"publish","type":"product","link":"https:\/\/maison4tiers.com\/maisonnette\/product\/un-ete-comme-ca\/","title":{"rendered":"Un \u00e9t\u00e9 comme \u00e7a"},"excerpt":{"rendered":"<h4>PR\u00c9SENTEMENT DISPONIBLE EN DVD ET EN VID\u00c9O SUR DEMANDE !<\/h4>\n<p><em>Un \u00e9t\u00e9 comme \u00e7a<\/em>, pr\u00e9sent\u00e9 en comp\u00e9tition officielle \u00e0 la <strong><a title=\"Berlinale\" href=\"https:\/\/fr.wikipedia.org\/wiki\/Berlinale\">Berlinale.<\/a><\/strong><\/p>\n<p>Invit\u00e9es en maison de repos pour explorer leurs troubles sexuels, trois jeunes femmes occupent les jours et les nuits \u00e0 apprivoiser leurs d\u00e9mons intimes. Sous la supervision tranquille d&rsquo;une th\u00e9rapeute et d&rsquo;un travailleur social bienveillants, le groupe tente de garder un \u00e9quilibre fragile. Pour Geisha, L\u00e9onie et Eug\u00e9nie, il s&rsquo;agit, pour 26 jours, d&rsquo;\u00e9viter les cris, d&rsquo;apprivoiser les chuchotements du temps pr\u00e9sent et de consid\u00e9rer l&rsquo;avenir.<\/p>\n<blockquote>\n<p class=\"p1\"><b>\u2605\u2605\u2605 1\/2 <\/b>\u00ab <span class=\"title titleModule__main\">Un regard franc et d\u00e9licat sur la sexualit\u00e9 f\u00e9minine. <\/span>\u00bb <span class=\"title titleModule__main\">&#8211; <strong><a href=\"https:\/\/www.lapresse.ca\/cinema\/2022-01-19\/un-ete-comme-ca\/denis-cote-en-lice-pour-l-ours-d-or-a-berlin.php\" target=\"_blank\" rel=\"noopener\">LA PRESSE<\/a><\/strong><\/span><\/p>\n<p class=\"p1\"><b>\u2605\u2605\u2605 1\/2 <\/b>\u00ab Les trois actrices, \u00e9blouissantes, offrent un jeu physique teint\u00e9 d\u2019int\u00e9riorit\u00e9, qui repose sur un langage du corps. \u00bb<strong> <a href=\"https:\/\/www.ledevoir.com\/culture\/cinema\/746769\/cinema-un-ete-comme-ca-un-exercice-d-introspection\" target=\"_blank\" rel=\"noopener\">LE DEVOIR<\/a><\/strong><\/p>\n<p class=\"p1\"><b>\u2605\u2605\u2605\u2605 <\/b>\u00ab Une volont\u00e9 de d\u00e9peindre avec justesse et sans jugement des personnages f\u00e9minins complexes, qui \u00e9chappent aux st\u00e9r\u00e9otypes. \u00bb<strong><a href=\"https:\/\/www.lesoleil.com\/2022\/08\/18\/le-film-de-la-semaine--un-ete-comme-ca-video-53ffbd607f5ce77b85f736fbb2f2a9df\" target=\"_blank\" rel=\"noopener\"><span class=\"Apple-converted-space\"> LE SOLEIL\u00a0<\/span><\/a><\/strong><\/p>\n<p class=\"p1\"><b>\u2605\u2605\u2605\u2605 <\/b>\u00ab <span style=\"font-weight: 400;\">Une exploration de la sexualit\u00e9 f\u00e9minine. Sans pudeur, mais sans \u00e9talage. Sans morale, mais sans exag\u00e9ration. <\/span>\u00bb<strong><a href=\"https:\/\/www.journaldemontreal.com\/2022\/08\/19\/un-ete-comme-ca-oh-oui-encore\" target=\"_blank\" rel=\"noopener\"><span class=\"Apple-converted-space\"> JOURNAL DE MONTR\u00c9AL<\/span><\/a><\/strong><\/p>\n<\/blockquote>\n<p><strong><span style=\"text-decoration: underline;\"><a href=\"https:\/\/maison4tiers.com\/categorie-produit\/film\/quebecois\/\" target=\"_blank\" rel=\"noopener\">Voir les autres films qu\u00e9b\u00e9cois<\/a><\/span><\/strong><\/p>\n<p>*Disponible au Canada seulement<\/p>\n","protected":false},"featured_media":7645,"template":"","meta":{"_acf_changed":false,"_eb_attr":""},"product_brand":[],"product_cat":[105,45,119,121,136,131,142],"product_tag":[162,161,159,157,156,153,154,160,155,158,152,163,151],"class_list":{"0":"post-7638","1":"product","2":"type-product","3":"status-publish","4":"has-post-thumbnail","6":"product_cat-drame","7":"product_cat-film","8":"product_cat-quebecois","9":"product_cat-societe","10":"product_cat-dvd","11":"product_cat-touslesfilms","12":"product_cat-numerique","13":"product_tag-denis-cote","14":"product_tag-ete","15":"product_tag-etrange","16":"product_tag-femme","17":"product_tag-lgbtq","18":"product_tag-strange","19":"product_tag-summer","20":"product_tag-suspense","21":"product_tag-that-kind-of-summer","22":"product_tag-therapie","23":"product_tag-therapy","24":"product_tag-un-ete-comme-ca","25":"product_tag-woman","27":"first","28":"instock","29":"featured","30":"taxable","31":"shipping-taxable","32":"product-type-variable","33":"has-default-attributes"},"acf":[],"yoast_head":"<!-- This site is optimized with the Yoast SEO plugin v27.0 - https:\/\/yoast.com\/product\/yoast-seo-wordpress\/ -->\n<title>Un \u00e9t\u00e9 comme \u00e7a - Maisonnette - Film qu\u00e9b\u00e9cois - \u00c0 VOIR !<\/title>\n<meta name=\"description\" content=\"Un \u00e9t\u00e9 comme \u00e7a. Invit\u00e9es en maison de repos pour explorer leurs troubles sexuels, trois jeunes femmes s&#039;occupent \u00e0 apprivoiser leurs d\u00e9mons.\" \/>\n<meta name=\"robots\" content=\"noindex, follow, max-snippet:-1, max-image-preview:large, max-video-preview:-1\" \/>\n<meta property=\"og:locale\" content=\"fr_FR\" \/>\n<meta property=\"og:type\" content=\"article\" \/>\n<meta property=\"og:title\" content=\"Un \u00e9t\u00e9 comme \u00e7a\" \/>\n<meta property=\"og:description\" content=\"Invit\u00e9es en maison de repos pour explorer leurs troubles sexuels, trois jeunes femmes s&#039;occupent \u00e0 apprivoiser leurs d\u00e9mons.\" \/>\n<meta property=\"og:url\" content=\"https:\/\/maison4tiers.com\/maisonnette\/product\/un-ete-comme-ca\/\" \/>\n<meta property=\"og:site_name\" content=\"Maisonnette\" \/>\n<meta property=\"article:modified_time\" content=\"2022-12-14T19:26:29+00:00\" \/>\n<meta property=\"og:image\" content=\"https:\/\/maison4tiers.com\/maisonnette\/wp-content\/uploads\/sites\/77\/2022\/02\/Nouvelles-affiches-SITE-WEB-800-X-1200.jpg\" \/>\n\t<meta property=\"og:image:width\" content=\"800\" \/>\n\t<meta property=\"og:image:height\" content=\"1200\" \/>\n\t<meta property=\"og:image:type\" content=\"image\/jpeg\" \/>\n<meta name=\"twitter:card\" content=\"summary_large_image\" \/>\n<meta name=\"twitter:title\" content=\"Un \u00e9t\u00e9 comme \u00e7a\" \/>\n<meta name=\"twitter:description\" content=\"Invit\u00e9es en maison de repos pour explorer leurs troubles sexuels, trois jeunes femmes s&#039;occupent \u00e0 apprivoiser leurs d\u00e9mons.\" \/>\n<meta name=\"twitter:image\" content=\"https:\/\/maison4tiers.com\/maisonnette\/wp-content\/uploads\/sites\/77\/2022\/02\/Nouvelles-affiches-SITE-WEB-800-X-1200.jpg\" \/>\n<script type=\"application\/ld+json\" class=\"yoast-schema-graph\">{\"@context\":\"https:\/\/schema.org\",\"@graph\":[{\"@type\":\"WebPage\",\"@id\":\"https:\/\/maison4tiers.com\/maisonnette\/product\/un-ete-comme-ca\/\",\"url\":\"https:\/\/maison4tiers.com\/maisonnette\/product\/un-ete-comme-ca\/\",\"name\":\"Un \u00e9t\u00e9 comme \u00e7a - Maisonnette - Film qu\u00e9b\u00e9cois - \u00c0 VOIR !\",\"isPartOf\":{\"@id\":\"https:\/\/maison4tiers.com\/maisonnette\/#website\"},\"primaryImageOfPage\":{\"@id\":\"https:\/\/maison4tiers.com\/maisonnette\/product\/un-ete-comme-ca\/#primaryimage\"},\"image\":{\"@id\":\"https:\/\/maison4tiers.com\/maisonnette\/product\/un-ete-comme-ca\/#primaryimage\"},\"thumbnailUrl\":\"https:\/\/maison4tiers.com\/maisonnette\/wp-content\/uploads\/sites\/77\/2022\/02\/Nouvelles-affiches-SITE-WEB-800-X-1200.jpg\",\"datePublished\":\"2022-06-06T13:00:23+00:00\",\"dateModified\":\"2022-12-14T19:26:29+00:00\",\"description\":\"Un \u00e9t\u00e9 comme \u00e7a. Invit\u00e9es en maison de repos pour explorer leurs troubles sexuels, trois jeunes femmes s'occupent \u00e0 apprivoiser leurs d\u00e9mons.\",\"breadcrumb\":{\"@id\":\"https:\/\/maison4tiers.com\/maisonnette\/product\/un-ete-comme-ca\/#breadcrumb\"},\"inLanguage\":\"fr-FR\",\"potentialAction\":[{\"@type\":\"ReadAction\",\"target\":[\"https:\/\/maison4tiers.com\/maisonnette\/product\/un-ete-comme-ca\/\"]}]},{\"@type\":\"ImageObject\",\"inLanguage\":\"fr-FR\",\"@id\":\"https:\/\/maison4tiers.com\/maisonnette\/product\/un-ete-comme-ca\/#primaryimage\",\"url\":\"https:\/\/maison4tiers.com\/maisonnette\/wp-content\/uploads\/sites\/77\/2022\/02\/Nouvelles-affiches-SITE-WEB-800-X-1200.jpg\",\"contentUrl\":\"https:\/\/maison4tiers.com\/maisonnette\/wp-content\/uploads\/sites\/77\/2022\/02\/Nouvelles-affiches-SITE-WEB-800-X-1200.jpg\",\"width\":800,\"height\":1200,\"caption\":\"Un \u00e9t\u00e9 comme \u00e7a\"},{\"@type\":\"BreadcrumbList\",\"@id\":\"https:\/\/maison4tiers.com\/maisonnette\/product\/un-ete-comme-ca\/#breadcrumb\",\"itemListElement\":[{\"@type\":\"ListItem\",\"position\":1,\"name\":\"Home\",\"item\":\"https:\/\/maison4tiers.com\/maisonnette\/\"},{\"@type\":\"ListItem\",\"position\":2,\"name\":\"Films\",\"item\":\"https:\/\/maison4tiers.com\/maisonnette\/?page_id=35\"},{\"@type\":\"ListItem\",\"position\":3,\"name\":\"Un \u00e9t\u00e9 comme \u00e7a\"}]},{\"@type\":\"WebSite\",\"@id\":\"https:\/\/maison4tiers.com\/maisonnette\/#website\",\"url\":\"https:\/\/maison4tiers.com\/maisonnette\/\",\"name\":\"Maisonnette\",\"description\":\"Distribution multiplateforme de films qu\u00e9b\u00e9cois et internationaux\",\"publisher\":{\"@id\":\"https:\/\/maison4tiers.com\/maisonnette\/#organization\"},\"potentialAction\":[{\"@type\":\"SearchAction\",\"target\":{\"@type\":\"EntryPoint\",\"urlTemplate\":\"https:\/\/maison4tiers.com\/maisonnette\/?s={search_term_string}\"},\"query-input\":{\"@type\":\"PropertyValueSpecification\",\"valueRequired\":true,\"valueName\":\"search_term_string\"}}],\"inLanguage\":\"fr-FR\"},{\"@type\":\"Organization\",\"@id\":\"https:\/\/maison4tiers.com\/maisonnette\/#organization\",\"name\":\"Maisonnette\",\"url\":\"https:\/\/maison4tiers.com\/maisonnette\/\",\"logo\":{\"@type\":\"ImageObject\",\"inLanguage\":\"fr-FR\",\"@id\":\"https:\/\/maison4tiers.com\/maisonnette\/#\/schema\/logo\/image\/\",\"url\":\"https:\/\/maison4tiers.com\/maisonnette\/wp-content\/uploads\/sites\/77\/2020\/11\/favicon-196.png\",\"contentUrl\":\"https:\/\/maison4tiers.com\/maisonnette\/wp-content\/uploads\/sites\/77\/2020\/11\/favicon-196.png\",\"width\":196,\"height\":196,\"caption\":\"Maisonnette\"},\"image\":{\"@id\":\"https:\/\/maison4tiers.com\/maisonnette\/#\/schema\/logo\/image\/\"}}]}<\/script>\n<!-- \/ Yoast SEO plugin. -->","yoast_head_json":{"title":"Un \u00e9t\u00e9 comme \u00e7a - Maisonnette - Film qu\u00e9b\u00e9cois - \u00c0 VOIR !","description":"Un \u00e9t\u00e9 comme \u00e7a. Invit\u00e9es en maison de repos pour explorer leurs troubles sexuels, trois jeunes femmes s'occupent \u00e0 apprivoiser leurs d\u00e9mons.","robots":{"index":"noindex","follow":"follow","max-snippet":"max-snippet:-1","max-image-preview":"max-image-preview:large","max-video-preview":"max-video-preview:-1"},"og_locale":"fr_FR","og_type":"article","og_title":"Un \u00e9t\u00e9 comme \u00e7a","og_description":"Invit\u00e9es en maison de repos pour explorer leurs troubles sexuels, trois jeunes femmes s'occupent \u00e0 apprivoiser leurs d\u00e9mons.","og_url":"https:\/\/maison4tiers.com\/maisonnette\/product\/un-ete-comme-ca\/","og_site_name":"Maisonnette","article_modified_time":"2022-12-14T19:26:29+00:00","og_image":[{"width":800,"height":1200,"url":"https:\/\/maison4tiers.com\/maisonnette\/wp-content\/uploads\/sites\/77\/2022\/02\/Nouvelles-affiches-SITE-WEB-800-X-1200.jpg","type":"image\/jpeg"}],"twitter_card":"summary_large_image","twitter_title":"Un \u00e9t\u00e9 comme \u00e7a","twitter_description":"Invit\u00e9es en maison de repos pour explorer leurs troubles sexuels, trois jeunes femmes s'occupent \u00e0 apprivoiser leurs d\u00e9mons.","twitter_image":"https:\/\/maison4tiers.com\/maisonnette\/wp-content\/uploads\/sites\/77\/2022\/02\/Nouvelles-affiches-SITE-WEB-800-X-1200.jpg","schema":{"@context":"https:\/\/schema.org","@graph":[{"@type":"WebPage","@id":"https:\/\/maison4tiers.com\/maisonnette\/product\/un-ete-comme-ca\/","url":"https:\/\/maison4tiers.com\/maisonnette\/product\/un-ete-comme-ca\/","name":"Un \u00e9t\u00e9 comme \u00e7a - Maisonnette - Film qu\u00e9b\u00e9cois - \u00c0 VOIR !","isPartOf":{"@id":"https:\/\/maison4tiers.com\/maisonnette\/#website"},"primaryImageOfPage":{"@id":"https:\/\/maison4tiers.com\/maisonnette\/product\/un-ete-comme-ca\/#primaryimage"},"image":{"@id":"https:\/\/maison4tiers.com\/maisonnette\/product\/un-ete-comme-ca\/#primaryimage"},"thumbnailUrl":"https:\/\/maison4tiers.com\/maisonnette\/wp-content\/uploads\/sites\/77\/2022\/02\/Nouvelles-affiches-SITE-WEB-800-X-1200.jpg","datePublished":"2022-06-06T13:00:23+00:00","dateModified":"2022-12-14T19:26:29+00:00","description":"Un \u00e9t\u00e9 comme \u00e7a. Invit\u00e9es en maison de repos pour explorer leurs troubles sexuels, trois jeunes femmes s'occupent \u00e0 apprivoiser leurs d\u00e9mons.","breadcrumb":{"@id":"https:\/\/maison4tiers.com\/maisonnette\/product\/un-ete-comme-ca\/#breadcrumb"},"inLanguage":"fr-FR","potentialAction":[{"@type":"ReadAction","target":["https:\/\/maison4tiers.com\/maisonnette\/product\/un-ete-comme-ca\/"]}]},{"@type":"ImageObject","inLanguage":"fr-FR","@id":"https:\/\/maison4tiers.com\/maisonnette\/product\/un-ete-comme-ca\/#primaryimage","url":"https:\/\/maison4tiers.com\/maisonnette\/wp-content\/uploads\/sites\/77\/2022\/02\/Nouvelles-affiches-SITE-WEB-800-X-1200.jpg","contentUrl":"https:\/\/maison4tiers.com\/maisonnette\/wp-content\/uploads\/sites\/77\/2022\/02\/Nouvelles-affiches-SITE-WEB-800-X-1200.jpg","width":800,"height":1200,"caption":"Un \u00e9t\u00e9 comme \u00e7a"},{"@type":"BreadcrumbList","@id":"https:\/\/maison4tiers.com\/maisonnette\/product\/un-ete-comme-ca\/#breadcrumb","itemListElement":[{"@type":"ListItem","position":1,"name":"Home","item":"https:\/\/maison4tiers.com\/maisonnette\/"},{"@type":"ListItem","position":2,"name":"Films","item":"https:\/\/maison4tiers.com\/maisonnette\/?page_id=35"},{"@type":"ListItem","position":3,"name":"Un \u00e9t\u00e9 comme \u00e7a"}]},{"@type":"WebSite","@id":"https:\/\/maison4tiers.com\/maisonnette\/#website","url":"https:\/\/maison4tiers.com\/maisonnette\/","name":"Maisonnette","description":"Distribution multiplateforme de films qu\u00e9b\u00e9cois et internationaux","publisher":{"@id":"https:\/\/maison4tiers.com\/maisonnette\/#organization"},"potentialAction":[{"@type":"SearchAction","target":{"@type":"EntryPoint","urlTemplate":"https:\/\/maison4tiers.com\/maisonnette\/?s={search_term_string}"},"query-input":{"@type":"PropertyValueSpecification","valueRequired":true,"valueName":"search_term_string"}}],"inLanguage":"fr-FR"},{"@type":"Organization","@id":"https:\/\/maison4tiers.com\/maisonnette\/#organization","name":"Maisonnette","url":"https:\/\/maison4tiers.com\/maisonnette\/","logo":{"@type":"ImageObject","inLanguage":"fr-FR","@id":"https:\/\/maison4tiers.com\/maisonnette\/#\/schema\/logo\/image\/","url":"https:\/\/maison4tiers.com\/maisonnette\/wp-content\/uploads\/sites\/77\/2020\/11\/favicon-196.png","contentUrl":"https:\/\/maison4tiers.com\/maisonnette\/wp-content\/uploads\/sites\/77\/2020\/11\/favicon-196.png","width":196,"height":196,"caption":"Maisonnette"},"image":{"@id":"https:\/\/maison4tiers.com\/maisonnette\/#\/schema\/logo\/image\/"}}]}},"jetpack_sharing_enabled":true,"_links":{"self":[{"href":"https:\/\/maison4tiers.com\/maisonnette\/wp-json\/wp\/v2\/product\/7638","targetHints":{"allow":["GET"]}}],"collection":[{"href":"https:\/\/maison4tiers.com\/maisonnette\/wp-json\/wp\/v2\/product"}],"about":[{"href":"https:\/\/maison4tiers.com\/maisonnette\/wp-json\/wp\/v2\/types\/product"}],"wp:featuredmedia":[{"embeddable":true,"href":"https:\/\/maison4tiers.com\/maisonnette\/wp-json\/wp\/v2\/media\/7645"}],"wp:attachment":[{"href":"https:\/\/maison4tiers.com\/maisonnette\/wp-json\/wp\/v2\/media?parent=7638"}],"wp:term":[{"taxonomy":"product_brand","embeddable":true,"href":"https:\/\/maison4tiers.com\/maisonnette\/wp-json\/wp\/v2\/product_brand?post=7638"},{"taxonomy":"product_cat","embeddable":true,"href":"https:\/\/maison4tiers.com\/maisonnette\/wp-json\/wp\/v2\/product_cat?post=7638"},{"taxonomy":"product_tag","embeddable":true,"href":"https:\/\/maison4tiers.com\/maisonnette\/wp-json\/wp\/v2\/product_tag?post=7638"}],"curies":[{"name":"wp","href":"https:\/\/api.w.org\/{rel}","templated":true}]}}