{"id":7610,"date":"2022-01-28T10:33:22","date_gmt":"2022-01-28T14:33:22","guid":{"rendered":"https:\/\/maison4tiers.com\/?post_type=product&#038;p=7610"},"modified":"2023-10-18T01:47:10","modified_gmt":"2023-10-18T05:47:10","slug":"un-monde","status":"publish","type":"product","link":"https:\/\/maison4tiers.com\/maisonnette\/product\/un-monde\/","title":{"rendered":"Un monde"},"excerpt":{"rendered":"<h4><strong>MAINTENANT EN VID\u00c9O-SUR-DEMANDE ET DVD!<\/strong><\/h4>\n<p>Nora entre en primaire lorsqu&rsquo;elle est confront\u00e9e au harc\u00e8lement dont son grand fr\u00e8re Abel est victime. Tiraill\u00e9e entre son p\u00e8re qui l&rsquo;incite \u00e0 r\u00e9agir, son besoin de s&rsquo;int\u00e9grer et son fr\u00e8re qui lui demande de garder le silence, Nora se trouve prise dans un terrible conflit de loyaut\u00e9. Une plong\u00e9e immersive, \u00e0 hauteur d&rsquo;enfant, dans le monde de l&rsquo;\u00e9cole.<\/p>\n<blockquote><p><em>\u00ab Une proposition forte, ma\u00eetris\u00e9e de bout en bout, qui tient aussi bien du drame familial que de l&rsquo;exp\u00e9rience immersive. \u00bb <\/em><strong>\u2605\u2605\u2605\u2605\u2605\u2013 <a href=\"https:\/\/www.lejdd.fr\/Culture\/Cinema\/dans-un-monde-la-realisatrice-laura-wandel-raconte-la-vie-dune-cour-de-recre-entre-jeux-et-harcelement-4089387\" target=\"_blank\" rel=\"noopener\">LE JOURNAL DU DIMANCHE\u00a0<\/a><\/strong><\/p>\n<p><em>\u00ab Un film magistral sur le harc\u00e8lement scolaire.\u00bb <\/em><strong>\u2605\u2605\u2605\u2605\u2605\u2013 <a href=\"https:\/\/www.leparisien.fr\/culture-loisirs\/cinema\/un-monde-film-magistral-sur-le-harcelement-scolaire-25-01-2022-7GLZFM2JLFBIZOQNQHE4JEC3TY.php\" target=\"_blank\" rel=\"noopener\">LE PARISIEN<\/a><\/strong><\/p>\n<p><em>\u00abAvec cette \u0153uvre puissante, la cin\u00e9aste, d\u2019une cour d\u2019\u00e9cole, pose une loupe sur la violence de la soci\u00e9t\u00e9. C\u2019est souvent d\u00e9rangeant, toujours haletant et indubitablement brillant.\u00bb <\/em><strong>\u2605\u2605\u2605\u2605\u2013 <a href=\"https:\/\/www.humanite.fr\/culture-et-savoirs\/cinema\/un-monde-laura-wandel-jai-voulu-filmer-hauteur-denfant-735687\" target=\"_blank\" rel=\"noopener\">L&rsquo;HUMANIT\u00c9<\/a><\/strong><\/p><\/blockquote>\n<p>&nbsp;<\/p>\n<p><strong><span style=\"text-decoration: underline;\"><a href=\"https:\/\/maison4tiers.com\/categorie-produit\/film\/drame\/\" target=\"_blank\" rel=\"noopener\">Voir les autres films dramatiques<\/a><\/span><\/strong><\/p>\n<p><strong>*Film disponible au Canada seulement\u00a0<\/strong><\/p>\n","protected":false},"featured_media":7587,"template":"","meta":{"_acf_changed":false,"_eb_attr":""},"product_brand":[],"product_cat":[105,120,45,122,121,136,131,142],"product_tag":[219,223,220,230,225,222,224,218,187,229,228,221,226,227,217],"class_list":{"0":"post-7610","1":"product","2":"type-product","3":"status-publish","4":"has-post-thumbnail","6":"product_cat-drame","7":"product_cat-fiction","8":"product_cat-film","9":"product_cat-reflexion","10":"product_cat-societe","11":"product_cat-dvd","12":"product_cat-touslesfilms","13":"product_cat-numerique","14":"product_tag-belgique","15":"product_tag-children","16":"product_tag-ecole","17":"product_tag-ecole-primaire","18":"product_tag-education","19":"product_tag-enfant","20":"product_tag-intimidation","21":"product_tag-laura-wandel","22":"product_tag-monde","23":"product_tag-primaire","24":"product_tag-recreation","25":"product_tag-school","26":"product_tag-secret","27":"product_tag-social","28":"product_tag-un-monde","30":"first","31":"instock","32":"taxable","33":"shipping-taxable","34":"purchasable","35":"product-type-variable","36":"has-default-attributes"},"acf":[],"yoast_head":"<!-- This site is optimized with the Yoast SEO plugin v27.0 - https:\/\/yoast.com\/product\/yoast-seo-wordpress\/ -->\n<title>Un monde - Maisonnette - Drame - VOIR MAINTENANT<\/title>\n<meta name=\"description\" content=\"Un monde. Nora entre en primaire lorsqu&#039;elle est confront\u00e9e au harc\u00e8lement dont son grand fr\u00e8re Abel est victime.\" \/>\n<meta name=\"robots\" content=\"noindex, follow, max-snippet:-1, max-image-preview:large, max-video-preview:-1\" \/>\n<meta property=\"og:locale\" content=\"fr_FR\" \/>\n<meta property=\"og:type\" content=\"article\" \/>\n<meta property=\"og:title\" content=\"Un monde\" \/>\n<meta property=\"og:description\" content=\"Un monde. Nora entre en primaire lorsqu&#039;elle est confront\u00e9e au harc\u00e8lement dont son grand fr\u00e8re Abel est victime.\" \/>\n<meta property=\"og:url\" content=\"https:\/\/maison4tiers.com\/maisonnette\/product\/un-monde\/\" \/>\n<meta property=\"og:site_name\" content=\"Maisonnette\" \/>\n<meta property=\"article:modified_time\" content=\"2023-10-18T05:47:10+00:00\" \/>\n<meta property=\"og:image\" content=\"https:\/\/maison4tiers.com\/maisonnette\/wp-content\/uploads\/sites\/77\/2022\/01\/88.jpg\" \/>\n\t<meta property=\"og:image:width\" content=\"800\" \/>\n\t<meta property=\"og:image:height\" content=\"1200\" \/>\n\t<meta property=\"og:image:type\" content=\"image\/jpeg\" \/>\n<meta name=\"twitter:card\" content=\"summary_large_image\" \/>\n<meta name=\"twitter:title\" content=\"Un monde\" \/>\n<meta name=\"twitter:description\" content=\"Un monde. Nora entre en primaire lorsqu&#039;elle est confront\u00e9e au harc\u00e8lement dont son grand fr\u00e8re Abel est victime.\" \/>\n<meta name=\"twitter:image\" content=\"https:\/\/maison4tiers.com\/maisonnette\/wp-content\/uploads\/sites\/77\/2022\/01\/88.jpg\" \/>\n<script type=\"application\/ld+json\" class=\"yoast-schema-graph\">{\"@context\":\"https:\/\/schema.org\",\"@graph\":[{\"@type\":\"WebPage\",\"@id\":\"https:\/\/maison4tiers.com\/maisonnette\/product\/un-monde\/\",\"url\":\"https:\/\/maison4tiers.com\/maisonnette\/product\/un-monde\/\",\"name\":\"Un monde - Maisonnette - Drame - VOIR MAINTENANT\",\"isPartOf\":{\"@id\":\"https:\/\/maison4tiers.com\/maisonnette\/#website\"},\"primaryImageOfPage\":{\"@id\":\"https:\/\/maison4tiers.com\/maisonnette\/product\/un-monde\/#primaryimage\"},\"image\":{\"@id\":\"https:\/\/maison4tiers.com\/maisonnette\/product\/un-monde\/#primaryimage\"},\"thumbnailUrl\":\"https:\/\/maison4tiers.com\/maisonnette\/wp-content\/uploads\/sites\/77\/2022\/01\/88.jpg\",\"datePublished\":\"2022-01-28T14:33:22+00:00\",\"dateModified\":\"2023-10-18T05:47:10+00:00\",\"description\":\"Un monde. Nora entre en primaire lorsqu'elle est confront\u00e9e au harc\u00e8lement dont son grand fr\u00e8re Abel est victime.\",\"breadcrumb\":{\"@id\":\"https:\/\/maison4tiers.com\/maisonnette\/product\/un-monde\/#breadcrumb\"},\"inLanguage\":\"fr-FR\",\"potentialAction\":[{\"@type\":\"ReadAction\",\"target\":[\"https:\/\/maison4tiers.com\/maisonnette\/product\/un-monde\/\"]}]},{\"@type\":\"ImageObject\",\"inLanguage\":\"fr-FR\",\"@id\":\"https:\/\/maison4tiers.com\/maisonnette\/product\/un-monde\/#primaryimage\",\"url\":\"https:\/\/maison4tiers.com\/maisonnette\/wp-content\/uploads\/sites\/77\/2022\/01\/88.jpg\",\"contentUrl\":\"https:\/\/maison4tiers.com\/maisonnette\/wp-content\/uploads\/sites\/77\/2022\/01\/88.jpg\",\"width\":800,\"height\":1200,\"caption\":\"Un monde\"},{\"@type\":\"BreadcrumbList\",\"@id\":\"https:\/\/maison4tiers.com\/maisonnette\/product\/un-monde\/#breadcrumb\",\"itemListElement\":[{\"@type\":\"ListItem\",\"position\":1,\"name\":\"Home\",\"item\":\"https:\/\/maison4tiers.com\/maisonnette\/\"},{\"@type\":\"ListItem\",\"position\":2,\"name\":\"Films\",\"item\":\"https:\/\/maison4tiers.com\/maisonnette\/?page_id=35\"},{\"@type\":\"ListItem\",\"position\":3,\"name\":\"Un monde\"}]},{\"@type\":\"WebSite\",\"@id\":\"https:\/\/maison4tiers.com\/maisonnette\/#website\",\"url\":\"https:\/\/maison4tiers.com\/maisonnette\/\",\"name\":\"Maisonnette\",\"description\":\"Distribution multiplateforme de films qu\u00e9b\u00e9cois et internationaux\",\"publisher\":{\"@id\":\"https:\/\/maison4tiers.com\/maisonnette\/#organization\"},\"potentialAction\":[{\"@type\":\"SearchAction\",\"target\":{\"@type\":\"EntryPoint\",\"urlTemplate\":\"https:\/\/maison4tiers.com\/maisonnette\/?s={search_term_string}\"},\"query-input\":{\"@type\":\"PropertyValueSpecification\",\"valueRequired\":true,\"valueName\":\"search_term_string\"}}],\"inLanguage\":\"fr-FR\"},{\"@type\":\"Organization\",\"@id\":\"https:\/\/maison4tiers.com\/maisonnette\/#organization\",\"name\":\"Maisonnette\",\"url\":\"https:\/\/maison4tiers.com\/maisonnette\/\",\"logo\":{\"@type\":\"ImageObject\",\"inLanguage\":\"fr-FR\",\"@id\":\"https:\/\/maison4tiers.com\/maisonnette\/#\/schema\/logo\/image\/\",\"url\":\"https:\/\/maison4tiers.com\/maisonnette\/wp-content\/uploads\/sites\/77\/2020\/11\/favicon-196.png\",\"contentUrl\":\"https:\/\/maison4tiers.com\/maisonnette\/wp-content\/uploads\/sites\/77\/2020\/11\/favicon-196.png\",\"width\":196,\"height\":196,\"caption\":\"Maisonnette\"},\"image\":{\"@id\":\"https:\/\/maison4tiers.com\/maisonnette\/#\/schema\/logo\/image\/\"}}]}<\/script>\n<!-- \/ Yoast SEO plugin. -->","yoast_head_json":{"title":"Un monde - Maisonnette - Drame - VOIR MAINTENANT","description":"Un monde. Nora entre en primaire lorsqu'elle est confront\u00e9e au harc\u00e8lement dont son grand fr\u00e8re Abel est victime.","robots":{"index":"noindex","follow":"follow","max-snippet":"max-snippet:-1","max-image-preview":"max-image-preview:large","max-video-preview":"max-video-preview:-1"},"og_locale":"fr_FR","og_type":"article","og_title":"Un monde","og_description":"Un monde. Nora entre en primaire lorsqu'elle est confront\u00e9e au harc\u00e8lement dont son grand fr\u00e8re Abel est victime.","og_url":"https:\/\/maison4tiers.com\/maisonnette\/product\/un-monde\/","og_site_name":"Maisonnette","article_modified_time":"2023-10-18T05:47:10+00:00","og_image":[{"width":800,"height":1200,"url":"https:\/\/maison4tiers.com\/maisonnette\/wp-content\/uploads\/sites\/77\/2022\/01\/88.jpg","type":"image\/jpeg"}],"twitter_card":"summary_large_image","twitter_title":"Un monde","twitter_description":"Un monde. Nora entre en primaire lorsqu'elle est confront\u00e9e au harc\u00e8lement dont son grand fr\u00e8re Abel est victime.","twitter_image":"https:\/\/maison4tiers.com\/maisonnette\/wp-content\/uploads\/sites\/77\/2022\/01\/88.jpg","schema":{"@context":"https:\/\/schema.org","@graph":[{"@type":"WebPage","@id":"https:\/\/maison4tiers.com\/maisonnette\/product\/un-monde\/","url":"https:\/\/maison4tiers.com\/maisonnette\/product\/un-monde\/","name":"Un monde - Maisonnette - Drame - VOIR MAINTENANT","isPartOf":{"@id":"https:\/\/maison4tiers.com\/maisonnette\/#website"},"primaryImageOfPage":{"@id":"https:\/\/maison4tiers.com\/maisonnette\/product\/un-monde\/#primaryimage"},"image":{"@id":"https:\/\/maison4tiers.com\/maisonnette\/product\/un-monde\/#primaryimage"},"thumbnailUrl":"https:\/\/maison4tiers.com\/maisonnette\/wp-content\/uploads\/sites\/77\/2022\/01\/88.jpg","datePublished":"2022-01-28T14:33:22+00:00","dateModified":"2023-10-18T05:47:10+00:00","description":"Un monde. Nora entre en primaire lorsqu'elle est confront\u00e9e au harc\u00e8lement dont son grand fr\u00e8re Abel est victime.","breadcrumb":{"@id":"https:\/\/maison4tiers.com\/maisonnette\/product\/un-monde\/#breadcrumb"},"inLanguage":"fr-FR","potentialAction":[{"@type":"ReadAction","target":["https:\/\/maison4tiers.com\/maisonnette\/product\/un-monde\/"]}]},{"@type":"ImageObject","inLanguage":"fr-FR","@id":"https:\/\/maison4tiers.com\/maisonnette\/product\/un-monde\/#primaryimage","url":"https:\/\/maison4tiers.com\/maisonnette\/wp-content\/uploads\/sites\/77\/2022\/01\/88.jpg","contentUrl":"https:\/\/maison4tiers.com\/maisonnette\/wp-content\/uploads\/sites\/77\/2022\/01\/88.jpg","width":800,"height":1200,"caption":"Un monde"},{"@type":"BreadcrumbList","@id":"https:\/\/maison4tiers.com\/maisonnette\/product\/un-monde\/#breadcrumb","itemListElement":[{"@type":"ListItem","position":1,"name":"Home","item":"https:\/\/maison4tiers.com\/maisonnette\/"},{"@type":"ListItem","position":2,"name":"Films","item":"https:\/\/maison4tiers.com\/maisonnette\/?page_id=35"},{"@type":"ListItem","position":3,"name":"Un monde"}]},{"@type":"WebSite","@id":"https:\/\/maison4tiers.com\/maisonnette\/#website","url":"https:\/\/maison4tiers.com\/maisonnette\/","name":"Maisonnette","description":"Distribution multiplateforme de films qu\u00e9b\u00e9cois et internationaux","publisher":{"@id":"https:\/\/maison4tiers.com\/maisonnette\/#organization"},"potentialAction":[{"@type":"SearchAction","target":{"@type":"EntryPoint","urlTemplate":"https:\/\/maison4tiers.com\/maisonnette\/?s={search_term_string}"},"query-input":{"@type":"PropertyValueSpecification","valueRequired":true,"valueName":"search_term_string"}}],"inLanguage":"fr-FR"},{"@type":"Organization","@id":"https:\/\/maison4tiers.com\/maisonnette\/#organization","name":"Maisonnette","url":"https:\/\/maison4tiers.com\/maisonnette\/","logo":{"@type":"ImageObject","inLanguage":"fr-FR","@id":"https:\/\/maison4tiers.com\/maisonnette\/#\/schema\/logo\/image\/","url":"https:\/\/maison4tiers.com\/maisonnette\/wp-content\/uploads\/sites\/77\/2020\/11\/favicon-196.png","contentUrl":"https:\/\/maison4tiers.com\/maisonnette\/wp-content\/uploads\/sites\/77\/2020\/11\/favicon-196.png","width":196,"height":196,"caption":"Maisonnette"},"image":{"@id":"https:\/\/maison4tiers.com\/maisonnette\/#\/schema\/logo\/image\/"}}]}},"jetpack_sharing_enabled":true,"_links":{"self":[{"href":"https:\/\/maison4tiers.com\/maisonnette\/wp-json\/wp\/v2\/product\/7610","targetHints":{"allow":["GET"]}}],"collection":[{"href":"https:\/\/maison4tiers.com\/maisonnette\/wp-json\/wp\/v2\/product"}],"about":[{"href":"https:\/\/maison4tiers.com\/maisonnette\/wp-json\/wp\/v2\/types\/product"}],"wp:featuredmedia":[{"embeddable":true,"href":"https:\/\/maison4tiers.com\/maisonnette\/wp-json\/wp\/v2\/media\/7587"}],"wp:attachment":[{"href":"https:\/\/maison4tiers.com\/maisonnette\/wp-json\/wp\/v2\/media?parent=7610"}],"wp:term":[{"taxonomy":"product_brand","embeddable":true,"href":"https:\/\/maison4tiers.com\/maisonnette\/wp-json\/wp\/v2\/product_brand?post=7610"},{"taxonomy":"product_cat","embeddable":true,"href":"https:\/\/maison4tiers.com\/maisonnette\/wp-json\/wp\/v2\/product_cat?post=7610"},{"taxonomy":"product_tag","embeddable":true,"href":"https:\/\/maison4tiers.com\/maisonnette\/wp-json\/wp\/v2\/product_tag?post=7610"}],"curies":[{"name":"wp","href":"https:\/\/api.w.org\/{rel}","templated":true}]}}