{"id":6547,"date":"2021-05-05T18:02:21","date_gmt":"2021-05-05T22:02:21","guid":{"rendered":"https:\/\/maison4tiers.com\/?post_type=product&#038;p=6547"},"modified":"2024-04-13T14:28:15","modified_gmt":"2024-04-13T18:28:15","slug":"un-pays-qui-se-tient-sage","status":"publish","type":"product","link":"https:\/\/maison4tiers.com\/maisonnette\/product\/un-pays-qui-se-tient-sage\/","title":{"rendered":"Un pays qui se tient sage"},"excerpt":{"rendered":"<p>Alors que s&rsquo;accroissent la col\u00e8re et le m\u00e9contentement devant les injustices sociales, de nombreuses manifestations citoyennes sont l&rsquo;objet d&rsquo;une r\u00e9pression de plus en plus violente. \u00ab Un pays qui se tient sage \u00bb invite des citoyens \u00e0 approfondir, interroger et confronter leurs points de vue sur l&rsquo;ordre social et la l\u00e9gitimit\u00e9 de l&rsquo;usage de la violence par l&rsquo;Etat.<\/p>\n<blockquote><p><em>\u00ab Un pays qui se tient sage\u00a0\u00bb est un outil pr\u00e9cieux pour comprendre la violence &#8211; physique mais aussi symbolique &#8211; du monde contemporain. \u00bb<br \/>\n<\/em>\u2605\u2605\u2605\u2605<strong> \u2013 <a href=\"http:\/\/bande-a-part.fr\/\" target=\"_blank\" rel=\"noopener\">BANDE \u00c0 PART<\/a><\/strong><\/p>\n<p>&nbsp;<\/p>\n<p><em>\u00ab Tout sauf ti\u00e8de, ce documentaire soutenu par la Quinzaine des R\u00e9alisateurs est une claque \u00e0 double d\u00e9tente dont on sort \u00e0 la fois secou\u00e9s et grandis. \u00bb<\/em><br \/>\n<strong>\u2605\u2605\u2605\u2605 \u2013 <a href=\"https:\/\/www.francetvinfo.fr\/culture\/cinema\/documentaires\/je-voulais-nourrir-le-debat-sur-les-violences-policieres-en-proposant-une-analyse-collective-david-dufresne-realisateur-du-documentaire-un-pays-qui-se-tient-sage_4121631.html#xtor=AL-8\" target=\"_blank\" rel=\"noopener\">CULTUREBOX<\/a><\/strong><\/p>\n<p>&nbsp;<\/p>\n<p><em>\u00ab Cin\u00e9matographiquement puissant et intellectuellement salvateur. \u00bb<\/em><br \/>\n<strong>\u2605\u2605\u2605\u2605 \u2013 <a href=\"https:\/\/www.ecranlarge.com\/films\/critique\/1351949-un-pays-qui-se-tient-sage-critique-matraquee\" target=\"_blank\" rel=\"noopener\">\u00c9CRAN LARGE<\/a><\/strong><\/p><\/blockquote>\n<p><strong><span style=\"text-decoration: underline;\"><a href=\"https:\/\/maison4tiers.com\/categorie-produit\/film\/documentaire\/\" target=\"_blank\" rel=\"noopener\">Voir les autres documentaires<\/a><\/span><\/strong><\/p>\n<p>&nbsp;<\/p>\n<p><strong>*Film disponible au Canada seulement\u00a0<\/strong><\/p>\n","protected":false},"featured_media":7418,"template":"","meta":{"_acf_changed":false,"_eb_attr":""},"product_brand":[],"product_cat":[78,45,136,131,142],"product_tag":[338,345,349,343,342,203,350,340,339,346,344,348,227,347,337,341],"class_list":{"0":"post-6547","1":"product","2":"type-product","3":"status-publish","4":"has-post-thumbnail","6":"product_cat-documentaire","7":"product_cat-film","8":"product_cat-dvd","9":"product_cat-touslesfilms","10":"product_cat-numerique","11":"product_tag-david-dufresne","12":"product_tag-debat","13":"product_tag-democratie","14":"product_tag-denoncer","15":"product_tag-denonciation","16":"product_tag-france","17":"product_tag-gilets-jaunes","18":"product_tag-journalisme","19":"product_tag-journaliste","20":"product_tag-liberte","21":"product_tag-manifestation","22":"product_tag-philosophie","23":"product_tag-social","24":"product_tag-societe","25":"product_tag-un-pays-qui-se-tient-sage","26":"product_tag-violence-policiere","28":"first","29":"instock","30":"taxable","31":"shipping-taxable","32":"purchasable","33":"product-type-variable","34":"has-default-attributes"},"acf":[],"yoast_head":"<!-- This site is optimized with the Yoast SEO plugin v27.0 - https:\/\/yoast.com\/product\/yoast-seo-wordpress\/ -->\n<title>Un pays qui se tient sage - Maisonnette - DVD et en ligne - Voir maintenant<\/title>\n<meta name=\"description\" content=\"\u00ab Un pays qui se tient sage \u00bb invite des citoyens \u00e0 approfondir, interroger et confronter leurs points de vue sur l&#039;ordre social.\" \/>\n<meta name=\"robots\" content=\"noindex, follow, max-snippet:-1, max-image-preview:large, max-video-preview:-1\" \/>\n<meta property=\"og:locale\" content=\"fr_FR\" \/>\n<meta property=\"og:type\" content=\"article\" \/>\n<meta property=\"og:title\" content=\"Un pays qui se tient sage\" \/>\n<meta property=\"og:description\" content=\"\u00ab Un pays qui se tient sage \u00bb invite des citoyens \u00e0 approfondir, interroger et confronter leurs points de vue sur l&#039;ordre social.\" \/>\n<meta property=\"og:url\" content=\"https:\/\/maison4tiers.com\/maisonnette\/product\/un-pays-qui-se-tient-sage\/\" \/>\n<meta property=\"og:site_name\" content=\"Maisonnette\" \/>\n<meta property=\"article:modified_time\" content=\"2024-04-13T18:28:15+00:00\" \/>\n<meta property=\"og:image\" content=\"https:\/\/maison4tiers.com\/maisonnette\/wp-content\/uploads\/sites\/77\/2021\/05\/63.jpg\" \/>\n\t<meta property=\"og:image:width\" content=\"800\" \/>\n\t<meta property=\"og:image:height\" content=\"1200\" \/>\n\t<meta property=\"og:image:type\" content=\"image\/jpeg\" \/>\n<meta name=\"twitter:card\" content=\"summary_large_image\" \/>\n<meta name=\"twitter:title\" content=\"Un pays qui se tient sage\" \/>\n<meta name=\"twitter:description\" content=\"\u00ab Un pays qui se tient sage \u00bb invite des citoyens \u00e0 approfondir, interroger et confronter leurs points de vue sur l&#039;ordre social.\" \/>\n<meta name=\"twitter:image\" content=\"https:\/\/maison4tiers.com\/maisonnette\/wp-content\/uploads\/sites\/77\/2021\/05\/63.jpg\" \/>\n<script type=\"application\/ld+json\" class=\"yoast-schema-graph\">{\"@context\":\"https:\/\/schema.org\",\"@graph\":[{\"@type\":\"WebPage\",\"@id\":\"https:\/\/maison4tiers.com\/maisonnette\/product\/un-pays-qui-se-tient-sage\/\",\"url\":\"https:\/\/maison4tiers.com\/maisonnette\/product\/un-pays-qui-se-tient-sage\/\",\"name\":\"Un pays qui se tient sage - Maisonnette - DVD et en ligne - Voir maintenant\",\"isPartOf\":{\"@id\":\"https:\/\/maison4tiers.com\/maisonnette\/#website\"},\"primaryImageOfPage\":{\"@id\":\"https:\/\/maison4tiers.com\/maisonnette\/product\/un-pays-qui-se-tient-sage\/#primaryimage\"},\"image\":{\"@id\":\"https:\/\/maison4tiers.com\/maisonnette\/product\/un-pays-qui-se-tient-sage\/#primaryimage\"},\"thumbnailUrl\":\"https:\/\/maison4tiers.com\/maisonnette\/wp-content\/uploads\/sites\/77\/2021\/05\/63.jpg\",\"datePublished\":\"2021-05-05T22:02:21+00:00\",\"dateModified\":\"2024-04-13T18:28:15+00:00\",\"description\":\"\u00ab Un pays qui se tient sage \u00bb invite des citoyens \u00e0 approfondir, interroger et confronter leurs points de vue sur l'ordre social.\",\"breadcrumb\":{\"@id\":\"https:\/\/maison4tiers.com\/maisonnette\/product\/un-pays-qui-se-tient-sage\/#breadcrumb\"},\"inLanguage\":\"fr-FR\",\"potentialAction\":[{\"@type\":\"ReadAction\",\"target\":[\"https:\/\/maison4tiers.com\/maisonnette\/product\/un-pays-qui-se-tient-sage\/\"]}]},{\"@type\":\"ImageObject\",\"inLanguage\":\"fr-FR\",\"@id\":\"https:\/\/maison4tiers.com\/maisonnette\/product\/un-pays-qui-se-tient-sage\/#primaryimage\",\"url\":\"https:\/\/maison4tiers.com\/maisonnette\/wp-content\/uploads\/sites\/77\/2021\/05\/63.jpg\",\"contentUrl\":\"https:\/\/maison4tiers.com\/maisonnette\/wp-content\/uploads\/sites\/77\/2021\/05\/63.jpg\",\"width\":800,\"height\":1200,\"caption\":\"Un pays qui se tient sage\"},{\"@type\":\"BreadcrumbList\",\"@id\":\"https:\/\/maison4tiers.com\/maisonnette\/product\/un-pays-qui-se-tient-sage\/#breadcrumb\",\"itemListElement\":[{\"@type\":\"ListItem\",\"position\":1,\"name\":\"Home\",\"item\":\"https:\/\/maison4tiers.com\/maisonnette\/\"},{\"@type\":\"ListItem\",\"position\":2,\"name\":\"Films\",\"item\":\"https:\/\/maison4tiers.com\/maisonnette\/?page_id=35\"},{\"@type\":\"ListItem\",\"position\":3,\"name\":\"Un pays qui se tient sage\"}]},{\"@type\":\"WebSite\",\"@id\":\"https:\/\/maison4tiers.com\/maisonnette\/#website\",\"url\":\"https:\/\/maison4tiers.com\/maisonnette\/\",\"name\":\"Maisonnette\",\"description\":\"Distribution multiplateforme de films qu\u00e9b\u00e9cois et internationaux\",\"publisher\":{\"@id\":\"https:\/\/maison4tiers.com\/maisonnette\/#organization\"},\"potentialAction\":[{\"@type\":\"SearchAction\",\"target\":{\"@type\":\"EntryPoint\",\"urlTemplate\":\"https:\/\/maison4tiers.com\/maisonnette\/?s={search_term_string}\"},\"query-input\":{\"@type\":\"PropertyValueSpecification\",\"valueRequired\":true,\"valueName\":\"search_term_string\"}}],\"inLanguage\":\"fr-FR\"},{\"@type\":\"Organization\",\"@id\":\"https:\/\/maison4tiers.com\/maisonnette\/#organization\",\"name\":\"Maisonnette\",\"url\":\"https:\/\/maison4tiers.com\/maisonnette\/\",\"logo\":{\"@type\":\"ImageObject\",\"inLanguage\":\"fr-FR\",\"@id\":\"https:\/\/maison4tiers.com\/maisonnette\/#\/schema\/logo\/image\/\",\"url\":\"https:\/\/maison4tiers.com\/maisonnette\/wp-content\/uploads\/sites\/77\/2020\/11\/favicon-196.png\",\"contentUrl\":\"https:\/\/maison4tiers.com\/maisonnette\/wp-content\/uploads\/sites\/77\/2020\/11\/favicon-196.png\",\"width\":196,\"height\":196,\"caption\":\"Maisonnette\"},\"image\":{\"@id\":\"https:\/\/maison4tiers.com\/maisonnette\/#\/schema\/logo\/image\/\"}}]}<\/script>\n<!-- \/ Yoast SEO plugin. -->","yoast_head_json":{"title":"Un pays qui se tient sage - Maisonnette - DVD et en ligne - Voir maintenant","description":"\u00ab Un pays qui se tient sage \u00bb invite des citoyens \u00e0 approfondir, interroger et confronter leurs points de vue sur l'ordre social.","robots":{"index":"noindex","follow":"follow","max-snippet":"max-snippet:-1","max-image-preview":"max-image-preview:large","max-video-preview":"max-video-preview:-1"},"og_locale":"fr_FR","og_type":"article","og_title":"Un pays qui se tient sage","og_description":"\u00ab Un pays qui se tient sage \u00bb invite des citoyens \u00e0 approfondir, interroger et confronter leurs points de vue sur l'ordre social.","og_url":"https:\/\/maison4tiers.com\/maisonnette\/product\/un-pays-qui-se-tient-sage\/","og_site_name":"Maisonnette","article_modified_time":"2024-04-13T18:28:15+00:00","og_image":[{"width":800,"height":1200,"url":"https:\/\/maison4tiers.com\/maisonnette\/wp-content\/uploads\/sites\/77\/2021\/05\/63.jpg","type":"image\/jpeg"}],"twitter_card":"summary_large_image","twitter_title":"Un pays qui se tient sage","twitter_description":"\u00ab Un pays qui se tient sage \u00bb invite des citoyens \u00e0 approfondir, interroger et confronter leurs points de vue sur l'ordre social.","twitter_image":"https:\/\/maison4tiers.com\/maisonnette\/wp-content\/uploads\/sites\/77\/2021\/05\/63.jpg","schema":{"@context":"https:\/\/schema.org","@graph":[{"@type":"WebPage","@id":"https:\/\/maison4tiers.com\/maisonnette\/product\/un-pays-qui-se-tient-sage\/","url":"https:\/\/maison4tiers.com\/maisonnette\/product\/un-pays-qui-se-tient-sage\/","name":"Un pays qui se tient sage - Maisonnette - DVD et en ligne - Voir maintenant","isPartOf":{"@id":"https:\/\/maison4tiers.com\/maisonnette\/#website"},"primaryImageOfPage":{"@id":"https:\/\/maison4tiers.com\/maisonnette\/product\/un-pays-qui-se-tient-sage\/#primaryimage"},"image":{"@id":"https:\/\/maison4tiers.com\/maisonnette\/product\/un-pays-qui-se-tient-sage\/#primaryimage"},"thumbnailUrl":"https:\/\/maison4tiers.com\/maisonnette\/wp-content\/uploads\/sites\/77\/2021\/05\/63.jpg","datePublished":"2021-05-05T22:02:21+00:00","dateModified":"2024-04-13T18:28:15+00:00","description":"\u00ab Un pays qui se tient sage \u00bb invite des citoyens \u00e0 approfondir, interroger et confronter leurs points de vue sur l'ordre social.","breadcrumb":{"@id":"https:\/\/maison4tiers.com\/maisonnette\/product\/un-pays-qui-se-tient-sage\/#breadcrumb"},"inLanguage":"fr-FR","potentialAction":[{"@type":"ReadAction","target":["https:\/\/maison4tiers.com\/maisonnette\/product\/un-pays-qui-se-tient-sage\/"]}]},{"@type":"ImageObject","inLanguage":"fr-FR","@id":"https:\/\/maison4tiers.com\/maisonnette\/product\/un-pays-qui-se-tient-sage\/#primaryimage","url":"https:\/\/maison4tiers.com\/maisonnette\/wp-content\/uploads\/sites\/77\/2021\/05\/63.jpg","contentUrl":"https:\/\/maison4tiers.com\/maisonnette\/wp-content\/uploads\/sites\/77\/2021\/05\/63.jpg","width":800,"height":1200,"caption":"Un pays qui se tient sage"},{"@type":"BreadcrumbList","@id":"https:\/\/maison4tiers.com\/maisonnette\/product\/un-pays-qui-se-tient-sage\/#breadcrumb","itemListElement":[{"@type":"ListItem","position":1,"name":"Home","item":"https:\/\/maison4tiers.com\/maisonnette\/"},{"@type":"ListItem","position":2,"name":"Films","item":"https:\/\/maison4tiers.com\/maisonnette\/?page_id=35"},{"@type":"ListItem","position":3,"name":"Un pays qui se tient sage"}]},{"@type":"WebSite","@id":"https:\/\/maison4tiers.com\/maisonnette\/#website","url":"https:\/\/maison4tiers.com\/maisonnette\/","name":"Maisonnette","description":"Distribution multiplateforme de films qu\u00e9b\u00e9cois et internationaux","publisher":{"@id":"https:\/\/maison4tiers.com\/maisonnette\/#organization"},"potentialAction":[{"@type":"SearchAction","target":{"@type":"EntryPoint","urlTemplate":"https:\/\/maison4tiers.com\/maisonnette\/?s={search_term_string}"},"query-input":{"@type":"PropertyValueSpecification","valueRequired":true,"valueName":"search_term_string"}}],"inLanguage":"fr-FR"},{"@type":"Organization","@id":"https:\/\/maison4tiers.com\/maisonnette\/#organization","name":"Maisonnette","url":"https:\/\/maison4tiers.com\/maisonnette\/","logo":{"@type":"ImageObject","inLanguage":"fr-FR","@id":"https:\/\/maison4tiers.com\/maisonnette\/#\/schema\/logo\/image\/","url":"https:\/\/maison4tiers.com\/maisonnette\/wp-content\/uploads\/sites\/77\/2020\/11\/favicon-196.png","contentUrl":"https:\/\/maison4tiers.com\/maisonnette\/wp-content\/uploads\/sites\/77\/2020\/11\/favicon-196.png","width":196,"height":196,"caption":"Maisonnette"},"image":{"@id":"https:\/\/maison4tiers.com\/maisonnette\/#\/schema\/logo\/image\/"}}]}},"jetpack_sharing_enabled":true,"_links":{"self":[{"href":"https:\/\/maison4tiers.com\/maisonnette\/wp-json\/wp\/v2\/product\/6547","targetHints":{"allow":["GET"]}}],"collection":[{"href":"https:\/\/maison4tiers.com\/maisonnette\/wp-json\/wp\/v2\/product"}],"about":[{"href":"https:\/\/maison4tiers.com\/maisonnette\/wp-json\/wp\/v2\/types\/product"}],"wp:featuredmedia":[{"embeddable":true,"href":"https:\/\/maison4tiers.com\/maisonnette\/wp-json\/wp\/v2\/media\/7418"}],"wp:attachment":[{"href":"https:\/\/maison4tiers.com\/maisonnette\/wp-json\/wp\/v2\/media?parent=6547"}],"wp:term":[{"taxonomy":"product_brand","embeddable":true,"href":"https:\/\/maison4tiers.com\/maisonnette\/wp-json\/wp\/v2\/product_brand?post=6547"},{"taxonomy":"product_cat","embeddable":true,"href":"https:\/\/maison4tiers.com\/maisonnette\/wp-json\/wp\/v2\/product_cat?post=6547"},{"taxonomy":"product_tag","embeddable":true,"href":"https:\/\/maison4tiers.com\/maisonnette\/wp-json\/wp\/v2\/product_tag?post=6547"}],"curies":[{"name":"wp","href":"https:\/\/api.w.org\/{rel}","templated":true}]}}