{"id":6086,"date":"2021-03-16T16:14:37","date_gmt":"2021-03-16T20:14:37","guid":{"rendered":"https:\/\/maison4tiers.com\/?post_type=product&#038;p=6086"},"modified":"2023-12-24T12:23:52","modified_gmt":"2023-12-24T16:23:52","slug":"les-vieux-chums","status":"publish","type":"product","link":"https:\/\/maison4tiers.com\/maisonnette\/product\/les-vieux-chums\/","title":{"rendered":"Les vieux chums"},"excerpt":{"rendered":"<div class=\"page\" title=\"Page 3\">\n<div class=\"layoutArea\">\n<div class=\"column\">\n<p>Pierrot rentre a\u0300 Saint-Hyacinthe, sa ville natale, pour y revoir les gens et les lieux qu\u2019il aime et qu\u2019il a toujours porte\u0301s en lui, me\u0302me lorsqu\u2019il vivait a\u0300 l\u2019e\u0301tranger. Il vient boucler la boucle, fermer les livres. Serein, Pierrot n\u2019a aucune peur de cette mort qui se pointe pre\u0301mature\u0301ment. Il sollicite son ami d\u2019enfance, Jacques, pour l\u2019aider a\u0300 bien finir ses jours.<\/p>\n<p>La de\u0301marche qui est peu commune, me\u0300nera ne\u0301anmoins les deux amis vers une apaisante quie\u0301tude.<\/p>\n<blockquote><p><em>\u00ab D\u2019une redoutable pertinence \u00bb <\/em><a href=\"https:\/\/www.lesoleil.com\/arts\/cinema\/les-vieux-chums-le-sens-de-lineluctable--1-2-video-1a193a66a4e45e18b657ba8921836af3\" target=\"_blank\" rel=\"noopener\"><strong>LE SOLEIL<\/strong><\/a><\/p>\n<p>&nbsp;<\/p>\n<p class=\"p1\"><em>\u00ab Profond\u00e9ment sinc\u00e8re et attachant. \u00bb <\/em><strong><a href=\"https:\/\/www.journaldemontreal.com\/2021\/05\/20\/une-touchante-sincerite\" target=\"_blank\" rel=\"noopener\">JOURNAL DE MONTR\u00c9AL<\/a><\/strong><\/p>\n<p>&nbsp;<\/p>\n<p class=\"p1\"><em>\u00ab\u00a0Un duo d\u2019acteurs d\u2019une grande efficacit\u00e9.\u00a0\u00bb <\/em><strong><a href=\"https:\/\/avenues.ca\/chroniques\/\" target=\"_blank\" rel=\"noopener\">AVENUES.CA<\/a><\/strong><\/p>\n<p>&nbsp;<\/p>\n<p class=\"p1\"><em>\u00ab un sujet difficile et poignant. \u00bb <\/em><strong><a href=\"https:\/\/www.ledevoir.com\/culture\/cinema\/603074\/cinema-les-vieux-chums-le-film-intime-et-fragile-de-claude-gagnon\" target=\"_blank\" rel=\"noopener\">LE DEVOIR<\/a><\/strong><\/p>\n<\/blockquote>\n<\/div>\n<p><a href=\"https:\/\/maison4tiers.com\/categorie-produit\/film\/quebecois\/\" target=\"_blank\" rel=\"noopener\"><span style=\"text-decoration: underline;\"><strong>Voir les autres films qu\u00e9b\u00e9cois<\/strong><\/span><\/a><\/p>\n<p>&nbsp;<\/p>\n<p>*Disponible au Canada seulement<\/p>\n<\/div>\n<\/div>\n","protected":false},"featured_media":6100,"template":"","meta":{"_acf_changed":false,"_eb_attr":""},"product_brand":[],"product_cat":[105,120,45,119,136,131,142],"product_tag":[369,370,361,363,276,328,366,360,367,249,362,364,365,189,368],"class_list":{"0":"post-6086","1":"product","2":"type-product","3":"status-publish","4":"has-post-thumbnail","6":"product_cat-drame","7":"product_cat-fiction","8":"product_cat-film","9":"product_cat-quebecois","10":"product_cat-dvd","11":"product_cat-touslesfilms","12":"product_cat-numerique","13":"product_tag-amis","14":"product_tag-amitie","15":"product_tag-chums","16":"product_tag-claude-gagnon","17":"product_tag-drame","18":"product_tag-famille","19":"product_tag-hassan-el-fad","20":"product_tag-les-vieux-chums","21":"product_tag-maroc","22":"product_tag-nostalgie","23":"product_tag-old-buddies","24":"product_tag-patrick-labbe","25":"product_tag-paul-doucet","26":"product_tag-quebec","27":"product_tag-voyage","29":"first","30":"instock","31":"taxable","32":"shipping-taxable","33":"purchasable","34":"product-type-variable"},"acf":[],"yoast_head":"<!-- This site is optimized with the Yoast SEO plugin v27.0 - https:\/\/yoast.com\/product\/yoast-seo-wordpress\/ -->\n<title>Les vieux chums - Film qu\u00e9b\u00e9cois - Maisonnette - En ligne et DVD - \u00c0 voir!<\/title>\n<meta name=\"description\" content=\"Pierrot rentre a\u0300 Saint-Hyacinthe, sa ville natale, pour y revoir les gens et les lieux qu\u2019il aime et qu\u2019il a toujours porte\u0301s en lui.\" \/>\n<meta name=\"robots\" content=\"noindex, follow, max-snippet:-1, max-image-preview:large, max-video-preview:-1\" \/>\n<meta property=\"og:locale\" content=\"fr_FR\" \/>\n<meta property=\"og:type\" content=\"article\" \/>\n<meta property=\"og:title\" content=\"Les vieux chums\" \/>\n<meta property=\"og:description\" content=\"Pierrot rentre a\u0300 Saint-Hyacinthe, sa ville natale, pour y revoir les gens et les lieux qu\u2019il aime et qu\u2019il a toujours porte\u0301s en lui.\" \/>\n<meta property=\"og:url\" content=\"https:\/\/maison4tiers.com\/maisonnette\/product\/les-vieux-chums\/\" \/>\n<meta property=\"og:site_name\" content=\"Maisonnette\" \/>\n<meta property=\"article:modified_time\" content=\"2023-12-24T16:23:52+00:00\" \/>\n<meta property=\"og:image\" content=\"https:\/\/maison4tiers.com\/maisonnette\/wp-content\/uploads\/sites\/77\/2021\/03\/Chums_affiche_BOUTIQUE_800x1200.jpg\" \/>\n\t<meta property=\"og:image:width\" content=\"800\" \/>\n\t<meta property=\"og:image:height\" content=\"1200\" \/>\n\t<meta property=\"og:image:type\" content=\"image\/jpeg\" \/>\n<meta name=\"twitter:card\" content=\"summary_large_image\" \/>\n<meta name=\"twitter:title\" content=\"Les vieux chums\" \/>\n<meta name=\"twitter:description\" content=\"Pierrot rentre a\u0300 Saint-Hyacinthe, sa ville natale, pour y revoir les gens et les lieux qu\u2019il aime et qu\u2019il a toujours porte\u0301s en lui.\" \/>\n<meta name=\"twitter:image\" content=\"https:\/\/maison4tiers.com\/maisonnette\/wp-content\/uploads\/sites\/77\/2021\/03\/Chums_affiche_BOUTIQUE_800x1200.jpg\" \/>\n<script type=\"application\/ld+json\" class=\"yoast-schema-graph\">{\"@context\":\"https:\/\/schema.org\",\"@graph\":[{\"@type\":\"WebPage\",\"@id\":\"https:\/\/maison4tiers.com\/maisonnette\/product\/les-vieux-chums\/\",\"url\":\"https:\/\/maison4tiers.com\/maisonnette\/product\/les-vieux-chums\/\",\"name\":\"Les vieux chums - Film qu\u00e9b\u00e9cois - Maisonnette - En ligne et DVD - \u00c0 voir!\",\"isPartOf\":{\"@id\":\"https:\/\/maison4tiers.com\/maisonnette\/#website\"},\"primaryImageOfPage\":{\"@id\":\"https:\/\/maison4tiers.com\/maisonnette\/product\/les-vieux-chums\/#primaryimage\"},\"image\":{\"@id\":\"https:\/\/maison4tiers.com\/maisonnette\/product\/les-vieux-chums\/#primaryimage\"},\"thumbnailUrl\":\"https:\/\/maison4tiers.com\/maisonnette\/wp-content\/uploads\/sites\/77\/2021\/03\/Chums_affiche_BOUTIQUE_800x1200.jpg\",\"datePublished\":\"2021-03-16T20:14:37+00:00\",\"dateModified\":\"2023-12-24T16:23:52+00:00\",\"description\":\"Pierrot rentre a\u0300 Saint-Hyacinthe, sa ville natale, pour y revoir les gens et les lieux qu\u2019il aime et qu\u2019il a toujours porte\u0301s en lui.\",\"breadcrumb\":{\"@id\":\"https:\/\/maison4tiers.com\/maisonnette\/product\/les-vieux-chums\/#breadcrumb\"},\"inLanguage\":\"fr-FR\",\"potentialAction\":[{\"@type\":\"ReadAction\",\"target\":[\"https:\/\/maison4tiers.com\/maisonnette\/product\/les-vieux-chums\/\"]}]},{\"@type\":\"ImageObject\",\"inLanguage\":\"fr-FR\",\"@id\":\"https:\/\/maison4tiers.com\/maisonnette\/product\/les-vieux-chums\/#primaryimage\",\"url\":\"https:\/\/maison4tiers.com\/maisonnette\/wp-content\/uploads\/sites\/77\/2021\/03\/Chums_affiche_BOUTIQUE_800x1200.jpg\",\"contentUrl\":\"https:\/\/maison4tiers.com\/maisonnette\/wp-content\/uploads\/sites\/77\/2021\/03\/Chums_affiche_BOUTIQUE_800x1200.jpg\",\"width\":800,\"height\":1200,\"caption\":\"Les vieux chums\"},{\"@type\":\"BreadcrumbList\",\"@id\":\"https:\/\/maison4tiers.com\/maisonnette\/product\/les-vieux-chums\/#breadcrumb\",\"itemListElement\":[{\"@type\":\"ListItem\",\"position\":1,\"name\":\"Home\",\"item\":\"https:\/\/maison4tiers.com\/maisonnette\/\"},{\"@type\":\"ListItem\",\"position\":2,\"name\":\"Films\",\"item\":\"https:\/\/maison4tiers.com\/maisonnette\/?page_id=35\"},{\"@type\":\"ListItem\",\"position\":3,\"name\":\"Les vieux chums\"}]},{\"@type\":\"WebSite\",\"@id\":\"https:\/\/maison4tiers.com\/maisonnette\/#website\",\"url\":\"https:\/\/maison4tiers.com\/maisonnette\/\",\"name\":\"Maisonnette\",\"description\":\"Distribution multiplateforme de films qu\u00e9b\u00e9cois et internationaux\",\"publisher\":{\"@id\":\"https:\/\/maison4tiers.com\/maisonnette\/#organization\"},\"potentialAction\":[{\"@type\":\"SearchAction\",\"target\":{\"@type\":\"EntryPoint\",\"urlTemplate\":\"https:\/\/maison4tiers.com\/maisonnette\/?s={search_term_string}\"},\"query-input\":{\"@type\":\"PropertyValueSpecification\",\"valueRequired\":true,\"valueName\":\"search_term_string\"}}],\"inLanguage\":\"fr-FR\"},{\"@type\":\"Organization\",\"@id\":\"https:\/\/maison4tiers.com\/maisonnette\/#organization\",\"name\":\"Maisonnette\",\"url\":\"https:\/\/maison4tiers.com\/maisonnette\/\",\"logo\":{\"@type\":\"ImageObject\",\"inLanguage\":\"fr-FR\",\"@id\":\"https:\/\/maison4tiers.com\/maisonnette\/#\/schema\/logo\/image\/\",\"url\":\"https:\/\/maison4tiers.com\/maisonnette\/wp-content\/uploads\/sites\/77\/2020\/11\/favicon-196.png\",\"contentUrl\":\"https:\/\/maison4tiers.com\/maisonnette\/wp-content\/uploads\/sites\/77\/2020\/11\/favicon-196.png\",\"width\":196,\"height\":196,\"caption\":\"Maisonnette\"},\"image\":{\"@id\":\"https:\/\/maison4tiers.com\/maisonnette\/#\/schema\/logo\/image\/\"}}]}<\/script>\n<!-- \/ Yoast SEO plugin. -->","yoast_head_json":{"title":"Les vieux chums - Film qu\u00e9b\u00e9cois - Maisonnette - En ligne et DVD - \u00c0 voir!","description":"Pierrot rentre a\u0300 Saint-Hyacinthe, sa ville natale, pour y revoir les gens et les lieux qu\u2019il aime et qu\u2019il a toujours porte\u0301s en lui.","robots":{"index":"noindex","follow":"follow","max-snippet":"max-snippet:-1","max-image-preview":"max-image-preview:large","max-video-preview":"max-video-preview:-1"},"og_locale":"fr_FR","og_type":"article","og_title":"Les vieux chums","og_description":"Pierrot rentre a\u0300 Saint-Hyacinthe, sa ville natale, pour y revoir les gens et les lieux qu\u2019il aime et qu\u2019il a toujours porte\u0301s en lui.","og_url":"https:\/\/maison4tiers.com\/maisonnette\/product\/les-vieux-chums\/","og_site_name":"Maisonnette","article_modified_time":"2023-12-24T16:23:52+00:00","og_image":[{"width":800,"height":1200,"url":"https:\/\/maison4tiers.com\/maisonnette\/wp-content\/uploads\/sites\/77\/2021\/03\/Chums_affiche_BOUTIQUE_800x1200.jpg","type":"image\/jpeg"}],"twitter_card":"summary_large_image","twitter_title":"Les vieux chums","twitter_description":"Pierrot rentre a\u0300 Saint-Hyacinthe, sa ville natale, pour y revoir les gens et les lieux qu\u2019il aime et qu\u2019il a toujours porte\u0301s en lui.","twitter_image":"https:\/\/maison4tiers.com\/maisonnette\/wp-content\/uploads\/sites\/77\/2021\/03\/Chums_affiche_BOUTIQUE_800x1200.jpg","schema":{"@context":"https:\/\/schema.org","@graph":[{"@type":"WebPage","@id":"https:\/\/maison4tiers.com\/maisonnette\/product\/les-vieux-chums\/","url":"https:\/\/maison4tiers.com\/maisonnette\/product\/les-vieux-chums\/","name":"Les vieux chums - Film qu\u00e9b\u00e9cois - Maisonnette - En ligne et DVD - \u00c0 voir!","isPartOf":{"@id":"https:\/\/maison4tiers.com\/maisonnette\/#website"},"primaryImageOfPage":{"@id":"https:\/\/maison4tiers.com\/maisonnette\/product\/les-vieux-chums\/#primaryimage"},"image":{"@id":"https:\/\/maison4tiers.com\/maisonnette\/product\/les-vieux-chums\/#primaryimage"},"thumbnailUrl":"https:\/\/maison4tiers.com\/maisonnette\/wp-content\/uploads\/sites\/77\/2021\/03\/Chums_affiche_BOUTIQUE_800x1200.jpg","datePublished":"2021-03-16T20:14:37+00:00","dateModified":"2023-12-24T16:23:52+00:00","description":"Pierrot rentre a\u0300 Saint-Hyacinthe, sa ville natale, pour y revoir les gens et les lieux qu\u2019il aime et qu\u2019il a toujours porte\u0301s en lui.","breadcrumb":{"@id":"https:\/\/maison4tiers.com\/maisonnette\/product\/les-vieux-chums\/#breadcrumb"},"inLanguage":"fr-FR","potentialAction":[{"@type":"ReadAction","target":["https:\/\/maison4tiers.com\/maisonnette\/product\/les-vieux-chums\/"]}]},{"@type":"ImageObject","inLanguage":"fr-FR","@id":"https:\/\/maison4tiers.com\/maisonnette\/product\/les-vieux-chums\/#primaryimage","url":"https:\/\/maison4tiers.com\/maisonnette\/wp-content\/uploads\/sites\/77\/2021\/03\/Chums_affiche_BOUTIQUE_800x1200.jpg","contentUrl":"https:\/\/maison4tiers.com\/maisonnette\/wp-content\/uploads\/sites\/77\/2021\/03\/Chums_affiche_BOUTIQUE_800x1200.jpg","width":800,"height":1200,"caption":"Les vieux chums"},{"@type":"BreadcrumbList","@id":"https:\/\/maison4tiers.com\/maisonnette\/product\/les-vieux-chums\/#breadcrumb","itemListElement":[{"@type":"ListItem","position":1,"name":"Home","item":"https:\/\/maison4tiers.com\/maisonnette\/"},{"@type":"ListItem","position":2,"name":"Films","item":"https:\/\/maison4tiers.com\/maisonnette\/?page_id=35"},{"@type":"ListItem","position":3,"name":"Les vieux chums"}]},{"@type":"WebSite","@id":"https:\/\/maison4tiers.com\/maisonnette\/#website","url":"https:\/\/maison4tiers.com\/maisonnette\/","name":"Maisonnette","description":"Distribution multiplateforme de films qu\u00e9b\u00e9cois et internationaux","publisher":{"@id":"https:\/\/maison4tiers.com\/maisonnette\/#organization"},"potentialAction":[{"@type":"SearchAction","target":{"@type":"EntryPoint","urlTemplate":"https:\/\/maison4tiers.com\/maisonnette\/?s={search_term_string}"},"query-input":{"@type":"PropertyValueSpecification","valueRequired":true,"valueName":"search_term_string"}}],"inLanguage":"fr-FR"},{"@type":"Organization","@id":"https:\/\/maison4tiers.com\/maisonnette\/#organization","name":"Maisonnette","url":"https:\/\/maison4tiers.com\/maisonnette\/","logo":{"@type":"ImageObject","inLanguage":"fr-FR","@id":"https:\/\/maison4tiers.com\/maisonnette\/#\/schema\/logo\/image\/","url":"https:\/\/maison4tiers.com\/maisonnette\/wp-content\/uploads\/sites\/77\/2020\/11\/favicon-196.png","contentUrl":"https:\/\/maison4tiers.com\/maisonnette\/wp-content\/uploads\/sites\/77\/2020\/11\/favicon-196.png","width":196,"height":196,"caption":"Maisonnette"},"image":{"@id":"https:\/\/maison4tiers.com\/maisonnette\/#\/schema\/logo\/image\/"}}]}},"jetpack_sharing_enabled":true,"_links":{"self":[{"href":"https:\/\/maison4tiers.com\/maisonnette\/wp-json\/wp\/v2\/product\/6086","targetHints":{"allow":["GET"]}}],"collection":[{"href":"https:\/\/maison4tiers.com\/maisonnette\/wp-json\/wp\/v2\/product"}],"about":[{"href":"https:\/\/maison4tiers.com\/maisonnette\/wp-json\/wp\/v2\/types\/product"}],"wp:featuredmedia":[{"embeddable":true,"href":"https:\/\/maison4tiers.com\/maisonnette\/wp-json\/wp\/v2\/media\/6100"}],"wp:attachment":[{"href":"https:\/\/maison4tiers.com\/maisonnette\/wp-json\/wp\/v2\/media?parent=6086"}],"wp:term":[{"taxonomy":"product_brand","embeddable":true,"href":"https:\/\/maison4tiers.com\/maisonnette\/wp-json\/wp\/v2\/product_brand?post=6086"},{"taxonomy":"product_cat","embeddable":true,"href":"https:\/\/maison4tiers.com\/maisonnette\/wp-json\/wp\/v2\/product_cat?post=6086"},{"taxonomy":"product_tag","embeddable":true,"href":"https:\/\/maison4tiers.com\/maisonnette\/wp-json\/wp\/v2\/product_tag?post=6086"}],"curies":[{"name":"wp","href":"https:\/\/api.w.org\/{rel}","templated":true}]}}