{"id":5856,"date":"2021-03-10T16:40:57","date_gmt":"2021-03-10T20:40:57","guid":{"rendered":"https:\/\/maison4tiers.com\/?post_type=product&#038;p=5856"},"modified":"2023-02-09T15:09:56","modified_gmt":"2023-02-09T19:09:56","slug":"terrible-jungle","status":"publish","type":"product","link":"https:\/\/maison4tiers.com\/maisonnette\/product\/terrible-jungle\/","title":{"rendered":"Terrible Jungle"},"excerpt":{"rendered":"<p>Eliott, jeune chercheur na\u00eff, part \u00e9tudier les Otopis, un peuple myst\u00e9rieux d&rsquo;Amazonie. C&rsquo;est aussi l&rsquo;occasion pour lui de s&rsquo;\u00e9loigner de l&#8217;emprise de sa m\u00e8re, la possessive Chantal de Bellabre.<\/p>\n<blockquote><p><em>\u00ab Une com\u00e9die d\u2019aventure hilarante.\u00bb<br \/>\n<\/em>\u2605\u2605\u2605\u26051\/2<strong>\u00a0\u2013<a href=\"https:\/\/www.leparisien.fr\/culture-loisirs\/cinema\/terrible-jungle-une-comedie-d-aventure-hilarante-28-07-2020-8359962.php\" target=\"_blank\" rel=\"noopener\"> LE PARISIEN<\/a><\/strong><\/p>\n<p>&nbsp;<\/p>\n<p><em>\u00ab\u00a0Premier film de\u00a0Hugo Benamozig\u00a0et\u00a0David Caviglioli, un duo sorti de nulle part et qui s&rsquo;est pay\u00e9 le privil\u00e8ge miraculeux d&rsquo;un premier essai loin des cases habituelles : une com\u00e9die avec un amour de l&rsquo;absurde, et Catherine Deneuve embarqu\u00e9e \u00e0 leur plus grande surprise. Le r\u00e9sultat (&#8230;) est dot\u00e9\u00a0d&rsquo;une envie, d&rsquo;une \u00e9nergie, et d&rsquo;un app\u00e9tit d&rsquo;humour tellement charmants (et loin des codes TF1), que c&rsquo;est enchanteur.\u00a0\u00bb<br \/>\n-\u00c9cran Large <\/em><strong>\u2013 <a href=\"https:\/\/www.ecranlarge.com\/films\/critique\/1187049-terrible-jungle-critique-a-la-poursuite-du-gamin-vert\" target=\"_blank\" rel=\"noopener\">\u00c9CRAN LARGE<\/a><\/strong><\/p><\/blockquote>\n<p><a href=\"https:\/\/maison4tiers.com\/categorie-produit\/film\/comedie\/\" target=\"_blank\" rel=\"noopener\"><strong><span style=\"text-decoration: underline;\">Voir les autres com\u00e9dies<\/span><\/strong><\/a><\/p>\n<p>&nbsp;<\/p>\n<p><strong>*Disponible au Canada seulement<\/strong><\/p>\n","protected":false},"featured_media":7422,"template":"","meta":{"_acf_changed":false,"_eb_attr":""},"product_brand":[],"product_cat":[107,120,45,131,142],"product_tag":[379,378,381,382,384,380,383,376,204,285,375,324,203,374,373,372,371,377],"class_list":{"0":"post-5856","1":"product","2":"type-product","3":"status-publish","4":"has-post-thumbnail","6":"product_cat-comedie","7":"product_cat-fiction","8":"product_cat-film","9":"product_cat-touslesfilms","10":"product_cat-numerique","11":"product_tag-action","12":"product_tag-alice-belaidi","13":"product_tag-amazone","14":"product_tag-amazonie","15":"product_tag-anthropologie","16":"product_tag-aventure","17":"product_tag-bresil","18":"product_tag-catherine-deneuve","19":"product_tag-comedie","20":"product_tag-crime","21":"product_tag-david-caviglioli","22":"product_tag-enquete","23":"product_tag-france","24":"product_tag-hugo-benamozig","25":"product_tag-jonathan-cohen","26":"product_tag-jungle","27":"product_tag-terrible-jungle","28":"product_tag-vincent-dedienne","30":"first","31":"instock","32":"taxable","33":"shipping-taxable","34":"purchasable","35":"product-type-variable"},"acf":[],"yoast_head":"<!-- This site is optimized with the Yoast SEO plugin v27.0 - https:\/\/yoast.com\/product\/yoast-seo-wordpress\/ -->\n<title>Terrible Jungle - Com\u00e9die - Maisonnette - Voir en ligne maintenant!<\/title>\n<meta name=\"description\" content=\"Eliott, jeune chercheur na\u00eff, part \u00e9tudier les Otopis, un peuple myst\u00e9rieux de la jungle d&#039;Amazonie pour s&#039;\u00e9loigner de sa m\u00e8re.\" \/>\n<meta name=\"robots\" content=\"noindex, follow, max-snippet:-1, max-image-preview:large, max-video-preview:-1\" \/>\n<meta property=\"og:locale\" content=\"fr_FR\" \/>\n<meta property=\"og:type\" content=\"article\" \/>\n<meta property=\"og:title\" content=\"Terrible jungle\" \/>\n<meta property=\"og:description\" content=\"Eliott, jeune chercheur na\u00eff, part \u00e9tudier les Otopis, un peuple myst\u00e9rieux de la jungle d&#039;Amazonie pour s&#039;\u00e9loigner de sa m\u00e8re.\" \/>\n<meta property=\"og:url\" content=\"https:\/\/maison4tiers.com\/maisonnette\/product\/terrible-jungle\/\" \/>\n<meta property=\"og:site_name\" content=\"Maisonnette\" \/>\n<meta property=\"article:modified_time\" content=\"2023-02-09T19:09:56+00:00\" \/>\n<meta property=\"og:image\" content=\"https:\/\/maison4tiers.com\/maisonnette\/wp-content\/uploads\/sites\/77\/2021\/03\/60.jpg\" \/>\n\t<meta property=\"og:image:width\" content=\"800\" \/>\n\t<meta property=\"og:image:height\" content=\"1200\" \/>\n\t<meta property=\"og:image:type\" content=\"image\/jpeg\" \/>\n<meta name=\"twitter:card\" content=\"summary_large_image\" \/>\n<meta name=\"twitter:title\" content=\"Terrible jungle\" \/>\n<meta name=\"twitter:description\" content=\"Eliott, jeune chercheur na\u00eff, part \u00e9tudier les Otopis, un peuple myst\u00e9rieux de la jungle d&#039;Amazonie pour s&#039;\u00e9loigner de sa m\u00e8re.\" \/>\n<meta name=\"twitter:image\" content=\"https:\/\/maison4tiers.com\/maisonnette\/wp-content\/uploads\/sites\/77\/2021\/03\/60.jpg\" \/>\n<script type=\"application\/ld+json\" class=\"yoast-schema-graph\">{\"@context\":\"https:\/\/schema.org\",\"@graph\":[{\"@type\":\"WebPage\",\"@id\":\"https:\/\/maison4tiers.com\/maisonnette\/product\/terrible-jungle\/\",\"url\":\"https:\/\/maison4tiers.com\/maisonnette\/product\/terrible-jungle\/\",\"name\":\"Terrible Jungle - Com\u00e9die - Maisonnette - Voir en ligne maintenant!\",\"isPartOf\":{\"@id\":\"https:\/\/maison4tiers.com\/maisonnette\/#website\"},\"primaryImageOfPage\":{\"@id\":\"https:\/\/maison4tiers.com\/maisonnette\/product\/terrible-jungle\/#primaryimage\"},\"image\":{\"@id\":\"https:\/\/maison4tiers.com\/maisonnette\/product\/terrible-jungle\/#primaryimage\"},\"thumbnailUrl\":\"https:\/\/maison4tiers.com\/maisonnette\/wp-content\/uploads\/sites\/77\/2021\/03\/60.jpg\",\"datePublished\":\"2021-03-10T20:40:57+00:00\",\"dateModified\":\"2023-02-09T19:09:56+00:00\",\"description\":\"Eliott, jeune chercheur na\u00eff, part \u00e9tudier les Otopis, un peuple myst\u00e9rieux de la jungle d'Amazonie pour s'\u00e9loigner de sa m\u00e8re.\",\"breadcrumb\":{\"@id\":\"https:\/\/maison4tiers.com\/maisonnette\/product\/terrible-jungle\/#breadcrumb\"},\"inLanguage\":\"fr-FR\",\"potentialAction\":[{\"@type\":\"ReadAction\",\"target\":[\"https:\/\/maison4tiers.com\/maisonnette\/product\/terrible-jungle\/\"]}]},{\"@type\":\"ImageObject\",\"inLanguage\":\"fr-FR\",\"@id\":\"https:\/\/maison4tiers.com\/maisonnette\/product\/terrible-jungle\/#primaryimage\",\"url\":\"https:\/\/maison4tiers.com\/maisonnette\/wp-content\/uploads\/sites\/77\/2021\/03\/60.jpg\",\"contentUrl\":\"https:\/\/maison4tiers.com\/maisonnette\/wp-content\/uploads\/sites\/77\/2021\/03\/60.jpg\",\"width\":800,\"height\":1200,\"caption\":\"Terrible jungle\"},{\"@type\":\"BreadcrumbList\",\"@id\":\"https:\/\/maison4tiers.com\/maisonnette\/product\/terrible-jungle\/#breadcrumb\",\"itemListElement\":[{\"@type\":\"ListItem\",\"position\":1,\"name\":\"Home\",\"item\":\"https:\/\/maison4tiers.com\/maisonnette\/\"},{\"@type\":\"ListItem\",\"position\":2,\"name\":\"Films\",\"item\":\"https:\/\/maison4tiers.com\/maisonnette\/?page_id=35\"},{\"@type\":\"ListItem\",\"position\":3,\"name\":\"Terrible Jungle\"}]},{\"@type\":\"WebSite\",\"@id\":\"https:\/\/maison4tiers.com\/maisonnette\/#website\",\"url\":\"https:\/\/maison4tiers.com\/maisonnette\/\",\"name\":\"Maisonnette\",\"description\":\"Distribution multiplateforme de films qu\u00e9b\u00e9cois et internationaux\",\"publisher\":{\"@id\":\"https:\/\/maison4tiers.com\/maisonnette\/#organization\"},\"potentialAction\":[{\"@type\":\"SearchAction\",\"target\":{\"@type\":\"EntryPoint\",\"urlTemplate\":\"https:\/\/maison4tiers.com\/maisonnette\/?s={search_term_string}\"},\"query-input\":{\"@type\":\"PropertyValueSpecification\",\"valueRequired\":true,\"valueName\":\"search_term_string\"}}],\"inLanguage\":\"fr-FR\"},{\"@type\":\"Organization\",\"@id\":\"https:\/\/maison4tiers.com\/maisonnette\/#organization\",\"name\":\"Maisonnette\",\"url\":\"https:\/\/maison4tiers.com\/maisonnette\/\",\"logo\":{\"@type\":\"ImageObject\",\"inLanguage\":\"fr-FR\",\"@id\":\"https:\/\/maison4tiers.com\/maisonnette\/#\/schema\/logo\/image\/\",\"url\":\"https:\/\/maison4tiers.com\/maisonnette\/wp-content\/uploads\/sites\/77\/2020\/11\/favicon-196.png\",\"contentUrl\":\"https:\/\/maison4tiers.com\/maisonnette\/wp-content\/uploads\/sites\/77\/2020\/11\/favicon-196.png\",\"width\":196,\"height\":196,\"caption\":\"Maisonnette\"},\"image\":{\"@id\":\"https:\/\/maison4tiers.com\/maisonnette\/#\/schema\/logo\/image\/\"}}]}<\/script>\n<!-- \/ Yoast SEO plugin. -->","yoast_head_json":{"title":"Terrible Jungle - Com\u00e9die - Maisonnette - Voir en ligne maintenant!","description":"Eliott, jeune chercheur na\u00eff, part \u00e9tudier les Otopis, un peuple myst\u00e9rieux de la jungle d'Amazonie pour s'\u00e9loigner de sa m\u00e8re.","robots":{"index":"noindex","follow":"follow","max-snippet":"max-snippet:-1","max-image-preview":"max-image-preview:large","max-video-preview":"max-video-preview:-1"},"og_locale":"fr_FR","og_type":"article","og_title":"Terrible jungle","og_description":"Eliott, jeune chercheur na\u00eff, part \u00e9tudier les Otopis, un peuple myst\u00e9rieux de la jungle d'Amazonie pour s'\u00e9loigner de sa m\u00e8re.","og_url":"https:\/\/maison4tiers.com\/maisonnette\/product\/terrible-jungle\/","og_site_name":"Maisonnette","article_modified_time":"2023-02-09T19:09:56+00:00","og_image":[{"width":800,"height":1200,"url":"https:\/\/maison4tiers.com\/maisonnette\/wp-content\/uploads\/sites\/77\/2021\/03\/60.jpg","type":"image\/jpeg"}],"twitter_card":"summary_large_image","twitter_title":"Terrible jungle","twitter_description":"Eliott, jeune chercheur na\u00eff, part \u00e9tudier les Otopis, un peuple myst\u00e9rieux de la jungle d'Amazonie pour s'\u00e9loigner de sa m\u00e8re.","twitter_image":"https:\/\/maison4tiers.com\/maisonnette\/wp-content\/uploads\/sites\/77\/2021\/03\/60.jpg","schema":{"@context":"https:\/\/schema.org","@graph":[{"@type":"WebPage","@id":"https:\/\/maison4tiers.com\/maisonnette\/product\/terrible-jungle\/","url":"https:\/\/maison4tiers.com\/maisonnette\/product\/terrible-jungle\/","name":"Terrible Jungle - Com\u00e9die - Maisonnette - Voir en ligne maintenant!","isPartOf":{"@id":"https:\/\/maison4tiers.com\/maisonnette\/#website"},"primaryImageOfPage":{"@id":"https:\/\/maison4tiers.com\/maisonnette\/product\/terrible-jungle\/#primaryimage"},"image":{"@id":"https:\/\/maison4tiers.com\/maisonnette\/product\/terrible-jungle\/#primaryimage"},"thumbnailUrl":"https:\/\/maison4tiers.com\/maisonnette\/wp-content\/uploads\/sites\/77\/2021\/03\/60.jpg","datePublished":"2021-03-10T20:40:57+00:00","dateModified":"2023-02-09T19:09:56+00:00","description":"Eliott, jeune chercheur na\u00eff, part \u00e9tudier les Otopis, un peuple myst\u00e9rieux de la jungle d'Amazonie pour s'\u00e9loigner de sa m\u00e8re.","breadcrumb":{"@id":"https:\/\/maison4tiers.com\/maisonnette\/product\/terrible-jungle\/#breadcrumb"},"inLanguage":"fr-FR","potentialAction":[{"@type":"ReadAction","target":["https:\/\/maison4tiers.com\/maisonnette\/product\/terrible-jungle\/"]}]},{"@type":"ImageObject","inLanguage":"fr-FR","@id":"https:\/\/maison4tiers.com\/maisonnette\/product\/terrible-jungle\/#primaryimage","url":"https:\/\/maison4tiers.com\/maisonnette\/wp-content\/uploads\/sites\/77\/2021\/03\/60.jpg","contentUrl":"https:\/\/maison4tiers.com\/maisonnette\/wp-content\/uploads\/sites\/77\/2021\/03\/60.jpg","width":800,"height":1200,"caption":"Terrible jungle"},{"@type":"BreadcrumbList","@id":"https:\/\/maison4tiers.com\/maisonnette\/product\/terrible-jungle\/#breadcrumb","itemListElement":[{"@type":"ListItem","position":1,"name":"Home","item":"https:\/\/maison4tiers.com\/maisonnette\/"},{"@type":"ListItem","position":2,"name":"Films","item":"https:\/\/maison4tiers.com\/maisonnette\/?page_id=35"},{"@type":"ListItem","position":3,"name":"Terrible Jungle"}]},{"@type":"WebSite","@id":"https:\/\/maison4tiers.com\/maisonnette\/#website","url":"https:\/\/maison4tiers.com\/maisonnette\/","name":"Maisonnette","description":"Distribution multiplateforme de films qu\u00e9b\u00e9cois et internationaux","publisher":{"@id":"https:\/\/maison4tiers.com\/maisonnette\/#organization"},"potentialAction":[{"@type":"SearchAction","target":{"@type":"EntryPoint","urlTemplate":"https:\/\/maison4tiers.com\/maisonnette\/?s={search_term_string}"},"query-input":{"@type":"PropertyValueSpecification","valueRequired":true,"valueName":"search_term_string"}}],"inLanguage":"fr-FR"},{"@type":"Organization","@id":"https:\/\/maison4tiers.com\/maisonnette\/#organization","name":"Maisonnette","url":"https:\/\/maison4tiers.com\/maisonnette\/","logo":{"@type":"ImageObject","inLanguage":"fr-FR","@id":"https:\/\/maison4tiers.com\/maisonnette\/#\/schema\/logo\/image\/","url":"https:\/\/maison4tiers.com\/maisonnette\/wp-content\/uploads\/sites\/77\/2020\/11\/favicon-196.png","contentUrl":"https:\/\/maison4tiers.com\/maisonnette\/wp-content\/uploads\/sites\/77\/2020\/11\/favicon-196.png","width":196,"height":196,"caption":"Maisonnette"},"image":{"@id":"https:\/\/maison4tiers.com\/maisonnette\/#\/schema\/logo\/image\/"}}]}},"jetpack_sharing_enabled":true,"_links":{"self":[{"href":"https:\/\/maison4tiers.com\/maisonnette\/wp-json\/wp\/v2\/product\/5856","targetHints":{"allow":["GET"]}}],"collection":[{"href":"https:\/\/maison4tiers.com\/maisonnette\/wp-json\/wp\/v2\/product"}],"about":[{"href":"https:\/\/maison4tiers.com\/maisonnette\/wp-json\/wp\/v2\/types\/product"}],"wp:featuredmedia":[{"embeddable":true,"href":"https:\/\/maison4tiers.com\/maisonnette\/wp-json\/wp\/v2\/media\/7422"}],"wp:attachment":[{"href":"https:\/\/maison4tiers.com\/maisonnette\/wp-json\/wp\/v2\/media?parent=5856"}],"wp:term":[{"taxonomy":"product_brand","embeddable":true,"href":"https:\/\/maison4tiers.com\/maisonnette\/wp-json\/wp\/v2\/product_brand?post=5856"},{"taxonomy":"product_cat","embeddable":true,"href":"https:\/\/maison4tiers.com\/maisonnette\/wp-json\/wp\/v2\/product_cat?post=5856"},{"taxonomy":"product_tag","embeddable":true,"href":"https:\/\/maison4tiers.com\/maisonnette\/wp-json\/wp\/v2\/product_tag?post=5856"}],"curies":[{"name":"wp","href":"https:\/\/api.w.org\/{rel}","templated":true}]}}