{"id":4672,"date":"2018-01-12T00:00:34","date_gmt":"2018-01-12T04:00:34","guid":{"rendered":"https:\/\/maison4tiers.com\/?post_type=product&#038;p=4672"},"modified":"2023-11-05T16:05:37","modified_gmt":"2023-11-05T20:05:37","slug":"repertoire-des-villes-disparues","status":"publish","type":"product","link":"https:\/\/maison4tiers.com\/maisonnette\/product\/repertoire-des-villes-disparues\/","title":{"rendered":"R\u00e9pertoire des villes disparues"},"excerpt":{"rendered":"<p>\u00c0 Ir\u00e9n\u00e9e-les-Neiges, bourgade perdue de 215 habitants, Simon Dub\u00e9 perd la vie en voiture. Choqu\u00e9s, les gens n\u2019osent trop parler des circonstances de la trag\u00e9die. Dor\u00e9navant, pour la famille Dub\u00e9, la mairesse Smallwood et une poign\u00e9e d\u2019autres, le temps semble se rompre et les jours flottent sans fin. Quelque chose s\u2019abat lentement sur la r\u00e9gion. Dans ce deuil et ce brouillard, des \u00e9trangers sont vus. Qui sont-ils? Que se passe-t-il?<\/p>\n<blockquote><p><em>\u00ab R\u00e9pertoire des villes disparues\u00a0n&rsquo;a rien du film de zombies ou du film d&rsquo;horreur. Mais il traduit de fa\u00e7on subtile, sans effets spectaculaires, une part de ce que nous sommes. \u00bb<br \/>\n<\/em><strong>\u2013<a href=\"https:\/\/www.lapresse.ca\/cinema\/critiques\/201902\/15\/01-5214890-repertoire-des-villes-disparues-une-part-de-ce-que-nous-sommes-12.php\" target=\"_blank\" rel=\"noopener\">LA PRESSE<\/a><\/strong><\/p><\/blockquote>\n<p><strong><a href=\"\/categorie-produit\/film\/quebecois\/\" target=\"_blank\" rel=\"noopener\"><span style=\"text-decoration: underline;\">Voir les autres films qu\u00e9b\u00e9cois<\/span><\/a><\/strong><\/p>\n<p>&nbsp;<\/p>\n<p><strong>*Disponible au Canada seulement<\/strong><\/p>\n","protected":false},"featured_media":7472,"template":"","meta":{"_acf_changed":false,"_eb_attr":""},"product_brand":[],"product_cat":[105,45,119,136,131,142],"product_tag":[],"class_list":{"0":"post-4672","1":"product","2":"type-product","3":"status-publish","4":"has-post-thumbnail","6":"product_cat-drame","7":"product_cat-film","8":"product_cat-quebecois","9":"product_cat-dvd","10":"product_cat-touslesfilms","11":"product_cat-numerique","12":"product_shipping_class-livraison","14":"first","15":"instock","16":"taxable","17":"shipping-taxable","18":"purchasable","19":"product-type-variable","20":"has-default-attributes"},"acf":[],"yoast_head":"<!-- This site is optimized with the Yoast SEO plugin v27.0 - https:\/\/yoast.com\/product\/yoast-seo-wordpress\/ -->\n<title>R\u00e9pertoire des villes disparues - Film Qu\u00e9b\u00e9cois - Maisonnette -<\/title>\n<meta name=\"description\" content=\"R\u00e9pertoire des villes disparues. \u00c0 Ir\u00e9n\u00e9e-les-Neiges, bourgade perdue de 215 habitants, Simon Dub\u00e9 perd la vie en voiture.\" \/>\n<meta name=\"robots\" content=\"noindex, follow, max-snippet:-1, max-image-preview:large, max-video-preview:-1\" \/>\n<meta property=\"og:locale\" content=\"fr_FR\" \/>\n<meta property=\"og:type\" content=\"article\" \/>\n<meta property=\"og:title\" content=\"R\u00e9pertoire des villes disparues\" \/>\n<meta property=\"og:description\" content=\"Dans un ville perdue de 215 habitants, un homme perd la vie en voiture. Choqu\u00e9s, les gens n\u2019osent trop parler des circonstances de la trag\u00e9die.\" \/>\n<meta property=\"og:url\" content=\"https:\/\/maison4tiers.com\/maisonnette\/product\/repertoire-des-villes-disparues\/\" \/>\n<meta property=\"og:site_name\" content=\"Maisonnette\" \/>\n<meta property=\"article:modified_time\" content=\"2023-11-05T20:05:37+00:00\" \/>\n<meta property=\"og:image\" content=\"https:\/\/maison4tiers.com\/maisonnette\/wp-content\/uploads\/sites\/77\/2018\/01\/47.jpg\" \/>\n\t<meta property=\"og:image:width\" content=\"800\" \/>\n\t<meta property=\"og:image:height\" content=\"1200\" \/>\n\t<meta property=\"og:image:type\" content=\"image\/jpeg\" \/>\n<meta name=\"twitter:card\" content=\"summary_large_image\" \/>\n<meta name=\"twitter:title\" content=\"R\u00e9pertoire des villes disparues\" \/>\n<meta name=\"twitter:description\" content=\"Dans un ville perdue de 215 habitants, un homme perd la vie en voiture. Choqu\u00e9s, les gens n\u2019osent trop parler des circonstances de la trag\u00e9die.\" \/>\n<meta name=\"twitter:image\" content=\"https:\/\/maison4tiers.com\/maisonnette\/wp-content\/uploads\/sites\/77\/2018\/01\/47.jpg\" \/>\n<script type=\"application\/ld+json\" class=\"yoast-schema-graph\">{\"@context\":\"https:\/\/schema.org\",\"@graph\":[{\"@type\":\"WebPage\",\"@id\":\"https:\/\/maison4tiers.com\/maisonnette\/product\/repertoire-des-villes-disparues\/\",\"url\":\"https:\/\/maison4tiers.com\/maisonnette\/product\/repertoire-des-villes-disparues\/\",\"name\":\"R\u00e9pertoire des villes disparues - Film Qu\u00e9b\u00e9cois - Maisonnette -\",\"isPartOf\":{\"@id\":\"https:\/\/maison4tiers.com\/maisonnette\/#website\"},\"primaryImageOfPage\":{\"@id\":\"https:\/\/maison4tiers.com\/maisonnette\/product\/repertoire-des-villes-disparues\/#primaryimage\"},\"image\":{\"@id\":\"https:\/\/maison4tiers.com\/maisonnette\/product\/repertoire-des-villes-disparues\/#primaryimage\"},\"thumbnailUrl\":\"https:\/\/maison4tiers.com\/maisonnette\/wp-content\/uploads\/sites\/77\/2018\/01\/47.jpg\",\"datePublished\":\"2018-01-12T04:00:34+00:00\",\"dateModified\":\"2023-11-05T20:05:37+00:00\",\"description\":\"R\u00e9pertoire des villes disparues. \u00c0 Ir\u00e9n\u00e9e-les-Neiges, bourgade perdue de 215 habitants, Simon Dub\u00e9 perd la vie en voiture.\",\"breadcrumb\":{\"@id\":\"https:\/\/maison4tiers.com\/maisonnette\/product\/repertoire-des-villes-disparues\/#breadcrumb\"},\"inLanguage\":\"fr-FR\",\"potentialAction\":[{\"@type\":\"ReadAction\",\"target\":[\"https:\/\/maison4tiers.com\/maisonnette\/product\/repertoire-des-villes-disparues\/\"]}]},{\"@type\":\"ImageObject\",\"inLanguage\":\"fr-FR\",\"@id\":\"https:\/\/maison4tiers.com\/maisonnette\/product\/repertoire-des-villes-disparues\/#primaryimage\",\"url\":\"https:\/\/maison4tiers.com\/maisonnette\/wp-content\/uploads\/sites\/77\/2018\/01\/47.jpg\",\"contentUrl\":\"https:\/\/maison4tiers.com\/maisonnette\/wp-content\/uploads\/sites\/77\/2018\/01\/47.jpg\",\"width\":800,\"height\":1200,\"caption\":\"R\u00e9pertoire des villes disparues\"},{\"@type\":\"BreadcrumbList\",\"@id\":\"https:\/\/maison4tiers.com\/maisonnette\/product\/repertoire-des-villes-disparues\/#breadcrumb\",\"itemListElement\":[{\"@type\":\"ListItem\",\"position\":1,\"name\":\"Home\",\"item\":\"https:\/\/maison4tiers.com\/maisonnette\/\"},{\"@type\":\"ListItem\",\"position\":2,\"name\":\"Films\",\"item\":\"https:\/\/maison4tiers.com\/maisonnette\/?page_id=35\"},{\"@type\":\"ListItem\",\"position\":3,\"name\":\"R\u00e9pertoire des villes disparues\"}]},{\"@type\":\"WebSite\",\"@id\":\"https:\/\/maison4tiers.com\/maisonnette\/#website\",\"url\":\"https:\/\/maison4tiers.com\/maisonnette\/\",\"name\":\"Maisonnette\",\"description\":\"Distribution multiplateforme de films qu\u00e9b\u00e9cois et internationaux\",\"publisher\":{\"@id\":\"https:\/\/maison4tiers.com\/maisonnette\/#organization\"},\"potentialAction\":[{\"@type\":\"SearchAction\",\"target\":{\"@type\":\"EntryPoint\",\"urlTemplate\":\"https:\/\/maison4tiers.com\/maisonnette\/?s={search_term_string}\"},\"query-input\":{\"@type\":\"PropertyValueSpecification\",\"valueRequired\":true,\"valueName\":\"search_term_string\"}}],\"inLanguage\":\"fr-FR\"},{\"@type\":\"Organization\",\"@id\":\"https:\/\/maison4tiers.com\/maisonnette\/#organization\",\"name\":\"Maisonnette\",\"url\":\"https:\/\/maison4tiers.com\/maisonnette\/\",\"logo\":{\"@type\":\"ImageObject\",\"inLanguage\":\"fr-FR\",\"@id\":\"https:\/\/maison4tiers.com\/maisonnette\/#\/schema\/logo\/image\/\",\"url\":\"https:\/\/maison4tiers.com\/maisonnette\/wp-content\/uploads\/sites\/77\/2020\/11\/favicon-196.png\",\"contentUrl\":\"https:\/\/maison4tiers.com\/maisonnette\/wp-content\/uploads\/sites\/77\/2020\/11\/favicon-196.png\",\"width\":196,\"height\":196,\"caption\":\"Maisonnette\"},\"image\":{\"@id\":\"https:\/\/maison4tiers.com\/maisonnette\/#\/schema\/logo\/image\/\"}}]}<\/script>\n<!-- \/ Yoast SEO plugin. -->","yoast_head_json":{"title":"R\u00e9pertoire des villes disparues - Film Qu\u00e9b\u00e9cois - Maisonnette -","description":"R\u00e9pertoire des villes disparues. \u00c0 Ir\u00e9n\u00e9e-les-Neiges, bourgade perdue de 215 habitants, Simon Dub\u00e9 perd la vie en voiture.","robots":{"index":"noindex","follow":"follow","max-snippet":"max-snippet:-1","max-image-preview":"max-image-preview:large","max-video-preview":"max-video-preview:-1"},"og_locale":"fr_FR","og_type":"article","og_title":"R\u00e9pertoire des villes disparues","og_description":"Dans un ville perdue de 215 habitants, un homme perd la vie en voiture. Choqu\u00e9s, les gens n\u2019osent trop parler des circonstances de la trag\u00e9die.","og_url":"https:\/\/maison4tiers.com\/maisonnette\/product\/repertoire-des-villes-disparues\/","og_site_name":"Maisonnette","article_modified_time":"2023-11-05T20:05:37+00:00","og_image":[{"width":800,"height":1200,"url":"https:\/\/maison4tiers.com\/maisonnette\/wp-content\/uploads\/sites\/77\/2018\/01\/47.jpg","type":"image\/jpeg"}],"twitter_card":"summary_large_image","twitter_title":"R\u00e9pertoire des villes disparues","twitter_description":"Dans un ville perdue de 215 habitants, un homme perd la vie en voiture. Choqu\u00e9s, les gens n\u2019osent trop parler des circonstances de la trag\u00e9die.","twitter_image":"https:\/\/maison4tiers.com\/maisonnette\/wp-content\/uploads\/sites\/77\/2018\/01\/47.jpg","schema":{"@context":"https:\/\/schema.org","@graph":[{"@type":"WebPage","@id":"https:\/\/maison4tiers.com\/maisonnette\/product\/repertoire-des-villes-disparues\/","url":"https:\/\/maison4tiers.com\/maisonnette\/product\/repertoire-des-villes-disparues\/","name":"R\u00e9pertoire des villes disparues - Film Qu\u00e9b\u00e9cois - Maisonnette -","isPartOf":{"@id":"https:\/\/maison4tiers.com\/maisonnette\/#website"},"primaryImageOfPage":{"@id":"https:\/\/maison4tiers.com\/maisonnette\/product\/repertoire-des-villes-disparues\/#primaryimage"},"image":{"@id":"https:\/\/maison4tiers.com\/maisonnette\/product\/repertoire-des-villes-disparues\/#primaryimage"},"thumbnailUrl":"https:\/\/maison4tiers.com\/maisonnette\/wp-content\/uploads\/sites\/77\/2018\/01\/47.jpg","datePublished":"2018-01-12T04:00:34+00:00","dateModified":"2023-11-05T20:05:37+00:00","description":"R\u00e9pertoire des villes disparues. \u00c0 Ir\u00e9n\u00e9e-les-Neiges, bourgade perdue de 215 habitants, Simon Dub\u00e9 perd la vie en voiture.","breadcrumb":{"@id":"https:\/\/maison4tiers.com\/maisonnette\/product\/repertoire-des-villes-disparues\/#breadcrumb"},"inLanguage":"fr-FR","potentialAction":[{"@type":"ReadAction","target":["https:\/\/maison4tiers.com\/maisonnette\/product\/repertoire-des-villes-disparues\/"]}]},{"@type":"ImageObject","inLanguage":"fr-FR","@id":"https:\/\/maison4tiers.com\/maisonnette\/product\/repertoire-des-villes-disparues\/#primaryimage","url":"https:\/\/maison4tiers.com\/maisonnette\/wp-content\/uploads\/sites\/77\/2018\/01\/47.jpg","contentUrl":"https:\/\/maison4tiers.com\/maisonnette\/wp-content\/uploads\/sites\/77\/2018\/01\/47.jpg","width":800,"height":1200,"caption":"R\u00e9pertoire des villes disparues"},{"@type":"BreadcrumbList","@id":"https:\/\/maison4tiers.com\/maisonnette\/product\/repertoire-des-villes-disparues\/#breadcrumb","itemListElement":[{"@type":"ListItem","position":1,"name":"Home","item":"https:\/\/maison4tiers.com\/maisonnette\/"},{"@type":"ListItem","position":2,"name":"Films","item":"https:\/\/maison4tiers.com\/maisonnette\/?page_id=35"},{"@type":"ListItem","position":3,"name":"R\u00e9pertoire des villes disparues"}]},{"@type":"WebSite","@id":"https:\/\/maison4tiers.com\/maisonnette\/#website","url":"https:\/\/maison4tiers.com\/maisonnette\/","name":"Maisonnette","description":"Distribution multiplateforme de films qu\u00e9b\u00e9cois et internationaux","publisher":{"@id":"https:\/\/maison4tiers.com\/maisonnette\/#organization"},"potentialAction":[{"@type":"SearchAction","target":{"@type":"EntryPoint","urlTemplate":"https:\/\/maison4tiers.com\/maisonnette\/?s={search_term_string}"},"query-input":{"@type":"PropertyValueSpecification","valueRequired":true,"valueName":"search_term_string"}}],"inLanguage":"fr-FR"},{"@type":"Organization","@id":"https:\/\/maison4tiers.com\/maisonnette\/#organization","name":"Maisonnette","url":"https:\/\/maison4tiers.com\/maisonnette\/","logo":{"@type":"ImageObject","inLanguage":"fr-FR","@id":"https:\/\/maison4tiers.com\/maisonnette\/#\/schema\/logo\/image\/","url":"https:\/\/maison4tiers.com\/maisonnette\/wp-content\/uploads\/sites\/77\/2020\/11\/favicon-196.png","contentUrl":"https:\/\/maison4tiers.com\/maisonnette\/wp-content\/uploads\/sites\/77\/2020\/11\/favicon-196.png","width":196,"height":196,"caption":"Maisonnette"},"image":{"@id":"https:\/\/maison4tiers.com\/maisonnette\/#\/schema\/logo\/image\/"}}]}},"jetpack_sharing_enabled":true,"_links":{"self":[{"href":"https:\/\/maison4tiers.com\/maisonnette\/wp-json\/wp\/v2\/product\/4672","targetHints":{"allow":["GET"]}}],"collection":[{"href":"https:\/\/maison4tiers.com\/maisonnette\/wp-json\/wp\/v2\/product"}],"about":[{"href":"https:\/\/maison4tiers.com\/maisonnette\/wp-json\/wp\/v2\/types\/product"}],"wp:featuredmedia":[{"embeddable":true,"href":"https:\/\/maison4tiers.com\/maisonnette\/wp-json\/wp\/v2\/media\/7472"}],"wp:attachment":[{"href":"https:\/\/maison4tiers.com\/maisonnette\/wp-json\/wp\/v2\/media?parent=4672"}],"wp:term":[{"taxonomy":"product_brand","embeddable":true,"href":"https:\/\/maison4tiers.com\/maisonnette\/wp-json\/wp\/v2\/product_brand?post=4672"},{"taxonomy":"product_cat","embeddable":true,"href":"https:\/\/maison4tiers.com\/maisonnette\/wp-json\/wp\/v2\/product_cat?post=4672"},{"taxonomy":"product_tag","embeddable":true,"href":"https:\/\/maison4tiers.com\/maisonnette\/wp-json\/wp\/v2\/product_tag?post=4672"}],"curies":[{"name":"wp","href":"https:\/\/api.w.org\/{rel}","templated":true}]}}