{"id":4651,"date":"2019-01-12T00:00:08","date_gmt":"2019-01-12T04:00:08","guid":{"rendered":"https:\/\/maison4tiers.com\/?post_type=product&#038;p=4651"},"modified":"2023-11-05T16:17:31","modified_gmt":"2023-11-05T20:17:31","slug":"la-fameuse-invasion-des-ours-en-sicile","status":"publish","type":"product","link":"https:\/\/maison4tiers.com\/maisonnette\/product\/la-fameuse-invasion-des-ours-en-sicile\/","title":{"rendered":"La fameuse invasion des ours en Sicile"},"excerpt":{"rendered":"<p>Tout commence en Sicile, le jour ou\u0300 Tonio, le fils de Le\u0301once, roi des ours, est enleve\u0301 par des chasseurs\u2026 Profitant de la rigueur d\u2019un hiver qui menace son peuple de famine, le roi Le\u0301once de\u0301cide de partir a\u0300 la recherche de Tonio et d\u2019envahir la plaine ou\u0300 habitent les hommes. Avec l\u2019aide de son arme\u0301e et d\u2019un magicien, il finit par retrouver Tonio et prend la te\u0302te du pays. Mais il comprendra vite que le peuple des ours n\u2019est peut-e\u0302tre pas fait pour vivre au pays des hommes.<\/p>\n<blockquote><p>\u2605\u2605\u2605\u2605 <strong>\u2013\u00a0<a href=\"https:\/\/www.ledevoir.com\/culture\/cinema\/573866\/la-fameuse-invasion-des-ours-en-sicile-l-age-de-miel\" target=\"_blank\" rel=\"noopener\">LE DEVOIR<\/a><\/strong><\/p><\/blockquote>\n<p><strong><a href=\"https:\/\/maison4tiers.com\/categorie-produit\/film\/animation\/\" target=\"_blank\" rel=\"noopener\"><span style=\"text-decoration: underline;\">Voir les autres films d&rsquo;animation<\/span><\/a><\/strong><\/p>\n<p>&nbsp;<\/p>\n<p><strong>*Film disponible au Canada seulement<\/strong><\/p>\n","protected":false},"featured_media":7454,"template":"","meta":{"_acf_changed":false,"_eb_attr":""},"product_brand":[],"product_cat":[113,123,45,136,131,142],"product_tag":[],"class_list":{"0":"post-4651","1":"product","2":"type-product","3":"status-publish","4":"has-post-thumbnail","6":"product_cat-animation","7":"product_cat-famille","8":"product_cat-film","9":"product_cat-dvd","10":"product_cat-touslesfilms","11":"product_cat-numerique","12":"product_shipping_class-livraison","14":"first","15":"instock","16":"taxable","17":"shipping-taxable","18":"purchasable","19":"product-type-variable","20":"has-default-attributes"},"acf":[],"yoast_head":"<!-- This site is optimized with the Yoast SEO plugin v27.0 - https:\/\/yoast.com\/product\/yoast-seo-wordpress\/ -->\n<title>La fameuse invasion des ours en Sicile - Film d&#039;animation - Maisonnette -<\/title>\n<meta name=\"description\" content=\"Pour sauver son fils qui a \u00e9t\u00e9 kidnapp\u00e9 par des chasseurs dans les montagnes en Sicile, L\u00e9once, le roi des ours, d\u00e9cide d&#039;envahir le pays des hommes.\" \/>\n<meta name=\"robots\" content=\"noindex, follow, max-snippet:-1, max-image-preview:large, max-video-preview:-1\" \/>\n<meta property=\"og:locale\" content=\"fr_FR\" \/>\n<meta property=\"og:type\" content=\"article\" \/>\n<meta property=\"og:title\" content=\"La fameuse invasion des ours en Sicile\" \/>\n<meta property=\"og:description\" content=\"Pour sauver son fils qui a \u00e9t\u00e9 kidnapp\u00e9 par des chasseurs dans les montagnes en Sicile, L\u00e9once, le roi des ours, d\u00e9cide d&#039;envahir le pays des hommes.\" \/>\n<meta property=\"og:url\" content=\"https:\/\/maison4tiers.com\/maisonnette\/product\/la-fameuse-invasion-des-ours-en-sicile\/\" \/>\n<meta property=\"og:site_name\" content=\"Maisonnette\" \/>\n<meta property=\"article:modified_time\" content=\"2023-11-05T20:17:31+00:00\" \/>\n<meta property=\"og:image\" content=\"https:\/\/maison4tiers.com\/maisonnette\/wp-content\/uploads\/sites\/77\/2019\/01\/7.jpg\" \/>\n\t<meta property=\"og:image:width\" content=\"800\" \/>\n\t<meta property=\"og:image:height\" content=\"1200\" \/>\n\t<meta property=\"og:image:type\" content=\"image\/jpeg\" \/>\n<meta name=\"twitter:card\" content=\"summary_large_image\" \/>\n<meta name=\"twitter:title\" content=\"La fameuse invasion des ours en Sicile\" \/>\n<meta name=\"twitter:description\" content=\"Pour sauver son fils qui a \u00e9t\u00e9 kidnapp\u00e9 par des chasseurs dans les montagnes en Sicile, L\u00e9once, le roi des ours, d\u00e9cide d&#039;envahir le pays des hommes.\" \/>\n<meta name=\"twitter:image\" content=\"https:\/\/maison4tiers.com\/maisonnette\/wp-content\/uploads\/sites\/77\/2019\/01\/7.jpg\" \/>\n<script type=\"application\/ld+json\" class=\"yoast-schema-graph\">{\"@context\":\"https:\/\/schema.org\",\"@graph\":[{\"@type\":\"WebPage\",\"@id\":\"https:\/\/maison4tiers.com\/maisonnette\/product\/la-fameuse-invasion-des-ours-en-sicile\/\",\"url\":\"https:\/\/maison4tiers.com\/maisonnette\/product\/la-fameuse-invasion-des-ours-en-sicile\/\",\"name\":\"La fameuse invasion des ours en Sicile - Film d'animation - Maisonnette -\",\"isPartOf\":{\"@id\":\"https:\/\/maison4tiers.com\/maisonnette\/#website\"},\"primaryImageOfPage\":{\"@id\":\"https:\/\/maison4tiers.com\/maisonnette\/product\/la-fameuse-invasion-des-ours-en-sicile\/#primaryimage\"},\"image\":{\"@id\":\"https:\/\/maison4tiers.com\/maisonnette\/product\/la-fameuse-invasion-des-ours-en-sicile\/#primaryimage\"},\"thumbnailUrl\":\"https:\/\/maison4tiers.com\/maisonnette\/wp-content\/uploads\/sites\/77\/2019\/01\/7.jpg\",\"datePublished\":\"2019-01-12T04:00:08+00:00\",\"dateModified\":\"2023-11-05T20:17:31+00:00\",\"description\":\"Pour sauver son fils qui a \u00e9t\u00e9 kidnapp\u00e9 par des chasseurs dans les montagnes en Sicile, L\u00e9once, le roi des ours, d\u00e9cide d'envahir le pays des hommes.\",\"breadcrumb\":{\"@id\":\"https:\/\/maison4tiers.com\/maisonnette\/product\/la-fameuse-invasion-des-ours-en-sicile\/#breadcrumb\"},\"inLanguage\":\"fr-FR\",\"potentialAction\":[{\"@type\":\"ReadAction\",\"target\":[\"https:\/\/maison4tiers.com\/maisonnette\/product\/la-fameuse-invasion-des-ours-en-sicile\/\"]}]},{\"@type\":\"ImageObject\",\"inLanguage\":\"fr-FR\",\"@id\":\"https:\/\/maison4tiers.com\/maisonnette\/product\/la-fameuse-invasion-des-ours-en-sicile\/#primaryimage\",\"url\":\"https:\/\/maison4tiers.com\/maisonnette\/wp-content\/uploads\/sites\/77\/2019\/01\/7.jpg\",\"contentUrl\":\"https:\/\/maison4tiers.com\/maisonnette\/wp-content\/uploads\/sites\/77\/2019\/01\/7.jpg\",\"width\":800,\"height\":1200,\"caption\":\"La fameuse invasion des ours en Sicile\"},{\"@type\":\"BreadcrumbList\",\"@id\":\"https:\/\/maison4tiers.com\/maisonnette\/product\/la-fameuse-invasion-des-ours-en-sicile\/#breadcrumb\",\"itemListElement\":[{\"@type\":\"ListItem\",\"position\":1,\"name\":\"Home\",\"item\":\"https:\/\/maison4tiers.com\/maisonnette\/\"},{\"@type\":\"ListItem\",\"position\":2,\"name\":\"Films\",\"item\":\"https:\/\/maison4tiers.com\/maisonnette\/?page_id=35\"},{\"@type\":\"ListItem\",\"position\":3,\"name\":\"La fameuse invasion des ours en Sicile\"}]},{\"@type\":\"WebSite\",\"@id\":\"https:\/\/maison4tiers.com\/maisonnette\/#website\",\"url\":\"https:\/\/maison4tiers.com\/maisonnette\/\",\"name\":\"Maisonnette\",\"description\":\"Distribution multiplateforme de films qu\u00e9b\u00e9cois et internationaux\",\"publisher\":{\"@id\":\"https:\/\/maison4tiers.com\/maisonnette\/#organization\"},\"potentialAction\":[{\"@type\":\"SearchAction\",\"target\":{\"@type\":\"EntryPoint\",\"urlTemplate\":\"https:\/\/maison4tiers.com\/maisonnette\/?s={search_term_string}\"},\"query-input\":{\"@type\":\"PropertyValueSpecification\",\"valueRequired\":true,\"valueName\":\"search_term_string\"}}],\"inLanguage\":\"fr-FR\"},{\"@type\":\"Organization\",\"@id\":\"https:\/\/maison4tiers.com\/maisonnette\/#organization\",\"name\":\"Maisonnette\",\"url\":\"https:\/\/maison4tiers.com\/maisonnette\/\",\"logo\":{\"@type\":\"ImageObject\",\"inLanguage\":\"fr-FR\",\"@id\":\"https:\/\/maison4tiers.com\/maisonnette\/#\/schema\/logo\/image\/\",\"url\":\"https:\/\/maison4tiers.com\/maisonnette\/wp-content\/uploads\/sites\/77\/2020\/11\/favicon-196.png\",\"contentUrl\":\"https:\/\/maison4tiers.com\/maisonnette\/wp-content\/uploads\/sites\/77\/2020\/11\/favicon-196.png\",\"width\":196,\"height\":196,\"caption\":\"Maisonnette\"},\"image\":{\"@id\":\"https:\/\/maison4tiers.com\/maisonnette\/#\/schema\/logo\/image\/\"}}]}<\/script>\n<!-- \/ Yoast SEO plugin. -->","yoast_head_json":{"title":"La fameuse invasion des ours en Sicile - Film d'animation - Maisonnette -","description":"Pour sauver son fils qui a \u00e9t\u00e9 kidnapp\u00e9 par des chasseurs dans les montagnes en Sicile, L\u00e9once, le roi des ours, d\u00e9cide d'envahir le pays des hommes.","robots":{"index":"noindex","follow":"follow","max-snippet":"max-snippet:-1","max-image-preview":"max-image-preview:large","max-video-preview":"max-video-preview:-1"},"og_locale":"fr_FR","og_type":"article","og_title":"La fameuse invasion des ours en Sicile","og_description":"Pour sauver son fils qui a \u00e9t\u00e9 kidnapp\u00e9 par des chasseurs dans les montagnes en Sicile, L\u00e9once, le roi des ours, d\u00e9cide d'envahir le pays des hommes.","og_url":"https:\/\/maison4tiers.com\/maisonnette\/product\/la-fameuse-invasion-des-ours-en-sicile\/","og_site_name":"Maisonnette","article_modified_time":"2023-11-05T20:17:31+00:00","og_image":[{"width":800,"height":1200,"url":"https:\/\/maison4tiers.com\/maisonnette\/wp-content\/uploads\/sites\/77\/2019\/01\/7.jpg","type":"image\/jpeg"}],"twitter_card":"summary_large_image","twitter_title":"La fameuse invasion des ours en Sicile","twitter_description":"Pour sauver son fils qui a \u00e9t\u00e9 kidnapp\u00e9 par des chasseurs dans les montagnes en Sicile, L\u00e9once, le roi des ours, d\u00e9cide d'envahir le pays des hommes.","twitter_image":"https:\/\/maison4tiers.com\/maisonnette\/wp-content\/uploads\/sites\/77\/2019\/01\/7.jpg","schema":{"@context":"https:\/\/schema.org","@graph":[{"@type":"WebPage","@id":"https:\/\/maison4tiers.com\/maisonnette\/product\/la-fameuse-invasion-des-ours-en-sicile\/","url":"https:\/\/maison4tiers.com\/maisonnette\/product\/la-fameuse-invasion-des-ours-en-sicile\/","name":"La fameuse invasion des ours en Sicile - Film d'animation - Maisonnette -","isPartOf":{"@id":"https:\/\/maison4tiers.com\/maisonnette\/#website"},"primaryImageOfPage":{"@id":"https:\/\/maison4tiers.com\/maisonnette\/product\/la-fameuse-invasion-des-ours-en-sicile\/#primaryimage"},"image":{"@id":"https:\/\/maison4tiers.com\/maisonnette\/product\/la-fameuse-invasion-des-ours-en-sicile\/#primaryimage"},"thumbnailUrl":"https:\/\/maison4tiers.com\/maisonnette\/wp-content\/uploads\/sites\/77\/2019\/01\/7.jpg","datePublished":"2019-01-12T04:00:08+00:00","dateModified":"2023-11-05T20:17:31+00:00","description":"Pour sauver son fils qui a \u00e9t\u00e9 kidnapp\u00e9 par des chasseurs dans les montagnes en Sicile, L\u00e9once, le roi des ours, d\u00e9cide d'envahir le pays des hommes.","breadcrumb":{"@id":"https:\/\/maison4tiers.com\/maisonnette\/product\/la-fameuse-invasion-des-ours-en-sicile\/#breadcrumb"},"inLanguage":"fr-FR","potentialAction":[{"@type":"ReadAction","target":["https:\/\/maison4tiers.com\/maisonnette\/product\/la-fameuse-invasion-des-ours-en-sicile\/"]}]},{"@type":"ImageObject","inLanguage":"fr-FR","@id":"https:\/\/maison4tiers.com\/maisonnette\/product\/la-fameuse-invasion-des-ours-en-sicile\/#primaryimage","url":"https:\/\/maison4tiers.com\/maisonnette\/wp-content\/uploads\/sites\/77\/2019\/01\/7.jpg","contentUrl":"https:\/\/maison4tiers.com\/maisonnette\/wp-content\/uploads\/sites\/77\/2019\/01\/7.jpg","width":800,"height":1200,"caption":"La fameuse invasion des ours en Sicile"},{"@type":"BreadcrumbList","@id":"https:\/\/maison4tiers.com\/maisonnette\/product\/la-fameuse-invasion-des-ours-en-sicile\/#breadcrumb","itemListElement":[{"@type":"ListItem","position":1,"name":"Home","item":"https:\/\/maison4tiers.com\/maisonnette\/"},{"@type":"ListItem","position":2,"name":"Films","item":"https:\/\/maison4tiers.com\/maisonnette\/?page_id=35"},{"@type":"ListItem","position":3,"name":"La fameuse invasion des ours en Sicile"}]},{"@type":"WebSite","@id":"https:\/\/maison4tiers.com\/maisonnette\/#website","url":"https:\/\/maison4tiers.com\/maisonnette\/","name":"Maisonnette","description":"Distribution multiplateforme de films qu\u00e9b\u00e9cois et internationaux","publisher":{"@id":"https:\/\/maison4tiers.com\/maisonnette\/#organization"},"potentialAction":[{"@type":"SearchAction","target":{"@type":"EntryPoint","urlTemplate":"https:\/\/maison4tiers.com\/maisonnette\/?s={search_term_string}"},"query-input":{"@type":"PropertyValueSpecification","valueRequired":true,"valueName":"search_term_string"}}],"inLanguage":"fr-FR"},{"@type":"Organization","@id":"https:\/\/maison4tiers.com\/maisonnette\/#organization","name":"Maisonnette","url":"https:\/\/maison4tiers.com\/maisonnette\/","logo":{"@type":"ImageObject","inLanguage":"fr-FR","@id":"https:\/\/maison4tiers.com\/maisonnette\/#\/schema\/logo\/image\/","url":"https:\/\/maison4tiers.com\/maisonnette\/wp-content\/uploads\/sites\/77\/2020\/11\/favicon-196.png","contentUrl":"https:\/\/maison4tiers.com\/maisonnette\/wp-content\/uploads\/sites\/77\/2020\/11\/favicon-196.png","width":196,"height":196,"caption":"Maisonnette"},"image":{"@id":"https:\/\/maison4tiers.com\/maisonnette\/#\/schema\/logo\/image\/"}}]}},"jetpack_sharing_enabled":true,"_links":{"self":[{"href":"https:\/\/maison4tiers.com\/maisonnette\/wp-json\/wp\/v2\/product\/4651","targetHints":{"allow":["GET"]}}],"collection":[{"href":"https:\/\/maison4tiers.com\/maisonnette\/wp-json\/wp\/v2\/product"}],"about":[{"href":"https:\/\/maison4tiers.com\/maisonnette\/wp-json\/wp\/v2\/types\/product"}],"wp:featuredmedia":[{"embeddable":true,"href":"https:\/\/maison4tiers.com\/maisonnette\/wp-json\/wp\/v2\/media\/7454"}],"wp:attachment":[{"href":"https:\/\/maison4tiers.com\/maisonnette\/wp-json\/wp\/v2\/media?parent=4651"}],"wp:term":[{"taxonomy":"product_brand","embeddable":true,"href":"https:\/\/maison4tiers.com\/maisonnette\/wp-json\/wp\/v2\/product_brand?post=4651"},{"taxonomy":"product_cat","embeddable":true,"href":"https:\/\/maison4tiers.com\/maisonnette\/wp-json\/wp\/v2\/product_cat?post=4651"},{"taxonomy":"product_tag","embeddable":true,"href":"https:\/\/maison4tiers.com\/maisonnette\/wp-json\/wp\/v2\/product_tag?post=4651"}],"curies":[{"name":"wp","href":"https:\/\/api.w.org\/{rel}","templated":true}]}}