{"id":4638,"date":"2020-01-12T00:00:56","date_gmt":"2020-01-12T04:00:56","guid":{"rendered":"https:\/\/maison4tiers.com\/?post_type=product&#038;p=4638"},"modified":"2024-07-26T09:03:48","modified_gmt":"2024-07-26T13:03:48","slug":"nadia-butterfly","status":"publish","type":"product","link":"https:\/\/maison4tiers.com\/maisonnette\/product\/nadia-butterfly\/","title":{"rendered":"Nadia, Butterfly"},"excerpt":{"rendered":"<p><strong>Du m\u00eame r\u00e9alisateur que <a href=\"https:\/\/maison4tiers.com\/produit\/les-faux-tatouages\/\" target=\"_blank\" rel=\"noopener\">Les Faux Tatouages<\/a>.<\/strong><\/p>\n<p>Nadia, 23 ans, prend la de\u0301cision controverse\u0301e de se retirer de la natation professionnelle apre\u0300s les Jeux olympiques; afin de fuir une vie de sacrifice. Apre\u0300s sa dernie\u0300re course, Nadia de\u0301rape dans les nuits d\u2019exce\u0300s, mais cet e\u0301tourdissement transitoire ne peut toutefois pas occulter sa re\u0301elle que\u0302te inte\u0301rieure: de\u0301finir son identite\u0301 en dehors du monde du sport de haut niveau.<\/p>\n<p>Seul film canadien \u00e0 faire partie de la s\u00e9lection officielle du Festival de Cannes 2020<\/p>\n<blockquote><p><em>\u00ab En phase avec la dualit\u00e9 de Nadia, en proie \u00e0 un profond tiraillement, le film se fait \u00e0 la fois dynamique et contemplatif. \u00bb<br \/>\n<\/em>\u2605\u2605\u2605\u2605<strong>\u00a0\u2013 <a href=\"https:\/\/www.ledevoir.com\/culture\/cinema\/586160\/nadia-butterfly-la-solitude-de-la-nageuse-papillon#:~:text=De%20fait%2C%20Nadia%2C%20Butterfly%20n,un%20film%20de%20sport%20classique.&amp;text=En%20phase%20avec%20la%20dualit%C3%A9,s%C3%A9quences%20souvent%20d%C3%A9nu%C3%A9s%20de%20dialogue.\">LE DEVOIR<\/a><\/strong><\/p>\n<p>&nbsp;<\/p>\n<p><em>\u00ab Pascal Plante livre un touchant drame sportif, extr\u00eamement bien tourn\u00e9 et avec un propos original sur le vertige qui saisit les athl\u00e8tes de pointe au moment de la retraite. Il m\u00e9rite une place sur notre podium 2020. \u00bb<\/em><br \/>\n<strong>\u2605\u2605\u2605\u2605 \u2013 <a href=\"https:\/\/www.lesoleil.com\/actualites\/pascal-plante-le-plus-artistique-des-sportifs-5406ae7f7bf0ffb1549dc81d2116a399\">LE SOLEIL<\/a><\/strong><\/p>\n<p>&nbsp;<\/p>\n<p><em>\u00ab Certaines sc\u00e8nes rel\u00e8vent du tour de force. \u00bb<\/em><br \/>\n<strong><a href=\"https:\/\/www.journaldemontreal.com\/2020\/09\/16\/plongeon-reussi\">\u2013 LE JOURNAL DE MONTR\u00c9AL<\/a><\/strong><\/p><\/blockquote>\n<p><strong><a href=\"\/categorie-produit\/film\/quebecois\/\" target=\"_blank\" rel=\"noopener\"><span style=\"text-decoration: underline;\">Voir les autres films qu\u00e9b\u00e9cois<\/span><\/a><\/strong><\/p>\n<p>&nbsp;<\/p>\n<p><strong>*Disponible au Canada seulement<\/strong><\/p>\n","protected":false},"featured_media":7426,"template":"","meta":{"_acf_changed":false,"_eb_attr":""},"product_brand":[],"product_cat":[105,149,120,45,119,138,136,131,142],"product_tag":[403,396,395,402,399,398,404,401,400,405,347,397],"class_list":{"0":"post-4638","1":"product","2":"type-product","3":"status-publish","4":"has-post-thumbnail","6":"product_cat-drame","7":"product_cat-promotion","8":"product_cat-fiction","9":"product_cat-film","10":"product_cat-quebecois","11":"product_cat-bluray","12":"product_cat-dvd","13":"product_cat-touslesfilms","14":"product_cat-numerique","15":"product_tag-athlete","16":"product_tag-nadia","17":"product_tag-nadia-butterfly","18":"product_tag-nage","19":"product_tag-natation","20":"product_tag-olympiques","21":"product_tag-performance","22":"product_tag-piscine","23":"product_tag-plongeon","24":"product_tag-pression","25":"product_tag-societe","26":"product_tag-sport","27":"product_shipping_class-livraison","29":"first","30":"instock","31":"taxable","32":"shipping-taxable","33":"purchasable","34":"product-type-variable","35":"has-default-attributes"},"acf":[],"yoast_head":"<!-- This site is optimized with the Yoast SEO plugin v27.0 - https:\/\/yoast.com\/product\/yoast-seo-wordpress\/ -->\n<title>Nadia, Butterfly - Film Qu\u00e9b\u00e9cois - Maisonnette - \u00c9coutez maintenant<\/title>\n<meta name=\"description\" content=\"Nadia, 23 ans, prend la de\u0301cision controverse\u0301e de se retirer de la natation professionnelle apre\u0300s les Jeux olympiques.\" \/>\n<meta name=\"robots\" content=\"noindex, follow, max-snippet:-1, max-image-preview:large, max-video-preview:-1\" \/>\n<meta property=\"og:locale\" content=\"fr_FR\" \/>\n<meta property=\"og:type\" content=\"article\" \/>\n<meta property=\"og:title\" content=\"Nadia, Butterfly\" \/>\n<meta property=\"og:description\" content=\"Nadia, 23 ans, prend la de\u0301cision controverse\u0301e de se retirer de la natation professionnelle apre\u0300s les Jeux olympiques.\" \/>\n<meta property=\"og:url\" content=\"https:\/\/maison4tiers.com\/maisonnette\/product\/nadia-butterfly\/\" \/>\n<meta property=\"og:site_name\" content=\"Maisonnette\" \/>\n<meta property=\"article:modified_time\" content=\"2024-07-26T13:03:48+00:00\" \/>\n<meta property=\"og:image\" content=\"https:\/\/maison4tiers.com\/maisonnette\/wp-content\/uploads\/sites\/77\/2020\/01\/4.jpg\" \/>\n\t<meta property=\"og:image:width\" content=\"800\" \/>\n\t<meta property=\"og:image:height\" content=\"1200\" \/>\n\t<meta property=\"og:image:type\" content=\"image\/jpeg\" \/>\n<meta name=\"twitter:card\" content=\"summary_large_image\" \/>\n<meta name=\"twitter:title\" content=\"Nadia, Butterfly\" \/>\n<meta name=\"twitter:description\" content=\"Nadia, 23 ans, prend la de\u0301cision controverse\u0301e de se retirer de la natation professionnelle apre\u0300s les Jeux olympiques.\" \/>\n<meta name=\"twitter:image\" content=\"https:\/\/maison4tiers.com\/maisonnette\/wp-content\/uploads\/sites\/77\/2020\/01\/4.jpg\" \/>\n<script type=\"application\/ld+json\" class=\"yoast-schema-graph\">{\"@context\":\"https:\/\/schema.org\",\"@graph\":[{\"@type\":\"WebPage\",\"@id\":\"https:\/\/maison4tiers.com\/maisonnette\/product\/nadia-butterfly\/\",\"url\":\"https:\/\/maison4tiers.com\/maisonnette\/product\/nadia-butterfly\/\",\"name\":\"Nadia, Butterfly - Film Qu\u00e9b\u00e9cois - Maisonnette - \u00c9coutez maintenant\",\"isPartOf\":{\"@id\":\"https:\/\/maison4tiers.com\/maisonnette\/#website\"},\"primaryImageOfPage\":{\"@id\":\"https:\/\/maison4tiers.com\/maisonnette\/product\/nadia-butterfly\/#primaryimage\"},\"image\":{\"@id\":\"https:\/\/maison4tiers.com\/maisonnette\/product\/nadia-butterfly\/#primaryimage\"},\"thumbnailUrl\":\"https:\/\/maison4tiers.com\/maisonnette\/wp-content\/uploads\/sites\/77\/2020\/01\/4.jpg\",\"datePublished\":\"2020-01-12T04:00:56+00:00\",\"dateModified\":\"2024-07-26T13:03:48+00:00\",\"description\":\"Nadia, 23 ans, prend la de\u0301cision controverse\u0301e de se retirer de la natation professionnelle apre\u0300s les Jeux olympiques.\",\"breadcrumb\":{\"@id\":\"https:\/\/maison4tiers.com\/maisonnette\/product\/nadia-butterfly\/#breadcrumb\"},\"inLanguage\":\"fr-FR\",\"potentialAction\":[{\"@type\":\"ReadAction\",\"target\":[\"https:\/\/maison4tiers.com\/maisonnette\/product\/nadia-butterfly\/\"]}]},{\"@type\":\"ImageObject\",\"inLanguage\":\"fr-FR\",\"@id\":\"https:\/\/maison4tiers.com\/maisonnette\/product\/nadia-butterfly\/#primaryimage\",\"url\":\"https:\/\/maison4tiers.com\/maisonnette\/wp-content\/uploads\/sites\/77\/2020\/01\/4.jpg\",\"contentUrl\":\"https:\/\/maison4tiers.com\/maisonnette\/wp-content\/uploads\/sites\/77\/2020\/01\/4.jpg\",\"width\":800,\"height\":1200,\"caption\":\"Nadia, Butterfly\"},{\"@type\":\"BreadcrumbList\",\"@id\":\"https:\/\/maison4tiers.com\/maisonnette\/product\/nadia-butterfly\/#breadcrumb\",\"itemListElement\":[{\"@type\":\"ListItem\",\"position\":1,\"name\":\"Home\",\"item\":\"https:\/\/maison4tiers.com\/maisonnette\/\"},{\"@type\":\"ListItem\",\"position\":2,\"name\":\"Films\",\"item\":\"https:\/\/maison4tiers.com\/maisonnette\/?page_id=35\"},{\"@type\":\"ListItem\",\"position\":3,\"name\":\"Nadia, Butterfly\"}]},{\"@type\":\"WebSite\",\"@id\":\"https:\/\/maison4tiers.com\/maisonnette\/#website\",\"url\":\"https:\/\/maison4tiers.com\/maisonnette\/\",\"name\":\"Maisonnette\",\"description\":\"Distribution multiplateforme de films qu\u00e9b\u00e9cois et internationaux\",\"publisher\":{\"@id\":\"https:\/\/maison4tiers.com\/maisonnette\/#organization\"},\"potentialAction\":[{\"@type\":\"SearchAction\",\"target\":{\"@type\":\"EntryPoint\",\"urlTemplate\":\"https:\/\/maison4tiers.com\/maisonnette\/?s={search_term_string}\"},\"query-input\":{\"@type\":\"PropertyValueSpecification\",\"valueRequired\":true,\"valueName\":\"search_term_string\"}}],\"inLanguage\":\"fr-FR\"},{\"@type\":\"Organization\",\"@id\":\"https:\/\/maison4tiers.com\/maisonnette\/#organization\",\"name\":\"Maisonnette\",\"url\":\"https:\/\/maison4tiers.com\/maisonnette\/\",\"logo\":{\"@type\":\"ImageObject\",\"inLanguage\":\"fr-FR\",\"@id\":\"https:\/\/maison4tiers.com\/maisonnette\/#\/schema\/logo\/image\/\",\"url\":\"https:\/\/maison4tiers.com\/maisonnette\/wp-content\/uploads\/sites\/77\/2020\/11\/favicon-196.png\",\"contentUrl\":\"https:\/\/maison4tiers.com\/maisonnette\/wp-content\/uploads\/sites\/77\/2020\/11\/favicon-196.png\",\"width\":196,\"height\":196,\"caption\":\"Maisonnette\"},\"image\":{\"@id\":\"https:\/\/maison4tiers.com\/maisonnette\/#\/schema\/logo\/image\/\"}}]}<\/script>\n<!-- \/ Yoast SEO plugin. -->","yoast_head_json":{"title":"Nadia, Butterfly - Film Qu\u00e9b\u00e9cois - Maisonnette - \u00c9coutez maintenant","description":"Nadia, 23 ans, prend la de\u0301cision controverse\u0301e de se retirer de la natation professionnelle apre\u0300s les Jeux olympiques.","robots":{"index":"noindex","follow":"follow","max-snippet":"max-snippet:-1","max-image-preview":"max-image-preview:large","max-video-preview":"max-video-preview:-1"},"og_locale":"fr_FR","og_type":"article","og_title":"Nadia, Butterfly","og_description":"Nadia, 23 ans, prend la de\u0301cision controverse\u0301e de se retirer de la natation professionnelle apre\u0300s les Jeux olympiques.","og_url":"https:\/\/maison4tiers.com\/maisonnette\/product\/nadia-butterfly\/","og_site_name":"Maisonnette","article_modified_time":"2024-07-26T13:03:48+00:00","og_image":[{"width":800,"height":1200,"url":"https:\/\/maison4tiers.com\/maisonnette\/wp-content\/uploads\/sites\/77\/2020\/01\/4.jpg","type":"image\/jpeg"}],"twitter_card":"summary_large_image","twitter_title":"Nadia, Butterfly","twitter_description":"Nadia, 23 ans, prend la de\u0301cision controverse\u0301e de se retirer de la natation professionnelle apre\u0300s les Jeux olympiques.","twitter_image":"https:\/\/maison4tiers.com\/maisonnette\/wp-content\/uploads\/sites\/77\/2020\/01\/4.jpg","schema":{"@context":"https:\/\/schema.org","@graph":[{"@type":"WebPage","@id":"https:\/\/maison4tiers.com\/maisonnette\/product\/nadia-butterfly\/","url":"https:\/\/maison4tiers.com\/maisonnette\/product\/nadia-butterfly\/","name":"Nadia, Butterfly - Film Qu\u00e9b\u00e9cois - Maisonnette - \u00c9coutez maintenant","isPartOf":{"@id":"https:\/\/maison4tiers.com\/maisonnette\/#website"},"primaryImageOfPage":{"@id":"https:\/\/maison4tiers.com\/maisonnette\/product\/nadia-butterfly\/#primaryimage"},"image":{"@id":"https:\/\/maison4tiers.com\/maisonnette\/product\/nadia-butterfly\/#primaryimage"},"thumbnailUrl":"https:\/\/maison4tiers.com\/maisonnette\/wp-content\/uploads\/sites\/77\/2020\/01\/4.jpg","datePublished":"2020-01-12T04:00:56+00:00","dateModified":"2024-07-26T13:03:48+00:00","description":"Nadia, 23 ans, prend la de\u0301cision controverse\u0301e de se retirer de la natation professionnelle apre\u0300s les Jeux olympiques.","breadcrumb":{"@id":"https:\/\/maison4tiers.com\/maisonnette\/product\/nadia-butterfly\/#breadcrumb"},"inLanguage":"fr-FR","potentialAction":[{"@type":"ReadAction","target":["https:\/\/maison4tiers.com\/maisonnette\/product\/nadia-butterfly\/"]}]},{"@type":"ImageObject","inLanguage":"fr-FR","@id":"https:\/\/maison4tiers.com\/maisonnette\/product\/nadia-butterfly\/#primaryimage","url":"https:\/\/maison4tiers.com\/maisonnette\/wp-content\/uploads\/sites\/77\/2020\/01\/4.jpg","contentUrl":"https:\/\/maison4tiers.com\/maisonnette\/wp-content\/uploads\/sites\/77\/2020\/01\/4.jpg","width":800,"height":1200,"caption":"Nadia, Butterfly"},{"@type":"BreadcrumbList","@id":"https:\/\/maison4tiers.com\/maisonnette\/product\/nadia-butterfly\/#breadcrumb","itemListElement":[{"@type":"ListItem","position":1,"name":"Home","item":"https:\/\/maison4tiers.com\/maisonnette\/"},{"@type":"ListItem","position":2,"name":"Films","item":"https:\/\/maison4tiers.com\/maisonnette\/?page_id=35"},{"@type":"ListItem","position":3,"name":"Nadia, Butterfly"}]},{"@type":"WebSite","@id":"https:\/\/maison4tiers.com\/maisonnette\/#website","url":"https:\/\/maison4tiers.com\/maisonnette\/","name":"Maisonnette","description":"Distribution multiplateforme de films qu\u00e9b\u00e9cois et internationaux","publisher":{"@id":"https:\/\/maison4tiers.com\/maisonnette\/#organization"},"potentialAction":[{"@type":"SearchAction","target":{"@type":"EntryPoint","urlTemplate":"https:\/\/maison4tiers.com\/maisonnette\/?s={search_term_string}"},"query-input":{"@type":"PropertyValueSpecification","valueRequired":true,"valueName":"search_term_string"}}],"inLanguage":"fr-FR"},{"@type":"Organization","@id":"https:\/\/maison4tiers.com\/maisonnette\/#organization","name":"Maisonnette","url":"https:\/\/maison4tiers.com\/maisonnette\/","logo":{"@type":"ImageObject","inLanguage":"fr-FR","@id":"https:\/\/maison4tiers.com\/maisonnette\/#\/schema\/logo\/image\/","url":"https:\/\/maison4tiers.com\/maisonnette\/wp-content\/uploads\/sites\/77\/2020\/11\/favicon-196.png","contentUrl":"https:\/\/maison4tiers.com\/maisonnette\/wp-content\/uploads\/sites\/77\/2020\/11\/favicon-196.png","width":196,"height":196,"caption":"Maisonnette"},"image":{"@id":"https:\/\/maison4tiers.com\/maisonnette\/#\/schema\/logo\/image\/"}}]}},"jetpack_sharing_enabled":true,"_links":{"self":[{"href":"https:\/\/maison4tiers.com\/maisonnette\/wp-json\/wp\/v2\/product\/4638","targetHints":{"allow":["GET"]}}],"collection":[{"href":"https:\/\/maison4tiers.com\/maisonnette\/wp-json\/wp\/v2\/product"}],"about":[{"href":"https:\/\/maison4tiers.com\/maisonnette\/wp-json\/wp\/v2\/types\/product"}],"wp:featuredmedia":[{"embeddable":true,"href":"https:\/\/maison4tiers.com\/maisonnette\/wp-json\/wp\/v2\/media\/7426"}],"wp:attachment":[{"href":"https:\/\/maison4tiers.com\/maisonnette\/wp-json\/wp\/v2\/media?parent=4638"}],"wp:term":[{"taxonomy":"product_brand","embeddable":true,"href":"https:\/\/maison4tiers.com\/maisonnette\/wp-json\/wp\/v2\/product_brand?post=4638"},{"taxonomy":"product_cat","embeddable":true,"href":"https:\/\/maison4tiers.com\/maisonnette\/wp-json\/wp\/v2\/product_cat?post=4638"},{"taxonomy":"product_tag","embeddable":true,"href":"https:\/\/maison4tiers.com\/maisonnette\/wp-json\/wp\/v2\/product_tag?post=4638"}],"curies":[{"name":"wp","href":"https:\/\/api.w.org\/{rel}","templated":true}]}}