{"id":4611,"date":"2018-01-12T00:00:15","date_gmt":"2018-01-12T04:00:15","guid":{"rendered":"https:\/\/maison4tiers.com\/?post_type=product&#038;p=4611"},"modified":"2022-01-12T13:16:50","modified_gmt":"2022-01-12T17:16:50","slug":"m","status":"publish","type":"product","link":"https:\/\/maison4tiers.com\/maisonnette\/product\/m\/","title":{"rendered":"M"},"excerpt":{"rendered":"<p><em>\u00ab\u00a0M\u00a0\u00bb<\/em> comme Menahem, enfant prodige \u00e0 la voix d\u2019or, abus\u00e9 par des membres de sa communaut\u00e9 qui l\u2019adulaient. Quinze ans apr\u00e8s il revient \u00e0 la recherche des coupables, dans son quartier natal de Bnei Brak, capitale mondiale des Juifs ultra-orthodoxes. Mais c\u2019est aussi le retour dans un monde qu\u2019il a tant aim\u00e9, dans un chemin o\u00f9 la parole se lib\u00e8re\u2026 une r\u00e9conciliation.<\/p>\n<blockquote><p><em>\u00ab Un documentaire coup-de-poing charg\u00e9 de confidences. \u00bb<br \/>\n<\/em><strong>\u2013 <a href=\"https:\/\/www.ledevoir.com\/culture\/cinema\/555711\/ne-plus-vivre-la-nuit\" target=\"_blank\" rel=\"noopener\">LE DEVOIR<\/a><\/strong><\/p>\n<p>&nbsp;<\/p>\n<p><em>\u00ab\u00a0[\u2026] l\u2019extraordinaire du documentaire de Yolande Zauberman, \u00ab\u00a0M\u00a0\u00bb, c\u2019est que la vengeance se r\u00e9v\u00e8le rapidement une fausse piste, ce \u00e0 quoi l\u2019on assiste \u00e9tant bien plus beau, et plus grand\u00a0: une forme de r\u00e9conciliation fabriqu\u00e9e par la gr\u00e2ce de la cam\u00e9ra et l\u2019intelligence de la cin\u00e9aste.\u00a0\u00bb<\/em><\/p>\n<p><strong>\u2013\u00a0<a href=\"https:\/\/www.liberation.fr\/cinema\/2019\/03\/19\/m-les-maux-dits_1716185\/\" target=\"_blank\" rel=\"noopener\">LIB\u00c9RATION<\/a><\/strong><\/p><\/blockquote>\n<p><span style=\"text-decoration: underline;\"><strong><a href=\"https:\/\/maison4tiers.com\/categorie-produit\/film\/documentaire\/\" target=\"_blank\" rel=\"noopener\">Voir les autres documentaires<\/a><\/strong><\/span><\/p>\n<p>&nbsp;<\/p>\n<p><strong>*Disponible au Canada seulement<\/strong><\/p>\n","protected":false},"featured_media":7480,"template":"","meta":{"_acf_changed":false,"_eb_attr":""},"product_brand":[],"product_cat":[78,45,131,142],"product_tag":[],"class_list":{"0":"post-4611","1":"product","2":"type-product","3":"status-publish","4":"has-post-thumbnail","6":"product_cat-documentaire","7":"product_cat-film","8":"product_cat-touslesfilms","9":"product_cat-numerique","10":"product_shipping_class-livraison","12":"first","13":"instock","14":"taxable","15":"shipping-taxable","16":"purchasable","17":"product-type-variable","18":"has-default-attributes"},"acf":[],"yoast_head":"<!-- This site is optimized with the Yoast SEO plugin v27.0 - https:\/\/yoast.com\/product\/yoast-seo-wordpress\/ -->\n<title>M - Documentaire - Maisonnette - \u00c9coutez maintenant<\/title>\n<meta name=\"description\" content=\"\u00ab\u00a0M\u00a0\u00bb comme Menahem, enfant prodige \u00e0 la voix d\u2019or, abus\u00e9 par des membres de sa communaut\u00e9 qui l\u2019adulaient.\" \/>\n<meta name=\"robots\" content=\"noindex, follow, max-snippet:-1, max-image-preview:large, max-video-preview:-1\" \/>\n<meta property=\"og:locale\" content=\"fr_FR\" \/>\n<meta property=\"og:type\" content=\"article\" \/>\n<meta property=\"og:title\" content=\"M\" \/>\n<meta property=\"og:description\" content=\"\u00ab\u00a0M\u00a0\u00bb comme Menahem, enfant prodige \u00e0 la voix d\u2019or, abus\u00e9 par des membres de sa communaut\u00e9 qui l\u2019adulaient.\" \/>\n<meta property=\"og:url\" content=\"https:\/\/maison4tiers.com\/maisonnette\/product\/m\/\" \/>\n<meta property=\"og:site_name\" content=\"Maisonnette\" \/>\n<meta property=\"article:modified_time\" content=\"2022-01-12T17:16:50+00:00\" \/>\n<meta property=\"og:image\" content=\"https:\/\/maison4tiers.com\/maisonnette\/wp-content\/uploads\/sites\/77\/2018\/01\/18.jpg\" \/>\n\t<meta property=\"og:image:width\" content=\"800\" \/>\n\t<meta property=\"og:image:height\" content=\"1200\" \/>\n\t<meta property=\"og:image:type\" content=\"image\/jpeg\" \/>\n<meta name=\"twitter:card\" content=\"summary_large_image\" \/>\n<meta name=\"twitter:title\" content=\"M\" \/>\n<meta name=\"twitter:description\" content=\"\u00ab\u00a0M\u00a0\u00bb comme Menahem, enfant prodige \u00e0 la voix d\u2019or, abus\u00e9 par des membres de sa communaut\u00e9 qui l\u2019adulaient.\" \/>\n<meta name=\"twitter:image\" content=\"https:\/\/maison4tiers.com\/maisonnette\/wp-content\/uploads\/sites\/77\/2018\/01\/18.jpg\" \/>\n<script type=\"application\/ld+json\" class=\"yoast-schema-graph\">{\"@context\":\"https:\/\/schema.org\",\"@graph\":[{\"@type\":\"WebPage\",\"@id\":\"https:\/\/maison4tiers.com\/maisonnette\/product\/m\/\",\"url\":\"https:\/\/maison4tiers.com\/maisonnette\/product\/m\/\",\"name\":\"M - Documentaire - Maisonnette - \u00c9coutez maintenant\",\"isPartOf\":{\"@id\":\"https:\/\/maison4tiers.com\/maisonnette\/#website\"},\"primaryImageOfPage\":{\"@id\":\"https:\/\/maison4tiers.com\/maisonnette\/product\/m\/#primaryimage\"},\"image\":{\"@id\":\"https:\/\/maison4tiers.com\/maisonnette\/product\/m\/#primaryimage\"},\"thumbnailUrl\":\"https:\/\/maison4tiers.com\/maisonnette\/wp-content\/uploads\/sites\/77\/2018\/01\/18.jpg\",\"datePublished\":\"2018-01-12T04:00:15+00:00\",\"dateModified\":\"2022-01-12T17:16:50+00:00\",\"description\":\"\u00ab\u00a0M\u00a0\u00bb comme Menahem, enfant prodige \u00e0 la voix d\u2019or, abus\u00e9 par des membres de sa communaut\u00e9 qui l\u2019adulaient.\",\"breadcrumb\":{\"@id\":\"https:\/\/maison4tiers.com\/maisonnette\/product\/m\/#breadcrumb\"},\"inLanguage\":\"fr-FR\",\"potentialAction\":[{\"@type\":\"ReadAction\",\"target\":[\"https:\/\/maison4tiers.com\/maisonnette\/product\/m\/\"]}]},{\"@type\":\"ImageObject\",\"inLanguage\":\"fr-FR\",\"@id\":\"https:\/\/maison4tiers.com\/maisonnette\/product\/m\/#primaryimage\",\"url\":\"https:\/\/maison4tiers.com\/maisonnette\/wp-content\/uploads\/sites\/77\/2018\/01\/18.jpg\",\"contentUrl\":\"https:\/\/maison4tiers.com\/maisonnette\/wp-content\/uploads\/sites\/77\/2018\/01\/18.jpg\",\"width\":800,\"height\":1200,\"caption\":\"M\"},{\"@type\":\"BreadcrumbList\",\"@id\":\"https:\/\/maison4tiers.com\/maisonnette\/product\/m\/#breadcrumb\",\"itemListElement\":[{\"@type\":\"ListItem\",\"position\":1,\"name\":\"Home\",\"item\":\"https:\/\/maison4tiers.com\/maisonnette\/\"},{\"@type\":\"ListItem\",\"position\":2,\"name\":\"Films\",\"item\":\"https:\/\/maison4tiers.com\/maisonnette\/?page_id=35\"},{\"@type\":\"ListItem\",\"position\":3,\"name\":\"M\"}]},{\"@type\":\"WebSite\",\"@id\":\"https:\/\/maison4tiers.com\/maisonnette\/#website\",\"url\":\"https:\/\/maison4tiers.com\/maisonnette\/\",\"name\":\"Maisonnette\",\"description\":\"Distribution multiplateforme de films qu\u00e9b\u00e9cois et internationaux\",\"publisher\":{\"@id\":\"https:\/\/maison4tiers.com\/maisonnette\/#organization\"},\"potentialAction\":[{\"@type\":\"SearchAction\",\"target\":{\"@type\":\"EntryPoint\",\"urlTemplate\":\"https:\/\/maison4tiers.com\/maisonnette\/?s={search_term_string}\"},\"query-input\":{\"@type\":\"PropertyValueSpecification\",\"valueRequired\":true,\"valueName\":\"search_term_string\"}}],\"inLanguage\":\"fr-FR\"},{\"@type\":\"Organization\",\"@id\":\"https:\/\/maison4tiers.com\/maisonnette\/#organization\",\"name\":\"Maisonnette\",\"url\":\"https:\/\/maison4tiers.com\/maisonnette\/\",\"logo\":{\"@type\":\"ImageObject\",\"inLanguage\":\"fr-FR\",\"@id\":\"https:\/\/maison4tiers.com\/maisonnette\/#\/schema\/logo\/image\/\",\"url\":\"https:\/\/maison4tiers.com\/maisonnette\/wp-content\/uploads\/sites\/77\/2020\/11\/favicon-196.png\",\"contentUrl\":\"https:\/\/maison4tiers.com\/maisonnette\/wp-content\/uploads\/sites\/77\/2020\/11\/favicon-196.png\",\"width\":196,\"height\":196,\"caption\":\"Maisonnette\"},\"image\":{\"@id\":\"https:\/\/maison4tiers.com\/maisonnette\/#\/schema\/logo\/image\/\"}}]}<\/script>\n<!-- \/ Yoast SEO plugin. -->","yoast_head_json":{"title":"M - Documentaire - Maisonnette - \u00c9coutez maintenant","description":"\u00ab\u00a0M\u00a0\u00bb comme Menahem, enfant prodige \u00e0 la voix d\u2019or, abus\u00e9 par des membres de sa communaut\u00e9 qui l\u2019adulaient.","robots":{"index":"noindex","follow":"follow","max-snippet":"max-snippet:-1","max-image-preview":"max-image-preview:large","max-video-preview":"max-video-preview:-1"},"og_locale":"fr_FR","og_type":"article","og_title":"M","og_description":"\u00ab\u00a0M\u00a0\u00bb comme Menahem, enfant prodige \u00e0 la voix d\u2019or, abus\u00e9 par des membres de sa communaut\u00e9 qui l\u2019adulaient.","og_url":"https:\/\/maison4tiers.com\/maisonnette\/product\/m\/","og_site_name":"Maisonnette","article_modified_time":"2022-01-12T17:16:50+00:00","og_image":[{"width":800,"height":1200,"url":"https:\/\/maison4tiers.com\/maisonnette\/wp-content\/uploads\/sites\/77\/2018\/01\/18.jpg","type":"image\/jpeg"}],"twitter_card":"summary_large_image","twitter_title":"M","twitter_description":"\u00ab\u00a0M\u00a0\u00bb comme Menahem, enfant prodige \u00e0 la voix d\u2019or, abus\u00e9 par des membres de sa communaut\u00e9 qui l\u2019adulaient.","twitter_image":"https:\/\/maison4tiers.com\/maisonnette\/wp-content\/uploads\/sites\/77\/2018\/01\/18.jpg","schema":{"@context":"https:\/\/schema.org","@graph":[{"@type":"WebPage","@id":"https:\/\/maison4tiers.com\/maisonnette\/product\/m\/","url":"https:\/\/maison4tiers.com\/maisonnette\/product\/m\/","name":"M - Documentaire - Maisonnette - \u00c9coutez maintenant","isPartOf":{"@id":"https:\/\/maison4tiers.com\/maisonnette\/#website"},"primaryImageOfPage":{"@id":"https:\/\/maison4tiers.com\/maisonnette\/product\/m\/#primaryimage"},"image":{"@id":"https:\/\/maison4tiers.com\/maisonnette\/product\/m\/#primaryimage"},"thumbnailUrl":"https:\/\/maison4tiers.com\/maisonnette\/wp-content\/uploads\/sites\/77\/2018\/01\/18.jpg","datePublished":"2018-01-12T04:00:15+00:00","dateModified":"2022-01-12T17:16:50+00:00","description":"\u00ab\u00a0M\u00a0\u00bb comme Menahem, enfant prodige \u00e0 la voix d\u2019or, abus\u00e9 par des membres de sa communaut\u00e9 qui l\u2019adulaient.","breadcrumb":{"@id":"https:\/\/maison4tiers.com\/maisonnette\/product\/m\/#breadcrumb"},"inLanguage":"fr-FR","potentialAction":[{"@type":"ReadAction","target":["https:\/\/maison4tiers.com\/maisonnette\/product\/m\/"]}]},{"@type":"ImageObject","inLanguage":"fr-FR","@id":"https:\/\/maison4tiers.com\/maisonnette\/product\/m\/#primaryimage","url":"https:\/\/maison4tiers.com\/maisonnette\/wp-content\/uploads\/sites\/77\/2018\/01\/18.jpg","contentUrl":"https:\/\/maison4tiers.com\/maisonnette\/wp-content\/uploads\/sites\/77\/2018\/01\/18.jpg","width":800,"height":1200,"caption":"M"},{"@type":"BreadcrumbList","@id":"https:\/\/maison4tiers.com\/maisonnette\/product\/m\/#breadcrumb","itemListElement":[{"@type":"ListItem","position":1,"name":"Home","item":"https:\/\/maison4tiers.com\/maisonnette\/"},{"@type":"ListItem","position":2,"name":"Films","item":"https:\/\/maison4tiers.com\/maisonnette\/?page_id=35"},{"@type":"ListItem","position":3,"name":"M"}]},{"@type":"WebSite","@id":"https:\/\/maison4tiers.com\/maisonnette\/#website","url":"https:\/\/maison4tiers.com\/maisonnette\/","name":"Maisonnette","description":"Distribution multiplateforme de films qu\u00e9b\u00e9cois et internationaux","publisher":{"@id":"https:\/\/maison4tiers.com\/maisonnette\/#organization"},"potentialAction":[{"@type":"SearchAction","target":{"@type":"EntryPoint","urlTemplate":"https:\/\/maison4tiers.com\/maisonnette\/?s={search_term_string}"},"query-input":{"@type":"PropertyValueSpecification","valueRequired":true,"valueName":"search_term_string"}}],"inLanguage":"fr-FR"},{"@type":"Organization","@id":"https:\/\/maison4tiers.com\/maisonnette\/#organization","name":"Maisonnette","url":"https:\/\/maison4tiers.com\/maisonnette\/","logo":{"@type":"ImageObject","inLanguage":"fr-FR","@id":"https:\/\/maison4tiers.com\/maisonnette\/#\/schema\/logo\/image\/","url":"https:\/\/maison4tiers.com\/maisonnette\/wp-content\/uploads\/sites\/77\/2020\/11\/favicon-196.png","contentUrl":"https:\/\/maison4tiers.com\/maisonnette\/wp-content\/uploads\/sites\/77\/2020\/11\/favicon-196.png","width":196,"height":196,"caption":"Maisonnette"},"image":{"@id":"https:\/\/maison4tiers.com\/maisonnette\/#\/schema\/logo\/image\/"}}]}},"jetpack_sharing_enabled":true,"_links":{"self":[{"href":"https:\/\/maison4tiers.com\/maisonnette\/wp-json\/wp\/v2\/product\/4611","targetHints":{"allow":["GET"]}}],"collection":[{"href":"https:\/\/maison4tiers.com\/maisonnette\/wp-json\/wp\/v2\/product"}],"about":[{"href":"https:\/\/maison4tiers.com\/maisonnette\/wp-json\/wp\/v2\/types\/product"}],"wp:featuredmedia":[{"embeddable":true,"href":"https:\/\/maison4tiers.com\/maisonnette\/wp-json\/wp\/v2\/media\/7480"}],"wp:attachment":[{"href":"https:\/\/maison4tiers.com\/maisonnette\/wp-json\/wp\/v2\/media?parent=4611"}],"wp:term":[{"taxonomy":"product_brand","embeddable":true,"href":"https:\/\/maison4tiers.com\/maisonnette\/wp-json\/wp\/v2\/product_brand?post=4611"},{"taxonomy":"product_cat","embeddable":true,"href":"https:\/\/maison4tiers.com\/maisonnette\/wp-json\/wp\/v2\/product_cat?post=4611"},{"taxonomy":"product_tag","embeddable":true,"href":"https:\/\/maison4tiers.com\/maisonnette\/wp-json\/wp\/v2\/product_tag?post=4611"}],"curies":[{"name":"wp","href":"https:\/\/api.w.org\/{rel}","templated":true}]}}