{"id":4591,"date":"2017-01-12T00:00:10","date_gmt":"2017-01-12T04:00:10","guid":{"rendered":"https:\/\/maison4tiers.com\/?post_type=product&#038;p=4591"},"modified":"2024-07-28T22:25:49","modified_gmt":"2024-07-29T02:25:49","slug":"les-faux-tatouages","status":"publish","type":"product","link":"https:\/\/maison4tiers.com\/maisonnette\/product\/les-faux-tatouages\/","title":{"rendered":"Les faux tatouages"},"excerpt":{"rendered":"<p><strong>Du m\u00eame r\u00e9alisateur que <a href=\"https:\/\/maison4tiers.com\/produit\/nadia-butterfly\/\" target=\"_blank\" rel=\"noopener\">Nadia, Butterfly<\/a>.<\/strong><\/p>\n<p>The\u0301o fe\u0302te ses 18 ans seul, s\u2019enivrant de bie\u0300res bon marche\u0301 et de l\u2019adre\u0301naline d\u2019un spectacle punk rock brutal. C\u2019est la\u0300 qu\u2019il rencontre Mag, une fille colore\u0301e et marginale qui l\u2019invite a\u0300 passer la nuit avec elle. De cette rencontre fortuite nai\u0302t une idylle sans e\u0301tiquette avec pour date d\u2019expiration le de\u0301part imminent de The\u0301o, qui est contraint de quitter Montre\u0301al afin de repartir a\u0300 neuf dans une petite ville, loin d\u2019un passe\u0301 empreint de culpabilite\u0301 et de remords.<\/p>\n<blockquote><p><em>\u00ab\u00a0La re\u0301ussite des Faux tatouages tient a\u0300 cette approche a\u0300 la fois franche et de\u0301licate, de me\u0302me qu\u2019a\u0300 des dialogues empreints d\u2019authenticite\u0301.\u00a0\u00bb<br \/>\n<\/em><strong>\u2013 L<a href=\"https:\/\/www.lapresse.ca\/cinema\/critiques\/201802\/16\/01-5154147-les-faux-tatouages-lenvie-daimer-.php\" target=\"_blank\" rel=\"noopener\">A PRESSE<\/a><\/strong><\/p><\/blockquote>\n<p><strong><a href=\"\/categorie-produit\/film\/quebecois\/\" target=\"_blank\" rel=\"noopener\"><span style=\"text-decoration: underline;\">Voir les autres films qu\u00e9b\u00e9cois<\/span><\/a><\/strong><\/p>\n<p>&nbsp;<\/p>\n<p><strong>*Disponible au Canada seulement<\/strong><\/p>\n","protected":false},"featured_media":7494,"template":"","meta":{"_acf_changed":false,"_eb_attr":""},"product_brand":[],"product_cat":[105,120,45,119,121,136,131,142],"product_tag":[],"class_list":{"0":"post-4591","1":"product","2":"type-product","3":"status-publish","4":"has-post-thumbnail","6":"product_cat-drame","7":"product_cat-fiction","8":"product_cat-film","9":"product_cat-quebecois","10":"product_cat-societe","11":"product_cat-dvd","12":"product_cat-touslesfilms","13":"product_cat-numerique","14":"product_shipping_class-livraison","16":"first","17":"instock","18":"taxable","19":"shipping-taxable","20":"purchasable","21":"product-type-variable","22":"has-default-attributes"},"acf":[],"yoast_head":"<!-- This site is optimized with the Yoast SEO plugin v27.0 - https:\/\/yoast.com\/product\/yoast-seo-wordpress\/ -->\n<title>Les faux tatouages - Film Qu\u00e9b\u00e9cois - Maisonnette - \u00c9coutez maintenant<\/title>\n<meta name=\"description\" content=\"Les faux tatouages. The\u0301o fe\u0302te ses 18 ans seul, s\u2019enivrant de bie\u0300res bon marche\u0301 et de l\u2019adre\u0301naline d\u2019un spectacle punk rock brutal.\" \/>\n<meta name=\"robots\" content=\"noindex, follow, max-snippet:-1, max-image-preview:large, max-video-preview:-1\" \/>\n<meta property=\"og:locale\" content=\"fr_FR\" \/>\n<meta property=\"og:type\" content=\"article\" \/>\n<meta property=\"og:title\" content=\"Les faux tatouages\" \/>\n<meta property=\"og:description\" content=\"Les faux tatouages. The\u0301o fe\u0302te ses 18 ans seul, s\u2019enivrant de bie\u0300res bon marche\u0301 et de l\u2019adre\u0301naline d\u2019un spectacle punk rock brutal.\" \/>\n<meta property=\"og:url\" content=\"https:\/\/maison4tiers.com\/maisonnette\/product\/les-faux-tatouages\/\" \/>\n<meta property=\"og:site_name\" content=\"Maisonnette\" \/>\n<meta property=\"article:modified_time\" content=\"2024-07-29T02:25:49+00:00\" \/>\n<meta property=\"og:image\" content=\"https:\/\/maison4tiers.com\/maisonnette\/wp-content\/uploads\/sites\/77\/2017\/01\/78.jpg\" \/>\n\t<meta property=\"og:image:width\" content=\"800\" \/>\n\t<meta property=\"og:image:height\" content=\"1200\" \/>\n\t<meta property=\"og:image:type\" content=\"image\/jpeg\" \/>\n<meta name=\"twitter:card\" content=\"summary_large_image\" \/>\n<meta name=\"twitter:title\" content=\"Les faux tatouages\" \/>\n<meta name=\"twitter:description\" content=\"Les faux tatouages. The\u0301o fe\u0302te ses 18 ans seul, s\u2019enivrant de bie\u0300res bon marche\u0301 et de l\u2019adre\u0301naline d\u2019un spectacle punk rock brutal.\" \/>\n<meta name=\"twitter:image\" content=\"https:\/\/maison4tiers.com\/maisonnette\/wp-content\/uploads\/sites\/77\/2017\/01\/78.jpg\" \/>\n<script type=\"application\/ld+json\" class=\"yoast-schema-graph\">{\"@context\":\"https:\/\/schema.org\",\"@graph\":[{\"@type\":\"WebPage\",\"@id\":\"https:\/\/maison4tiers.com\/maisonnette\/product\/les-faux-tatouages\/\",\"url\":\"https:\/\/maison4tiers.com\/maisonnette\/product\/les-faux-tatouages\/\",\"name\":\"Les faux tatouages - Film Qu\u00e9b\u00e9cois - Maisonnette - \u00c9coutez maintenant\",\"isPartOf\":{\"@id\":\"https:\/\/maison4tiers.com\/maisonnette\/#website\"},\"primaryImageOfPage\":{\"@id\":\"https:\/\/maison4tiers.com\/maisonnette\/product\/les-faux-tatouages\/#primaryimage\"},\"image\":{\"@id\":\"https:\/\/maison4tiers.com\/maisonnette\/product\/les-faux-tatouages\/#primaryimage\"},\"thumbnailUrl\":\"https:\/\/maison4tiers.com\/maisonnette\/wp-content\/uploads\/sites\/77\/2017\/01\/78.jpg\",\"datePublished\":\"2017-01-12T04:00:10+00:00\",\"dateModified\":\"2024-07-29T02:25:49+00:00\",\"description\":\"Les faux tatouages. The\u0301o fe\u0302te ses 18 ans seul, s\u2019enivrant de bie\u0300res bon marche\u0301 et de l\u2019adre\u0301naline d\u2019un spectacle punk rock brutal.\",\"breadcrumb\":{\"@id\":\"https:\/\/maison4tiers.com\/maisonnette\/product\/les-faux-tatouages\/#breadcrumb\"},\"inLanguage\":\"fr-FR\",\"potentialAction\":[{\"@type\":\"ReadAction\",\"target\":[\"https:\/\/maison4tiers.com\/maisonnette\/product\/les-faux-tatouages\/\"]}]},{\"@type\":\"ImageObject\",\"inLanguage\":\"fr-FR\",\"@id\":\"https:\/\/maison4tiers.com\/maisonnette\/product\/les-faux-tatouages\/#primaryimage\",\"url\":\"https:\/\/maison4tiers.com\/maisonnette\/wp-content\/uploads\/sites\/77\/2017\/01\/78.jpg\",\"contentUrl\":\"https:\/\/maison4tiers.com\/maisonnette\/wp-content\/uploads\/sites\/77\/2017\/01\/78.jpg\",\"width\":800,\"height\":1200,\"caption\":\"Les faux tatouages\"},{\"@type\":\"BreadcrumbList\",\"@id\":\"https:\/\/maison4tiers.com\/maisonnette\/product\/les-faux-tatouages\/#breadcrumb\",\"itemListElement\":[{\"@type\":\"ListItem\",\"position\":1,\"name\":\"Home\",\"item\":\"https:\/\/maison4tiers.com\/maisonnette\/\"},{\"@type\":\"ListItem\",\"position\":2,\"name\":\"Films\",\"item\":\"https:\/\/maison4tiers.com\/maisonnette\/?page_id=35\"},{\"@type\":\"ListItem\",\"position\":3,\"name\":\"Les faux tatouages\"}]},{\"@type\":\"WebSite\",\"@id\":\"https:\/\/maison4tiers.com\/maisonnette\/#website\",\"url\":\"https:\/\/maison4tiers.com\/maisonnette\/\",\"name\":\"Maisonnette\",\"description\":\"Distribution multiplateforme de films qu\u00e9b\u00e9cois et internationaux\",\"publisher\":{\"@id\":\"https:\/\/maison4tiers.com\/maisonnette\/#organization\"},\"potentialAction\":[{\"@type\":\"SearchAction\",\"target\":{\"@type\":\"EntryPoint\",\"urlTemplate\":\"https:\/\/maison4tiers.com\/maisonnette\/?s={search_term_string}\"},\"query-input\":{\"@type\":\"PropertyValueSpecification\",\"valueRequired\":true,\"valueName\":\"search_term_string\"}}],\"inLanguage\":\"fr-FR\"},{\"@type\":\"Organization\",\"@id\":\"https:\/\/maison4tiers.com\/maisonnette\/#organization\",\"name\":\"Maisonnette\",\"url\":\"https:\/\/maison4tiers.com\/maisonnette\/\",\"logo\":{\"@type\":\"ImageObject\",\"inLanguage\":\"fr-FR\",\"@id\":\"https:\/\/maison4tiers.com\/maisonnette\/#\/schema\/logo\/image\/\",\"url\":\"https:\/\/maison4tiers.com\/maisonnette\/wp-content\/uploads\/sites\/77\/2020\/11\/favicon-196.png\",\"contentUrl\":\"https:\/\/maison4tiers.com\/maisonnette\/wp-content\/uploads\/sites\/77\/2020\/11\/favicon-196.png\",\"width\":196,\"height\":196,\"caption\":\"Maisonnette\"},\"image\":{\"@id\":\"https:\/\/maison4tiers.com\/maisonnette\/#\/schema\/logo\/image\/\"}}]}<\/script>\n<!-- \/ Yoast SEO plugin. -->","yoast_head_json":{"title":"Les faux tatouages - Film Qu\u00e9b\u00e9cois - Maisonnette - \u00c9coutez maintenant","description":"Les faux tatouages. The\u0301o fe\u0302te ses 18 ans seul, s\u2019enivrant de bie\u0300res bon marche\u0301 et de l\u2019adre\u0301naline d\u2019un spectacle punk rock brutal.","robots":{"index":"noindex","follow":"follow","max-snippet":"max-snippet:-1","max-image-preview":"max-image-preview:large","max-video-preview":"max-video-preview:-1"},"og_locale":"fr_FR","og_type":"article","og_title":"Les faux tatouages","og_description":"Les faux tatouages. The\u0301o fe\u0302te ses 18 ans seul, s\u2019enivrant de bie\u0300res bon marche\u0301 et de l\u2019adre\u0301naline d\u2019un spectacle punk rock brutal.","og_url":"https:\/\/maison4tiers.com\/maisonnette\/product\/les-faux-tatouages\/","og_site_name":"Maisonnette","article_modified_time":"2024-07-29T02:25:49+00:00","og_image":[{"width":800,"height":1200,"url":"https:\/\/maison4tiers.com\/maisonnette\/wp-content\/uploads\/sites\/77\/2017\/01\/78.jpg","type":"image\/jpeg"}],"twitter_card":"summary_large_image","twitter_title":"Les faux tatouages","twitter_description":"Les faux tatouages. The\u0301o fe\u0302te ses 18 ans seul, s\u2019enivrant de bie\u0300res bon marche\u0301 et de l\u2019adre\u0301naline d\u2019un spectacle punk rock brutal.","twitter_image":"https:\/\/maison4tiers.com\/maisonnette\/wp-content\/uploads\/sites\/77\/2017\/01\/78.jpg","schema":{"@context":"https:\/\/schema.org","@graph":[{"@type":"WebPage","@id":"https:\/\/maison4tiers.com\/maisonnette\/product\/les-faux-tatouages\/","url":"https:\/\/maison4tiers.com\/maisonnette\/product\/les-faux-tatouages\/","name":"Les faux tatouages - Film Qu\u00e9b\u00e9cois - Maisonnette - \u00c9coutez maintenant","isPartOf":{"@id":"https:\/\/maison4tiers.com\/maisonnette\/#website"},"primaryImageOfPage":{"@id":"https:\/\/maison4tiers.com\/maisonnette\/product\/les-faux-tatouages\/#primaryimage"},"image":{"@id":"https:\/\/maison4tiers.com\/maisonnette\/product\/les-faux-tatouages\/#primaryimage"},"thumbnailUrl":"https:\/\/maison4tiers.com\/maisonnette\/wp-content\/uploads\/sites\/77\/2017\/01\/78.jpg","datePublished":"2017-01-12T04:00:10+00:00","dateModified":"2024-07-29T02:25:49+00:00","description":"Les faux tatouages. The\u0301o fe\u0302te ses 18 ans seul, s\u2019enivrant de bie\u0300res bon marche\u0301 et de l\u2019adre\u0301naline d\u2019un spectacle punk rock brutal.","breadcrumb":{"@id":"https:\/\/maison4tiers.com\/maisonnette\/product\/les-faux-tatouages\/#breadcrumb"},"inLanguage":"fr-FR","potentialAction":[{"@type":"ReadAction","target":["https:\/\/maison4tiers.com\/maisonnette\/product\/les-faux-tatouages\/"]}]},{"@type":"ImageObject","inLanguage":"fr-FR","@id":"https:\/\/maison4tiers.com\/maisonnette\/product\/les-faux-tatouages\/#primaryimage","url":"https:\/\/maison4tiers.com\/maisonnette\/wp-content\/uploads\/sites\/77\/2017\/01\/78.jpg","contentUrl":"https:\/\/maison4tiers.com\/maisonnette\/wp-content\/uploads\/sites\/77\/2017\/01\/78.jpg","width":800,"height":1200,"caption":"Les faux tatouages"},{"@type":"BreadcrumbList","@id":"https:\/\/maison4tiers.com\/maisonnette\/product\/les-faux-tatouages\/#breadcrumb","itemListElement":[{"@type":"ListItem","position":1,"name":"Home","item":"https:\/\/maison4tiers.com\/maisonnette\/"},{"@type":"ListItem","position":2,"name":"Films","item":"https:\/\/maison4tiers.com\/maisonnette\/?page_id=35"},{"@type":"ListItem","position":3,"name":"Les faux tatouages"}]},{"@type":"WebSite","@id":"https:\/\/maison4tiers.com\/maisonnette\/#website","url":"https:\/\/maison4tiers.com\/maisonnette\/","name":"Maisonnette","description":"Distribution multiplateforme de films qu\u00e9b\u00e9cois et internationaux","publisher":{"@id":"https:\/\/maison4tiers.com\/maisonnette\/#organization"},"potentialAction":[{"@type":"SearchAction","target":{"@type":"EntryPoint","urlTemplate":"https:\/\/maison4tiers.com\/maisonnette\/?s={search_term_string}"},"query-input":{"@type":"PropertyValueSpecification","valueRequired":true,"valueName":"search_term_string"}}],"inLanguage":"fr-FR"},{"@type":"Organization","@id":"https:\/\/maison4tiers.com\/maisonnette\/#organization","name":"Maisonnette","url":"https:\/\/maison4tiers.com\/maisonnette\/","logo":{"@type":"ImageObject","inLanguage":"fr-FR","@id":"https:\/\/maison4tiers.com\/maisonnette\/#\/schema\/logo\/image\/","url":"https:\/\/maison4tiers.com\/maisonnette\/wp-content\/uploads\/sites\/77\/2020\/11\/favicon-196.png","contentUrl":"https:\/\/maison4tiers.com\/maisonnette\/wp-content\/uploads\/sites\/77\/2020\/11\/favicon-196.png","width":196,"height":196,"caption":"Maisonnette"},"image":{"@id":"https:\/\/maison4tiers.com\/maisonnette\/#\/schema\/logo\/image\/"}}]}},"jetpack_sharing_enabled":true,"_links":{"self":[{"href":"https:\/\/maison4tiers.com\/maisonnette\/wp-json\/wp\/v2\/product\/4591","targetHints":{"allow":["GET"]}}],"collection":[{"href":"https:\/\/maison4tiers.com\/maisonnette\/wp-json\/wp\/v2\/product"}],"about":[{"href":"https:\/\/maison4tiers.com\/maisonnette\/wp-json\/wp\/v2\/types\/product"}],"wp:featuredmedia":[{"embeddable":true,"href":"https:\/\/maison4tiers.com\/maisonnette\/wp-json\/wp\/v2\/media\/7494"}],"wp:attachment":[{"href":"https:\/\/maison4tiers.com\/maisonnette\/wp-json\/wp\/v2\/media?parent=4591"}],"wp:term":[{"taxonomy":"product_brand","embeddable":true,"href":"https:\/\/maison4tiers.com\/maisonnette\/wp-json\/wp\/v2\/product_brand?post=4591"},{"taxonomy":"product_cat","embeddable":true,"href":"https:\/\/maison4tiers.com\/maisonnette\/wp-json\/wp\/v2\/product_cat?post=4591"},{"taxonomy":"product_tag","embeddable":true,"href":"https:\/\/maison4tiers.com\/maisonnette\/wp-json\/wp\/v2\/product_tag?post=4591"}],"curies":[{"name":"wp","href":"https:\/\/api.w.org\/{rel}","templated":true}]}}