{"id":4583,"date":"2019-01-12T00:00:28","date_gmt":"2019-01-12T04:00:28","guid":{"rendered":"https:\/\/maison4tiers.com\/?post_type=product&#038;p=4583"},"modified":"2023-03-28T17:10:45","modified_gmt":"2023-03-28T21:10:45","slug":"les-sept-dernieres-paroles","status":"publish","type":"product","link":"https:\/\/maison4tiers.com\/maisonnette\/product\/les-sept-dernieres-paroles\/","title":{"rendered":"Les sept derni\u00e8res paroles"},"excerpt":{"rendered":"<p>Inspir\u00e9 par Les sept derni\u00e8res paroles du Christ en croix, chef-d\u2019\u0153uvre du r\u00e9pertoire classique de Franz Joseph Haydn, Les sept derni\u00e8res paroles ausculte les \u00e9tats exp\u00e9rientiels et les rituels propres au genre humain, \u00e0 partir des sept th\u00e8mes \u00e9voqu\u00e9s dans cette composition musicale : le pardon, le salut, la relation, l\u2019abandon, la d\u00e9tresse, le triomphe et la r\u00e9union.<\/p>\n<blockquote><p><em>\u00ab C\u2019est tour \u00e0 tour \u00e9mouvant, myst\u00e9rieux, d\u00e9routant, hallucinant\u2026 \u00bb<\/em><br \/>\n<strong>\u2605\u2605\u2605\u2605 \u2013 <a href=\"https:\/\/www.ledevoir.com\/culture\/cinema\/556708\/les-sept-dernieres-paroles\" target=\"_blank\" rel=\"noopener\">LE DEVOIR<\/a><\/strong><\/p><\/blockquote>\n<p><strong><a href=\"\/categorie-produit\/film\/quebecois\/\" target=\"_blank\" rel=\"noopener\"><span style=\"text-decoration: underline;\">Voir les autres films qu\u00e9b\u00e9cois<\/span><\/a><\/strong><\/p>\n<p>&nbsp;<\/p>\n<p><strong>*Disponible au Canada seulement<\/strong><\/p>\n","protected":false},"featured_media":7446,"template":"","meta":{"_acf_changed":false,"_eb_attr":""},"product_brand":[],"product_cat":[45,111,119,122,131,142],"product_tag":[656,665,654,646,659,657,647,651,664,642,649,661,660,643,645,663,351,639,648,658,652,666,653,650,640,655,641,604,644,662],"class_list":{"0":"post-4583","1":"product","2":"type-product","3":"status-publish","4":"has-post-thumbnail","6":"product_cat-film","7":"product_cat-film-essai","8":"product_cat-quebecois","9":"product_cat-reflexion","10":"product_cat-touslesfilms","11":"product_cat-numerique","12":"product_tag-addison-mcphail","13":"product_tag-alexandre-st-onge","14":"product_tag-andre-eric-letourneau","15":"product_tag-ariane-lorrain","16":"product_tag-axelle-munezero","17":"product_tag-bojana-milinov","18":"product_tag-caroline-monnet","19":"product_tag-clara-furey","20":"product_tag-darius-james-rodney","21":"product_tag-franz-joseph-haydn","22":"product_tag-frederic-bednarz","23":"product_tag-jerome-pouliot","24":"product_tag-jonathan-parant","25":"product_tag-juan-andres-arango","26":"product_tag-karl-lemieux","27":"product_tag-kathia-rock","28":"product_tag-kaveh-nabatian","29":"product_tag-les-sept-dernieres-paroles","30":"product_tag-luc-beauchemin","31":"product_tag-mahasin-mohemmad","32":"product_tag-marielle-louis-genest","33":"product_tag-monique-thellend","34":"product_tag-nadege-grebmeier-forget","35":"product_tag-nehemiah-brown","36":"product_tag-paroles","37":"product_tag-sarah-mcmahon","38":"product_tag-sept-dernieres-paroles","39":"product_tag-sophie-deraspe","40":"product_tag-sophie-goyette","41":"product_tag-weimar-jose-celorio-renteria","42":"product_shipping_class-livraison","44":"first","45":"instock","46":"taxable","47":"shipping-taxable","48":"purchasable","49":"product-type-variable","50":"has-default-attributes"},"acf":[],"yoast_head":"<!-- This site is optimized with the Yoast SEO plugin v27.0 - https:\/\/yoast.com\/product\/yoast-seo-wordpress\/ -->\n<title>Les sept derni\u00e8res paroles - Film Qu\u00e9b\u00e9cois - Maisonnette -<\/title>\n<meta name=\"description\" content=\"Les sept derni\u00e8res paroles ausculte les \u00e9tats exp\u00e9rientiels et les rituels propres au genre humain, \u00e0 partir de sept th\u00e8mes.\" \/>\n<meta name=\"robots\" content=\"noindex, follow, max-snippet:-1, max-image-preview:large, max-video-preview:-1\" \/>\n<meta property=\"og:locale\" content=\"fr_FR\" \/>\n<meta property=\"og:type\" content=\"article\" \/>\n<meta property=\"og:title\" content=\"Les sept derni\u00e8res paroles\" \/>\n<meta property=\"og:description\" content=\"Les sept derni\u00e8res paroles ausculte les \u00e9tats exp\u00e9rientiels et les rituels propres au genre humain, \u00e0 partir de sept th\u00e8mes.\" \/>\n<meta property=\"og:url\" content=\"https:\/\/maison4tiers.com\/maisonnette\/product\/les-sept-dernieres-paroles\/\" \/>\n<meta property=\"og:site_name\" content=\"Maisonnette\" \/>\n<meta property=\"article:modified_time\" content=\"2023-03-28T21:10:45+00:00\" \/>\n<meta property=\"og:image\" content=\"https:\/\/maison4tiers.com\/maisonnette\/wp-content\/uploads\/sites\/77\/2019\/01\/13.jpg\" \/>\n\t<meta property=\"og:image:width\" content=\"800\" \/>\n\t<meta property=\"og:image:height\" content=\"1200\" \/>\n\t<meta property=\"og:image:type\" content=\"image\/jpeg\" \/>\n<meta name=\"twitter:card\" content=\"summary_large_image\" \/>\n<meta name=\"twitter:title\" content=\"Les sept derni\u00e8res paroles\" \/>\n<meta name=\"twitter:description\" content=\"Les sept derni\u00e8res paroles ausculte les \u00e9tats exp\u00e9rientiels et les rituels propres au genre humain, \u00e0 partir de sept th\u00e8mes.\" \/>\n<meta name=\"twitter:image\" content=\"https:\/\/maison4tiers.com\/maisonnette\/wp-content\/uploads\/sites\/77\/2019\/01\/13.jpg\" \/>\n<script type=\"application\/ld+json\" class=\"yoast-schema-graph\">{\"@context\":\"https:\/\/schema.org\",\"@graph\":[{\"@type\":\"WebPage\",\"@id\":\"https:\/\/maison4tiers.com\/maisonnette\/product\/les-sept-dernieres-paroles\/\",\"url\":\"https:\/\/maison4tiers.com\/maisonnette\/product\/les-sept-dernieres-paroles\/\",\"name\":\"Les sept derni\u00e8res paroles - Film Qu\u00e9b\u00e9cois - Maisonnette -\",\"isPartOf\":{\"@id\":\"https:\/\/maison4tiers.com\/maisonnette\/#website\"},\"primaryImageOfPage\":{\"@id\":\"https:\/\/maison4tiers.com\/maisonnette\/product\/les-sept-dernieres-paroles\/#primaryimage\"},\"image\":{\"@id\":\"https:\/\/maison4tiers.com\/maisonnette\/product\/les-sept-dernieres-paroles\/#primaryimage\"},\"thumbnailUrl\":\"https:\/\/maison4tiers.com\/maisonnette\/wp-content\/uploads\/sites\/77\/2019\/01\/13.jpg\",\"datePublished\":\"2019-01-12T04:00:28+00:00\",\"dateModified\":\"2023-03-28T21:10:45+00:00\",\"description\":\"Les sept derni\u00e8res paroles ausculte les \u00e9tats exp\u00e9rientiels et les rituels propres au genre humain, \u00e0 partir de sept th\u00e8mes.\",\"breadcrumb\":{\"@id\":\"https:\/\/maison4tiers.com\/maisonnette\/product\/les-sept-dernieres-paroles\/#breadcrumb\"},\"inLanguage\":\"fr-FR\",\"potentialAction\":[{\"@type\":\"ReadAction\",\"target\":[\"https:\/\/maison4tiers.com\/maisonnette\/product\/les-sept-dernieres-paroles\/\"]}]},{\"@type\":\"ImageObject\",\"inLanguage\":\"fr-FR\",\"@id\":\"https:\/\/maison4tiers.com\/maisonnette\/product\/les-sept-dernieres-paroles\/#primaryimage\",\"url\":\"https:\/\/maison4tiers.com\/maisonnette\/wp-content\/uploads\/sites\/77\/2019\/01\/13.jpg\",\"contentUrl\":\"https:\/\/maison4tiers.com\/maisonnette\/wp-content\/uploads\/sites\/77\/2019\/01\/13.jpg\",\"width\":800,\"height\":1200,\"caption\":\"Les sept derni\u00e8res paroles\"},{\"@type\":\"BreadcrumbList\",\"@id\":\"https:\/\/maison4tiers.com\/maisonnette\/product\/les-sept-dernieres-paroles\/#breadcrumb\",\"itemListElement\":[{\"@type\":\"ListItem\",\"position\":1,\"name\":\"Home\",\"item\":\"https:\/\/maison4tiers.com\/maisonnette\/\"},{\"@type\":\"ListItem\",\"position\":2,\"name\":\"Films\",\"item\":\"https:\/\/maison4tiers.com\/maisonnette\/?page_id=35\"},{\"@type\":\"ListItem\",\"position\":3,\"name\":\"Les sept derni\u00e8res paroles\"}]},{\"@type\":\"WebSite\",\"@id\":\"https:\/\/maison4tiers.com\/maisonnette\/#website\",\"url\":\"https:\/\/maison4tiers.com\/maisonnette\/\",\"name\":\"Maisonnette\",\"description\":\"Distribution multiplateforme de films qu\u00e9b\u00e9cois et internationaux\",\"publisher\":{\"@id\":\"https:\/\/maison4tiers.com\/maisonnette\/#organization\"},\"potentialAction\":[{\"@type\":\"SearchAction\",\"target\":{\"@type\":\"EntryPoint\",\"urlTemplate\":\"https:\/\/maison4tiers.com\/maisonnette\/?s={search_term_string}\"},\"query-input\":{\"@type\":\"PropertyValueSpecification\",\"valueRequired\":true,\"valueName\":\"search_term_string\"}}],\"inLanguage\":\"fr-FR\"},{\"@type\":\"Organization\",\"@id\":\"https:\/\/maison4tiers.com\/maisonnette\/#organization\",\"name\":\"Maisonnette\",\"url\":\"https:\/\/maison4tiers.com\/maisonnette\/\",\"logo\":{\"@type\":\"ImageObject\",\"inLanguage\":\"fr-FR\",\"@id\":\"https:\/\/maison4tiers.com\/maisonnette\/#\/schema\/logo\/image\/\",\"url\":\"https:\/\/maison4tiers.com\/maisonnette\/wp-content\/uploads\/sites\/77\/2020\/11\/favicon-196.png\",\"contentUrl\":\"https:\/\/maison4tiers.com\/maisonnette\/wp-content\/uploads\/sites\/77\/2020\/11\/favicon-196.png\",\"width\":196,\"height\":196,\"caption\":\"Maisonnette\"},\"image\":{\"@id\":\"https:\/\/maison4tiers.com\/maisonnette\/#\/schema\/logo\/image\/\"}}]}<\/script>\n<!-- \/ Yoast SEO plugin. -->","yoast_head_json":{"title":"Les sept derni\u00e8res paroles - Film Qu\u00e9b\u00e9cois - Maisonnette -","description":"Les sept derni\u00e8res paroles ausculte les \u00e9tats exp\u00e9rientiels et les rituels propres au genre humain, \u00e0 partir de sept th\u00e8mes.","robots":{"index":"noindex","follow":"follow","max-snippet":"max-snippet:-1","max-image-preview":"max-image-preview:large","max-video-preview":"max-video-preview:-1"},"og_locale":"fr_FR","og_type":"article","og_title":"Les sept derni\u00e8res paroles","og_description":"Les sept derni\u00e8res paroles ausculte les \u00e9tats exp\u00e9rientiels et les rituels propres au genre humain, \u00e0 partir de sept th\u00e8mes.","og_url":"https:\/\/maison4tiers.com\/maisonnette\/product\/les-sept-dernieres-paroles\/","og_site_name":"Maisonnette","article_modified_time":"2023-03-28T21:10:45+00:00","og_image":[{"width":800,"height":1200,"url":"https:\/\/maison4tiers.com\/maisonnette\/wp-content\/uploads\/sites\/77\/2019\/01\/13.jpg","type":"image\/jpeg"}],"twitter_card":"summary_large_image","twitter_title":"Les sept derni\u00e8res paroles","twitter_description":"Les sept derni\u00e8res paroles ausculte les \u00e9tats exp\u00e9rientiels et les rituels propres au genre humain, \u00e0 partir de sept th\u00e8mes.","twitter_image":"https:\/\/maison4tiers.com\/maisonnette\/wp-content\/uploads\/sites\/77\/2019\/01\/13.jpg","schema":{"@context":"https:\/\/schema.org","@graph":[{"@type":"WebPage","@id":"https:\/\/maison4tiers.com\/maisonnette\/product\/les-sept-dernieres-paroles\/","url":"https:\/\/maison4tiers.com\/maisonnette\/product\/les-sept-dernieres-paroles\/","name":"Les sept derni\u00e8res paroles - Film Qu\u00e9b\u00e9cois - Maisonnette -","isPartOf":{"@id":"https:\/\/maison4tiers.com\/maisonnette\/#website"},"primaryImageOfPage":{"@id":"https:\/\/maison4tiers.com\/maisonnette\/product\/les-sept-dernieres-paroles\/#primaryimage"},"image":{"@id":"https:\/\/maison4tiers.com\/maisonnette\/product\/les-sept-dernieres-paroles\/#primaryimage"},"thumbnailUrl":"https:\/\/maison4tiers.com\/maisonnette\/wp-content\/uploads\/sites\/77\/2019\/01\/13.jpg","datePublished":"2019-01-12T04:00:28+00:00","dateModified":"2023-03-28T21:10:45+00:00","description":"Les sept derni\u00e8res paroles ausculte les \u00e9tats exp\u00e9rientiels et les rituels propres au genre humain, \u00e0 partir de sept th\u00e8mes.","breadcrumb":{"@id":"https:\/\/maison4tiers.com\/maisonnette\/product\/les-sept-dernieres-paroles\/#breadcrumb"},"inLanguage":"fr-FR","potentialAction":[{"@type":"ReadAction","target":["https:\/\/maison4tiers.com\/maisonnette\/product\/les-sept-dernieres-paroles\/"]}]},{"@type":"ImageObject","inLanguage":"fr-FR","@id":"https:\/\/maison4tiers.com\/maisonnette\/product\/les-sept-dernieres-paroles\/#primaryimage","url":"https:\/\/maison4tiers.com\/maisonnette\/wp-content\/uploads\/sites\/77\/2019\/01\/13.jpg","contentUrl":"https:\/\/maison4tiers.com\/maisonnette\/wp-content\/uploads\/sites\/77\/2019\/01\/13.jpg","width":800,"height":1200,"caption":"Les sept derni\u00e8res paroles"},{"@type":"BreadcrumbList","@id":"https:\/\/maison4tiers.com\/maisonnette\/product\/les-sept-dernieres-paroles\/#breadcrumb","itemListElement":[{"@type":"ListItem","position":1,"name":"Home","item":"https:\/\/maison4tiers.com\/maisonnette\/"},{"@type":"ListItem","position":2,"name":"Films","item":"https:\/\/maison4tiers.com\/maisonnette\/?page_id=35"},{"@type":"ListItem","position":3,"name":"Les sept derni\u00e8res paroles"}]},{"@type":"WebSite","@id":"https:\/\/maison4tiers.com\/maisonnette\/#website","url":"https:\/\/maison4tiers.com\/maisonnette\/","name":"Maisonnette","description":"Distribution multiplateforme de films qu\u00e9b\u00e9cois et internationaux","publisher":{"@id":"https:\/\/maison4tiers.com\/maisonnette\/#organization"},"potentialAction":[{"@type":"SearchAction","target":{"@type":"EntryPoint","urlTemplate":"https:\/\/maison4tiers.com\/maisonnette\/?s={search_term_string}"},"query-input":{"@type":"PropertyValueSpecification","valueRequired":true,"valueName":"search_term_string"}}],"inLanguage":"fr-FR"},{"@type":"Organization","@id":"https:\/\/maison4tiers.com\/maisonnette\/#organization","name":"Maisonnette","url":"https:\/\/maison4tiers.com\/maisonnette\/","logo":{"@type":"ImageObject","inLanguage":"fr-FR","@id":"https:\/\/maison4tiers.com\/maisonnette\/#\/schema\/logo\/image\/","url":"https:\/\/maison4tiers.com\/maisonnette\/wp-content\/uploads\/sites\/77\/2020\/11\/favicon-196.png","contentUrl":"https:\/\/maison4tiers.com\/maisonnette\/wp-content\/uploads\/sites\/77\/2020\/11\/favicon-196.png","width":196,"height":196,"caption":"Maisonnette"},"image":{"@id":"https:\/\/maison4tiers.com\/maisonnette\/#\/schema\/logo\/image\/"}}]}},"jetpack_sharing_enabled":true,"_links":{"self":[{"href":"https:\/\/maison4tiers.com\/maisonnette\/wp-json\/wp\/v2\/product\/4583","targetHints":{"allow":["GET"]}}],"collection":[{"href":"https:\/\/maison4tiers.com\/maisonnette\/wp-json\/wp\/v2\/product"}],"about":[{"href":"https:\/\/maison4tiers.com\/maisonnette\/wp-json\/wp\/v2\/types\/product"}],"wp:featuredmedia":[{"embeddable":true,"href":"https:\/\/maison4tiers.com\/maisonnette\/wp-json\/wp\/v2\/media\/7446"}],"wp:attachment":[{"href":"https:\/\/maison4tiers.com\/maisonnette\/wp-json\/wp\/v2\/media?parent=4583"}],"wp:term":[{"taxonomy":"product_brand","embeddable":true,"href":"https:\/\/maison4tiers.com\/maisonnette\/wp-json\/wp\/v2\/product_brand?post=4583"},{"taxonomy":"product_cat","embeddable":true,"href":"https:\/\/maison4tiers.com\/maisonnette\/wp-json\/wp\/v2\/product_cat?post=4583"},{"taxonomy":"product_tag","embeddable":true,"href":"https:\/\/maison4tiers.com\/maisonnette\/wp-json\/wp\/v2\/product_tag?post=4583"}],"curies":[{"name":"wp","href":"https:\/\/api.w.org\/{rel}","templated":true}]}}