{"id":4573,"date":"2019-01-12T00:00:43","date_gmt":"2019-01-12T04:00:43","guid":{"rendered":"https:\/\/maison4tiers.com\/?post_type=product&#038;p=4573"},"modified":"2024-10-13T00:43:21","modified_gmt":"2024-10-13T04:43:21","slug":"le-vieil-age-et-lesperance","status":"publish","type":"product","link":"https:\/\/maison4tiers.com\/maisonnette\/product\/le-vieil-age-et-lesperance\/","title":{"rendered":"Le vieil \u00e2ge et l&rsquo;esp\u00e9rance"},"excerpt":{"rendered":"<p>Quand le grand \u00e2ge impose la d\u00e9ch\u00e9ance physique et quelques fois mentale, y a-t&rsquo;il moyen de conserver une attitude esp\u00e9rante face \u00e0 la vie et ses myst\u00e8res. C&rsquo;est la question que veut confronter le projet de film documentaire Le vieil \u00e2ge et l&rsquo;esp\u00e9rance en interpellant non seulement les sp\u00e9cialistes tels les g\u00e9ri\u00e2tres, g\u00e9rontologues, psychologues et philosophes, mais d&rsquo;abord et avant tout l&rsquo;exp\u00e9rience v\u00e9cue des personnes \u00e2g\u00e9es elles-m\u00eames.<\/p>\n<blockquote><p><em>\u00ab Fernand Dansereau fait preuve d&rsquo;une belle g\u00e9n\u00e9rosit\u00e9 dans sa qu\u00eate existentielle. Son film est peut-\u00eatre conventionnel dans sa forme, mais d&rsquo;une grande pertinence sur le fond.\u00bb\u00a0<\/em><\/p>\n<p><strong>\u2013 <a href=\"https:\/\/www.lesoleil.com\/arts\/cinema\/le-vieil-age-et-lesperance-vieillir-en-sagesse--3e1c4fe3ea9508b7cfd48a621028283c\" target=\"_blank\" rel=\"noopener\">LE SOLEIL<\/a><\/strong><\/p><\/blockquote>\n<p><a href=\"https:\/\/maison4tiers.com\/categorie-produit\/film\/documentaire\/\" target=\"_blank\" rel=\"noopener\"><strong><span style=\"text-decoration: underline;\">Voir les autres documentaire<\/span><\/strong><\/a><\/p>\n<p>&nbsp;<\/p>\n<p><strong>*Disponible au Canada seulement<\/strong><\/p>\n","protected":false},"featured_media":7438,"template":"","meta":{"_acf_changed":false,"_eb_attr":""},"product_brand":[],"product_cat":[78,45,119,122,121,136,131,142],"product_tag":[590,556,601,329,595,592,593,596,597,589,602,588,587,586,600,598,599,591,594,246,296],"class_list":{"0":"post-4573","1":"product","2":"type-product","3":"status-publish","4":"has-post-thumbnail","6":"product_cat-documentaire","7":"product_cat-film","8":"product_cat-quebecois","9":"product_cat-reflexion","10":"product_cat-societe","11":"product_cat-dvd","12":"product_cat-touslesfilms","13":"product_cat-numerique","14":"product_tag-age-dor","15":"product_tag-cycle","16":"product_tag-deuil","17":"product_tag-documentaire","18":"product_tag-entrevues","19":"product_tag-esperance","20":"product_tag-espoir","21":"product_tag-feel-good","22":"product_tag-feel-good-movie","23":"product_tag-fernand-dansereau","24":"product_tag-fin-de-vie","25":"product_tag-lerotisme-et-le-vieil-age","26":"product_tag-le-vieil-age","27":"product_tag-le-vieil-age-et-lesperance","28":"product_tag-mort","29":"product_tag-personne-agee","30":"product_tag-personnes-agees","31":"product_tag-retraite","32":"product_tag-vie","33":"product_tag-vieillesse","34":"product_tag-vieillir","35":"product_shipping_class-livraison","37":"first","38":"instock","39":"taxable","40":"shipping-taxable","41":"purchasable","42":"product-type-variable","43":"has-default-attributes"},"acf":[],"yoast_head":"<!-- This site is optimized with the Yoast SEO plugin v27.0 - https:\/\/yoast.com\/product\/yoast-seo-wordpress\/ -->\n<title>Le vieil \u00e2ge et l&#039;esp\u00e9rance - Documentaire qu\u00e9b\u00e9cois - Maisonnette -<\/title>\n<meta name=\"description\" content=\"Quand le grand \u00e2ge impose la d\u00e9ch\u00e9ance physique et quelques fois mentale, y a-t&#039;il moyen de conserver une attitude esp\u00e9rante face \u00e0 la vie.\" \/>\n<meta name=\"robots\" content=\"noindex, follow, max-snippet:-1, max-image-preview:large, max-video-preview:-1\" \/>\n<meta property=\"og:locale\" content=\"fr_FR\" \/>\n<meta property=\"og:type\" content=\"article\" \/>\n<meta property=\"og:title\" content=\"Le vieil \u00e2ge et l&#039;esp\u00e9rance\" \/>\n<meta property=\"og:description\" content=\"Quand le grand \u00e2ge impose la d\u00e9ch\u00e9ance physique et quelques fois mentale, y a-t&#039;il moyen de conserver une attitude esp\u00e9rante face \u00e0 la vie.\" \/>\n<meta property=\"og:url\" content=\"https:\/\/maison4tiers.com\/maisonnette\/product\/le-vieil-age-et-lesperance\/\" \/>\n<meta property=\"og:site_name\" content=\"Maisonnette\" \/>\n<meta property=\"article:modified_time\" content=\"2024-10-13T04:43:21+00:00\" \/>\n<meta property=\"og:image\" content=\"https:\/\/maison4tiers.com\/maisonnette\/wp-content\/uploads\/sites\/77\/2019\/01\/77.jpg\" \/>\n\t<meta property=\"og:image:width\" content=\"800\" \/>\n\t<meta property=\"og:image:height\" content=\"1200\" \/>\n\t<meta property=\"og:image:type\" content=\"image\/jpeg\" \/>\n<meta name=\"twitter:card\" content=\"summary_large_image\" \/>\n<meta name=\"twitter:title\" content=\"Le vieil \u00e2ge et l&#039;esp\u00e9rance\" \/>\n<meta name=\"twitter:description\" content=\"Quand le grand \u00e2ge impose la d\u00e9ch\u00e9ance physique et quelques fois mentale, y a-t&#039;il moyen de conserver une attitude esp\u00e9rante face \u00e0 la vie.\" \/>\n<meta name=\"twitter:image\" content=\"https:\/\/maison4tiers.com\/maisonnette\/wp-content\/uploads\/sites\/77\/2019\/01\/77.jpg\" \/>\n<script type=\"application\/ld+json\" class=\"yoast-schema-graph\">{\"@context\":\"https:\/\/schema.org\",\"@graph\":[{\"@type\":\"WebPage\",\"@id\":\"https:\/\/maison4tiers.com\/maisonnette\/product\/le-vieil-age-et-lesperance\/\",\"url\":\"https:\/\/maison4tiers.com\/maisonnette\/product\/le-vieil-age-et-lesperance\/\",\"name\":\"Le vieil \u00e2ge et l'esp\u00e9rance - Documentaire qu\u00e9b\u00e9cois - Maisonnette -\",\"isPartOf\":{\"@id\":\"https:\/\/maison4tiers.com\/maisonnette\/#website\"},\"primaryImageOfPage\":{\"@id\":\"https:\/\/maison4tiers.com\/maisonnette\/product\/le-vieil-age-et-lesperance\/#primaryimage\"},\"image\":{\"@id\":\"https:\/\/maison4tiers.com\/maisonnette\/product\/le-vieil-age-et-lesperance\/#primaryimage\"},\"thumbnailUrl\":\"https:\/\/maison4tiers.com\/maisonnette\/wp-content\/uploads\/sites\/77\/2019\/01\/77.jpg\",\"datePublished\":\"2019-01-12T04:00:43+00:00\",\"dateModified\":\"2024-10-13T04:43:21+00:00\",\"description\":\"Quand le grand \u00e2ge impose la d\u00e9ch\u00e9ance physique et quelques fois mentale, y a-t'il moyen de conserver une attitude esp\u00e9rante face \u00e0 la vie.\",\"breadcrumb\":{\"@id\":\"https:\/\/maison4tiers.com\/maisonnette\/product\/le-vieil-age-et-lesperance\/#breadcrumb\"},\"inLanguage\":\"fr-FR\",\"potentialAction\":[{\"@type\":\"ReadAction\",\"target\":[\"https:\/\/maison4tiers.com\/maisonnette\/product\/le-vieil-age-et-lesperance\/\"]}]},{\"@type\":\"ImageObject\",\"inLanguage\":\"fr-FR\",\"@id\":\"https:\/\/maison4tiers.com\/maisonnette\/product\/le-vieil-age-et-lesperance\/#primaryimage\",\"url\":\"https:\/\/maison4tiers.com\/maisonnette\/wp-content\/uploads\/sites\/77\/2019\/01\/77.jpg\",\"contentUrl\":\"https:\/\/maison4tiers.com\/maisonnette\/wp-content\/uploads\/sites\/77\/2019\/01\/77.jpg\",\"width\":800,\"height\":1200,\"caption\":\"Le vieil \u00e2ge et l'esp\u00e9rance\"},{\"@type\":\"BreadcrumbList\",\"@id\":\"https:\/\/maison4tiers.com\/maisonnette\/product\/le-vieil-age-et-lesperance\/#breadcrumb\",\"itemListElement\":[{\"@type\":\"ListItem\",\"position\":1,\"name\":\"Home\",\"item\":\"https:\/\/maison4tiers.com\/maisonnette\/\"},{\"@type\":\"ListItem\",\"position\":2,\"name\":\"Films\",\"item\":\"https:\/\/maison4tiers.com\/maisonnette\/?page_id=35\"},{\"@type\":\"ListItem\",\"position\":3,\"name\":\"Le vieil \u00e2ge et l&#8217;esp\u00e9rance\"}]},{\"@type\":\"WebSite\",\"@id\":\"https:\/\/maison4tiers.com\/maisonnette\/#website\",\"url\":\"https:\/\/maison4tiers.com\/maisonnette\/\",\"name\":\"Maisonnette\",\"description\":\"Distribution multiplateforme de films qu\u00e9b\u00e9cois et internationaux\",\"publisher\":{\"@id\":\"https:\/\/maison4tiers.com\/maisonnette\/#organization\"},\"potentialAction\":[{\"@type\":\"SearchAction\",\"target\":{\"@type\":\"EntryPoint\",\"urlTemplate\":\"https:\/\/maison4tiers.com\/maisonnette\/?s={search_term_string}\"},\"query-input\":{\"@type\":\"PropertyValueSpecification\",\"valueRequired\":true,\"valueName\":\"search_term_string\"}}],\"inLanguage\":\"fr-FR\"},{\"@type\":\"Organization\",\"@id\":\"https:\/\/maison4tiers.com\/maisonnette\/#organization\",\"name\":\"Maisonnette\",\"url\":\"https:\/\/maison4tiers.com\/maisonnette\/\",\"logo\":{\"@type\":\"ImageObject\",\"inLanguage\":\"fr-FR\",\"@id\":\"https:\/\/maison4tiers.com\/maisonnette\/#\/schema\/logo\/image\/\",\"url\":\"https:\/\/maison4tiers.com\/maisonnette\/wp-content\/uploads\/sites\/77\/2020\/11\/favicon-196.png\",\"contentUrl\":\"https:\/\/maison4tiers.com\/maisonnette\/wp-content\/uploads\/sites\/77\/2020\/11\/favicon-196.png\",\"width\":196,\"height\":196,\"caption\":\"Maisonnette\"},\"image\":{\"@id\":\"https:\/\/maison4tiers.com\/maisonnette\/#\/schema\/logo\/image\/\"}}]}<\/script>\n<!-- \/ Yoast SEO plugin. -->","yoast_head_json":{"title":"Le vieil \u00e2ge et l'esp\u00e9rance - Documentaire qu\u00e9b\u00e9cois - Maisonnette -","description":"Quand le grand \u00e2ge impose la d\u00e9ch\u00e9ance physique et quelques fois mentale, y a-t'il moyen de conserver une attitude esp\u00e9rante face \u00e0 la vie.","robots":{"index":"noindex","follow":"follow","max-snippet":"max-snippet:-1","max-image-preview":"max-image-preview:large","max-video-preview":"max-video-preview:-1"},"og_locale":"fr_FR","og_type":"article","og_title":"Le vieil \u00e2ge et l'esp\u00e9rance","og_description":"Quand le grand \u00e2ge impose la d\u00e9ch\u00e9ance physique et quelques fois mentale, y a-t'il moyen de conserver une attitude esp\u00e9rante face \u00e0 la vie.","og_url":"https:\/\/maison4tiers.com\/maisonnette\/product\/le-vieil-age-et-lesperance\/","og_site_name":"Maisonnette","article_modified_time":"2024-10-13T04:43:21+00:00","og_image":[{"width":800,"height":1200,"url":"https:\/\/maison4tiers.com\/maisonnette\/wp-content\/uploads\/sites\/77\/2019\/01\/77.jpg","type":"image\/jpeg"}],"twitter_card":"summary_large_image","twitter_title":"Le vieil \u00e2ge et l'esp\u00e9rance","twitter_description":"Quand le grand \u00e2ge impose la d\u00e9ch\u00e9ance physique et quelques fois mentale, y a-t'il moyen de conserver une attitude esp\u00e9rante face \u00e0 la vie.","twitter_image":"https:\/\/maison4tiers.com\/maisonnette\/wp-content\/uploads\/sites\/77\/2019\/01\/77.jpg","schema":{"@context":"https:\/\/schema.org","@graph":[{"@type":"WebPage","@id":"https:\/\/maison4tiers.com\/maisonnette\/product\/le-vieil-age-et-lesperance\/","url":"https:\/\/maison4tiers.com\/maisonnette\/product\/le-vieil-age-et-lesperance\/","name":"Le vieil \u00e2ge et l'esp\u00e9rance - Documentaire qu\u00e9b\u00e9cois - Maisonnette -","isPartOf":{"@id":"https:\/\/maison4tiers.com\/maisonnette\/#website"},"primaryImageOfPage":{"@id":"https:\/\/maison4tiers.com\/maisonnette\/product\/le-vieil-age-et-lesperance\/#primaryimage"},"image":{"@id":"https:\/\/maison4tiers.com\/maisonnette\/product\/le-vieil-age-et-lesperance\/#primaryimage"},"thumbnailUrl":"https:\/\/maison4tiers.com\/maisonnette\/wp-content\/uploads\/sites\/77\/2019\/01\/77.jpg","datePublished":"2019-01-12T04:00:43+00:00","dateModified":"2024-10-13T04:43:21+00:00","description":"Quand le grand \u00e2ge impose la d\u00e9ch\u00e9ance physique et quelques fois mentale, y a-t'il moyen de conserver une attitude esp\u00e9rante face \u00e0 la vie.","breadcrumb":{"@id":"https:\/\/maison4tiers.com\/maisonnette\/product\/le-vieil-age-et-lesperance\/#breadcrumb"},"inLanguage":"fr-FR","potentialAction":[{"@type":"ReadAction","target":["https:\/\/maison4tiers.com\/maisonnette\/product\/le-vieil-age-et-lesperance\/"]}]},{"@type":"ImageObject","inLanguage":"fr-FR","@id":"https:\/\/maison4tiers.com\/maisonnette\/product\/le-vieil-age-et-lesperance\/#primaryimage","url":"https:\/\/maison4tiers.com\/maisonnette\/wp-content\/uploads\/sites\/77\/2019\/01\/77.jpg","contentUrl":"https:\/\/maison4tiers.com\/maisonnette\/wp-content\/uploads\/sites\/77\/2019\/01\/77.jpg","width":800,"height":1200,"caption":"Le vieil \u00e2ge et l'esp\u00e9rance"},{"@type":"BreadcrumbList","@id":"https:\/\/maison4tiers.com\/maisonnette\/product\/le-vieil-age-et-lesperance\/#breadcrumb","itemListElement":[{"@type":"ListItem","position":1,"name":"Home","item":"https:\/\/maison4tiers.com\/maisonnette\/"},{"@type":"ListItem","position":2,"name":"Films","item":"https:\/\/maison4tiers.com\/maisonnette\/?page_id=35"},{"@type":"ListItem","position":3,"name":"Le vieil \u00e2ge et l&#8217;esp\u00e9rance"}]},{"@type":"WebSite","@id":"https:\/\/maison4tiers.com\/maisonnette\/#website","url":"https:\/\/maison4tiers.com\/maisonnette\/","name":"Maisonnette","description":"Distribution multiplateforme de films qu\u00e9b\u00e9cois et internationaux","publisher":{"@id":"https:\/\/maison4tiers.com\/maisonnette\/#organization"},"potentialAction":[{"@type":"SearchAction","target":{"@type":"EntryPoint","urlTemplate":"https:\/\/maison4tiers.com\/maisonnette\/?s={search_term_string}"},"query-input":{"@type":"PropertyValueSpecification","valueRequired":true,"valueName":"search_term_string"}}],"inLanguage":"fr-FR"},{"@type":"Organization","@id":"https:\/\/maison4tiers.com\/maisonnette\/#organization","name":"Maisonnette","url":"https:\/\/maison4tiers.com\/maisonnette\/","logo":{"@type":"ImageObject","inLanguage":"fr-FR","@id":"https:\/\/maison4tiers.com\/maisonnette\/#\/schema\/logo\/image\/","url":"https:\/\/maison4tiers.com\/maisonnette\/wp-content\/uploads\/sites\/77\/2020\/11\/favicon-196.png","contentUrl":"https:\/\/maison4tiers.com\/maisonnette\/wp-content\/uploads\/sites\/77\/2020\/11\/favicon-196.png","width":196,"height":196,"caption":"Maisonnette"},"image":{"@id":"https:\/\/maison4tiers.com\/maisonnette\/#\/schema\/logo\/image\/"}}]}},"jetpack_sharing_enabled":true,"_links":{"self":[{"href":"https:\/\/maison4tiers.com\/maisonnette\/wp-json\/wp\/v2\/product\/4573","targetHints":{"allow":["GET"]}}],"collection":[{"href":"https:\/\/maison4tiers.com\/maisonnette\/wp-json\/wp\/v2\/product"}],"about":[{"href":"https:\/\/maison4tiers.com\/maisonnette\/wp-json\/wp\/v2\/types\/product"}],"wp:featuredmedia":[{"embeddable":true,"href":"https:\/\/maison4tiers.com\/maisonnette\/wp-json\/wp\/v2\/media\/7438"}],"wp:attachment":[{"href":"https:\/\/maison4tiers.com\/maisonnette\/wp-json\/wp\/v2\/media?parent=4573"}],"wp:term":[{"taxonomy":"product_brand","embeddable":true,"href":"https:\/\/maison4tiers.com\/maisonnette\/wp-json\/wp\/v2\/product_brand?post=4573"},{"taxonomy":"product_cat","embeddable":true,"href":"https:\/\/maison4tiers.com\/maisonnette\/wp-json\/wp\/v2\/product_cat?post=4573"},{"taxonomy":"product_tag","embeddable":true,"href":"https:\/\/maison4tiers.com\/maisonnette\/wp-json\/wp\/v2\/product_tag?post=4573"}],"curies":[{"name":"wp","href":"https:\/\/api.w.org\/{rel}","templated":true}]}}