{"id":4564,"date":"2020-01-12T00:00:11","date_gmt":"2020-01-12T04:00:11","guid":{"rendered":"https:\/\/maison4tiers.com\/?post_type=product&#038;p=4564"},"modified":"2023-12-24T12:23:52","modified_gmt":"2023-12-24T16:23:52","slug":"le-rire","status":"publish","type":"product","link":"https:\/\/maison4tiers.com\/maisonnette\/product\/le-rire\/","title":{"rendered":"Le Rire"},"excerpt":{"rendered":"<p>Apre\u0300s une guerre qui a secoue\u0301 le Que\u0301bec et l\u2019a laisse\u0301e seule survivante d\u2019une tuerie ou\u0300 elle a perdu son amoureux, Vale\u0301rie vit une relation tre\u0300s complice avec Gabriel, son nouveau copain. Pre\u0301pose\u0301e aux be\u0301ne\u0301ficiaires dans un CHSLD, elle entretient e\u0301galement une belle amitie\u0301 avec Jeanne, une femme e\u0301rudite et dro\u0302le, aux prises avec un handicap physique important.<\/p>\n<blockquote><p><em>\u00ab Un ovni cine\u0301matographique aussi myste\u0301rieux que de\u0301routant. \u00bb<br \/>\n<\/em><strong>\u2013 <a href=\"https:\/\/www.journaldemontreal.com\/2020\/02\/01\/une-proposition-mysterieuse-et-deroutante\" target=\"_blank\" rel=\"noopener\">LE JOURNAL DE MONTRE\u0301AL<\/a><\/strong><\/p>\n<p>&nbsp;<\/p>\n<p><em>\u00ab Martin Laroche a le tour de plonger le spectateur dans des sujets complexes, charge\u0301s de myste\u0300res (\u2026) sachant se de\u0301marquer de l\u2019ordinaire du cine\u0301ma que\u0301be\u0301cois \u00bb<br \/>\n<\/em><strong>\u2013\u00a0<a href=\"https:\/\/www.filmsquebec.com\/critique-film-le-rire\/#:~:text=Martin%20Laroche%20a%20le%20tour,la%20preuve%20la%20plus%20belle.\" target=\"_blank\" rel=\"noopener\">FILMS DU QUE\u0301BEC<\/a><\/strong><\/p><\/blockquote>\n<p><strong><a href=\"\/categorie-produit\/film\/quebecois\/\" target=\"_blank\" rel=\"noopener\"><span style=\"text-decoration: underline;\">Voir les autres films qu\u00e9b\u00e9cois<\/span><\/a><\/strong><\/p>\n<p>&nbsp;<\/p>\n<p><strong>*Disponible au Canada seulement<\/strong><\/p>\n","protected":false},"featured_media":7430,"template":"","meta":{"_acf_changed":false,"_eb_attr":""},"product_brand":[],"product_cat":[105,120,45,119,121,136,131,142],"product_tag":[539,528,541,159,536,529,482,537,538,534,558,557,540,189,295,535],"class_list":{"0":"post-4564","1":"product","2":"type-product","3":"status-publish","4":"has-post-thumbnail","6":"product_cat-drame","7":"product_cat-fiction","8":"product_cat-film","9":"product_cat-quebecois","10":"product_cat-societe","11":"product_cat-dvd","12":"product_cat-touslesfilms","13":"product_cat-numerique","14":"product_tag-absurde","15":"product_tag-auteur","16":"product_tag-chsld","17":"product_tag-etrange","18":"product_tag-fiction","19":"product_tag-film-dauteur","20":"product_tag-guerre","21":"product_tag-guerre-fictive","22":"product_tag-histoire-alternative","23":"product_tag-le-rire","24":"product_tag-leane-labreche-dor","25":"product_tag-martin-laroche","26":"product_tag-preposee-aux-beneficiaires","27":"product_tag-quebec","28":"product_tag-quebecois","29":"product_tag-rire","30":"product_shipping_class-livraison","32":"first","33":"instock","34":"taxable","35":"shipping-taxable","36":"purchasable","37":"product-type-variable","38":"has-default-attributes"},"acf":[],"yoast_head":"<!-- This site is optimized with the Yoast SEO plugin v27.0 - https:\/\/yoast.com\/product\/yoast-seo-wordpress\/ -->\n<title>Le Rire - Film Qu\u00e9b\u00e9cois - Maisonnette - \u00c9coutez maintenant<\/title>\n<meta name=\"description\" content=\"Apre\u0300s une guerre qui a secoue\u0301 le Que\u0301bec et l\u2019a laisse\u0301e seule survivante d\u2019une tuerie ou\u0300 elle a perdu son amoureux, Vale\u0301rie vit une...\" \/>\n<meta name=\"robots\" content=\"noindex, follow, max-snippet:-1, max-image-preview:large, max-video-preview:-1\" \/>\n<meta property=\"og:locale\" content=\"fr_FR\" \/>\n<meta property=\"og:type\" content=\"article\" \/>\n<meta property=\"og:title\" content=\"Le rire\" \/>\n<meta property=\"og:description\" content=\"Apre\u0300s une guerre qui a secoue\u0301 le Que\u0301bec et l\u2019a laisse\u0301e seule survivante d\u2019une tuerie ou\u0300 elle a perdu son amoureux, Vale\u0301rie vit une...\" \/>\n<meta property=\"og:url\" content=\"https:\/\/maison4tiers.com\/maisonnette\/product\/le-rire\/\" \/>\n<meta property=\"og:site_name\" content=\"Maisonnette\" \/>\n<meta property=\"article:modified_time\" content=\"2023-12-24T16:23:52+00:00\" \/>\n<meta property=\"og:image\" content=\"https:\/\/maison4tiers.com\/maisonnette\/wp-content\/uploads\/sites\/77\/2020\/01\/20.jpg\" \/>\n\t<meta property=\"og:image:width\" content=\"800\" \/>\n\t<meta property=\"og:image:height\" content=\"1200\" \/>\n\t<meta property=\"og:image:type\" content=\"image\/jpeg\" \/>\n<meta name=\"twitter:card\" content=\"summary_large_image\" \/>\n<meta name=\"twitter:title\" content=\"Le rire\" \/>\n<meta name=\"twitter:description\" content=\"Apre\u0300s une guerre qui a secoue\u0301 le Que\u0301bec et l\u2019a laisse\u0301e seule survivante d\u2019une tuerie ou\u0300 elle a perdu son amoureux, Vale\u0301rie vit une...\" \/>\n<meta name=\"twitter:image\" content=\"https:\/\/maison4tiers.com\/maisonnette\/wp-content\/uploads\/sites\/77\/2020\/01\/20.jpg\" \/>\n<script type=\"application\/ld+json\" class=\"yoast-schema-graph\">{\"@context\":\"https:\/\/schema.org\",\"@graph\":[{\"@type\":\"WebPage\",\"@id\":\"https:\/\/maison4tiers.com\/maisonnette\/product\/le-rire\/\",\"url\":\"https:\/\/maison4tiers.com\/maisonnette\/product\/le-rire\/\",\"name\":\"Le Rire - Film Qu\u00e9b\u00e9cois - Maisonnette - \u00c9coutez maintenant\",\"isPartOf\":{\"@id\":\"https:\/\/maison4tiers.com\/maisonnette\/#website\"},\"primaryImageOfPage\":{\"@id\":\"https:\/\/maison4tiers.com\/maisonnette\/product\/le-rire\/#primaryimage\"},\"image\":{\"@id\":\"https:\/\/maison4tiers.com\/maisonnette\/product\/le-rire\/#primaryimage\"},\"thumbnailUrl\":\"https:\/\/maison4tiers.com\/maisonnette\/wp-content\/uploads\/sites\/77\/2020\/01\/20.jpg\",\"datePublished\":\"2020-01-12T04:00:11+00:00\",\"dateModified\":\"2023-12-24T16:23:52+00:00\",\"description\":\"Apre\u0300s une guerre qui a secoue\u0301 le Que\u0301bec et l\u2019a laisse\u0301e seule survivante d\u2019une tuerie ou\u0300 elle a perdu son amoureux, Vale\u0301rie vit une...\",\"breadcrumb\":{\"@id\":\"https:\/\/maison4tiers.com\/maisonnette\/product\/le-rire\/#breadcrumb\"},\"inLanguage\":\"fr-FR\",\"potentialAction\":[{\"@type\":\"ReadAction\",\"target\":[\"https:\/\/maison4tiers.com\/maisonnette\/product\/le-rire\/\"]}]},{\"@type\":\"ImageObject\",\"inLanguage\":\"fr-FR\",\"@id\":\"https:\/\/maison4tiers.com\/maisonnette\/product\/le-rire\/#primaryimage\",\"url\":\"https:\/\/maison4tiers.com\/maisonnette\/wp-content\/uploads\/sites\/77\/2020\/01\/20.jpg\",\"contentUrl\":\"https:\/\/maison4tiers.com\/maisonnette\/wp-content\/uploads\/sites\/77\/2020\/01\/20.jpg\",\"width\":800,\"height\":1200,\"caption\":\"Le rire\"},{\"@type\":\"BreadcrumbList\",\"@id\":\"https:\/\/maison4tiers.com\/maisonnette\/product\/le-rire\/#breadcrumb\",\"itemListElement\":[{\"@type\":\"ListItem\",\"position\":1,\"name\":\"Home\",\"item\":\"https:\/\/maison4tiers.com\/maisonnette\/\"},{\"@type\":\"ListItem\",\"position\":2,\"name\":\"Films\",\"item\":\"https:\/\/maison4tiers.com\/maisonnette\/?page_id=35\"},{\"@type\":\"ListItem\",\"position\":3,\"name\":\"Le Rire\"}]},{\"@type\":\"WebSite\",\"@id\":\"https:\/\/maison4tiers.com\/maisonnette\/#website\",\"url\":\"https:\/\/maison4tiers.com\/maisonnette\/\",\"name\":\"Maisonnette\",\"description\":\"Distribution multiplateforme de films qu\u00e9b\u00e9cois et internationaux\",\"publisher\":{\"@id\":\"https:\/\/maison4tiers.com\/maisonnette\/#organization\"},\"potentialAction\":[{\"@type\":\"SearchAction\",\"target\":{\"@type\":\"EntryPoint\",\"urlTemplate\":\"https:\/\/maison4tiers.com\/maisonnette\/?s={search_term_string}\"},\"query-input\":{\"@type\":\"PropertyValueSpecification\",\"valueRequired\":true,\"valueName\":\"search_term_string\"}}],\"inLanguage\":\"fr-FR\"},{\"@type\":\"Organization\",\"@id\":\"https:\/\/maison4tiers.com\/maisonnette\/#organization\",\"name\":\"Maisonnette\",\"url\":\"https:\/\/maison4tiers.com\/maisonnette\/\",\"logo\":{\"@type\":\"ImageObject\",\"inLanguage\":\"fr-FR\",\"@id\":\"https:\/\/maison4tiers.com\/maisonnette\/#\/schema\/logo\/image\/\",\"url\":\"https:\/\/maison4tiers.com\/maisonnette\/wp-content\/uploads\/sites\/77\/2020\/11\/favicon-196.png\",\"contentUrl\":\"https:\/\/maison4tiers.com\/maisonnette\/wp-content\/uploads\/sites\/77\/2020\/11\/favicon-196.png\",\"width\":196,\"height\":196,\"caption\":\"Maisonnette\"},\"image\":{\"@id\":\"https:\/\/maison4tiers.com\/maisonnette\/#\/schema\/logo\/image\/\"}}]}<\/script>\n<!-- \/ Yoast SEO plugin. -->","yoast_head_json":{"title":"Le Rire - Film Qu\u00e9b\u00e9cois - Maisonnette - \u00c9coutez maintenant","description":"Apre\u0300s une guerre qui a secoue\u0301 le Que\u0301bec et l\u2019a laisse\u0301e seule survivante d\u2019une tuerie ou\u0300 elle a perdu son amoureux, Vale\u0301rie vit une...","robots":{"index":"noindex","follow":"follow","max-snippet":"max-snippet:-1","max-image-preview":"max-image-preview:large","max-video-preview":"max-video-preview:-1"},"og_locale":"fr_FR","og_type":"article","og_title":"Le rire","og_description":"Apre\u0300s une guerre qui a secoue\u0301 le Que\u0301bec et l\u2019a laisse\u0301e seule survivante d\u2019une tuerie ou\u0300 elle a perdu son amoureux, Vale\u0301rie vit une...","og_url":"https:\/\/maison4tiers.com\/maisonnette\/product\/le-rire\/","og_site_name":"Maisonnette","article_modified_time":"2023-12-24T16:23:52+00:00","og_image":[{"width":800,"height":1200,"url":"https:\/\/maison4tiers.com\/maisonnette\/wp-content\/uploads\/sites\/77\/2020\/01\/20.jpg","type":"image\/jpeg"}],"twitter_card":"summary_large_image","twitter_title":"Le rire","twitter_description":"Apre\u0300s une guerre qui a secoue\u0301 le Que\u0301bec et l\u2019a laisse\u0301e seule survivante d\u2019une tuerie ou\u0300 elle a perdu son amoureux, Vale\u0301rie vit une...","twitter_image":"https:\/\/maison4tiers.com\/maisonnette\/wp-content\/uploads\/sites\/77\/2020\/01\/20.jpg","schema":{"@context":"https:\/\/schema.org","@graph":[{"@type":"WebPage","@id":"https:\/\/maison4tiers.com\/maisonnette\/product\/le-rire\/","url":"https:\/\/maison4tiers.com\/maisonnette\/product\/le-rire\/","name":"Le Rire - Film Qu\u00e9b\u00e9cois - Maisonnette - \u00c9coutez maintenant","isPartOf":{"@id":"https:\/\/maison4tiers.com\/maisonnette\/#website"},"primaryImageOfPage":{"@id":"https:\/\/maison4tiers.com\/maisonnette\/product\/le-rire\/#primaryimage"},"image":{"@id":"https:\/\/maison4tiers.com\/maisonnette\/product\/le-rire\/#primaryimage"},"thumbnailUrl":"https:\/\/maison4tiers.com\/maisonnette\/wp-content\/uploads\/sites\/77\/2020\/01\/20.jpg","datePublished":"2020-01-12T04:00:11+00:00","dateModified":"2023-12-24T16:23:52+00:00","description":"Apre\u0300s une guerre qui a secoue\u0301 le Que\u0301bec et l\u2019a laisse\u0301e seule survivante d\u2019une tuerie ou\u0300 elle a perdu son amoureux, Vale\u0301rie vit une...","breadcrumb":{"@id":"https:\/\/maison4tiers.com\/maisonnette\/product\/le-rire\/#breadcrumb"},"inLanguage":"fr-FR","potentialAction":[{"@type":"ReadAction","target":["https:\/\/maison4tiers.com\/maisonnette\/product\/le-rire\/"]}]},{"@type":"ImageObject","inLanguage":"fr-FR","@id":"https:\/\/maison4tiers.com\/maisonnette\/product\/le-rire\/#primaryimage","url":"https:\/\/maison4tiers.com\/maisonnette\/wp-content\/uploads\/sites\/77\/2020\/01\/20.jpg","contentUrl":"https:\/\/maison4tiers.com\/maisonnette\/wp-content\/uploads\/sites\/77\/2020\/01\/20.jpg","width":800,"height":1200,"caption":"Le rire"},{"@type":"BreadcrumbList","@id":"https:\/\/maison4tiers.com\/maisonnette\/product\/le-rire\/#breadcrumb","itemListElement":[{"@type":"ListItem","position":1,"name":"Home","item":"https:\/\/maison4tiers.com\/maisonnette\/"},{"@type":"ListItem","position":2,"name":"Films","item":"https:\/\/maison4tiers.com\/maisonnette\/?page_id=35"},{"@type":"ListItem","position":3,"name":"Le Rire"}]},{"@type":"WebSite","@id":"https:\/\/maison4tiers.com\/maisonnette\/#website","url":"https:\/\/maison4tiers.com\/maisonnette\/","name":"Maisonnette","description":"Distribution multiplateforme de films qu\u00e9b\u00e9cois et internationaux","publisher":{"@id":"https:\/\/maison4tiers.com\/maisonnette\/#organization"},"potentialAction":[{"@type":"SearchAction","target":{"@type":"EntryPoint","urlTemplate":"https:\/\/maison4tiers.com\/maisonnette\/?s={search_term_string}"},"query-input":{"@type":"PropertyValueSpecification","valueRequired":true,"valueName":"search_term_string"}}],"inLanguage":"fr-FR"},{"@type":"Organization","@id":"https:\/\/maison4tiers.com\/maisonnette\/#organization","name":"Maisonnette","url":"https:\/\/maison4tiers.com\/maisonnette\/","logo":{"@type":"ImageObject","inLanguage":"fr-FR","@id":"https:\/\/maison4tiers.com\/maisonnette\/#\/schema\/logo\/image\/","url":"https:\/\/maison4tiers.com\/maisonnette\/wp-content\/uploads\/sites\/77\/2020\/11\/favicon-196.png","contentUrl":"https:\/\/maison4tiers.com\/maisonnette\/wp-content\/uploads\/sites\/77\/2020\/11\/favicon-196.png","width":196,"height":196,"caption":"Maisonnette"},"image":{"@id":"https:\/\/maison4tiers.com\/maisonnette\/#\/schema\/logo\/image\/"}}]}},"jetpack_sharing_enabled":true,"_links":{"self":[{"href":"https:\/\/maison4tiers.com\/maisonnette\/wp-json\/wp\/v2\/product\/4564","targetHints":{"allow":["GET"]}}],"collection":[{"href":"https:\/\/maison4tiers.com\/maisonnette\/wp-json\/wp\/v2\/product"}],"about":[{"href":"https:\/\/maison4tiers.com\/maisonnette\/wp-json\/wp\/v2\/types\/product"}],"wp:featuredmedia":[{"embeddable":true,"href":"https:\/\/maison4tiers.com\/maisonnette\/wp-json\/wp\/v2\/media\/7430"}],"wp:attachment":[{"href":"https:\/\/maison4tiers.com\/maisonnette\/wp-json\/wp\/v2\/media?parent=4564"}],"wp:term":[{"taxonomy":"product_brand","embeddable":true,"href":"https:\/\/maison4tiers.com\/maisonnette\/wp-json\/wp\/v2\/product_brand?post=4564"},{"taxonomy":"product_cat","embeddable":true,"href":"https:\/\/maison4tiers.com\/maisonnette\/wp-json\/wp\/v2\/product_cat?post=4564"},{"taxonomy":"product_tag","embeddable":true,"href":"https:\/\/maison4tiers.com\/maisonnette\/wp-json\/wp\/v2\/product_tag?post=4564"}],"curies":[{"name":"wp","href":"https:\/\/api.w.org\/{rel}","templated":true}]}}