{"id":4510,"date":"2019-01-06T00:00:15","date_gmt":"2019-01-06T04:00:15","guid":{"rendered":"https:\/\/maison4tiers.com\/?post_type=product&#038;p=4510"},"modified":"2023-09-09T16:22:35","modified_gmt":"2023-09-09T20:22:35","slug":"le-jeune-ahmed","status":"publish","type":"product","link":"https:\/\/maison4tiers.com\/maisonnette\/product\/le-jeune-ahmed\/","title":{"rendered":"Le jeune Ahmed"},"excerpt":{"rendered":"<p>Ahmed, 13 ans, habite la Belgique en compagnie de sa m\u00e8re et de sa soeur. Son comportement a chang\u00e9 du tout au tout depuis qu&rsquo;un imam lui a inculqu\u00e9 une interpr\u00e9tation extr\u00e9miste du Coran. Il n&rsquo;h\u00e9site pas \u00e0 rejeter et qualifier sa propre famille d&rsquo;impure, s&rsquo;en prenant m\u00eame aux gens qui sont diff\u00e9rents de lui. Sa principale souffre-douleur est sa professeure d\u00e9vou\u00e9e qui l&rsquo;aide depuis plusieurs ann\u00e9es. Suite \u00e0 un geste insens\u00e9, il est envoy\u00e9 dans un centre ferm\u00e9 qui cherche \u00e0 l&rsquo;aider et \u00e0 le d\u00e9programmer de ses id\u00e9es radicales.<\/p>\n<blockquote><p><em>\u00ab Le c\u00e9l\u00e8bre tandem, qui renoue ici avec l\u2019\u00e9nergie brute des acteurs non professionnels, d\u00e9ploie tout son argumentaire avec la m\u00eame virtuosit\u00e9 discr\u00e8te. \u00bb<\/em><br \/>\n\u2605\u2605\u2605\u2605 <strong>\u2013\u00a0<a href=\"https:\/\/www.ledevoir.com\/culture\/cinema\/582194\/jeune-ahmed-l-aveuglement\" target=\"_blank\" rel=\"noopener\">LE DEVOIR<\/a><\/strong><\/p>\n<p>&nbsp;<\/p>\n<p><em>\u00ab Les Dardennes, allient la finesse de leur regard \u00e0 la puissance de leur style. \u00bb<\/em><br \/>\n\u2605\u2605\u2605\u2605 <strong>\u2013\u00a0<a href=\"https:\/\/www.lapresse.ca\/cinema\/critiques\/2020-07-10\/le-jeune-ahmed-aux-racines-de-l-integrisme.php\" target=\"_blank\" rel=\"noopener\">LA PRESSE<\/a><\/strong><\/p><\/blockquote>\n<p><a href=\"https:\/\/maison4tiers.com\/categorie-produit\/film\/drame\/\" target=\"_blank\" rel=\"noopener\"><strong><span style=\"text-decoration: underline;\">Voir les autres films dramatiques\u00a0<\/span><\/strong><\/a><\/p>\n<p>&nbsp;<\/p>\n<p><strong>*Disponible au Canada seulement<\/strong><\/p>\n","protected":false},"featured_media":7464,"template":"","meta":{"_acf_changed":false,"_eb_attr":""},"product_brand":[],"product_cat":[105,120,45,122,121,136,131,142],"product_tag":[672,775,192,780,276,776,779,487,180,774,778,777,357],"class_list":{"0":"post-4510","1":"product","2":"type-product","3":"status-publish","4":"has-post-thumbnail","6":"product_cat-drame","7":"product_cat-fiction","8":"product_cat-film","9":"product_cat-reflexion","10":"product_cat-societe","11":"product_cat-dvd","12":"product_cat-touslesfilms","13":"product_cat-numerique","14":"product_tag-adolescence","15":"product_tag-ahmed","16":"product_tag-amour","17":"product_tag-coming-of-age","18":"product_tag-drame","19":"product_tag-drame-sentimental","20":"product_tag-imam","21":"product_tag-islam","22":"product_tag-jeunesse","23":"product_tag-le-jeune-ahmed","24":"product_tag-musulman","25":"product_tag-religion","26":"product_tag-romance","27":"product_shipping_class-livraison","29":"first","30":"instock","31":"taxable","32":"shipping-taxable","33":"purchasable","34":"product-type-variable","35":"has-default-attributes"},"acf":[],"yoast_head":"<!-- This site is optimized with the Yoast SEO plugin v27.0 - https:\/\/yoast.com\/product\/yoast-seo-wordpress\/ -->\n<title>Le jeune Ahmed - Drame - Maisonnette - \u00c9coutez maintenant<\/title>\n<meta name=\"description\" content=\"En Belgique, aujourd\u2019hui, le destin du Jeune Ahmed, 13 ans, pris entre les id\u00e9aux de puret\u00e9 de son imam et les appels de la vie.\" \/>\n<meta name=\"robots\" content=\"noindex, follow, max-snippet:-1, max-image-preview:large, max-video-preview:-1\" \/>\n<meta property=\"og:locale\" content=\"fr_FR\" \/>\n<meta property=\"og:type\" content=\"article\" \/>\n<meta property=\"og:title\" content=\"Le jeune Ahmed\" \/>\n<meta property=\"og:description\" content=\"En Belgique, aujourd\u2019hui, le destin du Jeune Ahmed, 13 ans, pris entre les id\u00e9aux de puret\u00e9 de son imam et les appels de la vie.\" \/>\n<meta property=\"og:url\" content=\"https:\/\/maison4tiers.com\/maisonnette\/product\/le-jeune-ahmed\/\" \/>\n<meta property=\"og:site_name\" content=\"Maisonnette\" \/>\n<meta property=\"article:modified_time\" content=\"2023-09-09T20:22:35+00:00\" \/>\n<meta property=\"og:image\" content=\"https:\/\/maison4tiers.com\/maisonnette\/wp-content\/uploads\/sites\/77\/2019\/01\/24.jpg\" \/>\n\t<meta property=\"og:image:width\" content=\"800\" \/>\n\t<meta property=\"og:image:height\" content=\"1200\" \/>\n\t<meta property=\"og:image:type\" content=\"image\/jpeg\" \/>\n<meta name=\"twitter:card\" content=\"summary_large_image\" \/>\n<meta name=\"twitter:title\" content=\"Le jeune Ahmed\" \/>\n<meta name=\"twitter:description\" content=\"En Belgique, aujourd\u2019hui, le destin du Jeune Ahmed, 13 ans, pris entre les id\u00e9aux de puret\u00e9 de son imam et les appels de la vie.\" \/>\n<meta name=\"twitter:image\" content=\"https:\/\/maison4tiers.com\/maisonnette\/wp-content\/uploads\/sites\/77\/2019\/01\/24.jpg\" \/>\n<script type=\"application\/ld+json\" class=\"yoast-schema-graph\">{\"@context\":\"https:\/\/schema.org\",\"@graph\":[{\"@type\":\"WebPage\",\"@id\":\"https:\/\/maison4tiers.com\/maisonnette\/product\/le-jeune-ahmed\/\",\"url\":\"https:\/\/maison4tiers.com\/maisonnette\/product\/le-jeune-ahmed\/\",\"name\":\"Le jeune Ahmed - Drame - Maisonnette - \u00c9coutez maintenant\",\"isPartOf\":{\"@id\":\"https:\/\/maison4tiers.com\/maisonnette\/#website\"},\"primaryImageOfPage\":{\"@id\":\"https:\/\/maison4tiers.com\/maisonnette\/product\/le-jeune-ahmed\/#primaryimage\"},\"image\":{\"@id\":\"https:\/\/maison4tiers.com\/maisonnette\/product\/le-jeune-ahmed\/#primaryimage\"},\"thumbnailUrl\":\"https:\/\/maison4tiers.com\/maisonnette\/wp-content\/uploads\/sites\/77\/2019\/01\/24.jpg\",\"datePublished\":\"2019-01-06T04:00:15+00:00\",\"dateModified\":\"2023-09-09T20:22:35+00:00\",\"description\":\"En Belgique, aujourd\u2019hui, le destin du Jeune Ahmed, 13 ans, pris entre les id\u00e9aux de puret\u00e9 de son imam et les appels de la vie.\",\"breadcrumb\":{\"@id\":\"https:\/\/maison4tiers.com\/maisonnette\/product\/le-jeune-ahmed\/#breadcrumb\"},\"inLanguage\":\"fr-FR\",\"potentialAction\":[{\"@type\":\"ReadAction\",\"target\":[\"https:\/\/maison4tiers.com\/maisonnette\/product\/le-jeune-ahmed\/\"]}]},{\"@type\":\"ImageObject\",\"inLanguage\":\"fr-FR\",\"@id\":\"https:\/\/maison4tiers.com\/maisonnette\/product\/le-jeune-ahmed\/#primaryimage\",\"url\":\"https:\/\/maison4tiers.com\/maisonnette\/wp-content\/uploads\/sites\/77\/2019\/01\/24.jpg\",\"contentUrl\":\"https:\/\/maison4tiers.com\/maisonnette\/wp-content\/uploads\/sites\/77\/2019\/01\/24.jpg\",\"width\":800,\"height\":1200,\"caption\":\"Le jeune Ahmed\"},{\"@type\":\"BreadcrumbList\",\"@id\":\"https:\/\/maison4tiers.com\/maisonnette\/product\/le-jeune-ahmed\/#breadcrumb\",\"itemListElement\":[{\"@type\":\"ListItem\",\"position\":1,\"name\":\"Home\",\"item\":\"https:\/\/maison4tiers.com\/maisonnette\/\"},{\"@type\":\"ListItem\",\"position\":2,\"name\":\"Films\",\"item\":\"https:\/\/maison4tiers.com\/maisonnette\/?page_id=35\"},{\"@type\":\"ListItem\",\"position\":3,\"name\":\"Le jeune Ahmed\"}]},{\"@type\":\"WebSite\",\"@id\":\"https:\/\/maison4tiers.com\/maisonnette\/#website\",\"url\":\"https:\/\/maison4tiers.com\/maisonnette\/\",\"name\":\"Maisonnette\",\"description\":\"Distribution multiplateforme de films qu\u00e9b\u00e9cois et internationaux\",\"publisher\":{\"@id\":\"https:\/\/maison4tiers.com\/maisonnette\/#organization\"},\"potentialAction\":[{\"@type\":\"SearchAction\",\"target\":{\"@type\":\"EntryPoint\",\"urlTemplate\":\"https:\/\/maison4tiers.com\/maisonnette\/?s={search_term_string}\"},\"query-input\":{\"@type\":\"PropertyValueSpecification\",\"valueRequired\":true,\"valueName\":\"search_term_string\"}}],\"inLanguage\":\"fr-FR\"},{\"@type\":\"Organization\",\"@id\":\"https:\/\/maison4tiers.com\/maisonnette\/#organization\",\"name\":\"Maisonnette\",\"url\":\"https:\/\/maison4tiers.com\/maisonnette\/\",\"logo\":{\"@type\":\"ImageObject\",\"inLanguage\":\"fr-FR\",\"@id\":\"https:\/\/maison4tiers.com\/maisonnette\/#\/schema\/logo\/image\/\",\"url\":\"https:\/\/maison4tiers.com\/maisonnette\/wp-content\/uploads\/sites\/77\/2020\/11\/favicon-196.png\",\"contentUrl\":\"https:\/\/maison4tiers.com\/maisonnette\/wp-content\/uploads\/sites\/77\/2020\/11\/favicon-196.png\",\"width\":196,\"height\":196,\"caption\":\"Maisonnette\"},\"image\":{\"@id\":\"https:\/\/maison4tiers.com\/maisonnette\/#\/schema\/logo\/image\/\"}}]}<\/script>\n<!-- \/ Yoast SEO plugin. -->","yoast_head_json":{"title":"Le jeune Ahmed - Drame - Maisonnette - \u00c9coutez maintenant","description":"En Belgique, aujourd\u2019hui, le destin du Jeune Ahmed, 13 ans, pris entre les id\u00e9aux de puret\u00e9 de son imam et les appels de la vie.","robots":{"index":"noindex","follow":"follow","max-snippet":"max-snippet:-1","max-image-preview":"max-image-preview:large","max-video-preview":"max-video-preview:-1"},"og_locale":"fr_FR","og_type":"article","og_title":"Le jeune Ahmed","og_description":"En Belgique, aujourd\u2019hui, le destin du Jeune Ahmed, 13 ans, pris entre les id\u00e9aux de puret\u00e9 de son imam et les appels de la vie.","og_url":"https:\/\/maison4tiers.com\/maisonnette\/product\/le-jeune-ahmed\/","og_site_name":"Maisonnette","article_modified_time":"2023-09-09T20:22:35+00:00","og_image":[{"width":800,"height":1200,"url":"https:\/\/maison4tiers.com\/maisonnette\/wp-content\/uploads\/sites\/77\/2019\/01\/24.jpg","type":"image\/jpeg"}],"twitter_card":"summary_large_image","twitter_title":"Le jeune Ahmed","twitter_description":"En Belgique, aujourd\u2019hui, le destin du Jeune Ahmed, 13 ans, pris entre les id\u00e9aux de puret\u00e9 de son imam et les appels de la vie.","twitter_image":"https:\/\/maison4tiers.com\/maisonnette\/wp-content\/uploads\/sites\/77\/2019\/01\/24.jpg","schema":{"@context":"https:\/\/schema.org","@graph":[{"@type":"WebPage","@id":"https:\/\/maison4tiers.com\/maisonnette\/product\/le-jeune-ahmed\/","url":"https:\/\/maison4tiers.com\/maisonnette\/product\/le-jeune-ahmed\/","name":"Le jeune Ahmed - Drame - Maisonnette - \u00c9coutez maintenant","isPartOf":{"@id":"https:\/\/maison4tiers.com\/maisonnette\/#website"},"primaryImageOfPage":{"@id":"https:\/\/maison4tiers.com\/maisonnette\/product\/le-jeune-ahmed\/#primaryimage"},"image":{"@id":"https:\/\/maison4tiers.com\/maisonnette\/product\/le-jeune-ahmed\/#primaryimage"},"thumbnailUrl":"https:\/\/maison4tiers.com\/maisonnette\/wp-content\/uploads\/sites\/77\/2019\/01\/24.jpg","datePublished":"2019-01-06T04:00:15+00:00","dateModified":"2023-09-09T20:22:35+00:00","description":"En Belgique, aujourd\u2019hui, le destin du Jeune Ahmed, 13 ans, pris entre les id\u00e9aux de puret\u00e9 de son imam et les appels de la vie.","breadcrumb":{"@id":"https:\/\/maison4tiers.com\/maisonnette\/product\/le-jeune-ahmed\/#breadcrumb"},"inLanguage":"fr-FR","potentialAction":[{"@type":"ReadAction","target":["https:\/\/maison4tiers.com\/maisonnette\/product\/le-jeune-ahmed\/"]}]},{"@type":"ImageObject","inLanguage":"fr-FR","@id":"https:\/\/maison4tiers.com\/maisonnette\/product\/le-jeune-ahmed\/#primaryimage","url":"https:\/\/maison4tiers.com\/maisonnette\/wp-content\/uploads\/sites\/77\/2019\/01\/24.jpg","contentUrl":"https:\/\/maison4tiers.com\/maisonnette\/wp-content\/uploads\/sites\/77\/2019\/01\/24.jpg","width":800,"height":1200,"caption":"Le jeune Ahmed"},{"@type":"BreadcrumbList","@id":"https:\/\/maison4tiers.com\/maisonnette\/product\/le-jeune-ahmed\/#breadcrumb","itemListElement":[{"@type":"ListItem","position":1,"name":"Home","item":"https:\/\/maison4tiers.com\/maisonnette\/"},{"@type":"ListItem","position":2,"name":"Films","item":"https:\/\/maison4tiers.com\/maisonnette\/?page_id=35"},{"@type":"ListItem","position":3,"name":"Le jeune Ahmed"}]},{"@type":"WebSite","@id":"https:\/\/maison4tiers.com\/maisonnette\/#website","url":"https:\/\/maison4tiers.com\/maisonnette\/","name":"Maisonnette","description":"Distribution multiplateforme de films qu\u00e9b\u00e9cois et internationaux","publisher":{"@id":"https:\/\/maison4tiers.com\/maisonnette\/#organization"},"potentialAction":[{"@type":"SearchAction","target":{"@type":"EntryPoint","urlTemplate":"https:\/\/maison4tiers.com\/maisonnette\/?s={search_term_string}"},"query-input":{"@type":"PropertyValueSpecification","valueRequired":true,"valueName":"search_term_string"}}],"inLanguage":"fr-FR"},{"@type":"Organization","@id":"https:\/\/maison4tiers.com\/maisonnette\/#organization","name":"Maisonnette","url":"https:\/\/maison4tiers.com\/maisonnette\/","logo":{"@type":"ImageObject","inLanguage":"fr-FR","@id":"https:\/\/maison4tiers.com\/maisonnette\/#\/schema\/logo\/image\/","url":"https:\/\/maison4tiers.com\/maisonnette\/wp-content\/uploads\/sites\/77\/2020\/11\/favicon-196.png","contentUrl":"https:\/\/maison4tiers.com\/maisonnette\/wp-content\/uploads\/sites\/77\/2020\/11\/favicon-196.png","width":196,"height":196,"caption":"Maisonnette"},"image":{"@id":"https:\/\/maison4tiers.com\/maisonnette\/#\/schema\/logo\/image\/"}}]}},"jetpack_sharing_enabled":true,"_links":{"self":[{"href":"https:\/\/maison4tiers.com\/maisonnette\/wp-json\/wp\/v2\/product\/4510","targetHints":{"allow":["GET"]}}],"collection":[{"href":"https:\/\/maison4tiers.com\/maisonnette\/wp-json\/wp\/v2\/product"}],"about":[{"href":"https:\/\/maison4tiers.com\/maisonnette\/wp-json\/wp\/v2\/types\/product"}],"wp:featuredmedia":[{"embeddable":true,"href":"https:\/\/maison4tiers.com\/maisonnette\/wp-json\/wp\/v2\/media\/7464"}],"wp:attachment":[{"href":"https:\/\/maison4tiers.com\/maisonnette\/wp-json\/wp\/v2\/media?parent=4510"}],"wp:term":[{"taxonomy":"product_brand","embeddable":true,"href":"https:\/\/maison4tiers.com\/maisonnette\/wp-json\/wp\/v2\/product_brand?post=4510"},{"taxonomy":"product_cat","embeddable":true,"href":"https:\/\/maison4tiers.com\/maisonnette\/wp-json\/wp\/v2\/product_cat?post=4510"},{"taxonomy":"product_tag","embeddable":true,"href":"https:\/\/maison4tiers.com\/maisonnette\/wp-json\/wp\/v2\/product_tag?post=4510"}],"curies":[{"name":"wp","href":"https:\/\/api.w.org\/{rel}","templated":true}]}}