{"id":4493,"date":"2018-01-06T00:00:57","date_gmt":"2018-01-06T04:00:57","guid":{"rendered":"https:\/\/maison4tiers.com\/?post_type=product&#038;p=4493"},"modified":"2022-01-12T14:45:33","modified_gmt":"2022-01-12T18:45:33","slug":"isla-blanca","status":"publish","type":"product","link":"https:\/\/maison4tiers.com\/maisonnette\/product\/isla-blanca\/","title":{"rendered":"Isla Blanca"},"excerpt":{"rendered":"<p>Mathilde (24 ans), qui est en fugue depuis 8 ans, revient dans la ville de son enfance apre\u0300s des anne\u0301es d\u2019absence inexplique\u0301e. Le retour n\u2019est jamais facile, surtout qu\u2019elle sait que sa me\u0300re est gravement malade et sur le point de mourir. Mais pour pouvoir dire adieu, il faut d\u2019abord recoller les pots casse\u0301s. Le temps d\u2019une journe\u0301e, Mathilde sera confronte\u0301e a\u0300 ses de\u0301cisions d\u2019adolescentes et aux conse\u0301quences qu\u2019elle a eues sur sa famille.<\/p>\n<blockquote><p><em>\u00ab\u00a0La cine\u0301aste Jeanne Leblanc offre un premier film tout en finesse et en intimite\u0301.\u00a0\u00bb<br \/>\n<\/em><strong>\u2013 <a href=\"https:\/\/www.ledevoir.com\/culture\/cinema\/521642\/critique-mathilde-est-revenue\" target=\"_blank\" rel=\"noopener\">LE DEVOIR<\/a><\/strong><\/p><\/blockquote>\n<p><strong><a href=\"\/categorie-produit\/film\/quebecois\/\" target=\"_blank\" rel=\"noopener\"><span style=\"text-decoration: underline;\">Voir les autres films qu\u00e9b\u00e9cois<\/span><\/a><\/strong><\/p>\n<p>&nbsp;<\/p>\n<p><strong>*Disponible au Canada seulement<\/strong><\/p>\n","protected":false},"featured_media":7482,"template":"","meta":{"_acf_changed":false,"_eb_attr":""},"product_brand":[],"product_cat":[105,45,119,131,142],"product_tag":[],"class_list":{"0":"post-4493","1":"product","2":"type-product","3":"status-publish","4":"has-post-thumbnail","6":"product_cat-drame","7":"product_cat-film","8":"product_cat-quebecois","9":"product_cat-touslesfilms","10":"product_cat-numerique","11":"product_shipping_class-livraison","13":"first","14":"instock","15":"taxable","16":"shipping-taxable","17":"purchasable","18":"product-type-variable","19":"has-default-attributes"},"acf":[],"yoast_head":"<!-- This site is optimized with the Yoast SEO plugin v27.0 - https:\/\/yoast.com\/product\/yoast-seo-wordpress\/ -->\n<title>Isla Blanca - Film Qu\u00e9b\u00e9cois - Maisonnette - \u00c9coutez maintenant<\/title>\n<meta name=\"description\" content=\"Isla Blanca. Mathilde (24 ans), qui est en fugue depuis 8 ans, revient dans la ville de son enfance apre\u0300s des anne\u0301es d\u2019absence inexplique\u0301e.\" \/>\n<meta name=\"robots\" content=\"noindex, follow, max-snippet:-1, max-image-preview:large, max-video-preview:-1\" \/>\n<meta property=\"og:locale\" content=\"fr_FR\" \/>\n<meta property=\"og:type\" content=\"article\" \/>\n<meta property=\"og:title\" content=\"Isla Blanca\" \/>\n<meta property=\"og:description\" content=\"Isla Blanca. Mathilde (24 ans), qui est en fugue depuis 8 ans, revient dans la ville de son enfance apre\u0300s des anne\u0301es d\u2019absence inexplique\u0301e.\" \/>\n<meta property=\"og:url\" content=\"https:\/\/maison4tiers.com\/maisonnette\/product\/isla-blanca\/\" \/>\n<meta property=\"og:site_name\" content=\"Maisonnette\" \/>\n<meta property=\"article:modified_time\" content=\"2022-01-12T18:45:33+00:00\" \/>\n<meta property=\"og:image\" content=\"https:\/\/maison4tiers.com\/maisonnette\/wp-content\/uploads\/sites\/77\/2018\/01\/48.jpg\" \/>\n\t<meta property=\"og:image:width\" content=\"800\" \/>\n\t<meta property=\"og:image:height\" content=\"1200\" \/>\n\t<meta property=\"og:image:type\" content=\"image\/jpeg\" \/>\n<meta name=\"twitter:card\" content=\"summary_large_image\" \/>\n<meta name=\"twitter:title\" content=\"Isla Blanca\" \/>\n<meta name=\"twitter:description\" content=\"Isla Blanca. Mathilde (24 ans), qui est en fugue depuis 8 ans, revient dans la ville de son enfance apre\u0300s des anne\u0301es d\u2019absence inexplique\u0301e.\" \/>\n<meta name=\"twitter:image\" content=\"https:\/\/maison4tiers.com\/maisonnette\/wp-content\/uploads\/sites\/77\/2018\/01\/48.jpg\" \/>\n<script type=\"application\/ld+json\" class=\"yoast-schema-graph\">{\"@context\":\"https:\/\/schema.org\",\"@graph\":[{\"@type\":\"WebPage\",\"@id\":\"https:\/\/maison4tiers.com\/maisonnette\/product\/isla-blanca\/\",\"url\":\"https:\/\/maison4tiers.com\/maisonnette\/product\/isla-blanca\/\",\"name\":\"Isla Blanca - Film Qu\u00e9b\u00e9cois - Maisonnette - \u00c9coutez maintenant\",\"isPartOf\":{\"@id\":\"https:\/\/maison4tiers.com\/maisonnette\/#website\"},\"primaryImageOfPage\":{\"@id\":\"https:\/\/maison4tiers.com\/maisonnette\/product\/isla-blanca\/#primaryimage\"},\"image\":{\"@id\":\"https:\/\/maison4tiers.com\/maisonnette\/product\/isla-blanca\/#primaryimage\"},\"thumbnailUrl\":\"https:\/\/maison4tiers.com\/maisonnette\/wp-content\/uploads\/sites\/77\/2018\/01\/48.jpg\",\"datePublished\":\"2018-01-06T04:00:57+00:00\",\"dateModified\":\"2022-01-12T18:45:33+00:00\",\"description\":\"Isla Blanca. Mathilde (24 ans), qui est en fugue depuis 8 ans, revient dans la ville de son enfance apre\u0300s des anne\u0301es d\u2019absence inexplique\u0301e.\",\"breadcrumb\":{\"@id\":\"https:\/\/maison4tiers.com\/maisonnette\/product\/isla-blanca\/#breadcrumb\"},\"inLanguage\":\"fr-FR\",\"potentialAction\":[{\"@type\":\"ReadAction\",\"target\":[\"https:\/\/maison4tiers.com\/maisonnette\/product\/isla-blanca\/\"]}]},{\"@type\":\"ImageObject\",\"inLanguage\":\"fr-FR\",\"@id\":\"https:\/\/maison4tiers.com\/maisonnette\/product\/isla-blanca\/#primaryimage\",\"url\":\"https:\/\/maison4tiers.com\/maisonnette\/wp-content\/uploads\/sites\/77\/2018\/01\/48.jpg\",\"contentUrl\":\"https:\/\/maison4tiers.com\/maisonnette\/wp-content\/uploads\/sites\/77\/2018\/01\/48.jpg\",\"width\":800,\"height\":1200,\"caption\":\"Isla Blanca\"},{\"@type\":\"BreadcrumbList\",\"@id\":\"https:\/\/maison4tiers.com\/maisonnette\/product\/isla-blanca\/#breadcrumb\",\"itemListElement\":[{\"@type\":\"ListItem\",\"position\":1,\"name\":\"Home\",\"item\":\"https:\/\/maison4tiers.com\/maisonnette\/\"},{\"@type\":\"ListItem\",\"position\":2,\"name\":\"Films\",\"item\":\"https:\/\/maison4tiers.com\/maisonnette\/?page_id=35\"},{\"@type\":\"ListItem\",\"position\":3,\"name\":\"Isla Blanca\"}]},{\"@type\":\"WebSite\",\"@id\":\"https:\/\/maison4tiers.com\/maisonnette\/#website\",\"url\":\"https:\/\/maison4tiers.com\/maisonnette\/\",\"name\":\"Maisonnette\",\"description\":\"Distribution multiplateforme de films qu\u00e9b\u00e9cois et internationaux\",\"publisher\":{\"@id\":\"https:\/\/maison4tiers.com\/maisonnette\/#organization\"},\"potentialAction\":[{\"@type\":\"SearchAction\",\"target\":{\"@type\":\"EntryPoint\",\"urlTemplate\":\"https:\/\/maison4tiers.com\/maisonnette\/?s={search_term_string}\"},\"query-input\":{\"@type\":\"PropertyValueSpecification\",\"valueRequired\":true,\"valueName\":\"search_term_string\"}}],\"inLanguage\":\"fr-FR\"},{\"@type\":\"Organization\",\"@id\":\"https:\/\/maison4tiers.com\/maisonnette\/#organization\",\"name\":\"Maisonnette\",\"url\":\"https:\/\/maison4tiers.com\/maisonnette\/\",\"logo\":{\"@type\":\"ImageObject\",\"inLanguage\":\"fr-FR\",\"@id\":\"https:\/\/maison4tiers.com\/maisonnette\/#\/schema\/logo\/image\/\",\"url\":\"https:\/\/maison4tiers.com\/maisonnette\/wp-content\/uploads\/sites\/77\/2020\/11\/favicon-196.png\",\"contentUrl\":\"https:\/\/maison4tiers.com\/maisonnette\/wp-content\/uploads\/sites\/77\/2020\/11\/favicon-196.png\",\"width\":196,\"height\":196,\"caption\":\"Maisonnette\"},\"image\":{\"@id\":\"https:\/\/maison4tiers.com\/maisonnette\/#\/schema\/logo\/image\/\"}}]}<\/script>\n<!-- \/ Yoast SEO plugin. -->","yoast_head_json":{"title":"Isla Blanca - Film Qu\u00e9b\u00e9cois - Maisonnette - \u00c9coutez maintenant","description":"Isla Blanca. Mathilde (24 ans), qui est en fugue depuis 8 ans, revient dans la ville de son enfance apre\u0300s des anne\u0301es d\u2019absence inexplique\u0301e.","robots":{"index":"noindex","follow":"follow","max-snippet":"max-snippet:-1","max-image-preview":"max-image-preview:large","max-video-preview":"max-video-preview:-1"},"og_locale":"fr_FR","og_type":"article","og_title":"Isla Blanca","og_description":"Isla Blanca. Mathilde (24 ans), qui est en fugue depuis 8 ans, revient dans la ville de son enfance apre\u0300s des anne\u0301es d\u2019absence inexplique\u0301e.","og_url":"https:\/\/maison4tiers.com\/maisonnette\/product\/isla-blanca\/","og_site_name":"Maisonnette","article_modified_time":"2022-01-12T18:45:33+00:00","og_image":[{"width":800,"height":1200,"url":"https:\/\/maison4tiers.com\/maisonnette\/wp-content\/uploads\/sites\/77\/2018\/01\/48.jpg","type":"image\/jpeg"}],"twitter_card":"summary_large_image","twitter_title":"Isla Blanca","twitter_description":"Isla Blanca. Mathilde (24 ans), qui est en fugue depuis 8 ans, revient dans la ville de son enfance apre\u0300s des anne\u0301es d\u2019absence inexplique\u0301e.","twitter_image":"https:\/\/maison4tiers.com\/maisonnette\/wp-content\/uploads\/sites\/77\/2018\/01\/48.jpg","schema":{"@context":"https:\/\/schema.org","@graph":[{"@type":"WebPage","@id":"https:\/\/maison4tiers.com\/maisonnette\/product\/isla-blanca\/","url":"https:\/\/maison4tiers.com\/maisonnette\/product\/isla-blanca\/","name":"Isla Blanca - Film Qu\u00e9b\u00e9cois - Maisonnette - \u00c9coutez maintenant","isPartOf":{"@id":"https:\/\/maison4tiers.com\/maisonnette\/#website"},"primaryImageOfPage":{"@id":"https:\/\/maison4tiers.com\/maisonnette\/product\/isla-blanca\/#primaryimage"},"image":{"@id":"https:\/\/maison4tiers.com\/maisonnette\/product\/isla-blanca\/#primaryimage"},"thumbnailUrl":"https:\/\/maison4tiers.com\/maisonnette\/wp-content\/uploads\/sites\/77\/2018\/01\/48.jpg","datePublished":"2018-01-06T04:00:57+00:00","dateModified":"2022-01-12T18:45:33+00:00","description":"Isla Blanca. Mathilde (24 ans), qui est en fugue depuis 8 ans, revient dans la ville de son enfance apre\u0300s des anne\u0301es d\u2019absence inexplique\u0301e.","breadcrumb":{"@id":"https:\/\/maison4tiers.com\/maisonnette\/product\/isla-blanca\/#breadcrumb"},"inLanguage":"fr-FR","potentialAction":[{"@type":"ReadAction","target":["https:\/\/maison4tiers.com\/maisonnette\/product\/isla-blanca\/"]}]},{"@type":"ImageObject","inLanguage":"fr-FR","@id":"https:\/\/maison4tiers.com\/maisonnette\/product\/isla-blanca\/#primaryimage","url":"https:\/\/maison4tiers.com\/maisonnette\/wp-content\/uploads\/sites\/77\/2018\/01\/48.jpg","contentUrl":"https:\/\/maison4tiers.com\/maisonnette\/wp-content\/uploads\/sites\/77\/2018\/01\/48.jpg","width":800,"height":1200,"caption":"Isla Blanca"},{"@type":"BreadcrumbList","@id":"https:\/\/maison4tiers.com\/maisonnette\/product\/isla-blanca\/#breadcrumb","itemListElement":[{"@type":"ListItem","position":1,"name":"Home","item":"https:\/\/maison4tiers.com\/maisonnette\/"},{"@type":"ListItem","position":2,"name":"Films","item":"https:\/\/maison4tiers.com\/maisonnette\/?page_id=35"},{"@type":"ListItem","position":3,"name":"Isla Blanca"}]},{"@type":"WebSite","@id":"https:\/\/maison4tiers.com\/maisonnette\/#website","url":"https:\/\/maison4tiers.com\/maisonnette\/","name":"Maisonnette","description":"Distribution multiplateforme de films qu\u00e9b\u00e9cois et internationaux","publisher":{"@id":"https:\/\/maison4tiers.com\/maisonnette\/#organization"},"potentialAction":[{"@type":"SearchAction","target":{"@type":"EntryPoint","urlTemplate":"https:\/\/maison4tiers.com\/maisonnette\/?s={search_term_string}"},"query-input":{"@type":"PropertyValueSpecification","valueRequired":true,"valueName":"search_term_string"}}],"inLanguage":"fr-FR"},{"@type":"Organization","@id":"https:\/\/maison4tiers.com\/maisonnette\/#organization","name":"Maisonnette","url":"https:\/\/maison4tiers.com\/maisonnette\/","logo":{"@type":"ImageObject","inLanguage":"fr-FR","@id":"https:\/\/maison4tiers.com\/maisonnette\/#\/schema\/logo\/image\/","url":"https:\/\/maison4tiers.com\/maisonnette\/wp-content\/uploads\/sites\/77\/2020\/11\/favicon-196.png","contentUrl":"https:\/\/maison4tiers.com\/maisonnette\/wp-content\/uploads\/sites\/77\/2020\/11\/favicon-196.png","width":196,"height":196,"caption":"Maisonnette"},"image":{"@id":"https:\/\/maison4tiers.com\/maisonnette\/#\/schema\/logo\/image\/"}}]}},"jetpack_sharing_enabled":true,"_links":{"self":[{"href":"https:\/\/maison4tiers.com\/maisonnette\/wp-json\/wp\/v2\/product\/4493","targetHints":{"allow":["GET"]}}],"collection":[{"href":"https:\/\/maison4tiers.com\/maisonnette\/wp-json\/wp\/v2\/product"}],"about":[{"href":"https:\/\/maison4tiers.com\/maisonnette\/wp-json\/wp\/v2\/types\/product"}],"wp:featuredmedia":[{"embeddable":true,"href":"https:\/\/maison4tiers.com\/maisonnette\/wp-json\/wp\/v2\/media\/7482"}],"wp:attachment":[{"href":"https:\/\/maison4tiers.com\/maisonnette\/wp-json\/wp\/v2\/media?parent=4493"}],"wp:term":[{"taxonomy":"product_brand","embeddable":true,"href":"https:\/\/maison4tiers.com\/maisonnette\/wp-json\/wp\/v2\/product_brand?post=4493"},{"taxonomy":"product_cat","embeddable":true,"href":"https:\/\/maison4tiers.com\/maisonnette\/wp-json\/wp\/v2\/product_cat?post=4493"},{"taxonomy":"product_tag","embeddable":true,"href":"https:\/\/maison4tiers.com\/maisonnette\/wp-json\/wp\/v2\/product_tag?post=4493"}],"curies":[{"name":"wp","href":"https:\/\/api.w.org\/{rel}","templated":true}]}}