{"id":4419,"date":"2019-01-06T00:00:48","date_gmt":"2019-01-06T04:00:48","guid":{"rendered":"https:\/\/maison4tiers.com\/?post_type=product&#038;p=4419"},"modified":"2023-05-16T17:15:06","modified_gmt":"2023-05-16T21:15:06","slug":"enorme","status":"publish","type":"product","link":"https:\/\/maison4tiers.com\/maisonnette\/product\/enorme\/","title":{"rendered":"\u00c9norme"},"excerpt":{"rendered":"<p>C\u0327a lui prend d\u2019un coup a\u0300 40 ans : Fre\u0301de\u0301ric veut un be\u0301be\u0301, Claire elle n\u2019en a jamais voulu et ils e\u0301taient bien d\u2019accord la\u0300-dessus. Il commet l\u2019impardonnable et lui fait un enfant dans le dos. Claire se transforme en baleine et Fre\u0301de\u0301ric devient gnangnan.<\/p>\n<blockquote><p><em>\u00ab Pour son quatri\u00e8me film, Sophie Letourneur, qui a fait appel \u00e0 des sages-femmes pour une vision quasi documentaire, signe une com\u00e9die atypique, parfois dramatique, qui se moque des clich\u00e9s et \u00e9gratigne la maternit\u00e9. \u00bb <\/em><strong>\u2013 <a href=\"https:\/\/www.allocine.fr\/film\/fichefilm-258205\/critiques\/presse\/\" target=\"_blank\" rel=\"noopener\">CNEWS<\/a> \u2605\u2605\u2605\u2605\u2605\u00a0<\/strong><\/p><\/blockquote>\n<p><a href=\"https:\/\/maison4tiers.com\/categorie-produit\/film\/comedie\/\" target=\"_blank\" rel=\"noopener\"><strong><span style=\"text-decoration: underline;\">Voir les autres com\u00e9dies<\/span><\/strong><\/a><\/p>\n<p>&nbsp;<\/p>\n<p><strong>*Film disponible au Canada seulement<\/strong><\/p>\n","protected":false},"featured_media":7456,"template":"","meta":{"_acf_changed":false,"_eb_attr":""},"product_brand":[],"product_cat":[107,45,122,121,131,142],"product_tag":[761,762,204,211,763,252,222,760,765,203,373,764],"class_list":{"0":"post-4419","1":"product","2":"type-product","3":"status-publish","4":"has-post-thumbnail","6":"product_cat-comedie","7":"product_cat-film","8":"product_cat-reflexion","9":"product_cat-societe","10":"product_cat-touslesfilms","11":"product_cat-numerique","12":"product_tag-accouchement","13":"product_tag-bebe","14":"product_tag-comedie","15":"product_tag-couple","16":"product_tag-discorde","17":"product_tag-enceinte","18":"product_tag-enfant","19":"product_tag-enorme","20":"product_tag-film-francais","21":"product_tag-france","22":"product_tag-jonathan-cohen","23":"product_tag-pre-natal","24":"product_shipping_class-livraison","26":"first","27":"instock","28":"taxable","29":"shipping-taxable","30":"purchasable","31":"product-type-variable","32":"has-default-attributes"},"acf":[],"yoast_head":"<!-- This site is optimized with the Yoast SEO plugin v27.0 - https:\/\/yoast.com\/product\/yoast-seo-wordpress\/ -->\n<title>\u00c9norme - Com\u00e9die fran\u00e7aise - Maisonnette - \u00c9coutez maintenant<\/title>\n<meta name=\"description\" content=\"\u00c9norme film de Sophie Letourneur. C\u0327a lui prend d\u2019un coup a\u0300 40 ans : Fre\u0301de\u0301ric veut un be\u0301be\u0301, Claire elle n\u2019en a jamais voulu.\" \/>\n<meta name=\"robots\" content=\"noindex, follow, max-snippet:-1, max-image-preview:large, max-video-preview:-1\" \/>\n<meta property=\"og:locale\" content=\"fr_FR\" \/>\n<meta property=\"og:type\" content=\"article\" \/>\n<meta property=\"og:title\" content=\"\u00c9norme\" \/>\n<meta property=\"og:description\" content=\"C\u0327a lui prend d\u2019un coup a\u0300 40 ans : Fre\u0301de\u0301ric veut un be\u0301be\u0301, Claire elle n\u2019en a jamais voulu et ils e\u0301taient bien d\u2019accord la\u0300-dessus.\" \/>\n<meta property=\"og:url\" content=\"https:\/\/maison4tiers.com\/maisonnette\/product\/enorme\/\" \/>\n<meta property=\"og:site_name\" content=\"Maisonnette\" \/>\n<meta property=\"article:modified_time\" content=\"2023-05-16T21:15:06+00:00\" \/>\n<meta property=\"og:image\" content=\"https:\/\/maison4tiers.com\/maisonnette\/wp-content\/uploads\/sites\/77\/2019\/01\/38.jpg\" \/>\n\t<meta property=\"og:image:width\" content=\"800\" \/>\n\t<meta property=\"og:image:height\" content=\"1200\" \/>\n\t<meta property=\"og:image:type\" content=\"image\/jpeg\" \/>\n<meta name=\"twitter:card\" content=\"summary_large_image\" \/>\n<meta name=\"twitter:title\" content=\"\u00c9norme\" \/>\n<meta name=\"twitter:description\" content=\"C\u0327a lui prend d\u2019un coup a\u0300 40 ans : Fre\u0301de\u0301ric veut un be\u0301be\u0301, Claire elle n\u2019en a jamais voulu et ils e\u0301taient bien d\u2019accord la\u0300-dessus.\" \/>\n<meta name=\"twitter:image\" content=\"https:\/\/maison4tiers.com\/maisonnette\/wp-content\/uploads\/sites\/77\/2019\/01\/38.jpg\" \/>\n<script type=\"application\/ld+json\" class=\"yoast-schema-graph\">{\"@context\":\"https:\/\/schema.org\",\"@graph\":[{\"@type\":\"WebPage\",\"@id\":\"https:\/\/maison4tiers.com\/maisonnette\/product\/enorme\/\",\"url\":\"https:\/\/maison4tiers.com\/maisonnette\/product\/enorme\/\",\"name\":\"\u00c9norme - Com\u00e9die fran\u00e7aise - Maisonnette - \u00c9coutez maintenant\",\"isPartOf\":{\"@id\":\"https:\/\/maison4tiers.com\/maisonnette\/#website\"},\"primaryImageOfPage\":{\"@id\":\"https:\/\/maison4tiers.com\/maisonnette\/product\/enorme\/#primaryimage\"},\"image\":{\"@id\":\"https:\/\/maison4tiers.com\/maisonnette\/product\/enorme\/#primaryimage\"},\"thumbnailUrl\":\"https:\/\/maison4tiers.com\/maisonnette\/wp-content\/uploads\/sites\/77\/2019\/01\/38.jpg\",\"datePublished\":\"2019-01-06T04:00:48+00:00\",\"dateModified\":\"2023-05-16T21:15:06+00:00\",\"description\":\"\u00c9norme film de Sophie Letourneur. C\u0327a lui prend d\u2019un coup a\u0300 40 ans : Fre\u0301de\u0301ric veut un be\u0301be\u0301, Claire elle n\u2019en a jamais voulu.\",\"breadcrumb\":{\"@id\":\"https:\/\/maison4tiers.com\/maisonnette\/product\/enorme\/#breadcrumb\"},\"inLanguage\":\"fr-FR\",\"potentialAction\":[{\"@type\":\"ReadAction\",\"target\":[\"https:\/\/maison4tiers.com\/maisonnette\/product\/enorme\/\"]}]},{\"@type\":\"ImageObject\",\"inLanguage\":\"fr-FR\",\"@id\":\"https:\/\/maison4tiers.com\/maisonnette\/product\/enorme\/#primaryimage\",\"url\":\"https:\/\/maison4tiers.com\/maisonnette\/wp-content\/uploads\/sites\/77\/2019\/01\/38.jpg\",\"contentUrl\":\"https:\/\/maison4tiers.com\/maisonnette\/wp-content\/uploads\/sites\/77\/2019\/01\/38.jpg\",\"width\":800,\"height\":1200,\"caption\":\"\u00c9norme\"},{\"@type\":\"BreadcrumbList\",\"@id\":\"https:\/\/maison4tiers.com\/maisonnette\/product\/enorme\/#breadcrumb\",\"itemListElement\":[{\"@type\":\"ListItem\",\"position\":1,\"name\":\"Home\",\"item\":\"https:\/\/maison4tiers.com\/maisonnette\/\"},{\"@type\":\"ListItem\",\"position\":2,\"name\":\"Films\",\"item\":\"https:\/\/maison4tiers.com\/maisonnette\/?page_id=35\"},{\"@type\":\"ListItem\",\"position\":3,\"name\":\"\u00c9norme\"}]},{\"@type\":\"WebSite\",\"@id\":\"https:\/\/maison4tiers.com\/maisonnette\/#website\",\"url\":\"https:\/\/maison4tiers.com\/maisonnette\/\",\"name\":\"Maisonnette\",\"description\":\"Distribution multiplateforme de films qu\u00e9b\u00e9cois et internationaux\",\"publisher\":{\"@id\":\"https:\/\/maison4tiers.com\/maisonnette\/#organization\"},\"potentialAction\":[{\"@type\":\"SearchAction\",\"target\":{\"@type\":\"EntryPoint\",\"urlTemplate\":\"https:\/\/maison4tiers.com\/maisonnette\/?s={search_term_string}\"},\"query-input\":{\"@type\":\"PropertyValueSpecification\",\"valueRequired\":true,\"valueName\":\"search_term_string\"}}],\"inLanguage\":\"fr-FR\"},{\"@type\":\"Organization\",\"@id\":\"https:\/\/maison4tiers.com\/maisonnette\/#organization\",\"name\":\"Maisonnette\",\"url\":\"https:\/\/maison4tiers.com\/maisonnette\/\",\"logo\":{\"@type\":\"ImageObject\",\"inLanguage\":\"fr-FR\",\"@id\":\"https:\/\/maison4tiers.com\/maisonnette\/#\/schema\/logo\/image\/\",\"url\":\"https:\/\/maison4tiers.com\/maisonnette\/wp-content\/uploads\/sites\/77\/2020\/11\/favicon-196.png\",\"contentUrl\":\"https:\/\/maison4tiers.com\/maisonnette\/wp-content\/uploads\/sites\/77\/2020\/11\/favicon-196.png\",\"width\":196,\"height\":196,\"caption\":\"Maisonnette\"},\"image\":{\"@id\":\"https:\/\/maison4tiers.com\/maisonnette\/#\/schema\/logo\/image\/\"}}]}<\/script>\n<!-- \/ Yoast SEO plugin. -->","yoast_head_json":{"title":"\u00c9norme - Com\u00e9die fran\u00e7aise - Maisonnette - \u00c9coutez maintenant","description":"\u00c9norme film de Sophie Letourneur. C\u0327a lui prend d\u2019un coup a\u0300 40 ans : Fre\u0301de\u0301ric veut un be\u0301be\u0301, Claire elle n\u2019en a jamais voulu.","robots":{"index":"noindex","follow":"follow","max-snippet":"max-snippet:-1","max-image-preview":"max-image-preview:large","max-video-preview":"max-video-preview:-1"},"og_locale":"fr_FR","og_type":"article","og_title":"\u00c9norme","og_description":"C\u0327a lui prend d\u2019un coup a\u0300 40 ans : Fre\u0301de\u0301ric veut un be\u0301be\u0301, Claire elle n\u2019en a jamais voulu et ils e\u0301taient bien d\u2019accord la\u0300-dessus.","og_url":"https:\/\/maison4tiers.com\/maisonnette\/product\/enorme\/","og_site_name":"Maisonnette","article_modified_time":"2023-05-16T21:15:06+00:00","og_image":[{"width":800,"height":1200,"url":"https:\/\/maison4tiers.com\/maisonnette\/wp-content\/uploads\/sites\/77\/2019\/01\/38.jpg","type":"image\/jpeg"}],"twitter_card":"summary_large_image","twitter_title":"\u00c9norme","twitter_description":"C\u0327a lui prend d\u2019un coup a\u0300 40 ans : Fre\u0301de\u0301ric veut un be\u0301be\u0301, Claire elle n\u2019en a jamais voulu et ils e\u0301taient bien d\u2019accord la\u0300-dessus.","twitter_image":"https:\/\/maison4tiers.com\/maisonnette\/wp-content\/uploads\/sites\/77\/2019\/01\/38.jpg","schema":{"@context":"https:\/\/schema.org","@graph":[{"@type":"WebPage","@id":"https:\/\/maison4tiers.com\/maisonnette\/product\/enorme\/","url":"https:\/\/maison4tiers.com\/maisonnette\/product\/enorme\/","name":"\u00c9norme - Com\u00e9die fran\u00e7aise - Maisonnette - \u00c9coutez maintenant","isPartOf":{"@id":"https:\/\/maison4tiers.com\/maisonnette\/#website"},"primaryImageOfPage":{"@id":"https:\/\/maison4tiers.com\/maisonnette\/product\/enorme\/#primaryimage"},"image":{"@id":"https:\/\/maison4tiers.com\/maisonnette\/product\/enorme\/#primaryimage"},"thumbnailUrl":"https:\/\/maison4tiers.com\/maisonnette\/wp-content\/uploads\/sites\/77\/2019\/01\/38.jpg","datePublished":"2019-01-06T04:00:48+00:00","dateModified":"2023-05-16T21:15:06+00:00","description":"\u00c9norme film de Sophie Letourneur. C\u0327a lui prend d\u2019un coup a\u0300 40 ans : Fre\u0301de\u0301ric veut un be\u0301be\u0301, Claire elle n\u2019en a jamais voulu.","breadcrumb":{"@id":"https:\/\/maison4tiers.com\/maisonnette\/product\/enorme\/#breadcrumb"},"inLanguage":"fr-FR","potentialAction":[{"@type":"ReadAction","target":["https:\/\/maison4tiers.com\/maisonnette\/product\/enorme\/"]}]},{"@type":"ImageObject","inLanguage":"fr-FR","@id":"https:\/\/maison4tiers.com\/maisonnette\/product\/enorme\/#primaryimage","url":"https:\/\/maison4tiers.com\/maisonnette\/wp-content\/uploads\/sites\/77\/2019\/01\/38.jpg","contentUrl":"https:\/\/maison4tiers.com\/maisonnette\/wp-content\/uploads\/sites\/77\/2019\/01\/38.jpg","width":800,"height":1200,"caption":"\u00c9norme"},{"@type":"BreadcrumbList","@id":"https:\/\/maison4tiers.com\/maisonnette\/product\/enorme\/#breadcrumb","itemListElement":[{"@type":"ListItem","position":1,"name":"Home","item":"https:\/\/maison4tiers.com\/maisonnette\/"},{"@type":"ListItem","position":2,"name":"Films","item":"https:\/\/maison4tiers.com\/maisonnette\/?page_id=35"},{"@type":"ListItem","position":3,"name":"\u00c9norme"}]},{"@type":"WebSite","@id":"https:\/\/maison4tiers.com\/maisonnette\/#website","url":"https:\/\/maison4tiers.com\/maisonnette\/","name":"Maisonnette","description":"Distribution multiplateforme de films qu\u00e9b\u00e9cois et internationaux","publisher":{"@id":"https:\/\/maison4tiers.com\/maisonnette\/#organization"},"potentialAction":[{"@type":"SearchAction","target":{"@type":"EntryPoint","urlTemplate":"https:\/\/maison4tiers.com\/maisonnette\/?s={search_term_string}"},"query-input":{"@type":"PropertyValueSpecification","valueRequired":true,"valueName":"search_term_string"}}],"inLanguage":"fr-FR"},{"@type":"Organization","@id":"https:\/\/maison4tiers.com\/maisonnette\/#organization","name":"Maisonnette","url":"https:\/\/maison4tiers.com\/maisonnette\/","logo":{"@type":"ImageObject","inLanguage":"fr-FR","@id":"https:\/\/maison4tiers.com\/maisonnette\/#\/schema\/logo\/image\/","url":"https:\/\/maison4tiers.com\/maisonnette\/wp-content\/uploads\/sites\/77\/2020\/11\/favicon-196.png","contentUrl":"https:\/\/maison4tiers.com\/maisonnette\/wp-content\/uploads\/sites\/77\/2020\/11\/favicon-196.png","width":196,"height":196,"caption":"Maisonnette"},"image":{"@id":"https:\/\/maison4tiers.com\/maisonnette\/#\/schema\/logo\/image\/"}}]}},"jetpack_sharing_enabled":true,"_links":{"self":[{"href":"https:\/\/maison4tiers.com\/maisonnette\/wp-json\/wp\/v2\/product\/4419","targetHints":{"allow":["GET"]}}],"collection":[{"href":"https:\/\/maison4tiers.com\/maisonnette\/wp-json\/wp\/v2\/product"}],"about":[{"href":"https:\/\/maison4tiers.com\/maisonnette\/wp-json\/wp\/v2\/types\/product"}],"wp:featuredmedia":[{"embeddable":true,"href":"https:\/\/maison4tiers.com\/maisonnette\/wp-json\/wp\/v2\/media\/7456"}],"wp:attachment":[{"href":"https:\/\/maison4tiers.com\/maisonnette\/wp-json\/wp\/v2\/media?parent=4419"}],"wp:term":[{"taxonomy":"product_brand","embeddable":true,"href":"https:\/\/maison4tiers.com\/maisonnette\/wp-json\/wp\/v2\/product_brand?post=4419"},{"taxonomy":"product_cat","embeddable":true,"href":"https:\/\/maison4tiers.com\/maisonnette\/wp-json\/wp\/v2\/product_cat?post=4419"},{"taxonomy":"product_tag","embeddable":true,"href":"https:\/\/maison4tiers.com\/maisonnette\/wp-json\/wp\/v2\/product_tag?post=4419"}],"curies":[{"name":"wp","href":"https:\/\/api.w.org\/{rel}","templated":true}]}}