{"id":4397,"date":"2020-01-05T00:00:52","date_gmt":"2020-01-05T04:00:52","guid":{"rendered":"https:\/\/maison4tiers.com\/?post_type=product&#038;p=4397"},"modified":"2023-04-26T14:01:00","modified_gmt":"2023-04-26T18:01:00","slug":"conversations-entre-adultes","status":"publish","type":"product","link":"https:\/\/maison4tiers.com\/maisonnette\/product\/conversations-entre-adultes\/","title":{"rendered":"Conversations entre adultes"},"excerpt":{"rendered":"<p>Dans cette trag\u00e9die grecque des temps modernes, Costa Gavras brosse un portait intransigeant et fi\u00e9vreux de la crise \u00e9conomique et diplomatique qui a frapp\u00e9 la Gr\u00e8ce en 2015. En adaptant les m\u00e9moires controvers\u00e9es de l\u2019ex-ministre des Finances grecques, Yanis Varoufakis, qui a \u00e9labor\u00e9 pendant six mois un plan de n\u00e9gociation et de sauvetage financier pour son pays, le cin\u00e9aste de 86 ans r\u00e9v\u00e8le les complots et les manipulations jou\u00e9s dans les coulisses de ce th\u00e9\u00e2tre politique exceptionnel et tristement funeste.<\/p>\n<blockquote><p><em>\u00ab Passionnant drame politique sur le bras de fer entre la Gr\u00e8ce et l\u2019Union europ\u00e9enne, en 2015 (\u2026) mieux qu\u2019aucune d\u00e9claration politique. \u00bb<br \/>\n<\/em><strong>\u2013\u00a0<a href=\"https:\/\/www.lefigaro.fr\/cinema\/mostra-2019-adults-in-the-room-le-passionnant-drame-politique-europeen-de-costa-gavras-20190901\" target=\"_blank\" rel=\"noopener\">LE FIGARO<\/a><\/strong><\/p><\/blockquote>\n<p><span style=\"text-decoration: underline;\"><strong><a href=\"https:\/\/maison4tiers.com\/categorie-produit\/film\/drame\/\" target=\"_blank\" rel=\"noopener\">Voir les autres films dramatique<\/a><\/strong><\/span><\/p>\n<p>&nbsp;<\/p>\n<p><strong>*Disponible au Canada seulement<\/strong><\/p>\n","protected":false},"featured_media":7434,"template":"","meta":{"_acf_changed":false,"_eb_attr":""},"product_brand":[],"product_cat":[105,120,45,121,136,131,142],"product_tag":[563,562,568,561,560,559,569,345,566,567,347,564,565],"class_list":{"0":"post-4397","1":"product","2":"type-product","3":"status-publish","4":"has-post-thumbnail","6":"product_cat-drame","7":"product_cat-fiction","8":"product_cat-film","9":"product_cat-societe","10":"product_cat-dvd","11":"product_cat-touslesfilms","12":"product_cat-numerique","13":"product_tag-adulte","14":"product_tag-adultes","15":"product_tag-assemblee","16":"product_tag-conversation","17":"product_tag-conversations","18":"product_tag-conversations-entre-adultes","19":"product_tag-costa-gravas","20":"product_tag-debat","21":"product_tag-europe","22":"product_tag-european-union","23":"product_tag-societe","24":"product_tag-ue","25":"product_tag-union-europeenne","26":"product_shipping_class-livraison","28":"first","29":"instock","30":"taxable","31":"shipping-taxable","32":"purchasable","33":"product-type-variable","34":"has-default-attributes"},"acf":[],"yoast_head":"<!-- This site is optimized with the Yoast SEO plugin v27.0 - https:\/\/yoast.com\/product\/yoast-seo-wordpress\/ -->\n<title>Conversations entre adultes - Maisonnette - \u00c9coutez maintenant<\/title>\n<meta name=\"description\" content=\"Costa Gavras brosse un portait intransigeant et fi\u00e9vreux de la crise \u00e9conomique et diplomatique qui a frapp\u00e9 la Gr\u00e8ce en 2015.\" \/>\n<meta name=\"robots\" content=\"noindex, follow, max-snippet:-1, max-image-preview:large, max-video-preview:-1\" \/>\n<meta property=\"og:locale\" content=\"fr_FR\" \/>\n<meta property=\"og:type\" content=\"article\" \/>\n<meta property=\"og:title\" content=\"Conversations entre adultes\" \/>\n<meta property=\"og:description\" content=\"Costa Gavras brosse un portait intransigeant et fi\u00e9vreux de la crise \u00e9conomique et diplomatique qui a frapp\u00e9 la Gr\u00e8ce en 2015.\" \/>\n<meta property=\"og:url\" content=\"https:\/\/maison4tiers.com\/maisonnette\/product\/conversations-entre-adultes\/\" \/>\n<meta property=\"og:site_name\" content=\"Maisonnette\" \/>\n<meta property=\"article:modified_time\" content=\"2023-04-26T18:01:00+00:00\" \/>\n<meta property=\"og:image\" content=\"https:\/\/maison4tiers.com\/maisonnette\/wp-content\/uploads\/sites\/77\/2020\/01\/51.jpg\" \/>\n\t<meta property=\"og:image:width\" content=\"800\" \/>\n\t<meta property=\"og:image:height\" content=\"1200\" \/>\n\t<meta property=\"og:image:type\" content=\"image\/jpeg\" \/>\n<meta name=\"twitter:card\" content=\"summary_large_image\" \/>\n<meta name=\"twitter:title\" content=\"Conversations entre adultes\" \/>\n<meta name=\"twitter:description\" content=\"Costa Gavras brosse un portait intransigeant et fi\u00e9vreux de la crise \u00e9conomique et diplomatique qui a frapp\u00e9 la Gr\u00e8ce en 2015.\" \/>\n<meta name=\"twitter:image\" content=\"https:\/\/maison4tiers.com\/maisonnette\/wp-content\/uploads\/sites\/77\/2020\/01\/51.jpg\" \/>\n<script type=\"application\/ld+json\" class=\"yoast-schema-graph\">{\"@context\":\"https:\/\/schema.org\",\"@graph\":[{\"@type\":\"WebPage\",\"@id\":\"https:\/\/maison4tiers.com\/maisonnette\/product\/conversations-entre-adultes\/\",\"url\":\"https:\/\/maison4tiers.com\/maisonnette\/product\/conversations-entre-adultes\/\",\"name\":\"Conversations entre adultes - Maisonnette - \u00c9coutez maintenant\",\"isPartOf\":{\"@id\":\"https:\/\/maison4tiers.com\/maisonnette\/#website\"},\"primaryImageOfPage\":{\"@id\":\"https:\/\/maison4tiers.com\/maisonnette\/product\/conversations-entre-adultes\/#primaryimage\"},\"image\":{\"@id\":\"https:\/\/maison4tiers.com\/maisonnette\/product\/conversations-entre-adultes\/#primaryimage\"},\"thumbnailUrl\":\"https:\/\/maison4tiers.com\/maisonnette\/wp-content\/uploads\/sites\/77\/2020\/01\/51.jpg\",\"datePublished\":\"2020-01-05T04:00:52+00:00\",\"dateModified\":\"2023-04-26T18:01:00+00:00\",\"description\":\"Costa Gavras brosse un portait intransigeant et fi\u00e9vreux de la crise \u00e9conomique et diplomatique qui a frapp\u00e9 la Gr\u00e8ce en 2015.\",\"breadcrumb\":{\"@id\":\"https:\/\/maison4tiers.com\/maisonnette\/product\/conversations-entre-adultes\/#breadcrumb\"},\"inLanguage\":\"fr-FR\",\"potentialAction\":[{\"@type\":\"ReadAction\",\"target\":[\"https:\/\/maison4tiers.com\/maisonnette\/product\/conversations-entre-adultes\/\"]}]},{\"@type\":\"ImageObject\",\"inLanguage\":\"fr-FR\",\"@id\":\"https:\/\/maison4tiers.com\/maisonnette\/product\/conversations-entre-adultes\/#primaryimage\",\"url\":\"https:\/\/maison4tiers.com\/maisonnette\/wp-content\/uploads\/sites\/77\/2020\/01\/51.jpg\",\"contentUrl\":\"https:\/\/maison4tiers.com\/maisonnette\/wp-content\/uploads\/sites\/77\/2020\/01\/51.jpg\",\"width\":800,\"height\":1200,\"caption\":\"Conversation entre adultes\"},{\"@type\":\"BreadcrumbList\",\"@id\":\"https:\/\/maison4tiers.com\/maisonnette\/product\/conversations-entre-adultes\/#breadcrumb\",\"itemListElement\":[{\"@type\":\"ListItem\",\"position\":1,\"name\":\"Home\",\"item\":\"https:\/\/maison4tiers.com\/maisonnette\/\"},{\"@type\":\"ListItem\",\"position\":2,\"name\":\"Films\",\"item\":\"https:\/\/maison4tiers.com\/maisonnette\/?page_id=35\"},{\"@type\":\"ListItem\",\"position\":3,\"name\":\"Conversations entre adultes\"}]},{\"@type\":\"WebSite\",\"@id\":\"https:\/\/maison4tiers.com\/maisonnette\/#website\",\"url\":\"https:\/\/maison4tiers.com\/maisonnette\/\",\"name\":\"Maisonnette\",\"description\":\"Distribution multiplateforme de films qu\u00e9b\u00e9cois et internationaux\",\"publisher\":{\"@id\":\"https:\/\/maison4tiers.com\/maisonnette\/#organization\"},\"potentialAction\":[{\"@type\":\"SearchAction\",\"target\":{\"@type\":\"EntryPoint\",\"urlTemplate\":\"https:\/\/maison4tiers.com\/maisonnette\/?s={search_term_string}\"},\"query-input\":{\"@type\":\"PropertyValueSpecification\",\"valueRequired\":true,\"valueName\":\"search_term_string\"}}],\"inLanguage\":\"fr-FR\"},{\"@type\":\"Organization\",\"@id\":\"https:\/\/maison4tiers.com\/maisonnette\/#organization\",\"name\":\"Maisonnette\",\"url\":\"https:\/\/maison4tiers.com\/maisonnette\/\",\"logo\":{\"@type\":\"ImageObject\",\"inLanguage\":\"fr-FR\",\"@id\":\"https:\/\/maison4tiers.com\/maisonnette\/#\/schema\/logo\/image\/\",\"url\":\"https:\/\/maison4tiers.com\/maisonnette\/wp-content\/uploads\/sites\/77\/2020\/11\/favicon-196.png\",\"contentUrl\":\"https:\/\/maison4tiers.com\/maisonnette\/wp-content\/uploads\/sites\/77\/2020\/11\/favicon-196.png\",\"width\":196,\"height\":196,\"caption\":\"Maisonnette\"},\"image\":{\"@id\":\"https:\/\/maison4tiers.com\/maisonnette\/#\/schema\/logo\/image\/\"}}]}<\/script>\n<!-- \/ Yoast SEO plugin. -->","yoast_head_json":{"title":"Conversations entre adultes - Maisonnette - \u00c9coutez maintenant","description":"Costa Gavras brosse un portait intransigeant et fi\u00e9vreux de la crise \u00e9conomique et diplomatique qui a frapp\u00e9 la Gr\u00e8ce en 2015.","robots":{"index":"noindex","follow":"follow","max-snippet":"max-snippet:-1","max-image-preview":"max-image-preview:large","max-video-preview":"max-video-preview:-1"},"og_locale":"fr_FR","og_type":"article","og_title":"Conversations entre adultes","og_description":"Costa Gavras brosse un portait intransigeant et fi\u00e9vreux de la crise \u00e9conomique et diplomatique qui a frapp\u00e9 la Gr\u00e8ce en 2015.","og_url":"https:\/\/maison4tiers.com\/maisonnette\/product\/conversations-entre-adultes\/","og_site_name":"Maisonnette","article_modified_time":"2023-04-26T18:01:00+00:00","og_image":[{"width":800,"height":1200,"url":"https:\/\/maison4tiers.com\/maisonnette\/wp-content\/uploads\/sites\/77\/2020\/01\/51.jpg","type":"image\/jpeg"}],"twitter_card":"summary_large_image","twitter_title":"Conversations entre adultes","twitter_description":"Costa Gavras brosse un portait intransigeant et fi\u00e9vreux de la crise \u00e9conomique et diplomatique qui a frapp\u00e9 la Gr\u00e8ce en 2015.","twitter_image":"https:\/\/maison4tiers.com\/maisonnette\/wp-content\/uploads\/sites\/77\/2020\/01\/51.jpg","schema":{"@context":"https:\/\/schema.org","@graph":[{"@type":"WebPage","@id":"https:\/\/maison4tiers.com\/maisonnette\/product\/conversations-entre-adultes\/","url":"https:\/\/maison4tiers.com\/maisonnette\/product\/conversations-entre-adultes\/","name":"Conversations entre adultes - Maisonnette - \u00c9coutez maintenant","isPartOf":{"@id":"https:\/\/maison4tiers.com\/maisonnette\/#website"},"primaryImageOfPage":{"@id":"https:\/\/maison4tiers.com\/maisonnette\/product\/conversations-entre-adultes\/#primaryimage"},"image":{"@id":"https:\/\/maison4tiers.com\/maisonnette\/product\/conversations-entre-adultes\/#primaryimage"},"thumbnailUrl":"https:\/\/maison4tiers.com\/maisonnette\/wp-content\/uploads\/sites\/77\/2020\/01\/51.jpg","datePublished":"2020-01-05T04:00:52+00:00","dateModified":"2023-04-26T18:01:00+00:00","description":"Costa Gavras brosse un portait intransigeant et fi\u00e9vreux de la crise \u00e9conomique et diplomatique qui a frapp\u00e9 la Gr\u00e8ce en 2015.","breadcrumb":{"@id":"https:\/\/maison4tiers.com\/maisonnette\/product\/conversations-entre-adultes\/#breadcrumb"},"inLanguage":"fr-FR","potentialAction":[{"@type":"ReadAction","target":["https:\/\/maison4tiers.com\/maisonnette\/product\/conversations-entre-adultes\/"]}]},{"@type":"ImageObject","inLanguage":"fr-FR","@id":"https:\/\/maison4tiers.com\/maisonnette\/product\/conversations-entre-adultes\/#primaryimage","url":"https:\/\/maison4tiers.com\/maisonnette\/wp-content\/uploads\/sites\/77\/2020\/01\/51.jpg","contentUrl":"https:\/\/maison4tiers.com\/maisonnette\/wp-content\/uploads\/sites\/77\/2020\/01\/51.jpg","width":800,"height":1200,"caption":"Conversation entre adultes"},{"@type":"BreadcrumbList","@id":"https:\/\/maison4tiers.com\/maisonnette\/product\/conversations-entre-adultes\/#breadcrumb","itemListElement":[{"@type":"ListItem","position":1,"name":"Home","item":"https:\/\/maison4tiers.com\/maisonnette\/"},{"@type":"ListItem","position":2,"name":"Films","item":"https:\/\/maison4tiers.com\/maisonnette\/?page_id=35"},{"@type":"ListItem","position":3,"name":"Conversations entre adultes"}]},{"@type":"WebSite","@id":"https:\/\/maison4tiers.com\/maisonnette\/#website","url":"https:\/\/maison4tiers.com\/maisonnette\/","name":"Maisonnette","description":"Distribution multiplateforme de films qu\u00e9b\u00e9cois et internationaux","publisher":{"@id":"https:\/\/maison4tiers.com\/maisonnette\/#organization"},"potentialAction":[{"@type":"SearchAction","target":{"@type":"EntryPoint","urlTemplate":"https:\/\/maison4tiers.com\/maisonnette\/?s={search_term_string}"},"query-input":{"@type":"PropertyValueSpecification","valueRequired":true,"valueName":"search_term_string"}}],"inLanguage":"fr-FR"},{"@type":"Organization","@id":"https:\/\/maison4tiers.com\/maisonnette\/#organization","name":"Maisonnette","url":"https:\/\/maison4tiers.com\/maisonnette\/","logo":{"@type":"ImageObject","inLanguage":"fr-FR","@id":"https:\/\/maison4tiers.com\/maisonnette\/#\/schema\/logo\/image\/","url":"https:\/\/maison4tiers.com\/maisonnette\/wp-content\/uploads\/sites\/77\/2020\/11\/favicon-196.png","contentUrl":"https:\/\/maison4tiers.com\/maisonnette\/wp-content\/uploads\/sites\/77\/2020\/11\/favicon-196.png","width":196,"height":196,"caption":"Maisonnette"},"image":{"@id":"https:\/\/maison4tiers.com\/maisonnette\/#\/schema\/logo\/image\/"}}]}},"jetpack_sharing_enabled":true,"_links":{"self":[{"href":"https:\/\/maison4tiers.com\/maisonnette\/wp-json\/wp\/v2\/product\/4397","targetHints":{"allow":["GET"]}}],"collection":[{"href":"https:\/\/maison4tiers.com\/maisonnette\/wp-json\/wp\/v2\/product"}],"about":[{"href":"https:\/\/maison4tiers.com\/maisonnette\/wp-json\/wp\/v2\/types\/product"}],"wp:featuredmedia":[{"embeddable":true,"href":"https:\/\/maison4tiers.com\/maisonnette\/wp-json\/wp\/v2\/media\/7434"}],"wp:attachment":[{"href":"https:\/\/maison4tiers.com\/maisonnette\/wp-json\/wp\/v2\/media?parent=4397"}],"wp:term":[{"taxonomy":"product_brand","embeddable":true,"href":"https:\/\/maison4tiers.com\/maisonnette\/wp-json\/wp\/v2\/product_brand?post=4397"},{"taxonomy":"product_cat","embeddable":true,"href":"https:\/\/maison4tiers.com\/maisonnette\/wp-json\/wp\/v2\/product_cat?post=4397"},{"taxonomy":"product_tag","embeddable":true,"href":"https:\/\/maison4tiers.com\/maisonnette\/wp-json\/wp\/v2\/product_tag?post=4397"}],"curies":[{"name":"wp","href":"https:\/\/api.w.org\/{rel}","templated":true}]}}