{"id":4350,"date":"2019-01-05T00:00:50","date_gmt":"2019-01-05T04:00:50","guid":{"rendered":"https:\/\/maison4tiers.com\/?post_type=product&#038;p=4350"},"modified":"2024-04-30T12:38:00","modified_gmt":"2024-04-30T16:38:00","slug":"alexandre-le-fou","status":"publish","type":"product","link":"https:\/\/maison4tiers.com\/maisonnette\/product\/alexandre-le-fou\/","title":{"rendered":"Alexandre le fou"},"excerpt":{"rendered":"<p>Dix ans apr\u00e8s qu\u2019une crise psychotique en mer de Chine ait fait basculer son existence, Alex, schizophr\u00e8ne raffin\u00e9 et sensible, est \u00e0 la crois\u00e9e des chemins. \u00c0 l\u2019insistance de sa grand-m\u00e8re et confidente, qui d\u00e9sire mourir l\u2019esprit en paix, il se lance \u00e0 la recherche d\u2019une amoureuse. Sa rencontre avec une jeune femme psychotique donne naissance \u00e0 une relation passionnelle incandescente qui le fait peu \u00e0 peu d\u00e9river hors de ses fronti\u00e8res \u00e9motionnelles. Tandis que les eaux troubles de la mer de Chine refont surface en lui, il s\u2019isole de plus en plus, au risque d\u2019\u00eatre aspir\u00e9 jusque dans les abysses insondables de la parano\u00efa. Une odyss\u00e9e intime, troublante et sublime.<\/p>\n<blockquote><p><em>\u00ab\u00a0Alexandre le fou est beaucoup, beaucoup plus qu\u2019un ravissant objet cin\u00e9matographique. C\u2019est d\u2019abord et avant tout une odyss\u00e9e humaine poignante.\u00a0\u00bb<br \/>\n<\/em>\u2605\u2605\u2605\u2605\u00a0<strong>\u2013\u00a0<a href=\"https:\/\/www.ledevoir.com\/culture\/cinema\/563054\/alexandre-le-fou\" target=\"_blank\" rel=\"noopener\">LE\u00a0DEVOIR<\/a><\/strong><\/p><\/blockquote>\n<p><a href=\"https:\/\/maison4tiers.com\/categorie-produit\/film\/documentaire\/\" target=\"_blank\" rel=\"noopener\"><span style=\"text-decoration: underline;\"><strong>Voir les autres documentaires<\/strong><\/span><\/a><\/p>\n<p>&nbsp;<\/p>\n<p><strong>*Disponible au Canada seulement<\/strong><\/p>\n","protected":false},"featured_media":7468,"template":"","meta":{"_acf_changed":false,"_eb_attr":""},"product_brand":[],"product_cat":[115,78,120,45,119,136,131,142],"product_tag":[731,732,739,321,733,737,738,734,736,735],"class_list":{"0":"post-4350","1":"product","2":"type-product","3":"status-publish","4":"has-post-thumbnail","6":"product_cat-docufiction","7":"product_cat-documentaire","8":"product_cat-fiction","9":"product_cat-film","10":"product_cat-quebecois","11":"product_cat-dvd","12":"product_cat-touslesfilms","13":"product_cat-numerique","14":"product_tag-alexandre","15":"product_tag-alexandre-le-fou","16":"product_tag-defi","17":"product_tag-folie","18":"product_tag-fou","19":"product_tag-guerison","20":"product_tag-parcours-initiatique","21":"product_tag-sante-mentale","22":"product_tag-schizophrene","23":"product_tag-schizophrenie","24":"product_shipping_class-livraison","26":"first","27":"instock","28":"taxable","29":"shipping-taxable","30":"purchasable","31":"product-type-variable","32":"has-default-attributes"},"acf":[],"yoast_head":"<!-- This site is optimized with the Yoast SEO plugin v27.0 - https:\/\/yoast.com\/product\/yoast-seo-wordpress\/ -->\n<title>Alexandre le fou - Documentaire - Maisonnette - \u00c9coutez maintenant<\/title>\n<meta name=\"description\" content=\"Dix ans apr\u00e8s qu\u2019une crise psychotique ait fait basculer son existence, Alexandre, schizophr\u00e8ne raffin\u00e9 et sensible, est \u00e0 la crois\u00e9e des chemins.\" \/>\n<meta name=\"robots\" content=\"noindex, follow, max-snippet:-1, max-image-preview:large, max-video-preview:-1\" \/>\n<meta property=\"og:locale\" content=\"fr_FR\" \/>\n<meta property=\"og:type\" content=\"article\" \/>\n<meta property=\"og:title\" content=\"Alexandre le fou\" \/>\n<meta property=\"og:description\" content=\"Dix ans apr\u00e8s qu\u2019une crise psychotique ait fait basculer son existence, Alexandre, schizophr\u00e8ne raffin\u00e9 et sensible, est \u00e0 la crois\u00e9e des chemins.\" \/>\n<meta property=\"og:url\" content=\"https:\/\/maison4tiers.com\/maisonnette\/product\/alexandre-le-fou\/\" \/>\n<meta property=\"og:site_name\" content=\"Maisonnette\" \/>\n<meta property=\"article:modified_time\" content=\"2024-04-30T16:38:00+00:00\" \/>\n<meta property=\"og:image\" content=\"https:\/\/maison4tiers.com\/maisonnette\/wp-content\/uploads\/sites\/77\/2019\/01\/Nouvelles-affiches-SITE-WEB-800-X-1200-2.jpg\" \/>\n\t<meta property=\"og:image:width\" content=\"800\" \/>\n\t<meta property=\"og:image:height\" content=\"1200\" \/>\n\t<meta property=\"og:image:type\" content=\"image\/jpeg\" \/>\n<meta name=\"twitter:card\" content=\"summary_large_image\" \/>\n<meta name=\"twitter:title\" content=\"Alexandre le fou\" \/>\n<meta name=\"twitter:description\" content=\"Dix ans apr\u00e8s qu\u2019une crise psychotique ait fait basculer son existence, Alexandre, schizophr\u00e8ne raffin\u00e9 et sensible, est \u00e0 la crois\u00e9e des chemins.\" \/>\n<meta name=\"twitter:image\" content=\"https:\/\/maison4tiers.com\/maisonnette\/wp-content\/uploads\/sites\/77\/2019\/01\/Nouvelles-affiches-SITE-WEB-800-X-1200-2.jpg\" \/>\n<script type=\"application\/ld+json\" class=\"yoast-schema-graph\">{\"@context\":\"https:\/\/schema.org\",\"@graph\":[{\"@type\":\"WebPage\",\"@id\":\"https:\/\/maison4tiers.com\/maisonnette\/product\/alexandre-le-fou\/\",\"url\":\"https:\/\/maison4tiers.com\/maisonnette\/product\/alexandre-le-fou\/\",\"name\":\"Alexandre le fou - Documentaire - Maisonnette - \u00c9coutez maintenant\",\"isPartOf\":{\"@id\":\"https:\/\/maison4tiers.com\/maisonnette\/#website\"},\"primaryImageOfPage\":{\"@id\":\"https:\/\/maison4tiers.com\/maisonnette\/product\/alexandre-le-fou\/#primaryimage\"},\"image\":{\"@id\":\"https:\/\/maison4tiers.com\/maisonnette\/product\/alexandre-le-fou\/#primaryimage\"},\"thumbnailUrl\":\"https:\/\/maison4tiers.com\/maisonnette\/wp-content\/uploads\/sites\/77\/2019\/01\/Nouvelles-affiches-SITE-WEB-800-X-1200-2.jpg\",\"datePublished\":\"2019-01-05T04:00:50+00:00\",\"dateModified\":\"2024-04-30T16:38:00+00:00\",\"description\":\"Dix ans apr\u00e8s qu\u2019une crise psychotique ait fait basculer son existence, Alexandre, schizophr\u00e8ne raffin\u00e9 et sensible, est \u00e0 la crois\u00e9e des chemins.\",\"breadcrumb\":{\"@id\":\"https:\/\/maison4tiers.com\/maisonnette\/product\/alexandre-le-fou\/#breadcrumb\"},\"inLanguage\":\"fr-FR\",\"potentialAction\":[{\"@type\":\"ReadAction\",\"target\":[\"https:\/\/maison4tiers.com\/maisonnette\/product\/alexandre-le-fou\/\"]}]},{\"@type\":\"ImageObject\",\"inLanguage\":\"fr-FR\",\"@id\":\"https:\/\/maison4tiers.com\/maisonnette\/product\/alexandre-le-fou\/#primaryimage\",\"url\":\"https:\/\/maison4tiers.com\/maisonnette\/wp-content\/uploads\/sites\/77\/2019\/01\/Nouvelles-affiches-SITE-WEB-800-X-1200-2.jpg\",\"contentUrl\":\"https:\/\/maison4tiers.com\/maisonnette\/wp-content\/uploads\/sites\/77\/2019\/01\/Nouvelles-affiches-SITE-WEB-800-X-1200-2.jpg\",\"width\":800,\"height\":1200,\"caption\":\"Alexandre le fou\"},{\"@type\":\"BreadcrumbList\",\"@id\":\"https:\/\/maison4tiers.com\/maisonnette\/product\/alexandre-le-fou\/#breadcrumb\",\"itemListElement\":[{\"@type\":\"ListItem\",\"position\":1,\"name\":\"Home\",\"item\":\"https:\/\/maison4tiers.com\/maisonnette\/\"},{\"@type\":\"ListItem\",\"position\":2,\"name\":\"Films\",\"item\":\"https:\/\/maison4tiers.com\/maisonnette\/?page_id=35\"},{\"@type\":\"ListItem\",\"position\":3,\"name\":\"Alexandre le fou\"}]},{\"@type\":\"WebSite\",\"@id\":\"https:\/\/maison4tiers.com\/maisonnette\/#website\",\"url\":\"https:\/\/maison4tiers.com\/maisonnette\/\",\"name\":\"Maisonnette\",\"description\":\"Distribution multiplateforme de films qu\u00e9b\u00e9cois et internationaux\",\"publisher\":{\"@id\":\"https:\/\/maison4tiers.com\/maisonnette\/#organization\"},\"potentialAction\":[{\"@type\":\"SearchAction\",\"target\":{\"@type\":\"EntryPoint\",\"urlTemplate\":\"https:\/\/maison4tiers.com\/maisonnette\/?s={search_term_string}\"},\"query-input\":{\"@type\":\"PropertyValueSpecification\",\"valueRequired\":true,\"valueName\":\"search_term_string\"}}],\"inLanguage\":\"fr-FR\"},{\"@type\":\"Organization\",\"@id\":\"https:\/\/maison4tiers.com\/maisonnette\/#organization\",\"name\":\"Maisonnette\",\"url\":\"https:\/\/maison4tiers.com\/maisonnette\/\",\"logo\":{\"@type\":\"ImageObject\",\"inLanguage\":\"fr-FR\",\"@id\":\"https:\/\/maison4tiers.com\/maisonnette\/#\/schema\/logo\/image\/\",\"url\":\"https:\/\/maison4tiers.com\/maisonnette\/wp-content\/uploads\/sites\/77\/2020\/11\/favicon-196.png\",\"contentUrl\":\"https:\/\/maison4tiers.com\/maisonnette\/wp-content\/uploads\/sites\/77\/2020\/11\/favicon-196.png\",\"width\":196,\"height\":196,\"caption\":\"Maisonnette\"},\"image\":{\"@id\":\"https:\/\/maison4tiers.com\/maisonnette\/#\/schema\/logo\/image\/\"}}]}<\/script>\n<!-- \/ Yoast SEO plugin. -->","yoast_head_json":{"title":"Alexandre le fou - Documentaire - Maisonnette - \u00c9coutez maintenant","description":"Dix ans apr\u00e8s qu\u2019une crise psychotique ait fait basculer son existence, Alexandre, schizophr\u00e8ne raffin\u00e9 et sensible, est \u00e0 la crois\u00e9e des chemins.","robots":{"index":"noindex","follow":"follow","max-snippet":"max-snippet:-1","max-image-preview":"max-image-preview:large","max-video-preview":"max-video-preview:-1"},"og_locale":"fr_FR","og_type":"article","og_title":"Alexandre le fou","og_description":"Dix ans apr\u00e8s qu\u2019une crise psychotique ait fait basculer son existence, Alexandre, schizophr\u00e8ne raffin\u00e9 et sensible, est \u00e0 la crois\u00e9e des chemins.","og_url":"https:\/\/maison4tiers.com\/maisonnette\/product\/alexandre-le-fou\/","og_site_name":"Maisonnette","article_modified_time":"2024-04-30T16:38:00+00:00","og_image":[{"width":800,"height":1200,"url":"https:\/\/maison4tiers.com\/maisonnette\/wp-content\/uploads\/sites\/77\/2019\/01\/Nouvelles-affiches-SITE-WEB-800-X-1200-2.jpg","type":"image\/jpeg"}],"twitter_card":"summary_large_image","twitter_title":"Alexandre le fou","twitter_description":"Dix ans apr\u00e8s qu\u2019une crise psychotique ait fait basculer son existence, Alexandre, schizophr\u00e8ne raffin\u00e9 et sensible, est \u00e0 la crois\u00e9e des chemins.","twitter_image":"https:\/\/maison4tiers.com\/maisonnette\/wp-content\/uploads\/sites\/77\/2019\/01\/Nouvelles-affiches-SITE-WEB-800-X-1200-2.jpg","schema":{"@context":"https:\/\/schema.org","@graph":[{"@type":"WebPage","@id":"https:\/\/maison4tiers.com\/maisonnette\/product\/alexandre-le-fou\/","url":"https:\/\/maison4tiers.com\/maisonnette\/product\/alexandre-le-fou\/","name":"Alexandre le fou - Documentaire - Maisonnette - \u00c9coutez maintenant","isPartOf":{"@id":"https:\/\/maison4tiers.com\/maisonnette\/#website"},"primaryImageOfPage":{"@id":"https:\/\/maison4tiers.com\/maisonnette\/product\/alexandre-le-fou\/#primaryimage"},"image":{"@id":"https:\/\/maison4tiers.com\/maisonnette\/product\/alexandre-le-fou\/#primaryimage"},"thumbnailUrl":"https:\/\/maison4tiers.com\/maisonnette\/wp-content\/uploads\/sites\/77\/2019\/01\/Nouvelles-affiches-SITE-WEB-800-X-1200-2.jpg","datePublished":"2019-01-05T04:00:50+00:00","dateModified":"2024-04-30T16:38:00+00:00","description":"Dix ans apr\u00e8s qu\u2019une crise psychotique ait fait basculer son existence, Alexandre, schizophr\u00e8ne raffin\u00e9 et sensible, est \u00e0 la crois\u00e9e des chemins.","breadcrumb":{"@id":"https:\/\/maison4tiers.com\/maisonnette\/product\/alexandre-le-fou\/#breadcrumb"},"inLanguage":"fr-FR","potentialAction":[{"@type":"ReadAction","target":["https:\/\/maison4tiers.com\/maisonnette\/product\/alexandre-le-fou\/"]}]},{"@type":"ImageObject","inLanguage":"fr-FR","@id":"https:\/\/maison4tiers.com\/maisonnette\/product\/alexandre-le-fou\/#primaryimage","url":"https:\/\/maison4tiers.com\/maisonnette\/wp-content\/uploads\/sites\/77\/2019\/01\/Nouvelles-affiches-SITE-WEB-800-X-1200-2.jpg","contentUrl":"https:\/\/maison4tiers.com\/maisonnette\/wp-content\/uploads\/sites\/77\/2019\/01\/Nouvelles-affiches-SITE-WEB-800-X-1200-2.jpg","width":800,"height":1200,"caption":"Alexandre le fou"},{"@type":"BreadcrumbList","@id":"https:\/\/maison4tiers.com\/maisonnette\/product\/alexandre-le-fou\/#breadcrumb","itemListElement":[{"@type":"ListItem","position":1,"name":"Home","item":"https:\/\/maison4tiers.com\/maisonnette\/"},{"@type":"ListItem","position":2,"name":"Films","item":"https:\/\/maison4tiers.com\/maisonnette\/?page_id=35"},{"@type":"ListItem","position":3,"name":"Alexandre le fou"}]},{"@type":"WebSite","@id":"https:\/\/maison4tiers.com\/maisonnette\/#website","url":"https:\/\/maison4tiers.com\/maisonnette\/","name":"Maisonnette","description":"Distribution multiplateforme de films qu\u00e9b\u00e9cois et internationaux","publisher":{"@id":"https:\/\/maison4tiers.com\/maisonnette\/#organization"},"potentialAction":[{"@type":"SearchAction","target":{"@type":"EntryPoint","urlTemplate":"https:\/\/maison4tiers.com\/maisonnette\/?s={search_term_string}"},"query-input":{"@type":"PropertyValueSpecification","valueRequired":true,"valueName":"search_term_string"}}],"inLanguage":"fr-FR"},{"@type":"Organization","@id":"https:\/\/maison4tiers.com\/maisonnette\/#organization","name":"Maisonnette","url":"https:\/\/maison4tiers.com\/maisonnette\/","logo":{"@type":"ImageObject","inLanguage":"fr-FR","@id":"https:\/\/maison4tiers.com\/maisonnette\/#\/schema\/logo\/image\/","url":"https:\/\/maison4tiers.com\/maisonnette\/wp-content\/uploads\/sites\/77\/2020\/11\/favicon-196.png","contentUrl":"https:\/\/maison4tiers.com\/maisonnette\/wp-content\/uploads\/sites\/77\/2020\/11\/favicon-196.png","width":196,"height":196,"caption":"Maisonnette"},"image":{"@id":"https:\/\/maison4tiers.com\/maisonnette\/#\/schema\/logo\/image\/"}}]}},"jetpack_sharing_enabled":true,"_links":{"self":[{"href":"https:\/\/maison4tiers.com\/maisonnette\/wp-json\/wp\/v2\/product\/4350","targetHints":{"allow":["GET"]}}],"collection":[{"href":"https:\/\/maison4tiers.com\/maisonnette\/wp-json\/wp\/v2\/product"}],"about":[{"href":"https:\/\/maison4tiers.com\/maisonnette\/wp-json\/wp\/v2\/types\/product"}],"wp:featuredmedia":[{"embeddable":true,"href":"https:\/\/maison4tiers.com\/maisonnette\/wp-json\/wp\/v2\/media\/7468"}],"wp:attachment":[{"href":"https:\/\/maison4tiers.com\/maisonnette\/wp-json\/wp\/v2\/media?parent=4350"}],"wp:term":[{"taxonomy":"product_brand","embeddable":true,"href":"https:\/\/maison4tiers.com\/maisonnette\/wp-json\/wp\/v2\/product_brand?post=4350"},{"taxonomy":"product_cat","embeddable":true,"href":"https:\/\/maison4tiers.com\/maisonnette\/wp-json\/wp\/v2\/product_cat?post=4350"},{"taxonomy":"product_tag","embeddable":true,"href":"https:\/\/maison4tiers.com\/maisonnette\/wp-json\/wp\/v2\/product_tag?post=4350"}],"curies":[{"name":"wp","href":"https:\/\/api.w.org\/{rel}","templated":true}]}}