{"id":24599,"date":"2024-10-07T10:28:53","date_gmt":"2024-10-07T14:28:53","guid":{"rendered":"https:\/\/maison4tiers.com\/?post_type=product&#038;p=24599"},"modified":"2024-10-14T21:17:55","modified_gmt":"2024-10-15T01:17:55","slug":"jour-de-chasse","status":"publish","type":"product","link":"https:\/\/maison4tiers.com\/maisonnette\/product\/jour-de-chasse\/","title":{"rendered":"JOUR DE CHASSE"},"excerpt":{"rendered":"<p>Nina, une jeune femme au caract\u00e8re impr\u00e9visible, est recueillie par une bande de chasseurs dans un chalet \u00e9loign\u00e9.<\/p>\n<p>Au sein de cette microsoci\u00e9t\u00e9 masculine cinglante et attachante, elle sent qu\u2019elle fait enfin partie d\u2019une meute.<br \/>\nCet \u00e9quilibre fragile est bouscul\u00e9 lorsqu\u2019un myst\u00e9rieux \u00e9tranger se joint \u00e0 son tour au groupe.<br \/>\n\u00c0 la fois cru et onirique, Jour de chasse propose un univers singulier qui entrem\u00eale myst\u00e8re, tension, humour noir<br \/>\net une touche d\u2019horreur.<\/p>\n<p>&nbsp;<\/p>\n<p><a href=\"https:\/\/maison4tiers.com\/categorie-produit\/film\/fiction\/\" target=\"_blank\" rel=\"noopener\"><span style=\"text-decoration: underline;\">Voir les autres films de FICTION<\/span><\/a><\/p>\n<p>*Disponible au Canada seulement<\/p>\n","protected":false},"featured_media":24697,"template":"","meta":{"_acf_changed":false,"_eb_attr":""},"product_brand":[],"product_cat":[105,120,45,119,136,131,142],"product_tag":[1147,1148,1152,276,536,1150,1151,1149],"class_list":{"0":"post-24599","1":"product","2":"type-product","3":"status-publish","4":"has-post-thumbnail","6":"product_cat-drame","7":"product_cat-fiction","8":"product_cat-film","9":"product_cat-quebecois","10":"product_cat-dvd","11":"product_cat-touslesfilms","12":"product_cat-numerique","13":"product_tag-jour-de-chasse","14":"product_tag-annick-blanc","15":"product_tag-comedie-noire","16":"product_tag-drame","17":"product_tag-fiction","18":"product_tag-frederic-millaire-zouvi","19":"product_tag-horreur-psychologique","20":"product_tag-nahema-ricci-bruno-marcil","22":"first","23":"instock","24":"taxable","25":"shipping-taxable","26":"purchasable","27":"product-type-variable","28":"has-default-attributes"},"acf":[],"yoast_head":"<!-- This site is optimized with the Yoast SEO plugin v27.0 - https:\/\/yoast.com\/product\/yoast-seo-wordpress\/ -->\n<title>JOUR DE CHASSE - Maisonnette - Voir le film d&#039;Annick Blanc d\u00e8s maintenant!<\/title>\n<meta name=\"description\" content=\"Jour de Chasse - Nina, est recueillie par une bande de chasseurs dans un chalet \u00e9loign\u00e9. Elle sent qu\u2019elle fait enfin partie d\u2019une meute.\" \/>\n<meta name=\"robots\" content=\"noindex, follow, max-snippet:-1, max-image-preview:large, max-video-preview:-1\" \/>\n<meta property=\"og:locale\" content=\"fr_FR\" \/>\n<meta property=\"og:type\" content=\"article\" \/>\n<meta property=\"og:title\" content=\"Jour de Chasse\" \/>\n<meta property=\"og:description\" content=\"Nina, une jeune femme au caract\u00e8re impr\u00e9visible, est recueillie par une bande de chasseurs dans un chalet \u00e9loign\u00e9. Au sein de cette microsoci\u00e9t\u00e9 masculine cinglante et attachante, elle sent qu\u2019elle fait enfin partie d\u2019une meute. Cet \u00e9quilibre fragile est bouscul\u00e9 lorsqu\u2019un myst\u00e9rieux \u00e9tranger se joint \u00e0 son tour au groupe. \u00c0 la fois cru et onirique, Jour de chasse propose un univers singulier qui entrem\u00eale myst\u00e8re, tension, humour noir et une touche d\u2019horreur.\" \/>\n<meta property=\"og:url\" content=\"https:\/\/maison4tiers.com\/maisonnette\/product\/jour-de-chasse\/\" \/>\n<meta property=\"og:site_name\" content=\"Maisonnette\" \/>\n<meta property=\"article:modified_time\" content=\"2024-10-15T01:17:55+00:00\" \/>\n<meta property=\"og:image\" content=\"https:\/\/maison4tiers.com\/maisonnette\/wp-content\/uploads\/sites\/77\/2024\/10\/JDC_affiche_WEB_LR-scaled.jpg\" \/>\n\t<meta property=\"og:image:width\" content=\"1772\" \/>\n\t<meta property=\"og:image:height\" content=\"2560\" \/>\n\t<meta property=\"og:image:type\" content=\"image\/jpeg\" \/>\n<meta name=\"twitter:card\" content=\"summary_large_image\" \/>\n<meta name=\"twitter:title\" content=\"Jour de Chasse\" \/>\n<meta name=\"twitter:description\" content=\"Nina, une jeune femme au caract\u00e8re impr\u00e9visible, est recueillie par une bande de chasseurs dans un chalet \u00e9loign\u00e9. Au sein de cette microsoci\u00e9t\u00e9 masculine cinglante et attachante, elle sent qu\u2019elle fait enfin partie d\u2019une meute. Cet \u00e9quilibre fragile est bouscul\u00e9 lorsqu\u2019un myst\u00e9rieux \u00e9tranger se joint \u00e0 son tour au groupe. \u00c0 la fois cru et onirique, Jour de chasse propose un univers singulier qui entrem\u00eale myst\u00e8re, tension, humour noir et une touche d\u2019horreur.\" \/>\n<meta name=\"twitter:image\" content=\"https:\/\/maison4tiers.com\/maisonnette\/wp-content\/uploads\/sites\/77\/2024\/10\/JDC_affiche_WEB_LR-scaled.jpg\" \/>\n<meta name=\"twitter:label1\" content=\"Dur\u00e9e de lecture estim\u00e9e\" \/>\n\t<meta name=\"twitter:data1\" content=\"1 minute\" \/>\n<script type=\"application\/ld+json\" class=\"yoast-schema-graph\">{\"@context\":\"https:\/\/schema.org\",\"@graph\":[{\"@type\":\"WebPage\",\"@id\":\"https:\/\/maison4tiers.com\/maisonnette\/product\/jour-de-chasse\/\",\"url\":\"https:\/\/maison4tiers.com\/maisonnette\/product\/jour-de-chasse\/\",\"name\":\"JOUR DE CHASSE - Maisonnette - Voir le film d'Annick Blanc d\u00e8s maintenant!\",\"isPartOf\":{\"@id\":\"https:\/\/maison4tiers.com\/maisonnette\/#website\"},\"primaryImageOfPage\":{\"@id\":\"https:\/\/maison4tiers.com\/maisonnette\/product\/jour-de-chasse\/#primaryimage\"},\"image\":{\"@id\":\"https:\/\/maison4tiers.com\/maisonnette\/product\/jour-de-chasse\/#primaryimage\"},\"thumbnailUrl\":\"https:\/\/maison4tiers.com\/maisonnette\/wp-content\/uploads\/sites\/77\/2024\/10\/JDC_affiche_WEB_LR-scaled.jpg\",\"datePublished\":\"2024-10-07T14:28:53+00:00\",\"dateModified\":\"2024-10-15T01:17:55+00:00\",\"description\":\"Jour de Chasse - Nina, est recueillie par une bande de chasseurs dans un chalet \u00e9loign\u00e9. Elle sent qu\u2019elle fait enfin partie d\u2019une meute.\",\"breadcrumb\":{\"@id\":\"https:\/\/maison4tiers.com\/maisonnette\/product\/jour-de-chasse\/#breadcrumb\"},\"inLanguage\":\"fr-FR\",\"potentialAction\":[{\"@type\":\"ReadAction\",\"target\":[\"https:\/\/maison4tiers.com\/maisonnette\/product\/jour-de-chasse\/\"]}]},{\"@type\":\"ImageObject\",\"inLanguage\":\"fr-FR\",\"@id\":\"https:\/\/maison4tiers.com\/maisonnette\/product\/jour-de-chasse\/#primaryimage\",\"url\":\"https:\/\/maison4tiers.com\/maisonnette\/wp-content\/uploads\/sites\/77\/2024\/10\/JDC_affiche_WEB_LR-scaled.jpg\",\"contentUrl\":\"https:\/\/maison4tiers.com\/maisonnette\/wp-content\/uploads\/sites\/77\/2024\/10\/JDC_affiche_WEB_LR-scaled.jpg\",\"width\":1772,\"height\":2560},{\"@type\":\"BreadcrumbList\",\"@id\":\"https:\/\/maison4tiers.com\/maisonnette\/product\/jour-de-chasse\/#breadcrumb\",\"itemListElement\":[{\"@type\":\"ListItem\",\"position\":1,\"name\":\"Home\",\"item\":\"https:\/\/maison4tiers.com\/maisonnette\/\"},{\"@type\":\"ListItem\",\"position\":2,\"name\":\"Films\",\"item\":\"https:\/\/maison4tiers.com\/maisonnette\/?page_id=35\"},{\"@type\":\"ListItem\",\"position\":3,\"name\":\"JOUR DE CHASSE\"}]},{\"@type\":\"WebSite\",\"@id\":\"https:\/\/maison4tiers.com\/maisonnette\/#website\",\"url\":\"https:\/\/maison4tiers.com\/maisonnette\/\",\"name\":\"Maisonnette\",\"description\":\"Distribution multiplateforme de films qu\u00e9b\u00e9cois et internationaux\",\"publisher\":{\"@id\":\"https:\/\/maison4tiers.com\/maisonnette\/#organization\"},\"potentialAction\":[{\"@type\":\"SearchAction\",\"target\":{\"@type\":\"EntryPoint\",\"urlTemplate\":\"https:\/\/maison4tiers.com\/maisonnette\/?s={search_term_string}\"},\"query-input\":{\"@type\":\"PropertyValueSpecification\",\"valueRequired\":true,\"valueName\":\"search_term_string\"}}],\"inLanguage\":\"fr-FR\"},{\"@type\":\"Organization\",\"@id\":\"https:\/\/maison4tiers.com\/maisonnette\/#organization\",\"name\":\"Maisonnette\",\"url\":\"https:\/\/maison4tiers.com\/maisonnette\/\",\"logo\":{\"@type\":\"ImageObject\",\"inLanguage\":\"fr-FR\",\"@id\":\"https:\/\/maison4tiers.com\/maisonnette\/#\/schema\/logo\/image\/\",\"url\":\"https:\/\/maison4tiers.com\/maisonnette\/wp-content\/uploads\/sites\/77\/2020\/11\/favicon-196.png\",\"contentUrl\":\"https:\/\/maison4tiers.com\/maisonnette\/wp-content\/uploads\/sites\/77\/2020\/11\/favicon-196.png\",\"width\":196,\"height\":196,\"caption\":\"Maisonnette\"},\"image\":{\"@id\":\"https:\/\/maison4tiers.com\/maisonnette\/#\/schema\/logo\/image\/\"}}]}<\/script>\n<!-- \/ Yoast SEO plugin. -->","yoast_head_json":{"title":"JOUR DE CHASSE - Maisonnette - Voir le film d'Annick Blanc d\u00e8s maintenant!","description":"Jour de Chasse - Nina, est recueillie par une bande de chasseurs dans un chalet \u00e9loign\u00e9. Elle sent qu\u2019elle fait enfin partie d\u2019une meute.","robots":{"index":"noindex","follow":"follow","max-snippet":"max-snippet:-1","max-image-preview":"max-image-preview:large","max-video-preview":"max-video-preview:-1"},"og_locale":"fr_FR","og_type":"article","og_title":"Jour de Chasse","og_description":"Nina, une jeune femme au caract\u00e8re impr\u00e9visible, est recueillie par une bande de chasseurs dans un chalet \u00e9loign\u00e9. Au sein de cette microsoci\u00e9t\u00e9 masculine cinglante et attachante, elle sent qu\u2019elle fait enfin partie d\u2019une meute. Cet \u00e9quilibre fragile est bouscul\u00e9 lorsqu\u2019un myst\u00e9rieux \u00e9tranger se joint \u00e0 son tour au groupe. \u00c0 la fois cru et onirique, Jour de chasse propose un univers singulier qui entrem\u00eale myst\u00e8re, tension, humour noir et une touche d\u2019horreur.","og_url":"https:\/\/maison4tiers.com\/maisonnette\/product\/jour-de-chasse\/","og_site_name":"Maisonnette","article_modified_time":"2024-10-15T01:17:55+00:00","og_image":[{"width":1772,"height":2560,"url":"https:\/\/maison4tiers.com\/maisonnette\/wp-content\/uploads\/sites\/77\/2024\/10\/JDC_affiche_WEB_LR-scaled.jpg","type":"image\/jpeg"}],"twitter_card":"summary_large_image","twitter_title":"Jour de Chasse","twitter_description":"Nina, une jeune femme au caract\u00e8re impr\u00e9visible, est recueillie par une bande de chasseurs dans un chalet \u00e9loign\u00e9. Au sein de cette microsoci\u00e9t\u00e9 masculine cinglante et attachante, elle sent qu\u2019elle fait enfin partie d\u2019une meute. Cet \u00e9quilibre fragile est bouscul\u00e9 lorsqu\u2019un myst\u00e9rieux \u00e9tranger se joint \u00e0 son tour au groupe. \u00c0 la fois cru et onirique, Jour de chasse propose un univers singulier qui entrem\u00eale myst\u00e8re, tension, humour noir et une touche d\u2019horreur.","twitter_image":"https:\/\/maison4tiers.com\/maisonnette\/wp-content\/uploads\/sites\/77\/2024\/10\/JDC_affiche_WEB_LR-scaled.jpg","twitter_misc":{"Dur\u00e9e de lecture estim\u00e9e":"1 minute"},"schema":{"@context":"https:\/\/schema.org","@graph":[{"@type":"WebPage","@id":"https:\/\/maison4tiers.com\/maisonnette\/product\/jour-de-chasse\/","url":"https:\/\/maison4tiers.com\/maisonnette\/product\/jour-de-chasse\/","name":"JOUR DE CHASSE - Maisonnette - Voir le film d'Annick Blanc d\u00e8s maintenant!","isPartOf":{"@id":"https:\/\/maison4tiers.com\/maisonnette\/#website"},"primaryImageOfPage":{"@id":"https:\/\/maison4tiers.com\/maisonnette\/product\/jour-de-chasse\/#primaryimage"},"image":{"@id":"https:\/\/maison4tiers.com\/maisonnette\/product\/jour-de-chasse\/#primaryimage"},"thumbnailUrl":"https:\/\/maison4tiers.com\/maisonnette\/wp-content\/uploads\/sites\/77\/2024\/10\/JDC_affiche_WEB_LR-scaled.jpg","datePublished":"2024-10-07T14:28:53+00:00","dateModified":"2024-10-15T01:17:55+00:00","description":"Jour de Chasse - Nina, est recueillie par une bande de chasseurs dans un chalet \u00e9loign\u00e9. Elle sent qu\u2019elle fait enfin partie d\u2019une meute.","breadcrumb":{"@id":"https:\/\/maison4tiers.com\/maisonnette\/product\/jour-de-chasse\/#breadcrumb"},"inLanguage":"fr-FR","potentialAction":[{"@type":"ReadAction","target":["https:\/\/maison4tiers.com\/maisonnette\/product\/jour-de-chasse\/"]}]},{"@type":"ImageObject","inLanguage":"fr-FR","@id":"https:\/\/maison4tiers.com\/maisonnette\/product\/jour-de-chasse\/#primaryimage","url":"https:\/\/maison4tiers.com\/maisonnette\/wp-content\/uploads\/sites\/77\/2024\/10\/JDC_affiche_WEB_LR-scaled.jpg","contentUrl":"https:\/\/maison4tiers.com\/maisonnette\/wp-content\/uploads\/sites\/77\/2024\/10\/JDC_affiche_WEB_LR-scaled.jpg","width":1772,"height":2560},{"@type":"BreadcrumbList","@id":"https:\/\/maison4tiers.com\/maisonnette\/product\/jour-de-chasse\/#breadcrumb","itemListElement":[{"@type":"ListItem","position":1,"name":"Home","item":"https:\/\/maison4tiers.com\/maisonnette\/"},{"@type":"ListItem","position":2,"name":"Films","item":"https:\/\/maison4tiers.com\/maisonnette\/?page_id=35"},{"@type":"ListItem","position":3,"name":"JOUR DE CHASSE"}]},{"@type":"WebSite","@id":"https:\/\/maison4tiers.com\/maisonnette\/#website","url":"https:\/\/maison4tiers.com\/maisonnette\/","name":"Maisonnette","description":"Distribution multiplateforme de films qu\u00e9b\u00e9cois et internationaux","publisher":{"@id":"https:\/\/maison4tiers.com\/maisonnette\/#organization"},"potentialAction":[{"@type":"SearchAction","target":{"@type":"EntryPoint","urlTemplate":"https:\/\/maison4tiers.com\/maisonnette\/?s={search_term_string}"},"query-input":{"@type":"PropertyValueSpecification","valueRequired":true,"valueName":"search_term_string"}}],"inLanguage":"fr-FR"},{"@type":"Organization","@id":"https:\/\/maison4tiers.com\/maisonnette\/#organization","name":"Maisonnette","url":"https:\/\/maison4tiers.com\/maisonnette\/","logo":{"@type":"ImageObject","inLanguage":"fr-FR","@id":"https:\/\/maison4tiers.com\/maisonnette\/#\/schema\/logo\/image\/","url":"https:\/\/maison4tiers.com\/maisonnette\/wp-content\/uploads\/sites\/77\/2020\/11\/favicon-196.png","contentUrl":"https:\/\/maison4tiers.com\/maisonnette\/wp-content\/uploads\/sites\/77\/2020\/11\/favicon-196.png","width":196,"height":196,"caption":"Maisonnette"},"image":{"@id":"https:\/\/maison4tiers.com\/maisonnette\/#\/schema\/logo\/image\/"}}]}},"jetpack_sharing_enabled":true,"_links":{"self":[{"href":"https:\/\/maison4tiers.com\/maisonnette\/wp-json\/wp\/v2\/product\/24599","targetHints":{"allow":["GET"]}}],"collection":[{"href":"https:\/\/maison4tiers.com\/maisonnette\/wp-json\/wp\/v2\/product"}],"about":[{"href":"https:\/\/maison4tiers.com\/maisonnette\/wp-json\/wp\/v2\/types\/product"}],"wp:featuredmedia":[{"embeddable":true,"href":"https:\/\/maison4tiers.com\/maisonnette\/wp-json\/wp\/v2\/media\/24697"}],"wp:attachment":[{"href":"https:\/\/maison4tiers.com\/maisonnette\/wp-json\/wp\/v2\/media?parent=24599"}],"wp:term":[{"taxonomy":"product_brand","embeddable":true,"href":"https:\/\/maison4tiers.com\/maisonnette\/wp-json\/wp\/v2\/product_brand?post=24599"},{"taxonomy":"product_cat","embeddable":true,"href":"https:\/\/maison4tiers.com\/maisonnette\/wp-json\/wp\/v2\/product_cat?post=24599"},{"taxonomy":"product_tag","embeddable":true,"href":"https:\/\/maison4tiers.com\/maisonnette\/wp-json\/wp\/v2\/product_tag?post=24599"}],"curies":[{"name":"wp","href":"https:\/\/api.w.org\/{rel}","templated":true}]}}