{"id":19919,"date":"2023-12-18T14:10:48","date_gmt":"2023-12-18T18:10:48","guid":{"rendered":"https:\/\/maison4tiers.com\/?post_type=product&#038;p=19919"},"modified":"2024-10-12T09:17:15","modified_gmt":"2024-10-12T13:17:15","slug":"la-legende-du-papillon","status":"publish","type":"product","link":"https:\/\/maison4tiers.com\/maisonnette\/product\/la-legende-du-papillon\/","title":{"rendered":"La L\u00e9gende du Papillon"},"excerpt":{"rendered":"<h4><strong>MAINTENANT DISPONIBLE EN DVD ET VID\u00c9O SUR DEMANDE!<\/strong><\/h4>\n<p>La L\u00e9gende du papillon est un film d\u2019animation pour toute la famille, un grand parcours initiatique le long de la fabuleuse migration des papillons monarques. C\u2019est l\u2019histoire de Patrick un courageux et adorable papillon qui, m\u00eame s\u2019il ne peut pas voler \u00e0 cause d\u2019une aile plus petite, veut \u00e0 tout prix faire ce voyage. C\u2019est aussi celle de Genevi\u00e8ve qui lutte contre sa peur panique des hauteurs et de Martin, la chenille la plus dr\u00f4le \u00e0 la ronde qui veut devenir un papillon comme les autres! Durant leur p\u00e9riple, Patrick, Genevi\u00e8ve et Martin deviendront des h\u00e9ros apr\u00e8s avoir vaincu leurs peurs, accept\u00e9 leur diff\u00e9rence et triomph\u00e9 des pr\u00e9dateurs naturels (souris, oiseaux affam\u00e9s&#8230;) et des p\u00e9rils environnementaux (tornades, constructions humaines sauvages&#8230;) La L\u00e9gende du papillon est une aventure racont\u00e9e avec humour, une grande qu\u00eate d\u2019autonomie et de r\u00e9alisation de soi.<\/p>\n<blockquote><p><em>\u00ab Tout premier film d\u2019animation mettant en vedette des papillons et, de surcro\u00eet, enti\u00e8rement fait chez nous, La l\u00e9gende du papillon est assur\u00e9 de plaire aux enfants. \u00bb<br \/>\n<\/em><a href=\"https:\/\/www.journaldemontreal.com\/2023\/10\/12\/la-legende-du-papillon-un-film-danimation-inspirant\" target=\"_blank\" rel=\"noopener\">\u2605\u2605\u2605\u00bd<strong> \u2013 LE JOURNAL DE MONTR\u00c9AL<\/strong><\/a><\/p>\n<p><em>\u00ab LA L\u00c9GENDE DU PAPILLON met en vedette une distribution imposante! \u00bb<\/em><br \/>\n<a href=\"https:\/\/ctvm.info\/la-legende-du-papillon-le-nouveau-film-danimation-pour-toute-la-famille-des-producteurs-de-la-guerre-des-tuques\/\" target=\"_blank\" rel=\"noopener\"><strong>\u2013 CTVM<\/strong><\/a><\/p><\/blockquote>\n<p>&nbsp;<\/p>\n<p><a href=\"https:\/\/maison4tiers.com\/categorie-produit\/film\/animation\/?_ga=2.191136867.834541242.1703108696-2119137250.1661195295\" target=\"_blank\" rel=\"noopener\"><span style=\"text-decoration: underline;\">Voir les autres films D&rsquo;ANIMATION<\/span><\/a><\/p>\n<p>*Disponible au Canada seulement<\/p>\n","protected":false},"featured_media":19936,"template":"","meta":{"_acf_changed":false,"_eb_attr":""},"product_brand":[],"product_cat":[113,107,118,123,120,45,119,136,131,142],"product_tag":[1031,388,1041,380,1035,1034,1039,1040,1036,1037,1032,1038,1033,189,295,368],"class_list":{"0":"post-19919","1":"product","2":"type-product","3":"status-publish","4":"has-post-thumbnail","6":"product_cat-animation","7":"product_cat-comedie","8":"product_cat-environnement","9":"product_cat-famille","10":"product_cat-fiction","11":"product_cat-film","12":"product_cat-quebecois","13":"product_cat-dvd","14":"product_cat-touslesfilms","15":"product_cat-numerique","16":"product_tag-la-legende-du-papillon","17":"product_tag-animation","18":"product_tag-animation3d-cg-narrative-narrative-animation","19":"product_tag-aventure","20":"product_tag-cinema","21":"product_tag-film","22":"product_tag-insecte","23":"product_tag-insectes","24":"product_tag-migration","25":"product_tag-monarques","26":"product_tag-papillon","27":"product_tag-papillons-monarques","28":"product_tag-patrick","29":"product_tag-quebec","30":"product_tag-quebecois","31":"product_tag-voyage","33":"first","34":"instock","35":"taxable","36":"shipping-taxable","37":"purchasable","38":"product-type-variable","39":"has-default-attributes"},"acf":[],"yoast_head":"<!-- This site is optimized with the Yoast SEO plugin v27.0 - https:\/\/yoast.com\/product\/yoast-seo-wordpress\/ -->\n<title>La L\u00e9gende du Papillon - Maisonnette - Film Qu\u00e9b\u00e9cois - Regardez d\u00e8s maintenant!<\/title>\n<meta name=\"description\" content=\"La L\u00e9gende du papillon - Un film d\u2019animation pour toute la famille, une aventure racont\u00e9e avec humour, une qu\u00eate d\u2019autonomie et de r\u00e9alisation de soi.\" \/>\n<meta name=\"robots\" content=\"noindex, follow, max-snippet:-1, max-image-preview:large, max-video-preview:-1\" \/>\n<meta property=\"og:locale\" content=\"fr_FR\" \/>\n<meta property=\"og:type\" content=\"article\" \/>\n<meta property=\"og:title\" content=\"La L\u00e9gende du Papillon\" \/>\n<meta property=\"og:description\" content=\"La L\u00e9gende du papillon est un film d\u2019animation pour toute la famille, un grand parcours initiatique le long de la fabuleuse migration des papillons monarques. C\u2019est l\u2019histoire de Patrick un courageux et adorable papillon qui, m\u00eame s\u2019il ne peut pas voler \u00e0 cause d\u2019une aile plus petite, veut \u00e0 tout prix faire ce voyage. C\u2019est aussi celle de Genevi\u00e8ve qui lutte contre sa peur panique des hauteurs et de Martin, la chenille la plus dr\u00f4le \u00e0 la ronde qui veut devenir un papillon comme les autres! Durant leur p\u00e9riple, Patrick, Genevi\u00e8ve et Martin deviendront des h\u00e9ros apr\u00e8s avoir vaincu leurs peurs, accept\u00e9 leur diff\u00e9rence et triomph\u00e9 des pr\u00e9dateurs naturels (souris,oiseaux affam\u00e9s...) et des p\u00e9rils environnementaux (tornades, constructions humaines sauvages...) La L\u00e9gende du papillon est une aventure racont\u00e9e avec humour, une grande qu\u00eate d\u2019autonomie et de r\u00e9alisation de soi.\" \/>\n<meta property=\"og:url\" content=\"https:\/\/maison4tiers.com\/maisonnette\/product\/la-legende-du-papillon\/\" \/>\n<meta property=\"og:site_name\" content=\"Maisonnette\" \/>\n<meta property=\"article:modified_time\" content=\"2024-10-12T13:17:15+00:00\" \/>\n<meta property=\"og:image\" content=\"https:\/\/maison4tiers.com\/maisonnette\/wp-content\/uploads\/sites\/77\/2023\/12\/Papillon_FORET_affiche_WEB_HR-scaled.jpg\" \/>\n\t<meta property=\"og:image:width\" content=\"1772\" \/>\n\t<meta property=\"og:image:height\" content=\"2560\" \/>\n\t<meta property=\"og:image:type\" content=\"image\/jpeg\" \/>\n<meta name=\"twitter:card\" content=\"summary_large_image\" \/>\n<meta name=\"twitter:title\" content=\"La L\u00e9gende du Papillon\" \/>\n<meta name=\"twitter:description\" content=\"La L\u00e9gende du papillon est un film d\u2019animation pour toute la famille, un grand parcours initiatique le long de la fabuleuse migration des papillons monarques. C\u2019est l\u2019histoire de Patrick un courageux et adorable papillon qui, m\u00eame s\u2019il ne peut pas voler \u00e0 cause d\u2019une aile plus petite, veut \u00e0 tout prix faire ce voyage. C\u2019est aussi celle de Genevi\u00e8ve qui lutte contre sa peur panique des hauteurs et de Martin, la chenille la plus dr\u00f4le \u00e0 la ronde qui veut devenir un papillon comme les autres! Durant leur p\u00e9riple, Patrick, Genevi\u00e8ve et Martin deviendront des h\u00e9ros apr\u00e8s avoir vaincu leurs peurs, accept\u00e9 leur diff\u00e9rence et triomph\u00e9 des pr\u00e9dateurs naturels (souris,oiseaux affam\u00e9s...) et des p\u00e9rils environnementaux (tornades, constructions humaines sauvages...) La L\u00e9gende du papillon est une aventure racont\u00e9e avec humour, une grande qu\u00eate d\u2019autonomie et de r\u00e9alisation de soi.\" \/>\n<meta name=\"twitter:image\" content=\"https:\/\/maison4tiers.com\/maisonnette\/wp-content\/uploads\/sites\/77\/2023\/12\/Papillon_FORET_affiche_WEB_HR-scaled.jpg\" \/>\n<meta name=\"twitter:label1\" content=\"Dur\u00e9e de lecture estim\u00e9e\" \/>\n\t<meta name=\"twitter:data1\" content=\"1 minute\" \/>\n<script type=\"application\/ld+json\" class=\"yoast-schema-graph\">{\"@context\":\"https:\/\/schema.org\",\"@graph\":[{\"@type\":\"WebPage\",\"@id\":\"https:\/\/maison4tiers.com\/maisonnette\/product\/la-legende-du-papillon\/\",\"url\":\"https:\/\/maison4tiers.com\/maisonnette\/product\/la-legende-du-papillon\/\",\"name\":\"La L\u00e9gende du Papillon - Maisonnette - Film Qu\u00e9b\u00e9cois - Regardez d\u00e8s maintenant!\",\"isPartOf\":{\"@id\":\"https:\/\/maison4tiers.com\/maisonnette\/#website\"},\"primaryImageOfPage\":{\"@id\":\"https:\/\/maison4tiers.com\/maisonnette\/product\/la-legende-du-papillon\/#primaryimage\"},\"image\":{\"@id\":\"https:\/\/maison4tiers.com\/maisonnette\/product\/la-legende-du-papillon\/#primaryimage\"},\"thumbnailUrl\":\"https:\/\/maison4tiers.com\/maisonnette\/wp-content\/uploads\/sites\/77\/2023\/12\/Papillon_FORET_affiche_WEB_HR-scaled.jpg\",\"datePublished\":\"2023-12-18T18:10:48+00:00\",\"dateModified\":\"2024-10-12T13:17:15+00:00\",\"description\":\"La L\u00e9gende du papillon - Un film d\u2019animation pour toute la famille, une aventure racont\u00e9e avec humour, une qu\u00eate d\u2019autonomie et de r\u00e9alisation de soi.\",\"breadcrumb\":{\"@id\":\"https:\/\/maison4tiers.com\/maisonnette\/product\/la-legende-du-papillon\/#breadcrumb\"},\"inLanguage\":\"fr-FR\",\"potentialAction\":[{\"@type\":\"ReadAction\",\"target\":[\"https:\/\/maison4tiers.com\/maisonnette\/product\/la-legende-du-papillon\/\"]}]},{\"@type\":\"ImageObject\",\"inLanguage\":\"fr-FR\",\"@id\":\"https:\/\/maison4tiers.com\/maisonnette\/product\/la-legende-du-papillon\/#primaryimage\",\"url\":\"https:\/\/maison4tiers.com\/maisonnette\/wp-content\/uploads\/sites\/77\/2023\/12\/Papillon_FORET_affiche_WEB_HR-scaled.jpg\",\"contentUrl\":\"https:\/\/maison4tiers.com\/maisonnette\/wp-content\/uploads\/sites\/77\/2023\/12\/Papillon_FORET_affiche_WEB_HR-scaled.jpg\",\"width\":1772,\"height\":2560},{\"@type\":\"BreadcrumbList\",\"@id\":\"https:\/\/maison4tiers.com\/maisonnette\/product\/la-legende-du-papillon\/#breadcrumb\",\"itemListElement\":[{\"@type\":\"ListItem\",\"position\":1,\"name\":\"Home\",\"item\":\"https:\/\/maison4tiers.com\/maisonnette\/\"},{\"@type\":\"ListItem\",\"position\":2,\"name\":\"Films\",\"item\":\"https:\/\/maison4tiers.com\/maisonnette\/?page_id=35\"},{\"@type\":\"ListItem\",\"position\":3,\"name\":\"La L\u00e9gende du Papillon\"}]},{\"@type\":\"WebSite\",\"@id\":\"https:\/\/maison4tiers.com\/maisonnette\/#website\",\"url\":\"https:\/\/maison4tiers.com\/maisonnette\/\",\"name\":\"Maisonnette\",\"description\":\"Distribution multiplateforme de films qu\u00e9b\u00e9cois et internationaux\",\"publisher\":{\"@id\":\"https:\/\/maison4tiers.com\/maisonnette\/#organization\"},\"potentialAction\":[{\"@type\":\"SearchAction\",\"target\":{\"@type\":\"EntryPoint\",\"urlTemplate\":\"https:\/\/maison4tiers.com\/maisonnette\/?s={search_term_string}\"},\"query-input\":{\"@type\":\"PropertyValueSpecification\",\"valueRequired\":true,\"valueName\":\"search_term_string\"}}],\"inLanguage\":\"fr-FR\"},{\"@type\":\"Organization\",\"@id\":\"https:\/\/maison4tiers.com\/maisonnette\/#organization\",\"name\":\"Maisonnette\",\"url\":\"https:\/\/maison4tiers.com\/maisonnette\/\",\"logo\":{\"@type\":\"ImageObject\",\"inLanguage\":\"fr-FR\",\"@id\":\"https:\/\/maison4tiers.com\/maisonnette\/#\/schema\/logo\/image\/\",\"url\":\"https:\/\/maison4tiers.com\/maisonnette\/wp-content\/uploads\/sites\/77\/2020\/11\/favicon-196.png\",\"contentUrl\":\"https:\/\/maison4tiers.com\/maisonnette\/wp-content\/uploads\/sites\/77\/2020\/11\/favicon-196.png\",\"width\":196,\"height\":196,\"caption\":\"Maisonnette\"},\"image\":{\"@id\":\"https:\/\/maison4tiers.com\/maisonnette\/#\/schema\/logo\/image\/\"}}]}<\/script>\n<!-- \/ Yoast SEO plugin. -->","yoast_head_json":{"title":"La L\u00e9gende du Papillon - Maisonnette - Film Qu\u00e9b\u00e9cois - Regardez d\u00e8s maintenant!","description":"La L\u00e9gende du papillon - Un film d\u2019animation pour toute la famille, une aventure racont\u00e9e avec humour, une qu\u00eate d\u2019autonomie et de r\u00e9alisation de soi.","robots":{"index":"noindex","follow":"follow","max-snippet":"max-snippet:-1","max-image-preview":"max-image-preview:large","max-video-preview":"max-video-preview:-1"},"og_locale":"fr_FR","og_type":"article","og_title":"La L\u00e9gende du Papillon","og_description":"La L\u00e9gende du papillon est un film d\u2019animation pour toute la famille, un grand parcours initiatique le long de la fabuleuse migration des papillons monarques. C\u2019est l\u2019histoire de Patrick un courageux et adorable papillon qui, m\u00eame s\u2019il ne peut pas voler \u00e0 cause d\u2019une aile plus petite, veut \u00e0 tout prix faire ce voyage. C\u2019est aussi celle de Genevi\u00e8ve qui lutte contre sa peur panique des hauteurs et de Martin, la chenille la plus dr\u00f4le \u00e0 la ronde qui veut devenir un papillon comme les autres! Durant leur p\u00e9riple, Patrick, Genevi\u00e8ve et Martin deviendront des h\u00e9ros apr\u00e8s avoir vaincu leurs peurs, accept\u00e9 leur diff\u00e9rence et triomph\u00e9 des pr\u00e9dateurs naturels (souris,oiseaux affam\u00e9s...) et des p\u00e9rils environnementaux (tornades, constructions humaines sauvages...) La L\u00e9gende du papillon est une aventure racont\u00e9e avec humour, une grande qu\u00eate d\u2019autonomie et de r\u00e9alisation de soi.","og_url":"https:\/\/maison4tiers.com\/maisonnette\/product\/la-legende-du-papillon\/","og_site_name":"Maisonnette","article_modified_time":"2024-10-12T13:17:15+00:00","og_image":[{"width":1772,"height":2560,"url":"https:\/\/maison4tiers.com\/maisonnette\/wp-content\/uploads\/sites\/77\/2023\/12\/Papillon_FORET_affiche_WEB_HR-scaled.jpg","type":"image\/jpeg"}],"twitter_card":"summary_large_image","twitter_title":"La L\u00e9gende du Papillon","twitter_description":"La L\u00e9gende du papillon est un film d\u2019animation pour toute la famille, un grand parcours initiatique le long de la fabuleuse migration des papillons monarques. C\u2019est l\u2019histoire de Patrick un courageux et adorable papillon qui, m\u00eame s\u2019il ne peut pas voler \u00e0 cause d\u2019une aile plus petite, veut \u00e0 tout prix faire ce voyage. C\u2019est aussi celle de Genevi\u00e8ve qui lutte contre sa peur panique des hauteurs et de Martin, la chenille la plus dr\u00f4le \u00e0 la ronde qui veut devenir un papillon comme les autres! Durant leur p\u00e9riple, Patrick, Genevi\u00e8ve et Martin deviendront des h\u00e9ros apr\u00e8s avoir vaincu leurs peurs, accept\u00e9 leur diff\u00e9rence et triomph\u00e9 des pr\u00e9dateurs naturels (souris,oiseaux affam\u00e9s...) et des p\u00e9rils environnementaux (tornades, constructions humaines sauvages...) La L\u00e9gende du papillon est une aventure racont\u00e9e avec humour, une grande qu\u00eate d\u2019autonomie et de r\u00e9alisation de soi.","twitter_image":"https:\/\/maison4tiers.com\/maisonnette\/wp-content\/uploads\/sites\/77\/2023\/12\/Papillon_FORET_affiche_WEB_HR-scaled.jpg","twitter_misc":{"Dur\u00e9e de lecture estim\u00e9e":"1 minute"},"schema":{"@context":"https:\/\/schema.org","@graph":[{"@type":"WebPage","@id":"https:\/\/maison4tiers.com\/maisonnette\/product\/la-legende-du-papillon\/","url":"https:\/\/maison4tiers.com\/maisonnette\/product\/la-legende-du-papillon\/","name":"La L\u00e9gende du Papillon - Maisonnette - Film Qu\u00e9b\u00e9cois - Regardez d\u00e8s maintenant!","isPartOf":{"@id":"https:\/\/maison4tiers.com\/maisonnette\/#website"},"primaryImageOfPage":{"@id":"https:\/\/maison4tiers.com\/maisonnette\/product\/la-legende-du-papillon\/#primaryimage"},"image":{"@id":"https:\/\/maison4tiers.com\/maisonnette\/product\/la-legende-du-papillon\/#primaryimage"},"thumbnailUrl":"https:\/\/maison4tiers.com\/maisonnette\/wp-content\/uploads\/sites\/77\/2023\/12\/Papillon_FORET_affiche_WEB_HR-scaled.jpg","datePublished":"2023-12-18T18:10:48+00:00","dateModified":"2024-10-12T13:17:15+00:00","description":"La L\u00e9gende du papillon - Un film d\u2019animation pour toute la famille, une aventure racont\u00e9e avec humour, une qu\u00eate d\u2019autonomie et de r\u00e9alisation de soi.","breadcrumb":{"@id":"https:\/\/maison4tiers.com\/maisonnette\/product\/la-legende-du-papillon\/#breadcrumb"},"inLanguage":"fr-FR","potentialAction":[{"@type":"ReadAction","target":["https:\/\/maison4tiers.com\/maisonnette\/product\/la-legende-du-papillon\/"]}]},{"@type":"ImageObject","inLanguage":"fr-FR","@id":"https:\/\/maison4tiers.com\/maisonnette\/product\/la-legende-du-papillon\/#primaryimage","url":"https:\/\/maison4tiers.com\/maisonnette\/wp-content\/uploads\/sites\/77\/2023\/12\/Papillon_FORET_affiche_WEB_HR-scaled.jpg","contentUrl":"https:\/\/maison4tiers.com\/maisonnette\/wp-content\/uploads\/sites\/77\/2023\/12\/Papillon_FORET_affiche_WEB_HR-scaled.jpg","width":1772,"height":2560},{"@type":"BreadcrumbList","@id":"https:\/\/maison4tiers.com\/maisonnette\/product\/la-legende-du-papillon\/#breadcrumb","itemListElement":[{"@type":"ListItem","position":1,"name":"Home","item":"https:\/\/maison4tiers.com\/maisonnette\/"},{"@type":"ListItem","position":2,"name":"Films","item":"https:\/\/maison4tiers.com\/maisonnette\/?page_id=35"},{"@type":"ListItem","position":3,"name":"La L\u00e9gende du Papillon"}]},{"@type":"WebSite","@id":"https:\/\/maison4tiers.com\/maisonnette\/#website","url":"https:\/\/maison4tiers.com\/maisonnette\/","name":"Maisonnette","description":"Distribution multiplateforme de films qu\u00e9b\u00e9cois et internationaux","publisher":{"@id":"https:\/\/maison4tiers.com\/maisonnette\/#organization"},"potentialAction":[{"@type":"SearchAction","target":{"@type":"EntryPoint","urlTemplate":"https:\/\/maison4tiers.com\/maisonnette\/?s={search_term_string}"},"query-input":{"@type":"PropertyValueSpecification","valueRequired":true,"valueName":"search_term_string"}}],"inLanguage":"fr-FR"},{"@type":"Organization","@id":"https:\/\/maison4tiers.com\/maisonnette\/#organization","name":"Maisonnette","url":"https:\/\/maison4tiers.com\/maisonnette\/","logo":{"@type":"ImageObject","inLanguage":"fr-FR","@id":"https:\/\/maison4tiers.com\/maisonnette\/#\/schema\/logo\/image\/","url":"https:\/\/maison4tiers.com\/maisonnette\/wp-content\/uploads\/sites\/77\/2020\/11\/favicon-196.png","contentUrl":"https:\/\/maison4tiers.com\/maisonnette\/wp-content\/uploads\/sites\/77\/2020\/11\/favicon-196.png","width":196,"height":196,"caption":"Maisonnette"},"image":{"@id":"https:\/\/maison4tiers.com\/maisonnette\/#\/schema\/logo\/image\/"}}]}},"jetpack_sharing_enabled":true,"_links":{"self":[{"href":"https:\/\/maison4tiers.com\/maisonnette\/wp-json\/wp\/v2\/product\/19919","targetHints":{"allow":["GET"]}}],"collection":[{"href":"https:\/\/maison4tiers.com\/maisonnette\/wp-json\/wp\/v2\/product"}],"about":[{"href":"https:\/\/maison4tiers.com\/maisonnette\/wp-json\/wp\/v2\/types\/product"}],"wp:featuredmedia":[{"embeddable":true,"href":"https:\/\/maison4tiers.com\/maisonnette\/wp-json\/wp\/v2\/media\/19936"}],"wp:attachment":[{"href":"https:\/\/maison4tiers.com\/maisonnette\/wp-json\/wp\/v2\/media?parent=19919"}],"wp:term":[{"taxonomy":"product_brand","embeddable":true,"href":"https:\/\/maison4tiers.com\/maisonnette\/wp-json\/wp\/v2\/product_brand?post=19919"},{"taxonomy":"product_cat","embeddable":true,"href":"https:\/\/maison4tiers.com\/maisonnette\/wp-json\/wp\/v2\/product_cat?post=19919"},{"taxonomy":"product_tag","embeddable":true,"href":"https:\/\/maison4tiers.com\/maisonnette\/wp-json\/wp\/v2\/product_tag?post=19919"}],"curies":[{"name":"wp","href":"https:\/\/api.w.org\/{rel}","templated":true}]}}