{"id":18071,"date":"2023-09-25T15:23:06","date_gmt":"2023-09-25T19:23:06","guid":{"rendered":"https:\/\/maison4tiers.com\/?post_type=product&#038;p=18071"},"modified":"2024-05-06T16:14:59","modified_gmt":"2024-05-06T20:14:59","slug":"lile-de-sukwan","status":"publish","type":"product","link":"https:\/\/maison4tiers.com\/maisonnette\/product\/lile-de-sukwan\/","title":{"rendered":"L&rsquo;\u00cele de Sukwan"},"excerpt":{"rendered":"<h4><strong>MAINTENANT DISPONIBLE EN VOD!<\/strong><\/h4>\n<p>Dans un coin recul\u00e9 de la Tha\u00eflande, Sukwan, une jeune Tha\u00efe autodidacte de 8 ans construit avec l\u2019aide de ses parents une version grandeur nature d\u2019une \u00eele imaginaire qu\u2019elle a invent\u00e9e de toutes pi\u00e8ces : Snowyaland. Dans le secret le plus absolu, la modeste famille tentera au travers des ann\u00e9es de mener \u00e0 terme cette entreprise titanesque tout en pr\u00e9servant le monde int\u00e9rieur luxuriant de la jeune Sukwan qui, peu \u00e0 peu, devient une adolescente.<\/p>\n<blockquote><p><em>\u00abL\u2019immersion des documentaristes dans l\u2019intimit\u00e9 de cette famille \u00e9tonnante est une ind\u00e9niable r\u00e9ussite.\u00bb<br \/>\n<\/em><a href=\"https:\/\/www.lapresse.ca\/cinema\/critiques\/2023-09-08\/l-ile-de-sukwan\/rever-d-une-autre-education.php\" target=\"_blank\" rel=\"noopener\">\u2605\u2605\u2605\u2605<strong>\u00a0\u2013 LA PRESSE<\/strong><\/a><\/p>\n<p><em>\u00abUn film sensible qui d\u00e9tonne dans l\u2019air du temps.\u00bb<\/em><br \/>\n<a href=\"https:\/\/www.lesoleil.com\/arts\/cinema\/2023\/09\/08\/emlile-de-sukwanem-la-joie-de-linnocence-puis-le-deuil-de-lenfance-FFYE2FMM6BBWNPAX5QJ5PCIGVI\/\" target=\"_blank\" rel=\"noopener\">\u2605\u2605\u2605\u2605<strong>\u00a0\u2013 LE SOLEIL<\/strong><\/a><\/p><\/blockquote>\n<p>&nbsp;<\/p>\n<p><a href=\"https:\/\/maison4tiers.com\/categorie-produit\/film\/documentaire\/?_ga=2.171632224.1965406104.1695672676-2119137250.1661195295\" target=\"_blank\" rel=\"noopener\"><span style=\"text-decoration: underline;\">Voir les autres films Documentaires<\/span><\/a><\/p>\n<p>*Disponible au Canada seulement<\/p>\n","protected":false},"featured_media":18078,"template":"","meta":{"_acf_changed":false,"_eb_attr":""},"product_brand":[],"product_cat":[78,123,45,122,131,142],"product_tag":[672,329,937,328,935,936,933,550,938,934],"class_list":{"0":"post-18071","1":"product","2":"type-product","3":"status-publish","4":"has-post-thumbnail","6":"product_cat-documentaire","7":"product_cat-famille","8":"product_cat-film","9":"product_cat-reflexion","10":"product_cat-touslesfilms","11":"product_cat-numerique","12":"product_tag-adolescence","13":"product_tag-documentaire","14":"product_tag-enfance","15":"product_tag-famille","16":"product_tag-ile","17":"product_tag-imagination","18":"product_tag-lile-de-sukwan","19":"product_tag-nature","20":"product_tag-snowyaland","21":"product_tag-thailande","23":"first","24":"instock","25":"taxable","26":"shipping-taxable","27":"purchasable","28":"product-type-variable","29":"has-default-attributes"},"acf":[],"yoast_head":"<!-- This site is optimized with the Yoast SEO plugin v27.0 - https:\/\/yoast.com\/product\/yoast-seo-wordpress\/ -->\n<title>L&#039;\u00cele de Sukwan - Maisonnette - Documentaire - Regardez le film d\u00e8s maintenant!<\/title>\n<meta name=\"description\" content=\"L&#039;\u00eele de Sukwan - Une jeune Tha\u00efe autodidacte de 8 ans construit avec l\u2019aide de ses parents une version grandeur nature d\u2019une \u00eele imaginaire: Snowyaland.\" \/>\n<meta name=\"robots\" content=\"noindex, follow, max-snippet:-1, max-image-preview:large, max-video-preview:-1\" \/>\n<meta property=\"og:locale\" content=\"fr_FR\" \/>\n<meta property=\"og:type\" content=\"article\" \/>\n<meta property=\"og:title\" content=\"L&#039;\u00cele de Sukwan\" \/>\n<meta property=\"og:description\" content=\"Dans un coin recul\u00e9 de la Tha\u00eflande, Sukwan, une jeune Tha\u00efe autodidacte de 8 ans construit avec l\u2019aide de ses parents une version grandeur nature d\u2019une \u00eele imaginaire qu\u2019elle a invent\u00e9e de toutes pi\u00e8ces : Snowyaland. Dans le secret le plus absolu, la modeste famille tentera au travers des ann\u00e9es de mener \u00e0 terme cette entreprise titanesque tout en pr\u00e9servant le monde int\u00e9rieur luxuriant de la jeune Sukwan qui, peu \u00e0 peu, devient une adolescente.\" \/>\n<meta property=\"og:url\" content=\"https:\/\/maison4tiers.com\/maisonnette\/product\/lile-de-sukwan\/\" \/>\n<meta property=\"og:site_name\" content=\"Maisonnette\" \/>\n<meta property=\"article:modified_time\" content=\"2024-05-06T20:14:59+00:00\" \/>\n<meta property=\"og:image\" content=\"https:\/\/maison4tiers.com\/maisonnette\/wp-content\/uploads\/sites\/77\/2023\/09\/IleSukwan_affiche_800x1200.jpg\" \/>\n\t<meta property=\"og:image:width\" content=\"800\" \/>\n\t<meta property=\"og:image:height\" content=\"1200\" \/>\n\t<meta property=\"og:image:type\" content=\"image\/jpeg\" \/>\n<meta name=\"twitter:card\" content=\"summary_large_image\" \/>\n<meta name=\"twitter:title\" content=\"L&#039;\u00cele de Sukwan\" \/>\n<meta name=\"twitter:description\" content=\"Dans un coin recul\u00e9 de la Tha\u00eflande, Sukwan, une jeune Tha\u00efe autodidacte de 8 ans construit avec l\u2019aide de ses parents une version grandeur nature d\u2019une \u00eele imaginaire qu\u2019elle a invent\u00e9e de toutes pi\u00e8ces : Snowyaland. Dans le secret le plus absolu, la modeste famille tentera au travers des ann\u00e9es de mener \u00e0 terme cette entreprise titanesque tout en pr\u00e9servant le monde int\u00e9rieur luxuriant de la jeune Sukwan qui, peu \u00e0 peu, devient une adolescente.\" \/>\n<meta name=\"twitter:image\" content=\"https:\/\/maison4tiers.com\/maisonnette\/wp-content\/uploads\/sites\/77\/2023\/09\/IleSukwan_affiche_800x1200.jpg\" \/>\n<script type=\"application\/ld+json\" class=\"yoast-schema-graph\">{\"@context\":\"https:\/\/schema.org\",\"@graph\":[{\"@type\":\"WebPage\",\"@id\":\"https:\/\/maison4tiers.com\/maisonnette\/product\/lile-de-sukwan\/\",\"url\":\"https:\/\/maison4tiers.com\/maisonnette\/product\/lile-de-sukwan\/\",\"name\":\"L'\u00cele de Sukwan - Maisonnette - Documentaire - Regardez le film d\u00e8s maintenant!\",\"isPartOf\":{\"@id\":\"https:\/\/maison4tiers.com\/maisonnette\/#website\"},\"primaryImageOfPage\":{\"@id\":\"https:\/\/maison4tiers.com\/maisonnette\/product\/lile-de-sukwan\/#primaryimage\"},\"image\":{\"@id\":\"https:\/\/maison4tiers.com\/maisonnette\/product\/lile-de-sukwan\/#primaryimage\"},\"thumbnailUrl\":\"https:\/\/maison4tiers.com\/maisonnette\/wp-content\/uploads\/sites\/77\/2023\/09\/IleSukwan_affiche_800x1200.jpg\",\"datePublished\":\"2023-09-25T19:23:06+00:00\",\"dateModified\":\"2024-05-06T20:14:59+00:00\",\"description\":\"L'\u00eele de Sukwan - Une jeune Tha\u00efe autodidacte de 8 ans construit avec l\u2019aide de ses parents une version grandeur nature d\u2019une \u00eele imaginaire: Snowyaland.\",\"breadcrumb\":{\"@id\":\"https:\/\/maison4tiers.com\/maisonnette\/product\/lile-de-sukwan\/#breadcrumb\"},\"inLanguage\":\"fr-FR\",\"potentialAction\":[{\"@type\":\"ReadAction\",\"target\":[\"https:\/\/maison4tiers.com\/maisonnette\/product\/lile-de-sukwan\/\"]}]},{\"@type\":\"ImageObject\",\"inLanguage\":\"fr-FR\",\"@id\":\"https:\/\/maison4tiers.com\/maisonnette\/product\/lile-de-sukwan\/#primaryimage\",\"url\":\"https:\/\/maison4tiers.com\/maisonnette\/wp-content\/uploads\/sites\/77\/2023\/09\/IleSukwan_affiche_800x1200.jpg\",\"contentUrl\":\"https:\/\/maison4tiers.com\/maisonnette\/wp-content\/uploads\/sites\/77\/2023\/09\/IleSukwan_affiche_800x1200.jpg\",\"width\":800,\"height\":1200},{\"@type\":\"BreadcrumbList\",\"@id\":\"https:\/\/maison4tiers.com\/maisonnette\/product\/lile-de-sukwan\/#breadcrumb\",\"itemListElement\":[{\"@type\":\"ListItem\",\"position\":1,\"name\":\"Home\",\"item\":\"https:\/\/maison4tiers.com\/maisonnette\/\"},{\"@type\":\"ListItem\",\"position\":2,\"name\":\"Films\",\"item\":\"https:\/\/maison4tiers.com\/maisonnette\/?page_id=35\"},{\"@type\":\"ListItem\",\"position\":3,\"name\":\"L&#8217;\u00cele de Sukwan\"}]},{\"@type\":\"WebSite\",\"@id\":\"https:\/\/maison4tiers.com\/maisonnette\/#website\",\"url\":\"https:\/\/maison4tiers.com\/maisonnette\/\",\"name\":\"Maisonnette\",\"description\":\"Distribution multiplateforme de films qu\u00e9b\u00e9cois et internationaux\",\"publisher\":{\"@id\":\"https:\/\/maison4tiers.com\/maisonnette\/#organization\"},\"potentialAction\":[{\"@type\":\"SearchAction\",\"target\":{\"@type\":\"EntryPoint\",\"urlTemplate\":\"https:\/\/maison4tiers.com\/maisonnette\/?s={search_term_string}\"},\"query-input\":{\"@type\":\"PropertyValueSpecification\",\"valueRequired\":true,\"valueName\":\"search_term_string\"}}],\"inLanguage\":\"fr-FR\"},{\"@type\":\"Organization\",\"@id\":\"https:\/\/maison4tiers.com\/maisonnette\/#organization\",\"name\":\"Maisonnette\",\"url\":\"https:\/\/maison4tiers.com\/maisonnette\/\",\"logo\":{\"@type\":\"ImageObject\",\"inLanguage\":\"fr-FR\",\"@id\":\"https:\/\/maison4tiers.com\/maisonnette\/#\/schema\/logo\/image\/\",\"url\":\"https:\/\/maison4tiers.com\/maisonnette\/wp-content\/uploads\/sites\/77\/2020\/11\/favicon-196.png\",\"contentUrl\":\"https:\/\/maison4tiers.com\/maisonnette\/wp-content\/uploads\/sites\/77\/2020\/11\/favicon-196.png\",\"width\":196,\"height\":196,\"caption\":\"Maisonnette\"},\"image\":{\"@id\":\"https:\/\/maison4tiers.com\/maisonnette\/#\/schema\/logo\/image\/\"}}]}<\/script>\n<!-- \/ Yoast SEO plugin. -->","yoast_head_json":{"title":"L'\u00cele de Sukwan - Maisonnette - Documentaire - Regardez le film d\u00e8s maintenant!","description":"L'\u00eele de Sukwan - Une jeune Tha\u00efe autodidacte de 8 ans construit avec l\u2019aide de ses parents une version grandeur nature d\u2019une \u00eele imaginaire: Snowyaland.","robots":{"index":"noindex","follow":"follow","max-snippet":"max-snippet:-1","max-image-preview":"max-image-preview:large","max-video-preview":"max-video-preview:-1"},"og_locale":"fr_FR","og_type":"article","og_title":"L'\u00cele de Sukwan","og_description":"Dans un coin recul\u00e9 de la Tha\u00eflande, Sukwan, une jeune Tha\u00efe autodidacte de 8 ans construit avec l\u2019aide de ses parents une version grandeur nature d\u2019une \u00eele imaginaire qu\u2019elle a invent\u00e9e de toutes pi\u00e8ces : Snowyaland. Dans le secret le plus absolu, la modeste famille tentera au travers des ann\u00e9es de mener \u00e0 terme cette entreprise titanesque tout en pr\u00e9servant le monde int\u00e9rieur luxuriant de la jeune Sukwan qui, peu \u00e0 peu, devient une adolescente.","og_url":"https:\/\/maison4tiers.com\/maisonnette\/product\/lile-de-sukwan\/","og_site_name":"Maisonnette","article_modified_time":"2024-05-06T20:14:59+00:00","og_image":[{"width":800,"height":1200,"url":"https:\/\/maison4tiers.com\/maisonnette\/wp-content\/uploads\/sites\/77\/2023\/09\/IleSukwan_affiche_800x1200.jpg","type":"image\/jpeg"}],"twitter_card":"summary_large_image","twitter_title":"L'\u00cele de Sukwan","twitter_description":"Dans un coin recul\u00e9 de la Tha\u00eflande, Sukwan, une jeune Tha\u00efe autodidacte de 8 ans construit avec l\u2019aide de ses parents une version grandeur nature d\u2019une \u00eele imaginaire qu\u2019elle a invent\u00e9e de toutes pi\u00e8ces : Snowyaland. Dans le secret le plus absolu, la modeste famille tentera au travers des ann\u00e9es de mener \u00e0 terme cette entreprise titanesque tout en pr\u00e9servant le monde int\u00e9rieur luxuriant de la jeune Sukwan qui, peu \u00e0 peu, devient une adolescente.","twitter_image":"https:\/\/maison4tiers.com\/maisonnette\/wp-content\/uploads\/sites\/77\/2023\/09\/IleSukwan_affiche_800x1200.jpg","schema":{"@context":"https:\/\/schema.org","@graph":[{"@type":"WebPage","@id":"https:\/\/maison4tiers.com\/maisonnette\/product\/lile-de-sukwan\/","url":"https:\/\/maison4tiers.com\/maisonnette\/product\/lile-de-sukwan\/","name":"L'\u00cele de Sukwan - Maisonnette - Documentaire - Regardez le film d\u00e8s maintenant!","isPartOf":{"@id":"https:\/\/maison4tiers.com\/maisonnette\/#website"},"primaryImageOfPage":{"@id":"https:\/\/maison4tiers.com\/maisonnette\/product\/lile-de-sukwan\/#primaryimage"},"image":{"@id":"https:\/\/maison4tiers.com\/maisonnette\/product\/lile-de-sukwan\/#primaryimage"},"thumbnailUrl":"https:\/\/maison4tiers.com\/maisonnette\/wp-content\/uploads\/sites\/77\/2023\/09\/IleSukwan_affiche_800x1200.jpg","datePublished":"2023-09-25T19:23:06+00:00","dateModified":"2024-05-06T20:14:59+00:00","description":"L'\u00eele de Sukwan - Une jeune Tha\u00efe autodidacte de 8 ans construit avec l\u2019aide de ses parents une version grandeur nature d\u2019une \u00eele imaginaire: Snowyaland.","breadcrumb":{"@id":"https:\/\/maison4tiers.com\/maisonnette\/product\/lile-de-sukwan\/#breadcrumb"},"inLanguage":"fr-FR","potentialAction":[{"@type":"ReadAction","target":["https:\/\/maison4tiers.com\/maisonnette\/product\/lile-de-sukwan\/"]}]},{"@type":"ImageObject","inLanguage":"fr-FR","@id":"https:\/\/maison4tiers.com\/maisonnette\/product\/lile-de-sukwan\/#primaryimage","url":"https:\/\/maison4tiers.com\/maisonnette\/wp-content\/uploads\/sites\/77\/2023\/09\/IleSukwan_affiche_800x1200.jpg","contentUrl":"https:\/\/maison4tiers.com\/maisonnette\/wp-content\/uploads\/sites\/77\/2023\/09\/IleSukwan_affiche_800x1200.jpg","width":800,"height":1200},{"@type":"BreadcrumbList","@id":"https:\/\/maison4tiers.com\/maisonnette\/product\/lile-de-sukwan\/#breadcrumb","itemListElement":[{"@type":"ListItem","position":1,"name":"Home","item":"https:\/\/maison4tiers.com\/maisonnette\/"},{"@type":"ListItem","position":2,"name":"Films","item":"https:\/\/maison4tiers.com\/maisonnette\/?page_id=35"},{"@type":"ListItem","position":3,"name":"L&#8217;\u00cele de Sukwan"}]},{"@type":"WebSite","@id":"https:\/\/maison4tiers.com\/maisonnette\/#website","url":"https:\/\/maison4tiers.com\/maisonnette\/","name":"Maisonnette","description":"Distribution multiplateforme de films qu\u00e9b\u00e9cois et internationaux","publisher":{"@id":"https:\/\/maison4tiers.com\/maisonnette\/#organization"},"potentialAction":[{"@type":"SearchAction","target":{"@type":"EntryPoint","urlTemplate":"https:\/\/maison4tiers.com\/maisonnette\/?s={search_term_string}"},"query-input":{"@type":"PropertyValueSpecification","valueRequired":true,"valueName":"search_term_string"}}],"inLanguage":"fr-FR"},{"@type":"Organization","@id":"https:\/\/maison4tiers.com\/maisonnette\/#organization","name":"Maisonnette","url":"https:\/\/maison4tiers.com\/maisonnette\/","logo":{"@type":"ImageObject","inLanguage":"fr-FR","@id":"https:\/\/maison4tiers.com\/maisonnette\/#\/schema\/logo\/image\/","url":"https:\/\/maison4tiers.com\/maisonnette\/wp-content\/uploads\/sites\/77\/2020\/11\/favicon-196.png","contentUrl":"https:\/\/maison4tiers.com\/maisonnette\/wp-content\/uploads\/sites\/77\/2020\/11\/favicon-196.png","width":196,"height":196,"caption":"Maisonnette"},"image":{"@id":"https:\/\/maison4tiers.com\/maisonnette\/#\/schema\/logo\/image\/"}}]}},"jetpack_sharing_enabled":true,"_links":{"self":[{"href":"https:\/\/maison4tiers.com\/maisonnette\/wp-json\/wp\/v2\/product\/18071","targetHints":{"allow":["GET"]}}],"collection":[{"href":"https:\/\/maison4tiers.com\/maisonnette\/wp-json\/wp\/v2\/product"}],"about":[{"href":"https:\/\/maison4tiers.com\/maisonnette\/wp-json\/wp\/v2\/types\/product"}],"wp:featuredmedia":[{"embeddable":true,"href":"https:\/\/maison4tiers.com\/maisonnette\/wp-json\/wp\/v2\/media\/18078"}],"wp:attachment":[{"href":"https:\/\/maison4tiers.com\/maisonnette\/wp-json\/wp\/v2\/media?parent=18071"}],"wp:term":[{"taxonomy":"product_brand","embeddable":true,"href":"https:\/\/maison4tiers.com\/maisonnette\/wp-json\/wp\/v2\/product_brand?post=18071"},{"taxonomy":"product_cat","embeddable":true,"href":"https:\/\/maison4tiers.com\/maisonnette\/wp-json\/wp\/v2\/product_cat?post=18071"},{"taxonomy":"product_tag","embeddable":true,"href":"https:\/\/maison4tiers.com\/maisonnette\/wp-json\/wp\/v2\/product_tag?post=18071"}],"curies":[{"name":"wp","href":"https:\/\/api.w.org\/{rel}","templated":true}]}}