{"id":17222,"date":"2023-08-10T16:52:47","date_gmt":"2023-08-10T20:52:47","guid":{"rendered":"https:\/\/maison4tiers.com\/?post_type=product&#038;p=17222"},"modified":"2024-10-12T09:17:15","modified_gmt":"2024-10-12T13:17:15","slug":"jules-au-pays-dasha","status":"publish","type":"product","link":"https:\/\/maison4tiers.com\/maisonnette\/product\/jules-au-pays-dasha\/","title":{"rendered":"Jules au Pays d&rsquo;Asha"},"excerpt":{"rendered":"<h4><strong>MAINTENANT DISPONIBLE EN DVD ET VID\u00c9O SUR DEMANDE!<\/strong><\/h4>\n<p>Par une froide journ\u00e9e d\u2019hiver de 1940, Jules emm\u00e9nage avec sa famille chez son oncle, maire d\u2019un village de colons dans le nord du Qu\u00e9bec. \u00c0 cause d\u2019une maladie rare de la peau, il n\u2019a aucun ami. Alors son plus grand souhait est de gu\u00e9rir. Lorsque son chien Flagrant se sauve dans la for\u00eat, Jules n\u2019a d\u2019autre choix que de s\u2019\u00e9loigner de sa maison pour le retrouver. En chemin, il fait la rencontre d\u2019Asha, une myst\u00e9rieuse jeune fille autochtone. Ensemble, ils vont s\u2019aventurer de l\u2019autre c\u00f4t\u00e9 de la for\u00eat, l\u00e0 o\u00f9 la nature se r\u00e9v\u00e8le pleine de vie et de secrets.<\/p>\n<blockquote><p><em>\u00ab <span style=\"font-weight: 400;\">Une qu\u00eate empreinte de merveilleux qui c\u00e9l\u00e8bre l\u2019ouverture, l\u2019enfance et la nature. <\/span><\/em><em><span style=\"font-weight: 400;\">Un beau film inspirant pour les petits et les grands. <\/span>\u00bb<br \/>\n<\/em><a href=\"https:\/\/www.ledevoir.com\/culture\/cinema\/793988\/cinema-jules-au-pays-d-asha-amities-magiques-et-forets-enchantees\" target=\"_blank\" rel=\"noopener\">\u2605\u2605\u2605 1\/2<strong>\u00a0\u2013 LE DEVOIR<\/strong><\/a><\/p>\n<p><em>\u00ab La for\u00eat verdoyante semble presque magique dans la lentille de Sophie Farkas Bolla. Mais au-del\u00e0 de la beaut\u00e9 de la nature, c\u2019est surtout celle de l\u2019enfance que la cin\u00e9aste r\u00e9ussit avec brio \u00e0 mettre en valeur. \u00bb<\/em><br \/>\n<a href=\"https:\/\/www.lapresse.ca\/cinema\/critiques\/2023-07-07\/jules-au-pays-d-asha\/ecouter-son-coeur-d-enfant.php\" target=\"_blank\" rel=\"noopener\">\u2605\u2605\u2605\u2605<strong> \u2013 LA PRESSE<\/strong><\/a><\/p>\n<p><em>\u00ab <span style=\"font-weight: 400;\">Dans <\/span><i><span style=\"font-weight: 400;\">Jules au pays d\u2019Asha<\/span><\/i><span style=\"font-weight: 400;\">, on retrouve toutes ces charmantes caract\u00e9ristiques de la jeunesse. <\/span>Cela ne donne qu\u2019une envie : \u00e9couter son c\u0153ur d\u2019enfant et partir \u00e0 l\u2019aventure<span style=\"font-weight: 400;\">.<\/span>\u00a0\u00bb<\/em><br \/>\n<a href=\"https:\/\/www.lapresse.ca\/cinema\/critiques\/2023-07-07\/jules-au-pays-d-asha\/ecouter-son-coeur-d-enfant.php\" target=\"_blank\" rel=\"noopener\">\u2605\u2605\u2605\u2605<strong> \u2013 LA PRESSE<\/strong><\/a><\/p><\/blockquote>\n<p>&nbsp;<\/p>\n<p><a href=\"https:\/\/maison4tiers.com\/films\/\" target=\"_blank\" rel=\"noopener\"><span style=\"text-decoration: underline;\">Voir les autres films<\/span><\/a><\/p>\n<p>*Disponible au Canada seulement<\/p>\n<p>&nbsp;<\/p>\n","protected":false},"featured_media":17396,"template":"","meta":{"_acf_changed":false,"_eb_attr":""},"product_brand":[],"product_cat":[118,123,120,45,119,136,131,142],"product_tag":[864,370,380,780,868,206,328,867,866,863,550,865,545],"class_list":{"0":"post-17222","1":"product","2":"type-product","3":"status-publish","4":"has-post-thumbnail","6":"product_cat-environnement","7":"product_cat-famille","8":"product_cat-fiction","9":"product_cat-film","10":"product_cat-quebecois","11":"product_cat-dvd","12":"product_cat-touslesfilms","13":"product_cat-numerique","14":"product_tag-864","15":"product_tag-amitie","16":"product_tag-aventure","17":"product_tag-coming-of-age","18":"product_tag-decouverte","19":"product_tag-enfants","20":"product_tag-famille","21":"product_tag-foret","22":"product_tag-hiver","23":"product_tag-jules-au-pays-dasha","24":"product_tag-nature","25":"product_tag-nord","26":"product_tag-premieres-nations","28":"first","29":"instock","30":"sale","31":"taxable","32":"shipping-taxable","33":"purchasable","34":"product-type-variable","35":"has-default-attributes"},"acf":[],"yoast_head":"<!-- This site is optimized with the Yoast SEO plugin v27.0 - https:\/\/yoast.com\/product\/yoast-seo-wordpress\/ -->\n<title>Jules au Pays d&#039;Asha - Maisonnette - Visionnez le film d\u00e8s maintenant ! -<\/title>\n<meta name=\"description\" content=\"Jules au Pays d&#039;Asha - Lorsque Jules d\u00e9m\u00e9nage chez son oncle, il d\u00e9cide de partir \u00e0 la recherche d\u2019un rem\u00e8de avec sa nouvelle myst\u00e9rieuse amie, Asha.\" \/>\n<meta name=\"robots\" content=\"noindex, follow, max-snippet:-1, max-image-preview:large, max-video-preview:-1\" \/>\n<meta property=\"og:locale\" content=\"fr_FR\" \/>\n<meta property=\"og:type\" content=\"article\" \/>\n<meta property=\"og:title\" content=\"Jules au Pays d&#039;Asha\" \/>\n<meta property=\"og:description\" content=\"Par une froide journ\u00e9e d\u2019hiver de 1940, Jules emm\u00e9nage avec sa famille chez son oncle, maire d\u2019un village de colons dans le nord du Qu\u00e9bec. \u00c0 cause d\u2019une maladie rare de la peau, il n\u2019a aucun ami. Alors son plus grand souhait est de gu\u00e9rir. Lorsque son chien Flagrant se sauve dans la for\u00eat, Jules n\u2019a d\u2019autre choix que de s\u2019\u00e9loigner de sa maison pour le retrouver. En chemin, il fait la rencontre d\u2019Asha, une myst\u00e9rieuse jeune fille autochtone. Ensemble, ils vont s\u2019aventurer de l\u2019autre c\u00f4t\u00e9 de la for\u00eat, l\u00e0 o\u00f9 la nature se r\u00e9v\u00e8le pleine de vie et de secrets.\" \/>\n<meta property=\"og:url\" content=\"https:\/\/maison4tiers.com\/maisonnette\/product\/jules-au-pays-dasha\/\" \/>\n<meta property=\"og:site_name\" content=\"Maisonnette\" \/>\n<meta property=\"article:modified_time\" content=\"2024-10-12T13:17:15+00:00\" \/>\n<meta property=\"og:image\" content=\"https:\/\/maison4tiers.com\/maisonnette\/wp-content\/uploads\/sites\/77\/2023\/08\/Jules_affiche_WEB_7juillet_LR_CONTE-scaled.jpg\" \/>\n\t<meta property=\"og:image:width\" content=\"1777\" \/>\n\t<meta property=\"og:image:height\" content=\"2560\" \/>\n\t<meta property=\"og:image:type\" content=\"image\/jpeg\" \/>\n<meta name=\"twitter:card\" content=\"summary_large_image\" \/>\n<meta name=\"twitter:title\" content=\"Jules au Pays d&#039;Asha\" \/>\n<meta name=\"twitter:description\" content=\"Par une froide journ\u00e9e d\u2019hiver de 1940, Jules emm\u00e9nage avec sa famille chez son oncle, maire d\u2019un village de colons dans le nord du Qu\u00e9bec. \u00c0 cause d\u2019une maladie rare de la peau, il n\u2019a aucun ami. Alors son plus grand souhait est de gu\u00e9rir. Lorsque son chien Flagrant se sauve dans la for\u00eat, Jules n\u2019a d\u2019autre choix que de s\u2019\u00e9loigner de sa maison pour le retrouver. En chemin, il fait la rencontre d\u2019Asha, une myst\u00e9rieuse jeune fille autochtone. Ensemble, ils vont s\u2019aventurer de l\u2019autre c\u00f4t\u00e9 de la for\u00eat, l\u00e0 o\u00f9 la nature se r\u00e9v\u00e8le pleine de vie et de secrets.\" \/>\n<meta name=\"twitter:image\" content=\"https:\/\/maison4tiers.com\/maisonnette\/wp-content\/uploads\/sites\/77\/2023\/08\/Jules_affiche_WEB_7juillet_LR_CONTE-scaled.jpg\" \/>\n<script type=\"application\/ld+json\" class=\"yoast-schema-graph\">{\"@context\":\"https:\/\/schema.org\",\"@graph\":[{\"@type\":\"WebPage\",\"@id\":\"https:\/\/maison4tiers.com\/maisonnette\/product\/jules-au-pays-dasha\/\",\"url\":\"https:\/\/maison4tiers.com\/maisonnette\/product\/jules-au-pays-dasha\/\",\"name\":\"Jules au Pays d'Asha - Maisonnette - Visionnez le film d\u00e8s maintenant ! -\",\"isPartOf\":{\"@id\":\"https:\/\/maison4tiers.com\/maisonnette\/#website\"},\"primaryImageOfPage\":{\"@id\":\"https:\/\/maison4tiers.com\/maisonnette\/product\/jules-au-pays-dasha\/#primaryimage\"},\"image\":{\"@id\":\"https:\/\/maison4tiers.com\/maisonnette\/product\/jules-au-pays-dasha\/#primaryimage\"},\"thumbnailUrl\":\"https:\/\/maison4tiers.com\/maisonnette\/wp-content\/uploads\/sites\/77\/2023\/08\/Jules_affiche_WEB_LR-scaled.jpg\",\"datePublished\":\"2023-08-10T20:52:47+00:00\",\"dateModified\":\"2024-10-12T13:17:15+00:00\",\"description\":\"Jules au Pays d'Asha - Lorsque Jules d\u00e9m\u00e9nage chez son oncle, il d\u00e9cide de partir \u00e0 la recherche d\u2019un rem\u00e8de avec sa nouvelle myst\u00e9rieuse amie, Asha.\",\"breadcrumb\":{\"@id\":\"https:\/\/maison4tiers.com\/maisonnette\/product\/jules-au-pays-dasha\/#breadcrumb\"},\"inLanguage\":\"fr-FR\",\"potentialAction\":[{\"@type\":\"ReadAction\",\"target\":[\"https:\/\/maison4tiers.com\/maisonnette\/product\/jules-au-pays-dasha\/\"]}]},{\"@type\":\"ImageObject\",\"inLanguage\":\"fr-FR\",\"@id\":\"https:\/\/maison4tiers.com\/maisonnette\/product\/jules-au-pays-dasha\/#primaryimage\",\"url\":\"https:\/\/maison4tiers.com\/maisonnette\/wp-content\/uploads\/sites\/77\/2023\/08\/Jules_affiche_WEB_LR-scaled.jpg\",\"contentUrl\":\"https:\/\/maison4tiers.com\/maisonnette\/wp-content\/uploads\/sites\/77\/2023\/08\/Jules_affiche_WEB_LR-scaled.jpg\",\"width\":1772,\"height\":2560},{\"@type\":\"BreadcrumbList\",\"@id\":\"https:\/\/maison4tiers.com\/maisonnette\/product\/jules-au-pays-dasha\/#breadcrumb\",\"itemListElement\":[{\"@type\":\"ListItem\",\"position\":1,\"name\":\"Home\",\"item\":\"https:\/\/maison4tiers.com\/maisonnette\/\"},{\"@type\":\"ListItem\",\"position\":2,\"name\":\"Films\",\"item\":\"https:\/\/maison4tiers.com\/maisonnette\/?page_id=35\"},{\"@type\":\"ListItem\",\"position\":3,\"name\":\"Jules au Pays d&#8217;Asha\"}]},{\"@type\":\"WebSite\",\"@id\":\"https:\/\/maison4tiers.com\/maisonnette\/#website\",\"url\":\"https:\/\/maison4tiers.com\/maisonnette\/\",\"name\":\"Maisonnette\",\"description\":\"Distribution multiplateforme de films qu\u00e9b\u00e9cois et internationaux\",\"publisher\":{\"@id\":\"https:\/\/maison4tiers.com\/maisonnette\/#organization\"},\"potentialAction\":[{\"@type\":\"SearchAction\",\"target\":{\"@type\":\"EntryPoint\",\"urlTemplate\":\"https:\/\/maison4tiers.com\/maisonnette\/?s={search_term_string}\"},\"query-input\":{\"@type\":\"PropertyValueSpecification\",\"valueRequired\":true,\"valueName\":\"search_term_string\"}}],\"inLanguage\":\"fr-FR\"},{\"@type\":\"Organization\",\"@id\":\"https:\/\/maison4tiers.com\/maisonnette\/#organization\",\"name\":\"Maisonnette\",\"url\":\"https:\/\/maison4tiers.com\/maisonnette\/\",\"logo\":{\"@type\":\"ImageObject\",\"inLanguage\":\"fr-FR\",\"@id\":\"https:\/\/maison4tiers.com\/maisonnette\/#\/schema\/logo\/image\/\",\"url\":\"https:\/\/maison4tiers.com\/maisonnette\/wp-content\/uploads\/sites\/77\/2020\/11\/favicon-196.png\",\"contentUrl\":\"https:\/\/maison4tiers.com\/maisonnette\/wp-content\/uploads\/sites\/77\/2020\/11\/favicon-196.png\",\"width\":196,\"height\":196,\"caption\":\"Maisonnette\"},\"image\":{\"@id\":\"https:\/\/maison4tiers.com\/maisonnette\/#\/schema\/logo\/image\/\"}}]}<\/script>\n<!-- \/ Yoast SEO plugin. -->","yoast_head_json":{"title":"Jules au Pays d'Asha - Maisonnette - Visionnez le film d\u00e8s maintenant ! -","description":"Jules au Pays d'Asha - Lorsque Jules d\u00e9m\u00e9nage chez son oncle, il d\u00e9cide de partir \u00e0 la recherche d\u2019un rem\u00e8de avec sa nouvelle myst\u00e9rieuse amie, Asha.","robots":{"index":"noindex","follow":"follow","max-snippet":"max-snippet:-1","max-image-preview":"max-image-preview:large","max-video-preview":"max-video-preview:-1"},"og_locale":"fr_FR","og_type":"article","og_title":"Jules au Pays d'Asha","og_description":"Par une froide journ\u00e9e d\u2019hiver de 1940, Jules emm\u00e9nage avec sa famille chez son oncle, maire d\u2019un village de colons dans le nord du Qu\u00e9bec. \u00c0 cause d\u2019une maladie rare de la peau, il n\u2019a aucun ami. Alors son plus grand souhait est de gu\u00e9rir. Lorsque son chien Flagrant se sauve dans la for\u00eat, Jules n\u2019a d\u2019autre choix que de s\u2019\u00e9loigner de sa maison pour le retrouver. En chemin, il fait la rencontre d\u2019Asha, une myst\u00e9rieuse jeune fille autochtone. Ensemble, ils vont s\u2019aventurer de l\u2019autre c\u00f4t\u00e9 de la for\u00eat, l\u00e0 o\u00f9 la nature se r\u00e9v\u00e8le pleine de vie et de secrets.","og_url":"https:\/\/maison4tiers.com\/maisonnette\/product\/jules-au-pays-dasha\/","og_site_name":"Maisonnette","article_modified_time":"2024-10-12T13:17:15+00:00","og_image":[{"width":1777,"height":2560,"url":"https:\/\/maison4tiers.com\/maisonnette\/wp-content\/uploads\/sites\/77\/2023\/08\/Jules_affiche_WEB_7juillet_LR_CONTE-scaled.jpg","type":"image\/jpeg"}],"twitter_card":"summary_large_image","twitter_title":"Jules au Pays d'Asha","twitter_description":"Par une froide journ\u00e9e d\u2019hiver de 1940, Jules emm\u00e9nage avec sa famille chez son oncle, maire d\u2019un village de colons dans le nord du Qu\u00e9bec. \u00c0 cause d\u2019une maladie rare de la peau, il n\u2019a aucun ami. Alors son plus grand souhait est de gu\u00e9rir. Lorsque son chien Flagrant se sauve dans la for\u00eat, Jules n\u2019a d\u2019autre choix que de s\u2019\u00e9loigner de sa maison pour le retrouver. En chemin, il fait la rencontre d\u2019Asha, une myst\u00e9rieuse jeune fille autochtone. Ensemble, ils vont s\u2019aventurer de l\u2019autre c\u00f4t\u00e9 de la for\u00eat, l\u00e0 o\u00f9 la nature se r\u00e9v\u00e8le pleine de vie et de secrets.","twitter_image":"https:\/\/maison4tiers.com\/maisonnette\/wp-content\/uploads\/sites\/77\/2023\/08\/Jules_affiche_WEB_7juillet_LR_CONTE-scaled.jpg","schema":{"@context":"https:\/\/schema.org","@graph":[{"@type":"WebPage","@id":"https:\/\/maison4tiers.com\/maisonnette\/product\/jules-au-pays-dasha\/","url":"https:\/\/maison4tiers.com\/maisonnette\/product\/jules-au-pays-dasha\/","name":"Jules au Pays d'Asha - Maisonnette - Visionnez le film d\u00e8s maintenant ! -","isPartOf":{"@id":"https:\/\/maison4tiers.com\/maisonnette\/#website"},"primaryImageOfPage":{"@id":"https:\/\/maison4tiers.com\/maisonnette\/product\/jules-au-pays-dasha\/#primaryimage"},"image":{"@id":"https:\/\/maison4tiers.com\/maisonnette\/product\/jules-au-pays-dasha\/#primaryimage"},"thumbnailUrl":"https:\/\/maison4tiers.com\/maisonnette\/wp-content\/uploads\/sites\/77\/2023\/08\/Jules_affiche_WEB_LR-scaled.jpg","datePublished":"2023-08-10T20:52:47+00:00","dateModified":"2024-10-12T13:17:15+00:00","description":"Jules au Pays d'Asha - Lorsque Jules d\u00e9m\u00e9nage chez son oncle, il d\u00e9cide de partir \u00e0 la recherche d\u2019un rem\u00e8de avec sa nouvelle myst\u00e9rieuse amie, Asha.","breadcrumb":{"@id":"https:\/\/maison4tiers.com\/maisonnette\/product\/jules-au-pays-dasha\/#breadcrumb"},"inLanguage":"fr-FR","potentialAction":[{"@type":"ReadAction","target":["https:\/\/maison4tiers.com\/maisonnette\/product\/jules-au-pays-dasha\/"]}]},{"@type":"ImageObject","inLanguage":"fr-FR","@id":"https:\/\/maison4tiers.com\/maisonnette\/product\/jules-au-pays-dasha\/#primaryimage","url":"https:\/\/maison4tiers.com\/maisonnette\/wp-content\/uploads\/sites\/77\/2023\/08\/Jules_affiche_WEB_LR-scaled.jpg","contentUrl":"https:\/\/maison4tiers.com\/maisonnette\/wp-content\/uploads\/sites\/77\/2023\/08\/Jules_affiche_WEB_LR-scaled.jpg","width":1772,"height":2560},{"@type":"BreadcrumbList","@id":"https:\/\/maison4tiers.com\/maisonnette\/product\/jules-au-pays-dasha\/#breadcrumb","itemListElement":[{"@type":"ListItem","position":1,"name":"Home","item":"https:\/\/maison4tiers.com\/maisonnette\/"},{"@type":"ListItem","position":2,"name":"Films","item":"https:\/\/maison4tiers.com\/maisonnette\/?page_id=35"},{"@type":"ListItem","position":3,"name":"Jules au Pays d&#8217;Asha"}]},{"@type":"WebSite","@id":"https:\/\/maison4tiers.com\/maisonnette\/#website","url":"https:\/\/maison4tiers.com\/maisonnette\/","name":"Maisonnette","description":"Distribution multiplateforme de films qu\u00e9b\u00e9cois et internationaux","publisher":{"@id":"https:\/\/maison4tiers.com\/maisonnette\/#organization"},"potentialAction":[{"@type":"SearchAction","target":{"@type":"EntryPoint","urlTemplate":"https:\/\/maison4tiers.com\/maisonnette\/?s={search_term_string}"},"query-input":{"@type":"PropertyValueSpecification","valueRequired":true,"valueName":"search_term_string"}}],"inLanguage":"fr-FR"},{"@type":"Organization","@id":"https:\/\/maison4tiers.com\/maisonnette\/#organization","name":"Maisonnette","url":"https:\/\/maison4tiers.com\/maisonnette\/","logo":{"@type":"ImageObject","inLanguage":"fr-FR","@id":"https:\/\/maison4tiers.com\/maisonnette\/#\/schema\/logo\/image\/","url":"https:\/\/maison4tiers.com\/maisonnette\/wp-content\/uploads\/sites\/77\/2020\/11\/favicon-196.png","contentUrl":"https:\/\/maison4tiers.com\/maisonnette\/wp-content\/uploads\/sites\/77\/2020\/11\/favicon-196.png","width":196,"height":196,"caption":"Maisonnette"},"image":{"@id":"https:\/\/maison4tiers.com\/maisonnette\/#\/schema\/logo\/image\/"}}]}},"jetpack_sharing_enabled":true,"_links":{"self":[{"href":"https:\/\/maison4tiers.com\/maisonnette\/wp-json\/wp\/v2\/product\/17222","targetHints":{"allow":["GET"]}}],"collection":[{"href":"https:\/\/maison4tiers.com\/maisonnette\/wp-json\/wp\/v2\/product"}],"about":[{"href":"https:\/\/maison4tiers.com\/maisonnette\/wp-json\/wp\/v2\/types\/product"}],"wp:featuredmedia":[{"embeddable":true,"href":"https:\/\/maison4tiers.com\/maisonnette\/wp-json\/wp\/v2\/media\/17396"}],"wp:attachment":[{"href":"https:\/\/maison4tiers.com\/maisonnette\/wp-json\/wp\/v2\/media?parent=17222"}],"wp:term":[{"taxonomy":"product_brand","embeddable":true,"href":"https:\/\/maison4tiers.com\/maisonnette\/wp-json\/wp\/v2\/product_brand?post=17222"},{"taxonomy":"product_cat","embeddable":true,"href":"https:\/\/maison4tiers.com\/maisonnette\/wp-json\/wp\/v2\/product_cat?post=17222"},{"taxonomy":"product_tag","embeddable":true,"href":"https:\/\/maison4tiers.com\/maisonnette\/wp-json\/wp\/v2\/product_tag?post=17222"}],"curies":[{"name":"wp","href":"https:\/\/api.w.org\/{rel}","templated":true}]}}