{"id":13924,"date":"2023-05-01T15:48:25","date_gmt":"2023-05-01T19:48:25","guid":{"rendered":"https:\/\/maison4tiers.com\/?post_type=product&#038;p=13924"},"modified":"2024-08-18T19:46:15","modified_gmt":"2024-08-18T23:46:15","slug":"katak-le-brave-beluga","status":"publish","type":"product","link":"https:\/\/maison4tiers.com\/maisonnette\/product\/katak-le-brave-beluga\/","title":{"rendered":"KATAK Le Brave B\u00e9luga"},"excerpt":{"rendered":"<h4><strong>MAINTENANT DISPONIBLE EN DVD ET VID\u00c9O SUR DEMANDE!<\/strong><\/h4>\n<p>Alors que ses amis sont tous rendus blancs, Katak, le jeune b\u00e9luga, est petit et gris. Pour prouver sa maturit\u00e9, il compte exaucer le dernier souhait de sa mamie souffrante qui est de retrouver son premier amour dans le nord, \u00e0 la Grande Banquise.<\/p>\n<blockquote><p><em>\u00ab <span style=\"font-weight: 400;\">Katak, le brave b\u00e9luga (\u2026) une \u00e9tonnante fable environnementale \u00bb<\/span><br \/>\n<\/em><a href=\"https:\/\/www.ledevoir.com\/culture\/cinema\/782921\/cinema-katak-le-brave-beluga-tres-chere-mer\" target=\"_blank\" rel=\"noopener\">\u2605\u2605\u2605\u2605<strong>\u00a0\u2013 LE DEVOIR<\/strong><\/a><\/p>\n<p><span style=\"font-weight: 400;\">\u00ab <\/span><i><span style=\"font-weight: 400;\">Katak, le brave b\u00e9luga<\/span><\/i><span style=\"font-weight: 400;\"> nous fait honneur \u00e0 bien des \u00e9gards, \u00e0 nos paysages, \u00e0 notre fleuve, \u00e0 notre faune, \u00e0 nos voix. \u00bb\u00a0\u00a0<\/span><br \/>\n<a href=\"https:\/\/www.lesoleil.com\/2023\/02\/23\/katak-le-brave-beluga-de-courage-et-de-fierte-670754c1cc207c3f0028c3bb85045d11\/\" target=\"_blank\" rel=\"noopener\">\u2605\u2605\u2605\u2605<strong> \u2013 LE SOLEIL<\/strong><\/a><\/p>\n<p>&nbsp;<\/p><\/blockquote>\n<p><a href=\"https:\/\/maison4tiers.com\/categorie-produit\/film\/animation\/\" target=\"_blank\" rel=\"noopener\"><span style=\"text-decoration: underline;\">Voir les autres films d&rsquo;animation<\/span><\/a><\/p>\n<p><a href=\"https:\/\/maison4tiers.com\/categorie-produit\/film\/famille\/\" target=\"_blank\" rel=\"noopener\"><span style=\"text-decoration: underline;\">Voir les autres films famille<\/span><\/a><\/p>\n<p>*Disponible au Canada seulement<\/p>\n","protected":false},"featured_media":13951,"template":"","meta":{"_acf_changed":false,"_eb_attr":""},"product_brand":[],"product_cat":[113,118,123,120,45,119,138,136,131,142],"product_tag":[388,689,686,222,206,291,688,687,684,389,390,189,295,685],"class_list":{"0":"post-13924","1":"product","2":"type-product","3":"status-publish","4":"has-post-thumbnail","6":"product_cat-animation","7":"product_cat-environnement","8":"product_cat-famille","9":"product_cat-fiction","10":"product_cat-film","11":"product_cat-quebecois","12":"product_cat-bluray","13":"product_cat-dvd","14":"product_cat-touslesfilms","15":"product_cat-numerique","16":"product_tag-animation","17":"product_tag-banquise","18":"product_tag-beluga","19":"product_tag-enfant","20":"product_tag-enfants","21":"product_tag-ginette-reno","22":"product_tag-katak","23":"product_tag-katak-le-brave-beluga","24":"product_tag-ludivine-reding","25":"product_tag-mer","26":"product_tag-ocean","27":"product_tag-quebec","28":"product_tag-quebecois","29":"product_tag-tadoussac","31":"first","32":"instock","33":"taxable","34":"shipping-taxable","35":"purchasable","36":"product-type-variable","37":"has-default-attributes"},"acf":[],"yoast_head":"<!-- This site is optimized with the Yoast SEO plugin v27.0 - https:\/\/yoast.com\/product\/yoast-seo-wordpress\/ -->\n<title>KATAK Le Brave B\u00e9luga - Maisonnette - Film qu\u00e9b\u00e9cois - Regardez-le aujourd&#039;hui! -<\/title>\n<meta name=\"description\" content=\"Alors que ses amis sont rendus blancs, Katak, le jeune b\u00e9luga, est petit et gris. Il compte retrouver le premier amour de sa mamie \u00e0 la Grande Banquise.\" \/>\n<meta name=\"robots\" content=\"noindex, follow, max-snippet:-1, max-image-preview:large, max-video-preview:-1\" \/>\n<meta property=\"og:locale\" content=\"fr_FR\" \/>\n<meta property=\"og:type\" content=\"article\" \/>\n<meta property=\"og:title\" content=\"Katak le Brave B\u00e9luga\" \/>\n<meta property=\"og:description\" content=\"Alors que ses amis sont tous rendus blancs, Katak, le jeune b\u00e9luga, est petit et gris. Pour prouver sa maturit\u00e9, il compte exaucer le dernier souhait de sa mamie souffrante qui est de retrouver son premier amour dans le nord, \u00e0 la Grande Banquise.\" \/>\n<meta property=\"og:url\" content=\"https:\/\/maison4tiers.com\/maisonnette\/product\/katak-le-brave-beluga\/\" \/>\n<meta property=\"og:site_name\" content=\"Maisonnette\" \/>\n<meta property=\"article:modified_time\" content=\"2024-08-18T23:46:15+00:00\" \/>\n<meta property=\"og:image\" content=\"https:\/\/maison4tiers.com\/maisonnette\/wp-content\/uploads\/sites\/77\/2023\/05\/Katak_WEB_HR-scaled.jpg\" \/>\n\t<meta property=\"og:image:width\" content=\"1772\" \/>\n\t<meta property=\"og:image:height\" content=\"2560\" \/>\n\t<meta property=\"og:image:type\" content=\"image\/jpeg\" \/>\n<meta name=\"twitter:card\" content=\"summary_large_image\" \/>\n<meta name=\"twitter:title\" content=\"Katak le Brave B\u00e9luga\" \/>\n<meta name=\"twitter:description\" content=\"Alors que ses amis sont tous rendus blancs, Katak, le jeune b\u00e9luga, est petit et gris. Pour prouver sa maturit\u00e9, il compte exaucer le dernier souhait de sa mamie souffrante qui est de retrouver son premier amour dans le nord, \u00e0 la Grande Banquise.\" \/>\n<meta name=\"twitter:image\" content=\"https:\/\/maison4tiers.com\/maisonnette\/wp-content\/uploads\/sites\/77\/2022\/11\/10-Ave-Katak-Brave-Beluga-EnTeteFR@2022.webp\" \/>\n<script type=\"application\/ld+json\" class=\"yoast-schema-graph\">{\"@context\":\"https:\/\/schema.org\",\"@graph\":[{\"@type\":\"WebPage\",\"@id\":\"https:\/\/maison4tiers.com\/maisonnette\/product\/katak-le-brave-beluga\/\",\"url\":\"https:\/\/maison4tiers.com\/maisonnette\/product\/katak-le-brave-beluga\/\",\"name\":\"KATAK Le Brave B\u00e9luga - Maisonnette - Film qu\u00e9b\u00e9cois - Regardez-le aujourd'hui! -\",\"isPartOf\":{\"@id\":\"https:\/\/maison4tiers.com\/maisonnette\/#website\"},\"primaryImageOfPage\":{\"@id\":\"https:\/\/maison4tiers.com\/maisonnette\/product\/katak-le-brave-beluga\/#primaryimage\"},\"image\":{\"@id\":\"https:\/\/maison4tiers.com\/maisonnette\/product\/katak-le-brave-beluga\/#primaryimage\"},\"thumbnailUrl\":\"https:\/\/maison4tiers.com\/maisonnette\/wp-content\/uploads\/sites\/77\/2023\/05\/Katak_WEB_HR-scaled.jpg\",\"datePublished\":\"2023-05-01T19:48:25+00:00\",\"dateModified\":\"2024-08-18T23:46:15+00:00\",\"description\":\"Alors que ses amis sont rendus blancs, Katak, le jeune b\u00e9luga, est petit et gris. Il compte retrouver le premier amour de sa mamie \u00e0 la Grande Banquise.\",\"breadcrumb\":{\"@id\":\"https:\/\/maison4tiers.com\/maisonnette\/product\/katak-le-brave-beluga\/#breadcrumb\"},\"inLanguage\":\"fr-FR\",\"potentialAction\":[{\"@type\":\"ReadAction\",\"target\":[\"https:\/\/maison4tiers.com\/maisonnette\/product\/katak-le-brave-beluga\/\"]}]},{\"@type\":\"ImageObject\",\"inLanguage\":\"fr-FR\",\"@id\":\"https:\/\/maison4tiers.com\/maisonnette\/product\/katak-le-brave-beluga\/#primaryimage\",\"url\":\"https:\/\/maison4tiers.com\/maisonnette\/wp-content\/uploads\/sites\/77\/2023\/05\/Katak_WEB_HR-scaled.jpg\",\"contentUrl\":\"https:\/\/maison4tiers.com\/maisonnette\/wp-content\/uploads\/sites\/77\/2023\/05\/Katak_WEB_HR-scaled.jpg\",\"width\":1772,\"height\":2560},{\"@type\":\"BreadcrumbList\",\"@id\":\"https:\/\/maison4tiers.com\/maisonnette\/product\/katak-le-brave-beluga\/#breadcrumb\",\"itemListElement\":[{\"@type\":\"ListItem\",\"position\":1,\"name\":\"Home\",\"item\":\"https:\/\/maison4tiers.com\/maisonnette\/\"},{\"@type\":\"ListItem\",\"position\":2,\"name\":\"Films\",\"item\":\"https:\/\/maison4tiers.com\/maisonnette\/?page_id=35\"},{\"@type\":\"ListItem\",\"position\":3,\"name\":\"KATAK Le Brave B\u00e9luga\"}]},{\"@type\":\"WebSite\",\"@id\":\"https:\/\/maison4tiers.com\/maisonnette\/#website\",\"url\":\"https:\/\/maison4tiers.com\/maisonnette\/\",\"name\":\"Maisonnette\",\"description\":\"Distribution multiplateforme de films qu\u00e9b\u00e9cois et internationaux\",\"publisher\":{\"@id\":\"https:\/\/maison4tiers.com\/maisonnette\/#organization\"},\"potentialAction\":[{\"@type\":\"SearchAction\",\"target\":{\"@type\":\"EntryPoint\",\"urlTemplate\":\"https:\/\/maison4tiers.com\/maisonnette\/?s={search_term_string}\"},\"query-input\":{\"@type\":\"PropertyValueSpecification\",\"valueRequired\":true,\"valueName\":\"search_term_string\"}}],\"inLanguage\":\"fr-FR\"},{\"@type\":\"Organization\",\"@id\":\"https:\/\/maison4tiers.com\/maisonnette\/#organization\",\"name\":\"Maisonnette\",\"url\":\"https:\/\/maison4tiers.com\/maisonnette\/\",\"logo\":{\"@type\":\"ImageObject\",\"inLanguage\":\"fr-FR\",\"@id\":\"https:\/\/maison4tiers.com\/maisonnette\/#\/schema\/logo\/image\/\",\"url\":\"https:\/\/maison4tiers.com\/maisonnette\/wp-content\/uploads\/sites\/77\/2020\/11\/favicon-196.png\",\"contentUrl\":\"https:\/\/maison4tiers.com\/maisonnette\/wp-content\/uploads\/sites\/77\/2020\/11\/favicon-196.png\",\"width\":196,\"height\":196,\"caption\":\"Maisonnette\"},\"image\":{\"@id\":\"https:\/\/maison4tiers.com\/maisonnette\/#\/schema\/logo\/image\/\"}}]}<\/script>\n<!-- \/ Yoast SEO plugin. -->","yoast_head_json":{"title":"KATAK Le Brave B\u00e9luga - Maisonnette - Film qu\u00e9b\u00e9cois - Regardez-le aujourd'hui! -","description":"Alors que ses amis sont rendus blancs, Katak, le jeune b\u00e9luga, est petit et gris. Il compte retrouver le premier amour de sa mamie \u00e0 la Grande Banquise.","robots":{"index":"noindex","follow":"follow","max-snippet":"max-snippet:-1","max-image-preview":"max-image-preview:large","max-video-preview":"max-video-preview:-1"},"og_locale":"fr_FR","og_type":"article","og_title":"Katak le Brave B\u00e9luga","og_description":"Alors que ses amis sont tous rendus blancs, Katak, le jeune b\u00e9luga, est petit et gris. Pour prouver sa maturit\u00e9, il compte exaucer le dernier souhait de sa mamie souffrante qui est de retrouver son premier amour dans le nord, \u00e0 la Grande Banquise.","og_url":"https:\/\/maison4tiers.com\/maisonnette\/product\/katak-le-brave-beluga\/","og_site_name":"Maisonnette","article_modified_time":"2024-08-18T23:46:15+00:00","og_image":[{"width":1772,"height":2560,"url":"https:\/\/maison4tiers.com\/maisonnette\/wp-content\/uploads\/sites\/77\/2023\/05\/Katak_WEB_HR-scaled.jpg","type":"image\/jpeg"}],"twitter_card":"summary_large_image","twitter_title":"Katak le Brave B\u00e9luga","twitter_description":"Alors que ses amis sont tous rendus blancs, Katak, le jeune b\u00e9luga, est petit et gris. Pour prouver sa maturit\u00e9, il compte exaucer le dernier souhait de sa mamie souffrante qui est de retrouver son premier amour dans le nord, \u00e0 la Grande Banquise.","twitter_image":"https:\/\/maison4tiers.com\/maisonnette\/wp-content\/uploads\/sites\/77\/2022\/11\/10-Ave-Katak-Brave-Beluga-EnTeteFR@2022.webp","schema":{"@context":"https:\/\/schema.org","@graph":[{"@type":"WebPage","@id":"https:\/\/maison4tiers.com\/maisonnette\/product\/katak-le-brave-beluga\/","url":"https:\/\/maison4tiers.com\/maisonnette\/product\/katak-le-brave-beluga\/","name":"KATAK Le Brave B\u00e9luga - Maisonnette - Film qu\u00e9b\u00e9cois - Regardez-le aujourd'hui! -","isPartOf":{"@id":"https:\/\/maison4tiers.com\/maisonnette\/#website"},"primaryImageOfPage":{"@id":"https:\/\/maison4tiers.com\/maisonnette\/product\/katak-le-brave-beluga\/#primaryimage"},"image":{"@id":"https:\/\/maison4tiers.com\/maisonnette\/product\/katak-le-brave-beluga\/#primaryimage"},"thumbnailUrl":"https:\/\/maison4tiers.com\/maisonnette\/wp-content\/uploads\/sites\/77\/2023\/05\/Katak_WEB_HR-scaled.jpg","datePublished":"2023-05-01T19:48:25+00:00","dateModified":"2024-08-18T23:46:15+00:00","description":"Alors que ses amis sont rendus blancs, Katak, le jeune b\u00e9luga, est petit et gris. Il compte retrouver le premier amour de sa mamie \u00e0 la Grande Banquise.","breadcrumb":{"@id":"https:\/\/maison4tiers.com\/maisonnette\/product\/katak-le-brave-beluga\/#breadcrumb"},"inLanguage":"fr-FR","potentialAction":[{"@type":"ReadAction","target":["https:\/\/maison4tiers.com\/maisonnette\/product\/katak-le-brave-beluga\/"]}]},{"@type":"ImageObject","inLanguage":"fr-FR","@id":"https:\/\/maison4tiers.com\/maisonnette\/product\/katak-le-brave-beluga\/#primaryimage","url":"https:\/\/maison4tiers.com\/maisonnette\/wp-content\/uploads\/sites\/77\/2023\/05\/Katak_WEB_HR-scaled.jpg","contentUrl":"https:\/\/maison4tiers.com\/maisonnette\/wp-content\/uploads\/sites\/77\/2023\/05\/Katak_WEB_HR-scaled.jpg","width":1772,"height":2560},{"@type":"BreadcrumbList","@id":"https:\/\/maison4tiers.com\/maisonnette\/product\/katak-le-brave-beluga\/#breadcrumb","itemListElement":[{"@type":"ListItem","position":1,"name":"Home","item":"https:\/\/maison4tiers.com\/maisonnette\/"},{"@type":"ListItem","position":2,"name":"Films","item":"https:\/\/maison4tiers.com\/maisonnette\/?page_id=35"},{"@type":"ListItem","position":3,"name":"KATAK Le Brave B\u00e9luga"}]},{"@type":"WebSite","@id":"https:\/\/maison4tiers.com\/maisonnette\/#website","url":"https:\/\/maison4tiers.com\/maisonnette\/","name":"Maisonnette","description":"Distribution multiplateforme de films qu\u00e9b\u00e9cois et internationaux","publisher":{"@id":"https:\/\/maison4tiers.com\/maisonnette\/#organization"},"potentialAction":[{"@type":"SearchAction","target":{"@type":"EntryPoint","urlTemplate":"https:\/\/maison4tiers.com\/maisonnette\/?s={search_term_string}"},"query-input":{"@type":"PropertyValueSpecification","valueRequired":true,"valueName":"search_term_string"}}],"inLanguage":"fr-FR"},{"@type":"Organization","@id":"https:\/\/maison4tiers.com\/maisonnette\/#organization","name":"Maisonnette","url":"https:\/\/maison4tiers.com\/maisonnette\/","logo":{"@type":"ImageObject","inLanguage":"fr-FR","@id":"https:\/\/maison4tiers.com\/maisonnette\/#\/schema\/logo\/image\/","url":"https:\/\/maison4tiers.com\/maisonnette\/wp-content\/uploads\/sites\/77\/2020\/11\/favicon-196.png","contentUrl":"https:\/\/maison4tiers.com\/maisonnette\/wp-content\/uploads\/sites\/77\/2020\/11\/favicon-196.png","width":196,"height":196,"caption":"Maisonnette"},"image":{"@id":"https:\/\/maison4tiers.com\/maisonnette\/#\/schema\/logo\/image\/"}}]}},"jetpack_sharing_enabled":true,"_links":{"self":[{"href":"https:\/\/maison4tiers.com\/maisonnette\/wp-json\/wp\/v2\/product\/13924","targetHints":{"allow":["GET"]}}],"collection":[{"href":"https:\/\/maison4tiers.com\/maisonnette\/wp-json\/wp\/v2\/product"}],"about":[{"href":"https:\/\/maison4tiers.com\/maisonnette\/wp-json\/wp\/v2\/types\/product"}],"wp:featuredmedia":[{"embeddable":true,"href":"https:\/\/maison4tiers.com\/maisonnette\/wp-json\/wp\/v2\/media\/13951"}],"wp:attachment":[{"href":"https:\/\/maison4tiers.com\/maisonnette\/wp-json\/wp\/v2\/media?parent=13924"}],"wp:term":[{"taxonomy":"product_brand","embeddable":true,"href":"https:\/\/maison4tiers.com\/maisonnette\/wp-json\/wp\/v2\/product_brand?post=13924"},{"taxonomy":"product_cat","embeddable":true,"href":"https:\/\/maison4tiers.com\/maisonnette\/wp-json\/wp\/v2\/product_cat?post=13924"},{"taxonomy":"product_tag","embeddable":true,"href":"https:\/\/maison4tiers.com\/maisonnette\/wp-json\/wp\/v2\/product_tag?post=13924"}],"curies":[{"name":"wp","href":"https:\/\/api.w.org\/{rel}","templated":true}]}}