{"id":6850,"date":"2021-11-25T13:53:25","date_gmt":"2021-11-25T17:53:25","guid":{"rendered":"https:\/\/maison4tiers.com\/?page_id=6850"},"modified":"2021-11-30T16:07:37","modified_gmt":"2021-11-30T20:07:37","slug":"alinelefilm","status":"publish","type":"page","link":"https:\/\/maison4tiers.com\/maisonnette\/alinelefilm\/","title":{"rendered":"ALINE"},"content":{"rendered":"\t\t<div data-elementor-type=\"wp-page\" data-elementor-id=\"6850\" class=\"elementor elementor-6850\" data-elementor-post-type=\"page\">\n\t\t\t\t\t\t<section data-particle_enable=\"false\" data-particle-mobile-disabled=\"false\" class=\"elementor-section elementor-top-section elementor-element elementor-element-655f80d elementor-section-boxed elementor-section-height-default elementor-section-height-default qodef-elementor-content-no\" data-id=\"655f80d\" data-element_type=\"section\" data-e-type=\"section\">\n\t\t\t\t\t\t<div class=\"elementor-container elementor-column-gap-default\">\n\t\t\t\t\t<div class=\"elementor-column elementor-col-100 elementor-top-column elementor-element elementor-element-5f4310d\" data-id=\"5f4310d\" data-element_type=\"column\" data-e-type=\"column\">\n\t\t\t<div class=\"elementor-widget-wrap elementor-element-populated\">\n\t\t\t\t\t\t<div class=\"elementor-element elementor-element-8ccba76 elementor-widget elementor-widget-pelicula_core_banner\" data-id=\"8ccba76\" data-element_type=\"widget\" data-e-type=\"widget\" data-widget_type=\"pelicula_core_banner.default\">\n\t\t\t\t<div class=\"elementor-widget-container\">\n\t\t\t\t\t<div class=\"qodef-shortcode qodef-m qodef-banner qodef-layout--link-button\">\n\t<div class=\"qodef-m-image\">\n\t<\/div>\t<div class=\"qodef-m-content\">\n\t\t<div class=\"qodef-m-content-inner\">\n\t\t\t\t\t\t\t\t\t\t\t\t<div class=\"qodef-m-button\">\n\t<a class=\"qodef-shortcode qodef-m qodef-button qodef-layout--outlined qodef-size--large qodef-html--link\" href=\"\" target=\"_self\"  >\t<span class=\"qodef-m-text\">Bande-annonce<\/span><\/a><\/div>\t\t<\/div>\n\t<\/div>\n<\/div>\t\t\t\t<\/div>\n\t\t\t\t<\/div>\n\t\t\t\t\t<\/div>\n\t\t<\/div>\n\t\t\t\t\t<\/div>\n\t\t<\/section>\n\t\t\t\t<\/div>\n\t\t","protected":false},"excerpt":{"rendered":"<p>Bande-annonce<\/p>\n","protected":false},"author":11,"featured_media":0,"parent":0,"menu_order":0,"comment_status":"closed","ping_status":"closed","template":"","meta":{"_acf_changed":false,"_eb_attr":"","footnotes":""},"class_list":["post-6850","page","type-page","status-publish","hentry"],"acf":[],"yoast_head":"<!-- This site is optimized with the Yoast SEO plugin v27.0 - https:\/\/yoast.com\/product\/yoast-seo-wordpress\/ -->\n<title>ALINE - Librement inspir\u00e9 de la vie de C\u00e9line Dion - Au cin\u00e9ma<\/title>\n<meta name=\"description\" content=\"Aline : film \u00e9v\u00e9nement librement inspir\u00e9 de la vie de C\u00e9line Dion mettant en vedette Val\u00e9rie Lemercier, Sylvain Marcel et Danielle Fichaud.\" \/>\n<meta name=\"robots\" content=\"noindex, follow, max-snippet:-1, max-image-preview:large, max-video-preview:-1\" \/>\n<meta property=\"og:locale\" content=\"fr_FR\" \/>\n<meta property=\"og:type\" content=\"article\" \/>\n<meta property=\"og:title\" content=\"ALINE - Librement inspir\u00e9 de la vie de C\u00e9line Dion - Au cin\u00e9ma\" \/>\n<meta property=\"og:description\" content=\"Aline : film \u00e9v\u00e9nement librement inspir\u00e9 de la vie de C\u00e9line Dion mettant en vedette Val\u00e9rie Lemercier, Sylvain Marcel et Danielle Fichaud.\" \/>\n<meta property=\"og:url\" content=\"https:\/\/maison4tiers.com\/maisonnette\/alinelefilm\/\" \/>\n<meta property=\"og:site_name\" content=\"Maisonnette\" \/>\n<meta property=\"article:modified_time\" content=\"2021-11-30T20:07:37+00:00\" \/>\n<meta name=\"twitter:card\" content=\"summary_large_image\" \/>\n<meta name=\"twitter:label1\" content=\"Dur\u00e9e de lecture estim\u00e9e\" \/>\n\t<meta name=\"twitter:data1\" content=\"1 minute\" \/>\n<script type=\"application\/ld+json\" class=\"yoast-schema-graph\">{\"@context\":\"https:\/\/schema.org\",\"@graph\":[{\"@type\":\"WebPage\",\"@id\":\"https:\/\/maison4tiers.com\/maisonnette\/alinelefilm\/\",\"url\":\"https:\/\/maison4tiers.com\/maisonnette\/alinelefilm\/\",\"name\":\"ALINE - Librement inspir\u00e9 de la vie de C\u00e9line Dion - Au cin\u00e9ma\",\"isPartOf\":{\"@id\":\"https:\/\/maison4tiers.com\/maisonnette\/#website\"},\"datePublished\":\"2021-11-25T17:53:25+00:00\",\"dateModified\":\"2021-11-30T20:07:37+00:00\",\"description\":\"Aline : film \u00e9v\u00e9nement librement inspir\u00e9 de la vie de C\u00e9line Dion mettant en vedette Val\u00e9rie Lemercier, Sylvain Marcel et Danielle Fichaud.\",\"breadcrumb\":{\"@id\":\"https:\/\/maison4tiers.com\/maisonnette\/alinelefilm\/#breadcrumb\"},\"inLanguage\":\"fr-FR\",\"potentialAction\":[{\"@type\":\"ReadAction\",\"target\":[\"https:\/\/maison4tiers.com\/maisonnette\/alinelefilm\/\"]}]},{\"@type\":\"BreadcrumbList\",\"@id\":\"https:\/\/maison4tiers.com\/maisonnette\/alinelefilm\/#breadcrumb\",\"itemListElement\":[{\"@type\":\"ListItem\",\"position\":1,\"name\":\"Home\",\"item\":\"https:\/\/maison4tiers.com\/maisonnette\/\"},{\"@type\":\"ListItem\",\"position\":2,\"name\":\"ALINE\"}]},{\"@type\":\"WebSite\",\"@id\":\"https:\/\/maison4tiers.com\/maisonnette\/#website\",\"url\":\"https:\/\/maison4tiers.com\/maisonnette\/\",\"name\":\"Maisonnette\",\"description\":\"Distribution multiplateforme de films qu\u00e9b\u00e9cois et internationaux\",\"publisher\":{\"@id\":\"https:\/\/maison4tiers.com\/maisonnette\/#organization\"},\"potentialAction\":[{\"@type\":\"SearchAction\",\"target\":{\"@type\":\"EntryPoint\",\"urlTemplate\":\"https:\/\/maison4tiers.com\/maisonnette\/?s={search_term_string}\"},\"query-input\":{\"@type\":\"PropertyValueSpecification\",\"valueRequired\":true,\"valueName\":\"search_term_string\"}}],\"inLanguage\":\"fr-FR\"},{\"@type\":\"Organization\",\"@id\":\"https:\/\/maison4tiers.com\/maisonnette\/#organization\",\"name\":\"Maisonnette\",\"url\":\"https:\/\/maison4tiers.com\/maisonnette\/\",\"logo\":{\"@type\":\"ImageObject\",\"inLanguage\":\"fr-FR\",\"@id\":\"https:\/\/maison4tiers.com\/maisonnette\/#\/schema\/logo\/image\/\",\"url\":\"https:\/\/maison4tiers.com\/maisonnette\/wp-content\/uploads\/sites\/77\/2020\/11\/favicon-196.png\",\"contentUrl\":\"https:\/\/maison4tiers.com\/maisonnette\/wp-content\/uploads\/sites\/77\/2020\/11\/favicon-196.png\",\"width\":196,\"height\":196,\"caption\":\"Maisonnette\"},\"image\":{\"@id\":\"https:\/\/maison4tiers.com\/maisonnette\/#\/schema\/logo\/image\/\"}}]}<\/script>\n<!-- \/ Yoast SEO plugin. -->","yoast_head_json":{"title":"ALINE - Librement inspir\u00e9 de la vie de C\u00e9line Dion - Au cin\u00e9ma","description":"Aline : film \u00e9v\u00e9nement librement inspir\u00e9 de la vie de C\u00e9line Dion mettant en vedette Val\u00e9rie Lemercier, Sylvain Marcel et Danielle Fichaud.","robots":{"index":"noindex","follow":"follow","max-snippet":"max-snippet:-1","max-image-preview":"max-image-preview:large","max-video-preview":"max-video-preview:-1"},"og_locale":"fr_FR","og_type":"article","og_title":"ALINE - Librement inspir\u00e9 de la vie de C\u00e9line Dion - Au cin\u00e9ma","og_description":"Aline : film \u00e9v\u00e9nement librement inspir\u00e9 de la vie de C\u00e9line Dion mettant en vedette Val\u00e9rie Lemercier, Sylvain Marcel et Danielle Fichaud.","og_url":"https:\/\/maison4tiers.com\/maisonnette\/alinelefilm\/","og_site_name":"Maisonnette","article_modified_time":"2021-11-30T20:07:37+00:00","twitter_card":"summary_large_image","twitter_misc":{"Dur\u00e9e de lecture estim\u00e9e":"1 minute"},"schema":{"@context":"https:\/\/schema.org","@graph":[{"@type":"WebPage","@id":"https:\/\/maison4tiers.com\/maisonnette\/alinelefilm\/","url":"https:\/\/maison4tiers.com\/maisonnette\/alinelefilm\/","name":"ALINE - Librement inspir\u00e9 de la vie de C\u00e9line Dion - Au cin\u00e9ma","isPartOf":{"@id":"https:\/\/maison4tiers.com\/maisonnette\/#website"},"datePublished":"2021-11-25T17:53:25+00:00","dateModified":"2021-11-30T20:07:37+00:00","description":"Aline : film \u00e9v\u00e9nement librement inspir\u00e9 de la vie de C\u00e9line Dion mettant en vedette Val\u00e9rie Lemercier, Sylvain Marcel et Danielle Fichaud.","breadcrumb":{"@id":"https:\/\/maison4tiers.com\/maisonnette\/alinelefilm\/#breadcrumb"},"inLanguage":"fr-FR","potentialAction":[{"@type":"ReadAction","target":["https:\/\/maison4tiers.com\/maisonnette\/alinelefilm\/"]}]},{"@type":"BreadcrumbList","@id":"https:\/\/maison4tiers.com\/maisonnette\/alinelefilm\/#breadcrumb","itemListElement":[{"@type":"ListItem","position":1,"name":"Home","item":"https:\/\/maison4tiers.com\/maisonnette\/"},{"@type":"ListItem","position":2,"name":"ALINE"}]},{"@type":"WebSite","@id":"https:\/\/maison4tiers.com\/maisonnette\/#website","url":"https:\/\/maison4tiers.com\/maisonnette\/","name":"Maisonnette","description":"Distribution multiplateforme de films qu\u00e9b\u00e9cois et internationaux","publisher":{"@id":"https:\/\/maison4tiers.com\/maisonnette\/#organization"},"potentialAction":[{"@type":"SearchAction","target":{"@type":"EntryPoint","urlTemplate":"https:\/\/maison4tiers.com\/maisonnette\/?s={search_term_string}"},"query-input":{"@type":"PropertyValueSpecification","valueRequired":true,"valueName":"search_term_string"}}],"inLanguage":"fr-FR"},{"@type":"Organization","@id":"https:\/\/maison4tiers.com\/maisonnette\/#organization","name":"Maisonnette","url":"https:\/\/maison4tiers.com\/maisonnette\/","logo":{"@type":"ImageObject","inLanguage":"fr-FR","@id":"https:\/\/maison4tiers.com\/maisonnette\/#\/schema\/logo\/image\/","url":"https:\/\/maison4tiers.com\/maisonnette\/wp-content\/uploads\/sites\/77\/2020\/11\/favicon-196.png","contentUrl":"https:\/\/maison4tiers.com\/maisonnette\/wp-content\/uploads\/sites\/77\/2020\/11\/favicon-196.png","width":196,"height":196,"caption":"Maisonnette"},"image":{"@id":"https:\/\/maison4tiers.com\/maisonnette\/#\/schema\/logo\/image\/"}}]}},"jetpack_sharing_enabled":true,"_links":{"self":[{"href":"https:\/\/maison4tiers.com\/maisonnette\/wp-json\/wp\/v2\/pages\/6850","targetHints":{"allow":["GET"]}}],"collection":[{"href":"https:\/\/maison4tiers.com\/maisonnette\/wp-json\/wp\/v2\/pages"}],"about":[{"href":"https:\/\/maison4tiers.com\/maisonnette\/wp-json\/wp\/v2\/types\/page"}],"author":[{"embeddable":true,"href":"https:\/\/maison4tiers.com\/maisonnette\/wp-json\/wp\/v2\/users\/11"}],"replies":[{"embeddable":true,"href":"https:\/\/maison4tiers.com\/maisonnette\/wp-json\/wp\/v2\/comments?post=6850"}],"version-history":[{"count":0,"href":"https:\/\/maison4tiers.com\/maisonnette\/wp-json\/wp\/v2\/pages\/6850\/revisions"}],"wp:attachment":[{"href":"https:\/\/maison4tiers.com\/maisonnette\/wp-json\/wp\/v2\/media?parent=6850"}],"curies":[{"name":"wp","href":"https:\/\/api.w.org\/{rel}","templated":true}]}}