{"id":1154,"date":"2020-03-31T09:48:05","date_gmt":"2020-03-31T09:48:05","guid":{"rendered":"https:\/\/pelicula.qodeinteractive.com\/?page_id=1154"},"modified":"2023-04-10T09:58:08","modified_gmt":"2023-04-10T13:58:08","slug":"aide","status":"publish","type":"page","link":"https:\/\/maison4tiers.com\/maisonnette\/aide\/","title":{"rendered":"Aide"},"content":{"rendered":"\t\t<div data-elementor-type=\"wp-page\" data-elementor-id=\"1154\" class=\"elementor elementor-1154\" data-elementor-post-type=\"page\">\n\t\t\t\t\t\t<section data-particle_enable=\"false\" data-particle-mobile-disabled=\"false\" class=\"elementor-section elementor-top-section elementor-element elementor-element-d644ca8 elementor-section-full_width elementor-section-height-default elementor-section-height-default qodef-elementor-content-no\" data-id=\"d644ca8\" data-element_type=\"section\" data-e-type=\"section\">\n\t\t\t\t\t\t<div class=\"elementor-container elementor-column-gap-no\">\n\t\t\t\t\t<div class=\"elementor-column elementor-col-100 elementor-top-column elementor-element elementor-element-c236cfa\" data-id=\"c236cfa\" data-element_type=\"column\" data-e-type=\"column\">\n\t\t\t<div class=\"elementor-widget-wrap elementor-element-populated\">\n\t\t\t\t\t\t<div class=\"elementor-element elementor-element-58601e9 elementor-widget elementor-widget-pelicula_core_accordion\" data-id=\"58601e9\" data-element_type=\"widget\" data-e-type=\"widget\" data-widget_type=\"pelicula_core_accordion.default\">\n\t\t\t\t<div class=\"elementor-widget-container\">\n\t\t\t\t\t<div class=\"qodef-shortcode qodef-m qodef-accordion clear qodef-behavior--accordion qodef-layout--simple qodef-skin--dark\">\n\t<h5 class=\"qodef-accordion-title\">\n\t<span class=\"qodef-tab-title\">\n\t\tCommander un DVD\/Bluray\t<\/span>\n\t<span class=\"qodef-accordion-mark\">\n\t\t<span class=\"qodef-icon--plus icon_plus\"><\/span>\n\t\t<span class=\"qodef-icon--minus icon_close\"><\/span>\n\t<\/span>\n<\/h5>\n<div class=\"qodef-accordion-content\">\n\t<div class=\"qodef-accordion-content-inner\">\n\t\t<ol>\n \t<li><span style=\"color: #000000;\">Parcourez notre <strong><a style=\"color: #000000;\" href=\"\/films\/\"><span style=\"text-decoration: underline;\">s\u00e9lection de films<\/span><\/a><\/strong> ou entrez le film d\u00e9sir\u00e9 dans la barre de recherche en haut \u00e0 droite de la fen\u00eatre<\/span><\/li>\n \t<li><span style=\"color: #000000;\">Cliquez sur <strong>Ajouter au panier<\/strong><\/span><\/li>\n \t<li><span style=\"color: #000000;\">Cliquez sur\u00a0<strong>Valider la commande<\/strong><\/span><\/li>\n \t<li><span style=\"color: #000000;\">Entrez vos informations personnelles dans\u00a0<strong>Facturation &amp; Exp\u00e9dition<\/strong><\/span><\/li>\n \t<li><span style=\"color: #000000;\">Cliquez sur\u00a0<strong>Payer<\/strong>(Choisissez l\u2019option Paypal ou Carte de cr\u00e9dit)<\/span><\/li>\n \t<li><span style=\"color: #000000;\">Entrez vos informations bancaires<\/span><\/li>\n \t<li><span style=\"color: #000000;\">Validez la commande<\/span><\/li>\n<\/ol>\n<span style=\"color: #000000;\">Votre commande sera exp\u00e9di\u00e9e dans les plus brefs d\u00e9lais \ud83d\ude0a<\/span>\n\n<span style=\"color: #000000;\">Merci de tout c\u0153ur d\u2019encourager une compagnie 100% qu\u00e9b\u00e9coise!<\/span>\t<\/div>\n<\/div><h5 class=\"qodef-accordion-title\">\n\t<span class=\"qodef-tab-title\">\n\t\tRegarder mon film sur ma t\u00e9l\u00e9vision intelligente\t<\/span>\n\t<span class=\"qodef-accordion-mark\">\n\t\t<span class=\"qodef-icon--plus icon_plus\"><\/span>\n\t\t<span class=\"qodef-icon--minus icon_close\"><\/span>\n\t<\/span>\n<\/h5>\n<div class=\"qodef-accordion-content\">\n\t<div class=\"qodef-accordion-content-inner\">\n\t\t<p><span style=\"color: #000000;\">Si vous poss\u00e9dez une t\u00e9l\u00e9vision intelligente, telle qu\u2019un t\u00e9l\u00e9viseur de la marque Samsung, il peut \u00eatre impossible de vous connecter ou de lire le contenu \u00e0 partir du navigateur Internet int\u00e9gr\u00e9 \u00e0 la t\u00e9l\u00e9vision. En d'autres termes, cela pourrait fonctionner, mais ces navigateurs ne font pas partie de nos navigateurs actuellement pris en charge. Si vous souhaitez essayer, voici les \u00e9tapes \u00e0 suivre sur le navigateur d'une t\u00e9l\u00e9vision intelligente :<\/span><\/p><p>\u00a0<\/p><p><span style=\"color: #000000;\"><strong>\u00c9TAPE 1<\/strong><\/span><\/p><p><span style=\"color: #000000;\">Sur votre t\u00e9l\u00e9viseur, ouvrez le navigateur Internet et visitez le site Vimeo.com.<\/span><\/p><p><span style=\"color: #000000;\">Entrez votre adresse e-mail, soumettez, et vous recevrez un lien par e-mail.<\/span><\/p><p>\u00a0<\/p><p><span style=\"color: #000000;\"><strong>\u00c9TAPE 2<\/strong><\/span><\/p><p><span style=\"color: #000000;\">Sur un autre appareil (c'est-\u00e0-dire un autre ordinateur ou appareil mobile), ouvrez votre bo\u00eete de r\u00e9ception, ouvrez l'e-mail de connexion et cliquez sur le lien CONNEXION.<\/span><\/p><p>\u00a0<\/p><p><span style=\"color: #000000;\"><strong>\u00c9TAPE 3<\/strong><\/span><\/p><p><span style=\"color: #000000;\">Revenez \u00e0 votre navigateur TV et vous devriez \u00eatre connect\u00e9 pour regarder.<\/span><\/p><p><span style=\"color: #000000;\">Si ces \u00e9tapes ne fonctionnent pas, il est probable que votre t\u00e9l\u00e9vision intelligente ne soit pas compatible.<\/span><\/p><p><span style=\"color: #000000;\">Dans ce cas, vous pouvez essayer de connecter votre ordinateur ou appareil mobile \u00e0 votre t\u00e9l\u00e9viseur \u00e0 l'aide d'un cordon HDMI ou de diffuser via Chromecast ou Airplay avec des appareils Apple.<\/span><\/p><p>\u00a0<\/p><p><span style=\"color: #000000;\">Remarque: pour le moment, nous ne prenons pas en charge les appareils Chromecast int\u00e9gr\u00e9s \u00e0 certains t\u00e9l\u00e9viseurs. Bien que cela puisse fonctionner, notre lecteur n'est pas d\u00e9velopp\u00e9 pour prendre en charge cela et nous ne pouvons pas r\u00e9soudre les probl\u00e8mes qui pourraient survenir.<\/span><\/p>\t<\/div>\n<\/div><h5 class=\"qodef-accordion-title\">\n\t<span class=\"qodef-tab-title\">\n\t\tRegarder une vid\u00e9o Vimeo priv\u00e9e sur un t\u00e9l\u00e9viseur intelligent ou via un Apple TV\t<\/span>\n\t<span class=\"qodef-accordion-mark\">\n\t\t<span class=\"qodef-icon--plus icon_plus\"><\/span>\n\t\t<span class=\"qodef-icon--minus icon_close\"><\/span>\n\t<\/span>\n<\/h5>\n<div class=\"qodef-accordion-content\">\n\t<div class=\"qodef-accordion-content-inner\">\n\t\t<p><span style=\"color: #000000;\">Les vid\u00e9os \u00abpriv\u00e9es\u00bb et n\u00e9cessitant un mot de passe ne pourront pas \u00eatre recherch\u00e9es via l'application Vimeo sur une Smart TV ou une Apple TV. Pour acc\u00e9der aux vid\u00e9os priv\u00e9es Vimeo, vous devrez les ajouter \u00e0 votre liste Regarder plu tard\/<em>Water Later<\/em> sur Vimeo.<\/span><\/p><p><span style=\"color: #000000;\">Voici comment proc\u00e9der:<\/span><\/p><p>\u00a0<\/p><p><strong><span style=\"color: #000000;\">\u00c9TAPE 1<\/span><\/strong><\/p><p><span style=\"color: #000000;\">Cr\u00e9ez un compte de base (gratuit) sur https:\/\/vimeo.com\/upgrade. Le lien vers un compte de base est r\u00e9pertori\u00e9 juste en dessous de l'en-t\u00eate.<\/span><\/p><p>\u00a0<\/p><p><strong><span style=\"color: #000000;\">\u00c9TAPE 2<\/span><\/strong><\/p><p><span style=\"color: #000000;\">Sur votre ordinateur ou ordinateur portable, connectez-vous \u00e0 votre compte Vimeo.<\/span><\/p><p><span style=\"color: #000000;\">Dans votre programme de messagerie, ouvrez le message \u00e9lectronique contenant le lien vimeo vers votre vid\u00e9o priv\u00e9e.<\/span><\/p><p><span style=\"color: #000000;\">Ouvrez la vid\u00e9o, entrez le mot de passe.<\/span><\/p><p><span style=\"color: #000000;\">Dans le coin sup\u00e9rieur droit de la vid\u00e9o, cliquez sur l'ic\u00f4ne Horloge pour ajouter \u00e0 la liste \u00e0 regarder plus tard.<\/span><\/p><p><span style=\"color: #000000;\">R\u00e9p\u00e9tez cette op\u00e9ration pour chaque vid\u00e9o, en ajoutant chaque vid\u00e9o \u00e0 votre liste \u00e0 regarder plus tard.<\/span><\/p><p><span style=\"color: #000000;\">Vous ne devez effectuer cette \u00e9tape qu'une seule fois par vid\u00e9o.<\/span><\/p><p>\u00a0<\/p><p><strong><span style=\"color: #000000;\">\u00c9TAPE 3<\/span><\/strong><\/p><p><span style=\"color: #000000;\">Sur votre Smart TV ou Apple TV ou tout autre appareil de diffusion en continu, chargez votre application Vimeo.<\/span><\/p><p><span style=\"color: #000000;\">Connectez-vous \u00e0 votre compte gratuit.<\/span><\/p><p><span style=\"color: #000000;\">Acc\u00e9dez \u00e0 vos vid\u00e9os priv\u00e9es \u00e0 partir de la liste \u00c0 regarder plus tard.<\/span><\/p><p><span style=\"color: #000000;\">Vous devrez toujours saisir le mot de passe de chaque vid\u00e9o, \u00e0 condition qu\u2019elles soient d\u00e9finies sur Priv\u00e9 plut\u00f4t que sur Public.<\/span><\/p><p><span style=\"color: #000000;\">Maintenant, vos vid\u00e9os priv\u00e9es seront lues sur votre t\u00e9l\u00e9vision intelligente!<\/span><\/p>\t<\/div>\n<\/div><h5 class=\"qodef-accordion-title\">\n\t<span class=\"qodef-tab-title\">\n\t\tAcc\u00e9der \u00e0 un film gratuit ou en promotion\t<\/span>\n\t<span class=\"qodef-accordion-mark\">\n\t\t<span class=\"qodef-icon--plus icon_plus\"><\/span>\n\t\t<span class=\"qodef-icon--minus icon_close\"><\/span>\n\t<\/span>\n<\/h5>\n<div class=\"qodef-accordion-content\">\n\t<div class=\"qodef-accordion-content-inner\">\n\t\t<ol><li><span style=\"color: #000000;\">Suivez notre <a style=\"color: #000000;\" href=\"https:\/\/www.facebook.com\/maison4tiers\/\"><strong><span style=\"text-decoration: underline;\">page Facebook<\/span><\/strong><\/a> pour ne pas manquer les annonces de films en promotion<\/span><\/li><li><span style=\"color: #000000;\">Prenez en note le\u00a0<strong>code promotionnel\u00a0<\/strong>donn\u00e9 dans la publication Facebook\u00a0<\/span><\/li><li><span style=\"color: #000000;\">Une fois sur la\u00a0<strong><a style=\"color: #000000;\" href=\"\/films\"><span style=\"text-decoration: underline;\">Boutique en ligne\u00a0de Maison 4:3<\/span><\/a><\/strong>, rep\u00e9rer le film en promotion (Parcourez notre <span style=\"text-decoration: underline;\"><strong><a style=\"color: #000000; text-decoration: underline;\" href=\"\/films\">s\u00e9lection de films<\/a><\/strong><\/span> ou entrez le film d\u00e9sir\u00e9 dans la barre de recherche en haut \u00e0 droite de la fen\u00eatre)<\/span><\/li><li><span style=\"color: #000000;\">Cliquez sur\u00a0<strong>Acheter le produit<\/strong><\/span><\/li><li><span style=\"color: #000000;\">Cliquez sur\u00a0<strong>Buy or Rent<\/strong><\/span><\/li><li><span style=\"color: #000000;\">S\u00e9lectionner \u00e0 gauche l\u2019option\u00a0<strong>Rent<\/strong><\/span><\/li><li><span style=\"color: #000000;\">Entrez votre adresse courriel et un mot de passe<\/span><\/li><li><span style=\"color: #000000;\">S\u00e9lectionnez\u00a0<strong>Promo code <\/strong>et entrez votre code promotionnel<\/span><\/li><li><span style=\"color: #000000;\">Cliquez sur\u00a0<strong>Redeem Now<\/strong><\/span><\/li><\/ol><p><span style=\"color: #000000;\">Et voil\u00e0! Le code sera fonctionnel pendant 24h. Bon film!<\/span><\/p>\t<\/div>\n<\/div><h5 class=\"qodef-accordion-title\">\n\t<span class=\"qodef-tab-title\">\n\t\tPROJECTION PUBLIQUE ET PARTAGE NUM\u00c9RIQUE\t<\/span>\n\t<span class=\"qodef-accordion-mark\">\n\t\t<span class=\"qodef-icon--plus icon_plus\"><\/span>\n\t\t<span class=\"qodef-icon--minus icon_close\"><\/span>\n\t<\/span>\n<\/h5>\n<div class=\"qodef-accordion-content\">\n\t<div class=\"qodef-accordion-content-inner\">\n\t\t<p>Pourquoi faut-il payer une licence pour projeter un film ?<\/p><p>La Loi canadienne sur le droit d\u2019auteur en vigueur au Canada stipule que toute projection de films dans un lieu public est assujettie \u00e0 l\u2019obtention d\u2019une Licence de Droit de Projection Publique.<\/p><p>Y a-t-il des exceptions, des cas ou une licence n\u2019est pas requise? Oui, deux !<\/p><ol><li>Les biblioth\u00e8ques qui acqui\u00e8rent un film uniquement pour le pr\u00eat aux usager.<\/li><li>\u00a0Les professeurs d\u2019\u00e9tablissements publics qui projettent le film en classe \u00e0 des fins p\u00e9dagogiques (et non de divertissement) ex : le film \u00ab Antigone \u00bb \u00e9tudi\u00e9 dans le cadre du cours de litt\u00e9rature<br \/>\u2014&gt; dans ces deux cas seulement, le DVD peut s\u2019acheter directement sur <a href=\"\/films\">notre boutique<\/a>, notre Vimeo ou en librairie sans passer par l\u2019acquisition de la licence.<\/li><\/ol><p>Dans tous les autres cas une licence est requise pour une projection publique.<br \/>Une projection publique est n\u2019importe quelle pr\u00e9sentation de film qui se produit en dehors d\u2019une habitation priv\u00e9e ou pour un auditoire autre que famille et amis. Les pr\u00e9sentations prenant place dans des associations priv\u00e9es, des biblioth\u00e8ques, des amphith\u00e9\u00e2tres, des clubs priv\u00e9s ou des entreprises priv\u00e9es sont \u00e9galement consid\u00e9r\u00e9es comme des pr\u00e9sentations publiques. Si vous avez un doute ou voulez en discuter, vous pouvez nous contacter par courriel : <a href=\"mailto:Juliette@maison4tiers.com\" target=\"_blank\" rel=\"noopener\">Juliette@maison4tiers.com<\/a>.<\/p>\t<\/div>\n<\/div><h5 class=\"qodef-accordion-title\">\n\t<span class=\"qodef-tab-title\">\n\t\tAutres questions ...\t<\/span>\n\t<span class=\"qodef-accordion-mark\">\n\t\t<span class=\"qodef-icon--plus icon_plus\"><\/span>\n\t\t<span class=\"qodef-icon--minus icon_close\"><\/span>\n\t<\/span>\n<\/h5>\n<div class=\"qodef-accordion-content\">\n\t<div class=\"qodef-accordion-content-inner\">\n\t\t<p><span style=\"color: #000000;\">Si vous rencontrez des difficult\u00e9s apr\u00e8s avoir suivi ces \u00e9tapes une \u00e0 une, merci de nous contacter \u00e0\u00a0<a style=\"color: #000000;\" href=\"mailto:info@maison4tiers.com\"><strong><span style=\"text-decoration: underline;\">info@maison4tiers.com<\/span><\/strong>\u00a0<\/a>ou via la messagerie de notre <strong><span style=\"text-decoration: underline;\"><a style=\"color: #000000; text-decoration: underline;\" href=\"https:\/\/www.facebook.com\/maison4tiers\/\" target=\"_blank\" rel=\"noopener\">page\u00a0Facebook<\/a><\/span><\/strong><\/span><\/p>\t<\/div>\n<\/div><\/div>\t\t\t\t<\/div>\n\t\t\t\t<\/div>\n\t\t\t\t\t<\/div>\n\t\t<\/div>\n\t\t\t\t\t<\/div>\n\t\t<\/section>\n\t\t\t\t<\/div>\n\t\t","protected":false},"excerpt":{"rendered":"<p>Commander un DVD\/Bluray Parcourez notre s\u00e9lection de films ou entrez le film d\u00e9sir\u00e9 dans la barre de recherche en haut \u00e0 droite de la fen\u00eatre Cliquez sur Ajouter au panier Cliquez sur\u00a0Valider la commande Entrez vos informations personnelles dans\u00a0Facturation &amp; Exp\u00e9dition Cliquez sur\u00a0Payer(Choisissez l\u2019option Paypal ou Carte de cr\u00e9dit) Entrez vos informations bancaires Validez la [&hellip;]<\/p>\n","protected":false},"author":11,"featured_media":0,"parent":0,"menu_order":0,"comment_status":"closed","ping_status":"closed","template":"","meta":{"_acf_changed":false,"_eb_attr":"","footnotes":""},"class_list":["post-1154","page","type-page","status-publish","hentry"],"acf":[],"yoast_head":"<!-- This site is optimized with the Yoast SEO plugin v27.0 - https:\/\/yoast.com\/product\/yoast-seo-wordpress\/ -->\n<title>Aide - Maisonnette<\/title>\n<meta name=\"description\" content=\"Si vous avez besoin d&#039;aide apr\u00e8s avoir consult\u00e9 la foire aux questions, merci de nous contacter. Il nous fera plaisir de vous aider.\" \/>\n<meta name=\"robots\" content=\"noindex, follow, max-snippet:-1, max-image-preview:large, max-video-preview:-1\" \/>\n<meta property=\"og:locale\" content=\"fr_FR\" \/>\n<meta property=\"og:type\" content=\"article\" \/>\n<meta property=\"og:title\" content=\"Aide - Maisonnette\" \/>\n<meta property=\"og:description\" content=\"Si vous avez besoin d&#039;aide apr\u00e8s avoir consult\u00e9 la foire aux questions, merci de nous contacter. Il nous fera plaisir de vous aider.\" \/>\n<meta property=\"og:url\" content=\"https:\/\/maison4tiers.com\/maisonnette\/aide\/\" \/>\n<meta property=\"og:site_name\" content=\"Maisonnette\" \/>\n<meta property=\"article:modified_time\" content=\"2023-04-10T13:58:08+00:00\" \/>\n<meta name=\"twitter:card\" content=\"summary_large_image\" \/>\n<meta name=\"twitter:label1\" content=\"Dur\u00e9e de lecture estim\u00e9e\" \/>\n\t<meta name=\"twitter:data1\" content=\"5 minutes\" \/>\n<script type=\"application\/ld+json\" class=\"yoast-schema-graph\">{\"@context\":\"https:\/\/schema.org\",\"@graph\":[{\"@type\":\"WebPage\",\"@id\":\"https:\/\/maison4tiers.com\/maisonnette\/aide\/\",\"url\":\"https:\/\/maison4tiers.com\/maisonnette\/aide\/\",\"name\":\"Aide - Maisonnette\",\"isPartOf\":{\"@id\":\"https:\/\/maison4tiers.com\/maisonnette\/#website\"},\"datePublished\":\"2020-03-31T09:48:05+00:00\",\"dateModified\":\"2023-04-10T13:58:08+00:00\",\"description\":\"Si vous avez besoin d'aide apr\u00e8s avoir consult\u00e9 la foire aux questions, merci de nous contacter. Il nous fera plaisir de vous aider.\",\"breadcrumb\":{\"@id\":\"https:\/\/maison4tiers.com\/maisonnette\/aide\/#breadcrumb\"},\"inLanguage\":\"fr-FR\",\"potentialAction\":[{\"@type\":\"ReadAction\",\"target\":[\"https:\/\/maison4tiers.com\/maisonnette\/aide\/\"]}]},{\"@type\":\"BreadcrumbList\",\"@id\":\"https:\/\/maison4tiers.com\/maisonnette\/aide\/#breadcrumb\",\"itemListElement\":[{\"@type\":\"ListItem\",\"position\":1,\"name\":\"Home\",\"item\":\"https:\/\/maison4tiers.com\/maisonnette\/\"},{\"@type\":\"ListItem\",\"position\":2,\"name\":\"Aide\"}]},{\"@type\":\"WebSite\",\"@id\":\"https:\/\/maison4tiers.com\/maisonnette\/#website\",\"url\":\"https:\/\/maison4tiers.com\/maisonnette\/\",\"name\":\"Maisonnette\",\"description\":\"Distribution multiplateforme de films qu\u00e9b\u00e9cois et internationaux\",\"publisher\":{\"@id\":\"https:\/\/maison4tiers.com\/maisonnette\/#organization\"},\"potentialAction\":[{\"@type\":\"SearchAction\",\"target\":{\"@type\":\"EntryPoint\",\"urlTemplate\":\"https:\/\/maison4tiers.com\/maisonnette\/?s={search_term_string}\"},\"query-input\":{\"@type\":\"PropertyValueSpecification\",\"valueRequired\":true,\"valueName\":\"search_term_string\"}}],\"inLanguage\":\"fr-FR\"},{\"@type\":\"Organization\",\"@id\":\"https:\/\/maison4tiers.com\/maisonnette\/#organization\",\"name\":\"Maisonnette\",\"url\":\"https:\/\/maison4tiers.com\/maisonnette\/\",\"logo\":{\"@type\":\"ImageObject\",\"inLanguage\":\"fr-FR\",\"@id\":\"https:\/\/maison4tiers.com\/maisonnette\/#\/schema\/logo\/image\/\",\"url\":\"https:\/\/maison4tiers.com\/maisonnette\/wp-content\/uploads\/sites\/77\/2020\/11\/favicon-196.png\",\"contentUrl\":\"https:\/\/maison4tiers.com\/maisonnette\/wp-content\/uploads\/sites\/77\/2020\/11\/favicon-196.png\",\"width\":196,\"height\":196,\"caption\":\"Maisonnette\"},\"image\":{\"@id\":\"https:\/\/maison4tiers.com\/maisonnette\/#\/schema\/logo\/image\/\"}}]}<\/script>\n<!-- \/ Yoast SEO plugin. -->","yoast_head_json":{"title":"Aide - Maisonnette","description":"Si vous avez besoin d'aide apr\u00e8s avoir consult\u00e9 la foire aux questions, merci de nous contacter. Il nous fera plaisir de vous aider.","robots":{"index":"noindex","follow":"follow","max-snippet":"max-snippet:-1","max-image-preview":"max-image-preview:large","max-video-preview":"max-video-preview:-1"},"og_locale":"fr_FR","og_type":"article","og_title":"Aide - Maisonnette","og_description":"Si vous avez besoin d'aide apr\u00e8s avoir consult\u00e9 la foire aux questions, merci de nous contacter. Il nous fera plaisir de vous aider.","og_url":"https:\/\/maison4tiers.com\/maisonnette\/aide\/","og_site_name":"Maisonnette","article_modified_time":"2023-04-10T13:58:08+00:00","twitter_card":"summary_large_image","twitter_misc":{"Dur\u00e9e de lecture estim\u00e9e":"5 minutes"},"schema":{"@context":"https:\/\/schema.org","@graph":[{"@type":"WebPage","@id":"https:\/\/maison4tiers.com\/maisonnette\/aide\/","url":"https:\/\/maison4tiers.com\/maisonnette\/aide\/","name":"Aide - Maisonnette","isPartOf":{"@id":"https:\/\/maison4tiers.com\/maisonnette\/#website"},"datePublished":"2020-03-31T09:48:05+00:00","dateModified":"2023-04-10T13:58:08+00:00","description":"Si vous avez besoin d'aide apr\u00e8s avoir consult\u00e9 la foire aux questions, merci de nous contacter. Il nous fera plaisir de vous aider.","breadcrumb":{"@id":"https:\/\/maison4tiers.com\/maisonnette\/aide\/#breadcrumb"},"inLanguage":"fr-FR","potentialAction":[{"@type":"ReadAction","target":["https:\/\/maison4tiers.com\/maisonnette\/aide\/"]}]},{"@type":"BreadcrumbList","@id":"https:\/\/maison4tiers.com\/maisonnette\/aide\/#breadcrumb","itemListElement":[{"@type":"ListItem","position":1,"name":"Home","item":"https:\/\/maison4tiers.com\/maisonnette\/"},{"@type":"ListItem","position":2,"name":"Aide"}]},{"@type":"WebSite","@id":"https:\/\/maison4tiers.com\/maisonnette\/#website","url":"https:\/\/maison4tiers.com\/maisonnette\/","name":"Maisonnette","description":"Distribution multiplateforme de films qu\u00e9b\u00e9cois et internationaux","publisher":{"@id":"https:\/\/maison4tiers.com\/maisonnette\/#organization"},"potentialAction":[{"@type":"SearchAction","target":{"@type":"EntryPoint","urlTemplate":"https:\/\/maison4tiers.com\/maisonnette\/?s={search_term_string}"},"query-input":{"@type":"PropertyValueSpecification","valueRequired":true,"valueName":"search_term_string"}}],"inLanguage":"fr-FR"},{"@type":"Organization","@id":"https:\/\/maison4tiers.com\/maisonnette\/#organization","name":"Maisonnette","url":"https:\/\/maison4tiers.com\/maisonnette\/","logo":{"@type":"ImageObject","inLanguage":"fr-FR","@id":"https:\/\/maison4tiers.com\/maisonnette\/#\/schema\/logo\/image\/","url":"https:\/\/maison4tiers.com\/maisonnette\/wp-content\/uploads\/sites\/77\/2020\/11\/favicon-196.png","contentUrl":"https:\/\/maison4tiers.com\/maisonnette\/wp-content\/uploads\/sites\/77\/2020\/11\/favicon-196.png","width":196,"height":196,"caption":"Maisonnette"},"image":{"@id":"https:\/\/maison4tiers.com\/maisonnette\/#\/schema\/logo\/image\/"}}]}},"jetpack_sharing_enabled":true,"_links":{"self":[{"href":"https:\/\/maison4tiers.com\/maisonnette\/wp-json\/wp\/v2\/pages\/1154","targetHints":{"allow":["GET"]}}],"collection":[{"href":"https:\/\/maison4tiers.com\/maisonnette\/wp-json\/wp\/v2\/pages"}],"about":[{"href":"https:\/\/maison4tiers.com\/maisonnette\/wp-json\/wp\/v2\/types\/page"}],"author":[{"embeddable":true,"href":"https:\/\/maison4tiers.com\/maisonnette\/wp-json\/wp\/v2\/users\/11"}],"replies":[{"embeddable":true,"href":"https:\/\/maison4tiers.com\/maisonnette\/wp-json\/wp\/v2\/comments?post=1154"}],"version-history":[{"count":0,"href":"https:\/\/maison4tiers.com\/maisonnette\/wp-json\/wp\/v2\/pages\/1154\/revisions"}],"wp:attachment":[{"href":"https:\/\/maison4tiers.com\/maisonnette\/wp-json\/wp\/v2\/media?parent=1154"}],"curies":[{"name":"wp","href":"https:\/\/api.w.org\/{rel}","templated":true}]}}