{"id":1135,"date":"2020-03-31T07:28:04","date_gmt":"2020-03-31T07:28:04","guid":{"rendered":"https:\/\/pelicula.qodeinteractive.com\/?page_id=1135"},"modified":"2023-06-19T14:17:30","modified_gmt":"2023-06-19T18:17:30","slug":"contact","status":"publish","type":"page","link":"https:\/\/maison4tiers.com\/maisonnette\/contact\/","title":{"rendered":"Contact"},"content":{"rendered":"\t\t<div data-elementor-type=\"wp-page\" data-elementor-id=\"1135\" class=\"elementor elementor-1135\" data-elementor-post-type=\"page\">\n\t\t\t\t\t\t<section data-particle_enable=\"false\" data-particle-mobile-disabled=\"false\" class=\"elementor-section elementor-top-section elementor-element elementor-element-be8613c qodef-elementor-content-grid elementor-section-boxed elementor-section-height-default elementor-section-height-default\" data-id=\"be8613c\" data-element_type=\"section\" data-e-type=\"section\">\n\t\t\t\t\t\t<div class=\"elementor-container elementor-column-gap-no\">\n\t\t\t\t\t<div class=\"elementor-column elementor-col-100 elementor-top-column elementor-element elementor-element-2717500\" data-id=\"2717500\" data-element_type=\"column\" data-e-type=\"column\">\n\t\t\t<div class=\"elementor-widget-wrap elementor-element-populated\">\n\t\t\t\t\t\t<div class=\"elementor-element elementor-element-344b73f elementor-widget elementor-widget-pelicula_core_section_title\" data-id=\"344b73f\" data-element_type=\"widget\" data-e-type=\"widget\" data-widget_type=\"pelicula_core_section_title.default\">\n\t\t\t\t<div class=\"elementor-widget-container\">\n\t\t\t\t\t<div class=\"qodef-shortcode qodef-m qodef-section-title qodef-alignment--left\" data-holder-options=\"{&quot;line-breaks&quot;:&quot;&quot;}\">\n\t\t<h6 class=\"qodef-m-tagline\" >\n\t\tNe soyez pas timide\t<\/h6>\n\t    \t<h2 class=\"qodef-m-title\" >\n\t\t\tContactez-nous\t<\/h2>\n    \t<\/div>\t\t\t\t<\/div>\n\t\t\t\t<\/div>\n\t\t\t\t\t<\/div>\n\t\t<\/div>\n\t\t\t\t\t<\/div>\n\t\t<\/section>\n\t\t\t\t<section data-particle_enable=\"false\" data-particle-mobile-disabled=\"false\" class=\"elementor-section elementor-top-section elementor-element elementor-element-5d277df elementor-section-full_width qodef-elementor-content-grid elementor-section-height-default elementor-section-height-default\" data-id=\"5d277df\" data-element_type=\"section\" data-e-type=\"section\">\n\t\t\t\t\t\t<div class=\"elementor-container elementor-column-gap-no\">\n\t\t\t\t\t<div class=\"elementor-column elementor-col-50 elementor-top-column elementor-element elementor-element-7abc6d9\" data-id=\"7abc6d9\" data-element_type=\"column\" data-e-type=\"column\">\n\t\t\t<div class=\"elementor-widget-wrap elementor-element-populated\">\n\t\t\t\t\t\t<div class=\"elementor-element elementor-element-2ef6841 elementor-invisible elementor-widget elementor-widget-text-editor\" data-id=\"2ef6841\" data-element_type=\"widget\" data-e-type=\"widget\" data-settings=\"{&quot;_animation&quot;:&quot;fadeInLeft&quot;}\" data-widget_type=\"text-editor.default\">\n\t\t\t\t<div class=\"elementor-widget-container\">\n\t\t\t\t\t\t\t\t\t<p><strong>Vous repr\u00e9sentez une \u00e9cole, une association, un organisme ou toute autre institution?<\/strong><\/p><p>Si vous souhaitez organiser une projection ou le partage num\u00e9rique de l\u2019un de nos films pour une<strong>\u00a0<\/strong>\u00e9cole, association, organisme ou toute autre institution,<strong>\u00a0<a href=\"\/institutions\/\" target=\"_blank\" rel=\"noopener\">voir tous les d\u00e9tails et notre catalogue ici<\/a><\/strong>\u00a0ou c<span style=\"letter-spacing: 0.02em;\">ontactez:\u00a0<\/span><span style=\"color: #111111;\"><b>cecile@maison4tiers.com<\/b><\/span><\/p>\t\t\t\t\t\t\t\t<\/div>\n\t\t\t\t<\/div>\n\t\t\t\t<div class=\"elementor-element elementor-element-8478e9a elementor-invisible elementor-widget elementor-widget-text-editor\" data-id=\"8478e9a\" data-element_type=\"widget\" data-e-type=\"widget\" data-settings=\"{&quot;_animation&quot;:&quot;fadeInLeft&quot;,&quot;_animation_delay&quot;:100}\" data-widget_type=\"text-editor.default\">\n\t\t\t\t<div class=\"elementor-widget-container\">\n\t\t\t\t\t\t\t\t\t<p><strong>Vous \u00eates un professionnel du cin\u00e9ma ou un cin\u00e9phile?<\/strong><\/p>\n<p>Si vous \u00eates un professionnel du cin\u00e9ma et vous voulez discuter de vos projets cin\u00e9matographiques, un cin\u00e9phile et vous avez des questions sur un achat, les processus d\u2019\u00e9coute en ligne, nos concours, nos promotions, des sorties DVD ou vous souhaitez nous faire une suggestion, contactez-nous \u00e0 :<\/p>\n<p><a href=\"mailto:info@maison4tiers.com\"><strong>info@maison4tiers.com<\/strong><\/a><\/p>\t\t\t\t\t\t\t\t<\/div>\n\t\t\t\t<\/div>\n\t\t\t\t<div class=\"elementor-element elementor-element-1f0fbd6 elementor-widget elementor-widget-spacer\" data-id=\"1f0fbd6\" data-element_type=\"widget\" data-e-type=\"widget\" data-widget_type=\"spacer.default\">\n\t\t\t\t<div class=\"elementor-widget-container\">\n\t\t\t\t\t\t\t<div class=\"elementor-spacer\">\n\t\t\t<div class=\"elementor-spacer-inner\"><\/div>\n\t\t<\/div>\n\t\t\t\t\t\t<\/div>\n\t\t\t\t<\/div>\n\t\t\t\t<div class=\"elementor-element elementor-element-4a87452 elementor-widget elementor-widget-pelicula_core_button\" data-id=\"4a87452\" data-element_type=\"widget\" data-e-type=\"widget\" data-widget_type=\"pelicula_core_button.default\">\n\t\t\t\t<div class=\"elementor-widget-container\">\n\t\t\t\t\t<a class=\"qodef-shortcode qodef-m qodef-button qodef-layout--filled qodef-html--link\" href=\"https:\/\/maison4tiers.com\/a-propos\/#Equipe\" target=\"_blank\"  >\n\t<span class=\"qodef-m-text\">D\u00e9couvrez notre \u00e9quipe <\/span>\n<\/a>\t\t\t\t<\/div>\n\t\t\t\t<\/div>\n\t\t\t\t\t<\/div>\n\t\t<\/div>\n\t\t\t\t<div class=\"elementor-column elementor-col-50 elementor-top-column elementor-element elementor-element-c8e79ca\" data-id=\"c8e79ca\" data-element_type=\"column\" data-e-type=\"column\">\n\t\t\t<div class=\"elementor-widget-wrap elementor-element-populated\">\n\t\t\t\t\t\t<div class=\"elementor-element elementor-element-94bb606 elementor-invisible elementor-widget elementor-widget-text-editor\" data-id=\"94bb606\" data-element_type=\"widget\" data-e-type=\"widget\" data-settings=\"{&quot;_animation&quot;:&quot;fadeInRight&quot;,&quot;_animation_delay&quot;:100}\" data-widget_type=\"text-editor.default\">\n\t\t\t\t<div class=\"elementor-widget-container\">\n\t\t\t\t\t\t\t\t\t<p><strong>Adresse postale <\/strong><\/p><p><a href=\"https:\/\/www.google.com\/maps\/place\/Atelier+Distribution+de+Films\/@45.5260307,-73.5974343,17z\/data=!3m1!4b1!4m5!3m4!1s0x4cc9197db2e2b22f:0xab33ccc0232af693!8m2!3d45.526027!4d-73.5952456\"><strong>Maison 4:3<\/strong><br \/>5333 Casgrain, suite 510<br \/>Montr\u00e9al (Qu\u00e9bec) H2T 1X3<\/a><\/p>\t\t\t\t\t\t\t\t<\/div>\n\t\t\t\t<\/div>\n\t\t\t\t<div class=\"elementor-element elementor-element-cd44a46 elementor-invisible elementor-widget elementor-widget-sidebar\" data-id=\"cd44a46\" data-element_type=\"widget\" data-e-type=\"widget\" data-settings=\"{&quot;_animation&quot;:&quot;fadeInRight&quot;,&quot;_animation_delay&quot;:200}\" data-widget_type=\"sidebar.default\">\n\t\t\t\t<div class=\"elementor-widget-container\">\n\t\t\t\t\t<div class=\"widget widget_pelicula_core_social_icons_group\" data-area=\"social-icons-dark\">            <div class=\"qodef-social-icons-group\">\n\t\t\t\t<span class=\"qodef-shortcode qodef-m qodef-icon-holder qodef-layout--normal\"  >\n\t\t\t<a itemprop=\"url\" href=\"https:\/\/www.facebook.com\/maison4tiers\" target=\"_blank\">\n            <span class=\"qodef-icon-font-awesome fab fa-facebook qodef-icon qodef-e\" style=\"\" ><\/span>            <\/a>\n\t<\/span><span class=\"qodef-shortcode qodef-m qodef-icon-holder qodef-layout--normal\"  style=\"margin: 0 0 0 25px\">\n\t\t\t<a itemprop=\"url\" href=\"https:\/\/www.youtube.com\/channel\/UCZ9ODcKLZ7LHRHLo5N_VQVA\" target=\"_blank\">\n            <span class=\"qodef-icon-font-awesome fab fa-youtube qodef-icon qodef-e\" style=\"\" ><\/span>            <\/a>\n\t<\/span><span class=\"qodef-shortcode qodef-m qodef-icon-holder qodef-layout--normal\"  style=\"margin: 0 0 0 25px\">\n\t\t\t<a itemprop=\"url\" href=\"https:\/\/vimeo.com\/maison43\" target=\"_blank\">\n            <span class=\"qodef-icon-font-awesome fab fa-vimeo-v qodef-icon qodef-e\" style=\"\" ><\/span>            <\/a>\n\t<\/span><span class=\"qodef-shortcode qodef-m qodef-icon-holder qodef-layout--normal\"  style=\"margin: 0 0 0 25px\">\n\t\t\t<a itemprop=\"url\" href=\"https:\/\/www.instagram.com\/maison4tiers\/\" target=\"_blank\">\n            <span class=\"qodef-icon-font-awesome fab fa-instagram qodef-icon qodef-e\" style=\"color: #111111\" ><\/span>            <\/a>\n\t<\/span><span class=\"qodef-shortcode qodef-m qodef-icon-holder qodef-layout--normal\"  style=\"margin: 0 0 0 25px\">\n\t\t\t<a itemprop=\"url\" href=\"https:\/\/www.linkedin.com\/company\/maison4tiers\/\" target=\"_blank\">\n            <span class=\"qodef-icon-font-awesome fab fa-linkedin qodef-icon qodef-e\" style=\"\" ><\/span>            <\/a>\n\t<\/span>            <\/div>\n\t\t<\/div>\t\t\t\t<\/div>\n\t\t\t\t<\/div>\n\t\t\t\t<div class=\"elementor-element elementor-element-ea135b6 elementor-widget elementor-widget-spacer\" data-id=\"ea135b6\" data-element_type=\"widget\" data-e-type=\"widget\" data-widget_type=\"spacer.default\">\n\t\t\t\t<div class=\"elementor-widget-container\">\n\t\t\t\t\t\t\t<div class=\"elementor-spacer\">\n\t\t\t<div class=\"elementor-spacer-inner\"><\/div>\n\t\t<\/div>\n\t\t\t\t\t\t<\/div>\n\t\t\t\t<\/div>\n\t\t\t\t\t<\/div>\n\t\t<\/div>\n\t\t\t\t\t<\/div>\n\t\t<\/section>\n\t\t\t\t<section data-particle_enable=\"false\" data-particle-mobile-disabled=\"false\" class=\"elementor-section elementor-top-section elementor-element elementor-element-631143f elementor-section-boxed elementor-section-height-default elementor-section-height-default qodef-elementor-content-no\" data-id=\"631143f\" data-element_type=\"section\" data-e-type=\"section\">\n\t\t\t\t\t\t<div class=\"elementor-container elementor-column-gap-default\">\n\t\t\t\t\t<div class=\"elementor-column elementor-col-100 elementor-top-column elementor-element elementor-element-0b3520d\" data-id=\"0b3520d\" data-element_type=\"column\" data-e-type=\"column\">\n\t\t\t<div class=\"elementor-widget-wrap elementor-element-populated\">\n\t\t\t\t\t\t<div class=\"elementor-element elementor-element-05ebe70 elementor-widget elementor-widget-spacer\" data-id=\"05ebe70\" data-element_type=\"widget\" data-e-type=\"widget\" data-widget_type=\"spacer.default\">\n\t\t\t\t<div class=\"elementor-widget-container\">\n\t\t\t\t\t\t\t<div class=\"elementor-spacer\">\n\t\t\t<div class=\"elementor-spacer-inner\"><\/div>\n\t\t<\/div>\n\t\t\t\t\t\t<\/div>\n\t\t\t\t<\/div>\n\t\t\t\t\t<\/div>\n\t\t<\/div>\n\t\t\t\t\t<\/div>\n\t\t<\/section>\n\t\t\t\t<\/div>\n\t\t","protected":false},"excerpt":{"rendered":"<p>Ne soyez pas timide Contactez-nous Vous repr\u00e9sentez une \u00e9cole, une association, un organisme ou toute autre institution? Si vous souhaitez organiser une projection ou le partage num\u00e9rique de l\u2019un de nos films pour une\u00a0\u00e9cole, association, organisme ou toute autre institution,\u00a0voir tous les d\u00e9tails et notre catalogue ici\u00a0ou contactez:\u00a0cecile@maison4tiers.com Vous \u00eates un professionnel du cin\u00e9ma ou [&hellip;]<\/p>\n","protected":false},"author":11,"featured_media":0,"parent":0,"menu_order":0,"comment_status":"closed","ping_status":"closed","template":"page-full-width.php","meta":{"_acf_changed":false,"_eb_attr":"","footnotes":""},"class_list":["post-1135","page","type-page","status-publish","hentry"],"acf":[],"yoast_head":"<!-- This site is optimized with the Yoast SEO plugin v27.0 - https:\/\/yoast.com\/product\/yoast-seo-wordpress\/ -->\n<title>Contact - Maisonnette - Communiquez avec nous d\u00e8s aujourd&#039;hui!<\/title>\n<meta name=\"description\" content=\"Pour toute question ou demande d&#039;information \u00e0 propos de l&#039;un de nos films, contactez-nous d\u00e8s maintenant!\" \/>\n<meta name=\"robots\" content=\"noindex, follow, max-snippet:-1, max-image-preview:large, max-video-preview:-1\" \/>\n<meta property=\"og:locale\" content=\"fr_FR\" \/>\n<meta property=\"og:type\" content=\"article\" \/>\n<meta property=\"og:title\" content=\"Contact - Maisonnette - Communiquez avec nous d\u00e8s aujourd&#039;hui!\" \/>\n<meta property=\"og:description\" content=\"Pour toute question ou demande d&#039;information \u00e0 propos de l&#039;un de nos films, contactez-nous d\u00e8s maintenant!\" \/>\n<meta property=\"og:url\" content=\"https:\/\/maison4tiers.com\/maisonnette\/contact\/\" \/>\n<meta property=\"og:site_name\" content=\"Maisonnette\" \/>\n<meta property=\"article:modified_time\" content=\"2023-06-19T18:17:30+00:00\" \/>\n<meta name=\"twitter:card\" content=\"summary_large_image\" \/>\n<meta name=\"twitter:label1\" content=\"Dur\u00e9e de lecture estim\u00e9e\" \/>\n\t<meta name=\"twitter:data1\" content=\"1 minute\" \/>\n<script type=\"application\/ld+json\" class=\"yoast-schema-graph\">{\"@context\":\"https:\/\/schema.org\",\"@graph\":[{\"@type\":\"WebPage\",\"@id\":\"https:\/\/maison4tiers.com\/maisonnette\/contact\/\",\"url\":\"https:\/\/maison4tiers.com\/maisonnette\/contact\/\",\"name\":\"Contact - Maisonnette - Communiquez avec nous d\u00e8s aujourd'hui!\",\"isPartOf\":{\"@id\":\"https:\/\/maison4tiers.com\/maisonnette\/#website\"},\"datePublished\":\"2020-03-31T07:28:04+00:00\",\"dateModified\":\"2023-06-19T18:17:30+00:00\",\"description\":\"Pour toute question ou demande d'information \u00e0 propos de l'un de nos films, contactez-nous d\u00e8s maintenant!\",\"breadcrumb\":{\"@id\":\"https:\/\/maison4tiers.com\/maisonnette\/contact\/#breadcrumb\"},\"inLanguage\":\"fr-FR\",\"potentialAction\":[{\"@type\":\"ReadAction\",\"target\":[\"https:\/\/maison4tiers.com\/maisonnette\/contact\/\"]}]},{\"@type\":\"BreadcrumbList\",\"@id\":\"https:\/\/maison4tiers.com\/maisonnette\/contact\/#breadcrumb\",\"itemListElement\":[{\"@type\":\"ListItem\",\"position\":1,\"name\":\"Home\",\"item\":\"https:\/\/maison4tiers.com\/maisonnette\/\"},{\"@type\":\"ListItem\",\"position\":2,\"name\":\"Contact\"}]},{\"@type\":\"WebSite\",\"@id\":\"https:\/\/maison4tiers.com\/maisonnette\/#website\",\"url\":\"https:\/\/maison4tiers.com\/maisonnette\/\",\"name\":\"Maisonnette\",\"description\":\"Distribution multiplateforme de films qu\u00e9b\u00e9cois et internationaux\",\"publisher\":{\"@id\":\"https:\/\/maison4tiers.com\/maisonnette\/#organization\"},\"potentialAction\":[{\"@type\":\"SearchAction\",\"target\":{\"@type\":\"EntryPoint\",\"urlTemplate\":\"https:\/\/maison4tiers.com\/maisonnette\/?s={search_term_string}\"},\"query-input\":{\"@type\":\"PropertyValueSpecification\",\"valueRequired\":true,\"valueName\":\"search_term_string\"}}],\"inLanguage\":\"fr-FR\"},{\"@type\":\"Organization\",\"@id\":\"https:\/\/maison4tiers.com\/maisonnette\/#organization\",\"name\":\"Maisonnette\",\"url\":\"https:\/\/maison4tiers.com\/maisonnette\/\",\"logo\":{\"@type\":\"ImageObject\",\"inLanguage\":\"fr-FR\",\"@id\":\"https:\/\/maison4tiers.com\/maisonnette\/#\/schema\/logo\/image\/\",\"url\":\"https:\/\/maison4tiers.com\/maisonnette\/wp-content\/uploads\/sites\/77\/2020\/11\/favicon-196.png\",\"contentUrl\":\"https:\/\/maison4tiers.com\/maisonnette\/wp-content\/uploads\/sites\/77\/2020\/11\/favicon-196.png\",\"width\":196,\"height\":196,\"caption\":\"Maisonnette\"},\"image\":{\"@id\":\"https:\/\/maison4tiers.com\/maisonnette\/#\/schema\/logo\/image\/\"}}]}<\/script>\n<!-- \/ Yoast SEO plugin. -->","yoast_head_json":{"title":"Contact - Maisonnette - Communiquez avec nous d\u00e8s aujourd'hui!","description":"Pour toute question ou demande d'information \u00e0 propos de l'un de nos films, contactez-nous d\u00e8s maintenant!","robots":{"index":"noindex","follow":"follow","max-snippet":"max-snippet:-1","max-image-preview":"max-image-preview:large","max-video-preview":"max-video-preview:-1"},"og_locale":"fr_FR","og_type":"article","og_title":"Contact - Maisonnette - Communiquez avec nous d\u00e8s aujourd'hui!","og_description":"Pour toute question ou demande d'information \u00e0 propos de l'un de nos films, contactez-nous d\u00e8s maintenant!","og_url":"https:\/\/maison4tiers.com\/maisonnette\/contact\/","og_site_name":"Maisonnette","article_modified_time":"2023-06-19T18:17:30+00:00","twitter_card":"summary_large_image","twitter_misc":{"Dur\u00e9e de lecture estim\u00e9e":"1 minute"},"schema":{"@context":"https:\/\/schema.org","@graph":[{"@type":"WebPage","@id":"https:\/\/maison4tiers.com\/maisonnette\/contact\/","url":"https:\/\/maison4tiers.com\/maisonnette\/contact\/","name":"Contact - Maisonnette - Communiquez avec nous d\u00e8s aujourd'hui!","isPartOf":{"@id":"https:\/\/maison4tiers.com\/maisonnette\/#website"},"datePublished":"2020-03-31T07:28:04+00:00","dateModified":"2023-06-19T18:17:30+00:00","description":"Pour toute question ou demande d'information \u00e0 propos de l'un de nos films, contactez-nous d\u00e8s maintenant!","breadcrumb":{"@id":"https:\/\/maison4tiers.com\/maisonnette\/contact\/#breadcrumb"},"inLanguage":"fr-FR","potentialAction":[{"@type":"ReadAction","target":["https:\/\/maison4tiers.com\/maisonnette\/contact\/"]}]},{"@type":"BreadcrumbList","@id":"https:\/\/maison4tiers.com\/maisonnette\/contact\/#breadcrumb","itemListElement":[{"@type":"ListItem","position":1,"name":"Home","item":"https:\/\/maison4tiers.com\/maisonnette\/"},{"@type":"ListItem","position":2,"name":"Contact"}]},{"@type":"WebSite","@id":"https:\/\/maison4tiers.com\/maisonnette\/#website","url":"https:\/\/maison4tiers.com\/maisonnette\/","name":"Maisonnette","description":"Distribution multiplateforme de films qu\u00e9b\u00e9cois et internationaux","publisher":{"@id":"https:\/\/maison4tiers.com\/maisonnette\/#organization"},"potentialAction":[{"@type":"SearchAction","target":{"@type":"EntryPoint","urlTemplate":"https:\/\/maison4tiers.com\/maisonnette\/?s={search_term_string}"},"query-input":{"@type":"PropertyValueSpecification","valueRequired":true,"valueName":"search_term_string"}}],"inLanguage":"fr-FR"},{"@type":"Organization","@id":"https:\/\/maison4tiers.com\/maisonnette\/#organization","name":"Maisonnette","url":"https:\/\/maison4tiers.com\/maisonnette\/","logo":{"@type":"ImageObject","inLanguage":"fr-FR","@id":"https:\/\/maison4tiers.com\/maisonnette\/#\/schema\/logo\/image\/","url":"https:\/\/maison4tiers.com\/maisonnette\/wp-content\/uploads\/sites\/77\/2020\/11\/favicon-196.png","contentUrl":"https:\/\/maison4tiers.com\/maisonnette\/wp-content\/uploads\/sites\/77\/2020\/11\/favicon-196.png","width":196,"height":196,"caption":"Maisonnette"},"image":{"@id":"https:\/\/maison4tiers.com\/maisonnette\/#\/schema\/logo\/image\/"}}]}},"jetpack_sharing_enabled":true,"_links":{"self":[{"href":"https:\/\/maison4tiers.com\/maisonnette\/wp-json\/wp\/v2\/pages\/1135","targetHints":{"allow":["GET"]}}],"collection":[{"href":"https:\/\/maison4tiers.com\/maisonnette\/wp-json\/wp\/v2\/pages"}],"about":[{"href":"https:\/\/maison4tiers.com\/maisonnette\/wp-json\/wp\/v2\/types\/page"}],"author":[{"embeddable":true,"href":"https:\/\/maison4tiers.com\/maisonnette\/wp-json\/wp\/v2\/users\/11"}],"replies":[{"embeddable":true,"href":"https:\/\/maison4tiers.com\/maisonnette\/wp-json\/wp\/v2\/comments?post=1135"}],"version-history":[{"count":0,"href":"https:\/\/maison4tiers.com\/maisonnette\/wp-json\/wp\/v2\/pages\/1135\/revisions"}],"wp:attachment":[{"href":"https:\/\/maison4tiers.com\/maisonnette\/wp-json\/wp\/v2\/media?parent=1135"}],"curies":[{"name":"wp","href":"https:\/\/api.w.org\/{rel}","templated":true}]}}