{"id":8662,"date":"2022-06-22T11:44:06","date_gmt":"2022-10-17T13:56:06","guid":{"rendered":"https:\/\/maison4tiers.com\/?post_type=product&#038;p=8662"},"modified":"2022-12-14T16:26:57","modified_gmt":"2022-12-14T20:26:57","slug":"the-crusade","status":"publish","type":"product","link":"https:\/\/maison4tiers.com\/maisonnette\/en\/product\/the-crusade\/","title":{"rendered":"The Crusade"},"excerpt":{"rendered":"<div class=\"page\" title=\"Page 2\">\n<div class=\"section\">\n<div class=\"layoutArea\">\n<div class=\"column\">\n<h4 class=\"p1\"><b>AVAILABLE SOON ON VIDEO ON DEMAND AND DVD !\u00a0<\/b><\/h4>\n<p>Abel and Marianne discover that their 13-year-old son Joseph has secretly sold their most precious possessions. They soon find out that Joseph is not the only one \u2013 all over the world, hundreds of children have joined forces to finance a mysterious project. Their mission is to save the planet.<\/p>\n<\/div>\n<\/div>\n<\/div>\n<\/div>\n<blockquote><p>\u2605\u2605\u2605\u2605<strong>\u2013 20 MINUTES\u00a0<\/strong><\/p>\n<p>\u2605\u2605\u2605\u2605<strong>\u00a0\u2013\u00a0<a href=\"http:\/\/www.bande-a-part.fr\/\" target=\"_blank\" rel=\"noopener\">BANDE \u00c0 PART\u00a0<\/a><\/strong><\/p>\n<p>\u2605\u2605\u2605\u2605<strong>\u00a0\u2013\u00a0<a href=\"https:\/\/www.leparisien.fr\/culture-loisirs\/cinema\/sorties-cinema-du-22-decembre-matrix-resurrections-tous-en-scene-2-les-films-a-voir-ou-pas-21-12-2021-N5ID2F7WK5EP3JZ654RBVOGCOU.php\" target=\"_blank\" rel=\"noopener\">LE PARISIEN\u00a0<\/a><\/strong><\/p><\/blockquote>\n<div class=\"woocommerce-product-details__short-description\">\n<p class=\"p1\"><span class=\"s1\"><a href=\"https:\/\/maison4tiers.com\/en\/product-category\/movie\/comedy\/\" target=\"_blank\" rel=\"noopener\"><b>Other comedy films<\/b><\/a><\/span><b> <\/b><\/p>\n<p class=\"p1\">*Only available in Canada<\/p>\n<\/div>\n","protected":false},"featured_media":8685,"template":"","meta":{"_acf_changed":false,"_eb_attr":""},"product_brand":[],"product_cat":[143,137,133,108,125,124,103],"product_tag":[720],"class_list":{"0":"post-8662","1":"product","2":"type-product","3":"status-publish","4":"has-post-thumbnail","6":"product_cat-digital","7":"product_cat-dvd-en","8":"product_cat-allmovies","9":"product_cat-comedy","10":"product_cat-environment","11":"product_cat-family","12":"product_cat-movie","13":"product_tag-humour-en","15":"first","16":"instock","17":"taxable","18":"shipping-taxable","19":"purchasable","20":"product-type-variable","21":"has-default-attributes"},"acf":[],"yoast_head":"<!-- This site is optimized with the Yoast SEO plugin v27.0 - https:\/\/yoast.com\/product\/yoast-seo-wordpress\/ -->\n<title>The Crusade - \u00c9crans solidaires - WATCH NOW !<\/title>\n<meta name=\"description\" content=\"The crusade. Abel and Marianne discover that their 13-year-old son Joseph has secretly sold their most precious possessions.\" \/>\n<meta name=\"robots\" content=\"noindex, follow, max-snippet:-1, max-image-preview:large, max-video-preview:-1\" \/>\n<meta property=\"og:locale\" content=\"en_US\" \/>\n<meta property=\"og:type\" content=\"article\" \/>\n<meta property=\"og:title\" content=\"The crusade\" \/>\n<meta property=\"og:description\" content=\"The crusade. Abel and Marianne discover that their 13-year-old son Joseph has secretly sold their most precious possessions.\" \/>\n<meta property=\"og:url\" content=\"https:\/\/maison4tiers.com\/maisonnette\/en\/product\/the-crusade\/\" \/>\n<meta property=\"og:site_name\" content=\"\u00c9crans solidaires\" \/>\n<meta property=\"article:modified_time\" content=\"2022-12-14T20:26:57+00:00\" \/>\n<meta property=\"og:image\" content=\"https:\/\/maison4tiers.com\/maisonnette\/wp-content\/uploads\/sites\/77\/2022\/10\/LACROISADE_BOUTIQUE_800X1200_EN.png\" \/>\n\t<meta property=\"og:image:width\" content=\"800\" \/>\n\t<meta property=\"og:image:height\" content=\"1200\" \/>\n\t<meta property=\"og:image:type\" content=\"image\/png\" \/>\n<meta name=\"twitter:card\" content=\"summary_large_image\" \/>\n<meta name=\"twitter:title\" content=\"The crusade\" \/>\n<meta name=\"twitter:description\" content=\"The crusade. Abel and Marianne discover that their 13-year-old son Joseph has secretly sold their most precious possessions.\" \/>\n<meta name=\"twitter:image\" content=\"https:\/\/maison4tiers.com\/maisonnette\/wp-content\/uploads\/sites\/77\/2022\/10\/LACROISADE_BOUTIQUE_800X1200_EN.png\" \/>\n<script type=\"application\/ld+json\" class=\"yoast-schema-graph\">{\"@context\":\"https:\/\/schema.org\",\"@graph\":[{\"@type\":\"WebPage\",\"@id\":\"https:\/\/maison4tiers.com\/maisonnette\/en\/product\/the-crusade\/\",\"url\":\"https:\/\/maison4tiers.com\/maisonnette\/en\/product\/the-crusade\/\",\"name\":\"The Crusade - \u00c9crans solidaires - WATCH NOW !\",\"isPartOf\":{\"@id\":\"https:\/\/maison4tiers.com\/maisonnette\/en\/#website\"},\"primaryImageOfPage\":{\"@id\":\"https:\/\/maison4tiers.com\/maisonnette\/en\/product\/the-crusade\/#primaryimage\"},\"image\":{\"@id\":\"https:\/\/maison4tiers.com\/maisonnette\/en\/product\/the-crusade\/#primaryimage\"},\"thumbnailUrl\":\"https:\/\/maison4tiers.com\/maisonnette\/wp-content\/uploads\/sites\/77\/2022\/10\/LACROISADE_BOUTIQUE_800X1200_EN.png\",\"datePublished\":\"2022-10-17T13:56:06+00:00\",\"dateModified\":\"2022-12-14T20:26:57+00:00\",\"description\":\"The crusade. Abel and Marianne discover that their 13-year-old son Joseph has secretly sold their most precious possessions.\",\"breadcrumb\":{\"@id\":\"https:\/\/maison4tiers.com\/maisonnette\/en\/product\/the-crusade\/#breadcrumb\"},\"inLanguage\":\"en-US\",\"potentialAction\":[{\"@type\":\"ReadAction\",\"target\":[\"https:\/\/maison4tiers.com\/maisonnette\/en\/product\/the-crusade\/\"]}]},{\"@type\":\"ImageObject\",\"inLanguage\":\"en-US\",\"@id\":\"https:\/\/maison4tiers.com\/maisonnette\/en\/product\/the-crusade\/#primaryimage\",\"url\":\"https:\/\/maison4tiers.com\/maisonnette\/wp-content\/uploads\/sites\/77\/2022\/10\/LACROISADE_BOUTIQUE_800X1200_EN.png\",\"contentUrl\":\"https:\/\/maison4tiers.com\/maisonnette\/wp-content\/uploads\/sites\/77\/2022\/10\/LACROISADE_BOUTIQUE_800X1200_EN.png\",\"width\":800,\"height\":1200,\"caption\":\"The crusade\"},{\"@type\":\"BreadcrumbList\",\"@id\":\"https:\/\/maison4tiers.com\/maisonnette\/en\/product\/the-crusade\/#breadcrumb\",\"itemListElement\":[{\"@type\":\"ListItem\",\"position\":1,\"name\":\"Home\",\"item\":\"https:\/\/maison4tiers.com\/maisonnette\/en\/home\/\"},{\"@type\":\"ListItem\",\"position\":2,\"name\":\"Movies\",\"item\":\"https:\/\/maison4tiers.com\/maisonnette\/movies\/\"},{\"@type\":\"ListItem\",\"position\":3,\"name\":\"The Crusade\"}]},{\"@type\":\"WebSite\",\"@id\":\"https:\/\/maison4tiers.com\/maisonnette\/en\/#website\",\"url\":\"https:\/\/maison4tiers.com\/maisonnette\/en\/\",\"name\":\"\u00c9crans solidaires\",\"description\":\"Distribution multiplateforme de films qu\u00e9b\u00e9cois et internationaux\",\"publisher\":{\"@id\":\"https:\/\/maison4tiers.com\/maisonnette\/en\/#organization\"},\"potentialAction\":[{\"@type\":\"SearchAction\",\"target\":{\"@type\":\"EntryPoint\",\"urlTemplate\":\"https:\/\/maison4tiers.com\/maisonnette\/en\/?s={search_term_string}\"},\"query-input\":{\"@type\":\"PropertyValueSpecification\",\"valueRequired\":true,\"valueName\":\"search_term_string\"}}],\"inLanguage\":\"en-US\"},{\"@type\":\"Organization\",\"@id\":\"https:\/\/maison4tiers.com\/maisonnette\/en\/#organization\",\"name\":\"\u00c9crans solidaires\",\"url\":\"https:\/\/maison4tiers.com\/maisonnette\/en\/\",\"logo\":{\"@type\":\"ImageObject\",\"inLanguage\":\"en-US\",\"@id\":\"https:\/\/maison4tiers.com\/maisonnette\/en\/#\/schema\/logo\/image\/\",\"url\":\"https:\/\/maison4tiers.com\/maisonnette\/wp-content\/uploads\/sites\/77\/2020\/11\/favicon-196.png\",\"contentUrl\":\"https:\/\/maison4tiers.com\/maisonnette\/wp-content\/uploads\/sites\/77\/2020\/11\/favicon-196.png\",\"width\":196,\"height\":196,\"caption\":\"\u00c9crans solidaires\"},\"image\":{\"@id\":\"https:\/\/maison4tiers.com\/maisonnette\/en\/#\/schema\/logo\/image\/\"}}]}<\/script>\n<!-- \/ Yoast SEO plugin. -->","yoast_head_json":{"title":"The Crusade - \u00c9crans solidaires - WATCH NOW !","description":"The crusade. Abel and Marianne discover that their 13-year-old son Joseph has secretly sold their most precious possessions.","robots":{"index":"noindex","follow":"follow","max-snippet":"max-snippet:-1","max-image-preview":"max-image-preview:large","max-video-preview":"max-video-preview:-1"},"og_locale":"en_US","og_type":"article","og_title":"The crusade","og_description":"The crusade. Abel and Marianne discover that their 13-year-old son Joseph has secretly sold their most precious possessions.","og_url":"https:\/\/maison4tiers.com\/maisonnette\/en\/product\/the-crusade\/","og_site_name":"\u00c9crans solidaires","article_modified_time":"2022-12-14T20:26:57+00:00","og_image":[{"width":800,"height":1200,"url":"https:\/\/maison4tiers.com\/maisonnette\/wp-content\/uploads\/sites\/77\/2022\/10\/LACROISADE_BOUTIQUE_800X1200_EN.png","type":"image\/png"}],"twitter_card":"summary_large_image","twitter_title":"The crusade","twitter_description":"The crusade. Abel and Marianne discover that their 13-year-old son Joseph has secretly sold their most precious possessions.","twitter_image":"https:\/\/maison4tiers.com\/maisonnette\/wp-content\/uploads\/sites\/77\/2022\/10\/LACROISADE_BOUTIQUE_800X1200_EN.png","schema":{"@context":"https:\/\/schema.org","@graph":[{"@type":"WebPage","@id":"https:\/\/maison4tiers.com\/maisonnette\/en\/product\/the-crusade\/","url":"https:\/\/maison4tiers.com\/maisonnette\/en\/product\/the-crusade\/","name":"The Crusade - \u00c9crans solidaires - WATCH NOW !","isPartOf":{"@id":"https:\/\/maison4tiers.com\/maisonnette\/en\/#website"},"primaryImageOfPage":{"@id":"https:\/\/maison4tiers.com\/maisonnette\/en\/product\/the-crusade\/#primaryimage"},"image":{"@id":"https:\/\/maison4tiers.com\/maisonnette\/en\/product\/the-crusade\/#primaryimage"},"thumbnailUrl":"https:\/\/maison4tiers.com\/maisonnette\/wp-content\/uploads\/sites\/77\/2022\/10\/LACROISADE_BOUTIQUE_800X1200_EN.png","datePublished":"2022-10-17T13:56:06+00:00","dateModified":"2022-12-14T20:26:57+00:00","description":"The crusade. Abel and Marianne discover that their 13-year-old son Joseph has secretly sold their most precious possessions.","breadcrumb":{"@id":"https:\/\/maison4tiers.com\/maisonnette\/en\/product\/the-crusade\/#breadcrumb"},"inLanguage":"en-US","potentialAction":[{"@type":"ReadAction","target":["https:\/\/maison4tiers.com\/maisonnette\/en\/product\/the-crusade\/"]}]},{"@type":"ImageObject","inLanguage":"en-US","@id":"https:\/\/maison4tiers.com\/maisonnette\/en\/product\/the-crusade\/#primaryimage","url":"https:\/\/maison4tiers.com\/maisonnette\/wp-content\/uploads\/sites\/77\/2022\/10\/LACROISADE_BOUTIQUE_800X1200_EN.png","contentUrl":"https:\/\/maison4tiers.com\/maisonnette\/wp-content\/uploads\/sites\/77\/2022\/10\/LACROISADE_BOUTIQUE_800X1200_EN.png","width":800,"height":1200,"caption":"The crusade"},{"@type":"BreadcrumbList","@id":"https:\/\/maison4tiers.com\/maisonnette\/en\/product\/the-crusade\/#breadcrumb","itemListElement":[{"@type":"ListItem","position":1,"name":"Home","item":"https:\/\/maison4tiers.com\/maisonnette\/en\/home\/"},{"@type":"ListItem","position":2,"name":"Movies","item":"https:\/\/maison4tiers.com\/maisonnette\/movies\/"},{"@type":"ListItem","position":3,"name":"The Crusade"}]},{"@type":"WebSite","@id":"https:\/\/maison4tiers.com\/maisonnette\/en\/#website","url":"https:\/\/maison4tiers.com\/maisonnette\/en\/","name":"\u00c9crans solidaires","description":"Distribution multiplateforme de films qu\u00e9b\u00e9cois et internationaux","publisher":{"@id":"https:\/\/maison4tiers.com\/maisonnette\/en\/#organization"},"potentialAction":[{"@type":"SearchAction","target":{"@type":"EntryPoint","urlTemplate":"https:\/\/maison4tiers.com\/maisonnette\/en\/?s={search_term_string}"},"query-input":{"@type":"PropertyValueSpecification","valueRequired":true,"valueName":"search_term_string"}}],"inLanguage":"en-US"},{"@type":"Organization","@id":"https:\/\/maison4tiers.com\/maisonnette\/en\/#organization","name":"\u00c9crans solidaires","url":"https:\/\/maison4tiers.com\/maisonnette\/en\/","logo":{"@type":"ImageObject","inLanguage":"en-US","@id":"https:\/\/maison4tiers.com\/maisonnette\/en\/#\/schema\/logo\/image\/","url":"https:\/\/maison4tiers.com\/maisonnette\/wp-content\/uploads\/sites\/77\/2020\/11\/favicon-196.png","contentUrl":"https:\/\/maison4tiers.com\/maisonnette\/wp-content\/uploads\/sites\/77\/2020\/11\/favicon-196.png","width":196,"height":196,"caption":"\u00c9crans solidaires"},"image":{"@id":"https:\/\/maison4tiers.com\/maisonnette\/en\/#\/schema\/logo\/image\/"}}]}},"jetpack_sharing_enabled":true,"_links":{"self":[{"href":"https:\/\/maison4tiers.com\/maisonnette\/en\/wp-json\/wp\/v2\/product\/8662","targetHints":{"allow":["GET"]}}],"collection":[{"href":"https:\/\/maison4tiers.com\/maisonnette\/en\/wp-json\/wp\/v2\/product"}],"about":[{"href":"https:\/\/maison4tiers.com\/maisonnette\/en\/wp-json\/wp\/v2\/types\/product"}],"wp:featuredmedia":[{"embeddable":true,"href":"https:\/\/maison4tiers.com\/maisonnette\/en\/wp-json\/wp\/v2\/media\/8685"}],"wp:attachment":[{"href":"https:\/\/maison4tiers.com\/maisonnette\/en\/wp-json\/wp\/v2\/media?parent=8662"}],"wp:term":[{"taxonomy":"product_brand","embeddable":true,"href":"https:\/\/maison4tiers.com\/maisonnette\/en\/wp-json\/wp\/v2\/product_brand?post=8662"},{"taxonomy":"product_cat","embeddable":true,"href":"https:\/\/maison4tiers.com\/maisonnette\/en\/wp-json\/wp\/v2\/product_cat?post=8662"},{"taxonomy":"product_tag","embeddable":true,"href":"https:\/\/maison4tiers.com\/maisonnette\/en\/wp-json\/wp\/v2\/product_tag?post=8662"}],"curies":[{"name":"wp","href":"https:\/\/api.w.org\/{rel}","templated":true}]}}