{"id":8436,"date":"2022-09-27T15:17:00","date_gmt":"2022-10-05T16:15:22","guid":{"rendered":"https:\/\/maison4tiers.com\/?post_type=product&#038;p=8436"},"modified":"2023-01-31T12:59:02","modified_gmt":"2023-01-31T16:59:02","slug":"north-of-albany","status":"publish","type":"product","link":"https:\/\/maison4tiers.com\/maisonnette\/en\/product\/north-of-albany\/","title":{"rendered":"North of Albany"},"excerpt":{"rendered":"<div class=\"page\" title=\"Page 3\">\n<div class=\"layoutArea\">\n<div class=\"column\">\n<p>Annie frantically flees Montreal for the US with her young son, Felix and teenage daughter, Sarah, fearing the repercussions after Sarah severely injures her school bully. When their car breaks down just outside a small town in the Adirondacks, the family is stranded. Paul, a single father and the town\u2019s lone mechanic, isn\u2019t able to fix the car until he gets the part that\u2019s needed. Annie\u2019s stubborn insistence to leave town at all costs comes head-to-head with Paul\u2019s unwillingness to give in. When Sarah realizes that her secret is out in the open, she runs away, forcing Annie and Paul to join forces to find her. When Paul\u2019s traumatic past is revealed, Annie realizes that she is not the only one running and comes to terms with facing the music.<\/p>\n<blockquote><p>\u2605\u2605\u2605\u2605 <strong><a href=\"https:\/\/bpartsmedia.ca\/au-nord-dalbany\/\" target=\"_blank\" rel=\"noopener\">BP ARTS MEDIA\u00a0<\/a><\/strong><\/p>\n<p>\u2605\u2605\u2605 1\/2\u00a0 <strong><a href=\"https:\/\/www.ledevoir.com\/culture\/cinema\/772973\/cinema-au-nord-d-albany-entre-la-fuite-et-la-honte\" target=\"_blank\" rel=\"noopener\">LE DEVOIR<\/a><\/strong><\/p><\/blockquote>\n<p><span style=\"text-decoration: underline;\"><strong><span class=\"s1\"><a href=\"https:\/\/maison4tiers.com\/en\/product-category\/movie\/quebec-movie\/\" target=\"_blank\" rel=\"noopener\">Other Quebec films<\/a><\/span><\/strong><\/span><\/p>\n<\/div>\n<p>*Only available in Canada<\/p>\n<\/div>\n<\/div>\n","protected":false},"featured_media":8504,"template":"","meta":{"_acf_changed":false,"_eb_attr":""},"product_brand":[],"product_cat":[133,106,141,103,126],"product_tag":[1127,850,471,1067],"class_list":{"0":"post-8436","1":"product","2":"type-product","3":"status-publish","4":"has-post-thumbnail","6":"product_cat-allmovies","7":"product_cat-drama","8":"product_cat-theatres","9":"product_cat-movie","10":"product_cat-quebec-movie","11":"product_tag-canada-en","12":"product_tag-drame-en","13":"product_tag-suspense-en","14":"product_tag-united-states-en","16":"first","17":"instock","18":"taxable","19":"shipping-taxable","20":"purchasable","21":"product-type-variable","22":"has-default-attributes"},"acf":[],"yoast_head":"<!-- This site is optimized with the Yoast SEO plugin v27.0 - https:\/\/yoast.com\/product\/yoast-seo-wordpress\/ -->\n<title>North of Albany - \u00c9crans solidaires<\/title>\n<meta name=\"description\" content=\"North of Albany. Annie frantically flees Montreal for the US with her young son, Felix and teenage daughter, Sarah.\" \/>\n<meta name=\"robots\" content=\"noindex, follow, max-snippet:-1, max-image-preview:large, max-video-preview:-1\" \/>\n<meta property=\"og:locale\" content=\"en_US\" \/>\n<meta property=\"og:type\" content=\"article\" \/>\n<meta property=\"og:title\" content=\"North of Albany\" \/>\n<meta property=\"og:description\" content=\"Annie frantically flees Montreal for the US with her young son, Felix and teenage daughter, Sarah, fearing the repercussions after Sarah severely injures her school bully.\" \/>\n<meta property=\"og:url\" content=\"https:\/\/maison4tiers.com\/maisonnette\/en\/product\/north-of-albany\/\" \/>\n<meta property=\"og:site_name\" content=\"\u00c9crans solidaires\" \/>\n<meta property=\"article:modified_time\" content=\"2023-01-31T16:59:02+00:00\" \/>\n<meta property=\"og:image\" content=\"https:\/\/maison4tiers.com\/maisonnette\/wp-content\/uploads\/sites\/77\/2022\/09\/Albany_WEB_BONNIER_EN-scaled.jpg\" \/>\n\t<meta property=\"og:image:width\" content=\"1772\" \/>\n\t<meta property=\"og:image:height\" content=\"2560\" \/>\n\t<meta property=\"og:image:type\" content=\"image\/jpeg\" \/>\n<meta name=\"twitter:card\" content=\"summary_large_image\" \/>\n<meta name=\"twitter:title\" content=\"North of Albany\" \/>\n<meta name=\"twitter:description\" content=\"Annie frantically flees Montreal for the US with her young son, Felix and teenage daughter, Sarah, fearing the repercussions after Sarah severely injures her school bully.\" \/>\n<meta name=\"twitter:image\" content=\"https:\/\/maison4tiers.com\/maisonnette\/wp-content\/uploads\/sites\/77\/2022\/09\/Albany_WEB_BONNIER_EN-scaled.jpg\" \/>\n<script type=\"application\/ld+json\" class=\"yoast-schema-graph\">{\"@context\":\"https:\/\/schema.org\",\"@graph\":[{\"@type\":\"WebPage\",\"@id\":\"https:\/\/maison4tiers.com\/maisonnette\/en\/product\/north-of-albany\/\",\"url\":\"https:\/\/maison4tiers.com\/maisonnette\/en\/product\/north-of-albany\/\",\"name\":\"North of Albany - \u00c9crans solidaires\",\"isPartOf\":{\"@id\":\"https:\/\/maison4tiers.com\/maisonnette\/en\/#website\"},\"primaryImageOfPage\":{\"@id\":\"https:\/\/maison4tiers.com\/maisonnette\/en\/product\/north-of-albany\/#primaryimage\"},\"image\":{\"@id\":\"https:\/\/maison4tiers.com\/maisonnette\/en\/product\/north-of-albany\/#primaryimage\"},\"thumbnailUrl\":\"https:\/\/maison4tiers.com\/maisonnette\/wp-content\/uploads\/sites\/77\/2022\/09\/Albany_WEB_BONNIER_EN-1-scaled.jpg\",\"datePublished\":\"2022-10-05T16:15:22+00:00\",\"dateModified\":\"2023-01-31T16:59:02+00:00\",\"description\":\"North of Albany. Annie frantically flees Montreal for the US with her young son, Felix and teenage daughter, Sarah.\",\"breadcrumb\":{\"@id\":\"https:\/\/maison4tiers.com\/maisonnette\/en\/product\/north-of-albany\/#breadcrumb\"},\"inLanguage\":\"en-US\",\"potentialAction\":[{\"@type\":\"ReadAction\",\"target\":[\"https:\/\/maison4tiers.com\/maisonnette\/en\/product\/north-of-albany\/\"]}]},{\"@type\":\"ImageObject\",\"inLanguage\":\"en-US\",\"@id\":\"https:\/\/maison4tiers.com\/maisonnette\/en\/product\/north-of-albany\/#primaryimage\",\"url\":\"https:\/\/maison4tiers.com\/maisonnette\/wp-content\/uploads\/sites\/77\/2022\/09\/Albany_WEB_BONNIER_EN-1-scaled.jpg\",\"contentUrl\":\"https:\/\/maison4tiers.com\/maisonnette\/wp-content\/uploads\/sites\/77\/2022\/09\/Albany_WEB_BONNIER_EN-1-scaled.jpg\",\"width\":1772,\"height\":2560,\"caption\":\"North of Albany\"},{\"@type\":\"BreadcrumbList\",\"@id\":\"https:\/\/maison4tiers.com\/maisonnette\/en\/product\/north-of-albany\/#breadcrumb\",\"itemListElement\":[{\"@type\":\"ListItem\",\"position\":1,\"name\":\"Home\",\"item\":\"https:\/\/maison4tiers.com\/maisonnette\/en\/home\/\"},{\"@type\":\"ListItem\",\"position\":2,\"name\":\"Movies\",\"item\":\"https:\/\/maison4tiers.com\/maisonnette\/movies\/\"},{\"@type\":\"ListItem\",\"position\":3,\"name\":\"North of Albany\"}]},{\"@type\":\"WebSite\",\"@id\":\"https:\/\/maison4tiers.com\/maisonnette\/en\/#website\",\"url\":\"https:\/\/maison4tiers.com\/maisonnette\/en\/\",\"name\":\"\u00c9crans solidaires\",\"description\":\"Distribution multiplateforme de films qu\u00e9b\u00e9cois et internationaux\",\"publisher\":{\"@id\":\"https:\/\/maison4tiers.com\/maisonnette\/en\/#organization\"},\"potentialAction\":[{\"@type\":\"SearchAction\",\"target\":{\"@type\":\"EntryPoint\",\"urlTemplate\":\"https:\/\/maison4tiers.com\/maisonnette\/en\/?s={search_term_string}\"},\"query-input\":{\"@type\":\"PropertyValueSpecification\",\"valueRequired\":true,\"valueName\":\"search_term_string\"}}],\"inLanguage\":\"en-US\"},{\"@type\":\"Organization\",\"@id\":\"https:\/\/maison4tiers.com\/maisonnette\/en\/#organization\",\"name\":\"\u00c9crans solidaires\",\"url\":\"https:\/\/maison4tiers.com\/maisonnette\/en\/\",\"logo\":{\"@type\":\"ImageObject\",\"inLanguage\":\"en-US\",\"@id\":\"https:\/\/maison4tiers.com\/maisonnette\/en\/#\/schema\/logo\/image\/\",\"url\":\"https:\/\/maison4tiers.com\/maisonnette\/wp-content\/uploads\/sites\/77\/2020\/11\/favicon-196.png\",\"contentUrl\":\"https:\/\/maison4tiers.com\/maisonnette\/wp-content\/uploads\/sites\/77\/2020\/11\/favicon-196.png\",\"width\":196,\"height\":196,\"caption\":\"\u00c9crans solidaires\"},\"image\":{\"@id\":\"https:\/\/maison4tiers.com\/maisonnette\/en\/#\/schema\/logo\/image\/\"}}]}<\/script>\n<!-- \/ Yoast SEO plugin. -->","yoast_head_json":{"title":"North of Albany - \u00c9crans solidaires","description":"North of Albany. Annie frantically flees Montreal for the US with her young son, Felix and teenage daughter, Sarah.","robots":{"index":"noindex","follow":"follow","max-snippet":"max-snippet:-1","max-image-preview":"max-image-preview:large","max-video-preview":"max-video-preview:-1"},"og_locale":"en_US","og_type":"article","og_title":"North of Albany","og_description":"Annie frantically flees Montreal for the US with her young son, Felix and teenage daughter, Sarah, fearing the repercussions after Sarah severely injures her school bully.","og_url":"https:\/\/maison4tiers.com\/maisonnette\/en\/product\/north-of-albany\/","og_site_name":"\u00c9crans solidaires","article_modified_time":"2023-01-31T16:59:02+00:00","og_image":[{"width":1772,"height":2560,"url":"https:\/\/maison4tiers.com\/maisonnette\/wp-content\/uploads\/sites\/77\/2022\/09\/Albany_WEB_BONNIER_EN-scaled.jpg","type":"image\/jpeg"}],"twitter_card":"summary_large_image","twitter_title":"North of Albany","twitter_description":"Annie frantically flees Montreal for the US with her young son, Felix and teenage daughter, Sarah, fearing the repercussions after Sarah severely injures her school bully.","twitter_image":"https:\/\/maison4tiers.com\/maisonnette\/wp-content\/uploads\/sites\/77\/2022\/09\/Albany_WEB_BONNIER_EN-scaled.jpg","schema":{"@context":"https:\/\/schema.org","@graph":[{"@type":"WebPage","@id":"https:\/\/maison4tiers.com\/maisonnette\/en\/product\/north-of-albany\/","url":"https:\/\/maison4tiers.com\/maisonnette\/en\/product\/north-of-albany\/","name":"North of Albany - \u00c9crans solidaires","isPartOf":{"@id":"https:\/\/maison4tiers.com\/maisonnette\/en\/#website"},"primaryImageOfPage":{"@id":"https:\/\/maison4tiers.com\/maisonnette\/en\/product\/north-of-albany\/#primaryimage"},"image":{"@id":"https:\/\/maison4tiers.com\/maisonnette\/en\/product\/north-of-albany\/#primaryimage"},"thumbnailUrl":"https:\/\/maison4tiers.com\/maisonnette\/wp-content\/uploads\/sites\/77\/2022\/09\/Albany_WEB_BONNIER_EN-1-scaled.jpg","datePublished":"2022-10-05T16:15:22+00:00","dateModified":"2023-01-31T16:59:02+00:00","description":"North of Albany. Annie frantically flees Montreal for the US with her young son, Felix and teenage daughter, Sarah.","breadcrumb":{"@id":"https:\/\/maison4tiers.com\/maisonnette\/en\/product\/north-of-albany\/#breadcrumb"},"inLanguage":"en-US","potentialAction":[{"@type":"ReadAction","target":["https:\/\/maison4tiers.com\/maisonnette\/en\/product\/north-of-albany\/"]}]},{"@type":"ImageObject","inLanguage":"en-US","@id":"https:\/\/maison4tiers.com\/maisonnette\/en\/product\/north-of-albany\/#primaryimage","url":"https:\/\/maison4tiers.com\/maisonnette\/wp-content\/uploads\/sites\/77\/2022\/09\/Albany_WEB_BONNIER_EN-1-scaled.jpg","contentUrl":"https:\/\/maison4tiers.com\/maisonnette\/wp-content\/uploads\/sites\/77\/2022\/09\/Albany_WEB_BONNIER_EN-1-scaled.jpg","width":1772,"height":2560,"caption":"North of Albany"},{"@type":"BreadcrumbList","@id":"https:\/\/maison4tiers.com\/maisonnette\/en\/product\/north-of-albany\/#breadcrumb","itemListElement":[{"@type":"ListItem","position":1,"name":"Home","item":"https:\/\/maison4tiers.com\/maisonnette\/en\/home\/"},{"@type":"ListItem","position":2,"name":"Movies","item":"https:\/\/maison4tiers.com\/maisonnette\/movies\/"},{"@type":"ListItem","position":3,"name":"North of Albany"}]},{"@type":"WebSite","@id":"https:\/\/maison4tiers.com\/maisonnette\/en\/#website","url":"https:\/\/maison4tiers.com\/maisonnette\/en\/","name":"\u00c9crans solidaires","description":"Distribution multiplateforme de films qu\u00e9b\u00e9cois et internationaux","publisher":{"@id":"https:\/\/maison4tiers.com\/maisonnette\/en\/#organization"},"potentialAction":[{"@type":"SearchAction","target":{"@type":"EntryPoint","urlTemplate":"https:\/\/maison4tiers.com\/maisonnette\/en\/?s={search_term_string}"},"query-input":{"@type":"PropertyValueSpecification","valueRequired":true,"valueName":"search_term_string"}}],"inLanguage":"en-US"},{"@type":"Organization","@id":"https:\/\/maison4tiers.com\/maisonnette\/en\/#organization","name":"\u00c9crans solidaires","url":"https:\/\/maison4tiers.com\/maisonnette\/en\/","logo":{"@type":"ImageObject","inLanguage":"en-US","@id":"https:\/\/maison4tiers.com\/maisonnette\/en\/#\/schema\/logo\/image\/","url":"https:\/\/maison4tiers.com\/maisonnette\/wp-content\/uploads\/sites\/77\/2020\/11\/favicon-196.png","contentUrl":"https:\/\/maison4tiers.com\/maisonnette\/wp-content\/uploads\/sites\/77\/2020\/11\/favicon-196.png","width":196,"height":196,"caption":"\u00c9crans solidaires"},"image":{"@id":"https:\/\/maison4tiers.com\/maisonnette\/en\/#\/schema\/logo\/image\/"}}]}},"jetpack_sharing_enabled":true,"_links":{"self":[{"href":"https:\/\/maison4tiers.com\/maisonnette\/en\/wp-json\/wp\/v2\/product\/8436","targetHints":{"allow":["GET"]}}],"collection":[{"href":"https:\/\/maison4tiers.com\/maisonnette\/en\/wp-json\/wp\/v2\/product"}],"about":[{"href":"https:\/\/maison4tiers.com\/maisonnette\/en\/wp-json\/wp\/v2\/types\/product"}],"wp:featuredmedia":[{"embeddable":true,"href":"https:\/\/maison4tiers.com\/maisonnette\/en\/wp-json\/wp\/v2\/media\/8504"}],"wp:attachment":[{"href":"https:\/\/maison4tiers.com\/maisonnette\/en\/wp-json\/wp\/v2\/media?parent=8436"}],"wp:term":[{"taxonomy":"product_brand","embeddable":true,"href":"https:\/\/maison4tiers.com\/maisonnette\/en\/wp-json\/wp\/v2\/product_brand?post=8436"},{"taxonomy":"product_cat","embeddable":true,"href":"https:\/\/maison4tiers.com\/maisonnette\/en\/wp-json\/wp\/v2\/product_cat?post=8436"},{"taxonomy":"product_tag","embeddable":true,"href":"https:\/\/maison4tiers.com\/maisonnette\/en\/wp-json\/wp\/v2\/product_tag?post=8436"}],"curies":[{"name":"wp","href":"https:\/\/api.w.org\/{rel}","templated":true}]}}