{"id":8419,"date":"2022-08-31T12:31:24","date_gmt":"2022-09-27T14:38:21","guid":{"rendered":"https:\/\/maison4tiers.com\/?post_type=product&#038;p=8419"},"modified":"2022-12-21T17:00:12","modified_gmt":"2022-12-21T21:00:12","slug":"the-12-tasks-of-imelda","status":"publish","type":"product","link":"https:\/\/maison4tiers.com\/maisonnette\/en\/product\/the-12-tasks-of-imelda\/","title":{"rendered":"THE 12 TASKS OF IMELDA"},"excerpt":{"rendered":"<h4 class=\"p1\"><b>AVAILABLE SOON ON VIDEO ON DEMAND AND DVD !\u00a0<\/b><\/h4>\n<p class=\"p1\"><span style=\"font-weight: 400;\">Imelda, a larger-than-life character inspired by the director\u2019s own grandmother, is a notary\u2019s widow who lives in Gentilly, where she exercises a certain control over her family. With her landmark 100<\/span><span style=\"font-weight: 400;\">th<\/span><span style=\"font-weight: 400;\"> birthday fast approaching, she\u2019s restless, with old scores still to settle before any celebrations can begin. Structured as 12 \u2018chapters\u2019 chronicling her late years, Imelda faces a bucket-list of challenges exploring the ties that bind a family together. When that last Exit door must finally be walked through, will Imelda ever be able to leave in peace?<\/span><\/p>\n<p>&nbsp;<\/p>\n<p class=\"p1\"><span style=\"text-decoration: underline;\"><a href=\"https:\/\/maison4tiers.com\/en\/product-category\/movie\/comedy\/\" target=\"_blank\" rel=\"noopener\"><span class=\"s1\"><b>Other comedy films<\/b><\/span><\/a><\/span><\/p>\n<p class=\"p1\">*Only available in Canada<\/p>\n","protected":false},"featured_media":8490,"template":"","meta":{"_acf_changed":false,"_eb_attr":""},"product_brand":[],"product_cat":[143,133,108,130,141,103,126],"product_tag":[721,691,695,694],"class_list":{"0":"post-8419","1":"product","2":"type-product","3":"status-publish","4":"has-post-thumbnail","6":"product_cat-digital","7":"product_cat-allmovies","8":"product_cat-comedy","9":"product_cat-fiction-en","10":"product_cat-theatres","11":"product_cat-movie","12":"product_cat-quebec-movie","13":"product_tag-comedie-en","14":"product_tag-ginette-reno-en","15":"product_tag-quebec-en","16":"product_tag-quebecois-en","18":"first","19":"instock","20":"featured","21":"taxable","22":"shipping-taxable","23":"purchasable","24":"product-type-variable","25":"has-default-attributes"},"acf":[],"yoast_head":"<!-- This site is optimized with the Yoast SEO plugin v27.0 - https:\/\/yoast.com\/product\/yoast-seo-wordpress\/ -->\n<title>THE 12 TASKS OF IMELDA - Quebec Film - \u00c9crans solidaires - SOON!<\/title>\n<meta name=\"description\" content=\"IMELDA, is a notary\u2019s widow who lives in Gentilly, where she exercises a certain control over her family...\" \/>\n<meta name=\"robots\" content=\"noindex, follow, max-snippet:-1, max-image-preview:large, max-video-preview:-1\" \/>\n<meta property=\"og:locale\" content=\"en_US\" \/>\n<meta property=\"og:type\" content=\"article\" \/>\n<meta property=\"og:title\" content=\"The 12 Tasks of Imelda\" \/>\n<meta property=\"og:description\" content=\"IMELDA, is a notary\u2019s widow who lives in Gentilly, where she exercises a certain control over her family...\" \/>\n<meta property=\"og:url\" content=\"https:\/\/maison4tiers.com\/maisonnette\/en\/product\/the-12-tasks-of-imelda\/\" \/>\n<meta property=\"og:site_name\" content=\"\u00c9crans solidaires\" \/>\n<meta property=\"article:modified_time\" content=\"2022-12-21T21:00:12+00:00\" \/>\n<meta property=\"og:image\" content=\"https:\/\/maison4tiers.com\/maisonnette\/wp-content\/uploads\/sites\/77\/2022\/08\/Imelda_EN_WEB_LR-scaled.jpg\" \/>\n\t<meta property=\"og:image:width\" content=\"1772\" \/>\n\t<meta property=\"og:image:height\" content=\"2560\" \/>\n\t<meta property=\"og:image:type\" content=\"image\/jpeg\" \/>\n<meta name=\"twitter:card\" content=\"summary_large_image\" \/>\n<meta name=\"twitter:title\" content=\"The 12 Tasks of Imelda\" \/>\n<meta name=\"twitter:description\" content=\"IMELDA, is a notary\u2019s widow who lives in Gentilly, where she exercises a certain control over her family...\" \/>\n<meta name=\"twitter:image\" content=\"https:\/\/maison4tiers.com\/maisonnette\/wp-content\/uploads\/sites\/77\/2022\/08\/Imelda_EN_WEB_LR-scaled.jpg\" \/>\n<script type=\"application\/ld+json\" class=\"yoast-schema-graph\">{\"@context\":\"https:\/\/schema.org\",\"@graph\":[{\"@type\":\"WebPage\",\"@id\":\"https:\/\/maison4tiers.com\/maisonnette\/en\/product\/the-12-tasks-of-imelda\/\",\"url\":\"https:\/\/maison4tiers.com\/maisonnette\/en\/product\/the-12-tasks-of-imelda\/\",\"name\":\"THE 12 TASKS OF IMELDA - Quebec Film - \u00c9crans solidaires - SOON!\",\"isPartOf\":{\"@id\":\"https:\/\/maison4tiers.com\/maisonnette\/en\/#website\"},\"primaryImageOfPage\":{\"@id\":\"https:\/\/maison4tiers.com\/maisonnette\/en\/product\/the-12-tasks-of-imelda\/#primaryimage\"},\"image\":{\"@id\":\"https:\/\/maison4tiers.com\/maisonnette\/en\/product\/the-12-tasks-of-imelda\/#primaryimage\"},\"thumbnailUrl\":\"https:\/\/maison4tiers.com\/maisonnette\/wp-content\/uploads\/sites\/77\/2022\/08\/Imelda_EN_WEB_LR-scaled.jpg\",\"datePublished\":\"2022-09-27T14:38:21+00:00\",\"dateModified\":\"2022-12-21T21:00:12+00:00\",\"description\":\"IMELDA, is a notary\u2019s widow who lives in Gentilly, where she exercises a certain control over her family...\",\"breadcrumb\":{\"@id\":\"https:\/\/maison4tiers.com\/maisonnette\/en\/product\/the-12-tasks-of-imelda\/#breadcrumb\"},\"inLanguage\":\"en-US\",\"potentialAction\":[{\"@type\":\"ReadAction\",\"target\":[\"https:\/\/maison4tiers.com\/maisonnette\/en\/product\/the-12-tasks-of-imelda\/\"]}]},{\"@type\":\"ImageObject\",\"inLanguage\":\"en-US\",\"@id\":\"https:\/\/maison4tiers.com\/maisonnette\/en\/product\/the-12-tasks-of-imelda\/#primaryimage\",\"url\":\"https:\/\/maison4tiers.com\/maisonnette\/wp-content\/uploads\/sites\/77\/2022\/08\/Imelda_EN_WEB_LR-scaled.jpg\",\"contentUrl\":\"https:\/\/maison4tiers.com\/maisonnette\/wp-content\/uploads\/sites\/77\/2022\/08\/Imelda_EN_WEB_LR-scaled.jpg\",\"width\":1772,\"height\":2560,\"caption\":\"The 12 Tasks of Imelda\"},{\"@type\":\"BreadcrumbList\",\"@id\":\"https:\/\/maison4tiers.com\/maisonnette\/en\/product\/the-12-tasks-of-imelda\/#breadcrumb\",\"itemListElement\":[{\"@type\":\"ListItem\",\"position\":1,\"name\":\"Home\",\"item\":\"https:\/\/maison4tiers.com\/maisonnette\/en\/home\/\"},{\"@type\":\"ListItem\",\"position\":2,\"name\":\"Movies\",\"item\":\"https:\/\/maison4tiers.com\/maisonnette\/movies\/\"},{\"@type\":\"ListItem\",\"position\":3,\"name\":\"THE 12 TASKS OF IMELDA\"}]},{\"@type\":\"WebSite\",\"@id\":\"https:\/\/maison4tiers.com\/maisonnette\/en\/#website\",\"url\":\"https:\/\/maison4tiers.com\/maisonnette\/en\/\",\"name\":\"\u00c9crans solidaires\",\"description\":\"Distribution multiplateforme de films qu\u00e9b\u00e9cois et internationaux\",\"publisher\":{\"@id\":\"https:\/\/maison4tiers.com\/maisonnette\/en\/#organization\"},\"potentialAction\":[{\"@type\":\"SearchAction\",\"target\":{\"@type\":\"EntryPoint\",\"urlTemplate\":\"https:\/\/maison4tiers.com\/maisonnette\/en\/?s={search_term_string}\"},\"query-input\":{\"@type\":\"PropertyValueSpecification\",\"valueRequired\":true,\"valueName\":\"search_term_string\"}}],\"inLanguage\":\"en-US\"},{\"@type\":\"Organization\",\"@id\":\"https:\/\/maison4tiers.com\/maisonnette\/en\/#organization\",\"name\":\"\u00c9crans solidaires\",\"url\":\"https:\/\/maison4tiers.com\/maisonnette\/en\/\",\"logo\":{\"@type\":\"ImageObject\",\"inLanguage\":\"en-US\",\"@id\":\"https:\/\/maison4tiers.com\/maisonnette\/en\/#\/schema\/logo\/image\/\",\"url\":\"https:\/\/maison4tiers.com\/maisonnette\/wp-content\/uploads\/sites\/77\/2020\/11\/favicon-196.png\",\"contentUrl\":\"https:\/\/maison4tiers.com\/maisonnette\/wp-content\/uploads\/sites\/77\/2020\/11\/favicon-196.png\",\"width\":196,\"height\":196,\"caption\":\"\u00c9crans solidaires\"},\"image\":{\"@id\":\"https:\/\/maison4tiers.com\/maisonnette\/en\/#\/schema\/logo\/image\/\"}}]}<\/script>\n<!-- \/ Yoast SEO plugin. -->","yoast_head_json":{"title":"THE 12 TASKS OF IMELDA - Quebec Film - \u00c9crans solidaires - SOON!","description":"IMELDA, is a notary\u2019s widow who lives in Gentilly, where she exercises a certain control over her family...","robots":{"index":"noindex","follow":"follow","max-snippet":"max-snippet:-1","max-image-preview":"max-image-preview:large","max-video-preview":"max-video-preview:-1"},"og_locale":"en_US","og_type":"article","og_title":"The 12 Tasks of Imelda","og_description":"IMELDA, is a notary\u2019s widow who lives in Gentilly, where she exercises a certain control over her family...","og_url":"https:\/\/maison4tiers.com\/maisonnette\/en\/product\/the-12-tasks-of-imelda\/","og_site_name":"\u00c9crans solidaires","article_modified_time":"2022-12-21T21:00:12+00:00","og_image":[{"width":1772,"height":2560,"url":"https:\/\/maison4tiers.com\/maisonnette\/wp-content\/uploads\/sites\/77\/2022\/08\/Imelda_EN_WEB_LR-scaled.jpg","type":"image\/jpeg"}],"twitter_card":"summary_large_image","twitter_title":"The 12 Tasks of Imelda","twitter_description":"IMELDA, is a notary\u2019s widow who lives in Gentilly, where she exercises a certain control over her family...","twitter_image":"https:\/\/maison4tiers.com\/maisonnette\/wp-content\/uploads\/sites\/77\/2022\/08\/Imelda_EN_WEB_LR-scaled.jpg","schema":{"@context":"https:\/\/schema.org","@graph":[{"@type":"WebPage","@id":"https:\/\/maison4tiers.com\/maisonnette\/en\/product\/the-12-tasks-of-imelda\/","url":"https:\/\/maison4tiers.com\/maisonnette\/en\/product\/the-12-tasks-of-imelda\/","name":"THE 12 TASKS OF IMELDA - Quebec Film - \u00c9crans solidaires - SOON!","isPartOf":{"@id":"https:\/\/maison4tiers.com\/maisonnette\/en\/#website"},"primaryImageOfPage":{"@id":"https:\/\/maison4tiers.com\/maisonnette\/en\/product\/the-12-tasks-of-imelda\/#primaryimage"},"image":{"@id":"https:\/\/maison4tiers.com\/maisonnette\/en\/product\/the-12-tasks-of-imelda\/#primaryimage"},"thumbnailUrl":"https:\/\/maison4tiers.com\/maisonnette\/wp-content\/uploads\/sites\/77\/2022\/08\/Imelda_EN_WEB_LR-scaled.jpg","datePublished":"2022-09-27T14:38:21+00:00","dateModified":"2022-12-21T21:00:12+00:00","description":"IMELDA, is a notary\u2019s widow who lives in Gentilly, where she exercises a certain control over her family...","breadcrumb":{"@id":"https:\/\/maison4tiers.com\/maisonnette\/en\/product\/the-12-tasks-of-imelda\/#breadcrumb"},"inLanguage":"en-US","potentialAction":[{"@type":"ReadAction","target":["https:\/\/maison4tiers.com\/maisonnette\/en\/product\/the-12-tasks-of-imelda\/"]}]},{"@type":"ImageObject","inLanguage":"en-US","@id":"https:\/\/maison4tiers.com\/maisonnette\/en\/product\/the-12-tasks-of-imelda\/#primaryimage","url":"https:\/\/maison4tiers.com\/maisonnette\/wp-content\/uploads\/sites\/77\/2022\/08\/Imelda_EN_WEB_LR-scaled.jpg","contentUrl":"https:\/\/maison4tiers.com\/maisonnette\/wp-content\/uploads\/sites\/77\/2022\/08\/Imelda_EN_WEB_LR-scaled.jpg","width":1772,"height":2560,"caption":"The 12 Tasks of Imelda"},{"@type":"BreadcrumbList","@id":"https:\/\/maison4tiers.com\/maisonnette\/en\/product\/the-12-tasks-of-imelda\/#breadcrumb","itemListElement":[{"@type":"ListItem","position":1,"name":"Home","item":"https:\/\/maison4tiers.com\/maisonnette\/en\/home\/"},{"@type":"ListItem","position":2,"name":"Movies","item":"https:\/\/maison4tiers.com\/maisonnette\/movies\/"},{"@type":"ListItem","position":3,"name":"THE 12 TASKS OF IMELDA"}]},{"@type":"WebSite","@id":"https:\/\/maison4tiers.com\/maisonnette\/en\/#website","url":"https:\/\/maison4tiers.com\/maisonnette\/en\/","name":"\u00c9crans solidaires","description":"Distribution multiplateforme de films qu\u00e9b\u00e9cois et internationaux","publisher":{"@id":"https:\/\/maison4tiers.com\/maisonnette\/en\/#organization"},"potentialAction":[{"@type":"SearchAction","target":{"@type":"EntryPoint","urlTemplate":"https:\/\/maison4tiers.com\/maisonnette\/en\/?s={search_term_string}"},"query-input":{"@type":"PropertyValueSpecification","valueRequired":true,"valueName":"search_term_string"}}],"inLanguage":"en-US"},{"@type":"Organization","@id":"https:\/\/maison4tiers.com\/maisonnette\/en\/#organization","name":"\u00c9crans solidaires","url":"https:\/\/maison4tiers.com\/maisonnette\/en\/","logo":{"@type":"ImageObject","inLanguage":"en-US","@id":"https:\/\/maison4tiers.com\/maisonnette\/en\/#\/schema\/logo\/image\/","url":"https:\/\/maison4tiers.com\/maisonnette\/wp-content\/uploads\/sites\/77\/2020\/11\/favicon-196.png","contentUrl":"https:\/\/maison4tiers.com\/maisonnette\/wp-content\/uploads\/sites\/77\/2020\/11\/favicon-196.png","width":196,"height":196,"caption":"\u00c9crans solidaires"},"image":{"@id":"https:\/\/maison4tiers.com\/maisonnette\/en\/#\/schema\/logo\/image\/"}}]}},"jetpack_sharing_enabled":true,"_links":{"self":[{"href":"https:\/\/maison4tiers.com\/maisonnette\/en\/wp-json\/wp\/v2\/product\/8419","targetHints":{"allow":["GET"]}}],"collection":[{"href":"https:\/\/maison4tiers.com\/maisonnette\/en\/wp-json\/wp\/v2\/product"}],"about":[{"href":"https:\/\/maison4tiers.com\/maisonnette\/en\/wp-json\/wp\/v2\/types\/product"}],"wp:featuredmedia":[{"embeddable":true,"href":"https:\/\/maison4tiers.com\/maisonnette\/en\/wp-json\/wp\/v2\/media\/8490"}],"wp:attachment":[{"href":"https:\/\/maison4tiers.com\/maisonnette\/en\/wp-json\/wp\/v2\/media?parent=8419"}],"wp:term":[{"taxonomy":"product_brand","embeddable":true,"href":"https:\/\/maison4tiers.com\/maisonnette\/en\/wp-json\/wp\/v2\/product_brand?post=8419"},{"taxonomy":"product_cat","embeddable":true,"href":"https:\/\/maison4tiers.com\/maisonnette\/en\/wp-json\/wp\/v2\/product_cat?post=8419"},{"taxonomy":"product_tag","embeddable":true,"href":"https:\/\/maison4tiers.com\/maisonnette\/en\/wp-json\/wp\/v2\/product_tag?post=8419"}],"curies":[{"name":"wp","href":"https:\/\/api.w.org\/{rel}","templated":true}]}}