{"id":7901,"date":"2021-11-20T17:45:32","date_gmt":"2022-04-28T20:39:17","guid":{"rendered":"https:\/\/maison4tiers.com\/?post_type=product&#038;p=7901"},"modified":"2022-09-27T15:35:31","modified_gmt":"2022-09-27T19:35:31","slug":"norbourg","status":"publish","type":"product","link":"https:\/\/maison4tiers.com\/maisonnette\/en\/product\/norbourg\/","title":{"rendered":"NORBOURG"},"excerpt":{"rendered":"<p>Inspired by true-events. Humble Quebec Securities Commission inspector and auditor Eric Asselin is mandated to monitor the activities of financial firm Norbourg. Seduced by the charm and audacity of Norbourg\u2019s slick leader Vincent Lacroix, Asselin leaves his boring commission position and joins the lavish lifestyle as his right-hand man. Together they set up a fraudulent system to divert millions of dollars into the mutual funds they manage. However, the extravagant lifestyle cannot last forever. Facing heat from the authorities, Asselin turns on his boss with hopes of saving himself. Norbourg managed to bilk $130 million from thousands of small investors.<\/p>\n","protected":false},"featured_media":7594,"template":"","meta":{"_acf_changed":false,"_eb_attr":""},"product_brand":[],"product_cat":[143,137,133,106,130,103,126,128],"product_tag":[718,471,472],"class_list":{"0":"post-7901","1":"product","2":"type-product","3":"status-publish","4":"has-post-thumbnail","6":"product_cat-digital","7":"product_cat-dvd-en","8":"product_cat-allmovies","9":"product_cat-drama","10":"product_cat-fiction-en","11":"product_cat-movie","12":"product_cat-quebec-movie","13":"product_cat-society","14":"product_tag-policier-en","15":"product_tag-suspense-en","16":"product_tag-thriller-en","18":"first","19":"instock","20":"sale","21":"taxable","22":"shipping-taxable","23":"purchasable","24":"product-type-variable","25":"has-default-attributes"},"acf":[],"yoast_head":"<!-- This site is optimized with the Yoast SEO plugin v27.0 - https:\/\/yoast.com\/product\/yoast-seo-wordpress\/ -->\n<title>NORBOURG - Thriller - \u00c9crans solidaires - NOW PLAYING<\/title>\n<meta name=\"description\" content=\"Humble Quebec Securities Commission inspector and auditor Eric Asselin is mandated to monitor the activities of financial firm Norbourg.\" \/>\n<meta name=\"robots\" content=\"noindex, follow, max-snippet:-1, max-image-preview:large, max-video-preview:-1\" \/>\n<meta property=\"og:locale\" content=\"en_US\" \/>\n<meta property=\"og:type\" content=\"article\" \/>\n<meta property=\"og:title\" content=\"Norbourg\" \/>\n<meta property=\"og:description\" content=\"Inspired by true-events. Humble Quebec Securities Commission inspector and auditor Eric Asselin is mandated to monitor the activities of financial firm Norbourg.\" \/>\n<meta property=\"og:url\" content=\"https:\/\/maison4tiers.com\/maisonnette\/en\/product\/norbourg\/\" \/>\n<meta property=\"og:site_name\" content=\"\u00c9crans solidaires\" \/>\n<meta property=\"article:modified_time\" content=\"2022-09-27T19:35:31+00:00\" \/>\n<meta property=\"og:image\" content=\"https:\/\/maison4tiers.com\/maisonnette\/wp-content\/uploads\/sites\/77\/2022\/04\/Norbourg_WEB_April22_WEB-scaled.jpg\" \/>\n\t<meta property=\"og:image:width\" content=\"1772\" \/>\n\t<meta property=\"og:image:height\" content=\"2560\" \/>\n\t<meta property=\"og:image:type\" content=\"image\/jpeg\" \/>\n<meta name=\"twitter:card\" content=\"summary_large_image\" \/>\n<meta name=\"twitter:title\" content=\"Norbourg\" \/>\n<meta name=\"twitter:description\" content=\"Inspired by true-events. Humble Quebec Securities Commission inspector and auditor Eric Asselin is mandated to monitor the activities of financial firm Norbourg.\" \/>\n<meta name=\"twitter:image\" content=\"https:\/\/maison4tiers.com\/maisonnette\/wp-content\/uploads\/sites\/77\/2022\/04\/Norbourg_WEB_April22_WEB-scaled.jpg\" \/>\n<script type=\"application\/ld+json\" class=\"yoast-schema-graph\">{\"@context\":\"https:\/\/schema.org\",\"@graph\":[{\"@type\":\"WebPage\",\"@id\":\"https:\/\/maison4tiers.com\/maisonnette\/en\/product\/norbourg\/\",\"url\":\"https:\/\/maison4tiers.com\/maisonnette\/en\/product\/norbourg\/\",\"name\":\"NORBOURG - Thriller - \u00c9crans solidaires - NOW PLAYING\",\"isPartOf\":{\"@id\":\"https:\/\/maison4tiers.com\/maisonnette\/en\/#website\"},\"primaryImageOfPage\":{\"@id\":\"https:\/\/maison4tiers.com\/maisonnette\/en\/product\/norbourg\/#primaryimage\"},\"image\":{\"@id\":\"https:\/\/maison4tiers.com\/maisonnette\/en\/product\/norbourg\/#primaryimage\"},\"thumbnailUrl\":\"https:\/\/maison4tiers.com\/maisonnette\/wp-content\/uploads\/sites\/77\/2022\/01\/91.jpg\",\"datePublished\":\"2022-04-28T20:39:17+00:00\",\"dateModified\":\"2022-09-27T19:35:31+00:00\",\"description\":\"Humble Quebec Securities Commission inspector and auditor Eric Asselin is mandated to monitor the activities of financial firm Norbourg.\",\"breadcrumb\":{\"@id\":\"https:\/\/maison4tiers.com\/maisonnette\/en\/product\/norbourg\/#breadcrumb\"},\"inLanguage\":\"en-US\",\"potentialAction\":[{\"@type\":\"ReadAction\",\"target\":[\"https:\/\/maison4tiers.com\/maisonnette\/en\/product\/norbourg\/\"]}]},{\"@type\":\"ImageObject\",\"inLanguage\":\"en-US\",\"@id\":\"https:\/\/maison4tiers.com\/maisonnette\/en\/product\/norbourg\/#primaryimage\",\"url\":\"https:\/\/maison4tiers.com\/maisonnette\/wp-content\/uploads\/sites\/77\/2022\/01\/91.jpg\",\"contentUrl\":\"https:\/\/maison4tiers.com\/maisonnette\/wp-content\/uploads\/sites\/77\/2022\/01\/91.jpg\",\"width\":800,\"height\":1200,\"caption\":\"Norbourg\"},{\"@type\":\"BreadcrumbList\",\"@id\":\"https:\/\/maison4tiers.com\/maisonnette\/en\/product\/norbourg\/#breadcrumb\",\"itemListElement\":[{\"@type\":\"ListItem\",\"position\":1,\"name\":\"Home\",\"item\":\"https:\/\/maison4tiers.com\/maisonnette\/en\/home\/\"},{\"@type\":\"ListItem\",\"position\":2,\"name\":\"Movies\",\"item\":\"https:\/\/maison4tiers.com\/maisonnette\/movies\/\"},{\"@type\":\"ListItem\",\"position\":3,\"name\":\"NORBOURG\"}]},{\"@type\":\"WebSite\",\"@id\":\"https:\/\/maison4tiers.com\/maisonnette\/en\/#website\",\"url\":\"https:\/\/maison4tiers.com\/maisonnette\/en\/\",\"name\":\"\u00c9crans solidaires\",\"description\":\"Distribution multiplateforme de films qu\u00e9b\u00e9cois et internationaux\",\"publisher\":{\"@id\":\"https:\/\/maison4tiers.com\/maisonnette\/en\/#organization\"},\"potentialAction\":[{\"@type\":\"SearchAction\",\"target\":{\"@type\":\"EntryPoint\",\"urlTemplate\":\"https:\/\/maison4tiers.com\/maisonnette\/en\/?s={search_term_string}\"},\"query-input\":{\"@type\":\"PropertyValueSpecification\",\"valueRequired\":true,\"valueName\":\"search_term_string\"}}],\"inLanguage\":\"en-US\"},{\"@type\":\"Organization\",\"@id\":\"https:\/\/maison4tiers.com\/maisonnette\/en\/#organization\",\"name\":\"\u00c9crans solidaires\",\"url\":\"https:\/\/maison4tiers.com\/maisonnette\/en\/\",\"logo\":{\"@type\":\"ImageObject\",\"inLanguage\":\"en-US\",\"@id\":\"https:\/\/maison4tiers.com\/maisonnette\/en\/#\/schema\/logo\/image\/\",\"url\":\"https:\/\/maison4tiers.com\/maisonnette\/wp-content\/uploads\/sites\/77\/2020\/11\/favicon-196.png\",\"contentUrl\":\"https:\/\/maison4tiers.com\/maisonnette\/wp-content\/uploads\/sites\/77\/2020\/11\/favicon-196.png\",\"width\":196,\"height\":196,\"caption\":\"\u00c9crans solidaires\"},\"image\":{\"@id\":\"https:\/\/maison4tiers.com\/maisonnette\/en\/#\/schema\/logo\/image\/\"}}]}<\/script>\n<!-- \/ Yoast SEO plugin. -->","yoast_head_json":{"title":"NORBOURG - Thriller - \u00c9crans solidaires - NOW PLAYING","description":"Humble Quebec Securities Commission inspector and auditor Eric Asselin is mandated to monitor the activities of financial firm Norbourg.","robots":{"index":"noindex","follow":"follow","max-snippet":"max-snippet:-1","max-image-preview":"max-image-preview:large","max-video-preview":"max-video-preview:-1"},"og_locale":"en_US","og_type":"article","og_title":"Norbourg","og_description":"Inspired by true-events. Humble Quebec Securities Commission inspector and auditor Eric Asselin is mandated to monitor the activities of financial firm Norbourg.","og_url":"https:\/\/maison4tiers.com\/maisonnette\/en\/product\/norbourg\/","og_site_name":"\u00c9crans solidaires","article_modified_time":"2022-09-27T19:35:31+00:00","og_image":[{"width":1772,"height":2560,"url":"https:\/\/maison4tiers.com\/maisonnette\/wp-content\/uploads\/sites\/77\/2022\/04\/Norbourg_WEB_April22_WEB-scaled.jpg","type":"image\/jpeg"}],"twitter_card":"summary_large_image","twitter_title":"Norbourg","twitter_description":"Inspired by true-events. Humble Quebec Securities Commission inspector and auditor Eric Asselin is mandated to monitor the activities of financial firm Norbourg.","twitter_image":"https:\/\/maison4tiers.com\/maisonnette\/wp-content\/uploads\/sites\/77\/2022\/04\/Norbourg_WEB_April22_WEB-scaled.jpg","schema":{"@context":"https:\/\/schema.org","@graph":[{"@type":"WebPage","@id":"https:\/\/maison4tiers.com\/maisonnette\/en\/product\/norbourg\/","url":"https:\/\/maison4tiers.com\/maisonnette\/en\/product\/norbourg\/","name":"NORBOURG - Thriller - \u00c9crans solidaires - NOW PLAYING","isPartOf":{"@id":"https:\/\/maison4tiers.com\/maisonnette\/en\/#website"},"primaryImageOfPage":{"@id":"https:\/\/maison4tiers.com\/maisonnette\/en\/product\/norbourg\/#primaryimage"},"image":{"@id":"https:\/\/maison4tiers.com\/maisonnette\/en\/product\/norbourg\/#primaryimage"},"thumbnailUrl":"https:\/\/maison4tiers.com\/maisonnette\/wp-content\/uploads\/sites\/77\/2022\/01\/91.jpg","datePublished":"2022-04-28T20:39:17+00:00","dateModified":"2022-09-27T19:35:31+00:00","description":"Humble Quebec Securities Commission inspector and auditor Eric Asselin is mandated to monitor the activities of financial firm Norbourg.","breadcrumb":{"@id":"https:\/\/maison4tiers.com\/maisonnette\/en\/product\/norbourg\/#breadcrumb"},"inLanguage":"en-US","potentialAction":[{"@type":"ReadAction","target":["https:\/\/maison4tiers.com\/maisonnette\/en\/product\/norbourg\/"]}]},{"@type":"ImageObject","inLanguage":"en-US","@id":"https:\/\/maison4tiers.com\/maisonnette\/en\/product\/norbourg\/#primaryimage","url":"https:\/\/maison4tiers.com\/maisonnette\/wp-content\/uploads\/sites\/77\/2022\/01\/91.jpg","contentUrl":"https:\/\/maison4tiers.com\/maisonnette\/wp-content\/uploads\/sites\/77\/2022\/01\/91.jpg","width":800,"height":1200,"caption":"Norbourg"},{"@type":"BreadcrumbList","@id":"https:\/\/maison4tiers.com\/maisonnette\/en\/product\/norbourg\/#breadcrumb","itemListElement":[{"@type":"ListItem","position":1,"name":"Home","item":"https:\/\/maison4tiers.com\/maisonnette\/en\/home\/"},{"@type":"ListItem","position":2,"name":"Movies","item":"https:\/\/maison4tiers.com\/maisonnette\/movies\/"},{"@type":"ListItem","position":3,"name":"NORBOURG"}]},{"@type":"WebSite","@id":"https:\/\/maison4tiers.com\/maisonnette\/en\/#website","url":"https:\/\/maison4tiers.com\/maisonnette\/en\/","name":"\u00c9crans solidaires","description":"Distribution multiplateforme de films qu\u00e9b\u00e9cois et internationaux","publisher":{"@id":"https:\/\/maison4tiers.com\/maisonnette\/en\/#organization"},"potentialAction":[{"@type":"SearchAction","target":{"@type":"EntryPoint","urlTemplate":"https:\/\/maison4tiers.com\/maisonnette\/en\/?s={search_term_string}"},"query-input":{"@type":"PropertyValueSpecification","valueRequired":true,"valueName":"search_term_string"}}],"inLanguage":"en-US"},{"@type":"Organization","@id":"https:\/\/maison4tiers.com\/maisonnette\/en\/#organization","name":"\u00c9crans solidaires","url":"https:\/\/maison4tiers.com\/maisonnette\/en\/","logo":{"@type":"ImageObject","inLanguage":"en-US","@id":"https:\/\/maison4tiers.com\/maisonnette\/en\/#\/schema\/logo\/image\/","url":"https:\/\/maison4tiers.com\/maisonnette\/wp-content\/uploads\/sites\/77\/2020\/11\/favicon-196.png","contentUrl":"https:\/\/maison4tiers.com\/maisonnette\/wp-content\/uploads\/sites\/77\/2020\/11\/favicon-196.png","width":196,"height":196,"caption":"\u00c9crans solidaires"},"image":{"@id":"https:\/\/maison4tiers.com\/maisonnette\/en\/#\/schema\/logo\/image\/"}}]}},"jetpack_sharing_enabled":true,"_links":{"self":[{"href":"https:\/\/maison4tiers.com\/maisonnette\/en\/wp-json\/wp\/v2\/product\/7901","targetHints":{"allow":["GET"]}}],"collection":[{"href":"https:\/\/maison4tiers.com\/maisonnette\/en\/wp-json\/wp\/v2\/product"}],"about":[{"href":"https:\/\/maison4tiers.com\/maisonnette\/en\/wp-json\/wp\/v2\/types\/product"}],"wp:featuredmedia":[{"embeddable":true,"href":"https:\/\/maison4tiers.com\/maisonnette\/en\/wp-json\/wp\/v2\/media\/7594"}],"wp:attachment":[{"href":"https:\/\/maison4tiers.com\/maisonnette\/en\/wp-json\/wp\/v2\/media?parent=7901"}],"wp:term":[{"taxonomy":"product_brand","embeddable":true,"href":"https:\/\/maison4tiers.com\/maisonnette\/en\/wp-json\/wp\/v2\/product_brand?post=7901"},{"taxonomy":"product_cat","embeddable":true,"href":"https:\/\/maison4tiers.com\/maisonnette\/en\/wp-json\/wp\/v2\/product_cat?post=7901"},{"taxonomy":"product_tag","embeddable":true,"href":"https:\/\/maison4tiers.com\/maisonnette\/en\/wp-json\/wp\/v2\/product_tag?post=7901"}],"curies":[{"name":"wp","href":"https:\/\/api.w.org\/{rel}","templated":true}]}}