{"id":4707,"date":"2019-01-12T00:00:38","date_gmt":"2021-02-07T05:14:38","guid":{"rendered":"https:\/\/maison4tiers.com\/produit\/une-maniere-de-vivre\/"},"modified":"2022-01-12T16:50:44","modified_gmt":"2022-01-12T20:50:44","slug":"a-manner-of-living","status":"publish","type":"product","link":"https:\/\/maison4tiers.com\/maisonnette\/en\/product\/a-manner-of-living\/","title":{"rendered":"A Manner of Living"},"excerpt":{"rendered":"<p>Colette\u2019s husband commits suicide, and she feels terrible guilt for not having been at his side when he died. Her daughter Gabrielle lives in an emotional turmoil. Suffering from bulimia, she has to work as an escort to feed her disorder, and after abandoning college, leads a life without purpose or meaning. Joseph is a master lecturer on Dutch philosopher Spinoza at a university in Belgium. He is invited to Montreal to participate in a debate on Spinoza and his philosophy, but his life is not as serene as it seems and his marriage is rocky.These three bereaved characters will collide, and their respective lives will be changed forever.<\/p>\n<blockquote><p><em>\u201cA way of living is one of those works, though rare, which confront us with our own humanity.\u201d<br \/>\n<\/em><strong>\u2013 LA PRESSE<\/strong><\/p><\/blockquote>\n<p class=\"p1\"><span style=\"text-decoration: underline;\"><span class=\"s1\"><a href=\"https:\/\/maison4tiers.com\/en\/product-category\/movie\/quebec-movie\/\" target=\"_blank\" rel=\"noopener\"><b>Other Quebec films<\/b><\/a><\/span><\/span><\/p>\n<p>&nbsp;<\/p>\n<p class=\"p1\">*Only available in Canada<\/p>\n","protected":false},"featured_media":7532,"template":"","meta":{"_acf_changed":false,"_eb_attr":""},"product_brand":[],"product_cat":[143,137,133,106,130,103,126,127,128],"product_tag":[695],"class_list":{"0":"post-4707","1":"product","2":"type-product","3":"status-publish","4":"has-post-thumbnail","6":"product_cat-digital","7":"product_cat-dvd-en","8":"product_cat-allmovies","9":"product_cat-drama","10":"product_cat-fiction-en","11":"product_cat-movie","12":"product_cat-quebec-movie","13":"product_cat-reflexion-en","14":"product_cat-society","15":"product_tag-quebec-en","16":"product_shipping_class-livraison","18":"first","19":"instock","20":"taxable","21":"shipping-taxable","22":"purchasable","23":"product-type-variable","24":"has-default-attributes"},"acf":[],"yoast_head":"<!-- This site is optimized with the Yoast SEO plugin v27.0 - https:\/\/yoast.com\/product\/yoast-seo-wordpress\/ -->\n<title>A Manner of Living - Quebec Film - \u00c9crans solidaires - Watch now!<\/title>\n<meta name=\"description\" content=\"A Manner of Living. Colette\u2019s husband commits suicide, and she feels terrible guilt for not having been at his side when he died.\" \/>\n<meta name=\"robots\" content=\"noindex, follow, max-snippet:-1, max-image-preview:large, max-video-preview:-1\" \/>\n<meta property=\"og:locale\" content=\"en_US\" \/>\n<meta property=\"og:type\" content=\"article\" \/>\n<meta property=\"og:title\" content=\"A Manner of Living\" \/>\n<meta property=\"og:description\" content=\"Colette\u2019s husband commits suicide, and she feels terrible guilt for not having been at his side when he died.\" \/>\n<meta property=\"og:url\" content=\"https:\/\/maison4tiers.com\/maisonnette\/en\/product\/a-manner-of-living\/\" \/>\n<meta property=\"og:site_name\" content=\"\u00c9crans solidaires\" \/>\n<meta property=\"article:modified_time\" content=\"2022-01-12T20:50:44+00:00\" \/>\n<meta property=\"og:image\" content=\"https:\/\/maison4tiers.com\/maisonnette\/wp-content\/uploads\/sites\/77\/2019\/01\/15.jpg\" \/>\n\t<meta property=\"og:image:width\" content=\"800\" \/>\n\t<meta property=\"og:image:height\" content=\"1200\" \/>\n\t<meta property=\"og:image:type\" content=\"image\/jpeg\" \/>\n<meta name=\"twitter:card\" content=\"summary_large_image\" \/>\n<meta name=\"twitter:title\" content=\"A Manner of Living\" \/>\n<meta name=\"twitter:description\" content=\"Colette\u2019s husband commits suicide, and she feels terrible guilt for not having been at his side when he died.\" \/>\n<meta name=\"twitter:image\" content=\"https:\/\/maison4tiers.com\/maisonnette\/wp-content\/uploads\/sites\/77\/2019\/01\/15.jpg\" \/>\n<script type=\"application\/ld+json\" class=\"yoast-schema-graph\">{\"@context\":\"https:\/\/schema.org\",\"@graph\":[{\"@type\":\"WebPage\",\"@id\":\"https:\/\/maison4tiers.com\/maisonnette\/en\/product\/a-manner-of-living\/\",\"url\":\"https:\/\/maison4tiers.com\/maisonnette\/en\/product\/a-manner-of-living\/\",\"name\":\"A Manner of Living - Quebec Film - \u00c9crans solidaires - Watch now!\",\"isPartOf\":{\"@id\":\"https:\/\/maison4tiers.com\/maisonnette\/en\/#website\"},\"primaryImageOfPage\":{\"@id\":\"https:\/\/maison4tiers.com\/maisonnette\/en\/product\/a-manner-of-living\/#primaryimage\"},\"image\":{\"@id\":\"https:\/\/maison4tiers.com\/maisonnette\/en\/product\/a-manner-of-living\/#primaryimage\"},\"thumbnailUrl\":\"https:\/\/maison4tiers.com\/maisonnette\/wp-content\/uploads\/sites\/77\/2019\/01\/15.jpg\",\"datePublished\":\"2021-02-07T05:14:38+00:00\",\"dateModified\":\"2022-01-12T20:50:44+00:00\",\"description\":\"A Manner of Living. Colette\u2019s husband commits suicide, and she feels terrible guilt for not having been at his side when he died.\",\"breadcrumb\":{\"@id\":\"https:\/\/maison4tiers.com\/maisonnette\/en\/product\/a-manner-of-living\/#breadcrumb\"},\"inLanguage\":\"en-US\",\"potentialAction\":[{\"@type\":\"ReadAction\",\"target\":[\"https:\/\/maison4tiers.com\/maisonnette\/en\/product\/a-manner-of-living\/\"]}]},{\"@type\":\"ImageObject\",\"inLanguage\":\"en-US\",\"@id\":\"https:\/\/maison4tiers.com\/maisonnette\/en\/product\/a-manner-of-living\/#primaryimage\",\"url\":\"https:\/\/maison4tiers.com\/maisonnette\/wp-content\/uploads\/sites\/77\/2019\/01\/15.jpg\",\"contentUrl\":\"https:\/\/maison4tiers.com\/maisonnette\/wp-content\/uploads\/sites\/77\/2019\/01\/15.jpg\",\"width\":800,\"height\":1200,\"caption\":\"A manner of living\"},{\"@type\":\"BreadcrumbList\",\"@id\":\"https:\/\/maison4tiers.com\/maisonnette\/en\/product\/a-manner-of-living\/#breadcrumb\",\"itemListElement\":[{\"@type\":\"ListItem\",\"position\":1,\"name\":\"Home\",\"item\":\"https:\/\/maison4tiers.com\/maisonnette\/en\/home\/\"},{\"@type\":\"ListItem\",\"position\":2,\"name\":\"Movies\",\"item\":\"https:\/\/maison4tiers.com\/maisonnette\/movies\/\"},{\"@type\":\"ListItem\",\"position\":3,\"name\":\"A Manner of Living\"}]},{\"@type\":\"WebSite\",\"@id\":\"https:\/\/maison4tiers.com\/maisonnette\/en\/#website\",\"url\":\"https:\/\/maison4tiers.com\/maisonnette\/en\/\",\"name\":\"\u00c9crans solidaires\",\"description\":\"Distribution multiplateforme de films qu\u00e9b\u00e9cois et internationaux\",\"publisher\":{\"@id\":\"https:\/\/maison4tiers.com\/maisonnette\/en\/#organization\"},\"potentialAction\":[{\"@type\":\"SearchAction\",\"target\":{\"@type\":\"EntryPoint\",\"urlTemplate\":\"https:\/\/maison4tiers.com\/maisonnette\/en\/?s={search_term_string}\"},\"query-input\":{\"@type\":\"PropertyValueSpecification\",\"valueRequired\":true,\"valueName\":\"search_term_string\"}}],\"inLanguage\":\"en-US\"},{\"@type\":\"Organization\",\"@id\":\"https:\/\/maison4tiers.com\/maisonnette\/en\/#organization\",\"name\":\"\u00c9crans solidaires\",\"url\":\"https:\/\/maison4tiers.com\/maisonnette\/en\/\",\"logo\":{\"@type\":\"ImageObject\",\"inLanguage\":\"en-US\",\"@id\":\"https:\/\/maison4tiers.com\/maisonnette\/en\/#\/schema\/logo\/image\/\",\"url\":\"https:\/\/maison4tiers.com\/maisonnette\/wp-content\/uploads\/sites\/77\/2020\/11\/favicon-196.png\",\"contentUrl\":\"https:\/\/maison4tiers.com\/maisonnette\/wp-content\/uploads\/sites\/77\/2020\/11\/favicon-196.png\",\"width\":196,\"height\":196,\"caption\":\"\u00c9crans solidaires\"},\"image\":{\"@id\":\"https:\/\/maison4tiers.com\/maisonnette\/en\/#\/schema\/logo\/image\/\"}}]}<\/script>\n<!-- \/ Yoast SEO plugin. -->","yoast_head_json":{"title":"A Manner of Living - Quebec Film - \u00c9crans solidaires - Watch now!","description":"A Manner of Living. Colette\u2019s husband commits suicide, and she feels terrible guilt for not having been at his side when he died.","robots":{"index":"noindex","follow":"follow","max-snippet":"max-snippet:-1","max-image-preview":"max-image-preview:large","max-video-preview":"max-video-preview:-1"},"og_locale":"en_US","og_type":"article","og_title":"A Manner of Living","og_description":"Colette\u2019s husband commits suicide, and she feels terrible guilt for not having been at his side when he died.","og_url":"https:\/\/maison4tiers.com\/maisonnette\/en\/product\/a-manner-of-living\/","og_site_name":"\u00c9crans solidaires","article_modified_time":"2022-01-12T20:50:44+00:00","og_image":[{"width":800,"height":1200,"url":"https:\/\/maison4tiers.com\/maisonnette\/wp-content\/uploads\/sites\/77\/2019\/01\/15.jpg","type":"image\/jpeg"}],"twitter_card":"summary_large_image","twitter_title":"A Manner of Living","twitter_description":"Colette\u2019s husband commits suicide, and she feels terrible guilt for not having been at his side when he died.","twitter_image":"https:\/\/maison4tiers.com\/maisonnette\/wp-content\/uploads\/sites\/77\/2019\/01\/15.jpg","schema":{"@context":"https:\/\/schema.org","@graph":[{"@type":"WebPage","@id":"https:\/\/maison4tiers.com\/maisonnette\/en\/product\/a-manner-of-living\/","url":"https:\/\/maison4tiers.com\/maisonnette\/en\/product\/a-manner-of-living\/","name":"A Manner of Living - Quebec Film - \u00c9crans solidaires - Watch now!","isPartOf":{"@id":"https:\/\/maison4tiers.com\/maisonnette\/en\/#website"},"primaryImageOfPage":{"@id":"https:\/\/maison4tiers.com\/maisonnette\/en\/product\/a-manner-of-living\/#primaryimage"},"image":{"@id":"https:\/\/maison4tiers.com\/maisonnette\/en\/product\/a-manner-of-living\/#primaryimage"},"thumbnailUrl":"https:\/\/maison4tiers.com\/maisonnette\/wp-content\/uploads\/sites\/77\/2019\/01\/15.jpg","datePublished":"2021-02-07T05:14:38+00:00","dateModified":"2022-01-12T20:50:44+00:00","description":"A Manner of Living. Colette\u2019s husband commits suicide, and she feels terrible guilt for not having been at his side when he died.","breadcrumb":{"@id":"https:\/\/maison4tiers.com\/maisonnette\/en\/product\/a-manner-of-living\/#breadcrumb"},"inLanguage":"en-US","potentialAction":[{"@type":"ReadAction","target":["https:\/\/maison4tiers.com\/maisonnette\/en\/product\/a-manner-of-living\/"]}]},{"@type":"ImageObject","inLanguage":"en-US","@id":"https:\/\/maison4tiers.com\/maisonnette\/en\/product\/a-manner-of-living\/#primaryimage","url":"https:\/\/maison4tiers.com\/maisonnette\/wp-content\/uploads\/sites\/77\/2019\/01\/15.jpg","contentUrl":"https:\/\/maison4tiers.com\/maisonnette\/wp-content\/uploads\/sites\/77\/2019\/01\/15.jpg","width":800,"height":1200,"caption":"A manner of living"},{"@type":"BreadcrumbList","@id":"https:\/\/maison4tiers.com\/maisonnette\/en\/product\/a-manner-of-living\/#breadcrumb","itemListElement":[{"@type":"ListItem","position":1,"name":"Home","item":"https:\/\/maison4tiers.com\/maisonnette\/en\/home\/"},{"@type":"ListItem","position":2,"name":"Movies","item":"https:\/\/maison4tiers.com\/maisonnette\/movies\/"},{"@type":"ListItem","position":3,"name":"A Manner of Living"}]},{"@type":"WebSite","@id":"https:\/\/maison4tiers.com\/maisonnette\/en\/#website","url":"https:\/\/maison4tiers.com\/maisonnette\/en\/","name":"\u00c9crans solidaires","description":"Distribution multiplateforme de films qu\u00e9b\u00e9cois et internationaux","publisher":{"@id":"https:\/\/maison4tiers.com\/maisonnette\/en\/#organization"},"potentialAction":[{"@type":"SearchAction","target":{"@type":"EntryPoint","urlTemplate":"https:\/\/maison4tiers.com\/maisonnette\/en\/?s={search_term_string}"},"query-input":{"@type":"PropertyValueSpecification","valueRequired":true,"valueName":"search_term_string"}}],"inLanguage":"en-US"},{"@type":"Organization","@id":"https:\/\/maison4tiers.com\/maisonnette\/en\/#organization","name":"\u00c9crans solidaires","url":"https:\/\/maison4tiers.com\/maisonnette\/en\/","logo":{"@type":"ImageObject","inLanguage":"en-US","@id":"https:\/\/maison4tiers.com\/maisonnette\/en\/#\/schema\/logo\/image\/","url":"https:\/\/maison4tiers.com\/maisonnette\/wp-content\/uploads\/sites\/77\/2020\/11\/favicon-196.png","contentUrl":"https:\/\/maison4tiers.com\/maisonnette\/wp-content\/uploads\/sites\/77\/2020\/11\/favicon-196.png","width":196,"height":196,"caption":"\u00c9crans solidaires"},"image":{"@id":"https:\/\/maison4tiers.com\/maisonnette\/en\/#\/schema\/logo\/image\/"}}]}},"jetpack_sharing_enabled":true,"_links":{"self":[{"href":"https:\/\/maison4tiers.com\/maisonnette\/en\/wp-json\/wp\/v2\/product\/4707","targetHints":{"allow":["GET"]}}],"collection":[{"href":"https:\/\/maison4tiers.com\/maisonnette\/en\/wp-json\/wp\/v2\/product"}],"about":[{"href":"https:\/\/maison4tiers.com\/maisonnette\/en\/wp-json\/wp\/v2\/types\/product"}],"wp:featuredmedia":[{"embeddable":true,"href":"https:\/\/maison4tiers.com\/maisonnette\/en\/wp-json\/wp\/v2\/media\/7532"}],"wp:attachment":[{"href":"https:\/\/maison4tiers.com\/maisonnette\/en\/wp-json\/wp\/v2\/media?parent=4707"}],"wp:term":[{"taxonomy":"product_brand","embeddable":true,"href":"https:\/\/maison4tiers.com\/maisonnette\/en\/wp-json\/wp\/v2\/product_brand?post=4707"},{"taxonomy":"product_cat","embeddable":true,"href":"https:\/\/maison4tiers.com\/maisonnette\/en\/wp-json\/wp\/v2\/product_cat?post=4707"},{"taxonomy":"product_tag","embeddable":true,"href":"https:\/\/maison4tiers.com\/maisonnette\/en\/wp-json\/wp\/v2\/product_tag?post=4707"}],"curies":[{"name":"wp","href":"https:\/\/api.w.org\/{rel}","templated":true}]}}