{"id":4625,"date":"2020-01-12T00:00:40","date_gmt":"2021-02-07T02:39:40","guid":{"rendered":"https:\/\/maison4tiers.com\/produit\/les-notres\/"},"modified":"2022-01-12T17:28:39","modified_gmt":"2022-01-12T21:28:39","slug":"our-own","status":"publish","type":"product","link":"https:\/\/maison4tiers.com\/maisonnette\/en\/product\/our-own\/","title":{"rendered":"Our Own"},"excerpt":{"rendered":"<p>When faced with life\u2019s challenges, Ste-Adeline\u2019s community has always stuck together. But this time, a scandal sends shockwaves through the quiet little town\u2019s very foundation, testing its inhabitants. At the center of the storm is Magalie, a teenager with a girlish pout; Manuel, the foster child of the beloved mayor; and Isabelle and Chantale, the powerless yet protective mothers. In Ste-Adeline, appearances are deceptive. And the town\u2019s carefully maintained social veneer will come to crack, slowly revealing the true nature of its residents.<\/p>\n<blockquote><p><strong>\u2013\u00a0<a href=\"https:\/\/www.ledevoir.com\/culture\/cinema\/574884\/les-notres\" target=\"_blank\" rel=\"noopener\">LE DEVOIR<\/a>\u00a0<span class=\"JsGRdQ\">\u2605\u2605\u2605\u2605\u00a0<\/span><\/strong><\/p><\/blockquote>\n<p class=\"p1\"><span style=\"text-decoration: underline;\"><strong><span class=\"s1\"><a href=\"https:\/\/maison4tiers.com\/en\/product-category\/movie\/quebec-movie\/\" target=\"_blank\" rel=\"noopener\">Other Quebec films<\/a><\/span><span class=\"s2\"><span class=\"Apple-converted-space\">\u00a0<\/span><\/span><\/strong><\/span><\/p>\n<p>&nbsp;<\/p>\n<p class=\"p1\">*Only available in Canada<\/p>\n","protected":false},"featured_media":7520,"template":"","meta":{"_acf_changed":false,"_eb_attr":""},"product_brand":[],"product_cat":[143,137,133,106,130,103,126],"product_tag":[850,695,694],"class_list":{"0":"post-4625","1":"product","2":"type-product","3":"status-publish","4":"has-post-thumbnail","6":"product_cat-digital","7":"product_cat-dvd-en","8":"product_cat-allmovies","9":"product_cat-drama","10":"product_cat-fiction-en","11":"product_cat-movie","12":"product_cat-quebec-movie","13":"product_tag-drame-en","14":"product_tag-quebec-en","15":"product_tag-quebecois-en","16":"product_shipping_class-livraison","18":"first","19":"instock","20":"taxable","21":"shipping-taxable","22":"purchasable","23":"product-type-variable","24":"has-default-attributes"},"acf":[],"yoast_head":"<!-- This site is optimized with the Yoast SEO plugin v27.0 - https:\/\/yoast.com\/product\/yoast-seo-wordpress\/ -->\n<title>Our Own - Quebec Film - \u00c9crans solidaires - Watch now!<\/title>\n<meta name=\"description\" content=\"Our Own. A social suspense about Magalie, a teenager who will have no choice but to take back the reins of her own life. Against all odds.\" \/>\n<meta name=\"robots\" content=\"noindex, follow, max-snippet:-1, max-image-preview:large, max-video-preview:-1\" \/>\n<meta property=\"og:locale\" content=\"en_US\" \/>\n<meta property=\"og:type\" content=\"article\" \/>\n<meta property=\"og:title\" content=\"Our Own\" \/>\n<meta property=\"og:description\" content=\"Our Own. A social suspense about Magalie, a teenager who will have no choice but to take back the reins of her own life. Against all odds.\" \/>\n<meta property=\"og:url\" content=\"https:\/\/maison4tiers.com\/maisonnette\/en\/product\/our-own\/\" \/>\n<meta property=\"og:site_name\" content=\"\u00c9crans solidaires\" \/>\n<meta property=\"article:modified_time\" content=\"2022-01-12T21:28:39+00:00\" \/>\n<meta property=\"og:image\" content=\"https:\/\/maison4tiers.com\/maisonnette\/wp-content\/uploads\/sites\/77\/2020\/01\/65.jpg\" \/>\n\t<meta property=\"og:image:width\" content=\"800\" \/>\n\t<meta property=\"og:image:height\" content=\"1200\" \/>\n\t<meta property=\"og:image:type\" content=\"image\/jpeg\" \/>\n<meta name=\"twitter:card\" content=\"summary_large_image\" \/>\n<meta name=\"twitter:title\" content=\"Our Own\" \/>\n<meta name=\"twitter:description\" content=\"Our Own. A social suspense about Magalie, a teenager who will have no choice but to take back the reins of her own life. Against all odds.\" \/>\n<meta name=\"twitter:image\" content=\"https:\/\/maison4tiers.com\/maisonnette\/wp-content\/uploads\/sites\/77\/2020\/01\/65.jpg\" \/>\n<script type=\"application\/ld+json\" class=\"yoast-schema-graph\">{\"@context\":\"https:\/\/schema.org\",\"@graph\":[{\"@type\":\"WebPage\",\"@id\":\"https:\/\/maison4tiers.com\/maisonnette\/en\/product\/our-own\/\",\"url\":\"https:\/\/maison4tiers.com\/maisonnette\/en\/product\/our-own\/\",\"name\":\"Our Own - Quebec Film - \u00c9crans solidaires - Watch now!\",\"isPartOf\":{\"@id\":\"https:\/\/maison4tiers.com\/maisonnette\/en\/#website\"},\"primaryImageOfPage\":{\"@id\":\"https:\/\/maison4tiers.com\/maisonnette\/en\/product\/our-own\/#primaryimage\"},\"image\":{\"@id\":\"https:\/\/maison4tiers.com\/maisonnette\/en\/product\/our-own\/#primaryimage\"},\"thumbnailUrl\":\"https:\/\/maison4tiers.com\/maisonnette\/wp-content\/uploads\/sites\/77\/2020\/01\/65.jpg\",\"datePublished\":\"2021-02-07T02:39:40+00:00\",\"dateModified\":\"2022-01-12T21:28:39+00:00\",\"description\":\"Our Own. A social suspense about Magalie, a teenager who will have no choice but to take back the reins of her own life. Against all odds.\",\"breadcrumb\":{\"@id\":\"https:\/\/maison4tiers.com\/maisonnette\/en\/product\/our-own\/#breadcrumb\"},\"inLanguage\":\"en-US\",\"potentialAction\":[{\"@type\":\"ReadAction\",\"target\":[\"https:\/\/maison4tiers.com\/maisonnette\/en\/product\/our-own\/\"]}]},{\"@type\":\"ImageObject\",\"inLanguage\":\"en-US\",\"@id\":\"https:\/\/maison4tiers.com\/maisonnette\/en\/product\/our-own\/#primaryimage\",\"url\":\"https:\/\/maison4tiers.com\/maisonnette\/wp-content\/uploads\/sites\/77\/2020\/01\/65.jpg\",\"contentUrl\":\"https:\/\/maison4tiers.com\/maisonnette\/wp-content\/uploads\/sites\/77\/2020\/01\/65.jpg\",\"width\":800,\"height\":1200,\"caption\":\"Our Own\"},{\"@type\":\"BreadcrumbList\",\"@id\":\"https:\/\/maison4tiers.com\/maisonnette\/en\/product\/our-own\/#breadcrumb\",\"itemListElement\":[{\"@type\":\"ListItem\",\"position\":1,\"name\":\"Home\",\"item\":\"https:\/\/maison4tiers.com\/maisonnette\/en\/home\/\"},{\"@type\":\"ListItem\",\"position\":2,\"name\":\"Movies\",\"item\":\"https:\/\/maison4tiers.com\/maisonnette\/movies\/\"},{\"@type\":\"ListItem\",\"position\":3,\"name\":\"Our Own\"}]},{\"@type\":\"WebSite\",\"@id\":\"https:\/\/maison4tiers.com\/maisonnette\/en\/#website\",\"url\":\"https:\/\/maison4tiers.com\/maisonnette\/en\/\",\"name\":\"\u00c9crans solidaires\",\"description\":\"Distribution multiplateforme de films qu\u00e9b\u00e9cois et internationaux\",\"publisher\":{\"@id\":\"https:\/\/maison4tiers.com\/maisonnette\/en\/#organization\"},\"potentialAction\":[{\"@type\":\"SearchAction\",\"target\":{\"@type\":\"EntryPoint\",\"urlTemplate\":\"https:\/\/maison4tiers.com\/maisonnette\/en\/?s={search_term_string}\"},\"query-input\":{\"@type\":\"PropertyValueSpecification\",\"valueRequired\":true,\"valueName\":\"search_term_string\"}}],\"inLanguage\":\"en-US\"},{\"@type\":\"Organization\",\"@id\":\"https:\/\/maison4tiers.com\/maisonnette\/en\/#organization\",\"name\":\"\u00c9crans solidaires\",\"url\":\"https:\/\/maison4tiers.com\/maisonnette\/en\/\",\"logo\":{\"@type\":\"ImageObject\",\"inLanguage\":\"en-US\",\"@id\":\"https:\/\/maison4tiers.com\/maisonnette\/en\/#\/schema\/logo\/image\/\",\"url\":\"https:\/\/maison4tiers.com\/maisonnette\/wp-content\/uploads\/sites\/77\/2020\/11\/favicon-196.png\",\"contentUrl\":\"https:\/\/maison4tiers.com\/maisonnette\/wp-content\/uploads\/sites\/77\/2020\/11\/favicon-196.png\",\"width\":196,\"height\":196,\"caption\":\"\u00c9crans solidaires\"},\"image\":{\"@id\":\"https:\/\/maison4tiers.com\/maisonnette\/en\/#\/schema\/logo\/image\/\"}}]}<\/script>\n<!-- \/ Yoast SEO plugin. -->","yoast_head_json":{"title":"Our Own - Quebec Film - \u00c9crans solidaires - Watch now!","description":"Our Own. A social suspense about Magalie, a teenager who will have no choice but to take back the reins of her own life. Against all odds.","robots":{"index":"noindex","follow":"follow","max-snippet":"max-snippet:-1","max-image-preview":"max-image-preview:large","max-video-preview":"max-video-preview:-1"},"og_locale":"en_US","og_type":"article","og_title":"Our Own","og_description":"Our Own. A social suspense about Magalie, a teenager who will have no choice but to take back the reins of her own life. Against all odds.","og_url":"https:\/\/maison4tiers.com\/maisonnette\/en\/product\/our-own\/","og_site_name":"\u00c9crans solidaires","article_modified_time":"2022-01-12T21:28:39+00:00","og_image":[{"width":800,"height":1200,"url":"https:\/\/maison4tiers.com\/maisonnette\/wp-content\/uploads\/sites\/77\/2020\/01\/65.jpg","type":"image\/jpeg"}],"twitter_card":"summary_large_image","twitter_title":"Our Own","twitter_description":"Our Own. A social suspense about Magalie, a teenager who will have no choice but to take back the reins of her own life. Against all odds.","twitter_image":"https:\/\/maison4tiers.com\/maisonnette\/wp-content\/uploads\/sites\/77\/2020\/01\/65.jpg","schema":{"@context":"https:\/\/schema.org","@graph":[{"@type":"WebPage","@id":"https:\/\/maison4tiers.com\/maisonnette\/en\/product\/our-own\/","url":"https:\/\/maison4tiers.com\/maisonnette\/en\/product\/our-own\/","name":"Our Own - Quebec Film - \u00c9crans solidaires - Watch now!","isPartOf":{"@id":"https:\/\/maison4tiers.com\/maisonnette\/en\/#website"},"primaryImageOfPage":{"@id":"https:\/\/maison4tiers.com\/maisonnette\/en\/product\/our-own\/#primaryimage"},"image":{"@id":"https:\/\/maison4tiers.com\/maisonnette\/en\/product\/our-own\/#primaryimage"},"thumbnailUrl":"https:\/\/maison4tiers.com\/maisonnette\/wp-content\/uploads\/sites\/77\/2020\/01\/65.jpg","datePublished":"2021-02-07T02:39:40+00:00","dateModified":"2022-01-12T21:28:39+00:00","description":"Our Own. A social suspense about Magalie, a teenager who will have no choice but to take back the reins of her own life. Against all odds.","breadcrumb":{"@id":"https:\/\/maison4tiers.com\/maisonnette\/en\/product\/our-own\/#breadcrumb"},"inLanguage":"en-US","potentialAction":[{"@type":"ReadAction","target":["https:\/\/maison4tiers.com\/maisonnette\/en\/product\/our-own\/"]}]},{"@type":"ImageObject","inLanguage":"en-US","@id":"https:\/\/maison4tiers.com\/maisonnette\/en\/product\/our-own\/#primaryimage","url":"https:\/\/maison4tiers.com\/maisonnette\/wp-content\/uploads\/sites\/77\/2020\/01\/65.jpg","contentUrl":"https:\/\/maison4tiers.com\/maisonnette\/wp-content\/uploads\/sites\/77\/2020\/01\/65.jpg","width":800,"height":1200,"caption":"Our Own"},{"@type":"BreadcrumbList","@id":"https:\/\/maison4tiers.com\/maisonnette\/en\/product\/our-own\/#breadcrumb","itemListElement":[{"@type":"ListItem","position":1,"name":"Home","item":"https:\/\/maison4tiers.com\/maisonnette\/en\/home\/"},{"@type":"ListItem","position":2,"name":"Movies","item":"https:\/\/maison4tiers.com\/maisonnette\/movies\/"},{"@type":"ListItem","position":3,"name":"Our Own"}]},{"@type":"WebSite","@id":"https:\/\/maison4tiers.com\/maisonnette\/en\/#website","url":"https:\/\/maison4tiers.com\/maisonnette\/en\/","name":"\u00c9crans solidaires","description":"Distribution multiplateforme de films qu\u00e9b\u00e9cois et internationaux","publisher":{"@id":"https:\/\/maison4tiers.com\/maisonnette\/en\/#organization"},"potentialAction":[{"@type":"SearchAction","target":{"@type":"EntryPoint","urlTemplate":"https:\/\/maison4tiers.com\/maisonnette\/en\/?s={search_term_string}"},"query-input":{"@type":"PropertyValueSpecification","valueRequired":true,"valueName":"search_term_string"}}],"inLanguage":"en-US"},{"@type":"Organization","@id":"https:\/\/maison4tiers.com\/maisonnette\/en\/#organization","name":"\u00c9crans solidaires","url":"https:\/\/maison4tiers.com\/maisonnette\/en\/","logo":{"@type":"ImageObject","inLanguage":"en-US","@id":"https:\/\/maison4tiers.com\/maisonnette\/en\/#\/schema\/logo\/image\/","url":"https:\/\/maison4tiers.com\/maisonnette\/wp-content\/uploads\/sites\/77\/2020\/11\/favicon-196.png","contentUrl":"https:\/\/maison4tiers.com\/maisonnette\/wp-content\/uploads\/sites\/77\/2020\/11\/favicon-196.png","width":196,"height":196,"caption":"\u00c9crans solidaires"},"image":{"@id":"https:\/\/maison4tiers.com\/maisonnette\/en\/#\/schema\/logo\/image\/"}}]}},"jetpack_sharing_enabled":true,"_links":{"self":[{"href":"https:\/\/maison4tiers.com\/maisonnette\/en\/wp-json\/wp\/v2\/product\/4625","targetHints":{"allow":["GET"]}}],"collection":[{"href":"https:\/\/maison4tiers.com\/maisonnette\/en\/wp-json\/wp\/v2\/product"}],"about":[{"href":"https:\/\/maison4tiers.com\/maisonnette\/en\/wp-json\/wp\/v2\/types\/product"}],"wp:featuredmedia":[{"embeddable":true,"href":"https:\/\/maison4tiers.com\/maisonnette\/en\/wp-json\/wp\/v2\/media\/7520"}],"wp:attachment":[{"href":"https:\/\/maison4tiers.com\/maisonnette\/en\/wp-json\/wp\/v2\/media?parent=4625"}],"wp:term":[{"taxonomy":"product_brand","embeddable":true,"href":"https:\/\/maison4tiers.com\/maisonnette\/en\/wp-json\/wp\/v2\/product_brand?post=4625"},{"taxonomy":"product_cat","embeddable":true,"href":"https:\/\/maison4tiers.com\/maisonnette\/en\/wp-json\/wp\/v2\/product_cat?post=4625"},{"taxonomy":"product_tag","embeddable":true,"href":"https:\/\/maison4tiers.com\/maisonnette\/en\/wp-json\/wp\/v2\/product_tag?post=4625"}],"curies":[{"name":"wp","href":"https:\/\/api.w.org\/{rel}","templated":true}]}}