{"id":4467,"date":"2017-01-06T00:00:53","date_gmt":"2021-02-06T19:56:53","guid":{"rendered":"https:\/\/maison4tiers.com\/produit\/gabriel-et-la-montage\/"},"modified":"2022-01-12T17:26:21","modified_gmt":"2022-01-12T21:26:21","slug":"gabriel-and-the-mountain","status":"publish","type":"product","link":"https:\/\/maison4tiers.com\/maisonnette\/en\/product\/gabriel-and-the-mountain\/","title":{"rendered":"Gabriel and the Mountain"},"excerpt":{"rendered":"<p>Before entering a prestigious American university, Gabriel Buchmann decided to travel the world for one year, his backpack full of dreams. After ten months on the road, he arrived in Kenya determined to discover the African continent. Until he reached the top of Mount Mulanje, Malawi, his last destination.<\/p>\n<p>Starring Jo\u00e3o Pedro Zappa and Caroline Abras<\/p>\n<p class=\"p1\"><span style=\"text-decoration: underline;\"><span class=\"s1\"><a href=\"https:\/\/maison4tiers.com\/en\/product-category\/movie\/documentary\/\" target=\"_blank\" rel=\"noopener\"><b>Other documentaries<\/b><\/a><\/span><\/span><span class=\"s2\"><b><span class=\"Apple-converted-space\">\u00a0<\/span><\/b><\/span><\/p>\n<p>&nbsp;<\/p>\n<p class=\"p1\">*Only available in Canada<\/p>\n","protected":false},"featured_media":4242,"template":"","meta":{"_acf_changed":false,"_eb_attr":""},"product_brand":[],"product_cat":[143,133,116,102,106,103,127,128],"product_tag":[],"class_list":{"0":"post-4467","1":"product","2":"type-product","3":"status-publish","4":"has-post-thumbnail","6":"product_cat-digital","7":"product_cat-allmovies","8":"product_cat-docufiction-en","9":"product_cat-documentary","10":"product_cat-drama","11":"product_cat-movie","12":"product_cat-reflexion-en","13":"product_cat-society","14":"product_shipping_class-livraison","16":"first","17":"instock","18":"taxable","19":"shipping-taxable","20":"purchasable","21":"product-type-variable","22":"has-default-attributes"},"acf":[],"yoast_head":"<!-- This site is optimized with the Yoast SEO plugin v27.0 - https:\/\/yoast.com\/product\/yoast-seo-wordpress\/ -->\n<title>Gabriel and the Mountain - Documentary film - \u00c9crans solidaires - Watch now!<\/title>\n<meta name=\"description\" content=\"Gabriel and the Mountain. Before entering a prestigious American university, Gabriel Buchmann decided to travel the world for one year, his backpack full of dreams.\" \/>\n<meta name=\"robots\" content=\"noindex, follow, max-snippet:-1, max-image-preview:large, max-video-preview:-1\" \/>\n<meta property=\"og:locale\" content=\"en_US\" \/>\n<meta property=\"og:type\" content=\"article\" \/>\n<meta property=\"og:title\" content=\"Gabriel and the Mountain\" \/>\n<meta property=\"og:description\" content=\"Gabriel and the Mountain. Before entering a prestigious American university, Gabriel Buchmann decided to travel the world for one year, his backpack full of dreams.\" \/>\n<meta property=\"og:url\" content=\"https:\/\/maison4tiers.com\/maisonnette\/en\/product\/gabriel-and-the-mountain\/\" \/>\n<meta property=\"og:site_name\" content=\"\u00c9crans solidaires\" \/>\n<meta property=\"article:modified_time\" content=\"2022-01-12T21:26:21+00:00\" \/>\n<meta property=\"og:image\" content=\"https:\/\/maison4tiers.com\/maisonnette\/wp-content\/uploads\/sites\/77\/2021\/02\/Gabriel_poster_BOUTIQUE_720x1080.jpg\" \/>\n\t<meta property=\"og:image:width\" content=\"720\" \/>\n\t<meta property=\"og:image:height\" content=\"1080\" \/>\n\t<meta property=\"og:image:type\" content=\"image\/jpeg\" \/>\n<meta name=\"twitter:card\" content=\"summary_large_image\" \/>\n<meta name=\"twitter:title\" content=\"Gabriel and the Mountain\" \/>\n<meta name=\"twitter:description\" content=\"Gabriel and the Mountain. Before entering a prestigious American university, Gabriel Buchmann decided to travel the world for one year, his backpack full of dreams.\" \/>\n<meta name=\"twitter:image\" content=\"https:\/\/maison4tiers.com\/maisonnette\/wp-content\/uploads\/sites\/77\/2021\/02\/Gabriel_poster_BOUTIQUE_720x1080.jpg\" \/>\n<script type=\"application\/ld+json\" class=\"yoast-schema-graph\">{\"@context\":\"https:\/\/schema.org\",\"@graph\":[{\"@type\":\"WebPage\",\"@id\":\"https:\/\/maison4tiers.com\/maisonnette\/en\/product\/gabriel-and-the-mountain\/\",\"url\":\"https:\/\/maison4tiers.com\/maisonnette\/en\/product\/gabriel-and-the-mountain\/\",\"name\":\"Gabriel and the Mountain - Documentary film - \u00c9crans solidaires - Watch now!\",\"isPartOf\":{\"@id\":\"https:\/\/maison4tiers.com\/maisonnette\/en\/#website\"},\"primaryImageOfPage\":{\"@id\":\"https:\/\/maison4tiers.com\/maisonnette\/en\/product\/gabriel-and-the-mountain\/#primaryimage\"},\"image\":{\"@id\":\"https:\/\/maison4tiers.com\/maisonnette\/en\/product\/gabriel-and-the-mountain\/#primaryimage\"},\"thumbnailUrl\":\"https:\/\/maison4tiers.com\/maisonnette\/wp-content\/uploads\/sites\/77\/2021\/02\/Gabriel_poster_BOUTIQUE_720x1080.jpg\",\"datePublished\":\"2021-02-06T19:56:53+00:00\",\"dateModified\":\"2022-01-12T21:26:21+00:00\",\"description\":\"Gabriel and the Mountain. Before entering a prestigious American university, Gabriel Buchmann decided to travel the world for one year, his backpack full of dreams.\",\"breadcrumb\":{\"@id\":\"https:\/\/maison4tiers.com\/maisonnette\/en\/product\/gabriel-and-the-mountain\/#breadcrumb\"},\"inLanguage\":\"en-US\",\"potentialAction\":[{\"@type\":\"ReadAction\",\"target\":[\"https:\/\/maison4tiers.com\/maisonnette\/en\/product\/gabriel-and-the-mountain\/\"]}]},{\"@type\":\"ImageObject\",\"inLanguage\":\"en-US\",\"@id\":\"https:\/\/maison4tiers.com\/maisonnette\/en\/product\/gabriel-and-the-mountain\/#primaryimage\",\"url\":\"https:\/\/maison4tiers.com\/maisonnette\/wp-content\/uploads\/sites\/77\/2021\/02\/Gabriel_poster_BOUTIQUE_720x1080.jpg\",\"contentUrl\":\"https:\/\/maison4tiers.com\/maisonnette\/wp-content\/uploads\/sites\/77\/2021\/02\/Gabriel_poster_BOUTIQUE_720x1080.jpg\",\"width\":720,\"height\":1080,\"caption\":\"Gabriel and the Mountain\"},{\"@type\":\"BreadcrumbList\",\"@id\":\"https:\/\/maison4tiers.com\/maisonnette\/en\/product\/gabriel-and-the-mountain\/#breadcrumb\",\"itemListElement\":[{\"@type\":\"ListItem\",\"position\":1,\"name\":\"Home\",\"item\":\"https:\/\/maison4tiers.com\/maisonnette\/en\/home\/\"},{\"@type\":\"ListItem\",\"position\":2,\"name\":\"Movies\",\"item\":\"https:\/\/maison4tiers.com\/maisonnette\/movies\/\"},{\"@type\":\"ListItem\",\"position\":3,\"name\":\"Gabriel and the Mountain\"}]},{\"@type\":\"WebSite\",\"@id\":\"https:\/\/maison4tiers.com\/maisonnette\/en\/#website\",\"url\":\"https:\/\/maison4tiers.com\/maisonnette\/en\/\",\"name\":\"\u00c9crans solidaires\",\"description\":\"Distribution multiplateforme de films qu\u00e9b\u00e9cois et internationaux\",\"publisher\":{\"@id\":\"https:\/\/maison4tiers.com\/maisonnette\/en\/#organization\"},\"potentialAction\":[{\"@type\":\"SearchAction\",\"target\":{\"@type\":\"EntryPoint\",\"urlTemplate\":\"https:\/\/maison4tiers.com\/maisonnette\/en\/?s={search_term_string}\"},\"query-input\":{\"@type\":\"PropertyValueSpecification\",\"valueRequired\":true,\"valueName\":\"search_term_string\"}}],\"inLanguage\":\"en-US\"},{\"@type\":\"Organization\",\"@id\":\"https:\/\/maison4tiers.com\/maisonnette\/en\/#organization\",\"name\":\"\u00c9crans solidaires\",\"url\":\"https:\/\/maison4tiers.com\/maisonnette\/en\/\",\"logo\":{\"@type\":\"ImageObject\",\"inLanguage\":\"en-US\",\"@id\":\"https:\/\/maison4tiers.com\/maisonnette\/en\/#\/schema\/logo\/image\/\",\"url\":\"https:\/\/maison4tiers.com\/maisonnette\/wp-content\/uploads\/sites\/77\/2020\/11\/favicon-196.png\",\"contentUrl\":\"https:\/\/maison4tiers.com\/maisonnette\/wp-content\/uploads\/sites\/77\/2020\/11\/favicon-196.png\",\"width\":196,\"height\":196,\"caption\":\"\u00c9crans solidaires\"},\"image\":{\"@id\":\"https:\/\/maison4tiers.com\/maisonnette\/en\/#\/schema\/logo\/image\/\"}}]}<\/script>\n<!-- \/ Yoast SEO plugin. -->","yoast_head_json":{"title":"Gabriel and the Mountain - Documentary film - \u00c9crans solidaires - Watch now!","description":"Gabriel and the Mountain. Before entering a prestigious American university, Gabriel Buchmann decided to travel the world for one year, his backpack full of dreams.","robots":{"index":"noindex","follow":"follow","max-snippet":"max-snippet:-1","max-image-preview":"max-image-preview:large","max-video-preview":"max-video-preview:-1"},"og_locale":"en_US","og_type":"article","og_title":"Gabriel and the Mountain","og_description":"Gabriel and the Mountain. Before entering a prestigious American university, Gabriel Buchmann decided to travel the world for one year, his backpack full of dreams.","og_url":"https:\/\/maison4tiers.com\/maisonnette\/en\/product\/gabriel-and-the-mountain\/","og_site_name":"\u00c9crans solidaires","article_modified_time":"2022-01-12T21:26:21+00:00","og_image":[{"width":720,"height":1080,"url":"https:\/\/maison4tiers.com\/maisonnette\/wp-content\/uploads\/sites\/77\/2021\/02\/Gabriel_poster_BOUTIQUE_720x1080.jpg","type":"image\/jpeg"}],"twitter_card":"summary_large_image","twitter_title":"Gabriel and the Mountain","twitter_description":"Gabriel and the Mountain. Before entering a prestigious American university, Gabriel Buchmann decided to travel the world for one year, his backpack full of dreams.","twitter_image":"https:\/\/maison4tiers.com\/maisonnette\/wp-content\/uploads\/sites\/77\/2021\/02\/Gabriel_poster_BOUTIQUE_720x1080.jpg","schema":{"@context":"https:\/\/schema.org","@graph":[{"@type":"WebPage","@id":"https:\/\/maison4tiers.com\/maisonnette\/en\/product\/gabriel-and-the-mountain\/","url":"https:\/\/maison4tiers.com\/maisonnette\/en\/product\/gabriel-and-the-mountain\/","name":"Gabriel and the Mountain - Documentary film - \u00c9crans solidaires - Watch now!","isPartOf":{"@id":"https:\/\/maison4tiers.com\/maisonnette\/en\/#website"},"primaryImageOfPage":{"@id":"https:\/\/maison4tiers.com\/maisonnette\/en\/product\/gabriel-and-the-mountain\/#primaryimage"},"image":{"@id":"https:\/\/maison4tiers.com\/maisonnette\/en\/product\/gabriel-and-the-mountain\/#primaryimage"},"thumbnailUrl":"https:\/\/maison4tiers.com\/maisonnette\/wp-content\/uploads\/sites\/77\/2021\/02\/Gabriel_poster_BOUTIQUE_720x1080.jpg","datePublished":"2021-02-06T19:56:53+00:00","dateModified":"2022-01-12T21:26:21+00:00","description":"Gabriel and the Mountain. Before entering a prestigious American university, Gabriel Buchmann decided to travel the world for one year, his backpack full of dreams.","breadcrumb":{"@id":"https:\/\/maison4tiers.com\/maisonnette\/en\/product\/gabriel-and-the-mountain\/#breadcrumb"},"inLanguage":"en-US","potentialAction":[{"@type":"ReadAction","target":["https:\/\/maison4tiers.com\/maisonnette\/en\/product\/gabriel-and-the-mountain\/"]}]},{"@type":"ImageObject","inLanguage":"en-US","@id":"https:\/\/maison4tiers.com\/maisonnette\/en\/product\/gabriel-and-the-mountain\/#primaryimage","url":"https:\/\/maison4tiers.com\/maisonnette\/wp-content\/uploads\/sites\/77\/2021\/02\/Gabriel_poster_BOUTIQUE_720x1080.jpg","contentUrl":"https:\/\/maison4tiers.com\/maisonnette\/wp-content\/uploads\/sites\/77\/2021\/02\/Gabriel_poster_BOUTIQUE_720x1080.jpg","width":720,"height":1080,"caption":"Gabriel and the Mountain"},{"@type":"BreadcrumbList","@id":"https:\/\/maison4tiers.com\/maisonnette\/en\/product\/gabriel-and-the-mountain\/#breadcrumb","itemListElement":[{"@type":"ListItem","position":1,"name":"Home","item":"https:\/\/maison4tiers.com\/maisonnette\/en\/home\/"},{"@type":"ListItem","position":2,"name":"Movies","item":"https:\/\/maison4tiers.com\/maisonnette\/movies\/"},{"@type":"ListItem","position":3,"name":"Gabriel and the Mountain"}]},{"@type":"WebSite","@id":"https:\/\/maison4tiers.com\/maisonnette\/en\/#website","url":"https:\/\/maison4tiers.com\/maisonnette\/en\/","name":"\u00c9crans solidaires","description":"Distribution multiplateforme de films qu\u00e9b\u00e9cois et internationaux","publisher":{"@id":"https:\/\/maison4tiers.com\/maisonnette\/en\/#organization"},"potentialAction":[{"@type":"SearchAction","target":{"@type":"EntryPoint","urlTemplate":"https:\/\/maison4tiers.com\/maisonnette\/en\/?s={search_term_string}"},"query-input":{"@type":"PropertyValueSpecification","valueRequired":true,"valueName":"search_term_string"}}],"inLanguage":"en-US"},{"@type":"Organization","@id":"https:\/\/maison4tiers.com\/maisonnette\/en\/#organization","name":"\u00c9crans solidaires","url":"https:\/\/maison4tiers.com\/maisonnette\/en\/","logo":{"@type":"ImageObject","inLanguage":"en-US","@id":"https:\/\/maison4tiers.com\/maisonnette\/en\/#\/schema\/logo\/image\/","url":"https:\/\/maison4tiers.com\/maisonnette\/wp-content\/uploads\/sites\/77\/2020\/11\/favicon-196.png","contentUrl":"https:\/\/maison4tiers.com\/maisonnette\/wp-content\/uploads\/sites\/77\/2020\/11\/favicon-196.png","width":196,"height":196,"caption":"\u00c9crans solidaires"},"image":{"@id":"https:\/\/maison4tiers.com\/maisonnette\/en\/#\/schema\/logo\/image\/"}}]}},"jetpack_sharing_enabled":true,"_links":{"self":[{"href":"https:\/\/maison4tiers.com\/maisonnette\/en\/wp-json\/wp\/v2\/product\/4467","targetHints":{"allow":["GET"]}}],"collection":[{"href":"https:\/\/maison4tiers.com\/maisonnette\/en\/wp-json\/wp\/v2\/product"}],"about":[{"href":"https:\/\/maison4tiers.com\/maisonnette\/en\/wp-json\/wp\/v2\/types\/product"}],"wp:featuredmedia":[{"embeddable":true,"href":"https:\/\/maison4tiers.com\/maisonnette\/en\/wp-json\/wp\/v2\/media\/4242"}],"wp:attachment":[{"href":"https:\/\/maison4tiers.com\/maisonnette\/en\/wp-json\/wp\/v2\/media?parent=4467"}],"wp:term":[{"taxonomy":"product_brand","embeddable":true,"href":"https:\/\/maison4tiers.com\/maisonnette\/en\/wp-json\/wp\/v2\/product_brand?post=4467"},{"taxonomy":"product_cat","embeddable":true,"href":"https:\/\/maison4tiers.com\/maisonnette\/en\/wp-json\/wp\/v2\/product_cat?post=4467"},{"taxonomy":"product_tag","embeddable":true,"href":"https:\/\/maison4tiers.com\/maisonnette\/en\/wp-json\/wp\/v2\/product_tag?post=4467"}],"curies":[{"name":"wp","href":"https:\/\/api.w.org\/{rel}","templated":true}]}}