{"id":20718,"date":"2024-02-20T13:42:23","date_gmt":"2024-02-21T00:45:09","guid":{"rendered":"https:\/\/maison4tiers.com\/product\/fir-trees\/"},"modified":"2024-02-20T20:57:23","modified_gmt":"2024-02-21T00:57:23","slug":"evergreens","status":"publish","type":"product","link":"https:\/\/maison4tiers.com\/maisonnette\/en\/product\/evergreens\/","title":{"rendered":"EVERGREEN$"},"excerpt":{"rendered":"<h4><strong>NOW AVAILABLE ON DEMAND!!!<\/strong><\/h4>\n<p>R\u00e9mi, 21, leaves his birthplace of La Tuque, Quebec, to sell Christmas trees in New York to pay off a debt that threatens his future. Dumped deep in the Bronx, he meets Laura, a deadpan French activist who will be his colleague for the next month. Together, they&#8217;ll discover the vibrant community on their street corner, and learn to survive the absurd and dramatic trials of the wild world of tree sales.<\/p>\n<blockquote><p><em>&#8220;A hilarious comedy with many unexpected twists and turns. Feels good and warms our hearts!&#8221;<\/em><\/p>\n<p><strong> <a href=\"https:\/\/lesartsze.com\/sapin-comedie-hilarante-rechauffe-le-coeur\/\" target=\"_blank\" rel=\"noopener\">\u2605\u2605\u2605\u2605 <\/a> &#8211; LES ARTS Z\u00c9<\/strong><\/p>\n<p><em>&#8220;At the crossroads of popular and genre cinema.&#8221;<\/em><br \/>\n<a href=\"https:\/\/ici.radio-canada.ca\/info\/videos\/1-8866888\/film-sapin%24-une-comedie-quebecoise-pour-noel\" target=\"_blank\" rel=\"noopener\"><strong> &#8211; RADIO-CANADA<\/strong><\/a><\/p>\n<p><em>&#8220;Moukarzel pulls off an impressive balancing act with Sapin$.&#8221;<\/em><br \/>\n<a href=\"https:\/\/montrealgazette.com\/entertainment\/movies\/christmas-comedy-inspired-by-quebecers-role-in-new-york-fir-trade\" target=\"_blank\" rel=\"noopener\"><strong> &#8211; THE GAZETTE<\/strong><\/a><\/p>\n<p><em>&#8220;A true social comedy.&#8221;<\/em><br \/>\n<a href=\"https:\/\/www.lesoleil.com\/arts\/cinema\/2023\/12\/15\/emsapinem-un-emroad-movieem-stationnaire-sur-un-coin-de-rues-du-bronx-ZRGLEREGSZALVHGWB46KE5L2JM\/\" target=\"_blank\" rel=\"noopener\"><strong> &#8211; THE SUN<\/strong><\/a><\/p><\/blockquote>\n<p>&nbsp;<\/p>\n<p><a href=\"https:\/\/maison4tiers.com\/categorie-produit\/film\/comedie\/\" target=\"_blank\" rel=\"noopener\"><span style=\"text-decoration: underline;\">See other comedy movies<\/span><\/a><\/p>\n<p>*Only available in Canada<\/p>\n","protected":false},"featured_media":20724,"template":"","meta":{"_acf_changed":false,"_eb_attr":""},"product_brand":[],"product_cat":[133,108,124,130,103,126],"product_tag":[1072,1070,1077,1076,1045,1068,1078,1071,1069,695,1073,694,1074,1080,1067,1079,1075],"class_list":{"0":"post-20718","1":"product","2":"type-product","3":"status-publish","4":"has-post-thumbnail","6":"product_cat-allmovies","7":"product_cat-comedy","8":"product_cat-family","9":"product_cat-fiction-en","10":"product_cat-movie","11":"product_cat-quebec-movie","12":"product_tag-bronx-en","13":"product_tag-celebrations","14":"product_tag-christmas-en","15":"product_tag-festivities","16":"product_tag-film-en","17":"product_tag-fir-trees","18":"product_tag-movie-en","19":"product_tag-new-york-en","20":"product_tag-noel-en","21":"product_tag-quebec-en","22":"product_tag-quebec-film","23":"product_tag-quebecois-en","24":"product_tag-stephane-moukarzel-en","25":"product_tag-united-states-en-2","26":"product_tag-united-states-en","27":"product_tag-usa-en","28":"product_tag-ziad-touma-en","30":"first","31":"instock","32":"taxable","33":"shipping-taxable","34":"purchasable","35":"product-type-variable","36":"has-default-attributes"},"acf":[],"yoast_head":"<!-- This site is optimized with the Yoast SEO plugin v27.0 - https:\/\/yoast.com\/product\/yoast-seo-wordpress\/ -->\n<title>EVERGREEN$ - \u00c9crans solidaires - A film by St\u00e9phane Moukarzel - Watch it now!<\/title>\n<meta name=\"description\" content=\"Evergreens - R\u00e9mi, 21, leaves his birthplace to sell Christmas trees in New York to pay off a debt that threatens his future.\" \/>\n<meta name=\"robots\" content=\"noindex, follow, max-snippet:-1, max-image-preview:large, max-video-preview:-1\" \/>\n<meta property=\"og:locale\" content=\"en_US\" \/>\n<meta property=\"og:type\" content=\"article\" \/>\n<meta property=\"og:title\" content=\"Fir trees\" \/>\n<meta property=\"og:description\" content=\"R\u00e9mi, 21, leaves his birthplace of La Tuque, Quebec, to sell Christmas trees in New York to pay off a debt that threatens his future. Dumped deep in the Bronx, he meets Laura, a deadpan French activist who will be his colleague for the next month. Together, they&#039;ll discover the vibrant community on their street corner, and learn to survive the absurd and dramatic trials of the wild world of tree sales.\" \/>\n<meta property=\"og:url\" content=\"https:\/\/maison4tiers.com\/maisonnette\/en\/product\/evergreens\/\" \/>\n<meta property=\"og:site_name\" content=\"\u00c9crans solidaires\" \/>\n<meta property=\"article:modified_time\" content=\"2024-02-21T00:57:23+00:00\" \/>\n<meta property=\"og:image\" content=\"https:\/\/maison4tiers.com\/wp-content\/uploads\/sites\/75\/2024\/02\/SAPIN_affiche_WEB_LR-208x300.jpg\" \/>\n<meta name=\"twitter:card\" content=\"summary_large_image\" \/>\n<meta name=\"twitter:title\" content=\"Fir trees\" \/>\n<meta name=\"twitter:description\" content=\"R\u00e9mi, 21, leaves his birthplace of La Tuque, Quebec, to sell Christmas trees in New York to pay off a debt that threatens his future. Dumped deep in the Bronx, he meets Laura, a deadpan French activist who will be his colleague for the next month. Together, they&#039;ll discover the vibrant community on their street corner, and learn to survive the absurd and dramatic trials of the wild world of tree sales.\" \/>\n<meta name=\"twitter:image\" content=\"https:\/\/maison4tiers.com\/wp-content\/uploads\/sites\/75\/2024\/02\/SAPIN_affiche_WEB_LR-709x1024.jpg\" \/>\n<meta name=\"twitter:label1\" content=\"Est. reading time\" \/>\n\t<meta name=\"twitter:data1\" content=\"1 minute\" \/>\n<script type=\"application\/ld+json\" class=\"yoast-schema-graph\">{\"@context\":\"https:\/\/schema.org\",\"@graph\":[{\"@type\":\"WebPage\",\"@id\":\"https:\/\/maison4tiers.com\/maisonnette\/en\/product\/evergreens\/\",\"url\":\"https:\/\/maison4tiers.com\/maisonnette\/en\/product\/evergreens\/\",\"name\":\"EVERGREEN$ - \u00c9crans solidaires - A film by St\u00e9phane Moukarzel - Watch it now!\",\"isPartOf\":{\"@id\":\"https:\/\/maison4tiers.com\/maisonnette\/en\/#website\"},\"primaryImageOfPage\":{\"@id\":\"https:\/\/maison4tiers.com\/maisonnette\/en\/product\/evergreens\/#primaryimage\"},\"image\":{\"@id\":\"https:\/\/maison4tiers.com\/maisonnette\/en\/product\/evergreens\/#primaryimage\"},\"thumbnailUrl\":\"https:\/\/maison4tiers.com\/maisonnette\/wp-content\/uploads\/sites\/77\/2024\/02\/EVERGREEN_poster_WEB_LR-scaled.jpg\",\"datePublished\":\"2024-02-21T00:45:09+00:00\",\"dateModified\":\"2024-02-21T00:57:23+00:00\",\"description\":\"Evergreens - R\u00e9mi, 21, leaves his birthplace to sell Christmas trees in New York to pay off a debt that threatens his future.\",\"breadcrumb\":{\"@id\":\"https:\/\/maison4tiers.com\/maisonnette\/en\/product\/evergreens\/#breadcrumb\"},\"inLanguage\":\"en-US\",\"potentialAction\":[{\"@type\":\"ReadAction\",\"target\":[\"https:\/\/maison4tiers.com\/maisonnette\/en\/product\/evergreens\/\"]}]},{\"@type\":\"ImageObject\",\"inLanguage\":\"en-US\",\"@id\":\"https:\/\/maison4tiers.com\/maisonnette\/en\/product\/evergreens\/#primaryimage\",\"url\":\"https:\/\/maison4tiers.com\/maisonnette\/wp-content\/uploads\/sites\/77\/2024\/02\/EVERGREEN_poster_WEB_LR-scaled.jpg\",\"contentUrl\":\"https:\/\/maison4tiers.com\/maisonnette\/wp-content\/uploads\/sites\/77\/2024\/02\/EVERGREEN_poster_WEB_LR-scaled.jpg\",\"width\":1772,\"height\":2560},{\"@type\":\"BreadcrumbList\",\"@id\":\"https:\/\/maison4tiers.com\/maisonnette\/en\/product\/evergreens\/#breadcrumb\",\"itemListElement\":[{\"@type\":\"ListItem\",\"position\":1,\"name\":\"Home\",\"item\":\"https:\/\/maison4tiers.com\/maisonnette\/en\/home\/\"},{\"@type\":\"ListItem\",\"position\":2,\"name\":\"Movies\",\"item\":\"https:\/\/maison4tiers.com\/maisonnette\/movies\/\"},{\"@type\":\"ListItem\",\"position\":3,\"name\":\"EVERGREEN$\"}]},{\"@type\":\"WebSite\",\"@id\":\"https:\/\/maison4tiers.com\/maisonnette\/en\/#website\",\"url\":\"https:\/\/maison4tiers.com\/maisonnette\/en\/\",\"name\":\"\u00c9crans solidaires\",\"description\":\"Distribution multiplateforme de films qu\u00e9b\u00e9cois et internationaux\",\"publisher\":{\"@id\":\"https:\/\/maison4tiers.com\/maisonnette\/en\/#organization\"},\"potentialAction\":[{\"@type\":\"SearchAction\",\"target\":{\"@type\":\"EntryPoint\",\"urlTemplate\":\"https:\/\/maison4tiers.com\/maisonnette\/en\/?s={search_term_string}\"},\"query-input\":{\"@type\":\"PropertyValueSpecification\",\"valueRequired\":true,\"valueName\":\"search_term_string\"}}],\"inLanguage\":\"en-US\"},{\"@type\":\"Organization\",\"@id\":\"https:\/\/maison4tiers.com\/maisonnette\/en\/#organization\",\"name\":\"\u00c9crans solidaires\",\"url\":\"https:\/\/maison4tiers.com\/maisonnette\/en\/\",\"logo\":{\"@type\":\"ImageObject\",\"inLanguage\":\"en-US\",\"@id\":\"https:\/\/maison4tiers.com\/maisonnette\/en\/#\/schema\/logo\/image\/\",\"url\":\"https:\/\/maison4tiers.com\/maisonnette\/wp-content\/uploads\/sites\/77\/2020\/11\/favicon-196.png\",\"contentUrl\":\"https:\/\/maison4tiers.com\/maisonnette\/wp-content\/uploads\/sites\/77\/2020\/11\/favicon-196.png\",\"width\":196,\"height\":196,\"caption\":\"\u00c9crans solidaires\"},\"image\":{\"@id\":\"https:\/\/maison4tiers.com\/maisonnette\/en\/#\/schema\/logo\/image\/\"}}]}<\/script>\n<!-- \/ Yoast SEO plugin. -->","yoast_head_json":{"title":"EVERGREEN$ - \u00c9crans solidaires - A film by St\u00e9phane Moukarzel - Watch it now!","description":"Evergreens - R\u00e9mi, 21, leaves his birthplace to sell Christmas trees in New York to pay off a debt that threatens his future.","robots":{"index":"noindex","follow":"follow","max-snippet":"max-snippet:-1","max-image-preview":"max-image-preview:large","max-video-preview":"max-video-preview:-1"},"og_locale":"en_US","og_type":"article","og_title":"Fir trees","og_description":"R\u00e9mi, 21, leaves his birthplace of La Tuque, Quebec, to sell Christmas trees in New York to pay off a debt that threatens his future. Dumped deep in the Bronx, he meets Laura, a deadpan French activist who will be his colleague for the next month. Together, they'll discover the vibrant community on their street corner, and learn to survive the absurd and dramatic trials of the wild world of tree sales.","og_url":"https:\/\/maison4tiers.com\/maisonnette\/en\/product\/evergreens\/","og_site_name":"\u00c9crans solidaires","article_modified_time":"2024-02-21T00:57:23+00:00","og_image":[{"url":"https:\/\/maison4tiers.com\/wp-content\/uploads\/sites\/75\/2024\/02\/SAPIN_affiche_WEB_LR-208x300.jpg","type":"","width":"","height":""}],"twitter_card":"summary_large_image","twitter_title":"Fir trees","twitter_description":"R\u00e9mi, 21, leaves his birthplace of La Tuque, Quebec, to sell Christmas trees in New York to pay off a debt that threatens his future. Dumped deep in the Bronx, he meets Laura, a deadpan French activist who will be his colleague for the next month. Together, they'll discover the vibrant community on their street corner, and learn to survive the absurd and dramatic trials of the wild world of tree sales.","twitter_image":"https:\/\/maison4tiers.com\/wp-content\/uploads\/sites\/75\/2024\/02\/SAPIN_affiche_WEB_LR-709x1024.jpg","twitter_misc":{"Est. reading time":"1 minute"},"schema":{"@context":"https:\/\/schema.org","@graph":[{"@type":"WebPage","@id":"https:\/\/maison4tiers.com\/maisonnette\/en\/product\/evergreens\/","url":"https:\/\/maison4tiers.com\/maisonnette\/en\/product\/evergreens\/","name":"EVERGREEN$ - \u00c9crans solidaires - A film by St\u00e9phane Moukarzel - Watch it now!","isPartOf":{"@id":"https:\/\/maison4tiers.com\/maisonnette\/en\/#website"},"primaryImageOfPage":{"@id":"https:\/\/maison4tiers.com\/maisonnette\/en\/product\/evergreens\/#primaryimage"},"image":{"@id":"https:\/\/maison4tiers.com\/maisonnette\/en\/product\/evergreens\/#primaryimage"},"thumbnailUrl":"https:\/\/maison4tiers.com\/maisonnette\/wp-content\/uploads\/sites\/77\/2024\/02\/EVERGREEN_poster_WEB_LR-scaled.jpg","datePublished":"2024-02-21T00:45:09+00:00","dateModified":"2024-02-21T00:57:23+00:00","description":"Evergreens - R\u00e9mi, 21, leaves his birthplace to sell Christmas trees in New York to pay off a debt that threatens his future.","breadcrumb":{"@id":"https:\/\/maison4tiers.com\/maisonnette\/en\/product\/evergreens\/#breadcrumb"},"inLanguage":"en-US","potentialAction":[{"@type":"ReadAction","target":["https:\/\/maison4tiers.com\/maisonnette\/en\/product\/evergreens\/"]}]},{"@type":"ImageObject","inLanguage":"en-US","@id":"https:\/\/maison4tiers.com\/maisonnette\/en\/product\/evergreens\/#primaryimage","url":"https:\/\/maison4tiers.com\/maisonnette\/wp-content\/uploads\/sites\/77\/2024\/02\/EVERGREEN_poster_WEB_LR-scaled.jpg","contentUrl":"https:\/\/maison4tiers.com\/maisonnette\/wp-content\/uploads\/sites\/77\/2024\/02\/EVERGREEN_poster_WEB_LR-scaled.jpg","width":1772,"height":2560},{"@type":"BreadcrumbList","@id":"https:\/\/maison4tiers.com\/maisonnette\/en\/product\/evergreens\/#breadcrumb","itemListElement":[{"@type":"ListItem","position":1,"name":"Home","item":"https:\/\/maison4tiers.com\/maisonnette\/en\/home\/"},{"@type":"ListItem","position":2,"name":"Movies","item":"https:\/\/maison4tiers.com\/maisonnette\/movies\/"},{"@type":"ListItem","position":3,"name":"EVERGREEN$"}]},{"@type":"WebSite","@id":"https:\/\/maison4tiers.com\/maisonnette\/en\/#website","url":"https:\/\/maison4tiers.com\/maisonnette\/en\/","name":"\u00c9crans solidaires","description":"Distribution multiplateforme de films qu\u00e9b\u00e9cois et internationaux","publisher":{"@id":"https:\/\/maison4tiers.com\/maisonnette\/en\/#organization"},"potentialAction":[{"@type":"SearchAction","target":{"@type":"EntryPoint","urlTemplate":"https:\/\/maison4tiers.com\/maisonnette\/en\/?s={search_term_string}"},"query-input":{"@type":"PropertyValueSpecification","valueRequired":true,"valueName":"search_term_string"}}],"inLanguage":"en-US"},{"@type":"Organization","@id":"https:\/\/maison4tiers.com\/maisonnette\/en\/#organization","name":"\u00c9crans solidaires","url":"https:\/\/maison4tiers.com\/maisonnette\/en\/","logo":{"@type":"ImageObject","inLanguage":"en-US","@id":"https:\/\/maison4tiers.com\/maisonnette\/en\/#\/schema\/logo\/image\/","url":"https:\/\/maison4tiers.com\/maisonnette\/wp-content\/uploads\/sites\/77\/2020\/11\/favicon-196.png","contentUrl":"https:\/\/maison4tiers.com\/maisonnette\/wp-content\/uploads\/sites\/77\/2020\/11\/favicon-196.png","width":196,"height":196,"caption":"\u00c9crans solidaires"},"image":{"@id":"https:\/\/maison4tiers.com\/maisonnette\/en\/#\/schema\/logo\/image\/"}}]}},"jetpack_sharing_enabled":true,"_links":{"self":[{"href":"https:\/\/maison4tiers.com\/maisonnette\/en\/wp-json\/wp\/v2\/product\/20718","targetHints":{"allow":["GET"]}}],"collection":[{"href":"https:\/\/maison4tiers.com\/maisonnette\/en\/wp-json\/wp\/v2\/product"}],"about":[{"href":"https:\/\/maison4tiers.com\/maisonnette\/en\/wp-json\/wp\/v2\/types\/product"}],"wp:featuredmedia":[{"embeddable":true,"href":"https:\/\/maison4tiers.com\/maisonnette\/en\/wp-json\/wp\/v2\/media\/20724"}],"wp:attachment":[{"href":"https:\/\/maison4tiers.com\/maisonnette\/en\/wp-json\/wp\/v2\/media?parent=20718"}],"wp:term":[{"taxonomy":"product_brand","embeddable":true,"href":"https:\/\/maison4tiers.com\/maisonnette\/en\/wp-json\/wp\/v2\/product_brand?post=20718"},{"taxonomy":"product_cat","embeddable":true,"href":"https:\/\/maison4tiers.com\/maisonnette\/en\/wp-json\/wp\/v2\/product_cat?post=20718"},{"taxonomy":"product_tag","embeddable":true,"href":"https:\/\/maison4tiers.com\/maisonnette\/en\/wp-json\/wp\/v2\/product_tag?post=20718"}],"curies":[{"name":"wp","href":"https:\/\/api.w.org\/{rel}","templated":true}]}}