{"id":19939,"date":"2023-12-18T14:10:48","date_gmt":"2023-12-20T22:23:39","guid":{"rendered":"https:\/\/maison4tiers.com\/?post_type=product&#038;p=19939"},"modified":"2023-12-20T18:29:27","modified_gmt":"2023-12-20T22:29:27","slug":"butterfly-tale","status":"publish","type":"product","link":"https:\/\/maison4tiers.com\/maisonnette\/en\/product\/butterfly-tale\/","title":{"rendered":"Butterfly Tale"},"excerpt":{"rendered":"<h4><strong>NOW AVAILABLE ON DEMAND!<\/strong><\/h4>\n<p>Butterfly Tale is an animated film for the whole family, a great initiatory journey along the fabulous migration of monarch butterflies. This is the story of Patrick, a courageous and adorable butterfly who, even though he cannot fly because of a smaller wing, wants to make this journey at all costs. It\u2019s also that of Genevi\u00e8ve who fights against her panic fear of heights and of Martin, the funniest caterpillar around who wants to become a butterfly like the others! During their journey, Patrick, Genevi\u00e8ve and Martin will become heroes after overcoming their fears, accepting their difference and triumphing over natural predators (mice,hungry birds&#8230;) and environmental perils (tornadoes, wild human constructions&#8230;) The Legend of the Butterfly is an adventure told with humor, a great quest for autonomy and self-realization.<\/p>\n<blockquote><p><em>\u00ab The very first animated film featuring butterflies and, what&#8217;s more, entirely made in-house, The Legend of the Butterfly is sure to please children. \u00bb<br \/>\n<\/em><a href=\"https:\/\/www.journaldemontreal.com\/2023\/10\/12\/la-legende-du-papillon-un-film-danimation-inspirant\" target=\"_blank\" rel=\"noopener\">\u2605\u2605\u2605\u00bd<strong> \u2013 LE JOURNAL DE MONTR\u00c9AL<\/strong><\/a><\/p>\n<p><em>\u00ab BUTTERFLY TALE features an imposing cast! \u00bb<\/em><br \/>\n<a href=\"https:\/\/ctvm.info\/la-legende-du-papillon-le-nouveau-film-danimation-pour-toute-la-famille-des-producteurs-de-la-guerre-des-tuques\/\" target=\"_blank\" rel=\"noopener\"><strong>\u2013 CTVM<\/strong><\/a><\/p><\/blockquote>\n<p>&nbsp;<\/p>\n<p><a href=\"https:\/\/maison4tiers.com\/categorie-produit\/film\/animation\/?_ga=2.191136867.834541242.1703108696-2119137250.1661195295\" target=\"_blank\" rel=\"noopener\"><span style=\"text-decoration: underline;\">See other ANIMATION movies<\/span><\/a><\/p>\n<p>*Only available in Canada<\/p>\n","protected":false},"featured_media":19940,"template":"","meta":{"_acf_changed":false,"_eb_attr":""},"product_brand":[],"product_cat":[143,137,133,114,108,125,124,130,103,126],"product_tag":[1042,699,1053,870,1046,1045,1050,1051,1047,1048,1043,1049,1044,695,694,1052],"class_list":{"0":"post-19939","1":"product","2":"type-product","3":"status-publish","4":"has-post-thumbnail","6":"product_cat-digital","7":"product_cat-dvd-en","8":"product_cat-allmovies","9":"product_cat-animation-en","10":"product_cat-comedy","11":"product_cat-environment","12":"product_cat-family","13":"product_cat-fiction-en","14":"product_cat-movie","15":"product_cat-quebec-movie","16":"product_tag-la-legende-du-papillon-en","17":"product_tag-animation-en","18":"product_tag-animation3d-cg-narrative-narrative-animation-en","19":"product_tag-aventure-en","20":"product_tag-cinema-en","21":"product_tag-film-en","22":"product_tag-insecte-en","23":"product_tag-insectes-en","24":"product_tag-migration-en","25":"product_tag-monarques-en","26":"product_tag-papillon-en","27":"product_tag-papillons-monarques-en","28":"product_tag-patrick-en","29":"product_tag-quebec-en","30":"product_tag-quebecois-en","31":"product_tag-voyage-en","33":"first","34":"instock","35":"taxable","36":"shipping-taxable","37":"purchasable","38":"product-type-variable","39":"has-default-attributes"},"acf":[],"yoast_head":"<!-- This site is optimized with the Yoast SEO plugin v27.0 - https:\/\/yoast.com\/product\/yoast-seo-wordpress\/ -->\n<title>Butterfly Tale - \u00c9crans solidaires - Quebec Movie - Watch the movie now on our website!<\/title>\n<meta name=\"description\" content=\"The Legend of the Butterfly - An animated film for the whole family, an adventure told with humor, a quest for autonomy and self-realization.\" \/>\n<meta name=\"robots\" content=\"noindex, follow, max-snippet:-1, max-image-preview:large, max-video-preview:-1\" \/>\n<meta property=\"og:locale\" content=\"en_US\" \/>\n<meta property=\"og:type\" content=\"article\" \/>\n<meta property=\"og:title\" content=\"Butterfly Tale\" \/>\n<meta property=\"og:description\" content=\"Butterfly Tale is an animated film for the whole family, a great initiatory journey along the fabulous migration of monarch butterflies. This is the story of Patrick, a courageous and adorable butterfly who, even though he cannot fly because of a smaller wing, wants to make this journey at all costs. It\u2019s also that of Genevi\u00e8ve who fights against her panic fear of heights and of Martin, the funniest caterpillar around who wants to become a butterfly like the others! During their journey, Patrick, Genevi\u00e8ve and Martin will become heroes after overcoming their fears, accepting their difference and triumphing over natural predators (mice,hungry birds...) and environmental perils (tornadoes, wild human constructions...) The Legend of the Butterfly is an adventure told with humor, a great quest for autonomy and self-realization.\" \/>\n<meta property=\"og:url\" content=\"https:\/\/maison4tiers.com\/maisonnette\/en\/product\/butterfly-tale\/\" \/>\n<meta property=\"og:site_name\" content=\"\u00c9crans solidaires\" \/>\n<meta property=\"article:modified_time\" content=\"2023-12-20T22:29:27+00:00\" \/>\n<meta property=\"og:image\" content=\"https:\/\/maison4tiers.com\/maisonnette\/wp-content\/uploads\/sites\/77\/2023\/12\/Butterfly_FOREST_poster_WEB_HR-scaled.jpg\" \/>\n\t<meta property=\"og:image:width\" content=\"1772\" \/>\n\t<meta property=\"og:image:height\" content=\"2560\" \/>\n\t<meta property=\"og:image:type\" content=\"image\/jpeg\" \/>\n<meta name=\"twitter:card\" content=\"summary_large_image\" \/>\n<meta name=\"twitter:title\" content=\"Butterfly Tale\" \/>\n<meta name=\"twitter:description\" content=\"Butterfly Tale is an animated film for the whole family, a great initiatory journey along the fabulous migration of monarch butterflies. This is the story of Patrick, a courageous and adorable butterfly who, even though he cannot fly because of a smaller wing, wants to make this journey at all costs. It\u2019s also that of Genevi\u00e8ve who fights against her panic fear of heights and of Martin, the funniest caterpillar around who wants to become a butterfly like the others! During their journey, Patrick, Genevi\u00e8ve and Martin will become heroes after overcoming their fears, accepting their difference and triumphing over natural predators (mice,hungry birds...) and environmental perils (tornadoes, wild human constructions...) The Legend of the Butterfly is an adventure told with humor, a great quest for autonomy and self-realization.\" \/>\n<meta name=\"twitter:label1\" content=\"Est. reading time\" \/>\n\t<meta name=\"twitter:data1\" content=\"1 minute\" \/>\n<script type=\"application\/ld+json\" class=\"yoast-schema-graph\">{\"@context\":\"https:\/\/schema.org\",\"@graph\":[{\"@type\":\"WebPage\",\"@id\":\"https:\/\/maison4tiers.com\/maisonnette\/en\/product\/butterfly-tale\/\",\"url\":\"https:\/\/maison4tiers.com\/maisonnette\/en\/product\/butterfly-tale\/\",\"name\":\"Butterfly Tale - \u00c9crans solidaires - Quebec Movie - Watch the movie now on our website!\",\"isPartOf\":{\"@id\":\"https:\/\/maison4tiers.com\/maisonnette\/en\/#website\"},\"primaryImageOfPage\":{\"@id\":\"https:\/\/maison4tiers.com\/maisonnette\/en\/product\/butterfly-tale\/#primaryimage\"},\"image\":{\"@id\":\"https:\/\/maison4tiers.com\/maisonnette\/en\/product\/butterfly-tale\/#primaryimage\"},\"thumbnailUrl\":\"https:\/\/maison4tiers.com\/maisonnette\/wp-content\/uploads\/sites\/77\/2023\/12\/Butterfly_FOREST_poster_WEB_HR-scaled.jpg\",\"datePublished\":\"2023-12-20T22:23:39+00:00\",\"dateModified\":\"2023-12-20T22:29:27+00:00\",\"description\":\"The Legend of the Butterfly - An animated film for the whole family, an adventure told with humor, a quest for autonomy and self-realization.\",\"breadcrumb\":{\"@id\":\"https:\/\/maison4tiers.com\/maisonnette\/en\/product\/butterfly-tale\/#breadcrumb\"},\"inLanguage\":\"en-US\",\"potentialAction\":[{\"@type\":\"ReadAction\",\"target\":[\"https:\/\/maison4tiers.com\/maisonnette\/en\/product\/butterfly-tale\/\"]}]},{\"@type\":\"ImageObject\",\"inLanguage\":\"en-US\",\"@id\":\"https:\/\/maison4tiers.com\/maisonnette\/en\/product\/butterfly-tale\/#primaryimage\",\"url\":\"https:\/\/maison4tiers.com\/maisonnette\/wp-content\/uploads\/sites\/77\/2023\/12\/Butterfly_FOREST_poster_WEB_HR-scaled.jpg\",\"contentUrl\":\"https:\/\/maison4tiers.com\/maisonnette\/wp-content\/uploads\/sites\/77\/2023\/12\/Butterfly_FOREST_poster_WEB_HR-scaled.jpg\",\"width\":1772,\"height\":2560},{\"@type\":\"BreadcrumbList\",\"@id\":\"https:\/\/maison4tiers.com\/maisonnette\/en\/product\/butterfly-tale\/#breadcrumb\",\"itemListElement\":[{\"@type\":\"ListItem\",\"position\":1,\"name\":\"Home\",\"item\":\"https:\/\/maison4tiers.com\/maisonnette\/en\/home\/\"},{\"@type\":\"ListItem\",\"position\":2,\"name\":\"Movies\",\"item\":\"https:\/\/maison4tiers.com\/maisonnette\/movies\/\"},{\"@type\":\"ListItem\",\"position\":3,\"name\":\"Butterfly Tale\"}]},{\"@type\":\"WebSite\",\"@id\":\"https:\/\/maison4tiers.com\/maisonnette\/en\/#website\",\"url\":\"https:\/\/maison4tiers.com\/maisonnette\/en\/\",\"name\":\"\u00c9crans solidaires\",\"description\":\"Distribution multiplateforme de films qu\u00e9b\u00e9cois et internationaux\",\"publisher\":{\"@id\":\"https:\/\/maison4tiers.com\/maisonnette\/en\/#organization\"},\"potentialAction\":[{\"@type\":\"SearchAction\",\"target\":{\"@type\":\"EntryPoint\",\"urlTemplate\":\"https:\/\/maison4tiers.com\/maisonnette\/en\/?s={search_term_string}\"},\"query-input\":{\"@type\":\"PropertyValueSpecification\",\"valueRequired\":true,\"valueName\":\"search_term_string\"}}],\"inLanguage\":\"en-US\"},{\"@type\":\"Organization\",\"@id\":\"https:\/\/maison4tiers.com\/maisonnette\/en\/#organization\",\"name\":\"\u00c9crans solidaires\",\"url\":\"https:\/\/maison4tiers.com\/maisonnette\/en\/\",\"logo\":{\"@type\":\"ImageObject\",\"inLanguage\":\"en-US\",\"@id\":\"https:\/\/maison4tiers.com\/maisonnette\/en\/#\/schema\/logo\/image\/\",\"url\":\"https:\/\/maison4tiers.com\/maisonnette\/wp-content\/uploads\/sites\/77\/2020\/11\/favicon-196.png\",\"contentUrl\":\"https:\/\/maison4tiers.com\/maisonnette\/wp-content\/uploads\/sites\/77\/2020\/11\/favicon-196.png\",\"width\":196,\"height\":196,\"caption\":\"\u00c9crans solidaires\"},\"image\":{\"@id\":\"https:\/\/maison4tiers.com\/maisonnette\/en\/#\/schema\/logo\/image\/\"}}]}<\/script>\n<!-- \/ Yoast SEO plugin. -->","yoast_head_json":{"title":"Butterfly Tale - \u00c9crans solidaires - Quebec Movie - Watch the movie now on our website!","description":"The Legend of the Butterfly - An animated film for the whole family, an adventure told with humor, a quest for autonomy and self-realization.","robots":{"index":"noindex","follow":"follow","max-snippet":"max-snippet:-1","max-image-preview":"max-image-preview:large","max-video-preview":"max-video-preview:-1"},"og_locale":"en_US","og_type":"article","og_title":"Butterfly Tale","og_description":"Butterfly Tale is an animated film for the whole family, a great initiatory journey along the fabulous migration of monarch butterflies. This is the story of Patrick, a courageous and adorable butterfly who, even though he cannot fly because of a smaller wing, wants to make this journey at all costs. It\u2019s also that of Genevi\u00e8ve who fights against her panic fear of heights and of Martin, the funniest caterpillar around who wants to become a butterfly like the others! During their journey, Patrick, Genevi\u00e8ve and Martin will become heroes after overcoming their fears, accepting their difference and triumphing over natural predators (mice,hungry birds...) and environmental perils (tornadoes, wild human constructions...) The Legend of the Butterfly is an adventure told with humor, a great quest for autonomy and self-realization.","og_url":"https:\/\/maison4tiers.com\/maisonnette\/en\/product\/butterfly-tale\/","og_site_name":"\u00c9crans solidaires","article_modified_time":"2023-12-20T22:29:27+00:00","og_image":[{"width":1772,"height":2560,"url":"https:\/\/maison4tiers.com\/maisonnette\/wp-content\/uploads\/sites\/77\/2023\/12\/Butterfly_FOREST_poster_WEB_HR-scaled.jpg","type":"image\/jpeg"}],"twitter_card":"summary_large_image","twitter_title":"Butterfly Tale","twitter_description":"Butterfly Tale is an animated film for the whole family, a great initiatory journey along the fabulous migration of monarch butterflies. This is the story of Patrick, a courageous and adorable butterfly who, even though he cannot fly because of a smaller wing, wants to make this journey at all costs. It\u2019s also that of Genevi\u00e8ve who fights against her panic fear of heights and of Martin, the funniest caterpillar around who wants to become a butterfly like the others! During their journey, Patrick, Genevi\u00e8ve and Martin will become heroes after overcoming their fears, accepting their difference and triumphing over natural predators (mice,hungry birds...) and environmental perils (tornadoes, wild human constructions...) The Legend of the Butterfly is an adventure told with humor, a great quest for autonomy and self-realization.","twitter_misc":{"Est. reading time":"1 minute"},"schema":{"@context":"https:\/\/schema.org","@graph":[{"@type":"WebPage","@id":"https:\/\/maison4tiers.com\/maisonnette\/en\/product\/butterfly-tale\/","url":"https:\/\/maison4tiers.com\/maisonnette\/en\/product\/butterfly-tale\/","name":"Butterfly Tale - \u00c9crans solidaires - Quebec Movie - Watch the movie now on our website!","isPartOf":{"@id":"https:\/\/maison4tiers.com\/maisonnette\/en\/#website"},"primaryImageOfPage":{"@id":"https:\/\/maison4tiers.com\/maisonnette\/en\/product\/butterfly-tale\/#primaryimage"},"image":{"@id":"https:\/\/maison4tiers.com\/maisonnette\/en\/product\/butterfly-tale\/#primaryimage"},"thumbnailUrl":"https:\/\/maison4tiers.com\/maisonnette\/wp-content\/uploads\/sites\/77\/2023\/12\/Butterfly_FOREST_poster_WEB_HR-scaled.jpg","datePublished":"2023-12-20T22:23:39+00:00","dateModified":"2023-12-20T22:29:27+00:00","description":"The Legend of the Butterfly - An animated film for the whole family, an adventure told with humor, a quest for autonomy and self-realization.","breadcrumb":{"@id":"https:\/\/maison4tiers.com\/maisonnette\/en\/product\/butterfly-tale\/#breadcrumb"},"inLanguage":"en-US","potentialAction":[{"@type":"ReadAction","target":["https:\/\/maison4tiers.com\/maisonnette\/en\/product\/butterfly-tale\/"]}]},{"@type":"ImageObject","inLanguage":"en-US","@id":"https:\/\/maison4tiers.com\/maisonnette\/en\/product\/butterfly-tale\/#primaryimage","url":"https:\/\/maison4tiers.com\/maisonnette\/wp-content\/uploads\/sites\/77\/2023\/12\/Butterfly_FOREST_poster_WEB_HR-scaled.jpg","contentUrl":"https:\/\/maison4tiers.com\/maisonnette\/wp-content\/uploads\/sites\/77\/2023\/12\/Butterfly_FOREST_poster_WEB_HR-scaled.jpg","width":1772,"height":2560},{"@type":"BreadcrumbList","@id":"https:\/\/maison4tiers.com\/maisonnette\/en\/product\/butterfly-tale\/#breadcrumb","itemListElement":[{"@type":"ListItem","position":1,"name":"Home","item":"https:\/\/maison4tiers.com\/maisonnette\/en\/home\/"},{"@type":"ListItem","position":2,"name":"Movies","item":"https:\/\/maison4tiers.com\/maisonnette\/movies\/"},{"@type":"ListItem","position":3,"name":"Butterfly Tale"}]},{"@type":"WebSite","@id":"https:\/\/maison4tiers.com\/maisonnette\/en\/#website","url":"https:\/\/maison4tiers.com\/maisonnette\/en\/","name":"\u00c9crans solidaires","description":"Distribution multiplateforme de films qu\u00e9b\u00e9cois et internationaux","publisher":{"@id":"https:\/\/maison4tiers.com\/maisonnette\/en\/#organization"},"potentialAction":[{"@type":"SearchAction","target":{"@type":"EntryPoint","urlTemplate":"https:\/\/maison4tiers.com\/maisonnette\/en\/?s={search_term_string}"},"query-input":{"@type":"PropertyValueSpecification","valueRequired":true,"valueName":"search_term_string"}}],"inLanguage":"en-US"},{"@type":"Organization","@id":"https:\/\/maison4tiers.com\/maisonnette\/en\/#organization","name":"\u00c9crans solidaires","url":"https:\/\/maison4tiers.com\/maisonnette\/en\/","logo":{"@type":"ImageObject","inLanguage":"en-US","@id":"https:\/\/maison4tiers.com\/maisonnette\/en\/#\/schema\/logo\/image\/","url":"https:\/\/maison4tiers.com\/maisonnette\/wp-content\/uploads\/sites\/77\/2020\/11\/favicon-196.png","contentUrl":"https:\/\/maison4tiers.com\/maisonnette\/wp-content\/uploads\/sites\/77\/2020\/11\/favicon-196.png","width":196,"height":196,"caption":"\u00c9crans solidaires"},"image":{"@id":"https:\/\/maison4tiers.com\/maisonnette\/en\/#\/schema\/logo\/image\/"}}]}},"jetpack_sharing_enabled":true,"_links":{"self":[{"href":"https:\/\/maison4tiers.com\/maisonnette\/en\/wp-json\/wp\/v2\/product\/19939","targetHints":{"allow":["GET"]}}],"collection":[{"href":"https:\/\/maison4tiers.com\/maisonnette\/en\/wp-json\/wp\/v2\/product"}],"about":[{"href":"https:\/\/maison4tiers.com\/maisonnette\/en\/wp-json\/wp\/v2\/types\/product"}],"wp:featuredmedia":[{"embeddable":true,"href":"https:\/\/maison4tiers.com\/maisonnette\/en\/wp-json\/wp\/v2\/media\/19940"}],"wp:attachment":[{"href":"https:\/\/maison4tiers.com\/maisonnette\/en\/wp-json\/wp\/v2\/media?parent=19939"}],"wp:term":[{"taxonomy":"product_brand","embeddable":true,"href":"https:\/\/maison4tiers.com\/maisonnette\/en\/wp-json\/wp\/v2\/product_brand?post=19939"},{"taxonomy":"product_cat","embeddable":true,"href":"https:\/\/maison4tiers.com\/maisonnette\/en\/wp-json\/wp\/v2\/product_cat?post=19939"},{"taxonomy":"product_tag","embeddable":true,"href":"https:\/\/maison4tiers.com\/maisonnette\/en\/wp-json\/wp\/v2\/product_tag?post=19939"}],"curies":[{"name":"wp","href":"https:\/\/api.w.org\/{rel}","templated":true}]}}