{"id":19752,"date":"2023-12-05T11:44:44","date_gmt":"2023-12-05T18:53:46","guid":{"rendered":"https:\/\/maison4tiers.com\/?post_type=product&#038;p=19752"},"modified":"2024-01-15T11:25:07","modified_gmt":"2024-01-15T15:25:07","slug":"days-of-happiness","status":"publish","type":"product","link":"https:\/\/maison4tiers.com\/maisonnette\/en\/product\/days-of-happiness\/","title":{"rendered":"Days of Happiness"},"excerpt":{"rendered":"<h4><strong>NOW AVAILABLE ON VIDEO ON DEMAND! COMING SOON ON DVD!<\/strong><\/h4>\n<p>Emma is a young conductor and rising star on the Montreal scene. Happy Days chronicles her complex relationship with her father and agent Patrick, who has maintained a devious hold over her since childhood. The possibility of obtaining an important position within a prestigious orchestra only increases the stakes for Emma. She will have to give way to her true emotions and make choices, as much for her music as for herself, if she wants to successfully navigate her career and her romantic relationship with Na\u00eblle, a newly separated cellist and mother of a boy.<\/p>\n<blockquote><p><em>\u00ab The filmmaker&#8217;s script turns out to be very well constructed and its protagonist wonderfully complex. Sophie Desmarais does honor to this score: her performance is a tour de force. \u00bb<\/em><br \/>\n<a href=\"https:\/\/www.ledevoir.com\/culture\/cinema\/800314\/critique-cinema-jours-heureux-envol-cheffe-orchestre\" target=\"_blank\" rel=\"noopener\">\u2605\u2605\u2605\u2605<strong> \u2013 LE DEVOIR<\/strong><\/a><\/p>\n<p><em>\u00ab Sylvain Marcel and Sophie Desmarais offer magnificent performances, sometimes explosive, but above all made of 1000 nuances. \u00bb<\/em><br \/>\n<a href=\"https:\/\/www.ledevoir.com\/culture\/cinema\/800314\/critique-cinema-jours-heureux-envol-cheffe-orchestre\" target=\"_blank\" rel=\"noopener\">\u2605\u2605\u2605\u2605<strong> \u2013 LE SOLEIL<\/strong><\/a><\/p>\n<p><em>\u00ab Chlo\u00e9 Robichaud signs her most personal and accomplished film. \u00bb<br \/>\n<\/em><a href=\"https:\/\/www.lapresse.ca\/cinema\/critiques\/2023-10-20\/les-jours-heureux\/les-choix-heureux.php\" target=\"_blank\" rel=\"noopener\">\u2605\u2605\u2605\u00bd<strong> \u2013 LA PRESSE<\/strong><\/a><\/p><\/blockquote>\n<p><a href=\"https:\/\/maison4tiers.com\/categorie-produit\/film\/quebecois\/?_ga=2.127474765.1535836384.1701795620-2119137250.1661195295\" target=\"_blank\" rel=\"noopener\"><span style=\"text-decoration: underline;\">See other Quebec movies<\/span><\/a><\/p>\n<p>*Only available in Canada<\/p>\n","protected":false},"featured_media":19749,"template":"","meta":{"_acf_changed":false,"_eb_attr":""},"product_brand":[],"product_cat":[143,137,133,106,130,103,126,127],"product_tag":[1008,850,724,1011,1014,1013,1017,1015,1107,1009,1012],"class_list":{"0":"post-19752","1":"product","2":"type-product","3":"status-publish","4":"has-post-thumbnail","6":"product_cat-digital","7":"product_cat-dvd-en","8":"product_cat-allmovies","9":"product_cat-drama","10":"product_cat-fiction-en","11":"product_cat-movie","12":"product_cat-quebec-movie","13":"product_cat-reflexion-en","14":"product_tag-chloe-robichaud-en","15":"product_tag-drame-en","16":"product_tag-famille-en","17":"product_tag-maison-symphonique-en","18":"product_tag-maude-guerin-en","19":"product_tag-nour-belkhiria-en","20":"product_tag-o-m-en-2","21":"product_tag-om-en","22":"product_tag-quebec-cinema-en","23":"product_tag-sophie-desmarais-en","24":"product_tag-sylvain-marcel-en","26":"first","27":"instock","28":"taxable","29":"shipping-taxable","30":"purchasable","31":"product-type-variable","32":"has-default-attributes"},"acf":[],"yoast_head":"<!-- This site is optimized with the Yoast SEO plugin v27.0 - https:\/\/yoast.com\/product\/yoast-seo-wordpress\/ -->\n<title>Days of Happiness - \u00c9crans solidaires - Quebec movie - Watch the movie now!<\/title>\n<meta name=\"description\" content=\"Days of Happiness - Emma, conductor, must face her emotions and decide if she wants to succeed in her career and her relationship with Na\u00eblle.\" \/>\n<meta name=\"robots\" content=\"noindex, follow, max-snippet:-1, max-image-preview:large, max-video-preview:-1\" \/>\n<meta property=\"og:locale\" content=\"en_US\" \/>\n<meta property=\"og:type\" content=\"article\" \/>\n<meta property=\"og:title\" content=\"Days of Happiness\" \/>\n<meta property=\"og:description\" content=\"Emma is a young conductor and rising star on the Montreal scene. Happy Days chronicles her complex relationship with her father and agent Patrick, who has maintained a devious hold over her since childhood. The possibility of obtaining an important position within a prestigious orchestra only increases the stakes for Emma. She will have to give way to her true emotions and make choices, as much for her music as for herself, if she wants to successfully navigate her career and her romantic relationship with Na\u00eblle, a newly separated cellist and mother of a boy.\" \/>\n<meta property=\"og:url\" content=\"https:\/\/maison4tiers.com\/maisonnette\/en\/product\/days-of-happiness\/\" \/>\n<meta property=\"og:site_name\" content=\"\u00c9crans solidaires\" \/>\n<meta property=\"article:modified_time\" content=\"2024-01-15T15:25:07+00:00\" \/>\n<meta property=\"og:image\" content=\"https:\/\/maison4tiers.com\/maisonnette\/wp-content\/uploads\/sites\/77\/2023\/12\/DOH_poster_WEB_HR-scaled.jpg\" \/>\n\t<meta property=\"og:image:width\" content=\"1772\" \/>\n\t<meta property=\"og:image:height\" content=\"2560\" \/>\n\t<meta property=\"og:image:type\" content=\"image\/jpeg\" \/>\n<meta name=\"twitter:card\" content=\"summary_large_image\" \/>\n<meta name=\"twitter:title\" content=\"Days of Happiness\" \/>\n<meta name=\"twitter:description\" content=\"Emma is a young conductor and rising star on the Montreal scene. Happy Days chronicles her complex relationship with her father and agent Patrick, who has maintained a devious hold over her since childhood. The possibility of obtaining an important position within a prestigious orchestra only increases the stakes for Emma. She will have to give way to her true emotions and make choices, as much for her music as for herself, if she wants to successfully navigate her career and her romantic relationship with Na\u00eblle, a newly separated cellist and mother of a boy.\" \/>\n<meta name=\"twitter:image\" content=\"https:\/\/maison4tiers.com\/maisonnette\/wp-content\/uploads\/sites\/77\/2023\/12\/DOH_poster_WEB_HR-scaled.jpg\" \/>\n<meta name=\"twitter:label1\" content=\"Est. reading time\" \/>\n\t<meta name=\"twitter:data1\" content=\"1 minute\" \/>\n<script type=\"application\/ld+json\" class=\"yoast-schema-graph\">{\"@context\":\"https:\/\/schema.org\",\"@graph\":[{\"@type\":\"WebPage\",\"@id\":\"https:\/\/maison4tiers.com\/maisonnette\/en\/product\/days-of-happiness\/\",\"url\":\"https:\/\/maison4tiers.com\/maisonnette\/en\/product\/days-of-happiness\/\",\"name\":\"Days of Happiness - \u00c9crans solidaires - Quebec movie - Watch the movie now!\",\"isPartOf\":{\"@id\":\"https:\/\/maison4tiers.com\/maisonnette\/en\/#website\"},\"primaryImageOfPage\":{\"@id\":\"https:\/\/maison4tiers.com\/maisonnette\/en\/product\/days-of-happiness\/#primaryimage\"},\"image\":{\"@id\":\"https:\/\/maison4tiers.com\/maisonnette\/en\/product\/days-of-happiness\/#primaryimage\"},\"thumbnailUrl\":\"https:\/\/maison4tiers.com\/maisonnette\/wp-content\/uploads\/sites\/77\/2023\/12\/DOH_poster_WEB_HR-scaled.jpg\",\"datePublished\":\"2023-12-05T18:53:46+00:00\",\"dateModified\":\"2024-01-15T15:25:07+00:00\",\"description\":\"Days of Happiness - Emma, conductor, must face her emotions and decide if she wants to succeed in her career and her relationship with Na\u00eblle.\",\"breadcrumb\":{\"@id\":\"https:\/\/maison4tiers.com\/maisonnette\/en\/product\/days-of-happiness\/#breadcrumb\"},\"inLanguage\":\"en-US\",\"potentialAction\":[{\"@type\":\"ReadAction\",\"target\":[\"https:\/\/maison4tiers.com\/maisonnette\/en\/product\/days-of-happiness\/\"]}]},{\"@type\":\"ImageObject\",\"inLanguage\":\"en-US\",\"@id\":\"https:\/\/maison4tiers.com\/maisonnette\/en\/product\/days-of-happiness\/#primaryimage\",\"url\":\"https:\/\/maison4tiers.com\/maisonnette\/wp-content\/uploads\/sites\/77\/2023\/12\/DOH_poster_WEB_HR-scaled.jpg\",\"contentUrl\":\"https:\/\/maison4tiers.com\/maisonnette\/wp-content\/uploads\/sites\/77\/2023\/12\/DOH_poster_WEB_HR-scaled.jpg\",\"width\":1772,\"height\":2560},{\"@type\":\"BreadcrumbList\",\"@id\":\"https:\/\/maison4tiers.com\/maisonnette\/en\/product\/days-of-happiness\/#breadcrumb\",\"itemListElement\":[{\"@type\":\"ListItem\",\"position\":1,\"name\":\"Home\",\"item\":\"https:\/\/maison4tiers.com\/maisonnette\/en\/home\/\"},{\"@type\":\"ListItem\",\"position\":2,\"name\":\"Movies\",\"item\":\"https:\/\/maison4tiers.com\/maisonnette\/movies\/\"},{\"@type\":\"ListItem\",\"position\":3,\"name\":\"Days of Happiness\"}]},{\"@type\":\"WebSite\",\"@id\":\"https:\/\/maison4tiers.com\/maisonnette\/en\/#website\",\"url\":\"https:\/\/maison4tiers.com\/maisonnette\/en\/\",\"name\":\"\u00c9crans solidaires\",\"description\":\"Distribution multiplateforme de films qu\u00e9b\u00e9cois et internationaux\",\"publisher\":{\"@id\":\"https:\/\/maison4tiers.com\/maisonnette\/en\/#organization\"},\"potentialAction\":[{\"@type\":\"SearchAction\",\"target\":{\"@type\":\"EntryPoint\",\"urlTemplate\":\"https:\/\/maison4tiers.com\/maisonnette\/en\/?s={search_term_string}\"},\"query-input\":{\"@type\":\"PropertyValueSpecification\",\"valueRequired\":true,\"valueName\":\"search_term_string\"}}],\"inLanguage\":\"en-US\"},{\"@type\":\"Organization\",\"@id\":\"https:\/\/maison4tiers.com\/maisonnette\/en\/#organization\",\"name\":\"\u00c9crans solidaires\",\"url\":\"https:\/\/maison4tiers.com\/maisonnette\/en\/\",\"logo\":{\"@type\":\"ImageObject\",\"inLanguage\":\"en-US\",\"@id\":\"https:\/\/maison4tiers.com\/maisonnette\/en\/#\/schema\/logo\/image\/\",\"url\":\"https:\/\/maison4tiers.com\/maisonnette\/wp-content\/uploads\/sites\/77\/2020\/11\/favicon-196.png\",\"contentUrl\":\"https:\/\/maison4tiers.com\/maisonnette\/wp-content\/uploads\/sites\/77\/2020\/11\/favicon-196.png\",\"width\":196,\"height\":196,\"caption\":\"\u00c9crans solidaires\"},\"image\":{\"@id\":\"https:\/\/maison4tiers.com\/maisonnette\/en\/#\/schema\/logo\/image\/\"}}]}<\/script>\n<!-- \/ Yoast SEO plugin. -->","yoast_head_json":{"title":"Days of Happiness - \u00c9crans solidaires - Quebec movie - Watch the movie now!","description":"Days of Happiness - Emma, conductor, must face her emotions and decide if she wants to succeed in her career and her relationship with Na\u00eblle.","robots":{"index":"noindex","follow":"follow","max-snippet":"max-snippet:-1","max-image-preview":"max-image-preview:large","max-video-preview":"max-video-preview:-1"},"og_locale":"en_US","og_type":"article","og_title":"Days of Happiness","og_description":"Emma is a young conductor and rising star on the Montreal scene. Happy Days chronicles her complex relationship with her father and agent Patrick, who has maintained a devious hold over her since childhood. The possibility of obtaining an important position within a prestigious orchestra only increases the stakes for Emma. She will have to give way to her true emotions and make choices, as much for her music as for herself, if she wants to successfully navigate her career and her romantic relationship with Na\u00eblle, a newly separated cellist and mother of a boy.","og_url":"https:\/\/maison4tiers.com\/maisonnette\/en\/product\/days-of-happiness\/","og_site_name":"\u00c9crans solidaires","article_modified_time":"2024-01-15T15:25:07+00:00","og_image":[{"width":1772,"height":2560,"url":"https:\/\/maison4tiers.com\/maisonnette\/wp-content\/uploads\/sites\/77\/2023\/12\/DOH_poster_WEB_HR-scaled.jpg","type":"image\/jpeg"}],"twitter_card":"summary_large_image","twitter_title":"Days of Happiness","twitter_description":"Emma is a young conductor and rising star on the Montreal scene. Happy Days chronicles her complex relationship with her father and agent Patrick, who has maintained a devious hold over her since childhood. The possibility of obtaining an important position within a prestigious orchestra only increases the stakes for Emma. She will have to give way to her true emotions and make choices, as much for her music as for herself, if she wants to successfully navigate her career and her romantic relationship with Na\u00eblle, a newly separated cellist and mother of a boy.","twitter_image":"https:\/\/maison4tiers.com\/maisonnette\/wp-content\/uploads\/sites\/77\/2023\/12\/DOH_poster_WEB_HR-scaled.jpg","twitter_misc":{"Est. reading time":"1 minute"},"schema":{"@context":"https:\/\/schema.org","@graph":[{"@type":"WebPage","@id":"https:\/\/maison4tiers.com\/maisonnette\/en\/product\/days-of-happiness\/","url":"https:\/\/maison4tiers.com\/maisonnette\/en\/product\/days-of-happiness\/","name":"Days of Happiness - \u00c9crans solidaires - Quebec movie - Watch the movie now!","isPartOf":{"@id":"https:\/\/maison4tiers.com\/maisonnette\/en\/#website"},"primaryImageOfPage":{"@id":"https:\/\/maison4tiers.com\/maisonnette\/en\/product\/days-of-happiness\/#primaryimage"},"image":{"@id":"https:\/\/maison4tiers.com\/maisonnette\/en\/product\/days-of-happiness\/#primaryimage"},"thumbnailUrl":"https:\/\/maison4tiers.com\/maisonnette\/wp-content\/uploads\/sites\/77\/2023\/12\/DOH_poster_WEB_HR-scaled.jpg","datePublished":"2023-12-05T18:53:46+00:00","dateModified":"2024-01-15T15:25:07+00:00","description":"Days of Happiness - Emma, conductor, must face her emotions and decide if she wants to succeed in her career and her relationship with Na\u00eblle.","breadcrumb":{"@id":"https:\/\/maison4tiers.com\/maisonnette\/en\/product\/days-of-happiness\/#breadcrumb"},"inLanguage":"en-US","potentialAction":[{"@type":"ReadAction","target":["https:\/\/maison4tiers.com\/maisonnette\/en\/product\/days-of-happiness\/"]}]},{"@type":"ImageObject","inLanguage":"en-US","@id":"https:\/\/maison4tiers.com\/maisonnette\/en\/product\/days-of-happiness\/#primaryimage","url":"https:\/\/maison4tiers.com\/maisonnette\/wp-content\/uploads\/sites\/77\/2023\/12\/DOH_poster_WEB_HR-scaled.jpg","contentUrl":"https:\/\/maison4tiers.com\/maisonnette\/wp-content\/uploads\/sites\/77\/2023\/12\/DOH_poster_WEB_HR-scaled.jpg","width":1772,"height":2560},{"@type":"BreadcrumbList","@id":"https:\/\/maison4tiers.com\/maisonnette\/en\/product\/days-of-happiness\/#breadcrumb","itemListElement":[{"@type":"ListItem","position":1,"name":"Home","item":"https:\/\/maison4tiers.com\/maisonnette\/en\/home\/"},{"@type":"ListItem","position":2,"name":"Movies","item":"https:\/\/maison4tiers.com\/maisonnette\/movies\/"},{"@type":"ListItem","position":3,"name":"Days of Happiness"}]},{"@type":"WebSite","@id":"https:\/\/maison4tiers.com\/maisonnette\/en\/#website","url":"https:\/\/maison4tiers.com\/maisonnette\/en\/","name":"\u00c9crans solidaires","description":"Distribution multiplateforme de films qu\u00e9b\u00e9cois et internationaux","publisher":{"@id":"https:\/\/maison4tiers.com\/maisonnette\/en\/#organization"},"potentialAction":[{"@type":"SearchAction","target":{"@type":"EntryPoint","urlTemplate":"https:\/\/maison4tiers.com\/maisonnette\/en\/?s={search_term_string}"},"query-input":{"@type":"PropertyValueSpecification","valueRequired":true,"valueName":"search_term_string"}}],"inLanguage":"en-US"},{"@type":"Organization","@id":"https:\/\/maison4tiers.com\/maisonnette\/en\/#organization","name":"\u00c9crans solidaires","url":"https:\/\/maison4tiers.com\/maisonnette\/en\/","logo":{"@type":"ImageObject","inLanguage":"en-US","@id":"https:\/\/maison4tiers.com\/maisonnette\/en\/#\/schema\/logo\/image\/","url":"https:\/\/maison4tiers.com\/maisonnette\/wp-content\/uploads\/sites\/77\/2020\/11\/favicon-196.png","contentUrl":"https:\/\/maison4tiers.com\/maisonnette\/wp-content\/uploads\/sites\/77\/2020\/11\/favicon-196.png","width":196,"height":196,"caption":"\u00c9crans solidaires"},"image":{"@id":"https:\/\/maison4tiers.com\/maisonnette\/en\/#\/schema\/logo\/image\/"}}]}},"jetpack_sharing_enabled":true,"_links":{"self":[{"href":"https:\/\/maison4tiers.com\/maisonnette\/en\/wp-json\/wp\/v2\/product\/19752","targetHints":{"allow":["GET"]}}],"collection":[{"href":"https:\/\/maison4tiers.com\/maisonnette\/en\/wp-json\/wp\/v2\/product"}],"about":[{"href":"https:\/\/maison4tiers.com\/maisonnette\/en\/wp-json\/wp\/v2\/types\/product"}],"wp:featuredmedia":[{"embeddable":true,"href":"https:\/\/maison4tiers.com\/maisonnette\/en\/wp-json\/wp\/v2\/media\/19749"}],"wp:attachment":[{"href":"https:\/\/maison4tiers.com\/maisonnette\/en\/wp-json\/wp\/v2\/media?parent=19752"}],"wp:term":[{"taxonomy":"product_brand","embeddable":true,"href":"https:\/\/maison4tiers.com\/maisonnette\/en\/wp-json\/wp\/v2\/product_brand?post=19752"},{"taxonomy":"product_cat","embeddable":true,"href":"https:\/\/maison4tiers.com\/maisonnette\/en\/wp-json\/wp\/v2\/product_cat?post=19752"},{"taxonomy":"product_tag","embeddable":true,"href":"https:\/\/maison4tiers.com\/maisonnette\/en\/wp-json\/wp\/v2\/product_tag?post=19752"}],"curies":[{"name":"wp","href":"https:\/\/api.w.org\/{rel}","templated":true}]}}