{"id":18243,"date":"2023-09-28T14:30:02","date_gmt":"2023-10-02T21:13:52","guid":{"rendered":"https:\/\/maison4tiers.com\/?post_type=product&#038;p=18243"},"modified":"2023-10-10T15:37:58","modified_gmt":"2023-10-10T19:37:58","slug":"a-respectable-woman","status":"publish","type":"product","link":"https:\/\/maison4tiers.com\/maisonnette\/en\/product\/a-respectable-woman\/","title":{"rendered":"A Respectable Woman"},"excerpt":{"rendered":"<h4><strong>NOW AVAILABLE ON DEMAND!<\/strong><\/h4>\n<p>Trois-Rivi\u00e8res, 1930s. A woman separated from her husband for eleven years takes him back into her home after the death of her concubine. He brings with him the three little girls he had from his second union.<\/p>\n<blockquote><p><em>\u00ab Exquisite on a formal level,\u00a0A Respectable Woman\u00a0is perhaps the most accomplished of Bernard \u00c9mond\u2019s films, visually speaking. That&#8217;s saying something.\u00bb<br \/>\n<\/em><a href=\"https:\/\/www.ledevoir.com\/culture\/cinema\/796419\/cinema-une-femme-respectable-tiraillee-entre-desir-et-devoir\" target=\"_blank\" rel=\"noopener\">\u2605\u2605\u2605\u2605<strong>\u00a0\u2013 LE DEVOIR<\/strong><\/a><\/p>\n<p><em>\u00ab The two actors offer performances that are both intense and restrained in A Respectable Woman, a period film transposed to Trois-Rivi\u00e8res in the 1930s. \u00bb<\/em><br \/>\n<a href=\"https:\/\/www.lesoleil.com\/arts\/cinema\/2023\/08\/10\/bernard-emond-presente-emune-femme-respectableem-et-50-nuances-de-sentiments-R6PH6ODZGJAK5PGRJW74OONDRI\/\" target=\"_blank\" rel=\"noopener\"><strong>\u00a0\u2013 LE SOLEIL<\/strong><\/a><\/p>\n<p><em>\u00ab A film that resonates today. \u00bb<\/em><br \/>\n<a href=\"https:\/\/ici.radio-canada.ca\/nouvelle\/1992002\/femme-respectable-premiere-mondiale-helene-florent-bernard-emond\" target=\"_blank\" rel=\"noopener\"><strong>\u2013 RADIO-CANADA<\/strong><\/a><\/p><\/blockquote>\n<p><a href=\"https:\/\/maison4tiers.com\/categorie-produit\/film\/quebecois\/?_ga=2.212334422.355675197.1696274666-2119137250.1661195295\" target=\"_blank\" rel=\"noopener\"><span style=\"text-decoration: underline;\">See other Quebec movies<\/span><\/a><\/p>\n<p>*Only available in Canada<\/p>\n","protected":false},"featured_media":18322,"template":"","meta":{"_acf_changed":false,"_eb_attr":""},"product_brand":[],"product_cat":[143,137,133,106,130,103,126],"product_tag":[924,1010,850,724,855,874,695],"class_list":{"0":"post-18243","1":"product","2":"type-product","3":"status-publish","4":"has-post-thumbnail","6":"product_cat-digital","7":"product_cat-dvd-en","8":"product_cat-allmovies","9":"product_cat-drama","10":"product_cat-fiction-en","11":"product_cat-movie","12":"product_cat-quebec-movie","13":"product_tag-couple-en","14":"product_tag-drama-en","15":"product_tag-drame-en","16":"product_tag-famille-en","17":"product_tag-femme-en","18":"product_tag-hiver-en","19":"product_tag-quebec-en","21":"first","22":"instock","23":"taxable","24":"shipping-taxable","25":"purchasable","26":"product-type-variable","27":"has-default-attributes"},"acf":[],"yoast_head":"<!-- This site is optimized with the Yoast SEO plugin v27.0 - https:\/\/yoast.com\/product\/yoast-seo-wordpress\/ -->\n<title>A Respectable Woman - \u00c9crans solidaires - Watch the movie now!<\/title>\n<meta name=\"description\" content=\"Trois-Rivi\u00e8res, 1930s. A woman separated from her husband for eleven years takes him back into her home after the death of her concubine.\" \/>\n<meta name=\"robots\" content=\"noindex, follow, max-snippet:-1, max-image-preview:large, max-video-preview:-1\" \/>\n<meta property=\"og:locale\" content=\"en_US\" \/>\n<meta property=\"og:type\" content=\"article\" \/>\n<meta property=\"og:title\" content=\"A Respectable Woman\" \/>\n<meta property=\"og:description\" content=\"Trois-Rivi\u00e8res, 1930s. A woman separated from her husband for eleven years takes him back into her home after the death of her concubine. He brings with him the three little girls he had from his second union.\" \/>\n<meta property=\"og:url\" content=\"https:\/\/maison4tiers.com\/maisonnette\/en\/product\/a-respectable-woman\/\" \/>\n<meta property=\"og:site_name\" content=\"\u00c9crans solidaires\" \/>\n<meta property=\"article:modified_time\" content=\"2023-10-10T19:37:58+00:00\" \/>\n<meta property=\"og:image\" content=\"https:\/\/maison4tiers.com\/maisonnette\/wp-content\/uploads\/sites\/77\/2023\/09\/FemmeRespectable_2_27x39_LR-scaled.jpg\" \/>\n\t<meta property=\"og:image:width\" content=\"1772\" \/>\n\t<meta property=\"og:image:height\" content=\"2560\" \/>\n\t<meta property=\"og:image:type\" content=\"image\/jpeg\" \/>\n<meta name=\"twitter:card\" content=\"summary_large_image\" \/>\n<meta name=\"twitter:title\" content=\"A Respectable Woman\" \/>\n<meta name=\"twitter:description\" content=\"Trois-Rivi\u00e8res, 1930s. A woman separated from her husband for eleven years takes him back into her home after the death of her concubine. He brings with him the three little girls he had from his second union.\" \/>\n<meta name=\"twitter:image\" content=\"https:\/\/maison4tiers.com\/maisonnette\/wp-content\/uploads\/sites\/77\/2023\/09\/FemmeRespectable_2_27x39_LR-scaled.jpg\" \/>\n<script type=\"application\/ld+json\" class=\"yoast-schema-graph\">{\"@context\":\"https:\/\/schema.org\",\"@graph\":[{\"@type\":\"WebPage\",\"@id\":\"https:\/\/maison4tiers.com\/maisonnette\/en\/product\/a-respectable-woman\/\",\"url\":\"https:\/\/maison4tiers.com\/maisonnette\/en\/product\/a-respectable-woman\/\",\"name\":\"A Respectable Woman - \u00c9crans solidaires - Watch the movie now!\",\"isPartOf\":{\"@id\":\"https:\/\/maison4tiers.com\/maisonnette\/en\/#website\"},\"primaryImageOfPage\":{\"@id\":\"https:\/\/maison4tiers.com\/maisonnette\/en\/product\/a-respectable-woman\/#primaryimage\"},\"image\":{\"@id\":\"https:\/\/maison4tiers.com\/maisonnette\/en\/product\/a-respectable-woman\/#primaryimage\"},\"thumbnailUrl\":\"https:\/\/maison4tiers.com\/maisonnette\/wp-content\/uploads\/sites\/77\/2023\/09\/RespectableWoman_poster_27x39_LR-scaled.jpg\",\"datePublished\":\"2023-10-02T21:13:52+00:00\",\"dateModified\":\"2023-10-10T19:37:58+00:00\",\"description\":\"Trois-Rivi\u00e8res, 1930s. A woman separated from her husband for eleven years takes him back into her home after the death of her concubine.\",\"breadcrumb\":{\"@id\":\"https:\/\/maison4tiers.com\/maisonnette\/en\/product\/a-respectable-woman\/#breadcrumb\"},\"inLanguage\":\"en-US\",\"potentialAction\":[{\"@type\":\"ReadAction\",\"target\":[\"https:\/\/maison4tiers.com\/maisonnette\/en\/product\/a-respectable-woman\/\"]}]},{\"@type\":\"ImageObject\",\"inLanguage\":\"en-US\",\"@id\":\"https:\/\/maison4tiers.com\/maisonnette\/en\/product\/a-respectable-woman\/#primaryimage\",\"url\":\"https:\/\/maison4tiers.com\/maisonnette\/wp-content\/uploads\/sites\/77\/2023\/09\/RespectableWoman_poster_27x39_LR-scaled.jpg\",\"contentUrl\":\"https:\/\/maison4tiers.com\/maisonnette\/wp-content\/uploads\/sites\/77\/2023\/09\/RespectableWoman_poster_27x39_LR-scaled.jpg\",\"width\":1772,\"height\":2560},{\"@type\":\"BreadcrumbList\",\"@id\":\"https:\/\/maison4tiers.com\/maisonnette\/en\/product\/a-respectable-woman\/#breadcrumb\",\"itemListElement\":[{\"@type\":\"ListItem\",\"position\":1,\"name\":\"Home\",\"item\":\"https:\/\/maison4tiers.com\/maisonnette\/en\/home\/\"},{\"@type\":\"ListItem\",\"position\":2,\"name\":\"Movies\",\"item\":\"https:\/\/maison4tiers.com\/maisonnette\/movies\/\"},{\"@type\":\"ListItem\",\"position\":3,\"name\":\"A Respectable Woman\"}]},{\"@type\":\"WebSite\",\"@id\":\"https:\/\/maison4tiers.com\/maisonnette\/en\/#website\",\"url\":\"https:\/\/maison4tiers.com\/maisonnette\/en\/\",\"name\":\"\u00c9crans solidaires\",\"description\":\"Distribution multiplateforme de films qu\u00e9b\u00e9cois et internationaux\",\"publisher\":{\"@id\":\"https:\/\/maison4tiers.com\/maisonnette\/en\/#organization\"},\"potentialAction\":[{\"@type\":\"SearchAction\",\"target\":{\"@type\":\"EntryPoint\",\"urlTemplate\":\"https:\/\/maison4tiers.com\/maisonnette\/en\/?s={search_term_string}\"},\"query-input\":{\"@type\":\"PropertyValueSpecification\",\"valueRequired\":true,\"valueName\":\"search_term_string\"}}],\"inLanguage\":\"en-US\"},{\"@type\":\"Organization\",\"@id\":\"https:\/\/maison4tiers.com\/maisonnette\/en\/#organization\",\"name\":\"\u00c9crans solidaires\",\"url\":\"https:\/\/maison4tiers.com\/maisonnette\/en\/\",\"logo\":{\"@type\":\"ImageObject\",\"inLanguage\":\"en-US\",\"@id\":\"https:\/\/maison4tiers.com\/maisonnette\/en\/#\/schema\/logo\/image\/\",\"url\":\"https:\/\/maison4tiers.com\/maisonnette\/wp-content\/uploads\/sites\/77\/2020\/11\/favicon-196.png\",\"contentUrl\":\"https:\/\/maison4tiers.com\/maisonnette\/wp-content\/uploads\/sites\/77\/2020\/11\/favicon-196.png\",\"width\":196,\"height\":196,\"caption\":\"\u00c9crans solidaires\"},\"image\":{\"@id\":\"https:\/\/maison4tiers.com\/maisonnette\/en\/#\/schema\/logo\/image\/\"}}]}<\/script>\n<!-- \/ Yoast SEO plugin. -->","yoast_head_json":{"title":"A Respectable Woman - \u00c9crans solidaires - Watch the movie now!","description":"Trois-Rivi\u00e8res, 1930s. A woman separated from her husband for eleven years takes him back into her home after the death of her concubine.","robots":{"index":"noindex","follow":"follow","max-snippet":"max-snippet:-1","max-image-preview":"max-image-preview:large","max-video-preview":"max-video-preview:-1"},"og_locale":"en_US","og_type":"article","og_title":"A Respectable Woman","og_description":"Trois-Rivi\u00e8res, 1930s. A woman separated from her husband for eleven years takes him back into her home after the death of her concubine. He brings with him the three little girls he had from his second union.","og_url":"https:\/\/maison4tiers.com\/maisonnette\/en\/product\/a-respectable-woman\/","og_site_name":"\u00c9crans solidaires","article_modified_time":"2023-10-10T19:37:58+00:00","og_image":[{"width":1772,"height":2560,"url":"https:\/\/maison4tiers.com\/maisonnette\/wp-content\/uploads\/sites\/77\/2023\/09\/FemmeRespectable_2_27x39_LR-scaled.jpg","type":"image\/jpeg"}],"twitter_card":"summary_large_image","twitter_title":"A Respectable Woman","twitter_description":"Trois-Rivi\u00e8res, 1930s. A woman separated from her husband for eleven years takes him back into her home after the death of her concubine. He brings with him the three little girls he had from his second union.","twitter_image":"https:\/\/maison4tiers.com\/maisonnette\/wp-content\/uploads\/sites\/77\/2023\/09\/FemmeRespectable_2_27x39_LR-scaled.jpg","schema":{"@context":"https:\/\/schema.org","@graph":[{"@type":"WebPage","@id":"https:\/\/maison4tiers.com\/maisonnette\/en\/product\/a-respectable-woman\/","url":"https:\/\/maison4tiers.com\/maisonnette\/en\/product\/a-respectable-woman\/","name":"A Respectable Woman - \u00c9crans solidaires - Watch the movie now!","isPartOf":{"@id":"https:\/\/maison4tiers.com\/maisonnette\/en\/#website"},"primaryImageOfPage":{"@id":"https:\/\/maison4tiers.com\/maisonnette\/en\/product\/a-respectable-woman\/#primaryimage"},"image":{"@id":"https:\/\/maison4tiers.com\/maisonnette\/en\/product\/a-respectable-woman\/#primaryimage"},"thumbnailUrl":"https:\/\/maison4tiers.com\/maisonnette\/wp-content\/uploads\/sites\/77\/2023\/09\/RespectableWoman_poster_27x39_LR-scaled.jpg","datePublished":"2023-10-02T21:13:52+00:00","dateModified":"2023-10-10T19:37:58+00:00","description":"Trois-Rivi\u00e8res, 1930s. A woman separated from her husband for eleven years takes him back into her home after the death of her concubine.","breadcrumb":{"@id":"https:\/\/maison4tiers.com\/maisonnette\/en\/product\/a-respectable-woman\/#breadcrumb"},"inLanguage":"en-US","potentialAction":[{"@type":"ReadAction","target":["https:\/\/maison4tiers.com\/maisonnette\/en\/product\/a-respectable-woman\/"]}]},{"@type":"ImageObject","inLanguage":"en-US","@id":"https:\/\/maison4tiers.com\/maisonnette\/en\/product\/a-respectable-woman\/#primaryimage","url":"https:\/\/maison4tiers.com\/maisonnette\/wp-content\/uploads\/sites\/77\/2023\/09\/RespectableWoman_poster_27x39_LR-scaled.jpg","contentUrl":"https:\/\/maison4tiers.com\/maisonnette\/wp-content\/uploads\/sites\/77\/2023\/09\/RespectableWoman_poster_27x39_LR-scaled.jpg","width":1772,"height":2560},{"@type":"BreadcrumbList","@id":"https:\/\/maison4tiers.com\/maisonnette\/en\/product\/a-respectable-woman\/#breadcrumb","itemListElement":[{"@type":"ListItem","position":1,"name":"Home","item":"https:\/\/maison4tiers.com\/maisonnette\/en\/home\/"},{"@type":"ListItem","position":2,"name":"Movies","item":"https:\/\/maison4tiers.com\/maisonnette\/movies\/"},{"@type":"ListItem","position":3,"name":"A Respectable Woman"}]},{"@type":"WebSite","@id":"https:\/\/maison4tiers.com\/maisonnette\/en\/#website","url":"https:\/\/maison4tiers.com\/maisonnette\/en\/","name":"\u00c9crans solidaires","description":"Distribution multiplateforme de films qu\u00e9b\u00e9cois et internationaux","publisher":{"@id":"https:\/\/maison4tiers.com\/maisonnette\/en\/#organization"},"potentialAction":[{"@type":"SearchAction","target":{"@type":"EntryPoint","urlTemplate":"https:\/\/maison4tiers.com\/maisonnette\/en\/?s={search_term_string}"},"query-input":{"@type":"PropertyValueSpecification","valueRequired":true,"valueName":"search_term_string"}}],"inLanguage":"en-US"},{"@type":"Organization","@id":"https:\/\/maison4tiers.com\/maisonnette\/en\/#organization","name":"\u00c9crans solidaires","url":"https:\/\/maison4tiers.com\/maisonnette\/en\/","logo":{"@type":"ImageObject","inLanguage":"en-US","@id":"https:\/\/maison4tiers.com\/maisonnette\/en\/#\/schema\/logo\/image\/","url":"https:\/\/maison4tiers.com\/maisonnette\/wp-content\/uploads\/sites\/77\/2020\/11\/favicon-196.png","contentUrl":"https:\/\/maison4tiers.com\/maisonnette\/wp-content\/uploads\/sites\/77\/2020\/11\/favicon-196.png","width":196,"height":196,"caption":"\u00c9crans solidaires"},"image":{"@id":"https:\/\/maison4tiers.com\/maisonnette\/en\/#\/schema\/logo\/image\/"}}]}},"jetpack_sharing_enabled":true,"_links":{"self":[{"href":"https:\/\/maison4tiers.com\/maisonnette\/en\/wp-json\/wp\/v2\/product\/18243","targetHints":{"allow":["GET"]}}],"collection":[{"href":"https:\/\/maison4tiers.com\/maisonnette\/en\/wp-json\/wp\/v2\/product"}],"about":[{"href":"https:\/\/maison4tiers.com\/maisonnette\/en\/wp-json\/wp\/v2\/types\/product"}],"wp:featuredmedia":[{"embeddable":true,"href":"https:\/\/maison4tiers.com\/maisonnette\/en\/wp-json\/wp\/v2\/media\/18322"}],"wp:attachment":[{"href":"https:\/\/maison4tiers.com\/maisonnette\/en\/wp-json\/wp\/v2\/media?parent=18243"}],"wp:term":[{"taxonomy":"product_brand","embeddable":true,"href":"https:\/\/maison4tiers.com\/maisonnette\/en\/wp-json\/wp\/v2\/product_brand?post=18243"},{"taxonomy":"product_cat","embeddable":true,"href":"https:\/\/maison4tiers.com\/maisonnette\/en\/wp-json\/wp\/v2\/product_cat?post=18243"},{"taxonomy":"product_tag","embeddable":true,"href":"https:\/\/maison4tiers.com\/maisonnette\/en\/wp-json\/wp\/v2\/product_tag?post=18243"}],"curies":[{"name":"wp","href":"https:\/\/api.w.org\/{rel}","templated":true}]}}