{"id":17981,"date":"2022-03-10T15:41:10","date_gmt":"2023-09-21T16:33:02","guid":{"rendered":"https:\/\/maison4tiers.com\/?post_type=product&#038;p=17981"},"modified":"2023-09-21T12:33:06","modified_gmt":"2023-09-21T16:33:06","slug":"babysitter","status":"publish","type":"product","link":"https:\/\/maison4tiers.com\/maisonnette\/en\/product\/babysitter\/","title":{"rendered":"BABYSITTER"},"excerpt":{"rendered":"<h4><strong>NOW AVAILABLE ON DEMAND!<\/strong><\/h4>\n<p>A film directed by Monia Chokri written by Catherine L\u00e9ger based on her play Babysitter<\/p>\n<p>C\u00e9dric loses his job at Ing\u00e9nerie Qu\u00e9bec after making a sexist joke that goes viral. Encouraged by his brother, a right-thinking intellectual, C\u00e9dric begins therapy and writes Sexist Story, a book that aims to be revolutionary and attacks misogyny. Nadine, exasperated by her boyfriend&#8217;s introspection, herself lacking dreams and adrenaline, then lets herself be tempted by the surprising games initiated by the mysterious babysitter. Adapted from the play, the comedy Babysitter delves even further into the unconscious, the desire to dominate others and the drift of the couple.<\/p>\n<blockquote><p>\u00ab Unashamedly embracing genre cinema, to develop an astonishing cinematic premise on modern societal issues<span style=\"font-weight: 400;\">. <\/span>\u00bb <strong>CINEMANIAK\u00a0<\/strong><\/p>\n<p><b>\u2605\u2605\u2605\u2605<\/b><\/p>\n<p>&nbsp;<\/p>\n<p><span style=\"font-weight: 400;\">\u00ab Destabilizing, daring and uncomfortable at times (especially during one particular scene), Babysitter is anything but a complacent film. It certainly makes us think about the uncontrollable and irrational aspect of desire. \u00bb <strong><a href=\"https:\/\/www.lapresse.ca\/cinema\/2022-06-03\/babysitter\/pour-un-feminisme-et-un-desir-tout-en-nuances.php\" target=\"_blank\" rel=\"noopener\">LA PRESSE<\/a><\/strong><\/span><\/p>\n<p>&nbsp;<\/p>\n<p>\u00ab Carried by dialogues which happily challenge sexual stereotypes, Babysitter will not leave anyone indifferent. \u00bb\u00a0 <a href=\"https:\/\/www.ledevoir.com\/culture\/ecrans\/718407\/cinema-babysitter-amy-une-nounou-qui-vous-veut-du-bien\" target=\"_blank\" rel=\"noopener\"><strong>LE DEVOIR<\/strong><\/a><\/p>\n<p>&nbsp;<\/p>\n<p>\u00ab Approached with humor and lightness, the themes of misogyny, feminism and couple intimacy are at the heart of Babysitter. \u00bb<strong><a href=\"https:\/\/ici.radio-canada.ca\/nouvelle\/1888094\/babysitter-film-monia-chokri-sortie-salles-cinema-catherine-leger-theatre\" target=\"_blank\" rel=\"noopener\"> RADIO-CANADA<\/a><\/strong><\/p><\/blockquote>\n<p><strong><a href=\"https:\/\/maison4tiers.com\/categorie-produit\/film\/quebecois\/\" target=\"_blank\" rel=\"noopener\">See other Quebec movies<\/a><\/strong><\/p>\n<p>*Only available in canada<\/p>\n","protected":false},"featured_media":7935,"template":"","meta":{"_acf_changed":false,"_eb_attr":""},"product_brand":[],"product_cat":[108,130,103,126],"product_tag":[921,922,923,721,924,925,827,926,932,476,928,929,930,931],"class_list":{"0":"post-17981","1":"product","2":"type-product","3":"status-publish","4":"has-post-thumbnail","6":"product_cat-comedy","7":"product_cat-fiction-en","8":"product_cat-movie","9":"product_cat-quebec-movie","10":"product_tag-amour-en","11":"product_tag-auteur-en","12":"product_tag-babysitter-en","13":"product_tag-comedie-en","14":"product_tag-couple-en","15":"product_tag-desir-en","16":"product_tag-experimental-en","17":"product_tag-feminisme-en","18":"product_tag-film-dauteur-en-2","19":"product_tag-lgbtq-en","20":"product_tag-love-en","21":"product_tag-monia-chokri-en","22":"product_tag-sexualite-en","23":"product_tag-surrealisme-en","25":"first","26":"instock","27":"taxable","28":"shipping-taxable","29":"purchasable","30":"product-type-variable","31":"has-default-attributes"},"acf":[],"yoast_head":"<!-- This site is optimized with the Yoast SEO plugin v27.0 - https:\/\/yoast.com\/product\/yoast-seo-wordpress\/ -->\n<title>BABYSITTER - \u00c9crans solidaires - Quebec movie - Now available on demand! -<\/title>\n<meta name=\"description\" content=\"Adapted from the play, the comedy Babysitter delves even further into the unconscious, the desire to dominate others and the drift of the couple.\" \/>\n<meta name=\"robots\" content=\"noindex, follow, max-snippet:-1, max-image-preview:large, max-video-preview:-1\" \/>\n<meta property=\"og:locale\" content=\"en_US\" \/>\n<meta property=\"og:type\" content=\"article\" \/>\n<meta property=\"og:title\" content=\"Babysitter\" \/>\n<meta property=\"og:description\" content=\"Adapt\u00e9e de la pi\u00e8ce de th\u00e9\u00e2tre, la com\u00e9die Baby-sitter plonge encore plus loin dans l\u2019inconscient, le d\u00e9sir de dominer l\u2019autre et la d\u00e9rive du couple.\" \/>\n<meta property=\"og:url\" content=\"https:\/\/maison4tiers.com\/maisonnette\/en\/product\/babysitter\/\" \/>\n<meta property=\"og:site_name\" content=\"\u00c9crans solidaires\" \/>\n<meta property=\"article:modified_time\" content=\"2023-09-21T16:33:06+00:00\" \/>\n<meta property=\"og:image\" content=\"https:\/\/maison4tiers.com\/maisonnette\/wp-content\/uploads\/sites\/77\/2022\/03\/BABYSITTER_affiche_3juin_web-scaled.jpg\" \/>\n\t<meta property=\"og:image:width\" content=\"1772\" \/>\n\t<meta property=\"og:image:height\" content=\"2560\" \/>\n\t<meta property=\"og:image:type\" content=\"image\/jpeg\" \/>\n<meta name=\"twitter:card\" content=\"summary_large_image\" \/>\n<meta name=\"twitter:title\" content=\"Babysitter\" \/>\n<meta name=\"twitter:description\" content=\"Adapt\u00e9e de la pi\u00e8ce de th\u00e9\u00e2tre, la com\u00e9die Baby-sitter plonge encore plus loin dans l\u2019inconscient, le d\u00e9sir de dominer l\u2019autre et la d\u00e9rive du couple.\" \/>\n<meta name=\"twitter:image\" content=\"https:\/\/maison4tiers.com\/maisonnette\/wp-content\/uploads\/sites\/77\/2022\/03\/BABYSITTER_affiche_3juin_web-scaled.jpg\" \/>\n<script type=\"application\/ld+json\" class=\"yoast-schema-graph\">{\"@context\":\"https:\/\/schema.org\",\"@graph\":[{\"@type\":\"WebPage\",\"@id\":\"https:\/\/maison4tiers.com\/maisonnette\/en\/product\/babysitter\/\",\"url\":\"https:\/\/maison4tiers.com\/maisonnette\/en\/product\/babysitter\/\",\"name\":\"BABYSITTER - \u00c9crans solidaires - Quebec movie - Now available on demand! -\",\"isPartOf\":{\"@id\":\"https:\/\/maison4tiers.com\/maisonnette\/en\/#website\"},\"primaryImageOfPage\":{\"@id\":\"https:\/\/maison4tiers.com\/maisonnette\/en\/product\/babysitter\/#primaryimage\"},\"image\":{\"@id\":\"https:\/\/maison4tiers.com\/maisonnette\/en\/product\/babysitter\/#primaryimage\"},\"thumbnailUrl\":\"https:\/\/maison4tiers.com\/maisonnette\/wp-content\/uploads\/sites\/77\/2022\/03\/BABYSITTER_affiche_WEB_3juin-scaled.jpg\",\"datePublished\":\"2023-09-21T16:33:02+00:00\",\"dateModified\":\"2023-09-21T16:33:06+00:00\",\"description\":\"Adapted from the play, the comedy Babysitter delves even further into the unconscious, the desire to dominate others and the drift of the couple.\",\"breadcrumb\":{\"@id\":\"https:\/\/maison4tiers.com\/maisonnette\/en\/product\/babysitter\/#breadcrumb\"},\"inLanguage\":\"en-US\",\"potentialAction\":[{\"@type\":\"ReadAction\",\"target\":[\"https:\/\/maison4tiers.com\/maisonnette\/en\/product\/babysitter\/\"]}]},{\"@type\":\"ImageObject\",\"inLanguage\":\"en-US\",\"@id\":\"https:\/\/maison4tiers.com\/maisonnette\/en\/product\/babysitter\/#primaryimage\",\"url\":\"https:\/\/maison4tiers.com\/maisonnette\/wp-content\/uploads\/sites\/77\/2022\/03\/BABYSITTER_affiche_WEB_3juin-scaled.jpg\",\"contentUrl\":\"https:\/\/maison4tiers.com\/maisonnette\/wp-content\/uploads\/sites\/77\/2022\/03\/BABYSITTER_affiche_WEB_3juin-scaled.jpg\",\"width\":1772,\"height\":2560,\"caption\":\"Babysitter\"},{\"@type\":\"BreadcrumbList\",\"@id\":\"https:\/\/maison4tiers.com\/maisonnette\/en\/product\/babysitter\/#breadcrumb\",\"itemListElement\":[{\"@type\":\"ListItem\",\"position\":1,\"name\":\"Home\",\"item\":\"https:\/\/maison4tiers.com\/maisonnette\/en\/home\/\"},{\"@type\":\"ListItem\",\"position\":2,\"name\":\"Movies\",\"item\":\"https:\/\/maison4tiers.com\/maisonnette\/movies\/\"},{\"@type\":\"ListItem\",\"position\":3,\"name\":\"BABYSITTER\"}]},{\"@type\":\"WebSite\",\"@id\":\"https:\/\/maison4tiers.com\/maisonnette\/en\/#website\",\"url\":\"https:\/\/maison4tiers.com\/maisonnette\/en\/\",\"name\":\"\u00c9crans solidaires\",\"description\":\"Distribution multiplateforme de films qu\u00e9b\u00e9cois et internationaux\",\"publisher\":{\"@id\":\"https:\/\/maison4tiers.com\/maisonnette\/en\/#organization\"},\"potentialAction\":[{\"@type\":\"SearchAction\",\"target\":{\"@type\":\"EntryPoint\",\"urlTemplate\":\"https:\/\/maison4tiers.com\/maisonnette\/en\/?s={search_term_string}\"},\"query-input\":{\"@type\":\"PropertyValueSpecification\",\"valueRequired\":true,\"valueName\":\"search_term_string\"}}],\"inLanguage\":\"en-US\"},{\"@type\":\"Organization\",\"@id\":\"https:\/\/maison4tiers.com\/maisonnette\/en\/#organization\",\"name\":\"\u00c9crans solidaires\",\"url\":\"https:\/\/maison4tiers.com\/maisonnette\/en\/\",\"logo\":{\"@type\":\"ImageObject\",\"inLanguage\":\"en-US\",\"@id\":\"https:\/\/maison4tiers.com\/maisonnette\/en\/#\/schema\/logo\/image\/\",\"url\":\"https:\/\/maison4tiers.com\/maisonnette\/wp-content\/uploads\/sites\/77\/2020\/11\/favicon-196.png\",\"contentUrl\":\"https:\/\/maison4tiers.com\/maisonnette\/wp-content\/uploads\/sites\/77\/2020\/11\/favicon-196.png\",\"width\":196,\"height\":196,\"caption\":\"\u00c9crans solidaires\"},\"image\":{\"@id\":\"https:\/\/maison4tiers.com\/maisonnette\/en\/#\/schema\/logo\/image\/\"}}]}<\/script>\n<!-- \/ Yoast SEO plugin. -->","yoast_head_json":{"title":"BABYSITTER - \u00c9crans solidaires - Quebec movie - Now available on demand! -","description":"Adapted from the play, the comedy Babysitter delves even further into the unconscious, the desire to dominate others and the drift of the couple.","robots":{"index":"noindex","follow":"follow","max-snippet":"max-snippet:-1","max-image-preview":"max-image-preview:large","max-video-preview":"max-video-preview:-1"},"og_locale":"en_US","og_type":"article","og_title":"Babysitter","og_description":"Adapt\u00e9e de la pi\u00e8ce de th\u00e9\u00e2tre, la com\u00e9die Baby-sitter plonge encore plus loin dans l\u2019inconscient, le d\u00e9sir de dominer l\u2019autre et la d\u00e9rive du couple.","og_url":"https:\/\/maison4tiers.com\/maisonnette\/en\/product\/babysitter\/","og_site_name":"\u00c9crans solidaires","article_modified_time":"2023-09-21T16:33:06+00:00","og_image":[{"width":1772,"height":2560,"url":"https:\/\/maison4tiers.com\/maisonnette\/wp-content\/uploads\/sites\/77\/2022\/03\/BABYSITTER_affiche_3juin_web-scaled.jpg","type":"image\/jpeg"}],"twitter_card":"summary_large_image","twitter_title":"Babysitter","twitter_description":"Adapt\u00e9e de la pi\u00e8ce de th\u00e9\u00e2tre, la com\u00e9die Baby-sitter plonge encore plus loin dans l\u2019inconscient, le d\u00e9sir de dominer l\u2019autre et la d\u00e9rive du couple.","twitter_image":"https:\/\/maison4tiers.com\/maisonnette\/wp-content\/uploads\/sites\/77\/2022\/03\/BABYSITTER_affiche_3juin_web-scaled.jpg","schema":{"@context":"https:\/\/schema.org","@graph":[{"@type":"WebPage","@id":"https:\/\/maison4tiers.com\/maisonnette\/en\/product\/babysitter\/","url":"https:\/\/maison4tiers.com\/maisonnette\/en\/product\/babysitter\/","name":"BABYSITTER - \u00c9crans solidaires - Quebec movie - Now available on demand! -","isPartOf":{"@id":"https:\/\/maison4tiers.com\/maisonnette\/en\/#website"},"primaryImageOfPage":{"@id":"https:\/\/maison4tiers.com\/maisonnette\/en\/product\/babysitter\/#primaryimage"},"image":{"@id":"https:\/\/maison4tiers.com\/maisonnette\/en\/product\/babysitter\/#primaryimage"},"thumbnailUrl":"https:\/\/maison4tiers.com\/maisonnette\/wp-content\/uploads\/sites\/77\/2022\/03\/BABYSITTER_affiche_WEB_3juin-scaled.jpg","datePublished":"2023-09-21T16:33:02+00:00","dateModified":"2023-09-21T16:33:06+00:00","description":"Adapted from the play, the comedy Babysitter delves even further into the unconscious, the desire to dominate others and the drift of the couple.","breadcrumb":{"@id":"https:\/\/maison4tiers.com\/maisonnette\/en\/product\/babysitter\/#breadcrumb"},"inLanguage":"en-US","potentialAction":[{"@type":"ReadAction","target":["https:\/\/maison4tiers.com\/maisonnette\/en\/product\/babysitter\/"]}]},{"@type":"ImageObject","inLanguage":"en-US","@id":"https:\/\/maison4tiers.com\/maisonnette\/en\/product\/babysitter\/#primaryimage","url":"https:\/\/maison4tiers.com\/maisonnette\/wp-content\/uploads\/sites\/77\/2022\/03\/BABYSITTER_affiche_WEB_3juin-scaled.jpg","contentUrl":"https:\/\/maison4tiers.com\/maisonnette\/wp-content\/uploads\/sites\/77\/2022\/03\/BABYSITTER_affiche_WEB_3juin-scaled.jpg","width":1772,"height":2560,"caption":"Babysitter"},{"@type":"BreadcrumbList","@id":"https:\/\/maison4tiers.com\/maisonnette\/en\/product\/babysitter\/#breadcrumb","itemListElement":[{"@type":"ListItem","position":1,"name":"Home","item":"https:\/\/maison4tiers.com\/maisonnette\/en\/home\/"},{"@type":"ListItem","position":2,"name":"Movies","item":"https:\/\/maison4tiers.com\/maisonnette\/movies\/"},{"@type":"ListItem","position":3,"name":"BABYSITTER"}]},{"@type":"WebSite","@id":"https:\/\/maison4tiers.com\/maisonnette\/en\/#website","url":"https:\/\/maison4tiers.com\/maisonnette\/en\/","name":"\u00c9crans solidaires","description":"Distribution multiplateforme de films qu\u00e9b\u00e9cois et internationaux","publisher":{"@id":"https:\/\/maison4tiers.com\/maisonnette\/en\/#organization"},"potentialAction":[{"@type":"SearchAction","target":{"@type":"EntryPoint","urlTemplate":"https:\/\/maison4tiers.com\/maisonnette\/en\/?s={search_term_string}"},"query-input":{"@type":"PropertyValueSpecification","valueRequired":true,"valueName":"search_term_string"}}],"inLanguage":"en-US"},{"@type":"Organization","@id":"https:\/\/maison4tiers.com\/maisonnette\/en\/#organization","name":"\u00c9crans solidaires","url":"https:\/\/maison4tiers.com\/maisonnette\/en\/","logo":{"@type":"ImageObject","inLanguage":"en-US","@id":"https:\/\/maison4tiers.com\/maisonnette\/en\/#\/schema\/logo\/image\/","url":"https:\/\/maison4tiers.com\/maisonnette\/wp-content\/uploads\/sites\/77\/2020\/11\/favicon-196.png","contentUrl":"https:\/\/maison4tiers.com\/maisonnette\/wp-content\/uploads\/sites\/77\/2020\/11\/favicon-196.png","width":196,"height":196,"caption":"\u00c9crans solidaires"},"image":{"@id":"https:\/\/maison4tiers.com\/maisonnette\/en\/#\/schema\/logo\/image\/"}}]}},"jetpack_sharing_enabled":true,"_links":{"self":[{"href":"https:\/\/maison4tiers.com\/maisonnette\/en\/wp-json\/wp\/v2\/product\/17981","targetHints":{"allow":["GET"]}}],"collection":[{"href":"https:\/\/maison4tiers.com\/maisonnette\/en\/wp-json\/wp\/v2\/product"}],"about":[{"href":"https:\/\/maison4tiers.com\/maisonnette\/en\/wp-json\/wp\/v2\/types\/product"}],"wp:featuredmedia":[{"embeddable":true,"href":"https:\/\/maison4tiers.com\/maisonnette\/en\/wp-json\/wp\/v2\/media\/7935"}],"wp:attachment":[{"href":"https:\/\/maison4tiers.com\/maisonnette\/en\/wp-json\/wp\/v2\/media?parent=17981"}],"wp:term":[{"taxonomy":"product_brand","embeddable":true,"href":"https:\/\/maison4tiers.com\/maisonnette\/en\/wp-json\/wp\/v2\/product_brand?post=17981"},{"taxonomy":"product_cat","embeddable":true,"href":"https:\/\/maison4tiers.com\/maisonnette\/en\/wp-json\/wp\/v2\/product_cat?post=17981"},{"taxonomy":"product_tag","embeddable":true,"href":"https:\/\/maison4tiers.com\/maisonnette\/en\/wp-json\/wp\/v2\/product_tag?post=17981"}],"curies":[{"name":"wp","href":"https:\/\/api.w.org\/{rel}","templated":true}]}}