{"id":17722,"date":"2023-08-29T14:50:06","date_gmt":"2023-08-31T21:18:55","guid":{"rendered":"https:\/\/maison4tiers.com\/?post_type=product&#038;p=17722"},"modified":"2023-08-31T17:22:12","modified_gmt":"2023-08-31T21:22:12","slug":"companions","status":"publish","type":"product","link":"https:\/\/maison4tiers.com\/maisonnette\/en\/product\/companions\/","title":{"rendered":"Companions"},"excerpt":{"rendered":"<p>At 19, passionate about street art, Na\u00eblle is forced to follow a reintegration project with other young people, her last chance to avoid being separated from her loved ones. Touched by the young girl, H\u00e9l\u00e8ne, the site manager, introduces her one day to the Compagnons de Nantes house, a world of traditions that promotes craftsmanship excellence and transmission between generations. Alongside Paul, a companion stained glass artist who agrees to take her for training in his studio, Na\u00eblle discovers a universe with codes very different from hers&#8230; which, despite the difficulties, could give new meaning to her life.<\/p>\n<blockquote><p><em>\u00ab There is a lot of joy in watching this film which exposes, with as much naivety as accuracy, an urgent desire to live together. \u00bb<br \/>\n<\/em><a href=\"https:\/\/www.allocine.fr\/film\/fichefilm_gen_cfilm=285065.html\" target=\"_blank\" rel=\"noopener\">\u2605\u2605\u2605\u2605<strong>\u00a0\u2013 ALLOCIN\u00c9<\/strong><\/a><\/p>\n<p><a href=\"https:\/\/www.senscritique.com\/film\/compagnons\/44292711\" target=\"_blank\" rel=\"noopener\">\u2605\u2605\u2605<strong> \u2013 SENS CRITIQUE<\/strong><\/a><\/p><\/blockquote>\n<p><a href=\"https:\/\/maison4tiers.com\/categorie-produit\/film\/societe\/?_ga=2.199884909.234387812.1693512355-2119137250.1661195295\" target=\"_blank\" rel=\"noopener\"><span style=\"text-decoration: underline;\">See other society movies<\/span><\/a><\/p>\n<p>*Only available in Canada<\/p>\n","protected":false},"featured_media":17713,"template":"","meta":{"_acf_changed":false,"_eb_attr":""},"product_brand":[],"product_cat":[143,133,106,130,103,127,128],"product_tag":[915,904,829,913,914,901,900,912,910,902,909,916,911,908,903,905,919,920,506,906,917,918,907],"class_list":{"0":"post-17722","1":"product","2":"type-product","3":"status-publish","4":"has-post-thumbnail","6":"product_cat-digital","7":"product_cat-allmovies","8":"product_cat-drama","9":"product_cat-fiction-en","10":"product_cat-movie","11":"product_cat-reflexion-en","12":"product_cat-society","13":"product_tag-adolescence-en","14":"product_tag-agnes-jaoui-en","15":"product_tag-art-en","16":"product_tag-cie-en","17":"product_tag-cites-en","18":"product_tag-compagnon-en","19":"product_tag-compagnons-en","20":"product_tag-emploi-en","21":"product_tag-france-en","22":"product_tag-francois-favrat-en","23":"product_tag-kevin-boudeau-en","24":"product_tag-mentorat-en","25":"product_tag-metier-en","26":"product_tag-mouad-habrani-en","27":"product_tag-najaa-en","28":"product_tag-pio-marmai-en","29":"product_tag-rosace-en","30":"product_tag-rosaces-en","31":"product_tag-societe-en","32":"product_tag-soriba-dabo-en","33":"product_tag-vitrail-en","34":"product_tag-vitraux-en","35":"product_tag-youssouf-wague-en","37":"first","38":"instock","39":"taxable","40":"shipping-taxable","41":"purchasable","42":"product-type-variable","43":"has-default-attributes"},"acf":[],"yoast_head":"<!-- This site is optimized with the Yoast SEO plugin v27.0 - https:\/\/yoast.com\/product\/yoast-seo-wordpress\/ -->\n<title>Companions - \u00c9crans solidaires - Watch the movie of Fran\u00e7ois Favrat now!<\/title>\n<meta name=\"description\" content=\"Companions - Na\u00eblle is forced to follow a reintegration project with other young people, her last chance to avoid being separated from her loved ones.\" \/>\n<meta name=\"robots\" content=\"noindex, follow, max-snippet:-1, max-image-preview:large, max-video-preview:-1\" \/>\n<meta property=\"og:locale\" content=\"en_US\" \/>\n<meta property=\"og:type\" content=\"article\" \/>\n<meta property=\"og:title\" content=\"Companions\" \/>\n<meta property=\"og:description\" content=\"At 19, passionate about street art, Na\u00eblle is forced to follow a reintegration project with other young people, her last chance to avoid being separated from her loved ones. Touched by the young girl, H\u00e9l\u00e8ne, the site manager, introduces her one day to the Compagnons de Nantes house, a world of traditions that promotes craftsmanship excellence and transmission between generations. Alongside Paul, a companion stained glass artist who agrees to take her for training in his studio, Na\u00eblle discovers a universe with codes very different from hers... which, despite the difficulties, could give new meaning to her life.\" \/>\n<meta property=\"og:url\" content=\"https:\/\/maison4tiers.com\/maisonnette\/en\/product\/companions\/\" \/>\n<meta property=\"og:site_name\" content=\"\u00c9crans solidaires\" \/>\n<meta property=\"article:modified_time\" content=\"2023-08-31T21:22:12+00:00\" \/>\n<meta property=\"og:image\" content=\"https:\/\/maison4tiers.com\/maisonnette\/wp-content\/uploads\/sites\/77\/2023\/08\/Compagnons_affiche_27x39_HR-scaled.jpg\" \/>\n\t<meta property=\"og:image:width\" content=\"1772\" \/>\n\t<meta property=\"og:image:height\" content=\"2560\" \/>\n\t<meta property=\"og:image:type\" content=\"image\/jpeg\" \/>\n<meta name=\"twitter:card\" content=\"summary_large_image\" \/>\n<meta name=\"twitter:title\" content=\"Companions\" \/>\n<meta name=\"twitter:description\" content=\"At 19, passionate about street art, Na\u00eblle is forced to follow a reintegration project with other young people, her last chance to avoid being separated from her loved ones. Touched by the young girl, H\u00e9l\u00e8ne, the site manager, introduces her one day to the Compagnons de Nantes house, a world of traditions that promotes craftsmanship excellence and transmission between generations. Alongside Paul, a companion stained glass artist who agrees to take her for training in his studio, Na\u00eblle discovers a universe with codes very different from hers... which, despite the difficulties, could give new meaning to her life.\" \/>\n<meta name=\"twitter:image\" content=\"https:\/\/maison4tiers.com\/maisonnette\/wp-content\/uploads\/sites\/77\/2023\/08\/Compagnons_affiche_27x39_HR-scaled.jpg\" \/>\n<script type=\"application\/ld+json\" class=\"yoast-schema-graph\">{\"@context\":\"https:\/\/schema.org\",\"@graph\":[{\"@type\":\"WebPage\",\"@id\":\"https:\/\/maison4tiers.com\/maisonnette\/en\/product\/companions\/\",\"url\":\"https:\/\/maison4tiers.com\/maisonnette\/en\/product\/companions\/\",\"name\":\"Companions - \u00c9crans solidaires - Watch the movie of Fran\u00e7ois Favrat now!\",\"isPartOf\":{\"@id\":\"https:\/\/maison4tiers.com\/maisonnette\/en\/#website\"},\"primaryImageOfPage\":{\"@id\":\"https:\/\/maison4tiers.com\/maisonnette\/en\/product\/companions\/#primaryimage\"},\"image\":{\"@id\":\"https:\/\/maison4tiers.com\/maisonnette\/en\/product\/companions\/#primaryimage\"},\"thumbnailUrl\":\"https:\/\/maison4tiers.com\/maisonnette\/wp-content\/uploads\/sites\/77\/2023\/08\/Compagnons_affiche_27x39_HR-scaled.jpg\",\"datePublished\":\"2023-08-31T21:18:55+00:00\",\"dateModified\":\"2023-08-31T21:22:12+00:00\",\"description\":\"Companions - Na\u00eblle is forced to follow a reintegration project with other young people, her last chance to avoid being separated from her loved ones.\",\"breadcrumb\":{\"@id\":\"https:\/\/maison4tiers.com\/maisonnette\/en\/product\/companions\/#breadcrumb\"},\"inLanguage\":\"en-US\",\"potentialAction\":[{\"@type\":\"ReadAction\",\"target\":[\"https:\/\/maison4tiers.com\/maisonnette\/en\/product\/companions\/\"]}]},{\"@type\":\"ImageObject\",\"inLanguage\":\"en-US\",\"@id\":\"https:\/\/maison4tiers.com\/maisonnette\/en\/product\/companions\/#primaryimage\",\"url\":\"https:\/\/maison4tiers.com\/maisonnette\/wp-content\/uploads\/sites\/77\/2023\/08\/Compagnons_affiche_27x39_HR-scaled.jpg\",\"contentUrl\":\"https:\/\/maison4tiers.com\/maisonnette\/wp-content\/uploads\/sites\/77\/2023\/08\/Compagnons_affiche_27x39_HR-scaled.jpg\",\"width\":1772,\"height\":2560},{\"@type\":\"BreadcrumbList\",\"@id\":\"https:\/\/maison4tiers.com\/maisonnette\/en\/product\/companions\/#breadcrumb\",\"itemListElement\":[{\"@type\":\"ListItem\",\"position\":1,\"name\":\"Home\",\"item\":\"https:\/\/maison4tiers.com\/maisonnette\/en\/home\/\"},{\"@type\":\"ListItem\",\"position\":2,\"name\":\"Movies\",\"item\":\"https:\/\/maison4tiers.com\/maisonnette\/movies\/\"},{\"@type\":\"ListItem\",\"position\":3,\"name\":\"Companions\"}]},{\"@type\":\"WebSite\",\"@id\":\"https:\/\/maison4tiers.com\/maisonnette\/en\/#website\",\"url\":\"https:\/\/maison4tiers.com\/maisonnette\/en\/\",\"name\":\"\u00c9crans solidaires\",\"description\":\"Distribution multiplateforme de films qu\u00e9b\u00e9cois et internationaux\",\"publisher\":{\"@id\":\"https:\/\/maison4tiers.com\/maisonnette\/en\/#organization\"},\"potentialAction\":[{\"@type\":\"SearchAction\",\"target\":{\"@type\":\"EntryPoint\",\"urlTemplate\":\"https:\/\/maison4tiers.com\/maisonnette\/en\/?s={search_term_string}\"},\"query-input\":{\"@type\":\"PropertyValueSpecification\",\"valueRequired\":true,\"valueName\":\"search_term_string\"}}],\"inLanguage\":\"en-US\"},{\"@type\":\"Organization\",\"@id\":\"https:\/\/maison4tiers.com\/maisonnette\/en\/#organization\",\"name\":\"\u00c9crans solidaires\",\"url\":\"https:\/\/maison4tiers.com\/maisonnette\/en\/\",\"logo\":{\"@type\":\"ImageObject\",\"inLanguage\":\"en-US\",\"@id\":\"https:\/\/maison4tiers.com\/maisonnette\/en\/#\/schema\/logo\/image\/\",\"url\":\"https:\/\/maison4tiers.com\/maisonnette\/wp-content\/uploads\/sites\/77\/2020\/11\/favicon-196.png\",\"contentUrl\":\"https:\/\/maison4tiers.com\/maisonnette\/wp-content\/uploads\/sites\/77\/2020\/11\/favicon-196.png\",\"width\":196,\"height\":196,\"caption\":\"\u00c9crans solidaires\"},\"image\":{\"@id\":\"https:\/\/maison4tiers.com\/maisonnette\/en\/#\/schema\/logo\/image\/\"}}]}<\/script>\n<!-- \/ Yoast SEO plugin. -->","yoast_head_json":{"title":"Companions - \u00c9crans solidaires - Watch the movie of Fran\u00e7ois Favrat now!","description":"Companions - Na\u00eblle is forced to follow a reintegration project with other young people, her last chance to avoid being separated from her loved ones.","robots":{"index":"noindex","follow":"follow","max-snippet":"max-snippet:-1","max-image-preview":"max-image-preview:large","max-video-preview":"max-video-preview:-1"},"og_locale":"en_US","og_type":"article","og_title":"Companions","og_description":"At 19, passionate about street art, Na\u00eblle is forced to follow a reintegration project with other young people, her last chance to avoid being separated from her loved ones. Touched by the young girl, H\u00e9l\u00e8ne, the site manager, introduces her one day to the Compagnons de Nantes house, a world of traditions that promotes craftsmanship excellence and transmission between generations. Alongside Paul, a companion stained glass artist who agrees to take her for training in his studio, Na\u00eblle discovers a universe with codes very different from hers... which, despite the difficulties, could give new meaning to her life.","og_url":"https:\/\/maison4tiers.com\/maisonnette\/en\/product\/companions\/","og_site_name":"\u00c9crans solidaires","article_modified_time":"2023-08-31T21:22:12+00:00","og_image":[{"width":1772,"height":2560,"url":"https:\/\/maison4tiers.com\/maisonnette\/wp-content\/uploads\/sites\/77\/2023\/08\/Compagnons_affiche_27x39_HR-scaled.jpg","type":"image\/jpeg"}],"twitter_card":"summary_large_image","twitter_title":"Companions","twitter_description":"At 19, passionate about street art, Na\u00eblle is forced to follow a reintegration project with other young people, her last chance to avoid being separated from her loved ones. Touched by the young girl, H\u00e9l\u00e8ne, the site manager, introduces her one day to the Compagnons de Nantes house, a world of traditions that promotes craftsmanship excellence and transmission between generations. Alongside Paul, a companion stained glass artist who agrees to take her for training in his studio, Na\u00eblle discovers a universe with codes very different from hers... which, despite the difficulties, could give new meaning to her life.","twitter_image":"https:\/\/maison4tiers.com\/maisonnette\/wp-content\/uploads\/sites\/77\/2023\/08\/Compagnons_affiche_27x39_HR-scaled.jpg","schema":{"@context":"https:\/\/schema.org","@graph":[{"@type":"WebPage","@id":"https:\/\/maison4tiers.com\/maisonnette\/en\/product\/companions\/","url":"https:\/\/maison4tiers.com\/maisonnette\/en\/product\/companions\/","name":"Companions - \u00c9crans solidaires - Watch the movie of Fran\u00e7ois Favrat now!","isPartOf":{"@id":"https:\/\/maison4tiers.com\/maisonnette\/en\/#website"},"primaryImageOfPage":{"@id":"https:\/\/maison4tiers.com\/maisonnette\/en\/product\/companions\/#primaryimage"},"image":{"@id":"https:\/\/maison4tiers.com\/maisonnette\/en\/product\/companions\/#primaryimage"},"thumbnailUrl":"https:\/\/maison4tiers.com\/maisonnette\/wp-content\/uploads\/sites\/77\/2023\/08\/Compagnons_affiche_27x39_HR-scaled.jpg","datePublished":"2023-08-31T21:18:55+00:00","dateModified":"2023-08-31T21:22:12+00:00","description":"Companions - Na\u00eblle is forced to follow a reintegration project with other young people, her last chance to avoid being separated from her loved ones.","breadcrumb":{"@id":"https:\/\/maison4tiers.com\/maisonnette\/en\/product\/companions\/#breadcrumb"},"inLanguage":"en-US","potentialAction":[{"@type":"ReadAction","target":["https:\/\/maison4tiers.com\/maisonnette\/en\/product\/companions\/"]}]},{"@type":"ImageObject","inLanguage":"en-US","@id":"https:\/\/maison4tiers.com\/maisonnette\/en\/product\/companions\/#primaryimage","url":"https:\/\/maison4tiers.com\/maisonnette\/wp-content\/uploads\/sites\/77\/2023\/08\/Compagnons_affiche_27x39_HR-scaled.jpg","contentUrl":"https:\/\/maison4tiers.com\/maisonnette\/wp-content\/uploads\/sites\/77\/2023\/08\/Compagnons_affiche_27x39_HR-scaled.jpg","width":1772,"height":2560},{"@type":"BreadcrumbList","@id":"https:\/\/maison4tiers.com\/maisonnette\/en\/product\/companions\/#breadcrumb","itemListElement":[{"@type":"ListItem","position":1,"name":"Home","item":"https:\/\/maison4tiers.com\/maisonnette\/en\/home\/"},{"@type":"ListItem","position":2,"name":"Movies","item":"https:\/\/maison4tiers.com\/maisonnette\/movies\/"},{"@type":"ListItem","position":3,"name":"Companions"}]},{"@type":"WebSite","@id":"https:\/\/maison4tiers.com\/maisonnette\/en\/#website","url":"https:\/\/maison4tiers.com\/maisonnette\/en\/","name":"\u00c9crans solidaires","description":"Distribution multiplateforme de films qu\u00e9b\u00e9cois et internationaux","publisher":{"@id":"https:\/\/maison4tiers.com\/maisonnette\/en\/#organization"},"potentialAction":[{"@type":"SearchAction","target":{"@type":"EntryPoint","urlTemplate":"https:\/\/maison4tiers.com\/maisonnette\/en\/?s={search_term_string}"},"query-input":{"@type":"PropertyValueSpecification","valueRequired":true,"valueName":"search_term_string"}}],"inLanguage":"en-US"},{"@type":"Organization","@id":"https:\/\/maison4tiers.com\/maisonnette\/en\/#organization","name":"\u00c9crans solidaires","url":"https:\/\/maison4tiers.com\/maisonnette\/en\/","logo":{"@type":"ImageObject","inLanguage":"en-US","@id":"https:\/\/maison4tiers.com\/maisonnette\/en\/#\/schema\/logo\/image\/","url":"https:\/\/maison4tiers.com\/maisonnette\/wp-content\/uploads\/sites\/77\/2020\/11\/favicon-196.png","contentUrl":"https:\/\/maison4tiers.com\/maisonnette\/wp-content\/uploads\/sites\/77\/2020\/11\/favicon-196.png","width":196,"height":196,"caption":"\u00c9crans solidaires"},"image":{"@id":"https:\/\/maison4tiers.com\/maisonnette\/en\/#\/schema\/logo\/image\/"}}]}},"jetpack_sharing_enabled":true,"_links":{"self":[{"href":"https:\/\/maison4tiers.com\/maisonnette\/en\/wp-json\/wp\/v2\/product\/17722","targetHints":{"allow":["GET"]}}],"collection":[{"href":"https:\/\/maison4tiers.com\/maisonnette\/en\/wp-json\/wp\/v2\/product"}],"about":[{"href":"https:\/\/maison4tiers.com\/maisonnette\/en\/wp-json\/wp\/v2\/types\/product"}],"wp:featuredmedia":[{"embeddable":true,"href":"https:\/\/maison4tiers.com\/maisonnette\/en\/wp-json\/wp\/v2\/media\/17713"}],"wp:attachment":[{"href":"https:\/\/maison4tiers.com\/maisonnette\/en\/wp-json\/wp\/v2\/media?parent=17722"}],"wp:term":[{"taxonomy":"product_brand","embeddable":true,"href":"https:\/\/maison4tiers.com\/maisonnette\/en\/wp-json\/wp\/v2\/product_brand?post=17722"},{"taxonomy":"product_cat","embeddable":true,"href":"https:\/\/maison4tiers.com\/maisonnette\/en\/wp-json\/wp\/v2\/product_cat?post=17722"},{"taxonomy":"product_tag","embeddable":true,"href":"https:\/\/maison4tiers.com\/maisonnette\/en\/wp-json\/wp\/v2\/product_tag?post=17722"}],"curies":[{"name":"wp","href":"https:\/\/api.w.org\/{rel}","templated":true}]}}