{"id":12630,"date":"2023-01-31T11:37:57","date_gmt":"2023-03-02T19:08:50","guid":{"rendered":"https:\/\/maison4tiers.com\/?post_type=product&#038;p=12630"},"modified":"2023-03-02T15:20:02","modified_gmt":"2023-03-02T19:20:02","slug":"origin-of-evil","status":"publish","type":"product","link":"https:\/\/maison4tiers.com\/maisonnette\/en\/product\/origin-of-evil\/","title":{"rendered":"Origin of Evil"},"excerpt":{"rendered":"<h4><strong>NOW AVAILABLE ON DEMAND!<\/strong><\/h4>\n<p>In a luxurious villa by the sea, a modest young woman finds a strange family: an unknown and very rich father, his whimsical wife, his daughter, an ambitious businesswoman, a rebellious teenager and a disturbing servant. Someone is lying. Between suspicions and lies, mystery sets in and evil spreads&#8230;<\/p>\n<p>&nbsp;<\/p>\n<blockquote><p><em>\u00ab One of the best french movies of the year.\u00bb<\/em><br \/>\n<strong>\u00a0<a href=\"https:\/\/www.parismatch.com\/culture\/cinema\/lorigine-du-mal-de-sebastien-marnier-la-critique-et-la-bande-annonce-217062\" target=\"_blank\" rel=\"noopener\">\u2013 PARIS MATCH<\/a><\/strong><\/p>\n<p><a href=\"https:\/\/www.lapresse.ca\/cinema\/2022-09-02\/la-presse-a-la-79e-mostra-de-venise\/vus-a-venise.php\" target=\"_blank\" rel=\"noopener\">\u2605\u2605\u2605\u00bd<strong>\u00a0\u2013 LA PRESSE<\/strong><\/a><\/p>\n<p><a href=\"https:\/\/www.lesoleil.com\/2023\/01\/12\/le-foisonnant-et-inclassable-suspense-de-lorigine-du-malvideo-a583bb60c3c7cc047b34f7c367b7caec\" target=\"_blank\" rel=\"noopener\">\u2605\u2605\u2605\u00bd<strong>\u00a0\u2013 LE SOLEIL<\/strong><\/a><\/p><\/blockquote>\n<p><a href=\"https:\/\/maison4tiers.com\/categorie-produit\/film\/quebecois\/\" target=\"_blank\" rel=\"noopener\">See other quebec films<\/a><\/p>\n<p>*Disponible au Canada seulement<\/p>\n","protected":false},"featured_media":10569,"template":"","meta":{"_acf_changed":false,"_eb_attr":""},"product_brand":[],"product_cat":[143,137,133,106,130,103,126,128],"product_tag":[475,469,470,473,468,474,466,476,718,465,471,467,472],"class_list":{"0":"post-12630","1":"product","2":"type-product","3":"status-publish","4":"has-post-thumbnail","6":"product_cat-digital","7":"product_cat-dvd-en","8":"product_cat-allmovies","9":"product_cat-drama","10":"product_cat-fiction-en","11":"product_cat-movie","12":"product_cat-quebec-movie","13":"product_cat-society","14":"product_tag-agatha-christie-en","15":"product_tag-dominique-blanc-en","16":"product_tag-doria-tillier-en","17":"product_tag-fortune-en","18":"product_tag-jacques-weber-en","19":"product_tag-justice-en","20":"product_tag-laure-calamy-en","21":"product_tag-lgbtq-en","22":"product_tag-policier-en","23":"product_tag-sebastien-marnier-en","24":"product_tag-suspense-en","25":"product_tag-suzanne-clement-en","26":"product_tag-thriller-en","28":"first","29":"instock","30":"taxable","31":"shipping-taxable","32":"purchasable","33":"product-type-variable","34":"has-default-attributes"},"acf":[],"yoast_head":"<!-- This site is optimized with the Yoast SEO plugin v27.0 - https:\/\/yoast.com\/product\/yoast-seo-wordpress\/ -->\n<title>Origin of Evil - \u00c9crans solidaires - Now available on demand!<\/title>\n<meta name=\"description\" content=\"Maisonnette is a 100% Quebec independent film distribution company offering a variety of quality Quebec and international feature films.\" \/>\n<meta name=\"robots\" content=\"noindex, follow, max-snippet:-1, max-image-preview:large, max-video-preview:-1\" \/>\n<meta property=\"og:locale\" content=\"en_US\" \/>\n<meta property=\"og:type\" content=\"article\" \/>\n<meta property=\"og:title\" content=\"Origin of Evil\" \/>\n<meta property=\"og:description\" content=\"Maisonnette is a 100% Quebec independent film distribution company offering a variety of quality Quebec and international feature films.\" \/>\n<meta property=\"og:url\" content=\"https:\/\/maison4tiers.com\/maisonnette\/en\/product\/origin-of-evil\/\" \/>\n<meta property=\"og:site_name\" content=\"\u00c9crans solidaires\" \/>\n<meta property=\"article:modified_time\" content=\"2023-03-02T19:20:02+00:00\" \/>\n<meta property=\"og:image\" content=\"https:\/\/maison4tiers.com\/maisonnette\/wp-content\/uploads\/sites\/77\/2022\/11\/OriginEvil_WEB_HR_jan13-scaled.jpg\" \/>\n\t<meta property=\"og:image:width\" content=\"1772\" \/>\n\t<meta property=\"og:image:height\" content=\"2560\" \/>\n\t<meta property=\"og:image:type\" content=\"image\/jpeg\" \/>\n<meta name=\"twitter:card\" content=\"summary_large_image\" \/>\n<meta name=\"twitter:title\" content=\"Origin of Evil\" \/>\n<meta name=\"twitter:description\" content=\"Maisonnette is a 100% Quebec independent film distribution company offering a variety of quality Quebec and international feature films.\" \/>\n<meta name=\"twitter:image\" content=\"https:\/\/maison4tiers.com\/maisonnette\/wp-content\/uploads\/sites\/77\/2022\/11\/OriginEvil_WEB_HR_jan13-scaled.jpg\" \/>\n<script type=\"application\/ld+json\" class=\"yoast-schema-graph\">{\"@context\":\"https:\/\/schema.org\",\"@graph\":[{\"@type\":\"WebPage\",\"@id\":\"https:\/\/maison4tiers.com\/maisonnette\/en\/product\/origin-of-evil\/\",\"url\":\"https:\/\/maison4tiers.com\/maisonnette\/en\/product\/origin-of-evil\/\",\"name\":\"Origin of Evil - \u00c9crans solidaires - Now available on demand!\",\"isPartOf\":{\"@id\":\"https:\/\/maison4tiers.com\/maisonnette\/en\/#website\"},\"primaryImageOfPage\":{\"@id\":\"https:\/\/maison4tiers.com\/maisonnette\/en\/product\/origin-of-evil\/#primaryimage\"},\"image\":{\"@id\":\"https:\/\/maison4tiers.com\/maisonnette\/en\/product\/origin-of-evil\/#primaryimage\"},\"thumbnailUrl\":\"https:\/\/maison4tiers.com\/maisonnette\/wp-content\/uploads\/sites\/77\/2022\/11\/OriginEvil_WEB_HR_jan13-scaled.jpg\",\"datePublished\":\"2023-03-02T19:08:50+00:00\",\"dateModified\":\"2023-03-02T19:20:02+00:00\",\"description\":\"Maisonnette is a 100% Quebec independent film distribution company offering a variety of quality Quebec and international feature films.\",\"breadcrumb\":{\"@id\":\"https:\/\/maison4tiers.com\/maisonnette\/en\/product\/origin-of-evil\/#breadcrumb\"},\"inLanguage\":\"en-US\",\"potentialAction\":[{\"@type\":\"ReadAction\",\"target\":[\"https:\/\/maison4tiers.com\/maisonnette\/en\/product\/origin-of-evil\/\"]}]},{\"@type\":\"ImageObject\",\"inLanguage\":\"en-US\",\"@id\":\"https:\/\/maison4tiers.com\/maisonnette\/en\/product\/origin-of-evil\/#primaryimage\",\"url\":\"https:\/\/maison4tiers.com\/maisonnette\/wp-content\/uploads\/sites\/77\/2022\/11\/OriginEvil_WEB_HR_jan13-scaled.jpg\",\"contentUrl\":\"https:\/\/maison4tiers.com\/maisonnette\/wp-content\/uploads\/sites\/77\/2022\/11\/OriginEvil_WEB_HR_jan13-scaled.jpg\",\"width\":1772,\"height\":2560},{\"@type\":\"BreadcrumbList\",\"@id\":\"https:\/\/maison4tiers.com\/maisonnette\/en\/product\/origin-of-evil\/#breadcrumb\",\"itemListElement\":[{\"@type\":\"ListItem\",\"position\":1,\"name\":\"Home\",\"item\":\"https:\/\/maison4tiers.com\/maisonnette\/en\/home\/\"},{\"@type\":\"ListItem\",\"position\":2,\"name\":\"Movies\",\"item\":\"https:\/\/maison4tiers.com\/maisonnette\/movies\/\"},{\"@type\":\"ListItem\",\"position\":3,\"name\":\"Origin of Evil\"}]},{\"@type\":\"WebSite\",\"@id\":\"https:\/\/maison4tiers.com\/maisonnette\/en\/#website\",\"url\":\"https:\/\/maison4tiers.com\/maisonnette\/en\/\",\"name\":\"\u00c9crans solidaires\",\"description\":\"Distribution multiplateforme de films qu\u00e9b\u00e9cois et internationaux\",\"publisher\":{\"@id\":\"https:\/\/maison4tiers.com\/maisonnette\/en\/#organization\"},\"potentialAction\":[{\"@type\":\"SearchAction\",\"target\":{\"@type\":\"EntryPoint\",\"urlTemplate\":\"https:\/\/maison4tiers.com\/maisonnette\/en\/?s={search_term_string}\"},\"query-input\":{\"@type\":\"PropertyValueSpecification\",\"valueRequired\":true,\"valueName\":\"search_term_string\"}}],\"inLanguage\":\"en-US\"},{\"@type\":\"Organization\",\"@id\":\"https:\/\/maison4tiers.com\/maisonnette\/en\/#organization\",\"name\":\"\u00c9crans solidaires\",\"url\":\"https:\/\/maison4tiers.com\/maisonnette\/en\/\",\"logo\":{\"@type\":\"ImageObject\",\"inLanguage\":\"en-US\",\"@id\":\"https:\/\/maison4tiers.com\/maisonnette\/en\/#\/schema\/logo\/image\/\",\"url\":\"https:\/\/maison4tiers.com\/maisonnette\/wp-content\/uploads\/sites\/77\/2020\/11\/favicon-196.png\",\"contentUrl\":\"https:\/\/maison4tiers.com\/maisonnette\/wp-content\/uploads\/sites\/77\/2020\/11\/favicon-196.png\",\"width\":196,\"height\":196,\"caption\":\"\u00c9crans solidaires\"},\"image\":{\"@id\":\"https:\/\/maison4tiers.com\/maisonnette\/en\/#\/schema\/logo\/image\/\"}}]}<\/script>\n<!-- \/ Yoast SEO plugin. -->","yoast_head_json":{"title":"Origin of Evil - \u00c9crans solidaires - Now available on demand!","description":"Maisonnette is a 100% Quebec independent film distribution company offering a variety of quality Quebec and international feature films.","robots":{"index":"noindex","follow":"follow","max-snippet":"max-snippet:-1","max-image-preview":"max-image-preview:large","max-video-preview":"max-video-preview:-1"},"og_locale":"en_US","og_type":"article","og_title":"Origin of Evil","og_description":"Maisonnette is a 100% Quebec independent film distribution company offering a variety of quality Quebec and international feature films.","og_url":"https:\/\/maison4tiers.com\/maisonnette\/en\/product\/origin-of-evil\/","og_site_name":"\u00c9crans solidaires","article_modified_time":"2023-03-02T19:20:02+00:00","og_image":[{"width":1772,"height":2560,"url":"https:\/\/maison4tiers.com\/maisonnette\/wp-content\/uploads\/sites\/77\/2022\/11\/OriginEvil_WEB_HR_jan13-scaled.jpg","type":"image\/jpeg"}],"twitter_card":"summary_large_image","twitter_title":"Origin of Evil","twitter_description":"Maisonnette is a 100% Quebec independent film distribution company offering a variety of quality Quebec and international feature films.","twitter_image":"https:\/\/maison4tiers.com\/maisonnette\/wp-content\/uploads\/sites\/77\/2022\/11\/OriginEvil_WEB_HR_jan13-scaled.jpg","schema":{"@context":"https:\/\/schema.org","@graph":[{"@type":"WebPage","@id":"https:\/\/maison4tiers.com\/maisonnette\/en\/product\/origin-of-evil\/","url":"https:\/\/maison4tiers.com\/maisonnette\/en\/product\/origin-of-evil\/","name":"Origin of Evil - \u00c9crans solidaires - Now available on demand!","isPartOf":{"@id":"https:\/\/maison4tiers.com\/maisonnette\/en\/#website"},"primaryImageOfPage":{"@id":"https:\/\/maison4tiers.com\/maisonnette\/en\/product\/origin-of-evil\/#primaryimage"},"image":{"@id":"https:\/\/maison4tiers.com\/maisonnette\/en\/product\/origin-of-evil\/#primaryimage"},"thumbnailUrl":"https:\/\/maison4tiers.com\/maisonnette\/wp-content\/uploads\/sites\/77\/2022\/11\/OriginEvil_WEB_HR_jan13-scaled.jpg","datePublished":"2023-03-02T19:08:50+00:00","dateModified":"2023-03-02T19:20:02+00:00","description":"Maisonnette is a 100% Quebec independent film distribution company offering a variety of quality Quebec and international feature films.","breadcrumb":{"@id":"https:\/\/maison4tiers.com\/maisonnette\/en\/product\/origin-of-evil\/#breadcrumb"},"inLanguage":"en-US","potentialAction":[{"@type":"ReadAction","target":["https:\/\/maison4tiers.com\/maisonnette\/en\/product\/origin-of-evil\/"]}]},{"@type":"ImageObject","inLanguage":"en-US","@id":"https:\/\/maison4tiers.com\/maisonnette\/en\/product\/origin-of-evil\/#primaryimage","url":"https:\/\/maison4tiers.com\/maisonnette\/wp-content\/uploads\/sites\/77\/2022\/11\/OriginEvil_WEB_HR_jan13-scaled.jpg","contentUrl":"https:\/\/maison4tiers.com\/maisonnette\/wp-content\/uploads\/sites\/77\/2022\/11\/OriginEvil_WEB_HR_jan13-scaled.jpg","width":1772,"height":2560},{"@type":"BreadcrumbList","@id":"https:\/\/maison4tiers.com\/maisonnette\/en\/product\/origin-of-evil\/#breadcrumb","itemListElement":[{"@type":"ListItem","position":1,"name":"Home","item":"https:\/\/maison4tiers.com\/maisonnette\/en\/home\/"},{"@type":"ListItem","position":2,"name":"Movies","item":"https:\/\/maison4tiers.com\/maisonnette\/movies\/"},{"@type":"ListItem","position":3,"name":"Origin of Evil"}]},{"@type":"WebSite","@id":"https:\/\/maison4tiers.com\/maisonnette\/en\/#website","url":"https:\/\/maison4tiers.com\/maisonnette\/en\/","name":"\u00c9crans solidaires","description":"Distribution multiplateforme de films qu\u00e9b\u00e9cois et internationaux","publisher":{"@id":"https:\/\/maison4tiers.com\/maisonnette\/en\/#organization"},"potentialAction":[{"@type":"SearchAction","target":{"@type":"EntryPoint","urlTemplate":"https:\/\/maison4tiers.com\/maisonnette\/en\/?s={search_term_string}"},"query-input":{"@type":"PropertyValueSpecification","valueRequired":true,"valueName":"search_term_string"}}],"inLanguage":"en-US"},{"@type":"Organization","@id":"https:\/\/maison4tiers.com\/maisonnette\/en\/#organization","name":"\u00c9crans solidaires","url":"https:\/\/maison4tiers.com\/maisonnette\/en\/","logo":{"@type":"ImageObject","inLanguage":"en-US","@id":"https:\/\/maison4tiers.com\/maisonnette\/en\/#\/schema\/logo\/image\/","url":"https:\/\/maison4tiers.com\/maisonnette\/wp-content\/uploads\/sites\/77\/2020\/11\/favicon-196.png","contentUrl":"https:\/\/maison4tiers.com\/maisonnette\/wp-content\/uploads\/sites\/77\/2020\/11\/favicon-196.png","width":196,"height":196,"caption":"\u00c9crans solidaires"},"image":{"@id":"https:\/\/maison4tiers.com\/maisonnette\/en\/#\/schema\/logo\/image\/"}}]}},"jetpack_sharing_enabled":true,"_links":{"self":[{"href":"https:\/\/maison4tiers.com\/maisonnette\/en\/wp-json\/wp\/v2\/product\/12630","targetHints":{"allow":["GET"]}}],"collection":[{"href":"https:\/\/maison4tiers.com\/maisonnette\/en\/wp-json\/wp\/v2\/product"}],"about":[{"href":"https:\/\/maison4tiers.com\/maisonnette\/en\/wp-json\/wp\/v2\/types\/product"}],"wp:featuredmedia":[{"embeddable":true,"href":"https:\/\/maison4tiers.com\/maisonnette\/en\/wp-json\/wp\/v2\/media\/10569"}],"wp:attachment":[{"href":"https:\/\/maison4tiers.com\/maisonnette\/en\/wp-json\/wp\/v2\/media?parent=12630"}],"wp:term":[{"taxonomy":"product_brand","embeddable":true,"href":"https:\/\/maison4tiers.com\/maisonnette\/en\/wp-json\/wp\/v2\/product_brand?post=12630"},{"taxonomy":"product_cat","embeddable":true,"href":"https:\/\/maison4tiers.com\/maisonnette\/en\/wp-json\/wp\/v2\/product_cat?post=12630"},{"taxonomy":"product_tag","embeddable":true,"href":"https:\/\/maison4tiers.com\/maisonnette\/en\/wp-json\/wp\/v2\/product_tag?post=12630"}],"curies":[{"name":"wp","href":"https:\/\/api.w.org\/{rel}","templated":true}]}}