{"id":7730,"date":"2022-01-28T10:33:14","date_gmt":"2022-01-28T14:33:14","guid":{"rendered":"https:\/\/maison4tiers.com\/?post_type=product&#038;p=7730"},"modified":"2025-11-21T09:14:46","modified_gmt":"2025-11-21T13:14:46","slug":"jane-by-charlotte","status":"publish","type":"product","link":"https:\/\/maison4tiers.com\/en\/movie\/jane-by-charlotte\/","title":{"rendered":"Jane par Charlotte"},"excerpt":{"rendered":"<h4><strong>NOW ON VIDEO-ON-DEMAND AND DVD!<\/strong><\/h4>\n<p>With Charlotte Gainsbourg and Jane Birkin<\/p>\n<p>Charlotte Gainsbourg began filming her mother, Jane Birkin, to look at her in a way she had never done before. The modesty of the two in front of each other had never allowed such a rapprochement. But through the medium of the camera, the ice is broken to reveal an unprecedented exchange over several years, which gradually erases the two artists and exposes them in an intimate conversation that is both unprecedented and universal, revealing a mother to a daughter. Jane by Charlotte.   <\/p>\n<blockquote><p>&#8221;  <em>Charlotte Gainsbourg dedicates her first film to her mother Jane Birkin. More than a portrait, it takes place in the moving intimacy of a t\u00eate-\u00e0-t\u00eate where each confides in the other with modesty. <\/em>  &#8221; \u2605 <strong>\u2605\u2605<\/strong> \u2605 <strong><a href=\"https:\/\/www.la-croix.com\/Culture\/Jane-Charlotte-pretexte-regarder-2022-01-11-1201194254\" target=\"_blank\" rel=\"noopener\"><span class=\"Apple-converted-space\">LACROIX <\/span><\/a><\/strong> <\/p>\n<p>&#8221;  <em>The actress reveals her talent as a filmmaker in &#8220;Jane par Charlotte&#8221;. In exploring their relationship, she touches on the universal. <\/em>  &#8221; \u2605 <strong>\u2605\u2605<\/strong> \u2605 <strong><a href=\"https:\/\/www.20minutes.fr\/arts-stars\/cinema\/3213083-20220111-jane-charlotte-charlotte-gainbourg-jane-birkin-livrent-autre-bouleversant\" target=\"_blank\" rel=\"noopener\">20 MINUTES<\/a><\/strong><\/p>\n<p>&#8221; <em>What a grace to have captured this everyday vulnerability, this gentleness of the mother-daughter bond, of which this film expresses the testimony of gratitude.<\/em> &#8221; \u2605 <strong>\u2605\u2605<\/strong> \u2605 <strong><a href=\"https:\/\/www.leparisien.fr\/culture-loisirs\/cinema\/sorties-cinema-du-12-janvier-adieu-monsieur-haffmann-ouistreham-cher-evan-hansen-les-films-a-voir-ou-pas-11-01-2022-O5F3NTGJ7NHZLB3B3PBDBE7UVQ.php?ts=1641913644360\" target=\"_blank\" rel=\"noopener\">LE PARISIEN<\/a><\/strong><\/p><\/blockquote>\n<p><strong><span style=\"text-decoration: underline;\"><a href=\"https:\/\/maison4tiers.com\/en\/product-category\/movie\/documentary\/\" target=\"_blank\" rel=\"noopener\">See other documentaries<\/a><\/span><\/strong><\/p>\n<p><strong>*Film available in Canada only  <\/strong><\/p>\n","protected":false},"featured_media":7591,"template":"","meta":{"_acf_changed":false,"_eb_attr":""},"product_brand":[],"product_cat":[143,137,133,102,130,103,128],"product_tag":[1526,1527,1525,1524,1471,1528,1532,1529,1530,1531],"class_list":{"0":"post-7730","1":"product","2":"type-product","3":"status-publish","4":"has-post-thumbnail","6":"product_cat-digital","7":"product_cat-dvd-en","8":"product_cat-allmovies","9":"product_cat-documentary","10":"product_cat-fiction-en","11":"product_cat-movie","12":"product_cat-society","13":"product_tag-charlotte","14":"product_tag-charlotte-gainsbourg","15":"product_tag-jane","16":"product_tag-jane-par-charlotte","17":"product_tag-maternity-ward","18":"product_tag-mom","19":"product_tag-nostalgia","20":"product_tag-old-age-2","21":"product_tag-photo","22":"product_tag-photography","24":"first","25":"instock","26":"taxable","27":"shipping-taxable","28":"purchasable","29":"product-type-variable","30":"has-default-attributes"},"acf":[],"yoast_head":"<!-- This site is optimized with the Yoast SEO plugin v27.0 - https:\/\/yoast.com\/product\/yoast-seo-wordpress\/ -->\n<title>Jane par Charlotte - Maison4tiers - Docu - SEE NOW!<\/title>\n<meta name=\"description\" content=\"Charlotte Gainsbourg began filming her mother, Jane Birkin, to look at her in a way she had never done before.\" \/>\n<meta name=\"robots\" content=\"index, follow, max-snippet:-1, max-image-preview:large, max-video-preview:-1\" \/>\n<link rel=\"canonical\" href=\"https:\/\/maison4tiers.com\/en\/movie\/jane-by-charlotte\/\" \/>\n<meta property=\"og:locale\" content=\"en_US\" \/>\n<meta property=\"og:type\" content=\"article\" \/>\n<meta property=\"og:title\" content=\"Jane par Charlotte\" \/>\n<meta property=\"og:description\" content=\"Charlotte Gainsbourg looks at her mother Jane Birkin in a way she never did, overcoming a sense of reserve.\" \/>\n<meta property=\"og:url\" content=\"https:\/\/maison4tiers.com\/en\/movie\/jane-by-charlotte\/\" \/>\n<meta property=\"og:site_name\" content=\"Maison4tiers\" \/>\n<meta property=\"article:modified_time\" content=\"2025-11-21T13:14:46+00:00\" \/>\n<meta property=\"og:image\" content=\"https:\/\/maison4tiers.com\/wp-content\/uploads\/2022\/02\/1.png\" \/>\n\t<meta property=\"og:image:width\" content=\"800\" \/>\n\t<meta property=\"og:image:height\" content=\"1200\" \/>\n\t<meta property=\"og:image:type\" content=\"image\/png\" \/>\n<meta name=\"twitter:card\" content=\"summary_large_image\" \/>\n<meta name=\"twitter:title\" content=\"Jane par Charlotte\" \/>\n<meta name=\"twitter:description\" content=\"Charlotte Gainsbourg looks at her mother Jane Birkin in a way she never did, overcoming a sense of reserve.\" \/>\n<meta name=\"twitter:image\" content=\"https:\/\/maison4tiers.com\/wp-content\/uploads\/2022\/02\/1.png\" \/>\n<script type=\"application\/ld+json\" class=\"yoast-schema-graph\">{\"@context\":\"https:\/\/schema.org\",\"@graph\":[{\"@type\":\"WebPage\",\"@id\":\"https:\/\/maison4tiers.com\/en\/movie\/jane-by-charlotte\/\",\"url\":\"https:\/\/maison4tiers.com\/en\/movie\/jane-by-charlotte\/\",\"name\":\"Jane par Charlotte - Maison4tiers - Docu - SEE NOW!\",\"isPartOf\":{\"@id\":\"https:\/\/maison4tiers.com\/#website\"},\"primaryImageOfPage\":{\"@id\":\"https:\/\/maison4tiers.com\/en\/movie\/jane-by-charlotte\/#primaryimage\"},\"image\":{\"@id\":\"https:\/\/maison4tiers.com\/en\/movie\/jane-by-charlotte\/#primaryimage\"},\"thumbnailUrl\":\"https:\/\/maison4tiers.com\/wp-content\/uploads\/2022\/01\/90.jpg\",\"datePublished\":\"2022-01-28T14:33:14+00:00\",\"dateModified\":\"2025-11-21T13:14:46+00:00\",\"description\":\"Charlotte Gainsbourg began filming her mother, Jane Birkin, to look at her in a way she had never done before.\",\"breadcrumb\":{\"@id\":\"https:\/\/maison4tiers.com\/en\/movie\/jane-by-charlotte\/#breadcrumb\"},\"inLanguage\":\"en-US\",\"potentialAction\":[{\"@type\":\"ReadAction\",\"target\":[\"https:\/\/maison4tiers.com\/en\/movie\/jane-by-charlotte\/\"]}]},{\"@type\":\"ImageObject\",\"inLanguage\":\"en-US\",\"@id\":\"https:\/\/maison4tiers.com\/en\/movie\/jane-by-charlotte\/#primaryimage\",\"url\":\"https:\/\/maison4tiers.com\/wp-content\/uploads\/2022\/01\/90.jpg\",\"contentUrl\":\"https:\/\/maison4tiers.com\/wp-content\/uploads\/2022\/01\/90.jpg\",\"width\":800,\"height\":1200,\"caption\":\"Jane par Charlotte\"},{\"@type\":\"BreadcrumbList\",\"@id\":\"https:\/\/maison4tiers.com\/en\/movie\/jane-by-charlotte\/#breadcrumb\",\"itemListElement\":[{\"@type\":\"ListItem\",\"position\":1,\"name\":\"Home\",\"item\":\"https:\/\/maison4tiers.com\/en\/home-maison4tiers-brings-you-quality-multiplatform-cinema-from-quebec-and-around-the-world-easy-fast-and-no-obligation-digital-listening\/\"},{\"@type\":\"ListItem\",\"position\":2,\"name\":\"Movies\",\"item\":\"https:\/\/maison4tiers.com\/en\/movies\/\"},{\"@type\":\"ListItem\",\"position\":3,\"name\":\"Jane par Charlotte\"}]},{\"@type\":\"WebSite\",\"@id\":\"https:\/\/maison4tiers.com\/#website\",\"url\":\"https:\/\/maison4tiers.com\/\",\"name\":\"Maison4tiers\",\"description\":\"Distribution multiplateforme de films qu\u00e9b\u00e9cois et internationaux\",\"publisher\":{\"@id\":\"https:\/\/maison4tiers.com\/#organization\"},\"potentialAction\":[{\"@type\":\"SearchAction\",\"target\":{\"@type\":\"EntryPoint\",\"urlTemplate\":\"https:\/\/maison4tiers.com\/?s={search_term_string}\"},\"query-input\":{\"@type\":\"PropertyValueSpecification\",\"valueRequired\":true,\"valueName\":\"search_term_string\"}}],\"inLanguage\":\"en-US\"},{\"@type\":\"Organization\",\"@id\":\"https:\/\/maison4tiers.com\/#organization\",\"name\":\"Maison4tiers\",\"url\":\"https:\/\/maison4tiers.com\/\",\"logo\":{\"@type\":\"ImageObject\",\"inLanguage\":\"en-US\",\"@id\":\"https:\/\/maison4tiers.com\/#\/schema\/logo\/image\/\",\"url\":\"https:\/\/maison4tiers.com\/wp-content\/uploads\/2020\/11\/favicon-196.png\",\"contentUrl\":\"https:\/\/maison4tiers.com\/wp-content\/uploads\/2020\/11\/favicon-196.png\",\"width\":196,\"height\":196,\"caption\":\"Maison4tiers\"},\"image\":{\"@id\":\"https:\/\/maison4tiers.com\/#\/schema\/logo\/image\/\"}}]}<\/script>\n<!-- \/ Yoast SEO plugin. -->","yoast_head_json":{"title":"Jane par Charlotte - Maison4tiers - Docu - SEE NOW!","description":"Charlotte Gainsbourg began filming her mother, Jane Birkin, to look at her in a way she had never done before.","robots":{"index":"index","follow":"follow","max-snippet":"max-snippet:-1","max-image-preview":"max-image-preview:large","max-video-preview":"max-video-preview:-1"},"canonical":"https:\/\/maison4tiers.com\/en\/movie\/jane-by-charlotte\/","og_locale":"en_US","og_type":"article","og_title":"Jane par Charlotte","og_description":"Charlotte Gainsbourg looks at her mother Jane Birkin in a way she never did, overcoming a sense of reserve.","og_url":"https:\/\/maison4tiers.com\/en\/movie\/jane-by-charlotte\/","og_site_name":"Maison4tiers","article_modified_time":"2025-11-21T13:14:46+00:00","og_image":[{"width":800,"height":1200,"url":"https:\/\/maison4tiers.com\/wp-content\/uploads\/2022\/02\/1.png","type":"image\/png"}],"twitter_card":"summary_large_image","twitter_title":"Jane par Charlotte","twitter_description":"Charlotte Gainsbourg looks at her mother Jane Birkin in a way she never did, overcoming a sense of reserve.","twitter_image":"https:\/\/maison4tiers.com\/wp-content\/uploads\/2022\/02\/1.png","schema":{"@context":"https:\/\/schema.org","@graph":[{"@type":"WebPage","@id":"https:\/\/maison4tiers.com\/en\/movie\/jane-by-charlotte\/","url":"https:\/\/maison4tiers.com\/en\/movie\/jane-by-charlotte\/","name":"Jane par Charlotte - Maison4tiers - Docu - SEE NOW!","isPartOf":{"@id":"https:\/\/maison4tiers.com\/#website"},"primaryImageOfPage":{"@id":"https:\/\/maison4tiers.com\/en\/movie\/jane-by-charlotte\/#primaryimage"},"image":{"@id":"https:\/\/maison4tiers.com\/en\/movie\/jane-by-charlotte\/#primaryimage"},"thumbnailUrl":"https:\/\/maison4tiers.com\/wp-content\/uploads\/2022\/01\/90.jpg","datePublished":"2022-01-28T14:33:14+00:00","dateModified":"2025-11-21T13:14:46+00:00","description":"Charlotte Gainsbourg began filming her mother, Jane Birkin, to look at her in a way she had never done before.","breadcrumb":{"@id":"https:\/\/maison4tiers.com\/en\/movie\/jane-by-charlotte\/#breadcrumb"},"inLanguage":"en-US","potentialAction":[{"@type":"ReadAction","target":["https:\/\/maison4tiers.com\/en\/movie\/jane-by-charlotte\/"]}]},{"@type":"ImageObject","inLanguage":"en-US","@id":"https:\/\/maison4tiers.com\/en\/movie\/jane-by-charlotte\/#primaryimage","url":"https:\/\/maison4tiers.com\/wp-content\/uploads\/2022\/01\/90.jpg","contentUrl":"https:\/\/maison4tiers.com\/wp-content\/uploads\/2022\/01\/90.jpg","width":800,"height":1200,"caption":"Jane par Charlotte"},{"@type":"BreadcrumbList","@id":"https:\/\/maison4tiers.com\/en\/movie\/jane-by-charlotte\/#breadcrumb","itemListElement":[{"@type":"ListItem","position":1,"name":"Home","item":"https:\/\/maison4tiers.com\/en\/home-maison4tiers-brings-you-quality-multiplatform-cinema-from-quebec-and-around-the-world-easy-fast-and-no-obligation-digital-listening\/"},{"@type":"ListItem","position":2,"name":"Movies","item":"https:\/\/maison4tiers.com\/en\/movies\/"},{"@type":"ListItem","position":3,"name":"Jane par Charlotte"}]},{"@type":"WebSite","@id":"https:\/\/maison4tiers.com\/#website","url":"https:\/\/maison4tiers.com\/","name":"Maison4tiers","description":"Distribution multiplateforme de films qu\u00e9b\u00e9cois et internationaux","publisher":{"@id":"https:\/\/maison4tiers.com\/#organization"},"potentialAction":[{"@type":"SearchAction","target":{"@type":"EntryPoint","urlTemplate":"https:\/\/maison4tiers.com\/?s={search_term_string}"},"query-input":{"@type":"PropertyValueSpecification","valueRequired":true,"valueName":"search_term_string"}}],"inLanguage":"en-US"},{"@type":"Organization","@id":"https:\/\/maison4tiers.com\/#organization","name":"Maison4tiers","url":"https:\/\/maison4tiers.com\/","logo":{"@type":"ImageObject","inLanguage":"en-US","@id":"https:\/\/maison4tiers.com\/#\/schema\/logo\/image\/","url":"https:\/\/maison4tiers.com\/wp-content\/uploads\/2020\/11\/favicon-196.png","contentUrl":"https:\/\/maison4tiers.com\/wp-content\/uploads\/2020\/11\/favicon-196.png","width":196,"height":196,"caption":"Maison4tiers"},"image":{"@id":"https:\/\/maison4tiers.com\/#\/schema\/logo\/image\/"}}]}},"jetpack_sharing_enabled":true,"_links":{"self":[{"href":"https:\/\/maison4tiers.com\/en\/wp-json\/wp\/v2\/product\/7730","targetHints":{"allow":["GET"]}}],"collection":[{"href":"https:\/\/maison4tiers.com\/en\/wp-json\/wp\/v2\/product"}],"about":[{"href":"https:\/\/maison4tiers.com\/en\/wp-json\/wp\/v2\/types\/product"}],"wp:featuredmedia":[{"embeddable":true,"href":"https:\/\/maison4tiers.com\/en\/wp-json\/wp\/v2\/media\/7591"}],"wp:attachment":[{"href":"https:\/\/maison4tiers.com\/en\/wp-json\/wp\/v2\/media?parent=7730"}],"wp:term":[{"taxonomy":"product_brand","embeddable":true,"href":"https:\/\/maison4tiers.com\/en\/wp-json\/wp\/v2\/product_brand?post=7730"},{"taxonomy":"product_cat","embeddable":true,"href":"https:\/\/maison4tiers.com\/en\/wp-json\/wp\/v2\/product_cat?post=7730"},{"taxonomy":"product_tag","embeddable":true,"href":"https:\/\/maison4tiers.com\/en\/wp-json\/wp\/v2\/product_tag?post=7730"}],"curies":[{"name":"wp","href":"https:\/\/api.w.org\/{rel}","templated":true}]}}