{"id":6918,"date":"2021-03-16T16:14:37","date_gmt":"2021-08-04T15:12:39","guid":{"rendered":"https:\/\/maison4tiers.com\/?post_type=product&#038;p=6918"},"modified":"2022-01-12T17:29:16","modified_gmt":"2022-01-12T21:29:16","slug":"old-buddies","status":"publish","type":"product","link":"https:\/\/maison4tiers.com\/en\/movie\/old-buddies\/","title":{"rendered":"OLD BUDDIES"},"excerpt":{"rendered":"<p><strong>Starring Patrick Labb\u00e9, Paul Doucet, Luka Limoges, Marie-Pier Labrecque, St\u00e9phan C\u00f4t\u00e9, Hassan El Fad.<\/strong><\/p>\n<p>Pierrot (Patrick Labb\u00e9) returns to Saint-Hyacinthe, his hometown, to see the people and places he loves and has always carried with him, even when he lived abroad. He&#8217;s coming full circle, closing the books. Peaceful, Pierrot has no fear of this death which is coming prematurely. He asks his childhood friend, Jacques (Paul Doucet), to help him end his days well. The approach, which is unusual, will nevertheless lead the two friends to a soothing tranquility.<\/p>\n<p>&nbsp;<\/p>\n<p class=\"p1\"><span style=\"text-decoration: underline;\"><strong><span class=\"s1\"><a href=\"https:\/\/maison4tiers.com\/en\/categorie-produit\/movie\/quebec-movie\/\" target=\"_blank\" rel=\"noopener\">Other Quebec films<\/a><\/span><\/strong><\/span><\/p>\n<p>&nbsp;<\/p>\n<p>*Only available in Canada<\/p>\n","protected":false},"featured_media":6101,"template":"","meta":{"_acf_changed":false,"_eb_attr":""},"product_brand":[],"product_cat":[143,137,133,106,130,103,126],"product_tag":[877,850,724,1532,695,1052],"class_list":{"0":"post-6918","1":"product","2":"type-product","3":"status-publish","4":"has-post-thumbnail","6":"product_cat-digital","7":"product_cat-dvd-en","8":"product_cat-allmovies","9":"product_cat-drama","10":"product_cat-fiction-en","11":"product_cat-movie","12":"product_cat-quebec-movie","13":"product_tag-amitie-en","14":"product_tag-drame-en","15":"product_tag-famille-en","16":"product_tag-nostalgia","17":"product_tag-quebec-en","18":"product_tag-voyage-en","20":"first","21":"instock","22":"taxable","23":"shipping-taxable","24":"purchasable","25":"product-type-variable"},"acf":[],"yoast_head":"<!-- This site is optimized with the Yoast SEO plugin v27.0 - https:\/\/yoast.com\/product\/yoast-seo-wordpress\/ -->\n<title>OLD BUDDIES - Maison4tiers<\/title>\n<meta name=\"description\" content=\"Old Buddies. Pierrot (Patrick Labb\u00e9) returns to Saint-Hyacinthe, his hometown, to see the people and places he loves and has always carried with him, even when he lived abroad.\" \/>\n<meta name=\"robots\" content=\"index, follow, max-snippet:-1, max-image-preview:large, max-video-preview:-1\" \/>\n<link rel=\"canonical\" href=\"https:\/\/maison4tiers.com\/en\/movie\/old-buddies\/\" \/>\n<meta property=\"og:locale\" content=\"en_US\" \/>\n<meta property=\"og:type\" content=\"article\" \/>\n<meta property=\"og:title\" content=\"Old Buddies\" \/>\n<meta property=\"og:description\" content=\"Old Buddies. Pierrot (Patrick Labb\u00e9) returns to Saint-Hyacinthe, his hometown, to see the people and places he loves and has always carried with him, even when he lived abroad.\" \/>\n<meta property=\"og:url\" content=\"https:\/\/maison4tiers.com\/en\/movie\/old-buddies\/\" \/>\n<meta property=\"og:site_name\" content=\"Maison4tiers\" \/>\n<meta property=\"article:modified_time\" content=\"2022-01-12T21:29:16+00:00\" \/>\n<meta property=\"og:image\" content=\"https:\/\/maison4tiers.com\/wp-content\/uploads\/2021\/08\/Buddies_poster_BOUTIQUE_800x1200-2.jpg\" \/>\n\t<meta property=\"og:image:width\" content=\"800\" \/>\n\t<meta property=\"og:image:height\" content=\"1200\" \/>\n\t<meta property=\"og:image:type\" content=\"image\/jpeg\" \/>\n<meta name=\"twitter:card\" content=\"summary_large_image\" \/>\n<meta name=\"twitter:title\" content=\"Old Buddies\" \/>\n<meta name=\"twitter:description\" content=\"Old Buddies. Pierrot (Patrick Labb\u00e9) returns to Saint-Hyacinthe, his hometown, to see the people and places he loves and has always carried with him, even when he lived abroad.\" \/>\n<meta name=\"twitter:image\" content=\"https:\/\/maison4tiers.com\/wp-content\/uploads\/2021\/08\/Buddies_poster_BOUTIQUE_800x1200-2.jpg\" \/>\n<script type=\"application\/ld+json\" class=\"yoast-schema-graph\">{\"@context\":\"https:\/\/schema.org\",\"@graph\":[{\"@type\":\"WebPage\",\"@id\":\"https:\/\/maison4tiers.com\/en\/movie\/old-buddies\/\",\"url\":\"https:\/\/maison4tiers.com\/en\/movie\/old-buddies\/\",\"name\":\"OLD BUDDIES - Maison4tiers\",\"isPartOf\":{\"@id\":\"https:\/\/maison4tiers.com\/#website\"},\"primaryImageOfPage\":{\"@id\":\"https:\/\/maison4tiers.com\/en\/movie\/old-buddies\/#primaryimage\"},\"image\":{\"@id\":\"https:\/\/maison4tiers.com\/en\/movie\/old-buddies\/#primaryimage\"},\"thumbnailUrl\":\"https:\/\/maison4tiers.com\/wp-content\/uploads\/2021\/03\/Chums_affiche_BOUTIQUE_800x1200.jpg\",\"datePublished\":\"2021-08-04T15:12:39+00:00\",\"dateModified\":\"2022-01-12T21:29:16+00:00\",\"description\":\"Old Buddies. Pierrot (Patrick Labb\u00e9) returns to Saint-Hyacinthe, his hometown, to see the people and places he loves and has always carried with him, even when he lived abroad.\",\"breadcrumb\":{\"@id\":\"https:\/\/maison4tiers.com\/en\/movie\/old-buddies\/#breadcrumb\"},\"inLanguage\":\"en-US\",\"potentialAction\":[{\"@type\":\"ReadAction\",\"target\":[\"https:\/\/maison4tiers.com\/en\/movie\/old-buddies\/\"]}]},{\"@type\":\"ImageObject\",\"inLanguage\":\"en-US\",\"@id\":\"https:\/\/maison4tiers.com\/en\/movie\/old-buddies\/#primaryimage\",\"url\":\"https:\/\/maison4tiers.com\/wp-content\/uploads\/2021\/03\/Chums_affiche_BOUTIQUE_800x1200.jpg\",\"contentUrl\":\"https:\/\/maison4tiers.com\/wp-content\/uploads\/2021\/03\/Chums_affiche_BOUTIQUE_800x1200.jpg\",\"width\":800,\"height\":1200,\"caption\":\"Les vieux chums\"},{\"@type\":\"BreadcrumbList\",\"@id\":\"https:\/\/maison4tiers.com\/en\/movie\/old-buddies\/#breadcrumb\",\"itemListElement\":[{\"@type\":\"ListItem\",\"position\":1,\"name\":\"Home\",\"item\":\"https:\/\/maison4tiers.com\/en\/\"},{\"@type\":\"ListItem\",\"position\":2,\"name\":\"Movies\",\"item\":\"https:\/\/maison4tiers.com\/en\/movies\/\"},{\"@type\":\"ListItem\",\"position\":3,\"name\":\"OLD BUDDIES\"}]},{\"@type\":\"WebSite\",\"@id\":\"https:\/\/maison4tiers.com\/#website\",\"url\":\"https:\/\/maison4tiers.com\/\",\"name\":\"Maison4tiers\",\"description\":\"Distribution multiplateforme de films qu\u00e9b\u00e9cois et internationaux\",\"publisher\":{\"@id\":\"https:\/\/maison4tiers.com\/#organization\"},\"potentialAction\":[{\"@type\":\"SearchAction\",\"target\":{\"@type\":\"EntryPoint\",\"urlTemplate\":\"https:\/\/maison4tiers.com\/?s={search_term_string}\"},\"query-input\":{\"@type\":\"PropertyValueSpecification\",\"valueRequired\":true,\"valueName\":\"search_term_string\"}}],\"inLanguage\":\"en-US\"},{\"@type\":\"Organization\",\"@id\":\"https:\/\/maison4tiers.com\/#organization\",\"name\":\"Maison4tiers\",\"url\":\"https:\/\/maison4tiers.com\/\",\"logo\":{\"@type\":\"ImageObject\",\"inLanguage\":\"en-US\",\"@id\":\"https:\/\/maison4tiers.com\/#\/schema\/logo\/image\/\",\"url\":\"https:\/\/maison4tiers.com\/wp-content\/uploads\/2020\/11\/favicon-196.png\",\"contentUrl\":\"https:\/\/maison4tiers.com\/wp-content\/uploads\/2020\/11\/favicon-196.png\",\"width\":196,\"height\":196,\"caption\":\"Maison4tiers\"},\"image\":{\"@id\":\"https:\/\/maison4tiers.com\/#\/schema\/logo\/image\/\"}}]}<\/script>\n<!-- \/ Yoast SEO plugin. -->","yoast_head_json":{"title":"OLD BUDDIES - Maison4tiers","description":"Old Buddies. Pierrot (Patrick Labb\u00e9) returns to Saint-Hyacinthe, his hometown, to see the people and places he loves and has always carried with him, even when he lived abroad.","robots":{"index":"index","follow":"follow","max-snippet":"max-snippet:-1","max-image-preview":"max-image-preview:large","max-video-preview":"max-video-preview:-1"},"canonical":"https:\/\/maison4tiers.com\/en\/movie\/old-buddies\/","og_locale":"en_US","og_type":"article","og_title":"Old Buddies","og_description":"Old Buddies. Pierrot (Patrick Labb\u00e9) returns to Saint-Hyacinthe, his hometown, to see the people and places he loves and has always carried with him, even when he lived abroad.","og_url":"https:\/\/maison4tiers.com\/en\/movie\/old-buddies\/","og_site_name":"Maison4tiers","article_modified_time":"2022-01-12T21:29:16+00:00","og_image":[{"width":800,"height":1200,"url":"https:\/\/maison4tiers.com\/wp-content\/uploads\/2021\/08\/Buddies_poster_BOUTIQUE_800x1200-2.jpg","type":"image\/jpeg"}],"twitter_card":"summary_large_image","twitter_title":"Old Buddies","twitter_description":"Old Buddies. Pierrot (Patrick Labb\u00e9) returns to Saint-Hyacinthe, his hometown, to see the people and places he loves and has always carried with him, even when he lived abroad.","twitter_image":"https:\/\/maison4tiers.com\/wp-content\/uploads\/2021\/08\/Buddies_poster_BOUTIQUE_800x1200-2.jpg","schema":{"@context":"https:\/\/schema.org","@graph":[{"@type":"WebPage","@id":"https:\/\/maison4tiers.com\/en\/movie\/old-buddies\/","url":"https:\/\/maison4tiers.com\/en\/movie\/old-buddies\/","name":"OLD BUDDIES - Maison4tiers","isPartOf":{"@id":"https:\/\/maison4tiers.com\/#website"},"primaryImageOfPage":{"@id":"https:\/\/maison4tiers.com\/en\/movie\/old-buddies\/#primaryimage"},"image":{"@id":"https:\/\/maison4tiers.com\/en\/movie\/old-buddies\/#primaryimage"},"thumbnailUrl":"https:\/\/maison4tiers.com\/wp-content\/uploads\/2021\/03\/Chums_affiche_BOUTIQUE_800x1200.jpg","datePublished":"2021-08-04T15:12:39+00:00","dateModified":"2022-01-12T21:29:16+00:00","description":"Old Buddies. Pierrot (Patrick Labb\u00e9) returns to Saint-Hyacinthe, his hometown, to see the people and places he loves and has always carried with him, even when he lived abroad.","breadcrumb":{"@id":"https:\/\/maison4tiers.com\/en\/movie\/old-buddies\/#breadcrumb"},"inLanguage":"en-US","potentialAction":[{"@type":"ReadAction","target":["https:\/\/maison4tiers.com\/en\/movie\/old-buddies\/"]}]},{"@type":"ImageObject","inLanguage":"en-US","@id":"https:\/\/maison4tiers.com\/en\/movie\/old-buddies\/#primaryimage","url":"https:\/\/maison4tiers.com\/wp-content\/uploads\/2021\/03\/Chums_affiche_BOUTIQUE_800x1200.jpg","contentUrl":"https:\/\/maison4tiers.com\/wp-content\/uploads\/2021\/03\/Chums_affiche_BOUTIQUE_800x1200.jpg","width":800,"height":1200,"caption":"Les vieux chums"},{"@type":"BreadcrumbList","@id":"https:\/\/maison4tiers.com\/en\/movie\/old-buddies\/#breadcrumb","itemListElement":[{"@type":"ListItem","position":1,"name":"Home","item":"https:\/\/maison4tiers.com\/en\/"},{"@type":"ListItem","position":2,"name":"Movies","item":"https:\/\/maison4tiers.com\/en\/movies\/"},{"@type":"ListItem","position":3,"name":"OLD BUDDIES"}]},{"@type":"WebSite","@id":"https:\/\/maison4tiers.com\/#website","url":"https:\/\/maison4tiers.com\/","name":"Maison4tiers","description":"Distribution multiplateforme de films qu\u00e9b\u00e9cois et internationaux","publisher":{"@id":"https:\/\/maison4tiers.com\/#organization"},"potentialAction":[{"@type":"SearchAction","target":{"@type":"EntryPoint","urlTemplate":"https:\/\/maison4tiers.com\/?s={search_term_string}"},"query-input":{"@type":"PropertyValueSpecification","valueRequired":true,"valueName":"search_term_string"}}],"inLanguage":"en-US"},{"@type":"Organization","@id":"https:\/\/maison4tiers.com\/#organization","name":"Maison4tiers","url":"https:\/\/maison4tiers.com\/","logo":{"@type":"ImageObject","inLanguage":"en-US","@id":"https:\/\/maison4tiers.com\/#\/schema\/logo\/image\/","url":"https:\/\/maison4tiers.com\/wp-content\/uploads\/2020\/11\/favicon-196.png","contentUrl":"https:\/\/maison4tiers.com\/wp-content\/uploads\/2020\/11\/favicon-196.png","width":196,"height":196,"caption":"Maison4tiers"},"image":{"@id":"https:\/\/maison4tiers.com\/#\/schema\/logo\/image\/"}}]}},"jetpack_sharing_enabled":true,"_links":{"self":[{"href":"https:\/\/maison4tiers.com\/en\/wp-json\/wp\/v2\/product\/6918","targetHints":{"allow":["GET"]}}],"collection":[{"href":"https:\/\/maison4tiers.com\/en\/wp-json\/wp\/v2\/product"}],"about":[{"href":"https:\/\/maison4tiers.com\/en\/wp-json\/wp\/v2\/types\/product"}],"wp:featuredmedia":[{"embeddable":true,"href":"https:\/\/maison4tiers.com\/en\/wp-json\/wp\/v2\/media\/6101"}],"wp:attachment":[{"href":"https:\/\/maison4tiers.com\/en\/wp-json\/wp\/v2\/media?parent=6918"}],"wp:term":[{"taxonomy":"product_brand","embeddable":true,"href":"https:\/\/maison4tiers.com\/en\/wp-json\/wp\/v2\/product_brand?post=6918"},{"taxonomy":"product_cat","embeddable":true,"href":"https:\/\/maison4tiers.com\/en\/wp-json\/wp\/v2\/product_cat?post=6918"},{"taxonomy":"product_tag","embeddable":true,"href":"https:\/\/maison4tiers.com\/en\/wp-json\/wp\/v2\/product_tag?post=6918"}],"curies":[{"name":"wp","href":"https:\/\/api.w.org\/{rel}","templated":true}]}}