{"id":4676,"date":"2018-01-12T00:00:34","date_gmt":"2021-02-07T04:03:34","guid":{"rendered":"https:\/\/maison4tiers.com\/produit\/repertoire-des-villes-disparues\/"},"modified":"2022-01-12T17:22:22","modified_gmt":"2022-01-12T21:22:22","slug":"ghost-town-anthology","status":"publish","type":"product","link":"https:\/\/maison4tiers.com\/en\/movie\/ghost-town-anthology\/","title":{"rendered":"Ghost Town Anthology"},"excerpt":{"rendered":"<p>In Ir\u00e9n\u00e9e-les-Neiges, a small, isolated town with a population of 215, Simon Dub\u00e9 dies in a car accident. The stunned townspeople are reluctant to discuss the circumstances of the tragedy. From that point on, for the Dub\u00e9 family as well as for Mayor Smallwood and a handful of others, time seems to lose all meaning, and the days stretch on without end. Something descends slowly upon the area. In this period of mourning and in this fog, strangers start to appear. Who are they? What is happening?<\/p>\n<p>&nbsp;<\/p>\n<blockquote><p><em>\u201cYou might find Ghost Town Anthology scary, but you\u2019ll also find a certain solace\u201d<br \/>\n<\/em>\u2605\u2605\u2605\u2605 <strong>\u2013\u00a0THE NATIONAL POST<\/strong><\/p>\n<p>&nbsp;<\/p>\n<p><em>\u201cUniquely atmospheric\u201d<br \/>\n<\/em>\u2605\u2605\u2605\u2605 <strong>\u2013\u00a0NOW TORONTO<\/strong><\/p>\n<p>&nbsp;<\/p>\n<p><em>\u201cCreepy and mysterious. An artful meditation on grief and losing a community\u201d<br \/>\n<\/em>\u2605\u2605\u2605\u2605 <strong>\u2013 VANCOUVER OBSERVER<\/strong><\/p>\n<p>&nbsp;<\/p>\n<p><em>\u201cBrilliant !\u201d<br \/>\n<\/em>\u2605\u2605\u2605\u2605 <strong>\u2013 THE UPCOMING<\/strong><\/p><\/blockquote>\n<p class=\"p1\"><span style=\"text-decoration: underline;\"><span class=\"s1\"><a href=\"https:\/\/maison4tiers.com\/en\/product-category\/movie\/quebec-movie\/\" target=\"_blank\" rel=\"noopener\"><b>Other Quebec films<\/b><\/a><\/span><\/span><\/p>\n<p>&nbsp;<\/p>\n<p class=\"p1\">*Only available in Canada<\/p>\n","protected":false},"featured_media":7473,"template":"","meta":{"_acf_changed":false,"_eb_attr":""},"product_brand":[],"product_cat":[143,137,133,106,103,126],"product_tag":[],"class_list":{"0":"post-4676","1":"product","2":"type-product","3":"status-publish","4":"has-post-thumbnail","6":"product_cat-digital","7":"product_cat-dvd-en","8":"product_cat-allmovies","9":"product_cat-drama","10":"product_cat-movie","11":"product_cat-quebec-movie","12":"product_shipping_class-livraison","14":"first","15":"instock","16":"taxable","17":"shipping-taxable","18":"purchasable","19":"product-type-variable","20":"has-default-attributes"},"acf":[],"yoast_head":"<!-- This site is optimized with the Yoast SEO plugin v27.0 - https:\/\/yoast.com\/product\/yoast-seo-wordpress\/ -->\n<title>Ghost Town Anthology - Quebec Film - Maison4tiers - Watch now!<\/title>\n<meta name=\"description\" content=\"Ghost Town Anthology. In Ir\u00e9n\u00e9e-les-Neiges, a small, isolated town with a population of 215, Simon Dub\u00e9 dies in a car accident.\" \/>\n<meta name=\"robots\" content=\"index, follow, max-snippet:-1, max-image-preview:large, max-video-preview:-1\" \/>\n<link rel=\"canonical\" href=\"https:\/\/maison4tiers.com\/en\/movie\/ghost-town-anthology\/\" \/>\n<meta property=\"og:locale\" content=\"en_US\" \/>\n<meta property=\"og:type\" content=\"article\" \/>\n<meta property=\"og:title\" content=\"Ghost Town Anthology\" \/>\n<meta property=\"og:description\" content=\"Ghost Town Anthology. In Ir\u00e9n\u00e9e-les-Neiges, a small, isolated town with a population of 215, Simon Dub\u00e9 dies in a car accident.\" \/>\n<meta property=\"og:url\" content=\"https:\/\/maison4tiers.com\/en\/movie\/ghost-town-anthology\/\" \/>\n<meta property=\"og:site_name\" content=\"Maison4tiers\" \/>\n<meta property=\"article:modified_time\" content=\"2022-01-12T21:22:22+00:00\" \/>\n<meta property=\"og:image\" content=\"https:\/\/maison4tiers.com\/wp-content\/uploads\/2018\/01\/66.jpg\" \/>\n\t<meta property=\"og:image:width\" content=\"800\" \/>\n\t<meta property=\"og:image:height\" content=\"1200\" \/>\n\t<meta property=\"og:image:type\" content=\"image\/jpeg\" \/>\n<meta name=\"twitter:card\" content=\"summary_large_image\" \/>\n<meta name=\"twitter:title\" content=\"Ghost Town Anthology\" \/>\n<meta name=\"twitter:description\" content=\"Ghost Town Anthology. In Ir\u00e9n\u00e9e-les-Neiges, a small, isolated town with a population of 215, Simon Dub\u00e9 dies in a car accident.\" \/>\n<meta name=\"twitter:image\" content=\"https:\/\/maison4tiers.com\/wp-content\/uploads\/2018\/01\/66.jpg\" \/>\n<script type=\"application\/ld+json\" class=\"yoast-schema-graph\">{\"@context\":\"https:\/\/schema.org\",\"@graph\":[{\"@type\":\"WebPage\",\"@id\":\"https:\/\/maison4tiers.com\/en\/movie\/ghost-town-anthology\/\",\"url\":\"https:\/\/maison4tiers.com\/en\/movie\/ghost-town-anthology\/\",\"name\":\"Ghost Town Anthology - Quebec Film - Maison4tiers - Watch now!\",\"isPartOf\":{\"@id\":\"https:\/\/maison4tiers.com\/#website\"},\"primaryImageOfPage\":{\"@id\":\"https:\/\/maison4tiers.com\/en\/movie\/ghost-town-anthology\/#primaryimage\"},\"image\":{\"@id\":\"https:\/\/maison4tiers.com\/en\/movie\/ghost-town-anthology\/#primaryimage\"},\"thumbnailUrl\":\"https:\/\/maison4tiers.com\/wp-content\/uploads\/2018\/01\/47.jpg\",\"datePublished\":\"2021-02-07T04:03:34+00:00\",\"dateModified\":\"2022-01-12T21:22:22+00:00\",\"description\":\"Ghost Town Anthology. In Ir\u00e9n\u00e9e-les-Neiges, a small, isolated town with a population of 215, Simon Dub\u00e9 dies in a car accident.\",\"breadcrumb\":{\"@id\":\"https:\/\/maison4tiers.com\/en\/movie\/ghost-town-anthology\/#breadcrumb\"},\"inLanguage\":\"en-US\",\"potentialAction\":[{\"@type\":\"ReadAction\",\"target\":[\"https:\/\/maison4tiers.com\/en\/movie\/ghost-town-anthology\/\"]}]},{\"@type\":\"ImageObject\",\"inLanguage\":\"en-US\",\"@id\":\"https:\/\/maison4tiers.com\/en\/movie\/ghost-town-anthology\/#primaryimage\",\"url\":\"https:\/\/maison4tiers.com\/wp-content\/uploads\/2018\/01\/47.jpg\",\"contentUrl\":\"https:\/\/maison4tiers.com\/wp-content\/uploads\/2018\/01\/47.jpg\",\"width\":800,\"height\":1200,\"caption\":\"R\u00e9pertoire des villes disparues\"},{\"@type\":\"BreadcrumbList\",\"@id\":\"https:\/\/maison4tiers.com\/en\/movie\/ghost-town-anthology\/#breadcrumb\",\"itemListElement\":[{\"@type\":\"ListItem\",\"position\":1,\"name\":\"Home\",\"item\":\"https:\/\/maison4tiers.com\/en\/home-maison4tiers-brings-you-quality-multiplatform-cinema-from-quebec-and-around-the-world-easy-fast-and-no-obligation-digital-listening\/\"},{\"@type\":\"ListItem\",\"position\":2,\"name\":\"Movies\",\"item\":\"https:\/\/maison4tiers.com\/en\/movies\/\"},{\"@type\":\"ListItem\",\"position\":3,\"name\":\"Ghost Town Anthology\"}]},{\"@type\":\"WebSite\",\"@id\":\"https:\/\/maison4tiers.com\/#website\",\"url\":\"https:\/\/maison4tiers.com\/\",\"name\":\"Maison4tiers\",\"description\":\"Distribution multiplateforme de films qu\u00e9b\u00e9cois et internationaux\",\"publisher\":{\"@id\":\"https:\/\/maison4tiers.com\/#organization\"},\"potentialAction\":[{\"@type\":\"SearchAction\",\"target\":{\"@type\":\"EntryPoint\",\"urlTemplate\":\"https:\/\/maison4tiers.com\/?s={search_term_string}\"},\"query-input\":{\"@type\":\"PropertyValueSpecification\",\"valueRequired\":true,\"valueName\":\"search_term_string\"}}],\"inLanguage\":\"en-US\"},{\"@type\":\"Organization\",\"@id\":\"https:\/\/maison4tiers.com\/#organization\",\"name\":\"Maison4tiers\",\"url\":\"https:\/\/maison4tiers.com\/\",\"logo\":{\"@type\":\"ImageObject\",\"inLanguage\":\"en-US\",\"@id\":\"https:\/\/maison4tiers.com\/#\/schema\/logo\/image\/\",\"url\":\"https:\/\/maison4tiers.com\/wp-content\/uploads\/2020\/11\/favicon-196.png\",\"contentUrl\":\"https:\/\/maison4tiers.com\/wp-content\/uploads\/2020\/11\/favicon-196.png\",\"width\":196,\"height\":196,\"caption\":\"Maison4tiers\"},\"image\":{\"@id\":\"https:\/\/maison4tiers.com\/#\/schema\/logo\/image\/\"}}]}<\/script>\n<!-- \/ Yoast SEO plugin. -->","yoast_head_json":{"title":"Ghost Town Anthology - Quebec Film - Maison4tiers - Watch now!","description":"Ghost Town Anthology. In Ir\u00e9n\u00e9e-les-Neiges, a small, isolated town with a population of 215, Simon Dub\u00e9 dies in a car accident.","robots":{"index":"index","follow":"follow","max-snippet":"max-snippet:-1","max-image-preview":"max-image-preview:large","max-video-preview":"max-video-preview:-1"},"canonical":"https:\/\/maison4tiers.com\/en\/movie\/ghost-town-anthology\/","og_locale":"en_US","og_type":"article","og_title":"Ghost Town Anthology","og_description":"Ghost Town Anthology. In Ir\u00e9n\u00e9e-les-Neiges, a small, isolated town with a population of 215, Simon Dub\u00e9 dies in a car accident.","og_url":"https:\/\/maison4tiers.com\/en\/movie\/ghost-town-anthology\/","og_site_name":"Maison4tiers","article_modified_time":"2022-01-12T21:22:22+00:00","og_image":[{"width":800,"height":1200,"url":"https:\/\/maison4tiers.com\/wp-content\/uploads\/2018\/01\/66.jpg","type":"image\/jpeg"}],"twitter_card":"summary_large_image","twitter_title":"Ghost Town Anthology","twitter_description":"Ghost Town Anthology. In Ir\u00e9n\u00e9e-les-Neiges, a small, isolated town with a population of 215, Simon Dub\u00e9 dies in a car accident.","twitter_image":"https:\/\/maison4tiers.com\/wp-content\/uploads\/2018\/01\/66.jpg","schema":{"@context":"https:\/\/schema.org","@graph":[{"@type":"WebPage","@id":"https:\/\/maison4tiers.com\/en\/movie\/ghost-town-anthology\/","url":"https:\/\/maison4tiers.com\/en\/movie\/ghost-town-anthology\/","name":"Ghost Town Anthology - Quebec Film - Maison4tiers - Watch now!","isPartOf":{"@id":"https:\/\/maison4tiers.com\/#website"},"primaryImageOfPage":{"@id":"https:\/\/maison4tiers.com\/en\/movie\/ghost-town-anthology\/#primaryimage"},"image":{"@id":"https:\/\/maison4tiers.com\/en\/movie\/ghost-town-anthology\/#primaryimage"},"thumbnailUrl":"https:\/\/maison4tiers.com\/wp-content\/uploads\/2018\/01\/47.jpg","datePublished":"2021-02-07T04:03:34+00:00","dateModified":"2022-01-12T21:22:22+00:00","description":"Ghost Town Anthology. In Ir\u00e9n\u00e9e-les-Neiges, a small, isolated town with a population of 215, Simon Dub\u00e9 dies in a car accident.","breadcrumb":{"@id":"https:\/\/maison4tiers.com\/en\/movie\/ghost-town-anthology\/#breadcrumb"},"inLanguage":"en-US","potentialAction":[{"@type":"ReadAction","target":["https:\/\/maison4tiers.com\/en\/movie\/ghost-town-anthology\/"]}]},{"@type":"ImageObject","inLanguage":"en-US","@id":"https:\/\/maison4tiers.com\/en\/movie\/ghost-town-anthology\/#primaryimage","url":"https:\/\/maison4tiers.com\/wp-content\/uploads\/2018\/01\/47.jpg","contentUrl":"https:\/\/maison4tiers.com\/wp-content\/uploads\/2018\/01\/47.jpg","width":800,"height":1200,"caption":"R\u00e9pertoire des villes disparues"},{"@type":"BreadcrumbList","@id":"https:\/\/maison4tiers.com\/en\/movie\/ghost-town-anthology\/#breadcrumb","itemListElement":[{"@type":"ListItem","position":1,"name":"Home","item":"https:\/\/maison4tiers.com\/en\/home-maison4tiers-brings-you-quality-multiplatform-cinema-from-quebec-and-around-the-world-easy-fast-and-no-obligation-digital-listening\/"},{"@type":"ListItem","position":2,"name":"Movies","item":"https:\/\/maison4tiers.com\/en\/movies\/"},{"@type":"ListItem","position":3,"name":"Ghost Town Anthology"}]},{"@type":"WebSite","@id":"https:\/\/maison4tiers.com\/#website","url":"https:\/\/maison4tiers.com\/","name":"Maison4tiers","description":"Distribution multiplateforme de films qu\u00e9b\u00e9cois et internationaux","publisher":{"@id":"https:\/\/maison4tiers.com\/#organization"},"potentialAction":[{"@type":"SearchAction","target":{"@type":"EntryPoint","urlTemplate":"https:\/\/maison4tiers.com\/?s={search_term_string}"},"query-input":{"@type":"PropertyValueSpecification","valueRequired":true,"valueName":"search_term_string"}}],"inLanguage":"en-US"},{"@type":"Organization","@id":"https:\/\/maison4tiers.com\/#organization","name":"Maison4tiers","url":"https:\/\/maison4tiers.com\/","logo":{"@type":"ImageObject","inLanguage":"en-US","@id":"https:\/\/maison4tiers.com\/#\/schema\/logo\/image\/","url":"https:\/\/maison4tiers.com\/wp-content\/uploads\/2020\/11\/favicon-196.png","contentUrl":"https:\/\/maison4tiers.com\/wp-content\/uploads\/2020\/11\/favicon-196.png","width":196,"height":196,"caption":"Maison4tiers"},"image":{"@id":"https:\/\/maison4tiers.com\/#\/schema\/logo\/image\/"}}]}},"jetpack_sharing_enabled":true,"_links":{"self":[{"href":"https:\/\/maison4tiers.com\/en\/wp-json\/wp\/v2\/product\/4676","targetHints":{"allow":["GET"]}}],"collection":[{"href":"https:\/\/maison4tiers.com\/en\/wp-json\/wp\/v2\/product"}],"about":[{"href":"https:\/\/maison4tiers.com\/en\/wp-json\/wp\/v2\/types\/product"}],"wp:featuredmedia":[{"embeddable":true,"href":"https:\/\/maison4tiers.com\/en\/wp-json\/wp\/v2\/media\/7473"}],"wp:attachment":[{"href":"https:\/\/maison4tiers.com\/en\/wp-json\/wp\/v2\/media?parent=4676"}],"wp:term":[{"taxonomy":"product_brand","embeddable":true,"href":"https:\/\/maison4tiers.com\/en\/wp-json\/wp\/v2\/product_brand?post=4676"},{"taxonomy":"product_cat","embeddable":true,"href":"https:\/\/maison4tiers.com\/en\/wp-json\/wp\/v2\/product_cat?post=4676"},{"taxonomy":"product_tag","embeddable":true,"href":"https:\/\/maison4tiers.com\/en\/wp-json\/wp\/v2\/product_tag?post=4676"}],"curies":[{"name":"wp","href":"https:\/\/api.w.org\/{rel}","templated":true}]}}