{"id":4476,"date":"2018-01-06T00:00:49","date_gmt":"2018-01-06T04:00:49","guid":{"rendered":"https:\/\/maison4tiers.com\/?post_type=product&#038;p=4476"},"modified":"2025-08-28T17:58:35","modified_gmt":"2025-08-28T21:58:35","slug":"happy-face","status":"publish","type":"product","link":"https:\/\/maison4tiers.com\/en\/movie\/happy-face\/","title":{"rendered":"Happy Face"},"excerpt":{"rendered":"<p>Ne pouvant faire face \u00e0 la maladie de sa m\u00e8re, Stan, un jeune homme tourment\u00e9 de 19 ans, se d\u00e9forme le visage avec des bandages et int\u00e8gre un groupe de th\u00e9rapie pour personnes d\u00e9figur\u00e9es dans l\u2019espoir \u00ab\u00a0d\u2019apprivoiser la laideur\u00a0\u00bb et de devenir moins superficiel.<\/p>\n<blockquote><p><em>\u00ab On imagine facilement la te\u0302te de David Cronenberg devant un film comme Happy Face. \u00bb<br \/>\n<\/em><strong>\u2013\u00a0<a href=\"https:\/\/www.ledevoir.com\/culture\/cinema\/540936\/critique-bas-les-masques#:~:text=On%20imagine%20facilement%20la%20t%C3%AAte,d%C3%A9marche%2C%20de%20Rabid%20%C3%A0%20eXistenZ.\" target=\"_blank\" rel=\"noopener\">LE DEVOIR<\/a><\/strong><\/p>\n<p>&nbsp;<\/p>\n<p><em>\u00ab Un film qui devrait e\u0302tre pre\u0301sente\u0301 dans les e\u0301coles secondaires pour sensibiliser a\u0300 la diffe\u0301rence. \u00bb<br \/>\n<\/em>\u2605\u2605\u2605\u2605 <strong>\u2013\u00a0<a href=\"http:\/\/www.cinemaniak.net\/happy-face-la-beaute-interieure\/#:~:text=La%20musique%20de%20Gabriel%20Scotti,pour%20sensibiliser%20%C3%A0%20la%20diff%C3%A9rence.\" target=\"_blank\" rel=\"noopener\">CINE\u0301MANIAK<\/a><\/strong><\/p><\/blockquote>\n<p><strong><a href=\"\/categorie-produit\/film\/quebecois\/\" target=\"_blank\" rel=\"noopener\"><span style=\"text-decoration: underline;\">Voir les autres films qu\u00e9b\u00e9cois<\/span><\/a><\/strong><\/p>\n<p>&nbsp;<\/p>\n<p><strong>*Disponible au Canada seulement<\/strong><\/p>\n","protected":false},"featured_media":7486,"template":"","meta":{"_acf_changed":false,"_eb_attr":""},"product_brand":[],"product_cat":[45,119,122,121,136,131,142],"product_tag":[800,329,799,797,804,805,803,796,795,801,317,798,802],"class_list":{"0":"post-4476","1":"product","2":"type-product","3":"status-publish","4":"has-post-thumbnail","6":"product_cat-film","7":"product_cat-quebecois","8":"product_cat-reflexion","9":"product_cat-societe","10":"product_cat-dvd","11":"product_cat-touslesfilms","12":"product_cat-numerique","13":"product_tag-acceptation","14":"product_tag-documentaire","15":"product_tag-exclusion","16":"product_tag-face","17":"product_tag-freak","18":"product_tag-freakshow","19":"product_tag-grands-brules","20":"product_tag-happy","21":"product_tag-happy-face","22":"product_tag-inclusion","23":"product_tag-jugement","24":"product_tag-laideur","25":"product_tag-regard","26":"product_shipping_class-livraison","28":"first","29":"instock","30":"taxable","31":"shipping-taxable","32":"purchasable","33":"product-type-variable","34":"has-default-attributes"},"acf":[],"yoast_head":"<!-- This site is optimized with the Yoast SEO plugin v27.0 - https:\/\/yoast.com\/product\/yoast-seo-wordpress\/ -->\n<title>Happy Face - Film Qu\u00e9b\u00e9cois - Maison4tiers - \u00c9coutez maintenant<\/title>\n<meta name=\"description\" content=\"Happy face. Ne pouvant faire face \u00e0 la maladie de sa m\u00e8re, Stan, un jeune homme tourment\u00e9 de 19 ans, se d\u00e9forme le visage avec des bandages et int\u00e8gre un groupe de th\u00e9rapie pour personnes d\u00e9figur\u00e9es.\" \/>\n<meta name=\"robots\" content=\"index, follow, max-snippet:-1, max-image-preview:large, max-video-preview:-1\" \/>\n<link rel=\"canonical\" href=\"https:\/\/maison4tiers.com\/product\/happy-face\/\" \/>\n<meta property=\"og:locale\" content=\"en_US\" \/>\n<meta property=\"og:type\" content=\"article\" \/>\n<meta property=\"og:title\" content=\"Happy face\" \/>\n<meta property=\"og:description\" content=\"Happy face. Ne pouvant faire face \u00e0 la maladie de sa m\u00e8re, Stan, un jeune homme tourment\u00e9 de 19 ans, se d\u00e9forme le visage avec des bandages et int\u00e8gre un groupe de th\u00e9rapie pour personnes d\u00e9figur\u00e9es.\" \/>\n<meta property=\"og:url\" content=\"https:\/\/maison4tiers.com\/product\/happy-face\/\" \/>\n<meta property=\"og:site_name\" content=\"Maison4tiers\" \/>\n<meta property=\"article:modified_time\" content=\"2025-08-28T21:58:35+00:00\" \/>\n<meta property=\"og:image\" content=\"https:\/\/maison4tiers.com\/wp-content\/uploads\/2018\/01\/29.jpg\" \/>\n\t<meta property=\"og:image:width\" content=\"800\" \/>\n\t<meta property=\"og:image:height\" content=\"1200\" \/>\n\t<meta property=\"og:image:type\" content=\"image\/jpeg\" \/>\n<meta name=\"twitter:card\" content=\"summary_large_image\" \/>\n<meta name=\"twitter:title\" content=\"Happy face\" \/>\n<meta name=\"twitter:description\" content=\"Happy face. Ne pouvant faire face \u00e0 la maladie de sa m\u00e8re, Stan, un jeune homme tourment\u00e9 de 19 ans, se d\u00e9forme le visage avec des bandages et int\u00e8gre un groupe de th\u00e9rapie pour personnes d\u00e9figur\u00e9es.\" \/>\n<meta name=\"twitter:image\" content=\"https:\/\/maison4tiers.com\/wp-content\/uploads\/2018\/01\/29.jpg\" \/>\n<meta name=\"twitter:label1\" content=\"Est. reading time\" \/>\n\t<meta name=\"twitter:data1\" content=\"1 minute\" \/>\n<script type=\"application\/ld+json\" class=\"yoast-schema-graph\">{\"@context\":\"https:\/\/schema.org\",\"@graph\":[{\"@type\":\"WebPage\",\"@id\":\"https:\/\/maison4tiers.com\/product\/happy-face\/\",\"url\":\"https:\/\/maison4tiers.com\/product\/happy-face\/\",\"name\":\"Happy Face - Film Qu\u00e9b\u00e9cois - Maison4tiers - \u00c9coutez maintenant\",\"isPartOf\":{\"@id\":\"https:\/\/maison4tiers.com\/#website\"},\"primaryImageOfPage\":{\"@id\":\"https:\/\/maison4tiers.com\/product\/happy-face\/#primaryimage\"},\"image\":{\"@id\":\"https:\/\/maison4tiers.com\/product\/happy-face\/#primaryimage\"},\"thumbnailUrl\":\"https:\/\/maison4tiers.com\/wp-content\/uploads\/2018\/01\/29.jpg\",\"datePublished\":\"2018-01-06T04:00:49+00:00\",\"dateModified\":\"2025-08-28T21:58:35+00:00\",\"description\":\"Happy face. Ne pouvant faire face \u00e0 la maladie de sa m\u00e8re, Stan, un jeune homme tourment\u00e9 de 19 ans, se d\u00e9forme le visage avec des bandages et int\u00e8gre un groupe de th\u00e9rapie pour personnes d\u00e9figur\u00e9es.\",\"breadcrumb\":{\"@id\":\"https:\/\/maison4tiers.com\/product\/happy-face\/#breadcrumb\"},\"inLanguage\":\"en-US\",\"potentialAction\":[{\"@type\":\"ReadAction\",\"target\":[\"https:\/\/maison4tiers.com\/product\/happy-face\/\"]}]},{\"@type\":\"ImageObject\",\"inLanguage\":\"en-US\",\"@id\":\"https:\/\/maison4tiers.com\/product\/happy-face\/#primaryimage\",\"url\":\"https:\/\/maison4tiers.com\/wp-content\/uploads\/2018\/01\/29.jpg\",\"contentUrl\":\"https:\/\/maison4tiers.com\/wp-content\/uploads\/2018\/01\/29.jpg\",\"width\":800,\"height\":1200,\"caption\":\"Happy face\"},{\"@type\":\"BreadcrumbList\",\"@id\":\"https:\/\/maison4tiers.com\/product\/happy-face\/#breadcrumb\",\"itemListElement\":[{\"@type\":\"ListItem\",\"position\":1,\"name\":\"Home\",\"item\":\"https:\/\/maison4tiers.com\/en\/home-maison4tiers-brings-you-quality-multiplatform-cinema-from-quebec-and-around-the-world-easy-fast-and-no-obligation-digital-listening\/\"},{\"@type\":\"ListItem\",\"position\":2,\"name\":\"Movies\",\"item\":\"https:\/\/maison4tiers.com\/en\/movies\/\"},{\"@type\":\"ListItem\",\"position\":3,\"name\":\"Happy Face\"}]},{\"@type\":\"WebSite\",\"@id\":\"https:\/\/maison4tiers.com\/#website\",\"url\":\"https:\/\/maison4tiers.com\/\",\"name\":\"Maison4tiers\",\"description\":\"Distribution multiplateforme de films qu\u00e9b\u00e9cois et internationaux\",\"publisher\":{\"@id\":\"https:\/\/maison4tiers.com\/#organization\"},\"potentialAction\":[{\"@type\":\"SearchAction\",\"target\":{\"@type\":\"EntryPoint\",\"urlTemplate\":\"https:\/\/maison4tiers.com\/?s={search_term_string}\"},\"query-input\":{\"@type\":\"PropertyValueSpecification\",\"valueRequired\":true,\"valueName\":\"search_term_string\"}}],\"inLanguage\":\"en-US\"},{\"@type\":\"Organization\",\"@id\":\"https:\/\/maison4tiers.com\/#organization\",\"name\":\"Maison4tiers\",\"url\":\"https:\/\/maison4tiers.com\/\",\"logo\":{\"@type\":\"ImageObject\",\"inLanguage\":\"en-US\",\"@id\":\"https:\/\/maison4tiers.com\/#\/schema\/logo\/image\/\",\"url\":\"https:\/\/maison4tiers.com\/wp-content\/uploads\/2020\/11\/favicon-196.png\",\"contentUrl\":\"https:\/\/maison4tiers.com\/wp-content\/uploads\/2020\/11\/favicon-196.png\",\"width\":196,\"height\":196,\"caption\":\"Maison4tiers\"},\"image\":{\"@id\":\"https:\/\/maison4tiers.com\/#\/schema\/logo\/image\/\"}}]}<\/script>\n<!-- \/ Yoast SEO plugin. -->","yoast_head_json":{"title":"Happy Face - Film Qu\u00e9b\u00e9cois - Maison4tiers - \u00c9coutez maintenant","description":"Happy face. Ne pouvant faire face \u00e0 la maladie de sa m\u00e8re, Stan, un jeune homme tourment\u00e9 de 19 ans, se d\u00e9forme le visage avec des bandages et int\u00e8gre un groupe de th\u00e9rapie pour personnes d\u00e9figur\u00e9es.","robots":{"index":"index","follow":"follow","max-snippet":"max-snippet:-1","max-image-preview":"max-image-preview:large","max-video-preview":"max-video-preview:-1"},"canonical":"https:\/\/maison4tiers.com\/product\/happy-face\/","og_locale":"en_US","og_type":"article","og_title":"Happy face","og_description":"Happy face. Ne pouvant faire face \u00e0 la maladie de sa m\u00e8re, Stan, un jeune homme tourment\u00e9 de 19 ans, se d\u00e9forme le visage avec des bandages et int\u00e8gre un groupe de th\u00e9rapie pour personnes d\u00e9figur\u00e9es.","og_url":"https:\/\/maison4tiers.com\/product\/happy-face\/","og_site_name":"Maison4tiers","article_modified_time":"2025-08-28T21:58:35+00:00","og_image":[{"width":800,"height":1200,"url":"https:\/\/maison4tiers.com\/wp-content\/uploads\/2018\/01\/29.jpg","type":"image\/jpeg"}],"twitter_card":"summary_large_image","twitter_title":"Happy face","twitter_description":"Happy face. Ne pouvant faire face \u00e0 la maladie de sa m\u00e8re, Stan, un jeune homme tourment\u00e9 de 19 ans, se d\u00e9forme le visage avec des bandages et int\u00e8gre un groupe de th\u00e9rapie pour personnes d\u00e9figur\u00e9es.","twitter_image":"https:\/\/maison4tiers.com\/wp-content\/uploads\/2018\/01\/29.jpg","twitter_misc":{"Est. reading time":"1 minute"},"schema":{"@context":"https:\/\/schema.org","@graph":[{"@type":"WebPage","@id":"https:\/\/maison4tiers.com\/product\/happy-face\/","url":"https:\/\/maison4tiers.com\/product\/happy-face\/","name":"Happy Face - Film Qu\u00e9b\u00e9cois - Maison4tiers - \u00c9coutez maintenant","isPartOf":{"@id":"https:\/\/maison4tiers.com\/#website"},"primaryImageOfPage":{"@id":"https:\/\/maison4tiers.com\/product\/happy-face\/#primaryimage"},"image":{"@id":"https:\/\/maison4tiers.com\/product\/happy-face\/#primaryimage"},"thumbnailUrl":"https:\/\/maison4tiers.com\/wp-content\/uploads\/2018\/01\/29.jpg","datePublished":"2018-01-06T04:00:49+00:00","dateModified":"2025-08-28T21:58:35+00:00","description":"Happy face. Ne pouvant faire face \u00e0 la maladie de sa m\u00e8re, Stan, un jeune homme tourment\u00e9 de 19 ans, se d\u00e9forme le visage avec des bandages et int\u00e8gre un groupe de th\u00e9rapie pour personnes d\u00e9figur\u00e9es.","breadcrumb":{"@id":"https:\/\/maison4tiers.com\/product\/happy-face\/#breadcrumb"},"inLanguage":"en-US","potentialAction":[{"@type":"ReadAction","target":["https:\/\/maison4tiers.com\/product\/happy-face\/"]}]},{"@type":"ImageObject","inLanguage":"en-US","@id":"https:\/\/maison4tiers.com\/product\/happy-face\/#primaryimage","url":"https:\/\/maison4tiers.com\/wp-content\/uploads\/2018\/01\/29.jpg","contentUrl":"https:\/\/maison4tiers.com\/wp-content\/uploads\/2018\/01\/29.jpg","width":800,"height":1200,"caption":"Happy face"},{"@type":"BreadcrumbList","@id":"https:\/\/maison4tiers.com\/product\/happy-face\/#breadcrumb","itemListElement":[{"@type":"ListItem","position":1,"name":"Home","item":"https:\/\/maison4tiers.com\/en\/home-maison4tiers-brings-you-quality-multiplatform-cinema-from-quebec-and-around-the-world-easy-fast-and-no-obligation-digital-listening\/"},{"@type":"ListItem","position":2,"name":"Movies","item":"https:\/\/maison4tiers.com\/en\/movies\/"},{"@type":"ListItem","position":3,"name":"Happy Face"}]},{"@type":"WebSite","@id":"https:\/\/maison4tiers.com\/#website","url":"https:\/\/maison4tiers.com\/","name":"Maison4tiers","description":"Distribution multiplateforme de films qu\u00e9b\u00e9cois et internationaux","publisher":{"@id":"https:\/\/maison4tiers.com\/#organization"},"potentialAction":[{"@type":"SearchAction","target":{"@type":"EntryPoint","urlTemplate":"https:\/\/maison4tiers.com\/?s={search_term_string}"},"query-input":{"@type":"PropertyValueSpecification","valueRequired":true,"valueName":"search_term_string"}}],"inLanguage":"en-US"},{"@type":"Organization","@id":"https:\/\/maison4tiers.com\/#organization","name":"Maison4tiers","url":"https:\/\/maison4tiers.com\/","logo":{"@type":"ImageObject","inLanguage":"en-US","@id":"https:\/\/maison4tiers.com\/#\/schema\/logo\/image\/","url":"https:\/\/maison4tiers.com\/wp-content\/uploads\/2020\/11\/favicon-196.png","contentUrl":"https:\/\/maison4tiers.com\/wp-content\/uploads\/2020\/11\/favicon-196.png","width":196,"height":196,"caption":"Maison4tiers"},"image":{"@id":"https:\/\/maison4tiers.com\/#\/schema\/logo\/image\/"}}]}},"jetpack_sharing_enabled":true,"_links":{"self":[{"href":"https:\/\/maison4tiers.com\/en\/wp-json\/wp\/v2\/product\/4476","targetHints":{"allow":["GET"]}}],"collection":[{"href":"https:\/\/maison4tiers.com\/en\/wp-json\/wp\/v2\/product"}],"about":[{"href":"https:\/\/maison4tiers.com\/en\/wp-json\/wp\/v2\/types\/product"}],"wp:featuredmedia":[{"embeddable":true,"href":"https:\/\/maison4tiers.com\/en\/wp-json\/wp\/v2\/media\/7486"}],"wp:attachment":[{"href":"https:\/\/maison4tiers.com\/en\/wp-json\/wp\/v2\/media?parent=4476"}],"wp:term":[{"taxonomy":"product_brand","embeddable":true,"href":"https:\/\/maison4tiers.com\/en\/wp-json\/wp\/v2\/product_brand?post=4476"},{"taxonomy":"product_cat","embeddable":true,"href":"https:\/\/maison4tiers.com\/en\/wp-json\/wp\/v2\/product_cat?post=4476"},{"taxonomy":"product_tag","embeddable":true,"href":"https:\/\/maison4tiers.com\/en\/wp-json\/wp\/v2\/product_tag?post=4476"}],"curies":[{"name":"wp","href":"https:\/\/api.w.org\/{rel}","templated":true}]}}