{"id":4415,"date":"2015-01-06T00:00:37","date_gmt":"2015-01-06T04:00:37","guid":{"rendered":"https:\/\/maison4tiers.com\/?post_type=product&#038;p=4415"},"modified":"2025-07-09T13:20:59","modified_gmt":"2025-07-09T17:20:59","slug":"en-quete-de-sens","status":"publish","type":"product","link":"https:\/\/maison4tiers.com\/en\/movie\/en-quete-de-sens\/","title":{"rendered":"En qu\u00eate de sens"},"excerpt":{"rendered":"<p>L\u2019histoire de deux amis d\u2019enfance qui ont de\u0301cide\u0301 de tout quitter pour aller questionner la marche du monde. Leur voyage initiatique sur plusieurs continents est une invitation a\u0300 reconside\u0301rer notre rapport a\u0300 la nature, au bonheur et au sens de la vie\u2026<\/p>\n<blockquote><p><em>\u00ab\u00a0L\u2019un des rares qui osent s\u2019aventurer sur les sentiers plus de\u0301licats de la spiritualite\u0301, ce qui lui donne un angle particulier et une pertinence nouvelle.\u00a0\u00bb<br \/>\n<\/em><strong>\u2013 <a href=\"https:\/\/www.lapresse.ca\/cinema\/critiques\/201601\/15\/01-4940195-en-quete-de-sens-revolution-interieure-.php\" target=\"_blank\" rel=\"noopener\">LA PRESSE<\/a><\/strong><\/p><\/blockquote>\n<p><a href=\"https:\/\/maison4tiers.com\/categorie-produit\/film\/documentaire\/\" target=\"_blank\" rel=\"noopener\"><span style=\"text-decoration: underline;\"><strong>Voir les autres documentaires<\/strong><\/span><\/a><\/p>\n<p>&nbsp;<\/p>\n<p><strong>*Disponible au Canada seulement<\/strong><\/p>\n","protected":false},"featured_media":7502,"template":"","meta":{"_acf_changed":false,"_eb_attr":""},"product_brand":[],"product_cat":[78,45,122,121,136,131,142],"product_tag":[],"class_list":{"0":"post-4415","1":"product","2":"type-product","3":"status-publish","4":"has-post-thumbnail","6":"product_cat-documentaire","7":"product_cat-film","8":"product_cat-reflexion","9":"product_cat-societe","10":"product_cat-dvd","11":"product_cat-touslesfilms","12":"product_cat-numerique","13":"product_shipping_class-livraison","15":"first","16":"instock","17":"taxable","18":"shipping-taxable","19":"purchasable","20":"product-type-variable","21":"has-default-attributes"},"acf":[],"yoast_head":"<!-- This site is optimized with the Yoast SEO plugin v27.0 - https:\/\/yoast.com\/product\/yoast-seo-wordpress\/ -->\n<title>En qu\u00eate de sens - Documentaire - Maison4tiers - \u00c9coutez maintenant<\/title>\n<meta name=\"description\" content=\"En qu\u00eate de sens. L\u2019histoire de deux amis d\u2019enfance qui ont de\u0301cide\u0301 de tout quitter pour aller questionner la marche du monde.\" \/>\n<meta name=\"robots\" content=\"index, follow, max-snippet:-1, max-image-preview:large, max-video-preview:-1\" \/>\n<link rel=\"canonical\" href=\"https:\/\/maison4tiers.com\/product\/en-quete-de-sens\/\" \/>\n<meta property=\"og:locale\" content=\"en_US\" \/>\n<meta property=\"og:type\" content=\"article\" \/>\n<meta property=\"og:title\" content=\"En qu\u00eate de sens\" \/>\n<meta property=\"og:description\" content=\"En qu\u00eate de sens. L\u2019histoire de deux amis d\u2019enfance qui ont de\u0301cide\u0301 de tout quitter pour aller questionner la marche du monde.\" \/>\n<meta property=\"og:url\" content=\"https:\/\/maison4tiers.com\/product\/en-quete-de-sens\/\" \/>\n<meta property=\"og:site_name\" content=\"Maison4tiers\" \/>\n<meta property=\"article:modified_time\" content=\"2025-07-09T17:20:59+00:00\" \/>\n<meta property=\"og:image\" content=\"https:\/\/maison4tiers.com\/wp-content\/uploads\/2015\/01\/46.jpg\" \/>\n\t<meta property=\"og:image:width\" content=\"800\" \/>\n\t<meta property=\"og:image:height\" content=\"1200\" \/>\n\t<meta property=\"og:image:type\" content=\"image\/jpeg\" \/>\n<meta name=\"twitter:card\" content=\"summary_large_image\" \/>\n<meta name=\"twitter:title\" content=\"En qu\u00eate de sens\" \/>\n<meta name=\"twitter:description\" content=\"En qu\u00eate de sens. L\u2019histoire de deux amis d\u2019enfance qui ont de\u0301cide\u0301 de tout quitter pour aller questionner la marche du monde.\" \/>\n<meta name=\"twitter:image\" content=\"https:\/\/maison4tiers.com\/wp-content\/uploads\/2015\/01\/46.jpg\" \/>\n<meta name=\"twitter:label1\" content=\"Est. reading time\" \/>\n\t<meta name=\"twitter:data1\" content=\"1 minute\" \/>\n<script type=\"application\/ld+json\" class=\"yoast-schema-graph\">{\"@context\":\"https:\/\/schema.org\",\"@graph\":[{\"@type\":\"WebPage\",\"@id\":\"https:\/\/maison4tiers.com\/product\/en-quete-de-sens\/\",\"url\":\"https:\/\/maison4tiers.com\/product\/en-quete-de-sens\/\",\"name\":\"En qu\u00eate de sens - Documentaire - Maison4tiers - \u00c9coutez maintenant\",\"isPartOf\":{\"@id\":\"https:\/\/maison4tiers.com\/#website\"},\"primaryImageOfPage\":{\"@id\":\"https:\/\/maison4tiers.com\/product\/en-quete-de-sens\/#primaryimage\"},\"image\":{\"@id\":\"https:\/\/maison4tiers.com\/product\/en-quete-de-sens\/#primaryimage\"},\"thumbnailUrl\":\"https:\/\/maison4tiers.com\/wp-content\/uploads\/2015\/01\/46.jpg\",\"datePublished\":\"2015-01-06T04:00:37+00:00\",\"dateModified\":\"2025-07-09T17:20:59+00:00\",\"description\":\"En qu\u00eate de sens. L\u2019histoire de deux amis d\u2019enfance qui ont de\u0301cide\u0301 de tout quitter pour aller questionner la marche du monde.\",\"breadcrumb\":{\"@id\":\"https:\/\/maison4tiers.com\/product\/en-quete-de-sens\/#breadcrumb\"},\"inLanguage\":\"en-US\",\"potentialAction\":[{\"@type\":\"ReadAction\",\"target\":[\"https:\/\/maison4tiers.com\/product\/en-quete-de-sens\/\"]}]},{\"@type\":\"ImageObject\",\"inLanguage\":\"en-US\",\"@id\":\"https:\/\/maison4tiers.com\/product\/en-quete-de-sens\/#primaryimage\",\"url\":\"https:\/\/maison4tiers.com\/wp-content\/uploads\/2015\/01\/46.jpg\",\"contentUrl\":\"https:\/\/maison4tiers.com\/wp-content\/uploads\/2015\/01\/46.jpg\",\"width\":800,\"height\":1200,\"caption\":\"En qu\u00eate de sens\"},{\"@type\":\"BreadcrumbList\",\"@id\":\"https:\/\/maison4tiers.com\/product\/en-quete-de-sens\/#breadcrumb\",\"itemListElement\":[{\"@type\":\"ListItem\",\"position\":1,\"name\":\"Home\",\"item\":\"https:\/\/maison4tiers.com\/en\/\"},{\"@type\":\"ListItem\",\"position\":2,\"name\":\"Movies\",\"item\":\"https:\/\/maison4tiers.com\/en\/movies\/\"},{\"@type\":\"ListItem\",\"position\":3,\"name\":\"En qu\u00eate de sens\"}]},{\"@type\":\"WebSite\",\"@id\":\"https:\/\/maison4tiers.com\/#website\",\"url\":\"https:\/\/maison4tiers.com\/\",\"name\":\"Maison4tiers\",\"description\":\"Distribution multiplateforme de films qu\u00e9b\u00e9cois et internationaux\",\"publisher\":{\"@id\":\"https:\/\/maison4tiers.com\/#organization\"},\"potentialAction\":[{\"@type\":\"SearchAction\",\"target\":{\"@type\":\"EntryPoint\",\"urlTemplate\":\"https:\/\/maison4tiers.com\/?s={search_term_string}\"},\"query-input\":{\"@type\":\"PropertyValueSpecification\",\"valueRequired\":true,\"valueName\":\"search_term_string\"}}],\"inLanguage\":\"en-US\"},{\"@type\":\"Organization\",\"@id\":\"https:\/\/maison4tiers.com\/#organization\",\"name\":\"Maison4tiers\",\"url\":\"https:\/\/maison4tiers.com\/\",\"logo\":{\"@type\":\"ImageObject\",\"inLanguage\":\"en-US\",\"@id\":\"https:\/\/maison4tiers.com\/#\/schema\/logo\/image\/\",\"url\":\"https:\/\/maison4tiers.com\/wp-content\/uploads\/2020\/11\/favicon-196.png\",\"contentUrl\":\"https:\/\/maison4tiers.com\/wp-content\/uploads\/2020\/11\/favicon-196.png\",\"width\":196,\"height\":196,\"caption\":\"Maison4tiers\"},\"image\":{\"@id\":\"https:\/\/maison4tiers.com\/#\/schema\/logo\/image\/\"}}]}<\/script>\n<!-- \/ Yoast SEO plugin. -->","yoast_head_json":{"title":"En qu\u00eate de sens - Documentaire - Maison4tiers - \u00c9coutez maintenant","description":"En qu\u00eate de sens. L\u2019histoire de deux amis d\u2019enfance qui ont de\u0301cide\u0301 de tout quitter pour aller questionner la marche du monde.","robots":{"index":"index","follow":"follow","max-snippet":"max-snippet:-1","max-image-preview":"max-image-preview:large","max-video-preview":"max-video-preview:-1"},"canonical":"https:\/\/maison4tiers.com\/product\/en-quete-de-sens\/","og_locale":"en_US","og_type":"article","og_title":"En qu\u00eate de sens","og_description":"En qu\u00eate de sens. L\u2019histoire de deux amis d\u2019enfance qui ont de\u0301cide\u0301 de tout quitter pour aller questionner la marche du monde.","og_url":"https:\/\/maison4tiers.com\/product\/en-quete-de-sens\/","og_site_name":"Maison4tiers","article_modified_time":"2025-07-09T17:20:59+00:00","og_image":[{"width":800,"height":1200,"url":"https:\/\/maison4tiers.com\/wp-content\/uploads\/2015\/01\/46.jpg","type":"image\/jpeg"}],"twitter_card":"summary_large_image","twitter_title":"En qu\u00eate de sens","twitter_description":"En qu\u00eate de sens. L\u2019histoire de deux amis d\u2019enfance qui ont de\u0301cide\u0301 de tout quitter pour aller questionner la marche du monde.","twitter_image":"https:\/\/maison4tiers.com\/wp-content\/uploads\/2015\/01\/46.jpg","twitter_misc":{"Est. reading time":"1 minute"},"schema":{"@context":"https:\/\/schema.org","@graph":[{"@type":"WebPage","@id":"https:\/\/maison4tiers.com\/product\/en-quete-de-sens\/","url":"https:\/\/maison4tiers.com\/product\/en-quete-de-sens\/","name":"En qu\u00eate de sens - Documentaire - Maison4tiers - \u00c9coutez maintenant","isPartOf":{"@id":"https:\/\/maison4tiers.com\/#website"},"primaryImageOfPage":{"@id":"https:\/\/maison4tiers.com\/product\/en-quete-de-sens\/#primaryimage"},"image":{"@id":"https:\/\/maison4tiers.com\/product\/en-quete-de-sens\/#primaryimage"},"thumbnailUrl":"https:\/\/maison4tiers.com\/wp-content\/uploads\/2015\/01\/46.jpg","datePublished":"2015-01-06T04:00:37+00:00","dateModified":"2025-07-09T17:20:59+00:00","description":"En qu\u00eate de sens. L\u2019histoire de deux amis d\u2019enfance qui ont de\u0301cide\u0301 de tout quitter pour aller questionner la marche du monde.","breadcrumb":{"@id":"https:\/\/maison4tiers.com\/product\/en-quete-de-sens\/#breadcrumb"},"inLanguage":"en-US","potentialAction":[{"@type":"ReadAction","target":["https:\/\/maison4tiers.com\/product\/en-quete-de-sens\/"]}]},{"@type":"ImageObject","inLanguage":"en-US","@id":"https:\/\/maison4tiers.com\/product\/en-quete-de-sens\/#primaryimage","url":"https:\/\/maison4tiers.com\/wp-content\/uploads\/2015\/01\/46.jpg","contentUrl":"https:\/\/maison4tiers.com\/wp-content\/uploads\/2015\/01\/46.jpg","width":800,"height":1200,"caption":"En qu\u00eate de sens"},{"@type":"BreadcrumbList","@id":"https:\/\/maison4tiers.com\/product\/en-quete-de-sens\/#breadcrumb","itemListElement":[{"@type":"ListItem","position":1,"name":"Home","item":"https:\/\/maison4tiers.com\/en\/"},{"@type":"ListItem","position":2,"name":"Movies","item":"https:\/\/maison4tiers.com\/en\/movies\/"},{"@type":"ListItem","position":3,"name":"En qu\u00eate de sens"}]},{"@type":"WebSite","@id":"https:\/\/maison4tiers.com\/#website","url":"https:\/\/maison4tiers.com\/","name":"Maison4tiers","description":"Distribution multiplateforme de films qu\u00e9b\u00e9cois et internationaux","publisher":{"@id":"https:\/\/maison4tiers.com\/#organization"},"potentialAction":[{"@type":"SearchAction","target":{"@type":"EntryPoint","urlTemplate":"https:\/\/maison4tiers.com\/?s={search_term_string}"},"query-input":{"@type":"PropertyValueSpecification","valueRequired":true,"valueName":"search_term_string"}}],"inLanguage":"en-US"},{"@type":"Organization","@id":"https:\/\/maison4tiers.com\/#organization","name":"Maison4tiers","url":"https:\/\/maison4tiers.com\/","logo":{"@type":"ImageObject","inLanguage":"en-US","@id":"https:\/\/maison4tiers.com\/#\/schema\/logo\/image\/","url":"https:\/\/maison4tiers.com\/wp-content\/uploads\/2020\/11\/favicon-196.png","contentUrl":"https:\/\/maison4tiers.com\/wp-content\/uploads\/2020\/11\/favicon-196.png","width":196,"height":196,"caption":"Maison4tiers"},"image":{"@id":"https:\/\/maison4tiers.com\/#\/schema\/logo\/image\/"}}]}},"jetpack_sharing_enabled":true,"_links":{"self":[{"href":"https:\/\/maison4tiers.com\/en\/wp-json\/wp\/v2\/product\/4415","targetHints":{"allow":["GET"]}}],"collection":[{"href":"https:\/\/maison4tiers.com\/en\/wp-json\/wp\/v2\/product"}],"about":[{"href":"https:\/\/maison4tiers.com\/en\/wp-json\/wp\/v2\/types\/product"}],"wp:featuredmedia":[{"embeddable":true,"href":"https:\/\/maison4tiers.com\/en\/wp-json\/wp\/v2\/media\/7502"}],"wp:attachment":[{"href":"https:\/\/maison4tiers.com\/en\/wp-json\/wp\/v2\/media?parent=4415"}],"wp:term":[{"taxonomy":"product_brand","embeddable":true,"href":"https:\/\/maison4tiers.com\/en\/wp-json\/wp\/v2\/product_brand?post=4415"},{"taxonomy":"product_cat","embeddable":true,"href":"https:\/\/maison4tiers.com\/en\/wp-json\/wp\/v2\/product_cat?post=4415"},{"taxonomy":"product_tag","embeddable":true,"href":"https:\/\/maison4tiers.com\/en\/wp-json\/wp\/v2\/product_tag?post=4415"}],"curies":[{"name":"wp","href":"https:\/\/api.w.org\/{rel}","templated":true}]}}